{"id":3575,"date":"2023-03-05T19:32:10","date_gmt":"2023-03-05T18:32:10","guid":{"rendered":"https:\/\/mapeplastics.se\/materialer\/polyamide-6-pa6\/"},"modified":"2023-11-24T13:36:02","modified_gmt":"2023-11-24T12:36:02","slug":"polyamide-6-pa6","status":"publish","type":"page","link":"https:\/\/mapeplastics.se\/da\/materialer\/polyamide-6-pa6\/","title":{"rendered":"Polyamid 6 (PA6)"},"content":{"rendered":"<section class=\"wpb-content-wrapper\"><p>[vc_row fullwidth=&#8221;1&#8243;][vc_column][ucaddon_ag_sub_hero ag_sh_text_small=&#8221;Our materials&#8221; ag_sh_text=&#8221;Polyamid 6 (PA6)&#8221; ag_sub_hero_par=&#8221;UG9seWFtaWQlMjAlMjhQQSUyOSUyMDYlMjBlciUyMGVuJTIwYXYlMjBkZSUyMHZhbmxpZ3N0ZSUyMHN0cnVrdHVyZWxsZSUyMHBsYXN0ZW5lLiUyMFBBJTIwNiUyMG9wcGxldmVzJTIwc29tJTIwbGl0dCUyMGxldHRlcmUlMjAlQzMlQTUlMjBiZWFyYmVpZGUlMjBvZyUyMGhhciUyMGglQzMlQjh5ZXJlJTIwc2xhZ3N0eXJrZSUyMGVubiUyMFBBJTIwNi42LiUyMEZ1a3RpZ2hldHNhYnNvcnBzam9uZW4lMjBlciUyMGglQzMlQjh5ZXJlJTIwb2clMjB0ZXJtaXNrJTIwbW90c3RhbmQlMjBlciUyMDMwLTQwJTIwQyUyMGxhdmVyZSUyMGVubiUyMFBBJTIwNiUyQzYu&#8221; ag_sh_img=&#8221;2431&#8243; ag_sh_tag=&#8221;h1&#8243;][\/vc_column][\/vc_row][vc_row content_placement=&#8221;middle&#8221; css=&#8221;.vc_custom_1659975571769{padding-top: 8rem !important;padding-bottom: 6rem !important;}&#8221;][vc_column width=&#8221;1\/2&#8243; css=&#8221;.vc_custom_1659975043893{padding-left: 1rem !important;}&#8221; el_class=&#8221;standard-padding&#8221;][ucaddon_ag_title ag_title_bold=&#8221;UEE2JTIwRWdlbnNrYWJlcg==&#8221; ag_title_font_size=&#8221;52&#8243; ag_title_align=&#8221;left&#8221; ag_titel_border=&#8221;&#8221; ag_title_tag=&#8221;h2&#8243;][vc_column_text css=&#8221;.vc_custom_1678994557501{padding-bottom: 2rem !important;}&#8221;]<\/p>\n<ul id=\"material\">\n<li>Halvkrystallinsk struktur med en Tg p\u00e5 50 C og et smeltepunkt p\u00e5 223 C<\/li>\n<li>Enkel \u00e5 behandle<\/li>\n<li>H\u00f8y slagfasthet<\/li>\n<li>Gode mekaniske egenskaper opptil 120-140 C<\/li>\n<li>Kjemikaliebestandig mot sterke syrer og alkalier<\/li>\n<li>Moderat pris<\/li>\n<li>H\u00f8y luftabsorpsjon<\/li>\n<\/ul>\n<p>[\/vc_column_text][vc_empty_space height=&#8221;20px&#8221;][ucaddon_ag_title ag_title_bold=&#8221;RFVSRVRIQU4lQzIlQUU=&#8221; ag_title_font_size=&#8221;52&#8243; ag_title_align=&#8221;left&#8221; ag_titel_border=&#8221;&#8221; ag_title_tag=&#8221;h2&#8243;][vc_column_text css=&#8221;.vc_custom_1684223377674{padding-bottom: 2rem !important;}&#8221;]Vores partner ENVALIOR produkt Durethan\u00ae tilbyder en alsidig portef\u00f8lje, der sp\u00e6nder fra bl\u00f8de og seje kvaliteter til ekstremt stive kvaliteter. Vi kan tilbyde skr\u00e6ddersyede l\u00f8sninger til en bred vifte af krav og applikationer.<\/p>\n<p>Durethan\u00ae (PA6) tilbyder en ideel kombination af egenskaber, is\u00e6r til tekniske applikationer.[\/vc_column_text][vc_btn title=&#8221;DURETHAN\u00ae&#8221; style=&#8221;flat&#8221; shape=&#8221;square&#8221; link=&#8221;url:https%3A%2F%2Flanxess-performance-materials.com%2Fen%2FProducts-and-Solutions%2FDurethan|title:Discover%20Durethan|target:_blank&#8221; el_class=&#8221;btn-primary&#8221;][vc_empty_space height=&#8221;20px&#8221;][ucaddon_ag_title ag_title_bold=&#8221;UEE2NiUyMFJFUExBQ0VNRU5U&#8221; ag_title_font_size=&#8221;52&#8243; ag_title_align=&#8221;left&#8221; ag_titel_border=&#8221;&#8221; ag_title_tag=&#8221;h2&#8243;][vc_column_text css=&#8221;.vc_custom_1679923901348{padding-bottom: 2rem !important;}&#8221;]PA6 er et perfekt materiale til at erstatte PA66, med flere fordele. PA66 er strukturelt belastet, og derfor har vi pr\u00e6senteret l\u00f8sninger p\u00e5 dette emne. L\u00e6s mere p\u00e5 vores landingsside.[\/vc_column_text][vc_btn title=&#8221;PA66 REPLACEMENT&#8221; style=&#8221;flat&#8221; shape=&#8221;square&#8221; link=&#8221;url:https%3A%2F%2Fmapeplastics.se%2Fpa66-replacement%2F|title:PA6%20vs%20PA66|target:_blank&#8221; el_class=&#8221;btn-primary&#8221;][\/vc_column][vc_column width=&#8221;1\/2&#8243; css=&#8221;.vc_custom_1599745364366{padding-right: 1rem !important;}&#8221;][vc_single_image image=&#8221;3396&#8243; img_size=&#8221;full&#8221;][vc_empty_space height=&#8221;20px&#8221;][vc_empty_space height=&#8221;20px&#8221;][vc_single_image image=&#8221;3391&#8243; img_size=&#8221;full&#8221; alignment=&#8221;center&#8221;][\/vc_column][\/vc_row][vc_row css=&#8221;.vc_custom_1692819208324{padding-bottom: 60px !important;}&#8221;][vc_column][ucaddon_ag_title ag_title_slim=&#8221;TWF0ZXJpYWxlRGF0YWJhc2U=&#8221; ag_title_bold=&#8221;UEE2JTIwcHJvZHVrdGVy&#8221; ag_title_font_size=&#8221;40&#8243; ag_title_align=&#8221;center&#8221; ag_titel_border=&#8221;&#8221; uc_init_settings=&#8221;&#8221;]\r\n        <style>\r\n            .js-ul-prospector-iframe {\r\n                width: 1px;\r\n                min-width: 100%;\r\n            }\r\n        <\/style>\r\n        <iframe class=\"js-ul-prospector-iframe\" src=\"https:\/\/catalog.ulprospector.com\/xquery.aspx?I=75681&QM=60:37&RSCOLS=PA&FMT=HOV&CULTURE=en&PGSIZE=10\" frameborder=\"0\" allowfullscreen=\"false\" scrolling=\"yes\" loading=\"lazy\"><\/iframe>\r\n        <script>\r\n            jQuery(window).on(\"load\", function () {\r\n                if (!window.mapeChildUlProspectorIframeResizerInit) {\r\n                    console.log(\"Init UL Iframe Resizer\");\r\n                    iFrameResize({ log: false, scrolling: \"omit\" }, \".js-ul-prospector-iframe\");\r\n                    window.mapeChildUlProspectorIframeResizerInit = true;\r\n                }\r\n            });\r\n        <\/script>\r\n    [\/vc_column][\/vc_row][vc_row css_animation=&#8221;none&#8221; css=&#8221;.vc_custom_1659976162848{padding-top: 80px !important;padding-bottom: 0px !important;background-color: #f9f9f9 !important;}&#8221;][vc_column width=&#8221;7\/12&#8243; css=&#8221;.vc_custom_1647361588512{padding-right: 2rem !important;}&#8221;][ucaddon_ag_title ag_title_slim=&#8221;VmklMjBrYW4lMjBkZXQlMjBtZWQlMjBwbGFzdA==&#8221; ag_title_bold=&#8221;TEFEJTIwT1MlMjBGT1JUJUMzJTg2TExFJTIwRElHJTIwTUVSRSUyME9NJTIwUEE2&#8243; ag_title_font_size=&#8221;40&#8243; ag_title_align=&#8221;left&#8221; ag_titel_border=&#8221;&#8221;][vc_empty_space height=&#8221;20px&#8221;][\/vc_column][vc_column width=&#8221;5\/12&#8243;][vc_empty_space height=&#8221;20px&#8221;][vc_tta_accordion accordion_layout=&#8221;no-border&#8221; accordion_icon=&#8221;arrow&#8221;][vc_tta_section title=&#8221;GET IN TOUCH&#8221; tab_id=&#8221;1647352964095-e408d282-5d33&#8243; el_class=&#8221;btn-accordion&#8221;]<div role=\"form\" class=\"wpcf7\" id=\"wpcf7-f1833-o1\" lang=\"sv-SE\" dir=\"ltr\">\n<div class=\"screen-reader-response\"><p role=\"status\" aria-live=\"polite\" aria-atomic=\"true\"><\/p> <ul><\/ul><\/div>\n<form action=\"\/da\/wp-json\/wp\/v2\/pages\/3575#wpcf7-f1833-o1\" method=\"post\" class=\"wpcf7-form init\" novalidate=\"novalidate\" data-status=\"init\">\n<div style=\"display: none;\">\n<input type=\"hidden\" name=\"_wpcf7\" value=\"1833\" \/>\n<input type=\"hidden\" name=\"_wpcf7_version\" value=\"5.6.4\" \/>\n<input type=\"hidden\" name=\"_wpcf7_locale\" value=\"sv_SE\" \/>\n<input type=\"hidden\" name=\"_wpcf7_unit_tag\" value=\"wpcf7-f1833-o1\" \/>\n<input type=\"hidden\" name=\"_wpcf7_container_post\" value=\"0\" \/>\n<input type=\"hidden\" name=\"_wpcf7_posted_data_hash\" value=\"\" \/>\n<input type=\"hidden\" name=\"_wpcf7_recaptcha_response\" value=\"\" \/>\n<\/div>\n<div class=\"cf-container\">\n<div class=\"cf-col-9\"><span class=\"wpcf7-form-control-wrap\" data-name=\"your-email\"><input type=\"email\" name=\"your-email\" value=\"\" size=\"40\" class=\"wpcf7-form-control wpcf7-text wpcf7-email wpcf7-validates-as-required wpcf7-validates-as-email\" aria-required=\"true\" aria-invalid=\"false\" placeholder=\"Fill in your mail and we\u2019ll get in touch\" \/><\/span><\/div>\n<div class=\"cf-col-3\"><input type=\"submit\" value=\"Send\" class=\"wpcf7-form-control has-spinner wpcf7-submit\" \/><\/div>\n<\/div>\n<div class=\"wpcf7-response-output\" aria-hidden=\"true\"><\/div><\/form><\/div>[\/vc_tta_section][\/vc_tta_accordion][\/vc_column][\/vc_row][vc_row css=&#8221;.vc_custom_1659975238674{padding-top: 60px !important;padding-bottom: 60px !important;background-color: #f9f9f9 !important;}&#8221;][vc_column css_animation=&#8221;fadeIn&#8221; el_class=&#8221;cta-col&#8221; css=&#8221;.vc_custom_1659975230349{padding-top: 60px !important;padding-bottom: 60px !important;background-color: #ffffff !important;}&#8221;][ucaddon_ag_title ag_title_bold=&#8221;VURGT1JTSyUyMEZMRVJFJTIwQUYlMjBWT1JFUyUyME1BVEVSSUFMRVI=&#8221; ag_title_align=&#8221;center&#8221; ag_titel_border=&#8221;&#8221; ag_title_tag=&#8221;h2&#8243;][vc_column_text el_class=&#8221;citat-last&#8221;]<\/p>\n<p style=\"text-align: center;\">Der findes mange forskellige materialer i plastindustrien. Udforsk flere af de materialer, vi arbejder med og tilbyder for at sikre h\u00f8j kvalitet for vores kunder.<\/p>\n<p>[\/vc_column_text][vc_empty_space height=&#8221;40px&#8221;][vc_btn title=&#8221;Vores materialer&#8221; style=&#8221;flat&#8221; shape=&#8221;square&#8221; align=&#8221;center&#8221; link=&#8221;url:https%3A%2F%2Fmapeplastics.se%2Fda%2Fmaterialer|title:Vores%20materialer&#8221; el_class=&#8221;btn-primary&#8221;][\/vc_column][\/vc_row]<\/p>\n<\/section>","protected":false},"excerpt":{"rendered":"<p>[vc_row fullwidth=&#8221;1&#8243;][vc_column][ucaddon_ag_sub_hero ag_sh_text_small=&#8221;Our materials&#8221; ag_sh_text=&#8221;Polyamid 6 (PA6)&#8221; ag_sub_hero_par=&#8221;UG9seWFtaWQlMjAlMjhQQSUyOSUyMDYlMjBlciUyMGVuJTIwYXYlMjBkZSUyMHZhbmxpZ3N0ZSUyMHN0cnVrdHVyZWxsZSUyMHBsYXN0ZW5lLiUyMFBBJTIwNiUyMG9wcGxldmVzJTIwc29tJTIwbGl0dCUyMGxldHRlcmUlMjAlQzMlQTUlMjBiZWFyYmVpZGUlMjBvZyUyMGhhciUyMGglQzMlQjh5ZXJlJTIwc2xhZ3N0eXJrZSUyMGVubiUyMFBBJTIwNi42LiUyMEZ1a3RpZ2hldHNhYnNvcnBzam9uZW4lMjBlciUyMGglQzMlQjh5ZXJlJTIwb2clMjB0ZXJtaXNrJTIwbW90c3RhbmQlMjBlciUyMDMwLTQwJTIwQyUyMGxhdmVyZSUyMGVubiUyMFBBJTIwNiUyQzYu&#8221; ag_sh_img=&#8221;2431&#8243; ag_sh_tag=&#8221;h1&#8243;][\/vc_column][\/vc_row][vc_row content_placement=&#8221;middle&#8221; css=&#8221;.vc_custom_1659975571769{padding-top: 8rem !important;padding-bottom: 6rem !important;}&#8221;][vc_column width=&#8221;1\/2&#8243; css=&#8221;.vc_custom_1659975043893{padding-left: 1rem !important;}&#8221; el_class=&#8221;standard-padding&#8221;][ucaddon_ag_title ag_title_bold=&#8221;UEE2JTIwRWdlbnNrYWJlcg==&#8221; ag_title_font_size=&#8221;52&#8243; ag_title_align=&#8221;left&#8221; ag_titel_border=&#8221;&#8221; ag_title_tag=&#8221;h2&#8243;][vc_column_text css=&#8221;.vc_custom_1678994557501{padding-bottom: 2rem !important;}&#8221;] Halvkrystallinsk struktur med en Tg p\u00e5 50 C og et smeltepunkt p\u00e5 223 C Enkel \u00e5 behandle H\u00f8y slagfasthet Gode mekaniske egenskaper opptil 120-140 C Kjemikaliebestandig [&hellip;]<\/p>\n","protected":false},"author":29,"featured_media":0,"parent":823,"menu_order":0,"comment_status":"closed","ping_status":"closed","template":"page-visual-composer.php","meta":{"_mi_skip_tracking":false},"acf":[],"yoast_head":"<!-- This site is optimized with the Yoast SEO plugin v20.7 - https:\/\/yoast.com\/wordpress\/plugins\/seo\/ -->\n<title>Polyamid 6 (PA6) - Mape Plastics<\/title>\n<meta name=\"robots\" content=\"index, follow, max-snippet:-1, max-image-preview:large, max-video-preview:-1\" \/>\n<link rel=\"canonical\" href=\"https:\/\/mapeplastics.se\/da\/materialer\/polyamide-6-pa6\/\" \/>\n<meta property=\"og:locale\" content=\"da_DK\" \/>\n<meta property=\"og:type\" content=\"article\" \/>\n<meta property=\"og:title\" content=\"Polyamid 6 (PA6) - Mape Plastics\" \/>\n<meta property=\"og:description\" content=\"[vc_row fullwidth=&#8221;1&#8243;][vc_column][ucaddon_ag_sub_hero ag_sh_text_small=&#8221;Our materials&#8221; ag_sh_text=&#8221;Polyamid 6 (PA6)&#8221; ag_sub_hero_par=&#8221;UG9seWFtaWQlMjAlMjhQQSUyOSUyMDYlMjBlciUyMGVuJTIwYXYlMjBkZSUyMHZhbmxpZ3N0ZSUyMHN0cnVrdHVyZWxsZSUyMHBsYXN0ZW5lLiUyMFBBJTIwNiUyMG9wcGxldmVzJTIwc29tJTIwbGl0dCUyMGxldHRlcmUlMjAlQzMlQTUlMjBiZWFyYmVpZGUlMjBvZyUyMGhhciUyMGglQzMlQjh5ZXJlJTIwc2xhZ3N0eXJrZSUyMGVubiUyMFBBJTIwNi42LiUyMEZ1a3RpZ2hldHNhYnNvcnBzam9uZW4lMjBlciUyMGglQzMlQjh5ZXJlJTIwb2clMjB0ZXJtaXNrJTIwbW90c3RhbmQlMjBlciUyMDMwLTQwJTIwQyUyMGxhdmVyZSUyMGVubiUyMFBBJTIwNiUyQzYu&#8221; ag_sh_img=&#8221;2431&#8243; ag_sh_tag=&#8221;h1&#8243;][\/vc_column][\/vc_row][vc_row content_placement=&#8221;middle&#8221; css=&#8221;.vc_custom_1659975571769{padding-top: 8rem !important;padding-bottom: 6rem !important;}&#8221;][vc_column width=&#8221;1\/2&#8243; css=&#8221;.vc_custom_1659975043893{padding-left: 1rem !important;}&#8221; el_class=&#8221;standard-padding&#8221;][ucaddon_ag_title ag_title_bold=&#8221;UEE2JTIwRWdlbnNrYWJlcg==&#8221; ag_title_font_size=&#8221;52&#8243; ag_title_align=&#8221;left&#8221; ag_titel_border=&#8221;&#8221; ag_title_tag=&#8221;h2&#8243;][vc_column_text css=&#8221;.vc_custom_1678994557501{padding-bottom: 2rem !important;}&#8221;] Halvkrystallinsk struktur med en Tg p\u00e5 50 C og et smeltepunkt p\u00e5 223 C Enkel \u00e5 behandle H\u00f8y slagfasthet Gode mekaniske egenskaper opptil 120-140 C Kjemikaliebestandig [&hellip;]\" \/>\n<meta property=\"og:url\" content=\"https:\/\/mapeplastics.se\/da\/materialer\/polyamide-6-pa6\/\" \/>\n<meta property=\"og:site_name\" content=\"Mape Plastics\" \/>\n<meta property=\"article:modified_time\" content=\"2023-11-24T12:36:02+00:00\" \/>\n<meta name=\"twitter:card\" content=\"summary_large_image\" \/>\n<meta name=\"twitter:label1\" content=\"Estimeret l\u00e6setid\" \/>\n\t<meta name=\"twitter:data1\" content=\"2 minutter\" \/>\n<script type=\"application\/ld+json\" class=\"yoast-schema-graph\">{\"@context\":\"https:\/\/schema.org\",\"@graph\":[{\"@type\":\"WebPage\",\"@id\":\"https:\/\/mapeplastics.se\/da\/materialer\/polyamide-6-pa6\/\",\"url\":\"https:\/\/mapeplastics.se\/da\/materialer\/polyamide-6-pa6\/\",\"name\":\"Polyamid 6 (PA6) - Mape Plastics\",\"isPartOf\":{\"@id\":\"https:\/\/mapeplastics.se\/da\/#website\"},\"datePublished\":\"2023-03-05T18:32:10+00:00\",\"dateModified\":\"2023-11-24T12:36:02+00:00\",\"breadcrumb\":{\"@id\":\"https:\/\/mapeplastics.se\/da\/materialer\/polyamide-6-pa6\/#breadcrumb\"},\"inLanguage\":\"da-DK\",\"potentialAction\":[{\"@type\":\"ReadAction\",\"target\":[\"https:\/\/mapeplastics.se\/da\/materialer\/polyamide-6-pa6\/\"]}]},{\"@type\":\"BreadcrumbList\",\"@id\":\"https:\/\/mapeplastics.se\/da\/materialer\/polyamide-6-pa6\/#breadcrumb\",\"itemListElement\":[{\"@type\":\"ListItem\",\"position\":1,\"name\":\"Hem\",\"item\":\"https:\/\/mapeplastics.se\/da\/\"},{\"@type\":\"ListItem\",\"position\":2,\"name\":\"Materialer\",\"item\":\"https:\/\/mapeplastics.se\/da\/materialer\/\"},{\"@type\":\"ListItem\",\"position\":3,\"name\":\"Polyamid 6 (PA6)\"}]},{\"@type\":\"WebSite\",\"@id\":\"https:\/\/mapeplastics.se\/da\/#website\",\"url\":\"https:\/\/mapeplastics.se\/da\/\",\"name\":\"Mape Plastics\",\"description\":\"\",\"potentialAction\":[{\"@type\":\"SearchAction\",\"target\":{\"@type\":\"EntryPoint\",\"urlTemplate\":\"https:\/\/mapeplastics.se\/da\/?s={search_term_string}\"},\"query-input\":\"required name=search_term_string\"}],\"inLanguage\":\"da-DK\"}]}<\/script>\n<!-- \/ Yoast SEO plugin. -->","yoast_head_json":{"title":"Polyamid 6 (PA6) - Mape Plastics","robots":{"index":"index","follow":"follow","max-snippet":"max-snippet:-1","max-image-preview":"max-image-preview:large","max-video-preview":"max-video-preview:-1"},"canonical":"https:\/\/mapeplastics.se\/da\/materialer\/polyamide-6-pa6\/","og_locale":"da_DK","og_type":"article","og_title":"Polyamid 6 (PA6) - Mape Plastics","og_description":"[vc_row fullwidth=&#8221;1&#8243;][vc_column][ucaddon_ag_sub_hero ag_sh_text_small=&#8221;Our materials&#8221; ag_sh_text=&#8221;Polyamid 6 (PA6)&#8221; ag_sub_hero_par=&#8221;UG9seWFtaWQlMjAlMjhQQSUyOSUyMDYlMjBlciUyMGVuJTIwYXYlMjBkZSUyMHZhbmxpZ3N0ZSUyMHN0cnVrdHVyZWxsZSUyMHBsYXN0ZW5lLiUyMFBBJTIwNiUyMG9wcGxldmVzJTIwc29tJTIwbGl0dCUyMGxldHRlcmUlMjAlQzMlQTUlMjBiZWFyYmVpZGUlMjBvZyUyMGhhciUyMGglQzMlQjh5ZXJlJTIwc2xhZ3N0eXJrZSUyMGVubiUyMFBBJTIwNi42LiUyMEZ1a3RpZ2hldHNhYnNvcnBzam9uZW4lMjBlciUyMGglQzMlQjh5ZXJlJTIwb2clMjB0ZXJtaXNrJTIwbW90c3RhbmQlMjBlciUyMDMwLTQwJTIwQyUyMGxhdmVyZSUyMGVubiUyMFBBJTIwNiUyQzYu&#8221; ag_sh_img=&#8221;2431&#8243; ag_sh_tag=&#8221;h1&#8243;][\/vc_column][\/vc_row][vc_row content_placement=&#8221;middle&#8221; css=&#8221;.vc_custom_1659975571769{padding-top: 8rem !important;padding-bottom: 6rem !important;}&#8221;][vc_column width=&#8221;1\/2&#8243; css=&#8221;.vc_custom_1659975043893{padding-left: 1rem !important;}&#8221; el_class=&#8221;standard-padding&#8221;][ucaddon_ag_title ag_title_bold=&#8221;UEE2JTIwRWdlbnNrYWJlcg==&#8221; ag_title_font_size=&#8221;52&#8243; ag_title_align=&#8221;left&#8221; ag_titel_border=&#8221;&#8221; ag_title_tag=&#8221;h2&#8243;][vc_column_text css=&#8221;.vc_custom_1678994557501{padding-bottom: 2rem !important;}&#8221;] Halvkrystallinsk struktur med en Tg p\u00e5 50 C og et smeltepunkt p\u00e5 223 C Enkel \u00e5 behandle H\u00f8y slagfasthet Gode mekaniske egenskaper opptil 120-140 C Kjemikaliebestandig [&hellip;]","og_url":"https:\/\/mapeplastics.se\/da\/materialer\/polyamide-6-pa6\/","og_site_name":"Mape Plastics","article_modified_time":"2023-11-24T12:36:02+00:00","twitter_card":"summary_large_image","twitter_misc":{"Estimeret l\u00e6setid":"2 minutter"},"schema":{"@context":"https:\/\/schema.org","@graph":[{"@type":"WebPage","@id":"https:\/\/mapeplastics.se\/da\/materialer\/polyamide-6-pa6\/","url":"https:\/\/mapeplastics.se\/da\/materialer\/polyamide-6-pa6\/","name":"Polyamid 6 (PA6) - Mape Plastics","isPartOf":{"@id":"https:\/\/mapeplastics.se\/da\/#website"},"datePublished":"2023-03-05T18:32:10+00:00","dateModified":"2023-11-24T12:36:02+00:00","breadcrumb":{"@id":"https:\/\/mapeplastics.se\/da\/materialer\/polyamide-6-pa6\/#breadcrumb"},"inLanguage":"da-DK","potentialAction":[{"@type":"ReadAction","target":["https:\/\/mapeplastics.se\/da\/materialer\/polyamide-6-pa6\/"]}]},{"@type":"BreadcrumbList","@id":"https:\/\/mapeplastics.se\/da\/materialer\/polyamide-6-pa6\/#breadcrumb","itemListElement":[{"@type":"ListItem","position":1,"name":"Hem","item":"https:\/\/mapeplastics.se\/da\/"},{"@type":"ListItem","position":2,"name":"Materialer","item":"https:\/\/mapeplastics.se\/da\/materialer\/"},{"@type":"ListItem","position":3,"name":"Polyamid 6 (PA6)"}]},{"@type":"WebSite","@id":"https:\/\/mapeplastics.se\/da\/#website","url":"https:\/\/mapeplastics.se\/da\/","name":"Mape Plastics","description":"","potentialAction":[{"@type":"SearchAction","target":{"@type":"EntryPoint","urlTemplate":"https:\/\/mapeplastics.se\/da\/?s={search_term_string}"},"query-input":"required name=search_term_string"}],"inLanguage":"da-DK"}]}},"_links":{"self":[{"href":"https:\/\/mapeplastics.se\/da\/wp-json\/wp\/v2\/pages\/3575"}],"collection":[{"href":"https:\/\/mapeplastics.se\/da\/wp-json\/wp\/v2\/pages"}],"about":[{"href":"https:\/\/mapeplastics.se\/da\/wp-json\/wp\/v2\/types\/page"}],"author":[{"embeddable":true,"href":"https:\/\/mapeplastics.se\/da\/wp-json\/wp\/v2\/users\/29"}],"replies":[{"embeddable":true,"href":"https:\/\/mapeplastics.se\/da\/wp-json\/wp\/v2\/comments?post=3575"}],"version-history":[{"count":7,"href":"https:\/\/mapeplastics.se\/da\/wp-json\/wp\/v2\/pages\/3575\/revisions"}],"predecessor-version":[{"id":5382,"href":"https:\/\/mapeplastics.se\/da\/wp-json\/wp\/v2\/pages\/3575\/revisions\/5382"}],"up":[{"embeddable":true,"href":"https:\/\/mapeplastics.se\/da\/wp-json\/wp\/v2\/pages\/823"}],"wp:attachment":[{"href":"https:\/\/mapeplastics.se\/da\/wp-json\/wp\/v2\/media?parent=3575"}],"curies":[{"name":"wp","href":"https:\/\/api.w.org\/{rel}","templated":true}]}}