{"id":3591,"date":"2023-03-05T19:32:11","date_gmt":"2023-03-05T18:32:11","guid":{"rendered":"https:\/\/mapeplastics.se\/materialer\/polyetheretherketone-peek\/"},"modified":"2023-11-24T13:46:16","modified_gmt":"2023-11-24T12:46:16","slug":"polyetheretherketone-peek","status":"publish","type":"page","link":"https:\/\/mapeplastics.se\/da\/materialer\/polyetheretherketone-peek\/","title":{"rendered":"Polyetheretherketon (PEEK)"},"content":{"rendered":"<section class=\"wpb-content-wrapper\"><p>[vc_row fullwidth=&#8221;1&#8243;][vc_column][ucaddon_ag_sub_hero ag_sh_text_small=&#8221;Our materials&#8221; ag_sh_text=&#8221;Polyetheretherketon (PEEK)&#8221; ag_sub_hero_par=&#8221;UG9seWV0aGVyZXRoZXJrZXRvbiUyMCUyOFBFRUslMjklMjBlciUyMGRlbiUyMGVuZXN0ZSUyMHRlcm1vcGxhc3RlbiUyMHNvbSUyMGthbiUyMG9wcG4lQzMlQTUlMjBtZWthbmlza2UlMjBlZ2Vuc2thcGVyJTIwdmVkJTIwb3ZlciUyMDMwMCUyMEMuJTIwRGVubmUlMjBzZW1pLWtyeXN0YWxsaW5za2UlMjBhcm9tYXRpc2tlJTIwcG9seW1lcmVuJTIwYW5zZXMlMjAlQzMlQTUlMjB2JUMzJUE2cmUlMjBkZW4lMjBla3NrbHVzaXZlJTIwdGVybW9wbGFzdGVuJTIwc29tJTIwZXIlMjB0aWxnamVuZ2VsaWclMjBwJUMzJUE1JTIwbWFya2VkZXQlMjBpJTIwZGFnLg==&#8221; ag_sh_img=&#8221;237&#8243; ag_sh_tag=&#8221;h1&#8243;][\/vc_column][\/vc_row][vc_row content_placement=&#8221;middle&#8221; css=&#8221;.vc_custom_1659975571769{padding-top: 8rem !important;padding-bottom: 6rem !important;}&#8221;][vc_column width=&#8221;1\/2&#8243; css=&#8221;.vc_custom_1659975043893{padding-left: 1rem !important;}&#8221; el_class=&#8221;standard-padding&#8221;][ucaddon_ag_title ag_title_bold=&#8221;UEVFSyUyMEVnZW5za2FiZXI=&#8221; ag_title_font_size=&#8221;52&#8243; ag_title_align=&#8221;left&#8221; ag_titel_border=&#8221;&#8221; ag_title_tag=&#8221;h2&#8243;][vc_column_text css=&#8221;.vc_custom_1678994727078{padding-bottom: 2rem !important;}&#8221;]<\/p>\n<ul id=\"material\">\n<li>Halvkrystallinsk struktur med glassovergangstemperatur p\u00e5 143 C og en smeltetemperatur p\u00e5 343 C<\/li>\n<li>T\u00e5ler h\u00f8ye og lave temperaturer<\/li>\n<li>Kjemikaliebestandig mot de fleste kjemikalier, selv ved h\u00f8ye temperaturer<\/li>\n<li>flammehemmende middel uten tilsetningsstoffer<\/li>\n<li>Uovertruffen hydrolysemotstand<\/li>\n<li>Lav r\u00f8ykutvikling under forbrenning<\/li>\n<li>God slitestyrke og lav friksjon<\/li>\n<li>Utmerkede mekaniske egenskaper<\/li>\n<\/ul>\n<p>[\/vc_column_text][vc_btn title=&#8221;Kontakt os&#8221; style=&#8221;flat&#8221; shape=&#8221;square&#8221; link=&#8221;url:https%3A%2F%2Fmapeplastics.se%2Fda%2Fkontakt|title:Kontakt%20os&#8221; el_class=&#8221;btn-primary&#8221;][vc_empty_space height=&#8221;20px&#8221;][ucaddon_ag_title ag_title_bold=&#8221;VklDVFJFWCUyMFBFRUs=&#8221; ag_title_font_size=&#8221;52&#8243; ag_title_align=&#8221;left&#8221; ag_titel_border=&#8221;&#8221; ag_title_tag=&#8221;h2&#8243;][vc_column_text css=&#8221;.vc_custom_1679991760575{padding-bottom: 2rem !important;}&#8221;]VICTREX PEEK er en allround h\u00f8jtydende polymer, der tilbyder fremragende mekaniske egenskaber s\u00e5vel som kemisk og temperaturbestandighed og er velegnet til b\u00e5de spr\u00f8jtest\u00f8bning og ekstrudering.<\/p>\n<p>Det bruges i mange forskellige applikationer til kr\u00e6vende milj\u00f8er, s\u00e5som f\u00f8devareforarbejdning, medicinsk udstyr, olie &amp; gas og ingeni\u00f8rindustrien. PEEK-kvaliteten 450G er ogs\u00e5 FDA-kompatibel med f\u00f8devarekontakt og er blevet testet i forhold til kravene i ISO 10993-5 for cytotoksicitet til st\u00f8tte for ISO 10993 Type A medicinske applikationer med mindre end 24 timers eksponering.<\/p>\n<p>Anvendes af verdens f\u00f8rende m\u00e6rker inden for rumfart, bilindustrien, energi, elektronik, industri og medicin. Har du brug for et materiale, der kan klare kr\u00e6vende milj\u00f8er, erstatte metal og andre polymerer? S\u00e5 kan Victrex PEEK v\u00e6re dit valg.<\/p>\n<p>Oplev en af de mest h\u00f8jtydende plastik i verden. L\u00e6s mere p\u00e5 vores PEEK-landingsside.[\/vc_column_text][vc_btn title=&#8221;PEEK&#8221; style=&#8221;flat&#8221; shape=&#8221;square&#8221; link=&#8221;url:https%3A%2F%2Fmapeplastics.se%2Fvictrex-peek-450g%2F|title:DISCOVER%20PEEK|target:%20_blank|&#8221; el_class=&#8221;btn-primary&#8221;][\/vc_column][vc_column width=&#8221;1\/2&#8243; css=&#8221;.vc_custom_1599745364366{padding-right: 1rem !important;}&#8221;][vc_single_image image=&#8221;2000&#8243; img_size=&#8221;full&#8221;][vc_empty_space height=&#8221;20px&#8221;][vc_empty_space height=&#8221;20px&#8221;][vc_single_image image=&#8221;3438&#8243; img_size=&#8221;full&#8221; alignment=&#8221;center&#8221;][\/vc_column][\/vc_row][vc_row css=&#8221;.vc_custom_1692819208324{padding-bottom: 60px !important;}&#8221;][vc_column][ucaddon_ag_title ag_title_slim=&#8221;TWF0ZXJpYWxlRGF0YWJhc2U=&#8221; ag_title_bold=&#8221;UEVFSyUyMHByb2R1a3Rlcg==&#8221; ag_title_font_size=&#8221;40&#8243; ag_title_align=&#8221;center&#8221; ag_titel_border=&#8221;&#8221; uc_init_settings=&#8221;&#8221;]\r\n        <style>\r\n            .js-ul-prospector-iframe {\r\n                width: 1px;\r\n                min-width: 100%;\r\n            }\r\n        <\/style>\r\n        <iframe class=\"js-ul-prospector-iframe\" src=\"https:\/\/catalog.ulprospector.com\/xquery.aspx?I=75681&QM=40:2843|181&RSCOLS=DYNAMIC&FMT=HOV&CULTURE=en&PGSIZE=10\" frameborder=\"0\" allowfullscreen=\"false\" scrolling=\"yes\" loading=\"lazy\"><\/iframe>\r\n        <script>\r\n            jQuery(window).on(\"load\", function () {\r\n                if (!window.mapeChildUlProspectorIframeResizerInit) {\r\n                    console.log(\"Init UL Iframe Resizer\");\r\n                    iFrameResize({ log: false, scrolling: \"omit\" }, \".js-ul-prospector-iframe\");\r\n                    window.mapeChildUlProspectorIframeResizerInit = true;\r\n                }\r\n            });\r\n        <\/script>\r\n    [\/vc_column][\/vc_row][vc_row css_animation=&#8221;none&#8221; css=&#8221;.vc_custom_1659976162848{padding-top: 80px !important;padding-bottom: 0px !important;background-color: #f9f9f9 !important;}&#8221;][vc_column width=&#8221;7\/12&#8243; css=&#8221;.vc_custom_1647361588512{padding-right: 2rem !important;}&#8221;][ucaddon_ag_title ag_title_slim=&#8221;VmklMjBrYW4lMjBkZXQlMjBtZWQlMjBwbGFzdA==&#8221; ag_title_bold=&#8221;TEFEJTIwT1MlMjBGT1JUJUMzJTg2TExFJTIwRElHJTIwTUVSRSUyME9NJTIwUEVFSw==&#8221; ag_title_font_size=&#8221;40&#8243; ag_title_align=&#8221;left&#8221; ag_titel_border=&#8221;&#8221;][vc_empty_space height=&#8221;20px&#8221;][\/vc_column][vc_column width=&#8221;5\/12&#8243;][vc_empty_space height=&#8221;20px&#8221;][vc_tta_accordion accordion_layout=&#8221;no-border&#8221; accordion_icon=&#8221;arrow&#8221;][vc_tta_section title=&#8221;GET IN TOUCH&#8221; tab_id=&#8221;1647352964095-e408d282-5d33&#8243; el_class=&#8221;btn-accordion&#8221;]<div role=\"form\" class=\"wpcf7\" id=\"wpcf7-f1833-o1\" lang=\"sv-SE\" dir=\"ltr\">\n<div class=\"screen-reader-response\"><p role=\"status\" aria-live=\"polite\" aria-atomic=\"true\"><\/p> <ul><\/ul><\/div>\n<form action=\"\/da\/wp-json\/wp\/v2\/pages\/3591#wpcf7-f1833-o1\" method=\"post\" class=\"wpcf7-form init\" novalidate=\"novalidate\" data-status=\"init\">\n<div style=\"display: none;\">\n<input type=\"hidden\" name=\"_wpcf7\" value=\"1833\" \/>\n<input type=\"hidden\" name=\"_wpcf7_version\" value=\"5.6.4\" \/>\n<input type=\"hidden\" name=\"_wpcf7_locale\" value=\"sv_SE\" \/>\n<input type=\"hidden\" name=\"_wpcf7_unit_tag\" value=\"wpcf7-f1833-o1\" \/>\n<input type=\"hidden\" name=\"_wpcf7_container_post\" value=\"0\" \/>\n<input type=\"hidden\" name=\"_wpcf7_posted_data_hash\" value=\"\" \/>\n<input type=\"hidden\" name=\"_wpcf7_recaptcha_response\" value=\"\" \/>\n<\/div>\n<div class=\"cf-container\">\n<div class=\"cf-col-9\"><span class=\"wpcf7-form-control-wrap\" data-name=\"your-email\"><input type=\"email\" name=\"your-email\" value=\"\" size=\"40\" class=\"wpcf7-form-control wpcf7-text wpcf7-email wpcf7-validates-as-required wpcf7-validates-as-email\" aria-required=\"true\" aria-invalid=\"false\" placeholder=\"Fill in your mail and we\u2019ll get in touch\" \/><\/span><\/div>\n<div class=\"cf-col-3\"><input type=\"submit\" value=\"Send\" class=\"wpcf7-form-control has-spinner wpcf7-submit\" \/><\/div>\n<\/div>\n<div class=\"wpcf7-response-output\" aria-hidden=\"true\"><\/div><\/form><\/div>[\/vc_tta_section][\/vc_tta_accordion][\/vc_column][\/vc_row][vc_row css=&#8221;.vc_custom_1659975238674{padding-top: 60px !important;padding-bottom: 60px !important;background-color: #f9f9f9 !important;}&#8221;][vc_column css_animation=&#8221;fadeIn&#8221; el_class=&#8221;cta-col&#8221; css=&#8221;.vc_custom_1659975230349{padding-top: 60px !important;padding-bottom: 60px !important;background-color: #ffffff !important;}&#8221;][ucaddon_ag_title ag_title_bold=&#8221;VURGT1JTSyUyMEZMRVJFJTIwQUYlMjBWT1JFUyUyME1BVEVSSUFMRVI=&#8221; ag_title_align=&#8221;center&#8221; ag_titel_border=&#8221;&#8221; ag_title_tag=&#8221;h2&#8243;][vc_column_text el_class=&#8221;citat-last&#8221;]<\/p>\n<p style=\"text-align: center;\">Der findes mange forskellige materialer i plastindustrien. Udforsk flere af de materialer, vi arbejder med og tilbyder for at sikre h\u00f8j kvalitet for vores kunder.<\/p>\n<p>[\/vc_column_text][vc_empty_space height=&#8221;40px&#8221;][vc_btn title=&#8221;Vores materialer&#8221; style=&#8221;flat&#8221; shape=&#8221;square&#8221; align=&#8221;center&#8221; link=&#8221;url:https%3A%2F%2Fmapeplastics.se%2Fda%2Fmaterialer|title:Vores%20materialer&#8221; el_class=&#8221;btn-primary&#8221;][\/vc_column][\/vc_row]<\/p>\n<\/section>","protected":false},"excerpt":{"rendered":"<p>[vc_row fullwidth=&#8221;1&#8243;][vc_column][ucaddon_ag_sub_hero ag_sh_text_small=&#8221;Our materials&#8221; ag_sh_text=&#8221;Polyetheretherketon (PEEK)&#8221; ag_sub_hero_par=&#8221;UG9seWV0aGVyZXRoZXJrZXRvbiUyMCUyOFBFRUslMjklMjBlciUyMGRlbiUyMGVuZXN0ZSUyMHRlcm1vcGxhc3RlbiUyMHNvbSUyMGthbiUyMG9wcG4lQzMlQTUlMjBtZWthbmlza2UlMjBlZ2Vuc2thcGVyJTIwdmVkJTIwb3ZlciUyMDMwMCUyMEMuJTIwRGVubmUlMjBzZW1pLWtyeXN0YWxsaW5za2UlMjBhcm9tYXRpc2tlJTIwcG9seW1lcmVuJTIwYW5zZXMlMjAlQzMlQTUlMjB2JUMzJUE2cmUlMjBkZW4lMjBla3NrbHVzaXZlJTIwdGVybW9wbGFzdGVuJTIwc29tJTIwZXIlMjB0aWxnamVuZ2VsaWclMjBwJUMzJUE1JTIwbWFya2VkZXQlMjBpJTIwZGFnLg==&#8221; ag_sh_img=&#8221;237&#8243; ag_sh_tag=&#8221;h1&#8243;][\/vc_column][\/vc_row][vc_row content_placement=&#8221;middle&#8221; css=&#8221;.vc_custom_1659975571769{padding-top: 8rem !important;padding-bottom: 6rem !important;}&#8221;][vc_column width=&#8221;1\/2&#8243; css=&#8221;.vc_custom_1659975043893{padding-left: 1rem !important;}&#8221; el_class=&#8221;standard-padding&#8221;][ucaddon_ag_title ag_title_bold=&#8221;UEVFSyUyMEVnZW5za2FiZXI=&#8221; ag_title_font_size=&#8221;52&#8243; ag_title_align=&#8221;left&#8221; ag_titel_border=&#8221;&#8221; ag_title_tag=&#8221;h2&#8243;][vc_column_text css=&#8221;.vc_custom_1678994727078{padding-bottom: 2rem !important;}&#8221;] Halvkrystallinsk struktur med glassovergangstemperatur p\u00e5 143 C og en smeltetemperatur p\u00e5 343 C T\u00e5ler h\u00f8ye og lave temperaturer Kjemikaliebestandig mot de fleste kjemikalier, selv ved h\u00f8ye temperaturer [&hellip;]<\/p>\n","protected":false},"author":29,"featured_media":0,"parent":823,"menu_order":0,"comment_status":"closed","ping_status":"closed","template":"page-visual-composer.php","meta":{"_mi_skip_tracking":false},"acf":[],"yoast_head":"<!-- This site is optimized with the Yoast SEO plugin v20.7 - https:\/\/yoast.com\/wordpress\/plugins\/seo\/ -->\n<title>Polyetheretherketon (PEEK) - Mape Plastics<\/title>\n<meta name=\"robots\" content=\"index, follow, max-snippet:-1, max-image-preview:large, max-video-preview:-1\" \/>\n<link rel=\"canonical\" href=\"https:\/\/mapeplastics.se\/da\/materialer\/polyetheretherketone-peek\/\" \/>\n<meta property=\"og:locale\" content=\"da_DK\" \/>\n<meta property=\"og:type\" content=\"article\" \/>\n<meta property=\"og:title\" content=\"Polyetheretherketon (PEEK) - Mape Plastics\" \/>\n<meta property=\"og:description\" content=\"[vc_row fullwidth=&#8221;1&#8243;][vc_column][ucaddon_ag_sub_hero ag_sh_text_small=&#8221;Our materials&#8221; ag_sh_text=&#8221;Polyetheretherketon (PEEK)&#8221; ag_sub_hero_par=&#8221;UG9seWV0aGVyZXRoZXJrZXRvbiUyMCUyOFBFRUslMjklMjBlciUyMGRlbiUyMGVuZXN0ZSUyMHRlcm1vcGxhc3RlbiUyMHNvbSUyMGthbiUyMG9wcG4lQzMlQTUlMjBtZWthbmlza2UlMjBlZ2Vuc2thcGVyJTIwdmVkJTIwb3ZlciUyMDMwMCUyMEMuJTIwRGVubmUlMjBzZW1pLWtyeXN0YWxsaW5za2UlMjBhcm9tYXRpc2tlJTIwcG9seW1lcmVuJTIwYW5zZXMlMjAlQzMlQTUlMjB2JUMzJUE2cmUlMjBkZW4lMjBla3NrbHVzaXZlJTIwdGVybW9wbGFzdGVuJTIwc29tJTIwZXIlMjB0aWxnamVuZ2VsaWclMjBwJUMzJUE1JTIwbWFya2VkZXQlMjBpJTIwZGFnLg==&#8221; ag_sh_img=&#8221;237&#8243; ag_sh_tag=&#8221;h1&#8243;][\/vc_column][\/vc_row][vc_row content_placement=&#8221;middle&#8221; css=&#8221;.vc_custom_1659975571769{padding-top: 8rem !important;padding-bottom: 6rem !important;}&#8221;][vc_column width=&#8221;1\/2&#8243; css=&#8221;.vc_custom_1659975043893{padding-left: 1rem !important;}&#8221; el_class=&#8221;standard-padding&#8221;][ucaddon_ag_title ag_title_bold=&#8221;UEVFSyUyMEVnZW5za2FiZXI=&#8221; ag_title_font_size=&#8221;52&#8243; ag_title_align=&#8221;left&#8221; ag_titel_border=&#8221;&#8221; ag_title_tag=&#8221;h2&#8243;][vc_column_text css=&#8221;.vc_custom_1678994727078{padding-bottom: 2rem !important;}&#8221;] Halvkrystallinsk struktur med glassovergangstemperatur p\u00e5 143 C og en smeltetemperatur p\u00e5 343 C T\u00e5ler h\u00f8ye og lave temperaturer Kjemikaliebestandig mot de fleste kjemikalier, selv ved h\u00f8ye temperaturer [&hellip;]\" \/>\n<meta property=\"og:url\" content=\"https:\/\/mapeplastics.se\/da\/materialer\/polyetheretherketone-peek\/\" \/>\n<meta property=\"og:site_name\" content=\"Mape Plastics\" \/>\n<meta property=\"article:modified_time\" content=\"2023-11-24T12:46:16+00:00\" \/>\n<meta name=\"twitter:card\" content=\"summary_large_image\" \/>\n<meta name=\"twitter:label1\" content=\"Estimeret l\u00e6setid\" \/>\n\t<meta name=\"twitter:data1\" content=\"2 minutter\" \/>\n<script type=\"application\/ld+json\" class=\"yoast-schema-graph\">{\"@context\":\"https:\/\/schema.org\",\"@graph\":[{\"@type\":\"WebPage\",\"@id\":\"https:\/\/mapeplastics.se\/da\/materialer\/polyetheretherketone-peek\/\",\"url\":\"https:\/\/mapeplastics.se\/da\/materialer\/polyetheretherketone-peek\/\",\"name\":\"Polyetheretherketon (PEEK) - Mape Plastics\",\"isPartOf\":{\"@id\":\"https:\/\/mapeplastics.se\/da\/#website\"},\"datePublished\":\"2023-03-05T18:32:11+00:00\",\"dateModified\":\"2023-11-24T12:46:16+00:00\",\"breadcrumb\":{\"@id\":\"https:\/\/mapeplastics.se\/da\/materialer\/polyetheretherketone-peek\/#breadcrumb\"},\"inLanguage\":\"da-DK\",\"potentialAction\":[{\"@type\":\"ReadAction\",\"target\":[\"https:\/\/mapeplastics.se\/da\/materialer\/polyetheretherketone-peek\/\"]}]},{\"@type\":\"BreadcrumbList\",\"@id\":\"https:\/\/mapeplastics.se\/da\/materialer\/polyetheretherketone-peek\/#breadcrumb\",\"itemListElement\":[{\"@type\":\"ListItem\",\"position\":1,\"name\":\"Hem\",\"item\":\"https:\/\/mapeplastics.se\/da\/\"},{\"@type\":\"ListItem\",\"position\":2,\"name\":\"Materialer\",\"item\":\"https:\/\/mapeplastics.se\/da\/materialer\/\"},{\"@type\":\"ListItem\",\"position\":3,\"name\":\"Polyetheretherketon (PEEK)\"}]},{\"@type\":\"WebSite\",\"@id\":\"https:\/\/mapeplastics.se\/da\/#website\",\"url\":\"https:\/\/mapeplastics.se\/da\/\",\"name\":\"Mape Plastics\",\"description\":\"\",\"potentialAction\":[{\"@type\":\"SearchAction\",\"target\":{\"@type\":\"EntryPoint\",\"urlTemplate\":\"https:\/\/mapeplastics.se\/da\/?s={search_term_string}\"},\"query-input\":\"required name=search_term_string\"}],\"inLanguage\":\"da-DK\"}]}<\/script>\n<!-- \/ Yoast SEO plugin. -->","yoast_head_json":{"title":"Polyetheretherketon (PEEK) - Mape Plastics","robots":{"index":"index","follow":"follow","max-snippet":"max-snippet:-1","max-image-preview":"max-image-preview:large","max-video-preview":"max-video-preview:-1"},"canonical":"https:\/\/mapeplastics.se\/da\/materialer\/polyetheretherketone-peek\/","og_locale":"da_DK","og_type":"article","og_title":"Polyetheretherketon (PEEK) - Mape Plastics","og_description":"[vc_row fullwidth=&#8221;1&#8243;][vc_column][ucaddon_ag_sub_hero ag_sh_text_small=&#8221;Our materials&#8221; ag_sh_text=&#8221;Polyetheretherketon (PEEK)&#8221; ag_sub_hero_par=&#8221;UG9seWV0aGVyZXRoZXJrZXRvbiUyMCUyOFBFRUslMjklMjBlciUyMGRlbiUyMGVuZXN0ZSUyMHRlcm1vcGxhc3RlbiUyMHNvbSUyMGthbiUyMG9wcG4lQzMlQTUlMjBtZWthbmlza2UlMjBlZ2Vuc2thcGVyJTIwdmVkJTIwb3ZlciUyMDMwMCUyMEMuJTIwRGVubmUlMjBzZW1pLWtyeXN0YWxsaW5za2UlMjBhcm9tYXRpc2tlJTIwcG9seW1lcmVuJTIwYW5zZXMlMjAlQzMlQTUlMjB2JUMzJUE2cmUlMjBkZW4lMjBla3NrbHVzaXZlJTIwdGVybW9wbGFzdGVuJTIwc29tJTIwZXIlMjB0aWxnamVuZ2VsaWclMjBwJUMzJUE1JTIwbWFya2VkZXQlMjBpJTIwZGFnLg==&#8221; ag_sh_img=&#8221;237&#8243; ag_sh_tag=&#8221;h1&#8243;][\/vc_column][\/vc_row][vc_row content_placement=&#8221;middle&#8221; css=&#8221;.vc_custom_1659975571769{padding-top: 8rem !important;padding-bottom: 6rem !important;}&#8221;][vc_column width=&#8221;1\/2&#8243; css=&#8221;.vc_custom_1659975043893{padding-left: 1rem !important;}&#8221; el_class=&#8221;standard-padding&#8221;][ucaddon_ag_title ag_title_bold=&#8221;UEVFSyUyMEVnZW5za2FiZXI=&#8221; ag_title_font_size=&#8221;52&#8243; ag_title_align=&#8221;left&#8221; ag_titel_border=&#8221;&#8221; ag_title_tag=&#8221;h2&#8243;][vc_column_text css=&#8221;.vc_custom_1678994727078{padding-bottom: 2rem !important;}&#8221;] Halvkrystallinsk struktur med glassovergangstemperatur p\u00e5 143 C og en smeltetemperatur p\u00e5 343 C T\u00e5ler h\u00f8ye og lave temperaturer Kjemikaliebestandig mot de fleste kjemikalier, selv ved h\u00f8ye temperaturer [&hellip;]","og_url":"https:\/\/mapeplastics.se\/da\/materialer\/polyetheretherketone-peek\/","og_site_name":"Mape Plastics","article_modified_time":"2023-11-24T12:46:16+00:00","twitter_card":"summary_large_image","twitter_misc":{"Estimeret l\u00e6setid":"2 minutter"},"schema":{"@context":"https:\/\/schema.org","@graph":[{"@type":"WebPage","@id":"https:\/\/mapeplastics.se\/da\/materialer\/polyetheretherketone-peek\/","url":"https:\/\/mapeplastics.se\/da\/materialer\/polyetheretherketone-peek\/","name":"Polyetheretherketon (PEEK) - Mape Plastics","isPartOf":{"@id":"https:\/\/mapeplastics.se\/da\/#website"},"datePublished":"2023-03-05T18:32:11+00:00","dateModified":"2023-11-24T12:46:16+00:00","breadcrumb":{"@id":"https:\/\/mapeplastics.se\/da\/materialer\/polyetheretherketone-peek\/#breadcrumb"},"inLanguage":"da-DK","potentialAction":[{"@type":"ReadAction","target":["https:\/\/mapeplastics.se\/da\/materialer\/polyetheretherketone-peek\/"]}]},{"@type":"BreadcrumbList","@id":"https:\/\/mapeplastics.se\/da\/materialer\/polyetheretherketone-peek\/#breadcrumb","itemListElement":[{"@type":"ListItem","position":1,"name":"Hem","item":"https:\/\/mapeplastics.se\/da\/"},{"@type":"ListItem","position":2,"name":"Materialer","item":"https:\/\/mapeplastics.se\/da\/materialer\/"},{"@type":"ListItem","position":3,"name":"Polyetheretherketon (PEEK)"}]},{"@type":"WebSite","@id":"https:\/\/mapeplastics.se\/da\/#website","url":"https:\/\/mapeplastics.se\/da\/","name":"Mape Plastics","description":"","potentialAction":[{"@type":"SearchAction","target":{"@type":"EntryPoint","urlTemplate":"https:\/\/mapeplastics.se\/da\/?s={search_term_string}"},"query-input":"required name=search_term_string"}],"inLanguage":"da-DK"}]}},"_links":{"self":[{"href":"https:\/\/mapeplastics.se\/da\/wp-json\/wp\/v2\/pages\/3591"}],"collection":[{"href":"https:\/\/mapeplastics.se\/da\/wp-json\/wp\/v2\/pages"}],"about":[{"href":"https:\/\/mapeplastics.se\/da\/wp-json\/wp\/v2\/types\/page"}],"author":[{"embeddable":true,"href":"https:\/\/mapeplastics.se\/da\/wp-json\/wp\/v2\/users\/29"}],"replies":[{"embeddable":true,"href":"https:\/\/mapeplastics.se\/da\/wp-json\/wp\/v2\/comments?post=3591"}],"version-history":[{"count":6,"href":"https:\/\/mapeplastics.se\/da\/wp-json\/wp\/v2\/pages\/3591\/revisions"}],"predecessor-version":[{"id":5387,"href":"https:\/\/mapeplastics.se\/da\/wp-json\/wp\/v2\/pages\/3591\/revisions\/5387"}],"up":[{"embeddable":true,"href":"https:\/\/mapeplastics.se\/da\/wp-json\/wp\/v2\/pages\/823"}],"wp:attachment":[{"href":"https:\/\/mapeplastics.se\/da\/wp-json\/wp\/v2\/media?parent=3591"}],"curies":[{"name":"wp","href":"https:\/\/api.w.org\/{rel}","templated":true}]}}