{"id":4646,"date":"2023-07-04T09:45:32","date_gmt":"2023-07-04T07:45:32","guid":{"rendered":"https:\/\/mapeplastics.se\/?page_id=4646"},"modified":"2023-07-04T09:45:32","modified_gmt":"2023-07-04T07:45:32","slug":"polyketon","status":"publish","type":"page","link":"https:\/\/mapeplastics.se\/da\/materialer\/polyketon\/","title":{"rendered":"Polyketon"},"content":{"rendered":"<section class=\"wpb-content-wrapper\"><p>[vc_row fullwidth=&#8221;1&#8243;][vc_column][ucaddon_ag_sub_hero ag_sh_text_small=&#8221;Vores materialer&#8221; ag_sh_text=&#8221;Polyketon&#8221; ag_sub_hero_par=&#8221;UG9seWtldG9uJTIwJTI4UEslMjklMjBlciUyMGVuJTIwaWtrZS1naWZ0aWclMjBvZyUyMGJpb2tvbXBhdGliZWwlMjBwb2x5bWVyJTJDJTIwZGVyJTIwZXIlMjBnb2RrZW5kdCUyMGFmJTIwRkRBJTIwb2clMjBOU0YuJTIwUE9LRVRPTkUlRTIlODQlQTIlMjBlciUyMHZlcmRlbnMlMjBmJUMzJUI4cnN0ZSUyMGtvbW1lcmNpZWx0JTIwcHJvZHVjZXJlZGUlMjBwb2x5a2V0b24u&#8221; ag_sh_img=&#8221;2353&#8243; ag_sh_tag=&#8221;h1&#8243; uc_init_settings=&#8221;&#8221;][\/vc_column][\/vc_row][vc_row content_placement=&#8221;middle&#8221; css=&#8221;.vc_custom_1659975571769{padding-top: 8rem !important;padding-bottom: 6rem !important;}&#8221;][vc_column width=&#8221;1\/2&#8243; css=&#8221;.vc_custom_1659975043893{padding-left: 1rem !important;}&#8221; el_class=&#8221;standard-padding&#8221;][ucaddon_ag_title ag_title_bold=&#8221;UG9seWtldG9uJTIwRWdlbnNrYWJlcg==&#8221; ag_title_font_size=&#8221;52&#8243; ag_title_align=&#8221;left&#8221; ag_titel_border=&#8221;&#8221; ag_title_tag=&#8221;h2&#8243; uc_init_settings=&#8221;&#8221;][vc_column_text css=&#8221;.vc_custom_1688454786628{padding-bottom: 2rem !important;}&#8221;]<\/p>\n<ul id=\"material\">\n<li>Fremragende kemisk resistens over for bilv\u00e6sker, kulbrinter, salte og svage syrer og baser. PK viser h\u00f8jere modstand mod hydrolyse i et bredt spektrum af vandige milj\u00f8er sammenlignet med PA.<\/li>\n<li>2-3 gange h\u00f8jere slagstyrke sammenlignet med PA og PBT. PK viser en h\u00f8j grad af duktilitet over et bredt temperaturomr\u00e5de.<\/li>\n<li><span class=\"Apple-converted-space\">POKETONE\u2122 er ikke-giftig og anvendes i udviklingen af f\u00f8devarekontakt og medicinske apparater. PK er ogs\u00e5 sikker med lavt udslip af flygtige organiske forbindelser. <\/span><\/li>\n<li>Milj\u00f8venligt alternativ til andre tekniske plastmaterialer, PK genererer lavere CO2-udslip under produktionsprocessen.<\/li>\n<li>Enest\u00e5ende barriereegenskaber, anvendelig til armerede termoplastiske r\u00f8r, f\u00f8devareemballage og barrierefilm.<\/li>\n<li>Fremragende slidstyrke, endnu bedre end POM og reducerer st\u00f8jproblemer.<\/li>\n<li>Polyketon er st\u00e6rk, sej og duktil. Tr\u00e6kstyrken ved udbytning er 60 MPa. Stivheden er moderat, med tr\u00e6k- og b\u00f8jningsmodul p\u00e5 1,5-1,7 GPa.<\/li>\n<li>Str\u00e6kning ved udbytning er meget h\u00f8j (25%), og polyketonpolymere kan uds\u00e6ttes for meget st\u00f8rre (gentagen) deformation end andre tekniske plastmaterialer, f\u00f8r permanent deformation opst\u00e5r.<\/li>\n<\/ul>\n<p>[\/vc_column_text][vc_btn title=&#8221;Kontakt os&#8221; style=&#8221;flat&#8221; shape=&#8221;square&#8221; link=&#8221;url:https%3A%2F%2Fmapeplastics.se%2Fda%2Fkontakt%2F|title:Kontakt%20os&#8221; el_class=&#8221;btn-primary&#8221;][vc_empty_space height=&#8221;20px&#8221;][ucaddon_ag_title ag_title_bold=&#8221;UE9LRVRPTkUlRTIlODQlQTI=&#8221; ag_title_font_size=&#8221;52&#8243; ag_title_align=&#8221;left&#8221; ag_titel_border=&#8221;&#8221; ag_title_tag=&#8221;h2&#8243;][vc_column_text css=&#8221;.vc_custom_1688454959152{padding-bottom: 2rem !important;}&#8221;]Hyosung Chemicals m\u00e6rke POKETONE\u2122 er verdens f\u00f8rste kommercielt producerede polyketon. Det er en ikke-giftig og biokompatibel polymer, der er godkendt af FDA og NSF.<\/p>\n<p>Den viser fremragende kemisk modstandsdygtighed, fremragende sejhed og slidstyrke. Med sine afbalancerede egenskaber anvendes POKETONE\u2122 bredt p\u00e5 markeder som bilindustrien, vandm\u00e5lere, vandrensere, leget\u00f8j, medicinsk udstyr, r\u00f8r og film.[\/vc_column_text][vc_btn title=&#8221;POKETONE\u2122&#8221; style=&#8221;flat&#8221; shape=&#8221;square&#8221; link=&#8221;url:https%3A%2F%2Fwww.poketone.com%2Fen%2Findex.do|title:POKETONE%E2%84%A2|target:_blank&#8221; el_class=&#8221;btn-primary&#8221;][\/vc_column][vc_column width=&#8221;1\/2&#8243; css=&#8221;.vc_custom_1599745364366{padding-right: 1rem !important;}&#8221;][vc_single_image image=&#8221;4603&#8243; img_size=&#8221;full&#8221;][vc_empty_space height=&#8221;20px&#8221;][vc_single_image image=&#8221;4608&#8243; img_size=&#8221;full&#8221;][vc_empty_space height=&#8221;20px&#8221;][vc_single_image image=&#8221;4634&#8243; img_size=&#8221;410&#215;160&#8243; alignment=&#8221;center&#8221;][\/vc_column][\/vc_row][vc_row css_animation=&#8221;none&#8221; css=&#8221;.vc_custom_1659976162848{padding-top: 80px !important;padding-bottom: 0px !important;background-color: #f9f9f9 !important;}&#8221;][vc_column width=&#8221;7\/12&#8243; css=&#8221;.vc_custom_1647361588512{padding-right: 2rem !important;}&#8221;][ucaddon_ag_title ag_title_slim=&#8221;VmklMjBrYW4lMjBkZXQlMjBtZWQlMjBwbGFzdA==&#8221; ag_title_bold=&#8221;TEFEJTIwT1MlMjBGT1JUJUMzJTg2TExFJTIwRElHJTIwTUVSRSUyME9NJTIwUEs=&#8221; ag_title_font_size=&#8221;40&#8243; ag_title_align=&#8221;left&#8221; ag_titel_border=&#8221;&#8221; uc_init_settings=&#8221;&#8221;][vc_empty_space height=&#8221;20px&#8221;][\/vc_column][vc_column width=&#8221;5\/12&#8243;][vc_empty_space height=&#8221;20px&#8221;][vc_tta_accordion accordion_layout=&#8221;no-border&#8221; accordion_icon=&#8221;arrow&#8221;][vc_tta_section title=&#8221;GET IN TOUCH&#8221; tab_id=&#8221;1647352964095-e408d282-5d33&#8243; el_class=&#8221;btn-accordion&#8221;]<div role=\"form\" class=\"wpcf7\" id=\"wpcf7-f1833-o1\" lang=\"sv-SE\" dir=\"ltr\">\n<div class=\"screen-reader-response\"><p role=\"status\" aria-live=\"polite\" aria-atomic=\"true\"><\/p> <ul><\/ul><\/div>\n<form action=\"\/da\/wp-json\/wp\/v2\/pages\/4646#wpcf7-f1833-o1\" method=\"post\" class=\"wpcf7-form init\" novalidate=\"novalidate\" data-status=\"init\">\n<div style=\"display: none;\">\n<input type=\"hidden\" name=\"_wpcf7\" value=\"1833\" \/>\n<input type=\"hidden\" name=\"_wpcf7_version\" value=\"5.6.4\" \/>\n<input type=\"hidden\" name=\"_wpcf7_locale\" value=\"sv_SE\" \/>\n<input type=\"hidden\" name=\"_wpcf7_unit_tag\" value=\"wpcf7-f1833-o1\" \/>\n<input type=\"hidden\" name=\"_wpcf7_container_post\" value=\"0\" \/>\n<input type=\"hidden\" name=\"_wpcf7_posted_data_hash\" value=\"\" \/>\n<input type=\"hidden\" name=\"_wpcf7_recaptcha_response\" value=\"\" \/>\n<\/div>\n<div class=\"cf-container\">\n<div class=\"cf-col-9\"><span class=\"wpcf7-form-control-wrap\" data-name=\"your-email\"><input type=\"email\" name=\"your-email\" value=\"\" size=\"40\" class=\"wpcf7-form-control wpcf7-text wpcf7-email wpcf7-validates-as-required wpcf7-validates-as-email\" aria-required=\"true\" aria-invalid=\"false\" placeholder=\"Fill in your mail and we\u2019ll get in touch\" \/><\/span><\/div>\n<div class=\"cf-col-3\"><input type=\"submit\" value=\"Send\" class=\"wpcf7-form-control has-spinner wpcf7-submit\" \/><\/div>\n<\/div>\n<div class=\"wpcf7-response-output\" aria-hidden=\"true\"><\/div><\/form><\/div>[\/vc_tta_section][\/vc_tta_accordion][\/vc_column][\/vc_row][vc_row css=&#8221;.vc_custom_1659975238674{padding-top: 60px !important;padding-bottom: 60px !important;background-color: #f9f9f9 !important;}&#8221;][vc_column css_animation=&#8221;fadeIn&#8221; el_class=&#8221;cta-col&#8221; css=&#8221;.vc_custom_1659975230349{padding-top: 60px !important;padding-bottom: 60px !important;background-color: #ffffff !important;}&#8221;][ucaddon_ag_title ag_title_bold=&#8221;VURGT1JTSyUyMEZMRVJFJTIwQUYlMjBWT1JFUyUyME1BVEVSSUFMRVI=&#8221; ag_title_align=&#8221;center&#8221; ag_titel_border=&#8221;&#8221; ag_title_tag=&#8221;h2&#8243; uc_init_settings=&#8221;&#8221;][vc_column_text el_class=&#8221;citat-last&#8221;]<\/p>\n<div class=\"wpb_text_column wpb_content_element citat-last\">\n<div class=\"wpb_wrapper\">\n<p style=\"text-align: center;\">Der findes mange forskellige materialer i plastindustrien. Udforsk flere af de materialer, vi arbejder med og tilbyder for at sikre h\u00f8j kvalitet for vores kunder.<\/p>\n<\/div>\n<\/div>\n<p>[\/vc_column_text][vc_empty_space height=&#8221;40px&#8221;][vc_btn title=&#8221;Vores materialer&#8221; style=&#8221;flat&#8221; shape=&#8221;square&#8221; align=&#8221;center&#8221; link=&#8221;url:https%3A%2F%2Fmapeplastics.se%2Fda%2Fmaterialer|title:Vores%20materialer&#8221; el_class=&#8221;btn-primary&#8221;][\/vc_column][\/vc_row]<\/p>\n<\/section>","protected":false},"excerpt":{"rendered":"<p>[vc_row fullwidth=&#8221;1&#8243;][vc_column][ucaddon_ag_sub_hero ag_sh_text_small=&#8221;Vores materialer&#8221; ag_sh_text=&#8221;Polyketon&#8221; ag_sub_hero_par=&#8221;UG9seWtldG9uJTIwJTI4UEslMjklMjBlciUyMGVuJTIwaWtrZS1naWZ0aWclMjBvZyUyMGJpb2tvbXBhdGliZWwlMjBwb2x5bWVyJTJDJTIwZGVyJTIwZXIlMjBnb2RrZW5kdCUyMGFmJTIwRkRBJTIwb2clMjBOU0YuJTIwUE9LRVRPTkUlRTIlODQlQTIlMjBlciUyMHZlcmRlbnMlMjBmJUMzJUI4cnN0ZSUyMGtvbW1lcmNpZWx0JTIwcHJvZHVjZXJlZGUlMjBwb2x5a2V0b24u&#8221; ag_sh_img=&#8221;2353&#8243; ag_sh_tag=&#8221;h1&#8243; uc_init_settings=&#8221;&#8221;][\/vc_column][\/vc_row][vc_row content_placement=&#8221;middle&#8221; css=&#8221;.vc_custom_1659975571769{padding-top: 8rem !important;padding-bottom: 6rem !important;}&#8221;][vc_column width=&#8221;1\/2&#8243; css=&#8221;.vc_custom_1659975043893{padding-left: 1rem !important;}&#8221; el_class=&#8221;standard-padding&#8221;][ucaddon_ag_title ag_title_bold=&#8221;UG9seWtldG9uJTIwRWdlbnNrYWJlcg==&#8221; ag_title_font_size=&#8221;52&#8243; ag_title_align=&#8221;left&#8221; ag_titel_border=&#8221;&#8221; ag_title_tag=&#8221;h2&#8243; uc_init_settings=&#8221;&#8221;][vc_column_text css=&#8221;.vc_custom_1688454786628{padding-bottom: 2rem !important;}&#8221;] Fremragende kemisk resistens over for bilv\u00e6sker, kulbrinter, salte og svage syrer og baser. PK viser h\u00f8jere modstand mod hydrolyse i et bredt spektrum af vandige milj\u00f8er [&hellip;]<\/p>\n","protected":false},"author":29,"featured_media":0,"parent":823,"menu_order":0,"comment_status":"closed","ping_status":"closed","template":"page-visual-composer.php","meta":{"_mi_skip_tracking":false},"acf":[],"yoast_head":"<!-- This site is optimized with the Yoast SEO plugin v20.7 - https:\/\/yoast.com\/wordpress\/plugins\/seo\/ -->\n<title>Polyketon - Mape Plastics<\/title>\n<meta name=\"robots\" content=\"index, follow, max-snippet:-1, max-image-preview:large, max-video-preview:-1\" \/>\n<link rel=\"canonical\" href=\"https:\/\/mapeplastics.se\/da\/materialer\/polyketon\/\" \/>\n<meta property=\"og:locale\" content=\"da_DK\" \/>\n<meta property=\"og:type\" content=\"article\" \/>\n<meta property=\"og:title\" content=\"Polyketon - Mape Plastics\" \/>\n<meta property=\"og:description\" content=\"[vc_row fullwidth=&#8221;1&#8243;][vc_column][ucaddon_ag_sub_hero ag_sh_text_small=&#8221;Vores materialer&#8221; ag_sh_text=&#8221;Polyketon&#8221; ag_sub_hero_par=&#8221;UG9seWtldG9uJTIwJTI4UEslMjklMjBlciUyMGVuJTIwaWtrZS1naWZ0aWclMjBvZyUyMGJpb2tvbXBhdGliZWwlMjBwb2x5bWVyJTJDJTIwZGVyJTIwZXIlMjBnb2RrZW5kdCUyMGFmJTIwRkRBJTIwb2clMjBOU0YuJTIwUE9LRVRPTkUlRTIlODQlQTIlMjBlciUyMHZlcmRlbnMlMjBmJUMzJUI4cnN0ZSUyMGtvbW1lcmNpZWx0JTIwcHJvZHVjZXJlZGUlMjBwb2x5a2V0b24u&#8221; ag_sh_img=&#8221;2353&#8243; ag_sh_tag=&#8221;h1&#8243; uc_init_settings=&#8221;&#8221;][\/vc_column][\/vc_row][vc_row content_placement=&#8221;middle&#8221; css=&#8221;.vc_custom_1659975571769{padding-top: 8rem !important;padding-bottom: 6rem !important;}&#8221;][vc_column width=&#8221;1\/2&#8243; css=&#8221;.vc_custom_1659975043893{padding-left: 1rem !important;}&#8221; el_class=&#8221;standard-padding&#8221;][ucaddon_ag_title ag_title_bold=&#8221;UG9seWtldG9uJTIwRWdlbnNrYWJlcg==&#8221; ag_title_font_size=&#8221;52&#8243; ag_title_align=&#8221;left&#8221; ag_titel_border=&#8221;&#8221; ag_title_tag=&#8221;h2&#8243; uc_init_settings=&#8221;&#8221;][vc_column_text css=&#8221;.vc_custom_1688454786628{padding-bottom: 2rem !important;}&#8221;] Fremragende kemisk resistens over for bilv\u00e6sker, kulbrinter, salte og svage syrer og baser. PK viser h\u00f8jere modstand mod hydrolyse i et bredt spektrum af vandige milj\u00f8er [&hellip;]\" \/>\n<meta property=\"og:url\" content=\"https:\/\/mapeplastics.se\/da\/materialer\/polyketon\/\" \/>\n<meta property=\"og:site_name\" content=\"Mape Plastics\" \/>\n<meta name=\"twitter:card\" content=\"summary_large_image\" \/>\n<meta name=\"twitter:label1\" content=\"Estimeret l\u00e6setid\" \/>\n\t<meta name=\"twitter:data1\" content=\"2 minutter\" \/>\n<script type=\"application\/ld+json\" class=\"yoast-schema-graph\">{\"@context\":\"https:\/\/schema.org\",\"@graph\":[{\"@type\":\"WebPage\",\"@id\":\"https:\/\/mapeplastics.se\/da\/materialer\/polyketon\/\",\"url\":\"https:\/\/mapeplastics.se\/da\/materialer\/polyketon\/\",\"name\":\"Polyketon - Mape Plastics\",\"isPartOf\":{\"@id\":\"https:\/\/mapeplastics.se\/da\/#website\"},\"datePublished\":\"2023-07-04T07:45:32+00:00\",\"dateModified\":\"2023-07-04T07:45:32+00:00\",\"breadcrumb\":{\"@id\":\"https:\/\/mapeplastics.se\/da\/materialer\/polyketon\/#breadcrumb\"},\"inLanguage\":\"da-DK\",\"potentialAction\":[{\"@type\":\"ReadAction\",\"target\":[\"https:\/\/mapeplastics.se\/da\/materialer\/polyketon\/\"]}]},{\"@type\":\"BreadcrumbList\",\"@id\":\"https:\/\/mapeplastics.se\/da\/materialer\/polyketon\/#breadcrumb\",\"itemListElement\":[{\"@type\":\"ListItem\",\"position\":1,\"name\":\"Hem\",\"item\":\"https:\/\/mapeplastics.se\/da\/\"},{\"@type\":\"ListItem\",\"position\":2,\"name\":\"Materialer\",\"item\":\"https:\/\/mapeplastics.se\/da\/materialer\/\"},{\"@type\":\"ListItem\",\"position\":3,\"name\":\"Polyketon\"}]},{\"@type\":\"WebSite\",\"@id\":\"https:\/\/mapeplastics.se\/da\/#website\",\"url\":\"https:\/\/mapeplastics.se\/da\/\",\"name\":\"Mape Plastics\",\"description\":\"\",\"potentialAction\":[{\"@type\":\"SearchAction\",\"target\":{\"@type\":\"EntryPoint\",\"urlTemplate\":\"https:\/\/mapeplastics.se\/da\/?s={search_term_string}\"},\"query-input\":\"required name=search_term_string\"}],\"inLanguage\":\"da-DK\"}]}<\/script>\n<!-- \/ Yoast SEO plugin. -->","yoast_head_json":{"title":"Polyketon - Mape Plastics","robots":{"index":"index","follow":"follow","max-snippet":"max-snippet:-1","max-image-preview":"max-image-preview:large","max-video-preview":"max-video-preview:-1"},"canonical":"https:\/\/mapeplastics.se\/da\/materialer\/polyketon\/","og_locale":"da_DK","og_type":"article","og_title":"Polyketon - Mape Plastics","og_description":"[vc_row fullwidth=&#8221;1&#8243;][vc_column][ucaddon_ag_sub_hero ag_sh_text_small=&#8221;Vores materialer&#8221; ag_sh_text=&#8221;Polyketon&#8221; ag_sub_hero_par=&#8221;UG9seWtldG9uJTIwJTI4UEslMjklMjBlciUyMGVuJTIwaWtrZS1naWZ0aWclMjBvZyUyMGJpb2tvbXBhdGliZWwlMjBwb2x5bWVyJTJDJTIwZGVyJTIwZXIlMjBnb2RrZW5kdCUyMGFmJTIwRkRBJTIwb2clMjBOU0YuJTIwUE9LRVRPTkUlRTIlODQlQTIlMjBlciUyMHZlcmRlbnMlMjBmJUMzJUI4cnN0ZSUyMGtvbW1lcmNpZWx0JTIwcHJvZHVjZXJlZGUlMjBwb2x5a2V0b24u&#8221; ag_sh_img=&#8221;2353&#8243; ag_sh_tag=&#8221;h1&#8243; uc_init_settings=&#8221;&#8221;][\/vc_column][\/vc_row][vc_row content_placement=&#8221;middle&#8221; css=&#8221;.vc_custom_1659975571769{padding-top: 8rem !important;padding-bottom: 6rem !important;}&#8221;][vc_column width=&#8221;1\/2&#8243; css=&#8221;.vc_custom_1659975043893{padding-left: 1rem !important;}&#8221; el_class=&#8221;standard-padding&#8221;][ucaddon_ag_title ag_title_bold=&#8221;UG9seWtldG9uJTIwRWdlbnNrYWJlcg==&#8221; ag_title_font_size=&#8221;52&#8243; ag_title_align=&#8221;left&#8221; ag_titel_border=&#8221;&#8221; ag_title_tag=&#8221;h2&#8243; uc_init_settings=&#8221;&#8221;][vc_column_text css=&#8221;.vc_custom_1688454786628{padding-bottom: 2rem !important;}&#8221;] Fremragende kemisk resistens over for bilv\u00e6sker, kulbrinter, salte og svage syrer og baser. PK viser h\u00f8jere modstand mod hydrolyse i et bredt spektrum af vandige milj\u00f8er [&hellip;]","og_url":"https:\/\/mapeplastics.se\/da\/materialer\/polyketon\/","og_site_name":"Mape Plastics","twitter_card":"summary_large_image","twitter_misc":{"Estimeret l\u00e6setid":"2 minutter"},"schema":{"@context":"https:\/\/schema.org","@graph":[{"@type":"WebPage","@id":"https:\/\/mapeplastics.se\/da\/materialer\/polyketon\/","url":"https:\/\/mapeplastics.se\/da\/materialer\/polyketon\/","name":"Polyketon - Mape Plastics","isPartOf":{"@id":"https:\/\/mapeplastics.se\/da\/#website"},"datePublished":"2023-07-04T07:45:32+00:00","dateModified":"2023-07-04T07:45:32+00:00","breadcrumb":{"@id":"https:\/\/mapeplastics.se\/da\/materialer\/polyketon\/#breadcrumb"},"inLanguage":"da-DK","potentialAction":[{"@type":"ReadAction","target":["https:\/\/mapeplastics.se\/da\/materialer\/polyketon\/"]}]},{"@type":"BreadcrumbList","@id":"https:\/\/mapeplastics.se\/da\/materialer\/polyketon\/#breadcrumb","itemListElement":[{"@type":"ListItem","position":1,"name":"Hem","item":"https:\/\/mapeplastics.se\/da\/"},{"@type":"ListItem","position":2,"name":"Materialer","item":"https:\/\/mapeplastics.se\/da\/materialer\/"},{"@type":"ListItem","position":3,"name":"Polyketon"}]},{"@type":"WebSite","@id":"https:\/\/mapeplastics.se\/da\/#website","url":"https:\/\/mapeplastics.se\/da\/","name":"Mape Plastics","description":"","potentialAction":[{"@type":"SearchAction","target":{"@type":"EntryPoint","urlTemplate":"https:\/\/mapeplastics.se\/da\/?s={search_term_string}"},"query-input":"required name=search_term_string"}],"inLanguage":"da-DK"}]}},"_links":{"self":[{"href":"https:\/\/mapeplastics.se\/da\/wp-json\/wp\/v2\/pages\/4646"}],"collection":[{"href":"https:\/\/mapeplastics.se\/da\/wp-json\/wp\/v2\/pages"}],"about":[{"href":"https:\/\/mapeplastics.se\/da\/wp-json\/wp\/v2\/types\/page"}],"author":[{"embeddable":true,"href":"https:\/\/mapeplastics.se\/da\/wp-json\/wp\/v2\/users\/29"}],"replies":[{"embeddable":true,"href":"https:\/\/mapeplastics.se\/da\/wp-json\/wp\/v2\/comments?post=4646"}],"version-history":[{"count":3,"href":"https:\/\/mapeplastics.se\/da\/wp-json\/wp\/v2\/pages\/4646\/revisions"}],"predecessor-version":[{"id":4663,"href":"https:\/\/mapeplastics.se\/da\/wp-json\/wp\/v2\/pages\/4646\/revisions\/4663"}],"up":[{"embeddable":true,"href":"https:\/\/mapeplastics.se\/da\/wp-json\/wp\/v2\/pages\/823"}],"wp:attachment":[{"href":"https:\/\/mapeplastics.se\/da\/wp-json\/wp\/v2\/media?parent=4646"}],"curies":[{"name":"wp","href":"https:\/\/api.w.org\/{rel}","templated":true}]}}