{"id":4726,"date":"2023-08-10T21:58:02","date_gmt":"2023-08-10T19:58:02","guid":{"rendered":"https:\/\/mapeplastics.se\/partnere\/envalior\/"},"modified":"2024-05-21T14:19:25","modified_gmt":"2024-05-21T12:19:25","slug":"envalior","status":"publish","type":"page","link":"https:\/\/mapeplastics.se\/da\/partnere\/envalior\/","title":{"rendered":"ENVALIOR"},"content":{"rendered":"<section class=\"wpb-content-wrapper\"><p>[vc_row fullwidth=&#8221;1&#8243;][vc_column][ucaddon_ag_sub_hero ag_sh_text_small=&#8221;VORES PARTNERE&#8221; ag_sh_text=&#8221;ENVALIOR&#8221; ag_sub_hero_par=&#8221;RGVuJTIwdHlza2UlMjB2aXJrc29taGVkJTIwRU5WQUxJT1IlMjBlciUyMGVuJTIwdXRyb2xpZ3QlMjBrb21wZXRlbnQlMjBwcm9kdWNlbnQlMjBpbmRlbiUyMGZvciUyMHBsYXN0aW5kdXN0cmllbi4lMjBTb20lMjBmJUMzJUI4cmVuZGUlMjBla3NwZXJ0JTIwb2clMjBsZXZlcmFuZCVDMyVCOHIlMjBhZiUyMHRla25pc2tlJTIwcGxhc3RtYXRlcmlhbGVyJTIwdGlsYnlkZXIlMjBkZSUyMGwlQzMlQjhzbmluZ2VyJTIwdGlsJTIwZW4lMjBiJUMzJUE2cmVkeWd0aWclMjB2ZXJkZW4u&#8221; ag_sh_tag=&#8221;h1&#8243;][\/vc_column][\/vc_row][vc_row css_animation=&#8221;none&#8221; css=&#8221;.vc_custom_1663093872195{padding-top: 40px !important;padding-bottom: 40px !important;}&#8221;][vc_column css_animation=&#8221;fadeIn&#8221; width=&#8221;1\/2&#8243; el_class=&#8221;standard-padding&#8221;][vc_empty_space height=&#8221;120px&#8221;][ucaddon_ag_title ag_title_slim=&#8221;ZW52YWxpb3IlMjBsZXZlcmU=&#8221; ag_title_bold=&#8221;RU5HSU5FRVJJTkclMjBNQVRFUklBTEUlMjBMJUMzJTk4U05JTkdFUg==&#8221; ag_title_font_size=&#8221;45&#8243; ag_title_align=&#8221;left&#8221; ag_titel_border=&#8221;&#8221;][vc_column_text css=&#8221;.vc_custom_1692000888281{padding-bottom: 2rem !important;}&#8221;]ENVALIOR blev til virkelighed i 2023, da DSM Engineering Materials og LANXESS High Performance Materials slog sig sammen. Med en kombineret arv p\u00e5 over 100 \u00e5r er de en f\u00f8rende virksomhed inden for specialkemikalier. ENVALIOR&#8217;s portef\u00f8lje inkluderer h\u00f8jtydende plastmaterialer som Durethan\u00ae (PA6, PA66) og Pocan\u00ae (PBT, PBT-blandinger), som tilbyder n\u00f8gleindustrier over hele verden et bredt spektrum af ingeni\u00f8rplastmaterialer. Vi har v\u00e6ret en stolt udviklingspartner siden 2022.[\/vc_column_text][\/vc_column][vc_column css_animation=&#8221;fadeIn&#8221; width=&#8221;1\/2&#8243;][ucaddon_ag_overlay_block ag_overlay_image=&#8221;3402&#8243; ag_overlay_image_font=&#8221;4394&#8243;][\/vc_column][\/vc_row][vc_row css_animation=&#8221;fadeIn&#8221; css=&#8221;.vc_custom_1663093992409{margin-top: 60px !important;margin-bottom: 80px !important;}&#8221;][vc_column width=&#8221;1\/2&#8243; el_class=&#8221;text-col&#8221;][ucaddon_ag_overlay_block ag_overlay_image=&#8221;3153&#8243; ag_overlay_image_font=&#8221;3396&#8243;][\/vc_column][vc_column width=&#8221;1\/2&#8243; el_class=&#8221;desktop-padding&#8221;][ucaddon_ag_title ag_title_slim=&#8221;TSVDMyVBNnJrZXI=&#8221; ag_title_bold=&#8221;RHVyZXRoYW4lQzIlQUUlMjBvZyUyMFBvY2FuJUMyJUFF&#8221; ag_title_font_size=&#8221;45&#8243; ag_title_align=&#8221;left&#8221; ag_titel_border=&#8221;&#8221;][vc_column_text css=&#8221;.vc_custom_1692002095398{padding-bottom: 2rem !important;}&#8221;]Durethan\u00ae portef\u00f8ljen str\u00e6kker sig fra bl\u00f8de og seje grader til ekstremt stive og h\u00e5rde grader. Denne alsidighed giver ENVALIOR mulighed for at tilbyde skr\u00e6ddersyede l\u00f8sninger, der opfylder en bred vifte af krav og anvendelser.<\/p>\n<p>Pocan\u00ae tilbyder en h\u00f8j varmebestandighed, styrke og h\u00e5rdhed samt fremragende glideegenskaber og h\u00f8j modstandsdygtighed over for slid, god modstand mod kemikalier, lav modtagelighed over for sp\u00e6ndingsspr\u00e6ngning og lav fugtoptagelse.<\/p>\n<p>Portef\u00f8ljen omfatter forskellige grader, herunder dem, der er forst\u00e6rket med glasfiber, glasperler eller mineraltils\u00e6tningsstoffer. Derudover er der brandsikre, elastomer-modificerede hydrolysestabiliserede og f\u00f8devaregodkendte grader tilg\u00e6ngelige for at im\u00f8dekomme specifikke behov.[\/vc_column_text][\/vc_column][\/vc_row][vc_row css=&#8221;.vc_custom_1647351943677{padding-top: 50px !important;padding-bottom: 60px !important;background-color: #f9f9f9 !important;}&#8221;][vc_column][ucaddon_ag_title ag_title_slim=&#8221;T1BEQUdFJTIwRU5WQUxJT1I=&#8221; ag_title_bold=&#8221;TCVDMyU4NlIlMjBNRVJFJTIwT00lMjBFTlZBTElPUg==&#8221; ag_title_font_size=&#8221;45&#8243; ag_title_align=&#8221;center&#8221; ag_titel_border=&#8221;&#8221;][vc_empty_space height=&#8221;30px&#8221;][vc_row_inner gap=&#8221;30&#8243; el_class=&#8221;usp-row&#8221;][vc_column_inner el_class=&#8221;cta-col&#8221; width=&#8221;1\/3&#8243; css=&#8221;.vc_custom_1647427402135{padding-top: 0px !important;background-color: #ffffff !important;}&#8221;][vc_single_image image=&#8221;4467&#8243; img_size=&#8221;full&#8221; onclick=&#8221;custom_link&#8221; img_link_target=&#8221;_blank&#8221; el_class=&#8221;cta-img&#8221; link=&#8221;https:\/\/envalior.com&#8221;][vc_custom_heading text=&#8221;ENVALIOR WEBSITE&#8221; font_container=&#8221;tag:h3|text_align:left&#8221; use_theme_fonts=&#8221;yes&#8221; el_class=&#8221;rubrik-mape&#8221; css=&#8221;.vc_custom_1692002274476{padding-left: 15px !important;}&#8221; link=&#8221;url:https%3A%2F%2Fenvalior.com&#8221;][vc_column_text el_class=&#8221;under-rubrik-mape&#8221; css=&#8221;.vc_custom_1692002340194{padding-left: 15px !important;}&#8221;]<a href=\"https:\/\/envalior.com\" target=\"_blank\" rel=\"noopener\">Bes\u00f8g envalior.com<\/a>[\/vc_column_text][vc_empty_space height=&#8221;30px&#8221;][\/vc_column_inner][vc_column_inner el_class=&#8221;cta-col&#8221; width=&#8221;1\/3&#8243; css=&#8221;.vc_custom_1647352243868{padding-top: 0px !important;background-color: #ffffff !important;}&#8221;][vc_single_image image=&#8221;3089&#8243; img_size=&#8221;full&#8221; onclick=&#8221;custom_link&#8221; img_link_target=&#8221;_blank&#8221; el_class=&#8221;cta-img&#8221; link=&#8221;https:\/\/techcenter.lanxess.com\/scp\/emea\/en\/products\/description\/47\/index.jsp?docId=61957&amp;pid=47&#8243;][vc_custom_heading text=&#8221;PRODUKT INFORMATION&#8221; font_container=&#8221;tag:h3|text_align:left&#8221; use_theme_fonts=&#8221;yes&#8221; el_class=&#8221;rubrik-mape&#8221; css=&#8221;.vc_custom_1692002257584{padding-left: 15px !important;}&#8221; link=&#8221;url:https%3A%2F%2Ftechcenter.lanxess.com%2Fscp%2Femea%2Fen%2Fproducts%2Fdescription%2F47%2Findex.jsp%3FdocId%3D61957%26pid%3D47&#8243;][vc_column_text el_class=&#8221;under-rubrik-mape&#8221; css=&#8221;.vc_custom_1692002352060{padding-left: 15px !important;}&#8221;]<a href=\"https:\/\/techcenter.lanxess.com\/scp\/emea\/en\/products\/description\/47\/index.jsp?docId=61957&amp;pid=47\" target=\"_blank\" rel=\"noopener\">Bes\u00f8g Techcenter<\/a>[\/vc_column_text][vc_empty_space height=&#8221;30px&#8221;][\/vc_column_inner][vc_column_inner el_class=&#8221;cta-col&#8221; width=&#8221;1\/3&#8243; css=&#8221;.vc_custom_1647351040630{padding-top: 0px !important;background-color: #ffffff !important;}&#8221;][vc_single_image image=&#8221;4473&#8243; img_size=&#8221;full&#8221; onclick=&#8221;custom_link&#8221; img_link_target=&#8221;_blank&#8221; el_class=&#8221;cta-img&#8221; link=&#8221;mailto:johan@mapeplastics.se&#8221;][vc_custom_heading text=&#8221;VIL DU VIDE MERE?&#8221; font_container=&#8221;tag:h3|text_align:left&#8221; use_theme_fonts=&#8221;yes&#8221; el_class=&#8221;rubrik-mape&#8221; css=&#8221;.vc_custom_1692002224344{padding-left: 15px !important;}&#8221; link=&#8221;url:mailto%3Ajohan%40mapeplastics.se&#8221;][vc_column_text el_class=&#8221;under-rubrik-mape&#8221; css=&#8221;.vc_custom_1692002245317{padding-left: 15px !important;}&#8221;]<a href=\"mailto:johan@mapeplastics.se\">KONTAKT JOHAN MALMGREN<\/a>[\/vc_column_text][vc_empty_space height=&#8221;30px&#8221;][\/vc_column_inner][\/vc_row_inner][\/vc_column][\/vc_row]<\/p>\n<\/section>","protected":false},"excerpt":{"rendered":"<p>[vc_row fullwidth=&#8221;1&#8243;][vc_column][ucaddon_ag_sub_hero ag_sh_text_small=&#8221;VORES PARTNERE&#8221; ag_sh_text=&#8221;ENVALIOR&#8221; ag_sub_hero_par=&#8221;RGVuJTIwdHlza2UlMjB2aXJrc29taGVkJTIwRU5WQUxJT1IlMjBlciUyMGVuJTIwdXRyb2xpZ3QlMjBrb21wZXRlbnQlMjBwcm9kdWNlbnQlMjBpbmRlbiUyMGZvciUyMHBsYXN0aW5kdXN0cmllbi4lMjBTb20lMjBmJUMzJUI4cmVuZGUlMjBla3NwZXJ0JTIwb2clMjBsZXZlcmFuZCVDMyVCOHIlMjBhZiUyMHRla25pc2tlJTIwcGxhc3RtYXRlcmlhbGVyJTIwdGlsYnlkZXIlMjBkZSUyMGwlQzMlQjhzbmluZ2VyJTIwdGlsJTIwZW4lMjBiJUMzJUE2cmVkeWd0aWclMjB2ZXJkZW4u&#8221; ag_sh_tag=&#8221;h1&#8243;][\/vc_column][\/vc_row][vc_row css_animation=&#8221;none&#8221; css=&#8221;.vc_custom_1663093872195{padding-top: 40px !important;padding-bottom: 40px !important;}&#8221;][vc_column css_animation=&#8221;fadeIn&#8221; width=&#8221;1\/2&#8243; el_class=&#8221;standard-padding&#8221;][vc_empty_space height=&#8221;120px&#8221;][ucaddon_ag_title ag_title_slim=&#8221;ZW52YWxpb3IlMjBsZXZlcmU=&#8221; ag_title_bold=&#8221;RU5HSU5FRVJJTkclMjBNQVRFUklBTEUlMjBMJUMzJTk4U05JTkdFUg==&#8221; ag_title_font_size=&#8221;45&#8243; ag_title_align=&#8221;left&#8221; ag_titel_border=&#8221;&#8221;][vc_column_text css=&#8221;.vc_custom_1692000888281{padding-bottom: 2rem !important;}&#8221;]ENVALIOR blev til virkelighed i 2023, da DSM Engineering Materials og LANXESS High Performance Materials slog sig sammen. Med en kombineret arv p\u00e5 over 100 \u00e5r er de en f\u00f8rende virksomhed [&hellip;]<\/p>\n","protected":false},"author":29,"featured_media":0,"parent":800,"menu_order":0,"comment_status":"closed","ping_status":"closed","template":"page-visual-composer.php","meta":{"_mi_skip_tracking":false},"acf":[],"yoast_head":"<!-- This site is optimized with the Yoast SEO plugin v20.7 - https:\/\/yoast.com\/wordpress\/plugins\/seo\/ -->\n<title>ENVALIOR - Mape Plastics<\/title>\n<meta name=\"robots\" content=\"index, follow, max-snippet:-1, max-image-preview:large, max-video-preview:-1\" \/>\n<link rel=\"canonical\" href=\"https:\/\/mapeplastics.se\/da\/partnere\/envalior\/\" \/>\n<meta property=\"og:locale\" content=\"da_DK\" \/>\n<meta property=\"og:type\" content=\"article\" \/>\n<meta property=\"og:title\" content=\"ENVALIOR - Mape Plastics\" \/>\n<meta property=\"og:description\" content=\"[vc_row fullwidth=&#8221;1&#8243;][vc_column][ucaddon_ag_sub_hero ag_sh_text_small=&#8221;VORES PARTNERE&#8221; ag_sh_text=&#8221;ENVALIOR&#8221; ag_sub_hero_par=&#8221;RGVuJTIwdHlza2UlMjB2aXJrc29taGVkJTIwRU5WQUxJT1IlMjBlciUyMGVuJTIwdXRyb2xpZ3QlMjBrb21wZXRlbnQlMjBwcm9kdWNlbnQlMjBpbmRlbiUyMGZvciUyMHBsYXN0aW5kdXN0cmllbi4lMjBTb20lMjBmJUMzJUI4cmVuZGUlMjBla3NwZXJ0JTIwb2clMjBsZXZlcmFuZCVDMyVCOHIlMjBhZiUyMHRla25pc2tlJTIwcGxhc3RtYXRlcmlhbGVyJTIwdGlsYnlkZXIlMjBkZSUyMGwlQzMlQjhzbmluZ2VyJTIwdGlsJTIwZW4lMjBiJUMzJUE2cmVkeWd0aWclMjB2ZXJkZW4u&#8221; ag_sh_tag=&#8221;h1&#8243;][\/vc_column][\/vc_row][vc_row css_animation=&#8221;none&#8221; css=&#8221;.vc_custom_1663093872195{padding-top: 40px !important;padding-bottom: 40px !important;}&#8221;][vc_column css_animation=&#8221;fadeIn&#8221; width=&#8221;1\/2&#8243; el_class=&#8221;standard-padding&#8221;][vc_empty_space height=&#8221;120px&#8221;][ucaddon_ag_title ag_title_slim=&#8221;ZW52YWxpb3IlMjBsZXZlcmU=&#8221; ag_title_bold=&#8221;RU5HSU5FRVJJTkclMjBNQVRFUklBTEUlMjBMJUMzJTk4U05JTkdFUg==&#8221; ag_title_font_size=&#8221;45&#8243; ag_title_align=&#8221;left&#8221; ag_titel_border=&#8221;&#8221;][vc_column_text css=&#8221;.vc_custom_1692000888281{padding-bottom: 2rem !important;}&#8221;]ENVALIOR blev til virkelighed i 2023, da DSM Engineering Materials og LANXESS High Performance Materials slog sig sammen. Med en kombineret arv p\u00e5 over 100 \u00e5r er de en f\u00f8rende virksomhed [&hellip;]\" \/>\n<meta property=\"og:url\" content=\"https:\/\/mapeplastics.se\/da\/partnere\/envalior\/\" \/>\n<meta property=\"og:site_name\" content=\"Mape Plastics\" \/>\n<meta property=\"article:modified_time\" content=\"2024-05-21T12:19:25+00:00\" \/>\n<meta name=\"twitter:card\" content=\"summary_large_image\" \/>\n<meta name=\"twitter:label1\" content=\"Estimeret l\u00e6setid\" \/>\n\t<meta name=\"twitter:data1\" content=\"2 minutter\" \/>\n<script type=\"application\/ld+json\" class=\"yoast-schema-graph\">{\"@context\":\"https:\/\/schema.org\",\"@graph\":[{\"@type\":\"WebPage\",\"@id\":\"https:\/\/mapeplastics.se\/da\/partnere\/envalior\/\",\"url\":\"https:\/\/mapeplastics.se\/da\/partnere\/envalior\/\",\"name\":\"ENVALIOR - Mape Plastics\",\"isPartOf\":{\"@id\":\"https:\/\/mapeplastics.se\/da\/#website\"},\"datePublished\":\"2023-08-10T19:58:02+00:00\",\"dateModified\":\"2024-05-21T12:19:25+00:00\",\"breadcrumb\":{\"@id\":\"https:\/\/mapeplastics.se\/da\/partnere\/envalior\/#breadcrumb\"},\"inLanguage\":\"da-DK\",\"potentialAction\":[{\"@type\":\"ReadAction\",\"target\":[\"https:\/\/mapeplastics.se\/da\/partnere\/envalior\/\"]}]},{\"@type\":\"BreadcrumbList\",\"@id\":\"https:\/\/mapeplastics.se\/da\/partnere\/envalior\/#breadcrumb\",\"itemListElement\":[{\"@type\":\"ListItem\",\"position\":1,\"name\":\"Hem\",\"item\":\"https:\/\/mapeplastics.se\/da\/\"},{\"@type\":\"ListItem\",\"position\":2,\"name\":\"Partnere\",\"item\":\"https:\/\/mapeplastics.se\/da\/partnere\/\"},{\"@type\":\"ListItem\",\"position\":3,\"name\":\"ENVALIOR\"}]},{\"@type\":\"WebSite\",\"@id\":\"https:\/\/mapeplastics.se\/da\/#website\",\"url\":\"https:\/\/mapeplastics.se\/da\/\",\"name\":\"Mape Plastics\",\"description\":\"\",\"potentialAction\":[{\"@type\":\"SearchAction\",\"target\":{\"@type\":\"EntryPoint\",\"urlTemplate\":\"https:\/\/mapeplastics.se\/da\/?s={search_term_string}\"},\"query-input\":\"required name=search_term_string\"}],\"inLanguage\":\"da-DK\"}]}<\/script>\n<!-- \/ Yoast SEO plugin. -->","yoast_head_json":{"title":"ENVALIOR - Mape Plastics","robots":{"index":"index","follow":"follow","max-snippet":"max-snippet:-1","max-image-preview":"max-image-preview:large","max-video-preview":"max-video-preview:-1"},"canonical":"https:\/\/mapeplastics.se\/da\/partnere\/envalior\/","og_locale":"da_DK","og_type":"article","og_title":"ENVALIOR - Mape Plastics","og_description":"[vc_row fullwidth=&#8221;1&#8243;][vc_column][ucaddon_ag_sub_hero ag_sh_text_small=&#8221;VORES PARTNERE&#8221; ag_sh_text=&#8221;ENVALIOR&#8221; ag_sub_hero_par=&#8221;RGVuJTIwdHlza2UlMjB2aXJrc29taGVkJTIwRU5WQUxJT1IlMjBlciUyMGVuJTIwdXRyb2xpZ3QlMjBrb21wZXRlbnQlMjBwcm9kdWNlbnQlMjBpbmRlbiUyMGZvciUyMHBsYXN0aW5kdXN0cmllbi4lMjBTb20lMjBmJUMzJUI4cmVuZGUlMjBla3NwZXJ0JTIwb2clMjBsZXZlcmFuZCVDMyVCOHIlMjBhZiUyMHRla25pc2tlJTIwcGxhc3RtYXRlcmlhbGVyJTIwdGlsYnlkZXIlMjBkZSUyMGwlQzMlQjhzbmluZ2VyJTIwdGlsJTIwZW4lMjBiJUMzJUE2cmVkeWd0aWclMjB2ZXJkZW4u&#8221; ag_sh_tag=&#8221;h1&#8243;][\/vc_column][\/vc_row][vc_row css_animation=&#8221;none&#8221; css=&#8221;.vc_custom_1663093872195{padding-top: 40px !important;padding-bottom: 40px !important;}&#8221;][vc_column css_animation=&#8221;fadeIn&#8221; width=&#8221;1\/2&#8243; el_class=&#8221;standard-padding&#8221;][vc_empty_space height=&#8221;120px&#8221;][ucaddon_ag_title ag_title_slim=&#8221;ZW52YWxpb3IlMjBsZXZlcmU=&#8221; ag_title_bold=&#8221;RU5HSU5FRVJJTkclMjBNQVRFUklBTEUlMjBMJUMzJTk4U05JTkdFUg==&#8221; ag_title_font_size=&#8221;45&#8243; ag_title_align=&#8221;left&#8221; ag_titel_border=&#8221;&#8221;][vc_column_text css=&#8221;.vc_custom_1692000888281{padding-bottom: 2rem !important;}&#8221;]ENVALIOR blev til virkelighed i 2023, da DSM Engineering Materials og LANXESS High Performance Materials slog sig sammen. Med en kombineret arv p\u00e5 over 100 \u00e5r er de en f\u00f8rende virksomhed [&hellip;]","og_url":"https:\/\/mapeplastics.se\/da\/partnere\/envalior\/","og_site_name":"Mape Plastics","article_modified_time":"2024-05-21T12:19:25+00:00","twitter_card":"summary_large_image","twitter_misc":{"Estimeret l\u00e6setid":"2 minutter"},"schema":{"@context":"https:\/\/schema.org","@graph":[{"@type":"WebPage","@id":"https:\/\/mapeplastics.se\/da\/partnere\/envalior\/","url":"https:\/\/mapeplastics.se\/da\/partnere\/envalior\/","name":"ENVALIOR - Mape Plastics","isPartOf":{"@id":"https:\/\/mapeplastics.se\/da\/#website"},"datePublished":"2023-08-10T19:58:02+00:00","dateModified":"2024-05-21T12:19:25+00:00","breadcrumb":{"@id":"https:\/\/mapeplastics.se\/da\/partnere\/envalior\/#breadcrumb"},"inLanguage":"da-DK","potentialAction":[{"@type":"ReadAction","target":["https:\/\/mapeplastics.se\/da\/partnere\/envalior\/"]}]},{"@type":"BreadcrumbList","@id":"https:\/\/mapeplastics.se\/da\/partnere\/envalior\/#breadcrumb","itemListElement":[{"@type":"ListItem","position":1,"name":"Hem","item":"https:\/\/mapeplastics.se\/da\/"},{"@type":"ListItem","position":2,"name":"Partnere","item":"https:\/\/mapeplastics.se\/da\/partnere\/"},{"@type":"ListItem","position":3,"name":"ENVALIOR"}]},{"@type":"WebSite","@id":"https:\/\/mapeplastics.se\/da\/#website","url":"https:\/\/mapeplastics.se\/da\/","name":"Mape Plastics","description":"","potentialAction":[{"@type":"SearchAction","target":{"@type":"EntryPoint","urlTemplate":"https:\/\/mapeplastics.se\/da\/?s={search_term_string}"},"query-input":"required name=search_term_string"}],"inLanguage":"da-DK"}]}},"_links":{"self":[{"href":"https:\/\/mapeplastics.se\/da\/wp-json\/wp\/v2\/pages\/4726"}],"collection":[{"href":"https:\/\/mapeplastics.se\/da\/wp-json\/wp\/v2\/pages"}],"about":[{"href":"https:\/\/mapeplastics.se\/da\/wp-json\/wp\/v2\/types\/page"}],"author":[{"embeddable":true,"href":"https:\/\/mapeplastics.se\/da\/wp-json\/wp\/v2\/users\/29"}],"replies":[{"embeddable":true,"href":"https:\/\/mapeplastics.se\/da\/wp-json\/wp\/v2\/comments?post=4726"}],"version-history":[{"count":9,"href":"https:\/\/mapeplastics.se\/da\/wp-json\/wp\/v2\/pages\/4726\/revisions"}],"predecessor-version":[{"id":6873,"href":"https:\/\/mapeplastics.se\/da\/wp-json\/wp\/v2\/pages\/4726\/revisions\/6873"}],"up":[{"embeddable":true,"href":"https:\/\/mapeplastics.se\/da\/wp-json\/wp\/v2\/pages\/800"}],"wp:attachment":[{"href":"https:\/\/mapeplastics.se\/da\/wp-json\/wp\/v2\/media?parent=4726"}],"curies":[{"name":"wp","href":"https:\/\/api.w.org\/{rel}","templated":true}]}}