{"id":4744,"date":"2023-08-10T21:58:03","date_gmt":"2023-08-10T19:58:03","guid":{"rendered":"https:\/\/mapeplastics.se\/partnere\/lotte-chemical\/"},"modified":"2025-09-08T10:45:39","modified_gmt":"2025-09-08T08:45:39","slug":"lotte-chemical","status":"publish","type":"page","link":"https:\/\/mapeplastics.se\/da\/partnere\/lotte-chemical\/","title":{"rendered":"LOTTE CHEMICAL"},"content":{"rendered":"<section class=\"wpb-content-wrapper\"><p>[vc_row fullwidth=&#8221;1&#8243;][vc_column][ucaddon_ag_sub_hero ag_sh_text_small=&#8221;VORES PARTNERE&#8221; ag_sh_text=&#8221;LOTTE CHEMICAL&#8221; ag_sub_hero_par=&#8221;RnJpZyVDMyVCOHIlMjBwb3RlbnRpYWxldCUyMHZlZCUyMGF2YW5jZXJlZGUlMjBtYXRlcmlhbGVyJTIwbWVkJTIwTE9UVEUlMjBDaGVtaWNhbHMlMjBTdGFyZXglQzIlQUUlMjBvZyUyMElORklOTyVDMiVBRQ==&#8221; ag_sh_tag=&#8221;h1&#8243;][\/vc_column][\/vc_row][vc_row css_animation=&#8221;none&#8221; css=&#8221;.vc_custom_1663093872195{padding-top: 40px !important;padding-bottom: 40px !important;}&#8221;][vc_column css_animation=&#8221;fadeIn&#8221; width=&#8221;1\/2&#8243; el_class=&#8221;standard-padding&#8221;][vc_empty_space height=&#8221;120px&#8221;][ucaddon_ag_title ag_title_slim=&#8221;R3J1bmRsYWd0JTIwMTk3Ng==&#8221; ag_title_bold=&#8221;RW4lMjBiZWRyZSUyMHZlcmRlbiUyMGdlbm5lbSUyMGtlbWk=&#8221; ag_title_font_size=&#8221;45&#8243; ag_title_align=&#8221;left&#8221; ag_titel_border=&#8221;&#8221;][vc_column_text css=&#8221;.vc_custom_1692004855661{padding-bottom: 2rem !important;}&#8221;]Stiftet i 1976 har LOTTE Chemical udviklet sig til et anerkendt globalt generelt kemisk selskab. Fra sine r\u00f8dder som Koreas f\u00f8rende kemiske virksomhed er det vokset til at v\u00e6re en af verdens syv st\u00f8rste kemiske virksomheder, drevet af produktkonkurrencekraft forankret i ekstraordin\u00e6r R&amp;D-kapacitet og ekspertise.<\/p>\n<p>Dedikeret til at beskytte milj\u00f8et l\u00e6gger LOTTE Chemical v\u00e6gt p\u00e5 kontinuerlig produktudvikling ved hj\u00e6lp af milj\u00f8venlige teknologier, der i sidste ende forbedrer livskvaliteten for enkeltpersoner. Med en st\u00e6rk forpligtelse til at fremme en fremtid, der gavner b\u00e5de menneskeheden og naturen, sigter LOTTE Chemical mod at forme en b\u00e6redygtig og velst\u00e5ende verden.[\/vc_column_text][\/vc_column][vc_column css_animation=&#8221;fadeIn&#8221; width=&#8221;1\/2&#8243;][ucaddon_ag_overlay_block ag_overlay_image=&#8221;4485&#8243; ag_overlay_image_font=&#8221;4425&#8243;][\/vc_column][\/vc_row][vc_row css_animation=&#8221;fadeIn&#8221; css=&#8221;.vc_custom_1663093992409{margin-top: 60px !important;margin-bottom: 80px !important;}&#8221;][vc_column width=&#8221;1\/2&#8243; el_class=&#8221;text-col&#8221;][ucaddon_ag_overlay_block ag_overlay_image=&#8221;4130&#8243; ag_overlay_image_font=&#8221;3267&#8243;][\/vc_column][vc_column width=&#8221;1\/2&#8243; el_class=&#8221;desktop-padding&#8221;][ucaddon_ag_title ag_title_slim=&#8221;U1RBUkVYJUMyJUFFJTIwT0clMjBJTkZJTk8lQzIlQUU=&#8221; ag_title_bold=&#8221;QXZhbmNlcmVkZSUyMG1hdGVyaWFsZXI=&#8221; ag_title_font_size=&#8221;45&#8243; ag_title_align=&#8221;left&#8221; ag_titel_border=&#8221;&#8221;][vc_column_text css=&#8221;.vc_custom_1692004881094{padding-bottom: 2rem !important;}&#8221;]Ved at udnytte LOTTE Chemicals ekspertise inden for avancerede materialer er der tilg\u00e6ngelig en omfattende r\u00e6kke specialiserede materialetilbud. Disse tilbud er specifikt designet til at fremme kunders applikationsudvikling p\u00e5 tv\u00e6rs af forskellige sektorer, s\u00e5som husholdningsapparater, IT-enheder til energi, medicinsk udstyr og avancerede bildele.<\/p>\n<p>Inden for deres produktportef\u00f8lje skiller starex\u00ae sig ud, og omfatter en r\u00e6kke generelle materialer, herunder ABS, ABS-legering og specialmaterialer afledt af ABS og ASA. Samtidig tilbyder deres anerkendte m\u00e6rke, INFINO\u00ae, ingeni\u00f8rplast som PC og PC-legering, herunder PC\/ABS og PC\/PBT.[\/vc_column_text][\/vc_column][\/vc_row][vc_row css=&#8221;.vc_custom_1692819208324{padding-bottom: 60px !important;}&#8221;][vc_column][ucaddon_ag_title ag_title_slim=&#8221;TWF0ZXJpYWxlRGF0YWJhc2U=&#8221; ag_title_bold=&#8221;TG90dGUlMjBQcm9kdWt0ZXI=&#8221; ag_title_font_size=&#8221;40&#8243; ag_title_align=&#8221;center&#8221; ag_titel_border=&#8221;&#8221;]\r\n        <style>\r\n            .js-ul-prospector-iframe {\r\n                width: 1px;\r\n                min-width: 100%;\r\n            }\r\n        <\/style>\r\n        <iframe class=\"js-ul-prospector-iframe\" src=\"https:\/\/catalog.ulprospector.com\/xquery.aspx?I=75681&amp;QM=100:1109&amp;RSCOLS=DYNAMIC&amp;FMT=HOV&amp;CULTURE=en&amp;PGSIZE=10\" frameborder=\"0\" allowfullscreen=\"false\" scrolling=\"yes\" loading=\"lazy\"><\/iframe>\r\n        <script>\r\n            jQuery(window).on(\"load\", function () {\r\n                if (!window.mapeChildUlProspectorIframeResizerInit) {\r\n                    console.log(\"Init UL Iframe Resizer\");\r\n                    iFrameResize({ log: false, scrolling: \"omit\" }, \".js-ul-prospector-iframe\");\r\n                    window.mapeChildUlProspectorIframeResizerInit = true;\r\n                }\r\n            });\r\n        <\/script>\r\n    [\/vc_column][\/vc_row][vc_row css=&#8221;.vc_custom_1647351943677{padding-top: 50px !important;padding-bottom: 60px !important;background-color: #f9f9f9 !important;}&#8221;][vc_column][ucaddon_ag_title ag_title_slim=&#8221;TE9UVEUlMjBDSEVNSUNBTA==&#8221; ag_title_bold=&#8221;TCVDMyU4NlIlMjBNRVJFJTIwT00lMjBMT1RURQ==&#8221; ag_title_font_size=&#8221;45&#8243; ag_title_align=&#8221;center&#8221; ag_titel_border=&#8221;&#8221;][vc_empty_space height=&#8221;30px&#8221;][vc_row_inner gap=&#8221;30&#8243; el_class=&#8221;usp-row&#8221;][vc_column_inner el_class=&#8221;cta-col&#8221; width=&#8221;1\/3&#8243; css=&#8221;.vc_custom_1647427402135{padding-top: 0px !important;background-color: #ffffff !important;}&#8221;][vc_single_image image=&#8221;4480&#8243; img_size=&#8221;full&#8221; onclick=&#8221;custom_link&#8221; img_link_target=&#8221;_blank&#8221; el_class=&#8221;cta-img&#8221; link=&#8221;https:\/\/product.lottechem.com\/en\/index.do&#8221;][vc_custom_heading text=&#8221;LOTTE CHEMICAL&#8221; font_container=&#8221;tag:h3|text_align:left&#8221; use_theme_fonts=&#8221;yes&#8221; el_class=&#8221;rubrik-mape&#8221; css=&#8221;.vc_custom_1686562565924{padding-left: 15px !important;}&#8221; link=&#8221;url:https%3A%2F%2Fproduct.lottechem.com%2Fen%2Findex.do&#8221;][vc_column_text el_class=&#8221;under-rubrik-mape&#8221; css=&#8221;.vc_custom_1692004905617{padding-left: 15px !important;}&#8221;]<a href=\"https:\/\/product.lottechem.com\/en\/index.do\">Bes\u00f8g LOTTE website<\/a>[\/vc_column_text][vc_empty_space height=&#8221;30px&#8221;][\/vc_column_inner][vc_column_inner el_class=&#8221;cta-col&#8221; width=&#8221;1\/3&#8243; css=&#8221;.vc_custom_1647352243868{padding-top: 0px !important;background-color: #ffffff !important;}&#8221;][vc_single_image image=&#8221;4490&#8243; img_size=&#8221;full&#8221; onclick=&#8221;custom_link&#8221; img_link_target=&#8221;_blank&#8221; el_class=&#8221;cta-img&#8221; link=&#8221;https:\/\/product.lottechem.com\/en\/tech\/brochure.do;jsessionid=51729ABC614899B03A7A734C929CA888?brPrdGroupCate=advanced&#8221;][vc_custom_heading text=&#8221;PRODUKTBROCHURER&#8221; font_container=&#8221;tag:h3|text_align:left&#8221; use_theme_fonts=&#8221;yes&#8221; el_class=&#8221;rubrik-mape&#8221; css=&#8221;.vc_custom_1692004937726{padding-left: 15px !important;}&#8221; link=&#8221;url:https%3A%2F%2Fproduct.lottechem.com%2Fen%2Ftech%2Fbrochure.do%3Bjsessionid%3D51729ABC614899B03A7A734C929CA888%3FbrPrdGroupCate%3Dadvanced&#8221;][vc_column_text el_class=&#8221;under-rubrik-mape&#8221; css=&#8221;.vc_custom_1692004916452{padding-left: 15px !important;}&#8221;]<a href=\"https:\/\/product.lottechem.com\/en\/tech\/brochure.do;jsessionid=51729ABC614899B03A7A734C929CA888?brPrdGroupCate=advanced\" target=\"_blank\" rel=\"noopener\">Udforske Infino and Starex<\/a>[\/vc_column_text][vc_empty_space height=&#8221;30px&#8221;][\/vc_column_inner][vc_column_inner el_class=&#8221;cta-col&#8221; width=&#8221;1\/3&#8243; css=&#8221;.vc_custom_1647351040630{padding-top: 0px !important;background-color: #ffffff !important;}&#8221;][vc_single_image image=&#8221;8196&#8243; img_size=&#8221;full&#8221; onclick=&#8221;custom_link&#8221; img_link_target=&#8221;_blank&#8221; el_class=&#8221;cta-img&#8221; link=&#8221;mailto:gustav.claesson@mapeplastics.se&#8221;][vc_custom_heading text=&#8221;VIL DU VIDE MERE?&#8221; font_container=&#8221;tag:h3|text_align:left&#8221; use_theme_fonts=&#8221;yes&#8221; el_class=&#8221;rubrik-mape&#8221; css=&#8221;.vc_custom_1692004951349{padding-left: 15px !important;}&#8221; link=&#8221;url:mailto%3Amagnus%40mapeplastics.se&#8221;][vc_column_text el_class=&#8221;under-rubrik-mape&#8221; css=&#8221;.vc_custom_1757321135953{padding-left: 15px !important;}&#8221;]<a href=\"mailto:gustav.claesson@mapeplastics.se\" target=\"_blank\" rel=\"noopener\">KONTAKT GUSTAV CLAESSON<\/a>[\/vc_column_text][vc_empty_space height=&#8221;30px&#8221;][\/vc_column_inner][\/vc_row_inner][\/vc_column][\/vc_row]<\/p>\n<\/section>","protected":false},"excerpt":{"rendered":"<p>[vc_row fullwidth=&#8221;1&#8243;][vc_column][ucaddon_ag_sub_hero ag_sh_text_small=&#8221;VORES PARTNERE&#8221; ag_sh_text=&#8221;LOTTE CHEMICAL&#8221; ag_sub_hero_par=&#8221;RnJpZyVDMyVCOHIlMjBwb3RlbnRpYWxldCUyMHZlZCUyMGF2YW5jZXJlZGUlMjBtYXRlcmlhbGVyJTIwbWVkJTIwTE9UVEUlMjBDaGVtaWNhbHMlMjBTdGFyZXglQzIlQUUlMjBvZyUyMElORklOTyVDMiVBRQ==&#8221; ag_sh_tag=&#8221;h1&#8243;][\/vc_column][\/vc_row][vc_row css_animation=&#8221;none&#8221; css=&#8221;.vc_custom_1663093872195{padding-top: 40px !important;padding-bottom: 40px !important;}&#8221;][vc_column css_animation=&#8221;fadeIn&#8221; width=&#8221;1\/2&#8243; el_class=&#8221;standard-padding&#8221;][vc_empty_space height=&#8221;120px&#8221;][ucaddon_ag_title ag_title_slim=&#8221;R3J1bmRsYWd0JTIwMTk3Ng==&#8221; ag_title_bold=&#8221;RW4lMjBiZWRyZSUyMHZlcmRlbiUyMGdlbm5lbSUyMGtlbWk=&#8221; ag_title_font_size=&#8221;45&#8243; ag_title_align=&#8221;left&#8221; ag_titel_border=&#8221;&#8221;][vc_column_text css=&#8221;.vc_custom_1692004855661{padding-bottom: 2rem !important;}&#8221;]Stiftet i 1976 har LOTTE Chemical udviklet sig til et anerkendt globalt generelt kemisk selskab. Fra sine r\u00f8dder som Koreas f\u00f8rende kemiske virksomhed er det vokset til at v\u00e6re en [&hellip;]<\/p>\n","protected":false},"author":29,"featured_media":0,"parent":800,"menu_order":0,"comment_status":"closed","ping_status":"closed","template":"page-visual-composer.php","meta":{"_mi_skip_tracking":false},"acf":[],"yoast_head":"<!-- This site is optimized with the Yoast SEO plugin v20.7 - https:\/\/yoast.com\/wordpress\/plugins\/seo\/ -->\n<title>LOTTE CHEMICAL - Mape Plastics<\/title>\n<meta name=\"robots\" content=\"index, follow, max-snippet:-1, max-image-preview:large, max-video-preview:-1\" \/>\n<link rel=\"canonical\" href=\"https:\/\/mapeplastics.se\/da\/partnere\/lotte-chemical\/\" \/>\n<meta property=\"og:locale\" content=\"da_DK\" \/>\n<meta property=\"og:type\" content=\"article\" \/>\n<meta property=\"og:title\" content=\"LOTTE CHEMICAL - Mape Plastics\" \/>\n<meta property=\"og:description\" content=\"[vc_row fullwidth=&#8221;1&#8243;][vc_column][ucaddon_ag_sub_hero ag_sh_text_small=&#8221;VORES PARTNERE&#8221; ag_sh_text=&#8221;LOTTE CHEMICAL&#8221; ag_sub_hero_par=&#8221;RnJpZyVDMyVCOHIlMjBwb3RlbnRpYWxldCUyMHZlZCUyMGF2YW5jZXJlZGUlMjBtYXRlcmlhbGVyJTIwbWVkJTIwTE9UVEUlMjBDaGVtaWNhbHMlMjBTdGFyZXglQzIlQUUlMjBvZyUyMElORklOTyVDMiVBRQ==&#8221; ag_sh_tag=&#8221;h1&#8243;][\/vc_column][\/vc_row][vc_row css_animation=&#8221;none&#8221; css=&#8221;.vc_custom_1663093872195{padding-top: 40px !important;padding-bottom: 40px !important;}&#8221;][vc_column css_animation=&#8221;fadeIn&#8221; width=&#8221;1\/2&#8243; el_class=&#8221;standard-padding&#8221;][vc_empty_space height=&#8221;120px&#8221;][ucaddon_ag_title ag_title_slim=&#8221;R3J1bmRsYWd0JTIwMTk3Ng==&#8221; ag_title_bold=&#8221;RW4lMjBiZWRyZSUyMHZlcmRlbiUyMGdlbm5lbSUyMGtlbWk=&#8221; ag_title_font_size=&#8221;45&#8243; ag_title_align=&#8221;left&#8221; ag_titel_border=&#8221;&#8221;][vc_column_text css=&#8221;.vc_custom_1692004855661{padding-bottom: 2rem !important;}&#8221;]Stiftet i 1976 har LOTTE Chemical udviklet sig til et anerkendt globalt generelt kemisk selskab. Fra sine r\u00f8dder som Koreas f\u00f8rende kemiske virksomhed er det vokset til at v\u00e6re en [&hellip;]\" \/>\n<meta property=\"og:url\" content=\"https:\/\/mapeplastics.se\/da\/partnere\/lotte-chemical\/\" \/>\n<meta property=\"og:site_name\" content=\"Mape Plastics\" \/>\n<meta property=\"article:modified_time\" content=\"2025-09-08T08:45:39+00:00\" \/>\n<meta name=\"twitter:card\" content=\"summary_large_image\" \/>\n<meta name=\"twitter:label1\" content=\"Estimeret l\u00e6setid\" \/>\n\t<meta name=\"twitter:data1\" content=\"2 minutter\" \/>\n<script type=\"application\/ld+json\" class=\"yoast-schema-graph\">{\"@context\":\"https:\/\/schema.org\",\"@graph\":[{\"@type\":\"WebPage\",\"@id\":\"https:\/\/mapeplastics.se\/da\/partnere\/lotte-chemical\/\",\"url\":\"https:\/\/mapeplastics.se\/da\/partnere\/lotte-chemical\/\",\"name\":\"LOTTE CHEMICAL - Mape Plastics\",\"isPartOf\":{\"@id\":\"https:\/\/mapeplastics.se\/da\/#website\"},\"datePublished\":\"2023-08-10T19:58:03+00:00\",\"dateModified\":\"2025-09-08T08:45:39+00:00\",\"breadcrumb\":{\"@id\":\"https:\/\/mapeplastics.se\/da\/partnere\/lotte-chemical\/#breadcrumb\"},\"inLanguage\":\"da-DK\",\"potentialAction\":[{\"@type\":\"ReadAction\",\"target\":[\"https:\/\/mapeplastics.se\/da\/partnere\/lotte-chemical\/\"]}]},{\"@type\":\"BreadcrumbList\",\"@id\":\"https:\/\/mapeplastics.se\/da\/partnere\/lotte-chemical\/#breadcrumb\",\"itemListElement\":[{\"@type\":\"ListItem\",\"position\":1,\"name\":\"Hem\",\"item\":\"https:\/\/mapeplastics.se\/da\/\"},{\"@type\":\"ListItem\",\"position\":2,\"name\":\"Partnere\",\"item\":\"https:\/\/mapeplastics.se\/da\/partnere\/\"},{\"@type\":\"ListItem\",\"position\":3,\"name\":\"LOTTE CHEMICAL\"}]},{\"@type\":\"WebSite\",\"@id\":\"https:\/\/mapeplastics.se\/da\/#website\",\"url\":\"https:\/\/mapeplastics.se\/da\/\",\"name\":\"Mape Plastics\",\"description\":\"\",\"potentialAction\":[{\"@type\":\"SearchAction\",\"target\":{\"@type\":\"EntryPoint\",\"urlTemplate\":\"https:\/\/mapeplastics.se\/da\/?s={search_term_string}\"},\"query-input\":\"required name=search_term_string\"}],\"inLanguage\":\"da-DK\"}]}<\/script>\n<!-- \/ Yoast SEO plugin. -->","yoast_head_json":{"title":"LOTTE CHEMICAL - Mape Plastics","robots":{"index":"index","follow":"follow","max-snippet":"max-snippet:-1","max-image-preview":"max-image-preview:large","max-video-preview":"max-video-preview:-1"},"canonical":"https:\/\/mapeplastics.se\/da\/partnere\/lotte-chemical\/","og_locale":"da_DK","og_type":"article","og_title":"LOTTE CHEMICAL - Mape Plastics","og_description":"[vc_row fullwidth=&#8221;1&#8243;][vc_column][ucaddon_ag_sub_hero ag_sh_text_small=&#8221;VORES PARTNERE&#8221; ag_sh_text=&#8221;LOTTE CHEMICAL&#8221; ag_sub_hero_par=&#8221;RnJpZyVDMyVCOHIlMjBwb3RlbnRpYWxldCUyMHZlZCUyMGF2YW5jZXJlZGUlMjBtYXRlcmlhbGVyJTIwbWVkJTIwTE9UVEUlMjBDaGVtaWNhbHMlMjBTdGFyZXglQzIlQUUlMjBvZyUyMElORklOTyVDMiVBRQ==&#8221; ag_sh_tag=&#8221;h1&#8243;][\/vc_column][\/vc_row][vc_row css_animation=&#8221;none&#8221; css=&#8221;.vc_custom_1663093872195{padding-top: 40px !important;padding-bottom: 40px !important;}&#8221;][vc_column css_animation=&#8221;fadeIn&#8221; width=&#8221;1\/2&#8243; el_class=&#8221;standard-padding&#8221;][vc_empty_space height=&#8221;120px&#8221;][ucaddon_ag_title ag_title_slim=&#8221;R3J1bmRsYWd0JTIwMTk3Ng==&#8221; ag_title_bold=&#8221;RW4lMjBiZWRyZSUyMHZlcmRlbiUyMGdlbm5lbSUyMGtlbWk=&#8221; ag_title_font_size=&#8221;45&#8243; ag_title_align=&#8221;left&#8221; ag_titel_border=&#8221;&#8221;][vc_column_text css=&#8221;.vc_custom_1692004855661{padding-bottom: 2rem !important;}&#8221;]Stiftet i 1976 har LOTTE Chemical udviklet sig til et anerkendt globalt generelt kemisk selskab. Fra sine r\u00f8dder som Koreas f\u00f8rende kemiske virksomhed er det vokset til at v\u00e6re en [&hellip;]","og_url":"https:\/\/mapeplastics.se\/da\/partnere\/lotte-chemical\/","og_site_name":"Mape Plastics","article_modified_time":"2025-09-08T08:45:39+00:00","twitter_card":"summary_large_image","twitter_misc":{"Estimeret l\u00e6setid":"2 minutter"},"schema":{"@context":"https:\/\/schema.org","@graph":[{"@type":"WebPage","@id":"https:\/\/mapeplastics.se\/da\/partnere\/lotte-chemical\/","url":"https:\/\/mapeplastics.se\/da\/partnere\/lotte-chemical\/","name":"LOTTE CHEMICAL - Mape Plastics","isPartOf":{"@id":"https:\/\/mapeplastics.se\/da\/#website"},"datePublished":"2023-08-10T19:58:03+00:00","dateModified":"2025-09-08T08:45:39+00:00","breadcrumb":{"@id":"https:\/\/mapeplastics.se\/da\/partnere\/lotte-chemical\/#breadcrumb"},"inLanguage":"da-DK","potentialAction":[{"@type":"ReadAction","target":["https:\/\/mapeplastics.se\/da\/partnere\/lotte-chemical\/"]}]},{"@type":"BreadcrumbList","@id":"https:\/\/mapeplastics.se\/da\/partnere\/lotte-chemical\/#breadcrumb","itemListElement":[{"@type":"ListItem","position":1,"name":"Hem","item":"https:\/\/mapeplastics.se\/da\/"},{"@type":"ListItem","position":2,"name":"Partnere","item":"https:\/\/mapeplastics.se\/da\/partnere\/"},{"@type":"ListItem","position":3,"name":"LOTTE CHEMICAL"}]},{"@type":"WebSite","@id":"https:\/\/mapeplastics.se\/da\/#website","url":"https:\/\/mapeplastics.se\/da\/","name":"Mape Plastics","description":"","potentialAction":[{"@type":"SearchAction","target":{"@type":"EntryPoint","urlTemplate":"https:\/\/mapeplastics.se\/da\/?s={search_term_string}"},"query-input":"required name=search_term_string"}],"inLanguage":"da-DK"}]}},"_links":{"self":[{"href":"https:\/\/mapeplastics.se\/da\/wp-json\/wp\/v2\/pages\/4744"}],"collection":[{"href":"https:\/\/mapeplastics.se\/da\/wp-json\/wp\/v2\/pages"}],"about":[{"href":"https:\/\/mapeplastics.se\/da\/wp-json\/wp\/v2\/types\/page"}],"author":[{"embeddable":true,"href":"https:\/\/mapeplastics.se\/da\/wp-json\/wp\/v2\/users\/29"}],"replies":[{"embeddable":true,"href":"https:\/\/mapeplastics.se\/da\/wp-json\/wp\/v2\/comments?post=4744"}],"version-history":[{"count":5,"href":"https:\/\/mapeplastics.se\/da\/wp-json\/wp\/v2\/pages\/4744\/revisions"}],"predecessor-version":[{"id":8204,"href":"https:\/\/mapeplastics.se\/da\/wp-json\/wp\/v2\/pages\/4744\/revisions\/8204"}],"up":[{"embeddable":true,"href":"https:\/\/mapeplastics.se\/da\/wp-json\/wp\/v2\/pages\/800"}],"wp:attachment":[{"href":"https:\/\/mapeplastics.se\/da\/wp-json\/wp\/v2\/media?parent=4744"}],"curies":[{"name":"wp","href":"https:\/\/api.w.org\/{rel}","templated":true}]}}