{"id":4752,"date":"2023-08-10T21:58:04","date_gmt":"2023-08-10T19:58:04","guid":{"rendered":"https:\/\/mapeplastics.se\/partnere\/repsol\/"},"modified":"2025-11-27T09:26:13","modified_gmt":"2025-11-27T08:26:13","slug":"repsol","status":"publish","type":"page","link":"https:\/\/mapeplastics.se\/da\/partnere\/repsol\/","title":{"rendered":"REPSOL"},"content":{"rendered":"<section class=\"wpb-content-wrapper\"><p>[vc_row fullwidth=&#8221;1&#8243;][vc_column][ucaddon_ag_sub_hero ag_sh_text_small=&#8221;VORES PARTNERE&#8221; ag_sh_text=&#8221;REPSOL&#8221; ag_sub_hero_par=&#8221;UmVwc29sJTIwYW5kJTIwdGhlaXIlMjBleHRlbnNpdmUlMjByYW5nZSUyMG9mJTIwbWF0ZXJpYWxzJTIwYXJlJTIwcmVwcmVzZW50ZWQlMjBpbiUyMG1hbnklMjBldmVyeWRheSUyMG9iamVjdHMlMjB0aGF0JTIwc3Vycm91bmQlMjB1cyUyMGFuZCUyMGltcHJvdmUlMjBvdXIlMjBsaXZlcw==&#8221; ag_sh_tag=&#8221;h1&#8243;][\/vc_column][\/vc_row][vc_row css_animation=&#8221;none&#8221; css=&#8221;.vc_custom_1663093872195{padding-top: 40px !important;padding-bottom: 40px !important;}&#8221;][vc_column css_animation=&#8221;fadeIn&#8221; width=&#8221;1\/2&#8243; el_class=&#8221;standard-padding&#8221;][vc_empty_space height=&#8221;120px&#8221;][ucaddon_ag_title ag_title_slim=&#8221;Zm9ycGxpZ3RldCUyMHRpbCUyMGF0JTIwYnlnZ2UlMjBlbg==&#8221; ag_title_bold=&#8221;YiVDMyVBNnJlZHlndGlnJTIwZnJlbXRpZA==&#8221; ag_title_font_size=&#8221;45&#8243; ag_title_align=&#8221;left&#8221; ag_titel_border=&#8221;&#8221;][vc_column_text css=&#8221;.vc_custom_1692003967103{padding-bottom: 2rem !important;}&#8221;]Repsol er et globalt multienergiselskab med en arbejdsstyrke p\u00e5 24.000 mennesker over hele verden. Deres forskelligartede udvalg af materialer finder anvendelse p\u00e5 tv\u00e6rs af flere industrier og im\u00f8dekommer behovene hos 24 millioner kunder globalt. Fra bilindustrien og elektronik til byggeri og mere, bliver Repsols materialer bredt anvendt, hvilket fremh\u00e6ver deres brede r\u00e6kkevidde og tilpasningsevne.<\/p>\n<p>Med et fokus p\u00e5 sikkerhed og milj\u00f8et er deres m\u00e5l at opn\u00e5 netto nul emissioner inden 2050 og dermed f\u00f8lge Parisaftalens m\u00e5l. Gennem innovative processer og topmoderne teknologi leverer de kontinuerligt unikke og b\u00e6redygtige produkter og tjenester.[\/vc_column_text][\/vc_column][vc_column css_animation=&#8221;fadeIn&#8221; width=&#8221;1\/2&#8243;][ucaddon_ag_overlay_block ag_overlay_image=&#8221;3420&#8243; ag_overlay_image_font=&#8221;9018&#8243; uc_init_settings=&#8221;&#8221;][\/vc_column][\/vc_row][vc_row css_animation=&#8221;fadeIn&#8221; css=&#8221;.vc_custom_1663093992409{margin-top: 60px !important;margin-bottom: 80px !important;}&#8221;][vc_column width=&#8221;1\/2&#8243; el_class=&#8221;text-col&#8221;][ucaddon_ag_overlay_block ag_overlay_image=&#8221;4501&#8243; ag_overlay_image_font=&#8221;3465&#8243;][\/vc_column][vc_column width=&#8221;1\/2&#8243; el_class=&#8221;desktop-padding&#8221;][ucaddon_ag_title ag_title_slim=&#8221;UmVwc29sJTIwc3QlQzMlQTVyJTIwZm9y&#8221; ag_title_bold=&#8221;U2lra2VyaGVkJTIwb2clMjBrdmFsaXRldA==&#8221; ag_title_font_size=&#8221;45&#8243; ag_title_align=&#8221;left&#8221; ag_titel_border=&#8221;&#8221;][vc_column_text css=&#8221;.vc_custom_1692004125370{padding-bottom: 2rem !important;}&#8221;]Repsols Kemiske Division besk\u00e6ftiger over 100 forskere og forskere, der udvikler innovative l\u00f8sninger for at tilf\u00f8re v\u00e6rdi gennem en bred portef\u00f8lje.<\/p>\n<p>Deres produkter omfatter m\u00e6rkerne Isplen, Alcudia, Ebantix, Primeva og Reciclex og tilbyder materialerne LDPE, LLDPE, MDPE, HDPE, PPC, PPR, PPH, EBA, EVA, PP-forbindelser og genbrugte kvaliteter.<\/p>\n<p>Udover Repsols polyolefiner vil vi gerne understrege deres omfattende udvalg af over 30 kvaliteter velegnet til medicinske anvendelser. Disse kvaliteter inkluderer HDPE, LDPE, EVA, PPR, PPH og PPC. Hos Mape Plastics forst\u00e5r vi sundhedsindustriens unikke krav og er stolte af at samarbejde med Repsol.[\/vc_column_text][\/vc_column][\/vc_row][vc_row css=&#8221;.vc_custom_1692819208324{padding-bottom: 60px !important;}&#8221;][vc_column][ucaddon_ag_title ag_title_slim=&#8221;TWF0ZXJpYWxlRGF0YWJhc2U=&#8221; ag_title_bold=&#8221;UmVwc29sJTIwcHJvZHVrdGVy&#8221; ag_title_font_size=&#8221;40&#8243; ag_title_align=&#8221;center&#8221; ag_titel_border=&#8221;&#8221;]\r\n        <style>\r\n            .js-ul-prospector-iframe {\r\n                width: 1px;\r\n                min-width: 100%;\r\n            }\r\n        <\/style>\r\n        <iframe class=\"js-ul-prospector-iframe\" src=\"https:\/\/catalog.ulprospector.com\/xquery.aspx?I=75681&amp;QM=100:927&amp;RSCOLS=DYNAMIC&amp;FMT=HOV&amp;CULTURE=en&amp;PGSIZE=10\" frameborder=\"0\" allowfullscreen=\"false\" scrolling=\"yes\" loading=\"lazy\"><\/iframe>\r\n        <script>\r\n            jQuery(window).on(\"load\", function () {\r\n                if (!window.mapeChildUlProspectorIframeResizerInit) {\r\n                    console.log(\"Init UL Iframe Resizer\");\r\n                    iFrameResize({ log: false, scrolling: \"omit\" }, \".js-ul-prospector-iframe\");\r\n                    window.mapeChildUlProspectorIframeResizerInit = true;\r\n                }\r\n            });\r\n        <\/script>\r\n    [\/vc_column][\/vc_row][vc_row css=&#8221;.vc_custom_1647351943677{padding-top: 50px !important;padding-bottom: 60px !important;background-color: #f9f9f9 !important;}&#8221;][vc_column][ucaddon_ag_title ag_title_slim=&#8221;UkVQU09M&#8221; ag_title_bold=&#8221;TCVDMyU4NlMlMjBNRVJFJTIwT00lMjBSRVBTT0w=&#8221; ag_title_font_size=&#8221;45&#8243; ag_title_align=&#8221;center&#8221; ag_titel_border=&#8221;&#8221;][vc_empty_space height=&#8221;30px&#8221;][vc_row_inner gap=&#8221;30&#8243; el_class=&#8221;usp-row&#8221;][vc_column_inner el_class=&#8221;cta-col&#8221; width=&#8221;1\/3&#8243; css=&#8221;.vc_custom_1647427402135{padding-top: 0px !important;background-color: #ffffff !important;}&#8221;][vc_single_image image=&#8221;4517&#8243; img_size=&#8221;full&#8221; onclick=&#8221;custom_link&#8221; img_link_target=&#8221;_blank&#8221; el_class=&#8221;cta-img&#8221; link=&#8221;https:\/\/quimicaonline.repsol.com\/s\/catalogo?language=en_US&amp;_gl=1*1fw5re0*_ga*Njg1NTQ3NzMzLjE2ODM4ODAyNTQ.*_ga_SHK91P7TCD*MTY4NjU2OTY1MC4xMS4xLjE2ODY1NzAzNjMuMC4wLjA.&#8221;][vc_custom_heading text=&#8221;PRODUKTKATALOG&#8221; font_container=&#8221;tag:h3|text_align:left&#8221; use_theme_fonts=&#8221;yes&#8221; el_class=&#8221;rubrik-mape&#8221; css=&#8221;.vc_custom_1692004156184{padding-left: 15px !important;}&#8221; link=&#8221;url:https%3A%2F%2Fquimicaonline.repsol.com%2Fs%2Fcatalogo%3Flanguage%3Den_US%26_gl%3D1*1fw5re0*_ga*Njg1NTQ3NzMzLjE2ODM4ODAyNTQ.*_ga_SHK91P7TCD*MTY4NjU2OTY1MC4xMS4xLjE2ODY1NzAzNjMuMC4wLjA.&#8221;][vc_column_text el_class=&#8221;under-rubrik-mape&#8221; css=&#8221;.vc_custom_1692004173110{padding-left: 15px !important;}&#8221;]<a href=\"https:\/\/quimicaonline.repsol.com\/s\/catalogo?language=en_US&amp;_gl=1*1fw5re0*_ga*Njg1NTQ3NzMzLjE2ODM4ODAyNTQ.*_ga_SHK91P7TCD*MTY4NjU2OTY1MC4xMS4xLjE2ODY1NzAzNjMuMC4wLjA.\">Udforske Repsol<\/a>[\/vc_column_text][vc_empty_space height=&#8221;30px&#8221;][\/vc_column_inner][vc_column_inner el_class=&#8221;cta-col&#8221; width=&#8221;1\/3&#8243; css=&#8221;.vc_custom_1647352243868{padding-top: 0px !important;background-color: #ffffff !important;}&#8221;][vc_single_image image=&#8221;4512&#8243; img_size=&#8221;full&#8221; onclick=&#8221;custom_link&#8221; img_link_target=&#8221;_blank&#8221; el_class=&#8221;cta-img&#8221; link=&#8221;https:\/\/www.repsol.com\/content\/dam\/repsol-corporate\/en_gb\/productos-y-servicios\/chemicals\/brochures-and-catalogs\/repsol-reciclex-catalog.pdf&#8221;][vc_custom_heading text=&#8221;REPSOL RECICLEX&#8221; font_container=&#8221;tag:h3|text_align:left&#8221; use_theme_fonts=&#8221;yes&#8221; el_class=&#8221;rubrik-mape&#8221; css=&#8221;.vc_custom_1686570114350{padding-left: 15px !important;}&#8221; link=&#8221;url:https%3A%2F%2Fwww.repsol.com%2Fcontent%2Fdam%2Frepsol-corporate%2Fen_gb%2Fproductos-y-servicios%2Fchemicals%2Fbrochures-and-catalogs%2Frepsol-reciclex-catalog.pdf&#8221;][vc_column_text el_class=&#8221;under-rubrik-mape&#8221; css=&#8221;.vc_custom_1686570130689{padding-left: 15px !important;}&#8221;]<a href=\"https:\/\/www.repsol.com\/content\/dam\/repsol-corporate\/en_gb\/productos-y-servicios\/chemicals\/brochures-and-catalogs\/repsol-reciclex-catalog.pdf\" target=\"_blank\" rel=\"noopener\">Recycled grades<\/a>[\/vc_column_text][vc_empty_space height=&#8221;30px&#8221;][\/vc_column_inner][vc_column_inner el_class=&#8221;cta-col&#8221; width=&#8221;1\/3&#8243; css=&#8221;.vc_custom_1647351040630{padding-top: 0px !important;background-color: #ffffff !important;}&#8221;][vc_single_image image=&#8221;8185&#8243; img_size=&#8221;full&#8221; onclick=&#8221;custom_link&#8221; img_link_target=&#8221;_blank&#8221; el_class=&#8221;cta-img&#8221; link=&#8221;mailto:carl@mapeplastics.se&#8221;][vc_custom_heading text=&#8221;VIL DU VIDE MERE?&#8221; font_container=&#8221;tag:h3|text_align:left&#8221; use_theme_fonts=&#8221;yes&#8221; el_class=&#8221;rubrik-mape&#8221; css=&#8221;.vc_custom_1692004188478{padding-left: 15px !important;}&#8221; link=&#8221;url:mailto%3Amagnus%40mapeplastics.se&#8221;][vc_column_text el_class=&#8221;under-rubrik-mape&#8221; css=&#8221;.vc_custom_1757320132714{padding-left: 15px !important;}&#8221;]<a href=\"mailto:carl@mapeplastics.se\">Kontakt Carl Waldenstr\u00f6m<\/a>[\/vc_column_text][vc_empty_space height=&#8221;30px&#8221;][\/vc_column_inner][\/vc_row_inner][\/vc_column][\/vc_row]<\/p>\n<\/section>","protected":false},"excerpt":{"rendered":"<p>[vc_row fullwidth=&#8221;1&#8243;][vc_column][ucaddon_ag_sub_hero ag_sh_text_small=&#8221;VORES PARTNERE&#8221; ag_sh_text=&#8221;REPSOL&#8221; ag_sub_hero_par=&#8221;UmVwc29sJTIwYW5kJTIwdGhlaXIlMjBleHRlbnNpdmUlMjByYW5nZSUyMG9mJTIwbWF0ZXJpYWxzJTIwYXJlJTIwcmVwcmVzZW50ZWQlMjBpbiUyMG1hbnklMjBldmVyeWRheSUyMG9iamVjdHMlMjB0aGF0JTIwc3Vycm91bmQlMjB1cyUyMGFuZCUyMGltcHJvdmUlMjBvdXIlMjBsaXZlcw==&#8221; ag_sh_tag=&#8221;h1&#8243;][\/vc_column][\/vc_row][vc_row css_animation=&#8221;none&#8221; css=&#8221;.vc_custom_1663093872195{padding-top: 40px !important;padding-bottom: 40px !important;}&#8221;][vc_column css_animation=&#8221;fadeIn&#8221; width=&#8221;1\/2&#8243; el_class=&#8221;standard-padding&#8221;][vc_empty_space height=&#8221;120px&#8221;][ucaddon_ag_title ag_title_slim=&#8221;Zm9ycGxpZ3RldCUyMHRpbCUyMGF0JTIwYnlnZ2UlMjBlbg==&#8221; ag_title_bold=&#8221;YiVDMyVBNnJlZHlndGlnJTIwZnJlbXRpZA==&#8221; ag_title_font_size=&#8221;45&#8243; ag_title_align=&#8221;left&#8221; ag_titel_border=&#8221;&#8221;][vc_column_text css=&#8221;.vc_custom_1692003967103{padding-bottom: 2rem !important;}&#8221;]Repsol er et globalt multienergiselskab med en arbejdsstyrke p\u00e5 24.000 mennesker over hele verden. Deres forskelligartede udvalg af materialer finder anvendelse p\u00e5 tv\u00e6rs af flere industrier og im\u00f8dekommer behovene hos 24 [&hellip;]<\/p>\n","protected":false},"author":29,"featured_media":0,"parent":800,"menu_order":0,"comment_status":"closed","ping_status":"closed","template":"page-visual-composer.php","meta":{"_mi_skip_tracking":false},"acf":[],"yoast_head":"<!-- This site is optimized with the Yoast SEO plugin v20.7 - https:\/\/yoast.com\/wordpress\/plugins\/seo\/ -->\n<title>REPSOL - Mape Plastics<\/title>\n<meta name=\"robots\" content=\"index, follow, max-snippet:-1, max-image-preview:large, max-video-preview:-1\" \/>\n<link rel=\"canonical\" href=\"https:\/\/mapeplastics.se\/da\/partnere\/repsol\/\" \/>\n<meta property=\"og:locale\" content=\"da_DK\" \/>\n<meta property=\"og:type\" content=\"article\" \/>\n<meta property=\"og:title\" content=\"REPSOL - Mape Plastics\" \/>\n<meta property=\"og:description\" content=\"[vc_row fullwidth=&#8221;1&#8243;][vc_column][ucaddon_ag_sub_hero ag_sh_text_small=&#8221;VORES PARTNERE&#8221; ag_sh_text=&#8221;REPSOL&#8221; ag_sub_hero_par=&#8221;UmVwc29sJTIwYW5kJTIwdGhlaXIlMjBleHRlbnNpdmUlMjByYW5nZSUyMG9mJTIwbWF0ZXJpYWxzJTIwYXJlJTIwcmVwcmVzZW50ZWQlMjBpbiUyMG1hbnklMjBldmVyeWRheSUyMG9iamVjdHMlMjB0aGF0JTIwc3Vycm91bmQlMjB1cyUyMGFuZCUyMGltcHJvdmUlMjBvdXIlMjBsaXZlcw==&#8221; ag_sh_tag=&#8221;h1&#8243;][\/vc_column][\/vc_row][vc_row css_animation=&#8221;none&#8221; css=&#8221;.vc_custom_1663093872195{padding-top: 40px !important;padding-bottom: 40px !important;}&#8221;][vc_column css_animation=&#8221;fadeIn&#8221; width=&#8221;1\/2&#8243; el_class=&#8221;standard-padding&#8221;][vc_empty_space height=&#8221;120px&#8221;][ucaddon_ag_title ag_title_slim=&#8221;Zm9ycGxpZ3RldCUyMHRpbCUyMGF0JTIwYnlnZ2UlMjBlbg==&#8221; ag_title_bold=&#8221;YiVDMyVBNnJlZHlndGlnJTIwZnJlbXRpZA==&#8221; ag_title_font_size=&#8221;45&#8243; ag_title_align=&#8221;left&#8221; ag_titel_border=&#8221;&#8221;][vc_column_text css=&#8221;.vc_custom_1692003967103{padding-bottom: 2rem !important;}&#8221;]Repsol er et globalt multienergiselskab med en arbejdsstyrke p\u00e5 24.000 mennesker over hele verden. Deres forskelligartede udvalg af materialer finder anvendelse p\u00e5 tv\u00e6rs af flere industrier og im\u00f8dekommer behovene hos 24 [&hellip;]\" \/>\n<meta property=\"og:url\" content=\"https:\/\/mapeplastics.se\/da\/partnere\/repsol\/\" \/>\n<meta property=\"og:site_name\" content=\"Mape Plastics\" \/>\n<meta property=\"article:modified_time\" content=\"2025-11-27T08:26:13+00:00\" \/>\n<meta name=\"twitter:card\" content=\"summary_large_image\" \/>\n<meta name=\"twitter:label1\" content=\"Estimeret l\u00e6setid\" \/>\n\t<meta name=\"twitter:data1\" content=\"2 minutter\" \/>\n<script type=\"application\/ld+json\" class=\"yoast-schema-graph\">{\"@context\":\"https:\/\/schema.org\",\"@graph\":[{\"@type\":\"WebPage\",\"@id\":\"https:\/\/mapeplastics.se\/da\/partnere\/repsol\/\",\"url\":\"https:\/\/mapeplastics.se\/da\/partnere\/repsol\/\",\"name\":\"REPSOL - Mape Plastics\",\"isPartOf\":{\"@id\":\"https:\/\/mapeplastics.se\/da\/#website\"},\"datePublished\":\"2023-08-10T19:58:04+00:00\",\"dateModified\":\"2025-11-27T08:26:13+00:00\",\"breadcrumb\":{\"@id\":\"https:\/\/mapeplastics.se\/da\/partnere\/repsol\/#breadcrumb\"},\"inLanguage\":\"da-DK\",\"potentialAction\":[{\"@type\":\"ReadAction\",\"target\":[\"https:\/\/mapeplastics.se\/da\/partnere\/repsol\/\"]}]},{\"@type\":\"BreadcrumbList\",\"@id\":\"https:\/\/mapeplastics.se\/da\/partnere\/repsol\/#breadcrumb\",\"itemListElement\":[{\"@type\":\"ListItem\",\"position\":1,\"name\":\"Hem\",\"item\":\"https:\/\/mapeplastics.se\/da\/\"},{\"@type\":\"ListItem\",\"position\":2,\"name\":\"Partnere\",\"item\":\"https:\/\/mapeplastics.se\/da\/partnere\/\"},{\"@type\":\"ListItem\",\"position\":3,\"name\":\"REPSOL\"}]},{\"@type\":\"WebSite\",\"@id\":\"https:\/\/mapeplastics.se\/da\/#website\",\"url\":\"https:\/\/mapeplastics.se\/da\/\",\"name\":\"Mape Plastics\",\"description\":\"\",\"potentialAction\":[{\"@type\":\"SearchAction\",\"target\":{\"@type\":\"EntryPoint\",\"urlTemplate\":\"https:\/\/mapeplastics.se\/da\/?s={search_term_string}\"},\"query-input\":\"required name=search_term_string\"}],\"inLanguage\":\"da-DK\"}]}<\/script>\n<!-- \/ Yoast SEO plugin. -->","yoast_head_json":{"title":"REPSOL - Mape Plastics","robots":{"index":"index","follow":"follow","max-snippet":"max-snippet:-1","max-image-preview":"max-image-preview:large","max-video-preview":"max-video-preview:-1"},"canonical":"https:\/\/mapeplastics.se\/da\/partnere\/repsol\/","og_locale":"da_DK","og_type":"article","og_title":"REPSOL - Mape Plastics","og_description":"[vc_row fullwidth=&#8221;1&#8243;][vc_column][ucaddon_ag_sub_hero ag_sh_text_small=&#8221;VORES PARTNERE&#8221; ag_sh_text=&#8221;REPSOL&#8221; ag_sub_hero_par=&#8221;UmVwc29sJTIwYW5kJTIwdGhlaXIlMjBleHRlbnNpdmUlMjByYW5nZSUyMG9mJTIwbWF0ZXJpYWxzJTIwYXJlJTIwcmVwcmVzZW50ZWQlMjBpbiUyMG1hbnklMjBldmVyeWRheSUyMG9iamVjdHMlMjB0aGF0JTIwc3Vycm91bmQlMjB1cyUyMGFuZCUyMGltcHJvdmUlMjBvdXIlMjBsaXZlcw==&#8221; ag_sh_tag=&#8221;h1&#8243;][\/vc_column][\/vc_row][vc_row css_animation=&#8221;none&#8221; css=&#8221;.vc_custom_1663093872195{padding-top: 40px !important;padding-bottom: 40px !important;}&#8221;][vc_column css_animation=&#8221;fadeIn&#8221; width=&#8221;1\/2&#8243; el_class=&#8221;standard-padding&#8221;][vc_empty_space height=&#8221;120px&#8221;][ucaddon_ag_title ag_title_slim=&#8221;Zm9ycGxpZ3RldCUyMHRpbCUyMGF0JTIwYnlnZ2UlMjBlbg==&#8221; ag_title_bold=&#8221;YiVDMyVBNnJlZHlndGlnJTIwZnJlbXRpZA==&#8221; ag_title_font_size=&#8221;45&#8243; ag_title_align=&#8221;left&#8221; ag_titel_border=&#8221;&#8221;][vc_column_text css=&#8221;.vc_custom_1692003967103{padding-bottom: 2rem !important;}&#8221;]Repsol er et globalt multienergiselskab med en arbejdsstyrke p\u00e5 24.000 mennesker over hele verden. Deres forskelligartede udvalg af materialer finder anvendelse p\u00e5 tv\u00e6rs af flere industrier og im\u00f8dekommer behovene hos 24 [&hellip;]","og_url":"https:\/\/mapeplastics.se\/da\/partnere\/repsol\/","og_site_name":"Mape Plastics","article_modified_time":"2025-11-27T08:26:13+00:00","twitter_card":"summary_large_image","twitter_misc":{"Estimeret l\u00e6setid":"2 minutter"},"schema":{"@context":"https:\/\/schema.org","@graph":[{"@type":"WebPage","@id":"https:\/\/mapeplastics.se\/da\/partnere\/repsol\/","url":"https:\/\/mapeplastics.se\/da\/partnere\/repsol\/","name":"REPSOL - Mape Plastics","isPartOf":{"@id":"https:\/\/mapeplastics.se\/da\/#website"},"datePublished":"2023-08-10T19:58:04+00:00","dateModified":"2025-11-27T08:26:13+00:00","breadcrumb":{"@id":"https:\/\/mapeplastics.se\/da\/partnere\/repsol\/#breadcrumb"},"inLanguage":"da-DK","potentialAction":[{"@type":"ReadAction","target":["https:\/\/mapeplastics.se\/da\/partnere\/repsol\/"]}]},{"@type":"BreadcrumbList","@id":"https:\/\/mapeplastics.se\/da\/partnere\/repsol\/#breadcrumb","itemListElement":[{"@type":"ListItem","position":1,"name":"Hem","item":"https:\/\/mapeplastics.se\/da\/"},{"@type":"ListItem","position":2,"name":"Partnere","item":"https:\/\/mapeplastics.se\/da\/partnere\/"},{"@type":"ListItem","position":3,"name":"REPSOL"}]},{"@type":"WebSite","@id":"https:\/\/mapeplastics.se\/da\/#website","url":"https:\/\/mapeplastics.se\/da\/","name":"Mape Plastics","description":"","potentialAction":[{"@type":"SearchAction","target":{"@type":"EntryPoint","urlTemplate":"https:\/\/mapeplastics.se\/da\/?s={search_term_string}"},"query-input":"required name=search_term_string"}],"inLanguage":"da-DK"}]}},"_links":{"self":[{"href":"https:\/\/mapeplastics.se\/da\/wp-json\/wp\/v2\/pages\/4752"}],"collection":[{"href":"https:\/\/mapeplastics.se\/da\/wp-json\/wp\/v2\/pages"}],"about":[{"href":"https:\/\/mapeplastics.se\/da\/wp-json\/wp\/v2\/types\/page"}],"author":[{"embeddable":true,"href":"https:\/\/mapeplastics.se\/da\/wp-json\/wp\/v2\/users\/29"}],"replies":[{"embeddable":true,"href":"https:\/\/mapeplastics.se\/da\/wp-json\/wp\/v2\/comments?post=4752"}],"version-history":[{"count":6,"href":"https:\/\/mapeplastics.se\/da\/wp-json\/wp\/v2\/pages\/4752\/revisions"}],"predecessor-version":[{"id":9023,"href":"https:\/\/mapeplastics.se\/da\/wp-json\/wp\/v2\/pages\/4752\/revisions\/9023"}],"up":[{"embeddable":true,"href":"https:\/\/mapeplastics.se\/da\/wp-json\/wp\/v2\/pages\/800"}],"wp:attachment":[{"href":"https:\/\/mapeplastics.se\/da\/wp-json\/wp\/v2\/media?parent=4752"}],"curies":[{"name":"wp","href":"https:\/\/api.w.org\/{rel}","templated":true}]}}