{"id":4765,"date":"2023-08-10T21:58:05","date_gmt":"2023-08-10T19:58:05","guid":{"rendered":"https:\/\/mapeplastics.se\/partnere\/rtpcompany\/"},"modified":"2023-08-22T09:58:58","modified_gmt":"2023-08-22T07:58:58","slug":"rtpcompany","status":"publish","type":"page","link":"https:\/\/mapeplastics.se\/da\/partnere\/rtpcompany\/","title":{"rendered":"RTP COMPANY"},"content":{"rendered":"<section class=\"wpb-content-wrapper\"><p>[vc_row fullwidth=&#8221;1&#8243;][vc_column][ucaddon_ag_sub_hero ag_sh_text_small=&#8221;VORES PARTNERE&#8221; ag_sh_text=&#8221;RTP COMPANY&#8221; ag_sub_hero_par=&#8221;UlRQJTIwQ29tcGFueSUyMHRpbGJ5ZGVyJTIwaW5ub3ZhdGl2ZSUyMG9nJTIwc2tyJUMzJUE2ZGRlcnN5ZWRlJTIwbCVDMyVCOHNuaW5nZXIlMjBwJUMzJUE1JTIwdW5pa2tlJTIwbWF0ZXJpZWxsZSUyMHVkZm9yZHJpbmdlci4lMjBTb20lMjBlbiUyMGdsb2JhbCUyMGxlZGVyJTIwaW5kZW4lMjBmb3IlMjBzcGVjaWVsbGUlMjB0ZXJtb3BsYXN0aXNrZSUyMGJsYW5kaW5nZXIlMkMlMjBsZXZlcmVyJTIwZGUlMjBlbiUyMGJyZWQlMjB2aWZ0ZSUyMGFmJTIwbWF0ZXJpYWxlciUyMHRpbCUyMGF0JTIwdGplbmUlMjBmb3Jza2VsbGlnZSUyMGluZHVzdHJpZXIu&#8221; ag_sh_tag=&#8221;h1&#8243;][\/vc_column][\/vc_row][vc_row css_animation=&#8221;none&#8221; css=&#8221;.vc_custom_1663093872195{padding-top: 40px !important;padding-bottom: 40px !important;}&#8221;][vc_column css_animation=&#8221;fadeIn&#8221; width=&#8221;1\/2&#8243; el_class=&#8221;standard-padding&#8221;][vc_empty_space height=&#8221;120px&#8221;][ucaddon_ag_title ag_title_slim=&#8221;VmVyZGVucyUyMGYlQzMlQjhyZW5kZSUyMGluZGVuZm9y&#8221; ag_title_bold=&#8221;S29uc3RydWVyZWRlJTIwdGVybW9wbGFzdGlza2UlMjBmb3JiaW5kZWxzZXI=&#8221; ag_title_font_size=&#8221;45&#8243; ag_title_align=&#8221;left&#8221; ag_titel_border=&#8221;&#8221; uc_init_settings=&#8221;&#8221;][vc_column_text css=&#8221;.vc_custom_1692005112880{padding-bottom: 2rem !important;}&#8221;]Den amerikanske compounder RTP Company kan spore sine r\u00f8dder tilbage til slutningen af 1800-tallet og er i dag en global leder inden for specialiseret termoplastisk sammens\u00e6tning. Gennem udviklingen af skr\u00e6ddersyede termoplastiske sammens\u00e6tninger h\u00e5ndterer de effektivt unikke materialeudfordringer og sikrer succesen af forskellige produkter og anvendelser.<\/p>\n<p>RTP Companys private ejerskab giver deres eksperter inden for polymeringeni\u00f8rer mulighed for at tr\u00e6ffe uafh\u00e6ngige og upartiske beslutninger. Med et udvalg af over 60+ ingeni\u00f8rplasttyper og hundreder af modifikationsadditiver kan de tilpasse en termoplastisk sammens\u00e6tning til at opfylde specifikke slutbrugerkrav.<\/p>\n<p>Med hovedkontor i Winona og over 20 faciliteter globalt kan RTP Company prale af en arbejdsstyrke p\u00e5 over 1.700 fagfolk. Deres produktion str\u00e6kker sig over adskillige markeder og genererer tusindvis af produkter hvert \u00e5r.[\/vc_column_text][\/vc_column][vc_column css_animation=&#8221;fadeIn&#8221; width=&#8221;1\/2&#8243;][ucaddon_ag_overlay_block ag_overlay_image=&#8221;4551&#8243; ag_overlay_image_font=&#8221;4449&#8243;][\/vc_column][\/vc_row][vc_row css_animation=&#8221;fadeIn&#8221; css=&#8221;.vc_custom_1663093992409{margin-top: 60px !important;margin-bottom: 80px !important;}&#8221;][vc_column width=&#8221;1\/2&#8243; el_class=&#8221;text-col&#8221;][ucaddon_ag_overlay_block ag_overlay_image=&#8221;4536&#8243; ag_overlay_image_font=&#8221;3337&#8243;][\/vc_column][vc_column width=&#8221;1\/2&#8243; el_class=&#8221;desktop-padding&#8221;][ucaddon_ag_title ag_title_slim=&#8221;c3BlY2lhbGZvcmJpbmRlbHNl&#8221; ag_title_bold=&#8221;Q3VzdG9tJTIwdGVybW9wbGFzdA==&#8221; ag_title_font_size=&#8221;45&#8243; ag_title_align=&#8221;left&#8221; ag_titel_border=&#8221;&#8221; uc_init_settings=&#8221;&#8221;][vc_column_text css=&#8221;.vc_custom_1692005158244{padding-bottom: 2rem !important;}&#8221;]<\/p>\n<div class=\"group w-full text-token-text-primary border-b border-black\/10 dark:border-gray-900\/50 bg-gray-50 dark:bg-[#444654]\">\n<div class=\"flex p-4 gap-4 text-base md:gap-6 md:max-w-2xl lg:max-w-[38rem] xl:max-w-3xl md:py-6 lg:px-0 m-auto\">\n<div class=\"relative flex w-[calc(100%-50px)] flex-col gap-1 md:gap-3 lg:w-[calc(100%-115px)]\">\n<div class=\"flex flex-grow flex-col gap-3\">\n<div class=\"min-h-[20px] flex flex-col items-start gap-3 overflow-x-auto whitespace-pre-wrap break-words\">\n<div class=\"markdown prose w-full break-words dark:prose-invert light\">\n<p>RTP Companys specialforbindelser er designet til at levere omfattende l\u00f8sninger ved at kombinere flere egenskaber i et enkelt materiale. Dette reducerer ikke kun produktionsomkostningerne, men fremskynder ogs\u00e5 tid til markedet. Som et resultat har produktudviklere og ingeni\u00f8rer fleksibilitet til at realisere deres visioner p\u00e5 tv\u00e6rs af en bred vifte af markedssegmenter.<\/p>\n<p>Disse skr\u00e6ddersyede materialer fra RTP Company er udviklet til at opfylde forskellige krav og tilbyder en r\u00e6kke fordele s\u00e5som ledende statisk afladning, strukturel forst\u00e6rkning, smurt slidmodstand, stabilitet ved h\u00f8je kontinuerlige brugstemperaturer, UL-genkendt brandsikkerhedsoverholdelse, bl\u00f8d touch overst\u00f8bbar elastomer egenskaber og specielle farve- og udseendeseffekter.<\/p>\n<p>RTP Companys meget lange fiber (VLF) forbindelser pr\u00e6sterer bedre end andre forst\u00e6rkede thermoplastiske materialer i forhold til slagstyrke, hvilket g\u00f8r dem til et foretrukket valg til metaludskiftning inden for bil- og industriapplikationer. Med enest\u00e5ende slagstyrke, lette egenskaber og h\u00f8j ydeevne selv ved ekstreme temperaturer er VLF-forbindelser den foretrukne teknologi til kr\u00e6vende anvendelser.<\/p>\n<\/div>\n<\/div>\n<\/div>\n<\/div>\n<\/div>\n<\/div>\n<p>[\/vc_column_text][\/vc_column][\/vc_row][vc_row css=&#8221;.vc_custom_1647351943677{padding-top: 50px !important;padding-bottom: 60px !important;background-color: #f9f9f9 !important;}&#8221;][vc_column][ucaddon_ag_title ag_title_slim=&#8221;UlRQJTIwQ29tcGFueQ==&#8221; ag_title_bold=&#8221;TCVDMyU4NlIlMjBNRVJFJTIwT00lMjBSVFAlMjBDb21wYW55&#8243; ag_title_font_size=&#8221;45&#8243; ag_title_align=&#8221;center&#8221; ag_titel_border=&#8221;&#8221;][vc_empty_space height=&#8221;30px&#8221;][vc_row_inner gap=&#8221;30&#8243; el_class=&#8221;usp-row&#8221;][vc_column_inner el_class=&#8221;cta-col&#8221; width=&#8221;1\/3&#8243; css=&#8221;.vc_custom_1647427402135{padding-top: 0px !important;background-color: #ffffff !important;}&#8221;][vc_single_image image=&#8221;4449&#8243; img_size=&#8221;full&#8221; onclick=&#8221;custom_link&#8221; img_link_target=&#8221;_blank&#8221; el_class=&#8221;cta-img&#8221; link=&#8221;https:\/\/www.rtpcompany.com&#8221;][vc_custom_heading text=&#8221;RTP COMPANY&#8221; font_container=&#8221;tag:h3|text_align:left&#8221; use_theme_fonts=&#8221;yes&#8221; el_class=&#8221;rubrik-mape&#8221; css=&#8221;.vc_custom_1692005284274{padding-left: 15px !important;}&#8221; link=&#8221;url:https%3A%2F%2Fwww.rtpcompany.com|target:_blank&#8221;][vc_column_text el_class=&#8221;under-rubrik-mape&#8221; css=&#8221;.vc_custom_1692005200280{padding-left: 15px !important;}&#8221;]<a href=\"https:\/\/www.rtpcompany.com\" target=\"_blank\" rel=\"noopener\">Bes\u00f8g rtpcompany.com<\/a>[\/vc_column_text][vc_empty_space height=&#8221;30px&#8221;][\/vc_column_inner][vc_column_inner el_class=&#8221;cta-col&#8221; width=&#8221;1\/3&#8243; css=&#8221;.vc_custom_1647352243868{padding-top: 0px !important;background-color: #ffffff !important;}&#8221;][vc_single_image image=&#8221;4556&#8243; img_size=&#8221;full&#8221; onclick=&#8221;custom_link&#8221; img_link_target=&#8221;_blank&#8221; el_class=&#8221;cta-img&#8221; link=&#8221;https:\/\/www.rtpcompany.com\/wp-content\/uploads\/RTP-Co-Structural-VLF-Brochure-English.pdf&#8221;][vc_custom_heading text=&#8221;VLF BROSCHURE&#8221; font_container=&#8221;tag:h3|text_align:left&#8221; use_theme_fonts=&#8221;yes&#8221; el_class=&#8221;rubrik-mape&#8221; css=&#8221;.vc_custom_1686816236011{padding-left: 15px !important;}&#8221; link=&#8221;url:https%3A%2F%2Fwww.rtpcompany.com%2Fwp-content%2Fuploads%2FRTP-Co-Structural-VLF-Brochure-English.pdf|target:_blank&#8221;][vc_column_text el_class=&#8221;under-rubrik-mape&#8221; css=&#8221;.vc_custom_1686816264718{padding-left: 15px !important;}&#8221;]<a href=\"https:\/\/www.rtpcompany.com\/wp-content\/uploads\/RTP-Co-Structural-VLF-Brochure-English.pdf\" target=\"_blank\" rel=\"noopener\">Very Long Fiber Compounds<\/a>[\/vc_column_text][vc_empty_space height=&#8221;30px&#8221;][\/vc_column_inner][vc_column_inner el_class=&#8221;cta-col&#8221; width=&#8221;1\/3&#8243; css=&#8221;.vc_custom_1647351040630{padding-top: 0px !important;background-color: #ffffff !important;}&#8221;][vc_single_image image=&#8221;4473&#8243; img_size=&#8221;full&#8221; onclick=&#8221;custom_link&#8221; img_link_target=&#8221;_blank&#8221; el_class=&#8221;cta-img&#8221; link=&#8221;mailto:johan@mapeplastics.se&#8221;][vc_custom_heading text=&#8221;TALK RTP COMPOUNDS&#8221; font_container=&#8221;tag:h3|text_align:left&#8221; use_theme_fonts=&#8221;yes&#8221; el_class=&#8221;rubrik-mape&#8221; css=&#8221;.vc_custom_1686815570451{padding-left: 15px !important;}&#8221; link=&#8221;url:mailto%3Ajohan%40mapeplastics.se&#8221;][vc_column_text el_class=&#8221;under-rubrik-mape&#8221; css=&#8221;.vc_custom_1692005217487{padding-left: 15px !important;}&#8221;]<a href=\"mailto:johan@mapeplastics.se\" target=\"_blank\" rel=\"noopener\">Kontakt Johan Malmgren<\/a>[\/vc_column_text][vc_empty_space height=&#8221;30px&#8221;][\/vc_column_inner][\/vc_row_inner][\/vc_column][\/vc_row]<\/p>\n<\/section>","protected":false},"excerpt":{"rendered":"<p>[vc_row fullwidth=&#8221;1&#8243;][vc_column][ucaddon_ag_sub_hero ag_sh_text_small=&#8221;VORES PARTNERE&#8221; ag_sh_text=&#8221;RTP COMPANY&#8221; ag_sub_hero_par=&#8221;UlRQJTIwQ29tcGFueSUyMHRpbGJ5ZGVyJTIwaW5ub3ZhdGl2ZSUyMG9nJTIwc2tyJUMzJUE2ZGRlcnN5ZWRlJTIwbCVDMyVCOHNuaW5nZXIlMjBwJUMzJUE1JTIwdW5pa2tlJTIwbWF0ZXJpZWxsZSUyMHVkZm9yZHJpbmdlci4lMjBTb20lMjBlbiUyMGdsb2JhbCUyMGxlZGVyJTIwaW5kZW4lMjBmb3IlMjBzcGVjaWVsbGUlMjB0ZXJtb3BsYXN0aXNrZSUyMGJsYW5kaW5nZXIlMkMlMjBsZXZlcmVyJTIwZGUlMjBlbiUyMGJyZWQlMjB2aWZ0ZSUyMGFmJTIwbWF0ZXJpYWxlciUyMHRpbCUyMGF0JTIwdGplbmUlMjBmb3Jza2VsbGlnZSUyMGluZHVzdHJpZXIu&#8221; ag_sh_tag=&#8221;h1&#8243;][\/vc_column][\/vc_row][vc_row css_animation=&#8221;none&#8221; css=&#8221;.vc_custom_1663093872195{padding-top: 40px !important;padding-bottom: 40px !important;}&#8221;][vc_column css_animation=&#8221;fadeIn&#8221; width=&#8221;1\/2&#8243; el_class=&#8221;standard-padding&#8221;][vc_empty_space height=&#8221;120px&#8221;][ucaddon_ag_title ag_title_slim=&#8221;VmVyZGVucyUyMGYlQzMlQjhyZW5kZSUyMGluZGVuZm9y&#8221; ag_title_bold=&#8221;S29uc3RydWVyZWRlJTIwdGVybW9wbGFzdGlza2UlMjBmb3JiaW5kZWxzZXI=&#8221; ag_title_font_size=&#8221;45&#8243; ag_title_align=&#8221;left&#8221; ag_titel_border=&#8221;&#8221; uc_init_settings=&#8221;&#8221;][vc_column_text css=&#8221;.vc_custom_1692005112880{padding-bottom: 2rem !important;}&#8221;]Den amerikanske compounder RTP Company kan spore sine r\u00f8dder tilbage til slutningen af 1800-tallet og er i dag en global leder inden for specialiseret termoplastisk sammens\u00e6tning. Gennem udviklingen af [&hellip;]<\/p>\n","protected":false},"author":29,"featured_media":0,"parent":800,"menu_order":0,"comment_status":"closed","ping_status":"closed","template":"page-visual-composer.php","meta":{"_mi_skip_tracking":false},"acf":[],"yoast_head":"<!-- This site is optimized with the Yoast SEO plugin v20.7 - https:\/\/yoast.com\/wordpress\/plugins\/seo\/ -->\n<title>RTP COMPANY - Mape Plastics<\/title>\n<meta name=\"robots\" content=\"index, follow, max-snippet:-1, max-image-preview:large, max-video-preview:-1\" \/>\n<link rel=\"canonical\" href=\"https:\/\/mapeplastics.se\/da\/partnere\/rtpcompany\/\" \/>\n<meta property=\"og:locale\" content=\"da_DK\" \/>\n<meta property=\"og:type\" content=\"article\" \/>\n<meta property=\"og:title\" content=\"RTP COMPANY - Mape Plastics\" \/>\n<meta property=\"og:description\" content=\"[vc_row fullwidth=&#8221;1&#8243;][vc_column][ucaddon_ag_sub_hero ag_sh_text_small=&#8221;VORES PARTNERE&#8221; ag_sh_text=&#8221;RTP COMPANY&#8221; ag_sub_hero_par=&#8221;UlRQJTIwQ29tcGFueSUyMHRpbGJ5ZGVyJTIwaW5ub3ZhdGl2ZSUyMG9nJTIwc2tyJUMzJUE2ZGRlcnN5ZWRlJTIwbCVDMyVCOHNuaW5nZXIlMjBwJUMzJUE1JTIwdW5pa2tlJTIwbWF0ZXJpZWxsZSUyMHVkZm9yZHJpbmdlci4lMjBTb20lMjBlbiUyMGdsb2JhbCUyMGxlZGVyJTIwaW5kZW4lMjBmb3IlMjBzcGVjaWVsbGUlMjB0ZXJtb3BsYXN0aXNrZSUyMGJsYW5kaW5nZXIlMkMlMjBsZXZlcmVyJTIwZGUlMjBlbiUyMGJyZWQlMjB2aWZ0ZSUyMGFmJTIwbWF0ZXJpYWxlciUyMHRpbCUyMGF0JTIwdGplbmUlMjBmb3Jza2VsbGlnZSUyMGluZHVzdHJpZXIu&#8221; ag_sh_tag=&#8221;h1&#8243;][\/vc_column][\/vc_row][vc_row css_animation=&#8221;none&#8221; css=&#8221;.vc_custom_1663093872195{padding-top: 40px !important;padding-bottom: 40px !important;}&#8221;][vc_column css_animation=&#8221;fadeIn&#8221; width=&#8221;1\/2&#8243; el_class=&#8221;standard-padding&#8221;][vc_empty_space height=&#8221;120px&#8221;][ucaddon_ag_title ag_title_slim=&#8221;VmVyZGVucyUyMGYlQzMlQjhyZW5kZSUyMGluZGVuZm9y&#8221; ag_title_bold=&#8221;S29uc3RydWVyZWRlJTIwdGVybW9wbGFzdGlza2UlMjBmb3JiaW5kZWxzZXI=&#8221; ag_title_font_size=&#8221;45&#8243; ag_title_align=&#8221;left&#8221; ag_titel_border=&#8221;&#8221; uc_init_settings=&#8221;&#8221;][vc_column_text css=&#8221;.vc_custom_1692005112880{padding-bottom: 2rem !important;}&#8221;]Den amerikanske compounder RTP Company kan spore sine r\u00f8dder tilbage til slutningen af 1800-tallet og er i dag en global leder inden for specialiseret termoplastisk sammens\u00e6tning. Gennem udviklingen af [&hellip;]\" \/>\n<meta property=\"og:url\" content=\"https:\/\/mapeplastics.se\/da\/partnere\/rtpcompany\/\" \/>\n<meta property=\"og:site_name\" content=\"Mape Plastics\" \/>\n<meta property=\"article:modified_time\" content=\"2023-08-22T07:58:58+00:00\" \/>\n<meta name=\"twitter:card\" content=\"summary_large_image\" \/>\n<meta name=\"twitter:label1\" content=\"Estimeret l\u00e6setid\" \/>\n\t<meta name=\"twitter:data1\" content=\"2 minutter\" \/>\n<script type=\"application\/ld+json\" class=\"yoast-schema-graph\">{\"@context\":\"https:\/\/schema.org\",\"@graph\":[{\"@type\":\"WebPage\",\"@id\":\"https:\/\/mapeplastics.se\/da\/partnere\/rtpcompany\/\",\"url\":\"https:\/\/mapeplastics.se\/da\/partnere\/rtpcompany\/\",\"name\":\"RTP COMPANY - Mape Plastics\",\"isPartOf\":{\"@id\":\"https:\/\/mapeplastics.se\/da\/#website\"},\"datePublished\":\"2023-08-10T19:58:05+00:00\",\"dateModified\":\"2023-08-22T07:58:58+00:00\",\"breadcrumb\":{\"@id\":\"https:\/\/mapeplastics.se\/da\/partnere\/rtpcompany\/#breadcrumb\"},\"inLanguage\":\"da-DK\",\"potentialAction\":[{\"@type\":\"ReadAction\",\"target\":[\"https:\/\/mapeplastics.se\/da\/partnere\/rtpcompany\/\"]}]},{\"@type\":\"BreadcrumbList\",\"@id\":\"https:\/\/mapeplastics.se\/da\/partnere\/rtpcompany\/#breadcrumb\",\"itemListElement\":[{\"@type\":\"ListItem\",\"position\":1,\"name\":\"Hem\",\"item\":\"https:\/\/mapeplastics.se\/da\/\"},{\"@type\":\"ListItem\",\"position\":2,\"name\":\"Partnere\",\"item\":\"https:\/\/mapeplastics.se\/da\/partnere\/\"},{\"@type\":\"ListItem\",\"position\":3,\"name\":\"RTP COMPANY\"}]},{\"@type\":\"WebSite\",\"@id\":\"https:\/\/mapeplastics.se\/da\/#website\",\"url\":\"https:\/\/mapeplastics.se\/da\/\",\"name\":\"Mape Plastics\",\"description\":\"\",\"potentialAction\":[{\"@type\":\"SearchAction\",\"target\":{\"@type\":\"EntryPoint\",\"urlTemplate\":\"https:\/\/mapeplastics.se\/da\/?s={search_term_string}\"},\"query-input\":\"required name=search_term_string\"}],\"inLanguage\":\"da-DK\"}]}<\/script>\n<!-- \/ Yoast SEO plugin. -->","yoast_head_json":{"title":"RTP COMPANY - Mape Plastics","robots":{"index":"index","follow":"follow","max-snippet":"max-snippet:-1","max-image-preview":"max-image-preview:large","max-video-preview":"max-video-preview:-1"},"canonical":"https:\/\/mapeplastics.se\/da\/partnere\/rtpcompany\/","og_locale":"da_DK","og_type":"article","og_title":"RTP COMPANY - Mape Plastics","og_description":"[vc_row fullwidth=&#8221;1&#8243;][vc_column][ucaddon_ag_sub_hero ag_sh_text_small=&#8221;VORES PARTNERE&#8221; ag_sh_text=&#8221;RTP COMPANY&#8221; ag_sub_hero_par=&#8221;UlRQJTIwQ29tcGFueSUyMHRpbGJ5ZGVyJTIwaW5ub3ZhdGl2ZSUyMG9nJTIwc2tyJUMzJUE2ZGRlcnN5ZWRlJTIwbCVDMyVCOHNuaW5nZXIlMjBwJUMzJUE1JTIwdW5pa2tlJTIwbWF0ZXJpZWxsZSUyMHVkZm9yZHJpbmdlci4lMjBTb20lMjBlbiUyMGdsb2JhbCUyMGxlZGVyJTIwaW5kZW4lMjBmb3IlMjBzcGVjaWVsbGUlMjB0ZXJtb3BsYXN0aXNrZSUyMGJsYW5kaW5nZXIlMkMlMjBsZXZlcmVyJTIwZGUlMjBlbiUyMGJyZWQlMjB2aWZ0ZSUyMGFmJTIwbWF0ZXJpYWxlciUyMHRpbCUyMGF0JTIwdGplbmUlMjBmb3Jza2VsbGlnZSUyMGluZHVzdHJpZXIu&#8221; ag_sh_tag=&#8221;h1&#8243;][\/vc_column][\/vc_row][vc_row css_animation=&#8221;none&#8221; css=&#8221;.vc_custom_1663093872195{padding-top: 40px !important;padding-bottom: 40px !important;}&#8221;][vc_column css_animation=&#8221;fadeIn&#8221; width=&#8221;1\/2&#8243; el_class=&#8221;standard-padding&#8221;][vc_empty_space height=&#8221;120px&#8221;][ucaddon_ag_title ag_title_slim=&#8221;VmVyZGVucyUyMGYlQzMlQjhyZW5kZSUyMGluZGVuZm9y&#8221; ag_title_bold=&#8221;S29uc3RydWVyZWRlJTIwdGVybW9wbGFzdGlza2UlMjBmb3JiaW5kZWxzZXI=&#8221; ag_title_font_size=&#8221;45&#8243; ag_title_align=&#8221;left&#8221; ag_titel_border=&#8221;&#8221; uc_init_settings=&#8221;&#8221;][vc_column_text css=&#8221;.vc_custom_1692005112880{padding-bottom: 2rem !important;}&#8221;]Den amerikanske compounder RTP Company kan spore sine r\u00f8dder tilbage til slutningen af 1800-tallet og er i dag en global leder inden for specialiseret termoplastisk sammens\u00e6tning. Gennem udviklingen af [&hellip;]","og_url":"https:\/\/mapeplastics.se\/da\/partnere\/rtpcompany\/","og_site_name":"Mape Plastics","article_modified_time":"2023-08-22T07:58:58+00:00","twitter_card":"summary_large_image","twitter_misc":{"Estimeret l\u00e6setid":"2 minutter"},"schema":{"@context":"https:\/\/schema.org","@graph":[{"@type":"WebPage","@id":"https:\/\/mapeplastics.se\/da\/partnere\/rtpcompany\/","url":"https:\/\/mapeplastics.se\/da\/partnere\/rtpcompany\/","name":"RTP COMPANY - Mape Plastics","isPartOf":{"@id":"https:\/\/mapeplastics.se\/da\/#website"},"datePublished":"2023-08-10T19:58:05+00:00","dateModified":"2023-08-22T07:58:58+00:00","breadcrumb":{"@id":"https:\/\/mapeplastics.se\/da\/partnere\/rtpcompany\/#breadcrumb"},"inLanguage":"da-DK","potentialAction":[{"@type":"ReadAction","target":["https:\/\/mapeplastics.se\/da\/partnere\/rtpcompany\/"]}]},{"@type":"BreadcrumbList","@id":"https:\/\/mapeplastics.se\/da\/partnere\/rtpcompany\/#breadcrumb","itemListElement":[{"@type":"ListItem","position":1,"name":"Hem","item":"https:\/\/mapeplastics.se\/da\/"},{"@type":"ListItem","position":2,"name":"Partnere","item":"https:\/\/mapeplastics.se\/da\/partnere\/"},{"@type":"ListItem","position":3,"name":"RTP COMPANY"}]},{"@type":"WebSite","@id":"https:\/\/mapeplastics.se\/da\/#website","url":"https:\/\/mapeplastics.se\/da\/","name":"Mape Plastics","description":"","potentialAction":[{"@type":"SearchAction","target":{"@type":"EntryPoint","urlTemplate":"https:\/\/mapeplastics.se\/da\/?s={search_term_string}"},"query-input":"required name=search_term_string"}],"inLanguage":"da-DK"}]}},"_links":{"self":[{"href":"https:\/\/mapeplastics.se\/da\/wp-json\/wp\/v2\/pages\/4765"}],"collection":[{"href":"https:\/\/mapeplastics.se\/da\/wp-json\/wp\/v2\/pages"}],"about":[{"href":"https:\/\/mapeplastics.se\/da\/wp-json\/wp\/v2\/types\/page"}],"author":[{"embeddable":true,"href":"https:\/\/mapeplastics.se\/da\/wp-json\/wp\/v2\/users\/29"}],"replies":[{"embeddable":true,"href":"https:\/\/mapeplastics.se\/da\/wp-json\/wp\/v2\/comments?post=4765"}],"version-history":[{"count":4,"href":"https:\/\/mapeplastics.se\/da\/wp-json\/wp\/v2\/pages\/4765\/revisions"}],"predecessor-version":[{"id":4891,"href":"https:\/\/mapeplastics.se\/da\/wp-json\/wp\/v2\/pages\/4765\/revisions\/4891"}],"up":[{"embeddable":true,"href":"https:\/\/mapeplastics.se\/da\/wp-json\/wp\/v2\/pages\/800"}],"wp:attachment":[{"href":"https:\/\/mapeplastics.se\/da\/wp-json\/wp\/v2\/media?parent=4765"}],"curies":[{"name":"wp","href":"https:\/\/api.w.org\/{rel}","templated":true}]}}