{"id":5207,"date":"2023-10-23T09:28:22","date_gmt":"2023-10-23T07:28:22","guid":{"rendered":"https:\/\/mapeplastics.se\/materialer\/lcp\/"},"modified":"2026-04-02T09:43:59","modified_gmt":"2026-04-02T07:43:59","slug":"lcp","status":"publish","type":"page","link":"https:\/\/mapeplastics.se\/da\/materialer\/lcp\/","title":{"rendered":"LCP"},"content":{"rendered":"<section class=\"wpb-content-wrapper\"><p>[vc_row fullwidth=&#8221;1&#8243;][vc_column][ucaddon_ag_sub_hero ag_sh_text_small=&#8221;Vores materialer&#8221; ag_sh_text=&#8221;LCP&#8221; ag_sub_hero_par=&#8221;RGVuJTIwZmx5ZGVuZGUlMjBrcnlzdGFscG9seW1lciUyMCUyOExDUCUyOSUyMGhhciUyMGVuJTIwdW5payUyMHN0cnVrdHVyJTIwb2clMjB5ZGVldm5lJTJDJTIwc29tJTIwZXIlMjB1aCVDMyVCOHJ0JTIwaSUyMHRyYWRpdGlvbmVsJTIwcGxhc3QuJTIwVWRvdmVyJTIwYXQlMjBoYXZlJTIwbWVrYW5pc2slMjBzdHlya2UlMjBhZiUyMGVuJTIwaGVsdCUyMGFuZGVuJTIwa2xhc3NlJTJDJTIwaGFyJTIwTENQJTIwZW4lMjB1bmlrJTIwZWdlbnNrYWIlMjB2ZWQlMkMlMjBhdCUyMGpvJTIwdHluZGVyZSUyMHByb2R1a3RldCUyMGJsaXZlciUyQyUyMGpvJTIwc3QlQzMlQjhycmUlMjBlciUyMGRldHMlMjBtZWthbmlza2UlMjBzdHlya2UlMjBwci4lMjBlbmhlZCUyMGFmJTIwdHYlQzMlQTZyc25pdHNvdmVyZmxhZGVhcmVhbC4=&#8221; ag_sh_img=&#8221;2353&#8243; ag_sh_tag=&#8221;h1&#8243;][\/vc_column][\/vc_row][vc_row content_placement=&#8221;middle&#8221; css=&#8221;.vc_custom_1659975571769{padding-top: 8rem !important;padding-bottom: 6rem !important;}&#8221;][vc_column width=&#8221;1\/2&#8243; css=&#8221;.vc_custom_1659975043893{padding-left: 1rem !important;}&#8221; el_class=&#8221;standard-padding&#8221;][ucaddon_ag_title ag_title_bold=&#8221;TENQJTIwZWplbmRvbW1l&#8221; ag_title_font_size=&#8221;52&#8243; ag_title_align=&#8221;left&#8221; ag_titel_border=&#8221;&#8221; ag_title_tag=&#8221;h2&#8243;][vc_column_text css=&#8221;.vc_custom_1698130017442{padding-bottom: 2rem !important;}&#8221;]<\/p>\n<ul id=\"material\">\n<li>H\u00f8j flydeevne<\/li>\n<li>Absorbering af vibrationer<\/li>\n<li>Tynd og st\u00e6rk<\/li>\n<li>Ikke-halogen<\/li>\n<li>Flammemodstand<\/li>\n<li>H\u00f8jt elasticitetsmodul<\/li>\n<li>Metallignende line\u00e6r ekspansionshastighed<\/li>\n<li>Lodde varmebestandighed<\/li>\n<\/ul>\n<p>[\/vc_column_text][vc_btn title=&#8221;Kontakt os for at l\u00e6re mere&#8221; style=&#8221;flat&#8221; shape=&#8221;square&#8221; link=&#8221;url:https%3A%2F%2Fmapeplastics.se%2Fcontact%2F|title:Contact%20us%20to%20learn%20more||&#8221; el_class=&#8221;btn-primary&#8221;][vc_empty_space height=&#8221;20px&#8221;][ucaddon_ag_title ag_title_bold=&#8221;TEFQRVJPUyVDMiVBRQ==&#8221; ag_title_font_size=&#8221;52&#8243; ag_title_align=&#8221;left&#8221; ag_titel_border=&#8221;&#8221; ag_title_tag=&#8221;h2&#8243;][vc_column_text css=&#8221;.vc_custom_1775115743028{padding-bottom: 2rem !important;}&#8221;]LAPEROS\u00ae er en LCP fra <a href=\"https:\/\/mapeplastics.se\/da\/partnere\/daicel\/\">Daicel<\/a>. Det er en f\u00f8rende super ingeni\u00f8rplast, der har en tyndhed og flydende, uh\u00f8rt i typisk ingeni\u00f8rplast. Varmebestandig og med en uforlignelig mekanisk styrke. LCP har den unikke egenskab, at jo tyndere produktet bliver, jo st\u00f8rre er dets mekaniske styrke. Desuden har den en lav line\u00e6r termisk udvidelseskoefficient t\u00e6t p\u00e5 metals. Det bruges ofte i superminiature pr\u00e6cisionsstik til stadigt mindre it-enheder som tablets og smartphones.<\/p>\n<p>Den flydende krystalpolymer LAPEROS\u00ae LCP har en unik struktur og ydeevne, som er uh\u00f8rt i traditionel plast.[\/vc_column_text][vc_btn title=&#8221;LAPEROS\u00ae&#8221; style=&#8221;flat&#8221; shape=&#8221;square&#8221; link=&#8221;url:https%3A%2F%2Fhpps.daicel.com%2Fglobal%2Fs%2FProductInfo%2Flaperoslcp%3Flanguage%3Den_US|title:Laperos|target:_blank&#8221; el_class=&#8221;btn-primary&#8221;][\/vc_column][vc_column width=&#8221;1\/2&#8243; css=&#8221;.vc_custom_1599745364366{padding-right: 1rem !important;}&#8221;][vc_single_image image=&#8221;5197&#8243; img_size=&#8221;full&#8221;][vc_empty_space height=&#8221;10px&#8221;][vc_single_image image=&#8221;9703&#8243; img_size=&#8221;full&#8221; alignment=&#8221;center&#8221;][\/vc_column][\/vc_row][vc_row css=&#8221;.vc_custom_1692819208324{padding-bottom: 60px !important;}&#8221;][vc_column][ucaddon_ag_title ag_title_slim=&#8221;TWF0ZXJpYWxlRGF0YWJhc2U=&#8221; ag_title_bold=&#8221;TENQJTIwcHJvZHVrdGVy&#8221; ag_title_font_size=&#8221;40&#8243; ag_title_align=&#8221;center&#8221; ag_titel_border=&#8221;&#8221;]\r\n        <style>\r\n            .js-ul-prospector-iframe {\r\n                width: 1px;\r\n                min-width: 100%;\r\n            }\r\n        <\/style>\r\n        <iframe class=\"js-ul-prospector-iframe\" src=\"https:\/\/catalog.ulprospector.com\/xquery.aspx?I=75681&amp;QM=40:6036&amp;RSCOLS=DYNAMIC&amp;FMT=HOV&amp;CULTURE=en&amp;PGSIZE=10\" frameborder=\"0\" allowfullscreen=\"false\" scrolling=\"yes\" loading=\"lazy\"><\/iframe>\r\n        <script>\r\n            jQuery(window).on(\"load\", function () {\r\n                if (!window.mapeChildUlProspectorIframeResizerInit) {\r\n                    console.log(\"Init UL Iframe Resizer\");\r\n                    iFrameResize({ log: false, scrolling: \"omit\" }, \".js-ul-prospector-iframe\");\r\n                    window.mapeChildUlProspectorIframeResizerInit = true;\r\n                }\r\n            });\r\n        <\/script>\r\n    [\/vc_column][\/vc_row][vc_row css_animation=&#8221;none&#8221; css=&#8221;.vc_custom_1659976162848{padding-top: 80px !important;padding-bottom: 0px !important;background-color: #f9f9f9 !important;}&#8221;][vc_column width=&#8221;7\/12&#8243; css=&#8221;.vc_custom_1647361588512{padding-right: 2rem !important;}&#8221;][ucaddon_ag_title ag_title_slim=&#8221;VmklMjBrZW5kZXIlMjBwbGFzdGlr&#8221; ag_title_bold=&#8221;TGFkJTIwb3MlMjBmb3J0JUMzJUE2bGxlJTIwZGlnJTIwbWVyZSUyMG9tJTIwTENQ&#8221; ag_title_font_size=&#8221;40&#8243; ag_title_align=&#8221;left&#8221; ag_titel_border=&#8221;&#8221;][vc_empty_space height=&#8221;20px&#8221;][\/vc_column][vc_column width=&#8221;5\/12&#8243;][vc_empty_space height=&#8221;20px&#8221;][vc_tta_accordion accordion_layout=&#8221;no-border&#8221; accordion_icon=&#8221;arrow&#8221;][vc_tta_section title=&#8221;GET IN TOUCH&#8221; tab_id=&#8221;1647352964095-e408d282-5d33&#8243; el_class=&#8221;btn-accordion&#8221;]<div role=\"form\" class=\"wpcf7\" id=\"wpcf7-f1833-o1\" lang=\"sv-SE\" dir=\"ltr\">\n<div class=\"screen-reader-response\"><p role=\"status\" aria-live=\"polite\" aria-atomic=\"true\"><\/p> <ul><\/ul><\/div>\n<form action=\"\/da\/wp-json\/wp\/v2\/pages\/5207#wpcf7-f1833-o1\" method=\"post\" class=\"wpcf7-form init\" novalidate=\"novalidate\" data-status=\"init\">\n<div style=\"display: none;\">\n<input type=\"hidden\" name=\"_wpcf7\" value=\"1833\" \/>\n<input type=\"hidden\" name=\"_wpcf7_version\" value=\"5.6.4\" \/>\n<input type=\"hidden\" name=\"_wpcf7_locale\" value=\"sv_SE\" \/>\n<input type=\"hidden\" name=\"_wpcf7_unit_tag\" value=\"wpcf7-f1833-o1\" \/>\n<input type=\"hidden\" name=\"_wpcf7_container_post\" value=\"0\" \/>\n<input type=\"hidden\" name=\"_wpcf7_posted_data_hash\" value=\"\" \/>\n<input type=\"hidden\" name=\"_wpcf7_recaptcha_response\" value=\"\" \/>\n<\/div>\n<div class=\"cf-container\">\n<div class=\"cf-col-9\"><span class=\"wpcf7-form-control-wrap\" data-name=\"your-email\"><input type=\"email\" name=\"your-email\" value=\"\" size=\"40\" class=\"wpcf7-form-control wpcf7-text wpcf7-email wpcf7-validates-as-required wpcf7-validates-as-email\" aria-required=\"true\" aria-invalid=\"false\" placeholder=\"Fill in your mail and we\u2019ll get in touch\" \/><\/span><\/div>\n<div class=\"cf-col-3\"><input type=\"submit\" value=\"Send\" class=\"wpcf7-form-control has-spinner wpcf7-submit\" \/><\/div>\n<\/div>\n<div class=\"wpcf7-response-output\" aria-hidden=\"true\"><\/div><\/form><\/div>[\/vc_tta_section][\/vc_tta_accordion][\/vc_column][\/vc_row][vc_row css=&#8221;.vc_custom_1659975238674{padding-top: 60px !important;padding-bottom: 60px !important;background-color: #f9f9f9 !important;}&#8221;][vc_column css_animation=&#8221;fadeIn&#8221; el_class=&#8221;cta-col&#8221; css=&#8221;.vc_custom_1659975230349{padding-top: 60px !important;padding-bottom: 60px !important;background-color: #ffffff !important;}&#8221;][ucaddon_ag_title ag_title_bold=&#8221;VWRmb3JzayUyMGZsZXJlJTIwYWYlMjB2b3JlcyUyMG1hdGVyaWFsZXI=&#8221; ag_title_align=&#8221;center&#8221; ag_titel_border=&#8221;&#8221; ag_title_tag=&#8221;h2&#8243;][vc_column_text el_class=&#8221;citat-last&#8221;]<\/p>\n<p style=\"text-align: center;\">Der findes mange forskellige materialer i plastindustrien. Udforsk flere af de materialer, vi arbejder med og tilbyder for altid at sikre h\u00f8j kvalitet for vores kunder.<\/p>\n<p>[\/vc_column_text][vc_empty_space height=&#8221;40px&#8221;][vc_btn title=&#8221;Vores materialer&#8221; style=&#8221;flat&#8221; shape=&#8221;square&#8221; align=&#8221;center&#8221; link=&#8221;url:https%3A%2F%2Fmapeplastics.se%2Fmaterials%2F|title:Our%20materials||&#8221; el_class=&#8221;btn-primary&#8221;][\/vc_column][\/vc_row][vc_row][vc_column][vc_column_text]<\/p>\n<p>[\/vc_column_text][\/vc_column][\/vc_row]<\/p>\n<\/section>","protected":false},"excerpt":{"rendered":"<p>[vc_row fullwidth=&#8221;1&#8243;][vc_column][ucaddon_ag_sub_hero ag_sh_text_small=&#8221;Vores materialer&#8221; ag_sh_text=&#8221;LCP&#8221; ag_sub_hero_par=&#8221;RGVuJTIwZmx5ZGVuZGUlMjBrcnlzdGFscG9seW1lciUyMCUyOExDUCUyOSUyMGhhciUyMGVuJTIwdW5payUyMHN0cnVrdHVyJTIwb2clMjB5ZGVldm5lJTJDJTIwc29tJTIwZXIlMjB1aCVDMyVCOHJ0JTIwaSUyMHRyYWRpdGlvbmVsJTIwcGxhc3QuJTIwVWRvdmVyJTIwYXQlMjBoYXZlJTIwbWVrYW5pc2slMjBzdHlya2UlMjBhZiUyMGVuJTIwaGVsdCUyMGFuZGVuJTIwa2xhc3NlJTJDJTIwaGFyJTIwTENQJTIwZW4lMjB1bmlrJTIwZWdlbnNrYWIlMjB2ZWQlMkMlMjBhdCUyMGpvJTIwdHluZGVyZSUyMHByb2R1a3RldCUyMGJsaXZlciUyQyUyMGpvJTIwc3QlQzMlQjhycmUlMjBlciUyMGRldHMlMjBtZWthbmlza2UlMjBzdHlya2UlMjBwci4lMjBlbmhlZCUyMGFmJTIwdHYlQzMlQTZyc25pdHNvdmVyZmxhZGVhcmVhbC4=&#8221; ag_sh_img=&#8221;2353&#8243; ag_sh_tag=&#8221;h1&#8243;][\/vc_column][\/vc_row][vc_row content_placement=&#8221;middle&#8221; css=&#8221;.vc_custom_1659975571769{padding-top: 8rem !important;padding-bottom: 6rem !important;}&#8221;][vc_column width=&#8221;1\/2&#8243; css=&#8221;.vc_custom_1659975043893{padding-left: 1rem !important;}&#8221; el_class=&#8221;standard-padding&#8221;][ucaddon_ag_title ag_title_bold=&#8221;TENQJTIwZWplbmRvbW1l&#8221; ag_title_font_size=&#8221;52&#8243; ag_title_align=&#8221;left&#8221; ag_titel_border=&#8221;&#8221; ag_title_tag=&#8221;h2&#8243;][vc_column_text css=&#8221;.vc_custom_1698130017442{padding-bottom: 2rem !important;}&#8221;] H\u00f8j flydeevne Absorbering af vibrationer Tynd og st\u00e6rk Ikke-halogen Flammemodstand H\u00f8jt elasticitetsmodul Metallignende line\u00e6r ekspansionshastighed Lodde varmebestandighed [\/vc_column_text][vc_btn title=&#8221;Kontakt os for at l\u00e6re mere&#8221; style=&#8221;flat&#8221; shape=&#8221;square&#8221; link=&#8221;url:https%3A%2F%2Fmapeplastics.se%2Fcontact%2F|title:Contact%20us%20to%20learn%20more||&#8221; el_class=&#8221;btn-primary&#8221;][vc_empty_space [&hellip;]<\/p>\n","protected":false},"author":29,"featured_media":0,"parent":823,"menu_order":0,"comment_status":"closed","ping_status":"closed","template":"page-visual-composer.php","meta":{"_mi_skip_tracking":false},"acf":[],"yoast_head":"<!-- This site is optimized with the Yoast SEO plugin v20.7 - https:\/\/yoast.com\/wordpress\/plugins\/seo\/ -->\n<title>LCP - Mape Plastics<\/title>\n<meta name=\"robots\" content=\"index, follow, max-snippet:-1, max-image-preview:large, max-video-preview:-1\" \/>\n<link rel=\"canonical\" href=\"https:\/\/mapeplastics.se\/da\/materialer\/lcp\/\" \/>\n<meta property=\"og:locale\" content=\"da_DK\" \/>\n<meta property=\"og:type\" content=\"article\" \/>\n<meta property=\"og:title\" content=\"LCP - Mape Plastics\" \/>\n<meta property=\"og:description\" content=\"[vc_row fullwidth=&#8221;1&#8243;][vc_column][ucaddon_ag_sub_hero ag_sh_text_small=&#8221;Vores materialer&#8221; ag_sh_text=&#8221;LCP&#8221; ag_sub_hero_par=&#8221;RGVuJTIwZmx5ZGVuZGUlMjBrcnlzdGFscG9seW1lciUyMCUyOExDUCUyOSUyMGhhciUyMGVuJTIwdW5payUyMHN0cnVrdHVyJTIwb2clMjB5ZGVldm5lJTJDJTIwc29tJTIwZXIlMjB1aCVDMyVCOHJ0JTIwaSUyMHRyYWRpdGlvbmVsJTIwcGxhc3QuJTIwVWRvdmVyJTIwYXQlMjBoYXZlJTIwbWVrYW5pc2slMjBzdHlya2UlMjBhZiUyMGVuJTIwaGVsdCUyMGFuZGVuJTIwa2xhc3NlJTJDJTIwaGFyJTIwTENQJTIwZW4lMjB1bmlrJTIwZWdlbnNrYWIlMjB2ZWQlMkMlMjBhdCUyMGpvJTIwdHluZGVyZSUyMHByb2R1a3RldCUyMGJsaXZlciUyQyUyMGpvJTIwc3QlQzMlQjhycmUlMjBlciUyMGRldHMlMjBtZWthbmlza2UlMjBzdHlya2UlMjBwci4lMjBlbmhlZCUyMGFmJTIwdHYlQzMlQTZyc25pdHNvdmVyZmxhZGVhcmVhbC4=&#8221; ag_sh_img=&#8221;2353&#8243; ag_sh_tag=&#8221;h1&#8243;][\/vc_column][\/vc_row][vc_row content_placement=&#8221;middle&#8221; css=&#8221;.vc_custom_1659975571769{padding-top: 8rem !important;padding-bottom: 6rem !important;}&#8221;][vc_column width=&#8221;1\/2&#8243; css=&#8221;.vc_custom_1659975043893{padding-left: 1rem !important;}&#8221; el_class=&#8221;standard-padding&#8221;][ucaddon_ag_title ag_title_bold=&#8221;TENQJTIwZWplbmRvbW1l&#8221; ag_title_font_size=&#8221;52&#8243; ag_title_align=&#8221;left&#8221; ag_titel_border=&#8221;&#8221; ag_title_tag=&#8221;h2&#8243;][vc_column_text css=&#8221;.vc_custom_1698130017442{padding-bottom: 2rem !important;}&#8221;] H\u00f8j flydeevne Absorbering af vibrationer Tynd og st\u00e6rk Ikke-halogen Flammemodstand H\u00f8jt elasticitetsmodul Metallignende line\u00e6r ekspansionshastighed Lodde varmebestandighed [\/vc_column_text][vc_btn title=&#8221;Kontakt os for at l\u00e6re mere&#8221; style=&#8221;flat&#8221; shape=&#8221;square&#8221; link=&#8221;url:https%3A%2F%2Fmapeplastics.se%2Fcontact%2F|title:Contact%20us%20to%20learn%20more||&#8221; el_class=&#8221;btn-primary&#8221;][vc_empty_space [&hellip;]\" \/>\n<meta property=\"og:url\" content=\"https:\/\/mapeplastics.se\/da\/materialer\/lcp\/\" \/>\n<meta property=\"og:site_name\" content=\"Mape Plastics\" \/>\n<meta property=\"article:modified_time\" content=\"2026-04-02T07:43:59+00:00\" \/>\n<meta name=\"twitter:card\" content=\"summary_large_image\" \/>\n<meta name=\"twitter:label1\" content=\"Estimeret l\u00e6setid\" \/>\n\t<meta name=\"twitter:data1\" content=\"2 minutter\" \/>\n<script type=\"application\/ld+json\" class=\"yoast-schema-graph\">{\"@context\":\"https:\/\/schema.org\",\"@graph\":[{\"@type\":\"WebPage\",\"@id\":\"https:\/\/mapeplastics.se\/da\/materialer\/lcp\/\",\"url\":\"https:\/\/mapeplastics.se\/da\/materialer\/lcp\/\",\"name\":\"LCP - Mape Plastics\",\"isPartOf\":{\"@id\":\"https:\/\/mapeplastics.se\/da\/#website\"},\"datePublished\":\"2023-10-23T07:28:22+00:00\",\"dateModified\":\"2026-04-02T07:43:59+00:00\",\"breadcrumb\":{\"@id\":\"https:\/\/mapeplastics.se\/da\/materialer\/lcp\/#breadcrumb\"},\"inLanguage\":\"da-DK\",\"potentialAction\":[{\"@type\":\"ReadAction\",\"target\":[\"https:\/\/mapeplastics.se\/da\/materialer\/lcp\/\"]}]},{\"@type\":\"BreadcrumbList\",\"@id\":\"https:\/\/mapeplastics.se\/da\/materialer\/lcp\/#breadcrumb\",\"itemListElement\":[{\"@type\":\"ListItem\",\"position\":1,\"name\":\"Hem\",\"item\":\"https:\/\/mapeplastics.se\/da\/\"},{\"@type\":\"ListItem\",\"position\":2,\"name\":\"Materialer\",\"item\":\"https:\/\/mapeplastics.se\/da\/materialer\/\"},{\"@type\":\"ListItem\",\"position\":3,\"name\":\"LCP\"}]},{\"@type\":\"WebSite\",\"@id\":\"https:\/\/mapeplastics.se\/da\/#website\",\"url\":\"https:\/\/mapeplastics.se\/da\/\",\"name\":\"Mape Plastics\",\"description\":\"\",\"potentialAction\":[{\"@type\":\"SearchAction\",\"target\":{\"@type\":\"EntryPoint\",\"urlTemplate\":\"https:\/\/mapeplastics.se\/da\/?s={search_term_string}\"},\"query-input\":\"required name=search_term_string\"}],\"inLanguage\":\"da-DK\"}]}<\/script>\n<!-- \/ Yoast SEO plugin. -->","yoast_head_json":{"title":"LCP - Mape Plastics","robots":{"index":"index","follow":"follow","max-snippet":"max-snippet:-1","max-image-preview":"max-image-preview:large","max-video-preview":"max-video-preview:-1"},"canonical":"https:\/\/mapeplastics.se\/da\/materialer\/lcp\/","og_locale":"da_DK","og_type":"article","og_title":"LCP - Mape Plastics","og_description":"[vc_row fullwidth=&#8221;1&#8243;][vc_column][ucaddon_ag_sub_hero ag_sh_text_small=&#8221;Vores materialer&#8221; ag_sh_text=&#8221;LCP&#8221; ag_sub_hero_par=&#8221;RGVuJTIwZmx5ZGVuZGUlMjBrcnlzdGFscG9seW1lciUyMCUyOExDUCUyOSUyMGhhciUyMGVuJTIwdW5payUyMHN0cnVrdHVyJTIwb2clMjB5ZGVldm5lJTJDJTIwc29tJTIwZXIlMjB1aCVDMyVCOHJ0JTIwaSUyMHRyYWRpdGlvbmVsJTIwcGxhc3QuJTIwVWRvdmVyJTIwYXQlMjBoYXZlJTIwbWVrYW5pc2slMjBzdHlya2UlMjBhZiUyMGVuJTIwaGVsdCUyMGFuZGVuJTIwa2xhc3NlJTJDJTIwaGFyJTIwTENQJTIwZW4lMjB1bmlrJTIwZWdlbnNrYWIlMjB2ZWQlMkMlMjBhdCUyMGpvJTIwdHluZGVyZSUyMHByb2R1a3RldCUyMGJsaXZlciUyQyUyMGpvJTIwc3QlQzMlQjhycmUlMjBlciUyMGRldHMlMjBtZWthbmlza2UlMjBzdHlya2UlMjBwci4lMjBlbmhlZCUyMGFmJTIwdHYlQzMlQTZyc25pdHNvdmVyZmxhZGVhcmVhbC4=&#8221; ag_sh_img=&#8221;2353&#8243; ag_sh_tag=&#8221;h1&#8243;][\/vc_column][\/vc_row][vc_row content_placement=&#8221;middle&#8221; css=&#8221;.vc_custom_1659975571769{padding-top: 8rem !important;padding-bottom: 6rem !important;}&#8221;][vc_column width=&#8221;1\/2&#8243; css=&#8221;.vc_custom_1659975043893{padding-left: 1rem !important;}&#8221; el_class=&#8221;standard-padding&#8221;][ucaddon_ag_title ag_title_bold=&#8221;TENQJTIwZWplbmRvbW1l&#8221; ag_title_font_size=&#8221;52&#8243; ag_title_align=&#8221;left&#8221; ag_titel_border=&#8221;&#8221; ag_title_tag=&#8221;h2&#8243;][vc_column_text css=&#8221;.vc_custom_1698130017442{padding-bottom: 2rem !important;}&#8221;] H\u00f8j flydeevne Absorbering af vibrationer Tynd og st\u00e6rk Ikke-halogen Flammemodstand H\u00f8jt elasticitetsmodul Metallignende line\u00e6r ekspansionshastighed Lodde varmebestandighed [\/vc_column_text][vc_btn title=&#8221;Kontakt os for at l\u00e6re mere&#8221; style=&#8221;flat&#8221; shape=&#8221;square&#8221; link=&#8221;url:https%3A%2F%2Fmapeplastics.se%2Fcontact%2F|title:Contact%20us%20to%20learn%20more||&#8221; el_class=&#8221;btn-primary&#8221;][vc_empty_space [&hellip;]","og_url":"https:\/\/mapeplastics.se\/da\/materialer\/lcp\/","og_site_name":"Mape Plastics","article_modified_time":"2026-04-02T07:43:59+00:00","twitter_card":"summary_large_image","twitter_misc":{"Estimeret l\u00e6setid":"2 minutter"},"schema":{"@context":"https:\/\/schema.org","@graph":[{"@type":"WebPage","@id":"https:\/\/mapeplastics.se\/da\/materialer\/lcp\/","url":"https:\/\/mapeplastics.se\/da\/materialer\/lcp\/","name":"LCP - Mape Plastics","isPartOf":{"@id":"https:\/\/mapeplastics.se\/da\/#website"},"datePublished":"2023-10-23T07:28:22+00:00","dateModified":"2026-04-02T07:43:59+00:00","breadcrumb":{"@id":"https:\/\/mapeplastics.se\/da\/materialer\/lcp\/#breadcrumb"},"inLanguage":"da-DK","potentialAction":[{"@type":"ReadAction","target":["https:\/\/mapeplastics.se\/da\/materialer\/lcp\/"]}]},{"@type":"BreadcrumbList","@id":"https:\/\/mapeplastics.se\/da\/materialer\/lcp\/#breadcrumb","itemListElement":[{"@type":"ListItem","position":1,"name":"Hem","item":"https:\/\/mapeplastics.se\/da\/"},{"@type":"ListItem","position":2,"name":"Materialer","item":"https:\/\/mapeplastics.se\/da\/materialer\/"},{"@type":"ListItem","position":3,"name":"LCP"}]},{"@type":"WebSite","@id":"https:\/\/mapeplastics.se\/da\/#website","url":"https:\/\/mapeplastics.se\/da\/","name":"Mape Plastics","description":"","potentialAction":[{"@type":"SearchAction","target":{"@type":"EntryPoint","urlTemplate":"https:\/\/mapeplastics.se\/da\/?s={search_term_string}"},"query-input":"required name=search_term_string"}],"inLanguage":"da-DK"}]}},"_links":{"self":[{"href":"https:\/\/mapeplastics.se\/da\/wp-json\/wp\/v2\/pages\/5207"}],"collection":[{"href":"https:\/\/mapeplastics.se\/da\/wp-json\/wp\/v2\/pages"}],"about":[{"href":"https:\/\/mapeplastics.se\/da\/wp-json\/wp\/v2\/types\/page"}],"author":[{"embeddable":true,"href":"https:\/\/mapeplastics.se\/da\/wp-json\/wp\/v2\/users\/29"}],"replies":[{"embeddable":true,"href":"https:\/\/mapeplastics.se\/da\/wp-json\/wp\/v2\/comments?post=5207"}],"version-history":[{"count":7,"href":"https:\/\/mapeplastics.se\/da\/wp-json\/wp\/v2\/pages\/5207\/revisions"}],"predecessor-version":[{"id":9738,"href":"https:\/\/mapeplastics.se\/da\/wp-json\/wp\/v2\/pages\/5207\/revisions\/9738"}],"up":[{"embeddable":true,"href":"https:\/\/mapeplastics.se\/da\/wp-json\/wp\/v2\/pages\/823"}],"wp:attachment":[{"href":"https:\/\/mapeplastics.se\/da\/wp-json\/wp\/v2\/media?parent=5207"}],"curies":[{"name":"wp","href":"https:\/\/api.w.org\/{rel}","templated":true}]}}