{"id":746,"date":"2020-09-10T09:59:06","date_gmt":"2020-09-10T09:59:06","guid":{"rendered":"https:\/\/mape-2.flywheelsites.com\/about-mape\/"},"modified":"2026-02-25T09:44:49","modified_gmt":"2026-02-25T08:44:49","slug":"om-mape","status":"publish","type":"page","link":"https:\/\/mapeplastics.se\/da\/om-mape\/","title":{"rendered":"Om mape"},"content":{"rendered":"<section class=\"wpb-content-wrapper\"><p>[vc_row fullwidth=&#8221;1&#8243;][vc_column][ucaddon_ag_sub_hero ag_sh_text_small=&#8221;Om os&#8221; ag_sh_text=&#8221;MAPE PLASTICS&#8221; ag_sub_hero_par=&#8221;VmklMjBlciUyMGVuJTIwYWYlMjBOb3JkZW5zJTIwZiVDMyVCOHJlbmRlJTIwZGlzdHJpYnV0JUMzJUI4cmVyJTIwYWYlMjByJUMzJUE1dmFyZXIlMjB0aWwlMjBwbGFzdGluZHVzdHJpZW4uJTIwSGVyJTIwZXIlMjBoaXN0b3JpZW4lMjBvbSUyMG9zJTJDJTIwb2clMjBodmFkJTIwdmklMjBnJUMzJUI4ciUyMGZvciUyMGFsdGlkJTIwYXQlMjB2JUMzJUE2cmUlMjBwJUMzJUE1JTIwZm9ya2FudCUyMG1lZCUyMHVkdmlrbGluZ2VuLg==&#8221; ag_sh_img=&#8221;9559&#8243; ag_sh_tag=&#8221;h1&#8243;][\/vc_column][\/vc_row][vc_row css_animation=&#8221;none&#8221; css=&#8221;.vc_custom_1663093872195{padding-top: 40px !important;padding-bottom: 40px !important;}&#8221;][vc_column css_animation=&#8221;fadeIn&#8221; width=&#8221;1\/2&#8243; el_class=&#8221;standard-padding&#8221;][vc_empty_space height=&#8221;120px&#8221;][ucaddon_ag_title ag_title_bold=&#8221;VkklMjBLQU4lMjBERVQlMjBNRUQlMjBQTEFTVA==&#8221; ag_title_font_size=&#8221;45&#8243; ag_title_align=&#8221;left&#8221; ag_titel_border=&#8221;&#8221;][vc_column_text css=&#8221;.vc_custom_1771832888535{padding-bottom: 2rem !important;}&#8221;]Mape Plastics er en af Nordens f\u00f8rende distribut\u00f8rer af r\u00e5varer til plastindustrien. Vi tilbyder en bred vifte af produkter, alt fra volumenplast til teknisk plast og h\u00f8jtydende termoplast.<\/p>\n<p>Gennem konstant udvikling og vores \u00e5relange erfaring i plastindustrien kan vi hj\u00e6lpe eksisterende og nye kunder med alt fra materialevalg til teknisk r\u00e5dgivning omkring plast og dens egenskaber. Vi fors\u00f8ger naturligvis altid at pr\u00e6sentere de bedste og mest prisvenlige muligheder ved materialevalg. Mape Plastics er din videnspartner.[\/vc_column_text][\/vc_column][vc_column css_animation=&#8221;fadeIn&#8221; width=&#8221;1\/2&#8243;][ucaddon_ag_overlay_block ag_overlay_image=&#8221;9445&#8243; ag_overlay_image_font=&#8221;9440&#8243;][\/vc_column][\/vc_row][vc_row css_animation=&#8221;fadeIn&#8221; css=&#8221;.vc_custom_1663093992409{margin-top: 60px !important;margin-bottom: 80px !important;}&#8221;][vc_column width=&#8221;1\/2&#8243; el_class=&#8221;text-col&#8221;][ucaddon_ag_overlay_block ag_overlay_image=&#8221;9500&#8243; ag_overlay_image_font=&#8221;9465&#8243;][\/vc_column][vc_column width=&#8221;1\/2&#8243; el_class=&#8221;desktop-padding&#8221;][ucaddon_ag_title ag_title_bold=&#8221;VCVDMyU4NlQlMjBQJUMzJTg1JTIwVk9SRVMlMjBLVU5ERVI=&#8221; ag_title_font_size=&#8221;45&#8243; ag_title_align=&#8221;left&#8221; ag_titel_border=&#8221;&#8221;][vc_column_text css=&#8221;.vc_custom_1771832911646{padding-bottom: 2rem !important;}&#8221;]I 2015 investerede Mape Plastics i eget lager ved vores hovedkontor i Bor\u00e5s. Siden da har vi udvidet med fire eksterne lagre i Vallhamn, Ulricehamn, Anderstorp og G\u00e4vle samt tre salgskontorer i V\u00e4rnamo, Brantevik og K\u00f6ping.<\/p>\n<p>Vores landsd\u00e6kkende tilstedev\u00e6relse g\u00f8r det muligt at v\u00e6re t\u00e6t p\u00e5 vores kunder og sikre hurtige og p\u00e5lidelige leverancer, n\u00e5r behovet opst\u00e5r. Som en familieejet virksomhed med korte beslutningsveje er vi en fleksibel og l\u00f8sningsorienteret partner.[\/vc_column_text][\/vc_column][\/vc_row][vc_row css_animation=&#8221;none&#8221; css=&#8221;.vc_custom_1663093872195{padding-top: 40px !important;padding-bottom: 40px !important;}&#8221;][vc_column css_animation=&#8221;fadeIn&#8221; width=&#8221;1\/2&#8243; el_class=&#8221;standard-padding&#8221;][ucaddon_ag_title ag_title_bold=&#8221;TUFHTlVTJTIwT0clMjBQRVI=&#8221; ag_title_font_size=&#8221;45&#8243; ag_title_align=&#8221;left&#8221; ag_titel_border=&#8221;&#8221;][vc_column_text css=&#8221;.vc_custom_1771832991951{padding-bottom: 2rem !important;}&#8221;]I 2001 grundlagde br\u00f8drene Magnus og Per Waldenstr\u00f6m polymervirksomheden Mape Plastics AB. Strategien og id\u00e9en bag virksomheden var at skabe noget nyt og mere innovativt i plastindustrien. Id\u00e9en var at kunne tilbyde en bred portef\u00f8lje af de bedst t\u00e6nkelige plastmaterialer i branchen. 25 \u00e5r senere kan vi med stolthed konstatere, at vi har et st\u00e6rkt udvalg og en stabil distribution, som vores kunder kan v\u00e6re trygge ved. Som en af de f\u00e5 uafh\u00e6ngige distribut\u00f8rer i Norden kan vi kun tilbyde det, vi selv tror p\u00e5.<\/p>\n<p>I dag har vi et dejligt team best\u00e5ende af 8 passionerede medarbejdere, der er meget engageret i alt, hvad vi laver, hvilket afspejler sig i den daglige kontakt med vores kunder.<\/p>\n<p><a href=\"https:\/\/mapeplastics.se\/da\/2026\/01\/14\/magnus-waldenstroem-has-passed-away\/\">Magnus Waldenstr\u00f6m er ikke l\u00e6ngere iblandt os. Han gik bort i slutningen af 2025 efter en periode med sygdom.<\/a>[\/vc_column_text][\/vc_column][vc_column css_animation=&#8221;fadeIn&#8221; width=&#8221;1\/2&#8243;][ucaddon_ag_overlay_block ag_overlay_image=&#8221;9470&#8243; ag_overlay_image_font=&#8221;9509&#8243;][\/vc_column][\/vc_row][vc_row css_animation=&#8221;fadeIn&#8221; css=&#8221;.vc_custom_1663093992409{margin-top: 60px !important;margin-bottom: 80px !important;}&#8221;][vc_column width=&#8221;1\/2&#8243; el_class=&#8221;text-col&#8221;][ucaddon_ag_overlay_block ag_overlay_image=&#8221;5532&#8243; ag_overlay_image_font=&#8221;9574&#8243; uc_init_settings=&#8221;&#8221;][\/vc_column][vc_column width=&#8221;1\/2&#8243; el_class=&#8221;desktop-padding&#8221;][ucaddon_ag_title ag_title_bold=&#8221;TGV0JTI3cyUyMHRhbGslMjBwbGFzdGljcw==&#8221; ag_title_font_size=&#8221;45&#8243; ag_title_align=&#8221;left&#8221; ag_titel_border=&#8221;&#8221;][vc_column_text css=&#8221;.vc_custom_1771832406804{padding-bottom: 2rem !important;}&#8221;]Let\u2019s Talk Plastics is our way of encouraging a first conversation \u2013\u00a0an invite to contact us with your questions and challenges. We want to share our knowledge.<\/p>\n<p><em>Do you know when you can use PA6 instead of PA66? Are you up to date about FDA approved plastics? Do you know which plastics perform best in the pharmaceutical industry?<\/em><\/p>\n<p>In a society with a narrow view of plastic, we want to be at the front line and show all the good things that plastics makes possible and explain how the industry works with sustainability every day to always be better.<\/p>\n<p>We are experts on everything from PP to PEEK. Resin as well as recycled. We help you with material selection, technical consultation and distribution. But it all starts with a good chat, <strong>Let\u2019s Talk Plastics!<\/strong>[\/vc_column_text][\/vc_column][\/vc_row]<\/p>\n<\/section>","protected":false},"excerpt":{"rendered":"<p>[vc_row fullwidth=&#8221;1&#8243;][vc_column][ucaddon_ag_sub_hero ag_sh_text_small=&#8221;Om os&#8221; ag_sh_text=&#8221;MAPE PLASTICS&#8221; ag_sub_hero_par=&#8221;VmklMjBlciUyMGVuJTIwYWYlMjBOb3JkZW5zJTIwZiVDMyVCOHJlbmRlJTIwZGlzdHJpYnV0JUMzJUI4cmVyJTIwYWYlMjByJUMzJUE1dmFyZXIlMjB0aWwlMjBwbGFzdGluZHVzdHJpZW4uJTIwSGVyJTIwZXIlMjBoaXN0b3JpZW4lMjBvbSUyMG9zJTJDJTIwb2clMjBodmFkJTIwdmklMjBnJUMzJUI4ciUyMGZvciUyMGFsdGlkJTIwYXQlMjB2JUMzJUE2cmUlMjBwJUMzJUE1JTIwZm9ya2FudCUyMG1lZCUyMHVkdmlrbGluZ2VuLg==&#8221; ag_sh_img=&#8221;9559&#8243; ag_sh_tag=&#8221;h1&#8243;][\/vc_column][\/vc_row][vc_row css_animation=&#8221;none&#8221; css=&#8221;.vc_custom_1663093872195{padding-top: 40px !important;padding-bottom: 40px !important;}&#8221;][vc_column css_animation=&#8221;fadeIn&#8221; width=&#8221;1\/2&#8243; el_class=&#8221;standard-padding&#8221;][vc_empty_space height=&#8221;120px&#8221;][ucaddon_ag_title ag_title_bold=&#8221;VkklMjBLQU4lMjBERVQlMjBNRUQlMjBQTEFTVA==&#8221; ag_title_font_size=&#8221;45&#8243; ag_title_align=&#8221;left&#8221; ag_titel_border=&#8221;&#8221;][vc_column_text css=&#8221;.vc_custom_1771832888535{padding-bottom: 2rem !important;}&#8221;]Mape Plastics er en af Nordens f\u00f8rende distribut\u00f8rer af r\u00e5varer til plastindustrien. Vi tilbyder en bred vifte af produkter, alt fra volumenplast til teknisk plast og h\u00f8jtydende termoplast. Gennem konstant [&hellip;]<\/p>\n","protected":false},"author":1,"featured_media":0,"parent":0,"menu_order":0,"comment_status":"closed","ping_status":"closed","template":"page-visual-composer.php","meta":{"_mi_skip_tracking":false},"acf":[],"yoast_head":"<!-- This site is optimized with the Yoast SEO plugin v20.7 - https:\/\/yoast.com\/wordpress\/plugins\/seo\/ -->\n<title>Om mape - Mape Plastics<\/title>\n<meta name=\"robots\" content=\"index, follow, max-snippet:-1, max-image-preview:large, max-video-preview:-1\" \/>\n<link rel=\"canonical\" href=\"https:\/\/mapeplastics.se\/da\/om-mape\/\" \/>\n<meta property=\"og:locale\" content=\"da_DK\" \/>\n<meta property=\"og:type\" content=\"article\" \/>\n<meta property=\"og:title\" content=\"Om mape - Mape Plastics\" \/>\n<meta property=\"og:description\" content=\"[vc_row fullwidth=&#8221;1&#8243;][vc_column][ucaddon_ag_sub_hero ag_sh_text_small=&#8221;Om os&#8221; ag_sh_text=&#8221;MAPE PLASTICS&#8221; ag_sub_hero_par=&#8221;VmklMjBlciUyMGVuJTIwYWYlMjBOb3JkZW5zJTIwZiVDMyVCOHJlbmRlJTIwZGlzdHJpYnV0JUMzJUI4cmVyJTIwYWYlMjByJUMzJUE1dmFyZXIlMjB0aWwlMjBwbGFzdGluZHVzdHJpZW4uJTIwSGVyJTIwZXIlMjBoaXN0b3JpZW4lMjBvbSUyMG9zJTJDJTIwb2clMjBodmFkJTIwdmklMjBnJUMzJUI4ciUyMGZvciUyMGFsdGlkJTIwYXQlMjB2JUMzJUE2cmUlMjBwJUMzJUE1JTIwZm9ya2FudCUyMG1lZCUyMHVkdmlrbGluZ2VuLg==&#8221; ag_sh_img=&#8221;9559&#8243; ag_sh_tag=&#8221;h1&#8243;][\/vc_column][\/vc_row][vc_row css_animation=&#8221;none&#8221; css=&#8221;.vc_custom_1663093872195{padding-top: 40px !important;padding-bottom: 40px !important;}&#8221;][vc_column css_animation=&#8221;fadeIn&#8221; width=&#8221;1\/2&#8243; el_class=&#8221;standard-padding&#8221;][vc_empty_space height=&#8221;120px&#8221;][ucaddon_ag_title ag_title_bold=&#8221;VkklMjBLQU4lMjBERVQlMjBNRUQlMjBQTEFTVA==&#8221; ag_title_font_size=&#8221;45&#8243; ag_title_align=&#8221;left&#8221; ag_titel_border=&#8221;&#8221;][vc_column_text css=&#8221;.vc_custom_1771832888535{padding-bottom: 2rem !important;}&#8221;]Mape Plastics er en af Nordens f\u00f8rende distribut\u00f8rer af r\u00e5varer til plastindustrien. Vi tilbyder en bred vifte af produkter, alt fra volumenplast til teknisk plast og h\u00f8jtydende termoplast. Gennem konstant [&hellip;]\" \/>\n<meta property=\"og:url\" content=\"https:\/\/mapeplastics.se\/da\/om-mape\/\" \/>\n<meta property=\"og:site_name\" content=\"Mape Plastics\" \/>\n<meta property=\"article:modified_time\" content=\"2026-02-25T08:44:49+00:00\" \/>\n<meta name=\"twitter:card\" content=\"summary_large_image\" \/>\n<meta name=\"twitter:label1\" content=\"Estimeret l\u00e6setid\" \/>\n\t<meta name=\"twitter:data1\" content=\"3 minutter\" \/>\n<script type=\"application\/ld+json\" class=\"yoast-schema-graph\">{\"@context\":\"https:\/\/schema.org\",\"@graph\":[{\"@type\":\"WebPage\",\"@id\":\"https:\/\/mapeplastics.se\/da\/om-mape\/\",\"url\":\"https:\/\/mapeplastics.se\/da\/om-mape\/\",\"name\":\"Om mape - Mape Plastics\",\"isPartOf\":{\"@id\":\"https:\/\/mapeplastics.se\/da\/#website\"},\"datePublished\":\"2020-09-10T09:59:06+00:00\",\"dateModified\":\"2026-02-25T08:44:49+00:00\",\"breadcrumb\":{\"@id\":\"https:\/\/mapeplastics.se\/da\/om-mape\/#breadcrumb\"},\"inLanguage\":\"da-DK\",\"potentialAction\":[{\"@type\":\"ReadAction\",\"target\":[\"https:\/\/mapeplastics.se\/da\/om-mape\/\"]}]},{\"@type\":\"BreadcrumbList\",\"@id\":\"https:\/\/mapeplastics.se\/da\/om-mape\/#breadcrumb\",\"itemListElement\":[{\"@type\":\"ListItem\",\"position\":1,\"name\":\"Hem\",\"item\":\"https:\/\/mapeplastics.se\/da\/\"},{\"@type\":\"ListItem\",\"position\":2,\"name\":\"Om mape\"}]},{\"@type\":\"WebSite\",\"@id\":\"https:\/\/mapeplastics.se\/da\/#website\",\"url\":\"https:\/\/mapeplastics.se\/da\/\",\"name\":\"Mape Plastics\",\"description\":\"\",\"potentialAction\":[{\"@type\":\"SearchAction\",\"target\":{\"@type\":\"EntryPoint\",\"urlTemplate\":\"https:\/\/mapeplastics.se\/da\/?s={search_term_string}\"},\"query-input\":\"required name=search_term_string\"}],\"inLanguage\":\"da-DK\"}]}<\/script>\n<!-- \/ Yoast SEO plugin. -->","yoast_head_json":{"title":"Om mape - Mape Plastics","robots":{"index":"index","follow":"follow","max-snippet":"max-snippet:-1","max-image-preview":"max-image-preview:large","max-video-preview":"max-video-preview:-1"},"canonical":"https:\/\/mapeplastics.se\/da\/om-mape\/","og_locale":"da_DK","og_type":"article","og_title":"Om mape - Mape Plastics","og_description":"[vc_row fullwidth=&#8221;1&#8243;][vc_column][ucaddon_ag_sub_hero ag_sh_text_small=&#8221;Om os&#8221; ag_sh_text=&#8221;MAPE PLASTICS&#8221; ag_sub_hero_par=&#8221;VmklMjBlciUyMGVuJTIwYWYlMjBOb3JkZW5zJTIwZiVDMyVCOHJlbmRlJTIwZGlzdHJpYnV0JUMzJUI4cmVyJTIwYWYlMjByJUMzJUE1dmFyZXIlMjB0aWwlMjBwbGFzdGluZHVzdHJpZW4uJTIwSGVyJTIwZXIlMjBoaXN0b3JpZW4lMjBvbSUyMG9zJTJDJTIwb2clMjBodmFkJTIwdmklMjBnJUMzJUI4ciUyMGZvciUyMGFsdGlkJTIwYXQlMjB2JUMzJUE2cmUlMjBwJUMzJUE1JTIwZm9ya2FudCUyMG1lZCUyMHVkdmlrbGluZ2VuLg==&#8221; ag_sh_img=&#8221;9559&#8243; ag_sh_tag=&#8221;h1&#8243;][\/vc_column][\/vc_row][vc_row css_animation=&#8221;none&#8221; css=&#8221;.vc_custom_1663093872195{padding-top: 40px !important;padding-bottom: 40px !important;}&#8221;][vc_column css_animation=&#8221;fadeIn&#8221; width=&#8221;1\/2&#8243; el_class=&#8221;standard-padding&#8221;][vc_empty_space height=&#8221;120px&#8221;][ucaddon_ag_title ag_title_bold=&#8221;VkklMjBLQU4lMjBERVQlMjBNRUQlMjBQTEFTVA==&#8221; ag_title_font_size=&#8221;45&#8243; ag_title_align=&#8221;left&#8221; ag_titel_border=&#8221;&#8221;][vc_column_text css=&#8221;.vc_custom_1771832888535{padding-bottom: 2rem !important;}&#8221;]Mape Plastics er en af Nordens f\u00f8rende distribut\u00f8rer af r\u00e5varer til plastindustrien. Vi tilbyder en bred vifte af produkter, alt fra volumenplast til teknisk plast og h\u00f8jtydende termoplast. Gennem konstant [&hellip;]","og_url":"https:\/\/mapeplastics.se\/da\/om-mape\/","og_site_name":"Mape Plastics","article_modified_time":"2026-02-25T08:44:49+00:00","twitter_card":"summary_large_image","twitter_misc":{"Estimeret l\u00e6setid":"3 minutter"},"schema":{"@context":"https:\/\/schema.org","@graph":[{"@type":"WebPage","@id":"https:\/\/mapeplastics.se\/da\/om-mape\/","url":"https:\/\/mapeplastics.se\/da\/om-mape\/","name":"Om mape - Mape Plastics","isPartOf":{"@id":"https:\/\/mapeplastics.se\/da\/#website"},"datePublished":"2020-09-10T09:59:06+00:00","dateModified":"2026-02-25T08:44:49+00:00","breadcrumb":{"@id":"https:\/\/mapeplastics.se\/da\/om-mape\/#breadcrumb"},"inLanguage":"da-DK","potentialAction":[{"@type":"ReadAction","target":["https:\/\/mapeplastics.se\/da\/om-mape\/"]}]},{"@type":"BreadcrumbList","@id":"https:\/\/mapeplastics.se\/da\/om-mape\/#breadcrumb","itemListElement":[{"@type":"ListItem","position":1,"name":"Hem","item":"https:\/\/mapeplastics.se\/da\/"},{"@type":"ListItem","position":2,"name":"Om mape"}]},{"@type":"WebSite","@id":"https:\/\/mapeplastics.se\/da\/#website","url":"https:\/\/mapeplastics.se\/da\/","name":"Mape Plastics","description":"","potentialAction":[{"@type":"SearchAction","target":{"@type":"EntryPoint","urlTemplate":"https:\/\/mapeplastics.se\/da\/?s={search_term_string}"},"query-input":"required name=search_term_string"}],"inLanguage":"da-DK"}]}},"_links":{"self":[{"href":"https:\/\/mapeplastics.se\/da\/wp-json\/wp\/v2\/pages\/746"}],"collection":[{"href":"https:\/\/mapeplastics.se\/da\/wp-json\/wp\/v2\/pages"}],"about":[{"href":"https:\/\/mapeplastics.se\/da\/wp-json\/wp\/v2\/types\/page"}],"author":[{"embeddable":true,"href":"https:\/\/mapeplastics.se\/da\/wp-json\/wp\/v2\/users\/1"}],"replies":[{"embeddable":true,"href":"https:\/\/mapeplastics.se\/da\/wp-json\/wp\/v2\/comments?post=746"}],"version-history":[{"count":25,"href":"https:\/\/mapeplastics.se\/da\/wp-json\/wp\/v2\/pages\/746\/revisions"}],"predecessor-version":[{"id":9580,"href":"https:\/\/mapeplastics.se\/da\/wp-json\/wp\/v2\/pages\/746\/revisions\/9580"}],"wp:attachment":[{"href":"https:\/\/mapeplastics.se\/da\/wp-json\/wp\/v2\/media?parent=746"}],"curies":[{"name":"wp","href":"https:\/\/api.w.org\/{rel}","templated":true}]}}