{"id":8526,"date":"2025-10-06T09:28:18","date_gmt":"2025-10-06T07:28:18","guid":{"rendered":"https:\/\/mapeplastics.se\/?page_id=8526"},"modified":"2025-10-07T15:06:01","modified_gmt":"2025-10-07T13:06:01","slug":"formosa-plastics","status":"publish","type":"page","link":"https:\/\/mapeplastics.se\/da\/partnere\/formosa-plastics\/","title":{"rendered":"FORMOSA PLASTICS"},"content":{"rendered":"<section class=\"wpb-content-wrapper\"><p>[vc_row fullwidth=&#8221;1&#8243;][vc_column][ucaddon_ag_sub_hero ag_sh_text_small=&#8221;Vores partnere&#8221; ag_sh_text=&#8221;FORMOSA PLASTICS&#8221; ag_sub_hero_par=&#8221;Rm9ybW9zYSUyMFBsYXN0aWNzJTIwdGlsYnlkZXIlMjBldCUyMGJyZWR0JTIwdWR2YWxnJTIwYWYlMjBpbmR1c3RyaXByb2R1a3RlciUyMGFmJTIwaCVDMyVCOGolMjBrdmFsaXRldCUyQyUyMHMlQzMlQTVzb20lMjB2YXJlbSVDMyVBNnJrZXJuZSUyMEZPUk1PQ09OJUMyJUFFJTIwJTI4UE9NJTI5JTIwb2clMjBUQUlSSVJFWCVDMiVBRSUyMCUyOFBTJTI5Lg==&#8221; ag_sh_tag=&#8221;h1&#8243;][\/vc_column][\/vc_row][vc_row css_animation=&#8221;none&#8221; css=&#8221;.vc_custom_1663093872195{padding-top: 40px !important;padding-bottom: 40px !important;}&#8221;][vc_column css_animation=&#8221;fadeIn&#8221; width=&#8221;1\/2&#8243; el_class=&#8221;standard-padding&#8221;][vc_empty_space height=&#8221;120px&#8221;][ucaddon_ag_title ag_title_slim=&#8221;R3J1bmRsYWd0JTIwaSUyMDE5Nzg=&#8221; ag_title_bold=&#8221;Rk9STU9TQSUyMFBMQVNUSUNT&#8221; ag_title_font_size=&#8221;45&#8243; ag_title_align=&#8221;left&#8221; ag_titel_border=&#8221;&#8221;][vc_column_text css=&#8221;.vc_custom_1759818297525{padding-bottom: 2rem !important;}&#8221;]<\/p>\n<p style=\"font-weight: 400;\">Formosa Plastics blev grundlagt i 1978 og er en leverand\u00f8r i v\u00e6kst inden for plastindustrien. De f\u00f8rer et bredt sortiment af forskellige materialer og andre petrokemiske produkter, der leverer den stabilitet, ydeevne og kvalitet, som kunderne eftersp\u00f8rger.<\/p>\n<p style=\"font-weight: 400;\"><a href=\"https:\/\/mapeplastics.se\/da\/materialer\/polystyrene-ps\/\"><u>Polystyren (PS)<\/u><\/a> er en prisbillig plast, som har en stor glasklarhed, h\u00e5rdhed og overfladeglans, og som f\u00e5s i kvaliteter, der er godkendt til f\u00f8devarer.<\/p>\n<p style=\"font-weight: 400;\"><a href=\"https:\/\/mapeplastics.se\/da\/materialer\/polyoxymethylene-pom\/\"><u>Polyoximethylen (POM)<\/u><\/a> er en slidst\u00e6rk teknisk plast, der besidder h\u00f8j stivhed, stor udmattelsesstyrke og lav vandabsorption. Det g\u00f8r den velegnet til pr\u00e6cise, mekaniske komponenter. Den har stor bestandighed mod kemikalier og er let at bearbejde.<\/p>\n<p>[\/vc_column_text][\/vc_column][vc_column css_animation=&#8221;fadeIn&#8221; width=&#8221;1\/2&#8243;][ucaddon_ag_overlay_block ag_overlay_image=&#8221;8363&#8243; ag_overlay_image_font=&#8221;8369&#8243;][\/vc_column][\/vc_row][vc_row css_animation=&#8221;fadeIn&#8221; css=&#8221;.vc_custom_1663093992409{margin-top: 60px !important;margin-bottom: 80px !important;}&#8221;][vc_column width=&#8221;1\/2&#8243; el_class=&#8221;text-col&#8221;][ucaddon_ag_overlay_block ag_overlay_image=&#8221;8347&#8243; ag_overlay_image_font=&#8221;8352&#8243;][\/vc_column][vc_column width=&#8221;1\/2&#8243; el_class=&#8221;desktop-padding&#8221;][ucaddon_ag_title ag_title_slim=&#8221;VmFyZW0lQzMlQTZya2Vy&#8221; ag_title_bold=&#8221;VEFJUklSRVglQzIlQUUlMjBvZyUyMEZPUk1PQ09OJUMyJUFF&#8221; ag_title_font_size=&#8221;45&#8243; ag_title_align=&#8221;left&#8221; ag_titel_border=&#8221;&#8221;][vc_column_text css=&#8221;.vc_custom_1759818336261{padding-bottom: 2rem !important;}&#8221;]<\/p>\n<p style=\"font-weight: 400;\">TAIRIREX\u00ae er et varem\u00e6rke tilh\u00f8rende Formosa Plastics. Deres polystyren findes med forskellig viskositet og f\u00e5s i mange forskellige varianter af glasklar GPPS og slagfast HIPS.<\/p>\n<p style=\"font-weight: 400;\">Varem\u00e6rket FORMOCON\u00ae og dets POM-produkter har gode mekaniske egenskaber samt lav friktion. Materialet klarer sig ogs\u00e5 godt i omgivelser med lav temperatur. Materialet anvendes ofte til knapper og push-in-koblinger, VVS og hardware, elektronik, bilkomponenter, husholdningsapparater og lejer.<\/p>\n<p>[\/vc_column_text][\/vc_column][\/vc_row][vc_row css=&#8221;.vc_custom_1692819208324{padding-bottom: 60px !important;}&#8221;][vc_column][ucaddon_ag_title ag_title_slim=&#8221;TWF0ZXJpYWxlZGF0YWJhc2U=&#8221; ag_title_bold=&#8221;Rm9ybW9zYXMlMjBwcm9kdWt0ZXI=&#8221; ag_title_font_size=&#8221;40&#8243; ag_title_align=&#8221;center&#8221; ag_titel_border=&#8221;&#8221; uc_init_settings=&#8221;&#8221;]\r\n        <style>\r\n            .js-ul-prospector-iframe {\r\n                width: 1px;\r\n                min-width: 100%;\r\n            }\r\n        <\/style>\r\n        <iframe class=\"js-ul-prospector-iframe\" src=\"https:\/\/catalog.ulprospector.com\/xquery.aspx?I=75681&QM=100:3670|1055~40:3741|3198&RSCOLS=DYNAMIC&FMT=HOV&CULTURE=en&PGSIZE=10\" frameborder=\"0\" allowfullscreen=\"false\" scrolling=\"yes\" loading=\"lazy\"><\/iframe>\r\n        <script>\r\n            jQuery(window).on(\"load\", function () {\r\n                if (!window.mapeChildUlProspectorIframeResizerInit) {\r\n                    console.log(\"Init UL Iframe Resizer\");\r\n                    iFrameResize({ log: false, scrolling: \"omit\" }, \".js-ul-prospector-iframe\");\r\n                    window.mapeChildUlProspectorIframeResizerInit = true;\r\n                }\r\n            });\r\n        <\/script>\r\n    [\/vc_column][\/vc_row][vc_row css=&#8221;.vc_custom_1647351943677{padding-top: 50px !important;padding-bottom: 60px !important;background-color: #f9f9f9 !important;}&#8221;][vc_column][ucaddon_ag_title ag_title_slim=&#8221;T1BEQUclMjBGT1JNT1NBJTIwUExBU1RJQ1M=&#8221; ag_title_bold=&#8221;TCVDMyU4NlIlMjBNRVJF&#8221; ag_title_font_size=&#8221;45&#8243; ag_title_align=&#8221;center&#8221; ag_titel_border=&#8221;&#8221;][vc_empty_space height=&#8221;30px&#8221;][vc_row_inner gap=&#8221;30&#8243; el_class=&#8221;usp-row&#8221;][vc_column_inner el_class=&#8221;cta-col&#8221; width=&#8221;1\/3&#8243; css=&#8221;.vc_custom_1647427402135{padding-top: 0px !important;background-color: #ffffff !important;}&#8221;][vc_single_image image=&#8221;8381&#8243; img_size=&#8221;full&#8221; onclick=&#8221;custom_link&#8221; img_link_target=&#8221;_blank&#8221; el_class=&#8221;cta-img&#8221; link=&#8221;https:\/\/www.fpcusa.com&#8221;][vc_custom_heading text=&#8221;FORMOSA WEBSITE&#8221; font_container=&#8221;tag:h3|text_align:left&#8221; use_theme_fonts=&#8221;yes&#8221; el_class=&#8221;rubrik-mape&#8221; css=&#8221;.vc_custom_1758722754858{padding-left: 15px !important;}&#8221; link=&#8221;url:https%3A%2F%2Fwww.fpcusa.com|target:_blank&#8221;][vc_column_text el_class=&#8221;under-rubrik-mape&#8221; css=&#8221;.vc_custom_1759818497786{padding-left: 15px !important;}&#8221;]<a href=\"https:\/\/www.fpcusa.com\" target=\"_blank\" rel=\"noopener\">Bes\u00f8g hjemmeside<\/a>[\/vc_column_text][vc_empty_space height=&#8221;30px&#8221;][\/vc_column_inner][vc_column_inner el_class=&#8221;cta-col&#8221; width=&#8221;1\/3&#8243; css=&#8221;.vc_custom_1647352243868{padding-top: 0px !important;background-color: #ffffff !important;}&#8221;][vc_single_image image=&#8221;7705&#8243; img_size=&#8221;full&#8221; alignment=&#8221;center&#8221; onclick=&#8221;custom_link&#8221; img_link_target=&#8221;_blank&#8221; el_class=&#8221;cta-img&#8221; link=&#8221;https:\/\/mapeplastics.se\/da\/materialer\/&#8221;][vc_custom_heading text=&#8221;MATERIALEDATABASE&#8221; font_container=&#8221;tag:h3|text_align:left&#8221; use_theme_fonts=&#8221;yes&#8221; el_class=&#8221;rubrik-mape&#8221; css=&#8221;.vc_custom_1759818528607{padding-left: 15px !important;}&#8221; link=&#8221;url:https%3A%2F%2Fmapeplastics.se%2Fda%2Fmaterialer%2F&#8221;][vc_column_text el_class=&#8221;under-rubrik-mape&#8221; css=&#8221;.vc_custom_1759818550630{padding-left: 15px !important;}&#8221;]<\/p>\n<p style=\"font-weight: 400;\"><a href=\"https:\/\/mapeplastics.se\/da\/materialer\/\">Udforsk vores database<\/a><\/p>\n<p>[\/vc_column_text][vc_empty_space height=&#8221;30px&#8221;][\/vc_column_inner][vc_column_inner el_class=&#8221;cta-col&#8221; width=&#8221;1\/3&#8243; css=&#8221;.vc_custom_1647351040630{padding-top: 0px !important;background-color: #ffffff !important;}&#8221;][vc_single_image image=&#8221;8188&#8243; img_size=&#8221;full&#8221; onclick=&#8221;custom_link&#8221; img_link_target=&#8221;_blank&#8221; el_class=&#8221;cta-img&#8221; link=&#8221;mailto:carl@mapeplastics.se&#8221;][vc_custom_heading text=&#8221;VIL DU VIDE MERE?&#8221; font_container=&#8221;tag:h3|text_align:left&#8221; use_theme_fonts=&#8221;yes&#8221; el_class=&#8221;rubrik-mape&#8221; css=&#8221;.vc_custom_1759818596614{padding-left: 15px !important;}&#8221; link=&#8221;url:mailto%3Acarl%40mapeplastics.se&#8221;][vc_column_text el_class=&#8221;under-rubrik-mape&#8221; css=&#8221;.vc_custom_1759818604057{padding-left: 15px !important;}&#8221;]<a href=\"mailto:carl@mapeplastics.se\">KONTAKT CARL WALDENSTR\u00d6M<\/a>[\/vc_column_text][vc_empty_space height=&#8221;30px&#8221;][\/vc_column_inner][\/vc_row_inner][\/vc_column][\/vc_row]<\/p>\n<\/section>","protected":false},"excerpt":{"rendered":"<p>[vc_row fullwidth=&#8221;1&#8243;][vc_column][ucaddon_ag_sub_hero ag_sh_text_small=&#8221;Vores partnere&#8221; ag_sh_text=&#8221;FORMOSA PLASTICS&#8221; ag_sub_hero_par=&#8221;Rm9ybW9zYSUyMFBsYXN0aWNzJTIwdGlsYnlkZXIlMjBldCUyMGJyZWR0JTIwdWR2YWxnJTIwYWYlMjBpbmR1c3RyaXByb2R1a3RlciUyMGFmJTIwaCVDMyVCOGolMjBrdmFsaXRldCUyQyUyMHMlQzMlQTVzb20lMjB2YXJlbSVDMyVBNnJrZXJuZSUyMEZPUk1PQ09OJUMyJUFFJTIwJTI4UE9NJTI5JTIwb2clMjBUQUlSSVJFWCVDMiVBRSUyMCUyOFBTJTI5Lg==&#8221; ag_sh_tag=&#8221;h1&#8243;][\/vc_column][\/vc_row][vc_row css_animation=&#8221;none&#8221; css=&#8221;.vc_custom_1663093872195{padding-top: 40px !important;padding-bottom: 40px !important;}&#8221;][vc_column css_animation=&#8221;fadeIn&#8221; width=&#8221;1\/2&#8243; el_class=&#8221;standard-padding&#8221;][vc_empty_space height=&#8221;120px&#8221;][ucaddon_ag_title ag_title_slim=&#8221;R3J1bmRsYWd0JTIwaSUyMDE5Nzg=&#8221; ag_title_bold=&#8221;Rk9STU9TQSUyMFBMQVNUSUNT&#8221; ag_title_font_size=&#8221;45&#8243; ag_title_align=&#8221;left&#8221; ag_titel_border=&#8221;&#8221;][vc_column_text css=&#8221;.vc_custom_1759818297525{padding-bottom: 2rem !important;}&#8221;] Formosa Plastics blev grundlagt i 1978 og er en leverand\u00f8r i v\u00e6kst inden for plastindustrien. De f\u00f8rer et bredt sortiment af forskellige materialer og andre petrokemiske produkter, der leverer [&hellip;]<\/p>\n","protected":false},"author":29,"featured_media":0,"parent":800,"menu_order":0,"comment_status":"closed","ping_status":"closed","template":"page-visual-composer.php","meta":{"_mi_skip_tracking":false},"acf":[],"yoast_head":"<!-- This site is optimized with the Yoast SEO plugin v20.7 - https:\/\/yoast.com\/wordpress\/plugins\/seo\/ -->\n<title>FORMOSA PLASTICS - Mape Plastics<\/title>\n<meta name=\"robots\" content=\"index, follow, max-snippet:-1, max-image-preview:large, max-video-preview:-1\" \/>\n<link rel=\"canonical\" href=\"https:\/\/mapeplastics.se\/da\/partnere\/formosa-plastics\/\" \/>\n<meta property=\"og:locale\" content=\"da_DK\" \/>\n<meta property=\"og:type\" content=\"article\" \/>\n<meta property=\"og:title\" content=\"FORMOSA PLASTICS - Mape Plastics\" \/>\n<meta property=\"og:description\" content=\"[vc_row fullwidth=&#8221;1&#8243;][vc_column][ucaddon_ag_sub_hero ag_sh_text_small=&#8221;Vores partnere&#8221; ag_sh_text=&#8221;FORMOSA PLASTICS&#8221; ag_sub_hero_par=&#8221;Rm9ybW9zYSUyMFBsYXN0aWNzJTIwdGlsYnlkZXIlMjBldCUyMGJyZWR0JTIwdWR2YWxnJTIwYWYlMjBpbmR1c3RyaXByb2R1a3RlciUyMGFmJTIwaCVDMyVCOGolMjBrdmFsaXRldCUyQyUyMHMlQzMlQTVzb20lMjB2YXJlbSVDMyVBNnJrZXJuZSUyMEZPUk1PQ09OJUMyJUFFJTIwJTI4UE9NJTI5JTIwb2clMjBUQUlSSVJFWCVDMiVBRSUyMCUyOFBTJTI5Lg==&#8221; ag_sh_tag=&#8221;h1&#8243;][\/vc_column][\/vc_row][vc_row css_animation=&#8221;none&#8221; css=&#8221;.vc_custom_1663093872195{padding-top: 40px !important;padding-bottom: 40px !important;}&#8221;][vc_column css_animation=&#8221;fadeIn&#8221; width=&#8221;1\/2&#8243; el_class=&#8221;standard-padding&#8221;][vc_empty_space height=&#8221;120px&#8221;][ucaddon_ag_title ag_title_slim=&#8221;R3J1bmRsYWd0JTIwaSUyMDE5Nzg=&#8221; ag_title_bold=&#8221;Rk9STU9TQSUyMFBMQVNUSUNT&#8221; ag_title_font_size=&#8221;45&#8243; ag_title_align=&#8221;left&#8221; ag_titel_border=&#8221;&#8221;][vc_column_text css=&#8221;.vc_custom_1759818297525{padding-bottom: 2rem !important;}&#8221;] Formosa Plastics blev grundlagt i 1978 og er en leverand\u00f8r i v\u00e6kst inden for plastindustrien. De f\u00f8rer et bredt sortiment af forskellige materialer og andre petrokemiske produkter, der leverer [&hellip;]\" \/>\n<meta property=\"og:url\" content=\"https:\/\/mapeplastics.se\/da\/partnere\/formosa-plastics\/\" \/>\n<meta property=\"og:site_name\" content=\"Mape Plastics\" \/>\n<meta property=\"article:modified_time\" content=\"2025-10-07T13:06:01+00:00\" \/>\n<meta name=\"twitter:card\" content=\"summary_large_image\" \/>\n<meta name=\"twitter:label1\" content=\"Estimeret l\u00e6setid\" \/>\n\t<meta name=\"twitter:data1\" content=\"2 minutter\" \/>\n<script type=\"application\/ld+json\" class=\"yoast-schema-graph\">{\"@context\":\"https:\/\/schema.org\",\"@graph\":[{\"@type\":\"WebPage\",\"@id\":\"https:\/\/mapeplastics.se\/da\/partnere\/formosa-plastics\/\",\"url\":\"https:\/\/mapeplastics.se\/da\/partnere\/formosa-plastics\/\",\"name\":\"FORMOSA PLASTICS - Mape Plastics\",\"isPartOf\":{\"@id\":\"https:\/\/mapeplastics.se\/da\/#website\"},\"datePublished\":\"2025-10-06T07:28:18+00:00\",\"dateModified\":\"2025-10-07T13:06:01+00:00\",\"breadcrumb\":{\"@id\":\"https:\/\/mapeplastics.se\/da\/partnere\/formosa-plastics\/#breadcrumb\"},\"inLanguage\":\"da-DK\",\"potentialAction\":[{\"@type\":\"ReadAction\",\"target\":[\"https:\/\/mapeplastics.se\/da\/partnere\/formosa-plastics\/\"]}]},{\"@type\":\"BreadcrumbList\",\"@id\":\"https:\/\/mapeplastics.se\/da\/partnere\/formosa-plastics\/#breadcrumb\",\"itemListElement\":[{\"@type\":\"ListItem\",\"position\":1,\"name\":\"Hem\",\"item\":\"https:\/\/mapeplastics.se\/da\/\"},{\"@type\":\"ListItem\",\"position\":2,\"name\":\"Partnere\",\"item\":\"https:\/\/mapeplastics.se\/da\/partnere\/\"},{\"@type\":\"ListItem\",\"position\":3,\"name\":\"FORMOSA PLASTICS\"}]},{\"@type\":\"WebSite\",\"@id\":\"https:\/\/mapeplastics.se\/da\/#website\",\"url\":\"https:\/\/mapeplastics.se\/da\/\",\"name\":\"Mape Plastics\",\"description\":\"\",\"potentialAction\":[{\"@type\":\"SearchAction\",\"target\":{\"@type\":\"EntryPoint\",\"urlTemplate\":\"https:\/\/mapeplastics.se\/da\/?s={search_term_string}\"},\"query-input\":\"required name=search_term_string\"}],\"inLanguage\":\"da-DK\"}]}<\/script>\n<!-- \/ Yoast SEO plugin. -->","yoast_head_json":{"title":"FORMOSA PLASTICS - Mape Plastics","robots":{"index":"index","follow":"follow","max-snippet":"max-snippet:-1","max-image-preview":"max-image-preview:large","max-video-preview":"max-video-preview:-1"},"canonical":"https:\/\/mapeplastics.se\/da\/partnere\/formosa-plastics\/","og_locale":"da_DK","og_type":"article","og_title":"FORMOSA PLASTICS - Mape Plastics","og_description":"[vc_row fullwidth=&#8221;1&#8243;][vc_column][ucaddon_ag_sub_hero ag_sh_text_small=&#8221;Vores partnere&#8221; ag_sh_text=&#8221;FORMOSA PLASTICS&#8221; ag_sub_hero_par=&#8221;Rm9ybW9zYSUyMFBsYXN0aWNzJTIwdGlsYnlkZXIlMjBldCUyMGJyZWR0JTIwdWR2YWxnJTIwYWYlMjBpbmR1c3RyaXByb2R1a3RlciUyMGFmJTIwaCVDMyVCOGolMjBrdmFsaXRldCUyQyUyMHMlQzMlQTVzb20lMjB2YXJlbSVDMyVBNnJrZXJuZSUyMEZPUk1PQ09OJUMyJUFFJTIwJTI4UE9NJTI5JTIwb2clMjBUQUlSSVJFWCVDMiVBRSUyMCUyOFBTJTI5Lg==&#8221; ag_sh_tag=&#8221;h1&#8243;][\/vc_column][\/vc_row][vc_row css_animation=&#8221;none&#8221; css=&#8221;.vc_custom_1663093872195{padding-top: 40px !important;padding-bottom: 40px !important;}&#8221;][vc_column css_animation=&#8221;fadeIn&#8221; width=&#8221;1\/2&#8243; el_class=&#8221;standard-padding&#8221;][vc_empty_space height=&#8221;120px&#8221;][ucaddon_ag_title ag_title_slim=&#8221;R3J1bmRsYWd0JTIwaSUyMDE5Nzg=&#8221; ag_title_bold=&#8221;Rk9STU9TQSUyMFBMQVNUSUNT&#8221; ag_title_font_size=&#8221;45&#8243; ag_title_align=&#8221;left&#8221; ag_titel_border=&#8221;&#8221;][vc_column_text css=&#8221;.vc_custom_1759818297525{padding-bottom: 2rem !important;}&#8221;] Formosa Plastics blev grundlagt i 1978 og er en leverand\u00f8r i v\u00e6kst inden for plastindustrien. De f\u00f8rer et bredt sortiment af forskellige materialer og andre petrokemiske produkter, der leverer [&hellip;]","og_url":"https:\/\/mapeplastics.se\/da\/partnere\/formosa-plastics\/","og_site_name":"Mape Plastics","article_modified_time":"2025-10-07T13:06:01+00:00","twitter_card":"summary_large_image","twitter_misc":{"Estimeret l\u00e6setid":"2 minutter"},"schema":{"@context":"https:\/\/schema.org","@graph":[{"@type":"WebPage","@id":"https:\/\/mapeplastics.se\/da\/partnere\/formosa-plastics\/","url":"https:\/\/mapeplastics.se\/da\/partnere\/formosa-plastics\/","name":"FORMOSA PLASTICS - Mape Plastics","isPartOf":{"@id":"https:\/\/mapeplastics.se\/da\/#website"},"datePublished":"2025-10-06T07:28:18+00:00","dateModified":"2025-10-07T13:06:01+00:00","breadcrumb":{"@id":"https:\/\/mapeplastics.se\/da\/partnere\/formosa-plastics\/#breadcrumb"},"inLanguage":"da-DK","potentialAction":[{"@type":"ReadAction","target":["https:\/\/mapeplastics.se\/da\/partnere\/formosa-plastics\/"]}]},{"@type":"BreadcrumbList","@id":"https:\/\/mapeplastics.se\/da\/partnere\/formosa-plastics\/#breadcrumb","itemListElement":[{"@type":"ListItem","position":1,"name":"Hem","item":"https:\/\/mapeplastics.se\/da\/"},{"@type":"ListItem","position":2,"name":"Partnere","item":"https:\/\/mapeplastics.se\/da\/partnere\/"},{"@type":"ListItem","position":3,"name":"FORMOSA PLASTICS"}]},{"@type":"WebSite","@id":"https:\/\/mapeplastics.se\/da\/#website","url":"https:\/\/mapeplastics.se\/da\/","name":"Mape Plastics","description":"","potentialAction":[{"@type":"SearchAction","target":{"@type":"EntryPoint","urlTemplate":"https:\/\/mapeplastics.se\/da\/?s={search_term_string}"},"query-input":"required name=search_term_string"}],"inLanguage":"da-DK"}]}},"_links":{"self":[{"href":"https:\/\/mapeplastics.se\/da\/wp-json\/wp\/v2\/pages\/8526"}],"collection":[{"href":"https:\/\/mapeplastics.se\/da\/wp-json\/wp\/v2\/pages"}],"about":[{"href":"https:\/\/mapeplastics.se\/da\/wp-json\/wp\/v2\/types\/page"}],"author":[{"embeddable":true,"href":"https:\/\/mapeplastics.se\/da\/wp-json\/wp\/v2\/users\/29"}],"replies":[{"embeddable":true,"href":"https:\/\/mapeplastics.se\/da\/wp-json\/wp\/v2\/comments?post=8526"}],"version-history":[{"count":5,"href":"https:\/\/mapeplastics.se\/da\/wp-json\/wp\/v2\/pages\/8526\/revisions"}],"predecessor-version":[{"id":8623,"href":"https:\/\/mapeplastics.se\/da\/wp-json\/wp\/v2\/pages\/8526\/revisions\/8623"}],"up":[{"embeddable":true,"href":"https:\/\/mapeplastics.se\/da\/wp-json\/wp\/v2\/pages\/800"}],"wp:attachment":[{"href":"https:\/\/mapeplastics.se\/da\/wp-json\/wp\/v2\/media?parent=8526"}],"curies":[{"name":"wp","href":"https:\/\/api.w.org\/{rel}","templated":true}]}}