{"id":8537,"date":"2025-10-06T10:09:52","date_gmt":"2025-10-06T08:09:52","guid":{"rendered":"https:\/\/mapeplastics.se\/?page_id=8537"},"modified":"2025-10-07T16:07:25","modified_gmt":"2025-10-07T14:07:25","slug":"hyosung-chemical","status":"publish","type":"page","link":"https:\/\/mapeplastics.se\/da\/partnere\/hyosung-chemical\/","title":{"rendered":"HYOSUNG CHEMICAL"},"content":{"rendered":"<section class=\"wpb-content-wrapper\"><p>[vc_row fullwidth=&#8221;1&#8243;][vc_column][ucaddon_ag_sub_hero ag_sh_text_small=&#8221;Vores partnere&#8221; ag_sh_text=&#8221;HYOSUNG CHEMICAL&#8221; ag_sub_hero_par=&#8221;SHlvc3VuZyUyMENoZW1pY2FsJTIwZXIlMjBlbiUyMHN0b3IlMjBwJUMzJUE1bGlkZWxpZyUyMGxldmVyYW5kJUMzJUI4ciUyMG1lZCUyMGxhbmclMjBlcmZhcmluZyUyMGluZGVuJTIwZm9yJTIwcGxhc3RpbmR1c3RyaWVuLiUyMEclQzMlQTUlMjBwJUMzJUE1JTIwb3BkYWdlbHNlJTIwaSUyMGRlcmVzJTIwcG9seXByb3B5bGVuJTIwJTI4UFAlMjklMjBtZWQlMjB2YXJlbSVDMyVBNnJrZXQlMjBIeW9zdW5nJTIwUG9seXByb3B5bGVuZSVFMiU4NCVBMiUyMG9nJTIwZGVyZXMlMjBwb2x5a2V0b24lMjBtZWQlMjB2YXJlbSVDMyVBNnJrZXQlMjBQT0tFVE9ORSVFMiU4NCVBMi4=&#8221; ag_sh_tag=&#8221;h1&#8243;][\/vc_column][\/vc_row][vc_row css_animation=&#8221;none&#8221; css=&#8221;.vc_custom_1663093872195{padding-top: 40px !important;padding-bottom: 40px !important;}&#8221;][vc_column css_animation=&#8221;fadeIn&#8221; width=&#8221;1\/2&#8243; el_class=&#8221;standard-padding&#8221;][vc_empty_space height=&#8221;120px&#8221;][ucaddon_ag_title ag_title_slim=&#8221;SFlPU1VORyUyMENIRU1JQ0FM&#8221; ag_title_bold=&#8221;U0lLS0VSSEVEJTIwT0clMjBIT0xEQkFSSEVE&#8221; ag_title_font_size=&#8221;45&#8243; ag_title_align=&#8221;left&#8221; ag_titel_border=&#8221;&#8221;][vc_column_text css=&#8221;.vc_custom_1759818840462{padding-bottom: 2rem !important;}&#8221;]<\/p>\n<p style=\"font-weight: 400;\">Hyosung Chemical har et globalt netv\u00e6rk med mere end 70 virksomhedscentre verden over, organiseret i otte forretningsomr\u00e5der. Virksomheden er f\u00f8rende p\u00e5 globalt plan inden for flere produktkategorier, s\u00e5som garner til sikkerhedsseler, tekstiler til airbags og meget mere.<\/p>\n<p style=\"font-weight: 400;\">Hyosung Chemical str\u00e6ber efter at skabe nye innovative plastprodukter, som s\u00e6tter sikkerhed og holdbarhed i h\u00f8js\u00e6det. I deres brede udvalg findes bl.a. varem\u00e6rkerne Hyosung Polypropylene\u2122 (PP) og verdens f\u00f8rste kommercielt succesrige produkt af polyketon, nemlig POKETONE\u2122.<\/p>\n<p>[\/vc_column_text][\/vc_column][vc_column css_animation=&#8221;fadeIn&#8221; width=&#8221;1\/2&#8243;][ucaddon_ag_overlay_block ag_overlay_image=&#8221;8307&#8243; ag_overlay_image_font=&#8221;8302&#8243;][\/vc_column][\/vc_row][vc_row css_animation=&#8221;fadeIn&#8221; css=&#8221;.vc_custom_1663093992409{margin-top: 60px !important;margin-bottom: 80px !important;}&#8221;][vc_column width=&#8221;1\/2&#8243; el_class=&#8221;text-col&#8221;][ucaddon_ag_overlay_block ag_overlay_image=&#8221;8291&#8243; ag_overlay_image_font=&#8221;8334&#8243;][\/vc_column][vc_column width=&#8221;1\/2&#8243; el_class=&#8221;desktop-padding&#8221;][ucaddon_ag_title ag_title_slim=&#8221;VmFyZW0lQzMlQTZya2Vy&#8221; ag_title_bold=&#8221;SHlvc3VuZyUyMFBvbHlwcm9weWxlbmUlRTIlODQlQTIlMjBvZyUyMFBPS0VUT05FJUMyJUFF&#8221; ag_title_font_size=&#8221;45&#8243; ag_title_align=&#8221;left&#8221; ag_titel_border=&#8221;&#8221;][vc_column_text css=&#8221;.vc_custom_1759818879683{padding-bottom: 2rem !important;}&#8221;]<\/p>\n<p style=\"font-weight: 400;\"><strong>Hyosung Polypropylene\u2122 <\/strong>er et varem\u00e6rke for polypropen (PP), der fremstilles af Hyosung Chemical, en af verdens f\u00f8rende kemiske virksomheder. Deres polypropen-produkter har mange forskellige anvendelsesmuligheder, fx spr\u00f8jtest\u00f8bte genstande, r\u00f8r, husholdningsartikler og emballager, og er kendt for sin h\u00f8je kvalitet, bearbejdelighed, stivhed og slagstyrke. Varem\u00e6rket omfatter forskellige kvaliteter, s\u00e5som homopolymerer for deres stivhed og blokcopolymerer for deres afbalancerede egenskaber, og de fremstilles ved hj\u00e6lp af avanceret polymerisationsteknologi.<\/p>\n<p>&nbsp;<\/p>\n<p style=\"font-weight: 400;\"><strong>POKETONE\u2122 <\/strong>er verdens f\u00f8rste kommercielt succesrige polyketon. Den er en giftfri og biokompatibel polymer, som er godkendt af b\u00e5de FDA og NSF. Udledningen af CO\u2082 under fremstillingen er minimal.<\/p>\n<p><span style=\"font-weight: 400;\">Den har en stor kemisk resistens, h\u00f8j slagstyrke, brudforl\u00e6ngelse og slidstyrke. Med sine afbalancerede egenskaber benyttes POKETONE\u2122 i stor udstr\u00e6kning inden for segmenter som bilindustrien, vandm\u00e5lere, vandrensere, leget\u00f8j, medicinsk udstyr, r\u00f8r og film.<\/span>[\/vc_column_text][\/vc_column][\/vc_row][vc_row css=&#8221;.vc_custom_1692819208324{padding-bottom: 60px !important;}&#8221;][vc_column][ucaddon_ag_title ag_title_slim=&#8221;TWF0ZXJpYWxlZGF0YWJhc2U=&#8221; ag_title_bold=&#8221;SHlvc3VuZ3MlMjBwcm9kdWt0ZXI=&#8221; ag_title_font_size=&#8221;40&#8243; ag_title_align=&#8221;center&#8221; ag_titel_border=&#8221;&#8221; uc_init_settings=&#8221;&#8221;]\r\n        <style>\r\n            .js-ul-prospector-iframe {\r\n                width: 1px;\r\n                min-width: 100%;\r\n            }\r\n        <\/style>\r\n        <iframe class=\"js-ul-prospector-iframe\" src=\"https:\/\/catalog.ulprospector.com\/xquery.aspx?I=75681&QM=100:1108&RSCOLS=DYNAMIC&FMT=HOV&CULTURE=en&PGSIZE=10\" frameborder=\"0\" allowfullscreen=\"false\" scrolling=\"yes\" loading=\"lazy\"><\/iframe>\r\n        <script>\r\n            jQuery(window).on(\"load\", function () {\r\n                if (!window.mapeChildUlProspectorIframeResizerInit) {\r\n                    console.log(\"Init UL Iframe Resizer\");\r\n                    iFrameResize({ log: false, scrolling: \"omit\" }, \".js-ul-prospector-iframe\");\r\n                    window.mapeChildUlProspectorIframeResizerInit = true;\r\n                }\r\n            });\r\n        <\/script>\r\n    [\/vc_column][\/vc_row][vc_row css=&#8221;.vc_custom_1647351943677{padding-top: 50px !important;padding-bottom: 60px !important;background-color: #f9f9f9 !important;}&#8221;][vc_column][ucaddon_ag_title ag_title_slim=&#8221;T1BEQUclMjBIWU9TVU5H&#8221; ag_title_bold=&#8221;TCVDMyU4NlIlMjBNRVJF&#8221; ag_title_font_size=&#8221;45&#8243; ag_title_align=&#8221;center&#8221; ag_titel_border=&#8221;&#8221;][vc_empty_space height=&#8221;30px&#8221;][vc_row_inner gap=&#8221;30&#8243; el_class=&#8221;usp-row&#8221;][vc_column_inner el_class=&#8221;cta-col&#8221; width=&#8221;1\/3&#8243; css=&#8221;.vc_custom_1647427402135{padding-top: 0px !important;background-color: #ffffff !important;}&#8221;][vc_single_image image=&#8221;8517&#8243; img_size=&#8221;full&#8221; onclick=&#8221;custom_link&#8221; img_link_target=&#8221;_blank&#8221; el_class=&#8221;cta-img&#8221; link=&#8221;https:\/\/www.hyosungchemical.com\/en&#8221;][vc_custom_heading text=&#8221;HYOSUNG WEBSITE&#8221; font_container=&#8221;tag:h3|text_align:left&#8221; use_theme_fonts=&#8221;yes&#8221; el_class=&#8221;rubrik-mape&#8221; css=&#8221;.vc_custom_1758714468955{padding-left: 15px !important;}&#8221; link=&#8221;url:https%3A%2F%2Fwww.hyosungchemical.com%2Fen|target:_blank&#8221;][vc_column_text el_class=&#8221;under-rubrik-mape&#8221; css=&#8221;.vc_custom_1759818911511{padding-left: 15px !important;}&#8221;]<a href=\"https:\/\/www.hyosungchemical.com\/en\" target=\"_blank\" rel=\"noopener\">Bes\u00f8g hyosungchemical.com<\/a>[\/vc_column_text][vc_empty_space height=&#8221;30px&#8221;][\/vc_column_inner][vc_column_inner el_class=&#8221;cta-col&#8221; width=&#8221;1\/3&#8243; css=&#8221;.vc_custom_1647352243868{padding-top: 0px !important;background-color: #ffffff !important;}&#8221;][vc_single_image image=&#8221;8340&#8243; img_size=&#8221;full&#8221; alignment=&#8221;center&#8221; onclick=&#8221;custom_link&#8221; img_link_target=&#8221;_blank&#8221; el_class=&#8221;cta-img&#8221; link=&#8221;https:\/\/www.poketone.com\/en\/index.do&#8221;][vc_custom_heading text=&#8221;POKETONE&#8221; font_container=&#8221;tag:h3|text_align:left&#8221; use_theme_fonts=&#8221;yes&#8221; el_class=&#8221;rubrik-mape&#8221; css=&#8221;.vc_custom_1758714587779{padding-left: 15px !important;}&#8221; link=&#8221;url:https%3A%2F%2Fwww.poketone.com%2Fen%2Findex.do|target:_blank&#8221;][vc_column_text el_class=&#8221;under-rubrik-mape&#8221; css=&#8221;.vc_custom_1759818975721{padding-left: 15px !important;}&#8221;]<a href=\"https:\/\/www.poketone.com\/en\/index.do\" target=\"_blank\" rel=\"noopener\">Udforsk POKETONE<\/a>[\/vc_column_text][vc_empty_space height=&#8221;30px&#8221;][\/vc_column_inner][vc_column_inner el_class=&#8221;cta-col&#8221; width=&#8221;1\/3&#8243; css=&#8221;.vc_custom_1647351040630{padding-top: 0px !important;background-color: #ffffff !important;}&#8221;][vc_single_image image=&#8221;8188&#8243; img_size=&#8221;full&#8221; onclick=&#8221;custom_link&#8221; img_link_target=&#8221;_blank&#8221; el_class=&#8221;cta-img&#8221; link=&#8221;mailto:carl@mapeplastics.se&#8221;][vc_custom_heading text=&#8221;VIL DU VIDE MERE?&#8221; font_container=&#8221;tag:h3|text_align:left&#8221; use_theme_fonts=&#8221;yes&#8221; el_class=&#8221;rubrik-mape&#8221; css=&#8221;.vc_custom_1759818991810{padding-left: 15px !important;}&#8221; link=&#8221;url:mailto%3Acarl%40mapeplastics.se&#8221;][vc_column_text el_class=&#8221;under-rubrik-mape&#8221; css=&#8221;.vc_custom_1759818997224{padding-left: 15px !important;}&#8221;]<a href=\"mailto:carl@mapeplastics.se\">KONTAKT CARL WALDENSTR\u00d6M<\/a>[\/vc_column_text][vc_empty_space height=&#8221;30px&#8221;][\/vc_column_inner][\/vc_row_inner][\/vc_column][\/vc_row][vc_row][vc_column][vc_column_text] [\/vc_column_text][\/vc_column][\/vc_row]<\/p>\n<\/section>","protected":false},"excerpt":{"rendered":"<p>[vc_row fullwidth=&#8221;1&#8243;][vc_column][ucaddon_ag_sub_hero ag_sh_text_small=&#8221;Vores partnere&#8221; ag_sh_text=&#8221;HYOSUNG CHEMICAL&#8221; ag_sub_hero_par=&#8221;SHlvc3VuZyUyMENoZW1pY2FsJTIwZXIlMjBlbiUyMHN0b3IlMjBwJUMzJUE1bGlkZWxpZyUyMGxldmVyYW5kJUMzJUI4ciUyMG1lZCUyMGxhbmclMjBlcmZhcmluZyUyMGluZGVuJTIwZm9yJTIwcGxhc3RpbmR1c3RyaWVuLiUyMEclQzMlQTUlMjBwJUMzJUE1JTIwb3BkYWdlbHNlJTIwaSUyMGRlcmVzJTIwcG9seXByb3B5bGVuJTIwJTI4UFAlMjklMjBtZWQlMjB2YXJlbSVDMyVBNnJrZXQlMjBIeW9zdW5nJTIwUG9seXByb3B5bGVuZSVFMiU4NCVBMiUyMG9nJTIwZGVyZXMlMjBwb2x5a2V0b24lMjBtZWQlMjB2YXJlbSVDMyVBNnJrZXQlMjBQT0tFVE9ORSVFMiU4NCVBMi4=&#8221; ag_sh_tag=&#8221;h1&#8243;][\/vc_column][\/vc_row][vc_row css_animation=&#8221;none&#8221; css=&#8221;.vc_custom_1663093872195{padding-top: 40px !important;padding-bottom: 40px !important;}&#8221;][vc_column css_animation=&#8221;fadeIn&#8221; width=&#8221;1\/2&#8243; el_class=&#8221;standard-padding&#8221;][vc_empty_space height=&#8221;120px&#8221;][ucaddon_ag_title ag_title_slim=&#8221;SFlPU1VORyUyMENIRU1JQ0FM&#8221; ag_title_bold=&#8221;U0lLS0VSSEVEJTIwT0clMjBIT0xEQkFSSEVE&#8221; ag_title_font_size=&#8221;45&#8243; ag_title_align=&#8221;left&#8221; ag_titel_border=&#8221;&#8221;][vc_column_text css=&#8221;.vc_custom_1759818840462{padding-bottom: 2rem !important;}&#8221;] Hyosung Chemical har et globalt netv\u00e6rk med mere end 70 virksomhedscentre verden over, organiseret i otte forretningsomr\u00e5der. Virksomheden er f\u00f8rende p\u00e5 globalt plan inden for flere produktkategorier, s\u00e5som garner [&hellip;]<\/p>\n","protected":false},"author":29,"featured_media":0,"parent":800,"menu_order":0,"comment_status":"closed","ping_status":"closed","template":"page-visual-composer.php","meta":{"_mi_skip_tracking":false},"acf":[],"yoast_head":"<!-- This site is optimized with the Yoast SEO plugin v20.7 - https:\/\/yoast.com\/wordpress\/plugins\/seo\/ -->\n<title>HYOSUNG CHEMICAL - Mape Plastics<\/title>\n<meta name=\"robots\" content=\"index, follow, max-snippet:-1, max-image-preview:large, max-video-preview:-1\" \/>\n<link rel=\"canonical\" href=\"https:\/\/mapeplastics.se\/da\/partnere\/hyosung-chemical\/\" \/>\n<meta property=\"og:locale\" content=\"da_DK\" \/>\n<meta property=\"og:type\" content=\"article\" \/>\n<meta property=\"og:title\" content=\"HYOSUNG CHEMICAL - Mape Plastics\" \/>\n<meta property=\"og:description\" content=\"[vc_row fullwidth=&#8221;1&#8243;][vc_column][ucaddon_ag_sub_hero ag_sh_text_small=&#8221;Vores partnere&#8221; ag_sh_text=&#8221;HYOSUNG CHEMICAL&#8221; ag_sub_hero_par=&#8221;SHlvc3VuZyUyMENoZW1pY2FsJTIwZXIlMjBlbiUyMHN0b3IlMjBwJUMzJUE1bGlkZWxpZyUyMGxldmVyYW5kJUMzJUI4ciUyMG1lZCUyMGxhbmclMjBlcmZhcmluZyUyMGluZGVuJTIwZm9yJTIwcGxhc3RpbmR1c3RyaWVuLiUyMEclQzMlQTUlMjBwJUMzJUE1JTIwb3BkYWdlbHNlJTIwaSUyMGRlcmVzJTIwcG9seXByb3B5bGVuJTIwJTI4UFAlMjklMjBtZWQlMjB2YXJlbSVDMyVBNnJrZXQlMjBIeW9zdW5nJTIwUG9seXByb3B5bGVuZSVFMiU4NCVBMiUyMG9nJTIwZGVyZXMlMjBwb2x5a2V0b24lMjBtZWQlMjB2YXJlbSVDMyVBNnJrZXQlMjBQT0tFVE9ORSVFMiU4NCVBMi4=&#8221; ag_sh_tag=&#8221;h1&#8243;][\/vc_column][\/vc_row][vc_row css_animation=&#8221;none&#8221; css=&#8221;.vc_custom_1663093872195{padding-top: 40px !important;padding-bottom: 40px !important;}&#8221;][vc_column css_animation=&#8221;fadeIn&#8221; width=&#8221;1\/2&#8243; el_class=&#8221;standard-padding&#8221;][vc_empty_space height=&#8221;120px&#8221;][ucaddon_ag_title ag_title_slim=&#8221;SFlPU1VORyUyMENIRU1JQ0FM&#8221; ag_title_bold=&#8221;U0lLS0VSSEVEJTIwT0clMjBIT0xEQkFSSEVE&#8221; ag_title_font_size=&#8221;45&#8243; ag_title_align=&#8221;left&#8221; ag_titel_border=&#8221;&#8221;][vc_column_text css=&#8221;.vc_custom_1759818840462{padding-bottom: 2rem !important;}&#8221;] Hyosung Chemical har et globalt netv\u00e6rk med mere end 70 virksomhedscentre verden over, organiseret i otte forretningsomr\u00e5der. Virksomheden er f\u00f8rende p\u00e5 globalt plan inden for flere produktkategorier, s\u00e5som garner [&hellip;]\" \/>\n<meta property=\"og:url\" content=\"https:\/\/mapeplastics.se\/da\/partnere\/hyosung-chemical\/\" \/>\n<meta property=\"og:site_name\" content=\"Mape Plastics\" \/>\n<meta property=\"article:modified_time\" content=\"2025-10-07T14:07:25+00:00\" \/>\n<meta name=\"twitter:card\" content=\"summary_large_image\" \/>\n<meta name=\"twitter:label1\" content=\"Estimeret l\u00e6setid\" \/>\n\t<meta name=\"twitter:data1\" content=\"2 minutter\" \/>\n<script type=\"application\/ld+json\" class=\"yoast-schema-graph\">{\"@context\":\"https:\/\/schema.org\",\"@graph\":[{\"@type\":\"WebPage\",\"@id\":\"https:\/\/mapeplastics.se\/da\/partnere\/hyosung-chemical\/\",\"url\":\"https:\/\/mapeplastics.se\/da\/partnere\/hyosung-chemical\/\",\"name\":\"HYOSUNG CHEMICAL - Mape Plastics\",\"isPartOf\":{\"@id\":\"https:\/\/mapeplastics.se\/da\/#website\"},\"datePublished\":\"2025-10-06T08:09:52+00:00\",\"dateModified\":\"2025-10-07T14:07:25+00:00\",\"breadcrumb\":{\"@id\":\"https:\/\/mapeplastics.se\/da\/partnere\/hyosung-chemical\/#breadcrumb\"},\"inLanguage\":\"da-DK\",\"potentialAction\":[{\"@type\":\"ReadAction\",\"target\":[\"https:\/\/mapeplastics.se\/da\/partnere\/hyosung-chemical\/\"]}]},{\"@type\":\"BreadcrumbList\",\"@id\":\"https:\/\/mapeplastics.se\/da\/partnere\/hyosung-chemical\/#breadcrumb\",\"itemListElement\":[{\"@type\":\"ListItem\",\"position\":1,\"name\":\"Hem\",\"item\":\"https:\/\/mapeplastics.se\/da\/\"},{\"@type\":\"ListItem\",\"position\":2,\"name\":\"Partnere\",\"item\":\"https:\/\/mapeplastics.se\/da\/partnere\/\"},{\"@type\":\"ListItem\",\"position\":3,\"name\":\"HYOSUNG CHEMICAL\"}]},{\"@type\":\"WebSite\",\"@id\":\"https:\/\/mapeplastics.se\/da\/#website\",\"url\":\"https:\/\/mapeplastics.se\/da\/\",\"name\":\"Mape Plastics\",\"description\":\"\",\"potentialAction\":[{\"@type\":\"SearchAction\",\"target\":{\"@type\":\"EntryPoint\",\"urlTemplate\":\"https:\/\/mapeplastics.se\/da\/?s={search_term_string}\"},\"query-input\":\"required name=search_term_string\"}],\"inLanguage\":\"da-DK\"}]}<\/script>\n<!-- \/ Yoast SEO plugin. -->","yoast_head_json":{"title":"HYOSUNG CHEMICAL - Mape Plastics","robots":{"index":"index","follow":"follow","max-snippet":"max-snippet:-1","max-image-preview":"max-image-preview:large","max-video-preview":"max-video-preview:-1"},"canonical":"https:\/\/mapeplastics.se\/da\/partnere\/hyosung-chemical\/","og_locale":"da_DK","og_type":"article","og_title":"HYOSUNG CHEMICAL - Mape Plastics","og_description":"[vc_row fullwidth=&#8221;1&#8243;][vc_column][ucaddon_ag_sub_hero ag_sh_text_small=&#8221;Vores partnere&#8221; ag_sh_text=&#8221;HYOSUNG CHEMICAL&#8221; ag_sub_hero_par=&#8221;SHlvc3VuZyUyMENoZW1pY2FsJTIwZXIlMjBlbiUyMHN0b3IlMjBwJUMzJUE1bGlkZWxpZyUyMGxldmVyYW5kJUMzJUI4ciUyMG1lZCUyMGxhbmclMjBlcmZhcmluZyUyMGluZGVuJTIwZm9yJTIwcGxhc3RpbmR1c3RyaWVuLiUyMEclQzMlQTUlMjBwJUMzJUE1JTIwb3BkYWdlbHNlJTIwaSUyMGRlcmVzJTIwcG9seXByb3B5bGVuJTIwJTI4UFAlMjklMjBtZWQlMjB2YXJlbSVDMyVBNnJrZXQlMjBIeW9zdW5nJTIwUG9seXByb3B5bGVuZSVFMiU4NCVBMiUyMG9nJTIwZGVyZXMlMjBwb2x5a2V0b24lMjBtZWQlMjB2YXJlbSVDMyVBNnJrZXQlMjBQT0tFVE9ORSVFMiU4NCVBMi4=&#8221; ag_sh_tag=&#8221;h1&#8243;][\/vc_column][\/vc_row][vc_row css_animation=&#8221;none&#8221; css=&#8221;.vc_custom_1663093872195{padding-top: 40px !important;padding-bottom: 40px !important;}&#8221;][vc_column css_animation=&#8221;fadeIn&#8221; width=&#8221;1\/2&#8243; el_class=&#8221;standard-padding&#8221;][vc_empty_space height=&#8221;120px&#8221;][ucaddon_ag_title ag_title_slim=&#8221;SFlPU1VORyUyMENIRU1JQ0FM&#8221; ag_title_bold=&#8221;U0lLS0VSSEVEJTIwT0clMjBIT0xEQkFSSEVE&#8221; ag_title_font_size=&#8221;45&#8243; ag_title_align=&#8221;left&#8221; ag_titel_border=&#8221;&#8221;][vc_column_text css=&#8221;.vc_custom_1759818840462{padding-bottom: 2rem !important;}&#8221;] Hyosung Chemical har et globalt netv\u00e6rk med mere end 70 virksomhedscentre verden over, organiseret i otte forretningsomr\u00e5der. Virksomheden er f\u00f8rende p\u00e5 globalt plan inden for flere produktkategorier, s\u00e5som garner [&hellip;]","og_url":"https:\/\/mapeplastics.se\/da\/partnere\/hyosung-chemical\/","og_site_name":"Mape Plastics","article_modified_time":"2025-10-07T14:07:25+00:00","twitter_card":"summary_large_image","twitter_misc":{"Estimeret l\u00e6setid":"2 minutter"},"schema":{"@context":"https:\/\/schema.org","@graph":[{"@type":"WebPage","@id":"https:\/\/mapeplastics.se\/da\/partnere\/hyosung-chemical\/","url":"https:\/\/mapeplastics.se\/da\/partnere\/hyosung-chemical\/","name":"HYOSUNG CHEMICAL - Mape Plastics","isPartOf":{"@id":"https:\/\/mapeplastics.se\/da\/#website"},"datePublished":"2025-10-06T08:09:52+00:00","dateModified":"2025-10-07T14:07:25+00:00","breadcrumb":{"@id":"https:\/\/mapeplastics.se\/da\/partnere\/hyosung-chemical\/#breadcrumb"},"inLanguage":"da-DK","potentialAction":[{"@type":"ReadAction","target":["https:\/\/mapeplastics.se\/da\/partnere\/hyosung-chemical\/"]}]},{"@type":"BreadcrumbList","@id":"https:\/\/mapeplastics.se\/da\/partnere\/hyosung-chemical\/#breadcrumb","itemListElement":[{"@type":"ListItem","position":1,"name":"Hem","item":"https:\/\/mapeplastics.se\/da\/"},{"@type":"ListItem","position":2,"name":"Partnere","item":"https:\/\/mapeplastics.se\/da\/partnere\/"},{"@type":"ListItem","position":3,"name":"HYOSUNG CHEMICAL"}]},{"@type":"WebSite","@id":"https:\/\/mapeplastics.se\/da\/#website","url":"https:\/\/mapeplastics.se\/da\/","name":"Mape Plastics","description":"","potentialAction":[{"@type":"SearchAction","target":{"@type":"EntryPoint","urlTemplate":"https:\/\/mapeplastics.se\/da\/?s={search_term_string}"},"query-input":"required name=search_term_string"}],"inLanguage":"da-DK"}]}},"_links":{"self":[{"href":"https:\/\/mapeplastics.se\/da\/wp-json\/wp\/v2\/pages\/8537"}],"collection":[{"href":"https:\/\/mapeplastics.se\/da\/wp-json\/wp\/v2\/pages"}],"about":[{"href":"https:\/\/mapeplastics.se\/da\/wp-json\/wp\/v2\/types\/page"}],"author":[{"embeddable":true,"href":"https:\/\/mapeplastics.se\/da\/wp-json\/wp\/v2\/users\/29"}],"replies":[{"embeddable":true,"href":"https:\/\/mapeplastics.se\/da\/wp-json\/wp\/v2\/comments?post=8537"}],"version-history":[{"count":5,"href":"https:\/\/mapeplastics.se\/da\/wp-json\/wp\/v2\/pages\/8537\/revisions"}],"predecessor-version":[{"id":8634,"href":"https:\/\/mapeplastics.se\/da\/wp-json\/wp\/v2\/pages\/8537\/revisions\/8634"}],"up":[{"embeddable":true,"href":"https:\/\/mapeplastics.se\/da\/wp-json\/wp\/v2\/pages\/800"}],"wp:attachment":[{"href":"https:\/\/mapeplastics.se\/da\/wp-json\/wp\/v2\/media?parent=8537"}],"curies":[{"name":"wp","href":"https:\/\/api.w.org\/{rel}","templated":true}]}}