{"id":8545,"date":"2025-10-06T10:13:47","date_gmt":"2025-10-06T08:13:47","guid":{"rendered":"https:\/\/mapeplastics.se\/?page_id=8545"},"modified":"2026-04-02T09:30:50","modified_gmt":"2026-04-02T07:30:50","slug":"daicel","status":"publish","type":"page","link":"https:\/\/mapeplastics.se\/da\/partnere\/daicel\/","title":{"rendered":"DAICEL"},"content":{"rendered":"<section class=\"wpb-content-wrapper\"><p>[vc_row fullwidth=&#8221;1&#8243;][vc_column][ucaddon_ag_sub_hero ag_sh_text_small=&#8221;Vores partnere&#8221; ag_sh_text=&#8221;DAICEL&#8221; ag_sub_hero_par=&#8221;RGFpY2VsJTIwdWR2aWtsZXIlMjBhdmFuY2VyZWRlJTIwdHlwZXIlMjBhZiUyMHRla25pc2slMjBwbGFzdCUyMHVuZGVyJTIwdmFyZW0lQzMlQTZya2VybmUlMjBEVVJBRklERSVDMiVBRSUyMCUyOFBQUyUyOSUyMG9nJTIwTEFQRVJPUyVDMiVBRSUyMCUyOExDUCUyOS4=&#8221; ag_sh_tag=&#8221;h1&#8243; uc_init_settings=&#8221;&#8221;][\/vc_column][\/vc_row][vc_row css_animation=&#8221;none&#8221; css=&#8221;.vc_custom_1663093872195{padding-top: 40px !important;padding-bottom: 40px !important;}&#8221;][vc_column css_animation=&#8221;fadeIn&#8221; width=&#8221;1\/2&#8243; el_class=&#8221;standard-padding&#8221;][vc_empty_space height=&#8221;120px&#8221;][ucaddon_ag_title ag_title_slim=&#8221;RGFpY2Vs&#8221; ag_title_bold=&#8221;RiVDMyVCOHJlbmRlJTIwaW5kZW4lMjAlM0NESVYlM0UlMjBmb3IlMjBQUFMlMjBvZyUyMExDUA==&#8221; ag_title_font_size=&#8221;45&#8243; ag_title_align=&#8221;left&#8221; ag_titel_border=&#8221;&#8221; uc_init_settings=&#8221;&#8221;][vc_column_text css=&#8221;.vc_custom_1775114733705{padding-bottom: 2rem !important;}&#8221;]<\/p>\n<p data-start=\"789\" data-end=\"1046\">Daicel er en global kemikoncern med lang erfaring i at udvikle innovative materialel\u00f8sninger til industrien. Som en del af Daicel indg\u00e5r Polyplastics, som blev grundlagt allerede i 1962 og blev Japans f\u00f8rste producent af avancerede konstruktionsplaster.<\/p>\n<p data-start=\"1048\" data-end=\"1279\">Med fokus p\u00e5 kvalitet, p\u00e5lidelighed og innovation str\u00e6ber virksomheden efter at v\u00e6re en langsigtet og p\u00e5lidelig partner inden for konstruktionsplaster og l\u00f8bende im\u00f8dekomme fremtidens krav til materialeydeevne og b\u00e6redygtighed.<\/p>\n<p>[\/vc_column_text][\/vc_column][vc_column css_animation=&#8221;fadeIn&#8221; width=&#8221;1\/2&#8243;][ucaddon_ag_overlay_block ag_overlay_image=&#8221;8404&#8243; ag_overlay_image_font=&#8221;9708&#8243; uc_init_settings=&#8221;&#8221;][\/vc_column][\/vc_row][vc_row css_animation=&#8221;fadeIn&#8221; css=&#8221;.vc_custom_1663093992409{margin-top: 60px !important;margin-bottom: 80px !important;}&#8221;][vc_column width=&#8221;1\/2&#8243; el_class=&#8221;text-col&#8221;][ucaddon_ag_overlay_block ag_overlay_image=&#8221;8393&#8243; ag_overlay_image_font=&#8221;8398&#8243;][\/vc_column][vc_column width=&#8221;1\/2&#8243; el_class=&#8221;desktop-padding&#8221;][ucaddon_ag_title ag_title_slim=&#8221;VmFyZW0lQzMlQTZya2Vy&#8221; ag_title_bold=&#8221;RFVSQUZJREUlQzIlQUUlMjBvZyUyMExBUEVST1MlQzIlQUU=&#8221; ag_title_font_size=&#8221;45&#8243; ag_title_align=&#8221;left&#8221; ag_titel_border=&#8221;&#8221;][vc_column_text css=&#8221;.vc_custom_1775114763454{padding-bottom: 2rem !important;}&#8221;]<\/p>\n<p style=\"font-weight: 400;\">DURAFIDE\u00ae <a href=\"https:\/\/mapeplastics.se\/da\/materialer\/polyphenylene-sulphide-pps\/\">PPS<\/a>\u00a0er en avanceret teknisk plast, som er kendetegnet ved sin store bestandighed mod varme og kemikalier. Produkterne tilbyder ogs\u00e5 utrolig stor mekanisk styrke og flammeh\u00e6mmende egenskaber samt god sejhed i forhold til traditionel PPS.<\/p>\n<p style=\"font-weight: 400;\">LAPEROS\u00ae <a href=\"https:\/\/mapeplastics.se\/da\/materialer\/lcp\/\">LCP<\/a>\u00a0er en avanceret teknisk plast, som er meget velegnet til konstruktion af tynde detaljer. LCP er varmebestandig og har gode mekaniske egenskaber.<\/p>\n<p><span style=\"font-weight: 400;\">LCP har den enest\u00e5ende egenskab, at jo tyndere produktet er, desto st\u00f8rre mekanisk styrke har det. Desuden har den en lav termisk l\u00e6ngdeudvidelseskoefficient, n\u00e6sten som metal. Den bruges ofte til sm\u00e5 tynde elektronikkomponenter inde i tablets og smartphones.<\/span>[\/vc_column_text][\/vc_column][\/vc_row][vc_row css=&#8221;.vc_custom_1692819208324{padding-bottom: 60px !important;}&#8221;][vc_column][ucaddon_ag_title ag_title_slim=&#8221;TWF0ZXJpYWxlZGF0YWJhc2U=&#8221; ag_title_bold=&#8221;RGFpY2VscyUyMHByb2R1a3Rlcg==&#8221; ag_title_font_size=&#8221;40&#8243; ag_title_align=&#8221;center&#8221; ag_titel_border=&#8221;&#8221; uc_init_settings=&#8221;&#8221;]\r\n        <style>\r\n            .js-ul-prospector-iframe {\r\n                width: 1px;\r\n                min-width: 100%;\r\n            }\r\n        <\/style>\r\n        <iframe class=\"js-ul-prospector-iframe\" src=\"https:\/\/catalog.ulprospector.com\/xquery.aspx?I=75681&amp;QM=100:920&amp;RSCOLS=DYNAMIC&amp;FMT=HOV&amp;CULTURE=en&amp;PGSIZE=10\" frameborder=\"0\" allowfullscreen=\"false\" scrolling=\"yes\" loading=\"lazy\"><\/iframe>\r\n        <script>\r\n            jQuery(window).on(\"load\", function () {\r\n                if (!window.mapeChildUlProspectorIframeResizerInit) {\r\n                    console.log(\"Init UL Iframe Resizer\");\r\n                    iFrameResize({ log: false, scrolling: \"omit\" }, \".js-ul-prospector-iframe\");\r\n                    window.mapeChildUlProspectorIframeResizerInit = true;\r\n                }\r\n            });\r\n        <\/script>\r\n    [\/vc_column][\/vc_row][vc_row css=&#8221;.vc_custom_1647351943677{padding-top: 50px !important;padding-bottom: 60px !important;background-color: #f9f9f9 !important;}&#8221;][vc_column][ucaddon_ag_title ag_title_slim=&#8221;T1BEQUclMjBEQUlDRUw=&#8221; ag_title_bold=&#8221;TCVDMyU4NlIlMjBNRVJF&#8221; ag_title_font_size=&#8221;45&#8243; ag_title_align=&#8221;center&#8221; ag_titel_border=&#8221;&#8221; uc_init_settings=&#8221;&#8221;][vc_empty_space height=&#8221;30px&#8221;][vc_row_inner gap=&#8221;30&#8243; el_class=&#8221;usp-row&#8221;][vc_column_inner el_class=&#8221;cta-col&#8221; width=&#8221;1\/3&#8243; css=&#8221;.vc_custom_1647427402135{padding-top: 0px !important;background-color: #ffffff !important;}&#8221;][vc_single_image image=&#8221;9698&#8243; img_size=&#8221;full&#8221; onclick=&#8221;custom_link&#8221; img_link_target=&#8221;_blank&#8221; el_class=&#8221;cta-img&#8221; link=&#8221;https:\/\/hpps.daicel.com\/global\/s\/?language=en_US&#8221;][vc_custom_heading text=&#8221;DAICEL WEBSITE&#8221; font_container=&#8221;tag:h3|text_align:left&#8221; use_theme_fonts=&#8221;yes&#8221; el_class=&#8221;rubrik-mape&#8221; css=&#8221;.vc_custom_1775114804689{padding-left: 15px !important;}&#8221; link=&#8221;url:https%3A%2F%2Fhpps.daicel.com%2Fglobal%2Fs%2F%3Flanguage%3Den_US|target:_blank&#8221;][vc_column_text el_class=&#8221;under-rubrik-mape&#8221; css=&#8221;.vc_custom_1775114816576{padding-left: 15px !important;}&#8221;]<a href=\"https:\/\/hpps.daicel.com\/global\/s\/?language=en_US\" target=\"_blank\" rel=\"noopener\">Bes\u00f8g daicel.com<\/a>[\/vc_column_text][vc_empty_space height=&#8221;30px&#8221;][\/vc_column_inner][vc_column_inner el_class=&#8221;cta-col&#8221; width=&#8221;1\/3&#8243; css=&#8221;.vc_custom_1647352243868{padding-top: 0px !important;background-color: #ffffff !important;}&#8221;][vc_single_image image=&#8221;7705&#8243; img_size=&#8221;full&#8221; onclick=&#8221;custom_link&#8221; img_link_target=&#8221;_blank&#8221; el_class=&#8221;cta-img&#8221; link=&#8221;https:\/\/mapeplastics.se\/da\/materialer\/&#8221;][vc_custom_heading text=&#8221;MATERIALEDATABASE&#8221; font_container=&#8221;tag:h3|text_align:left&#8221; use_theme_fonts=&#8221;yes&#8221; el_class=&#8221;rubrik-mape&#8221; css=&#8221;.vc_custom_1759819351274{padding-left: 15px !important;}&#8221; link=&#8221;url:https%3A%2F%2Fmapeplastics.se%2Fda%2Fmaterialer%2F&#8221;][vc_column_text el_class=&#8221;under-rubrik-mape&#8221; css=&#8221;.vc_custom_1759819373128{padding-left: 15px !important;}&#8221;]<a href=\"https:\/\/mapeplastics.se\/da\/materialer\/\" target=\"_blank\" rel=\"noopener\">Udforsk vores database<\/a>[\/vc_column_text][vc_empty_space height=&#8221;30px&#8221;][\/vc_column_inner][vc_column_inner el_class=&#8221;cta-col&#8221; width=&#8221;1\/3&#8243; css=&#8221;.vc_custom_1647351040630{padding-top: 0px !important;background-color: #ffffff !important;}&#8221;][vc_single_image image=&#8221;8182&#8243; img_size=&#8221;full&#8221; onclick=&#8221;custom_link&#8221; img_link_target=&#8221;_blank&#8221; el_class=&#8221;cta-img&#8221; link=&#8221;mailto:per@mapeplastics.se&#8221;][vc_custom_heading text=&#8221;VIL DU VIDE MERE?&#8221; font_container=&#8221;tag:h3|text_align:left&#8221; use_theme_fonts=&#8221;yes&#8221; el_class=&#8221;rubrik-mape&#8221; css=&#8221;.vc_custom_1759819381135{padding-left: 15px !important;}&#8221; link=&#8221;url:mailto%3Aper%40mapeplastics.se&#8221;][vc_column_text el_class=&#8221;under-rubrik-mape&#8221; css=&#8221;.vc_custom_1759819386971{padding-left: 15px !important;}&#8221;]<a href=\"mailto:per@mapeplastics.se\">KONTAKT PER WALDENSTR\u00d6M<\/a>[\/vc_column_text][vc_empty_space height=&#8221;30px&#8221;][\/vc_column_inner][\/vc_row_inner][\/vc_column][\/vc_row][vc_row][vc_column][vc_column_text] [\/vc_column_text][\/vc_column][\/vc_row]<\/p>\n<\/section>","protected":false},"excerpt":{"rendered":"<p>[vc_row fullwidth=&#8221;1&#8243;][vc_column][ucaddon_ag_sub_hero ag_sh_text_small=&#8221;Vores partnere&#8221; ag_sh_text=&#8221;DAICEL&#8221; ag_sub_hero_par=&#8221;RGFpY2VsJTIwdWR2aWtsZXIlMjBhdmFuY2VyZWRlJTIwdHlwZXIlMjBhZiUyMHRla25pc2slMjBwbGFzdCUyMHVuZGVyJTIwdmFyZW0lQzMlQTZya2VybmUlMjBEVVJBRklERSVDMiVBRSUyMCUyOFBQUyUyOSUyMG9nJTIwTEFQRVJPUyVDMiVBRSUyMCUyOExDUCUyOS4=&#8221; ag_sh_tag=&#8221;h1&#8243; uc_init_settings=&#8221;&#8221;][\/vc_column][\/vc_row][vc_row css_animation=&#8221;none&#8221; css=&#8221;.vc_custom_1663093872195{padding-top: 40px !important;padding-bottom: 40px !important;}&#8221;][vc_column css_animation=&#8221;fadeIn&#8221; width=&#8221;1\/2&#8243; el_class=&#8221;standard-padding&#8221;][vc_empty_space height=&#8221;120px&#8221;][ucaddon_ag_title ag_title_slim=&#8221;RGFpY2Vs&#8221; ag_title_bold=&#8221;RiVDMyVCOHJlbmRlJTIwaW5kZW4lMjAlM0NESVYlM0UlMjBmb3IlMjBQUFMlMjBvZyUyMExDUA==&#8221; ag_title_font_size=&#8221;45&#8243; ag_title_align=&#8221;left&#8221; ag_titel_border=&#8221;&#8221; uc_init_settings=&#8221;&#8221;][vc_column_text css=&#8221;.vc_custom_1775114733705{padding-bottom: 2rem !important;}&#8221;] Daicel er en global kemikoncern med lang erfaring i at udvikle innovative materialel\u00f8sninger til industrien. Som en del af Daicel indg\u00e5r Polyplastics, som blev grundlagt allerede i 1962 [&hellip;]<\/p>\n","protected":false},"author":29,"featured_media":0,"parent":800,"menu_order":0,"comment_status":"closed","ping_status":"closed","template":"page-visual-composer.php","meta":{"_mi_skip_tracking":false},"acf":[],"yoast_head":"<!-- This site is optimized with the Yoast SEO plugin v20.7 - https:\/\/yoast.com\/wordpress\/plugins\/seo\/ -->\n<title>DAICEL - Mape Plastics<\/title>\n<meta name=\"robots\" content=\"index, follow, max-snippet:-1, max-image-preview:large, max-video-preview:-1\" \/>\n<link rel=\"canonical\" href=\"https:\/\/mapeplastics.se\/da\/partnere\/daicel\/\" \/>\n<meta property=\"og:locale\" content=\"da_DK\" \/>\n<meta property=\"og:type\" content=\"article\" \/>\n<meta property=\"og:title\" content=\"DAICEL - Mape Plastics\" \/>\n<meta property=\"og:description\" content=\"[vc_row fullwidth=&#8221;1&#8243;][vc_column][ucaddon_ag_sub_hero ag_sh_text_small=&#8221;Vores partnere&#8221; ag_sh_text=&#8221;DAICEL&#8221; ag_sub_hero_par=&#8221;RGFpY2VsJTIwdWR2aWtsZXIlMjBhdmFuY2VyZWRlJTIwdHlwZXIlMjBhZiUyMHRla25pc2slMjBwbGFzdCUyMHVuZGVyJTIwdmFyZW0lQzMlQTZya2VybmUlMjBEVVJBRklERSVDMiVBRSUyMCUyOFBQUyUyOSUyMG9nJTIwTEFQRVJPUyVDMiVBRSUyMCUyOExDUCUyOS4=&#8221; ag_sh_tag=&#8221;h1&#8243; uc_init_settings=&#8221;&#8221;][\/vc_column][\/vc_row][vc_row css_animation=&#8221;none&#8221; css=&#8221;.vc_custom_1663093872195{padding-top: 40px !important;padding-bottom: 40px !important;}&#8221;][vc_column css_animation=&#8221;fadeIn&#8221; width=&#8221;1\/2&#8243; el_class=&#8221;standard-padding&#8221;][vc_empty_space height=&#8221;120px&#8221;][ucaddon_ag_title ag_title_slim=&#8221;RGFpY2Vs&#8221; ag_title_bold=&#8221;RiVDMyVCOHJlbmRlJTIwaW5kZW4lMjAlM0NESVYlM0UlMjBmb3IlMjBQUFMlMjBvZyUyMExDUA==&#8221; ag_title_font_size=&#8221;45&#8243; ag_title_align=&#8221;left&#8221; ag_titel_border=&#8221;&#8221; uc_init_settings=&#8221;&#8221;][vc_column_text css=&#8221;.vc_custom_1775114733705{padding-bottom: 2rem !important;}&#8221;] Daicel er en global kemikoncern med lang erfaring i at udvikle innovative materialel\u00f8sninger til industrien. Som en del af Daicel indg\u00e5r Polyplastics, som blev grundlagt allerede i 1962 [&hellip;]\" \/>\n<meta property=\"og:url\" content=\"https:\/\/mapeplastics.se\/da\/partnere\/daicel\/\" \/>\n<meta property=\"og:site_name\" content=\"Mape Plastics\" \/>\n<meta property=\"article:modified_time\" content=\"2026-04-02T07:30:50+00:00\" \/>\n<meta name=\"twitter:card\" content=\"summary_large_image\" \/>\n<meta name=\"twitter:label1\" content=\"Estimeret l\u00e6setid\" \/>\n\t<meta name=\"twitter:data1\" content=\"2 minutter\" \/>\n<script type=\"application\/ld+json\" class=\"yoast-schema-graph\">{\"@context\":\"https:\/\/schema.org\",\"@graph\":[{\"@type\":\"WebPage\",\"@id\":\"https:\/\/mapeplastics.se\/da\/partnere\/daicel\/\",\"url\":\"https:\/\/mapeplastics.se\/da\/partnere\/daicel\/\",\"name\":\"DAICEL - Mape Plastics\",\"isPartOf\":{\"@id\":\"https:\/\/mapeplastics.se\/da\/#website\"},\"datePublished\":\"2025-10-06T08:13:47+00:00\",\"dateModified\":\"2026-04-02T07:30:50+00:00\",\"breadcrumb\":{\"@id\":\"https:\/\/mapeplastics.se\/da\/partnere\/daicel\/#breadcrumb\"},\"inLanguage\":\"da-DK\",\"potentialAction\":[{\"@type\":\"ReadAction\",\"target\":[\"https:\/\/mapeplastics.se\/da\/partnere\/daicel\/\"]}]},{\"@type\":\"BreadcrumbList\",\"@id\":\"https:\/\/mapeplastics.se\/da\/partnere\/daicel\/#breadcrumb\",\"itemListElement\":[{\"@type\":\"ListItem\",\"position\":1,\"name\":\"Hem\",\"item\":\"https:\/\/mapeplastics.se\/da\/\"},{\"@type\":\"ListItem\",\"position\":2,\"name\":\"Partnere\",\"item\":\"https:\/\/mapeplastics.se\/da\/partnere\/\"},{\"@type\":\"ListItem\",\"position\":3,\"name\":\"DAICEL\"}]},{\"@type\":\"WebSite\",\"@id\":\"https:\/\/mapeplastics.se\/da\/#website\",\"url\":\"https:\/\/mapeplastics.se\/da\/\",\"name\":\"Mape Plastics\",\"description\":\"\",\"potentialAction\":[{\"@type\":\"SearchAction\",\"target\":{\"@type\":\"EntryPoint\",\"urlTemplate\":\"https:\/\/mapeplastics.se\/da\/?s={search_term_string}\"},\"query-input\":\"required name=search_term_string\"}],\"inLanguage\":\"da-DK\"}]}<\/script>\n<!-- \/ Yoast SEO plugin. -->","yoast_head_json":{"title":"DAICEL - Mape Plastics","robots":{"index":"index","follow":"follow","max-snippet":"max-snippet:-1","max-image-preview":"max-image-preview:large","max-video-preview":"max-video-preview:-1"},"canonical":"https:\/\/mapeplastics.se\/da\/partnere\/daicel\/","og_locale":"da_DK","og_type":"article","og_title":"DAICEL - Mape Plastics","og_description":"[vc_row fullwidth=&#8221;1&#8243;][vc_column][ucaddon_ag_sub_hero ag_sh_text_small=&#8221;Vores partnere&#8221; ag_sh_text=&#8221;DAICEL&#8221; ag_sub_hero_par=&#8221;RGFpY2VsJTIwdWR2aWtsZXIlMjBhdmFuY2VyZWRlJTIwdHlwZXIlMjBhZiUyMHRla25pc2slMjBwbGFzdCUyMHVuZGVyJTIwdmFyZW0lQzMlQTZya2VybmUlMjBEVVJBRklERSVDMiVBRSUyMCUyOFBQUyUyOSUyMG9nJTIwTEFQRVJPUyVDMiVBRSUyMCUyOExDUCUyOS4=&#8221; ag_sh_tag=&#8221;h1&#8243; uc_init_settings=&#8221;&#8221;][\/vc_column][\/vc_row][vc_row css_animation=&#8221;none&#8221; css=&#8221;.vc_custom_1663093872195{padding-top: 40px !important;padding-bottom: 40px !important;}&#8221;][vc_column css_animation=&#8221;fadeIn&#8221; width=&#8221;1\/2&#8243; el_class=&#8221;standard-padding&#8221;][vc_empty_space height=&#8221;120px&#8221;][ucaddon_ag_title ag_title_slim=&#8221;RGFpY2Vs&#8221; ag_title_bold=&#8221;RiVDMyVCOHJlbmRlJTIwaW5kZW4lMjAlM0NESVYlM0UlMjBmb3IlMjBQUFMlMjBvZyUyMExDUA==&#8221; ag_title_font_size=&#8221;45&#8243; ag_title_align=&#8221;left&#8221; ag_titel_border=&#8221;&#8221; uc_init_settings=&#8221;&#8221;][vc_column_text css=&#8221;.vc_custom_1775114733705{padding-bottom: 2rem !important;}&#8221;] Daicel er en global kemikoncern med lang erfaring i at udvikle innovative materialel\u00f8sninger til industrien. Som en del af Daicel indg\u00e5r Polyplastics, som blev grundlagt allerede i 1962 [&hellip;]","og_url":"https:\/\/mapeplastics.se\/da\/partnere\/daicel\/","og_site_name":"Mape Plastics","article_modified_time":"2026-04-02T07:30:50+00:00","twitter_card":"summary_large_image","twitter_misc":{"Estimeret l\u00e6setid":"2 minutter"},"schema":{"@context":"https:\/\/schema.org","@graph":[{"@type":"WebPage","@id":"https:\/\/mapeplastics.se\/da\/partnere\/daicel\/","url":"https:\/\/mapeplastics.se\/da\/partnere\/daicel\/","name":"DAICEL - Mape Plastics","isPartOf":{"@id":"https:\/\/mapeplastics.se\/da\/#website"},"datePublished":"2025-10-06T08:13:47+00:00","dateModified":"2026-04-02T07:30:50+00:00","breadcrumb":{"@id":"https:\/\/mapeplastics.se\/da\/partnere\/daicel\/#breadcrumb"},"inLanguage":"da-DK","potentialAction":[{"@type":"ReadAction","target":["https:\/\/mapeplastics.se\/da\/partnere\/daicel\/"]}]},{"@type":"BreadcrumbList","@id":"https:\/\/mapeplastics.se\/da\/partnere\/daicel\/#breadcrumb","itemListElement":[{"@type":"ListItem","position":1,"name":"Hem","item":"https:\/\/mapeplastics.se\/da\/"},{"@type":"ListItem","position":2,"name":"Partnere","item":"https:\/\/mapeplastics.se\/da\/partnere\/"},{"@type":"ListItem","position":3,"name":"DAICEL"}]},{"@type":"WebSite","@id":"https:\/\/mapeplastics.se\/da\/#website","url":"https:\/\/mapeplastics.se\/da\/","name":"Mape Plastics","description":"","potentialAction":[{"@type":"SearchAction","target":{"@type":"EntryPoint","urlTemplate":"https:\/\/mapeplastics.se\/da\/?s={search_term_string}"},"query-input":"required name=search_term_string"}],"inLanguage":"da-DK"}]}},"_links":{"self":[{"href":"https:\/\/mapeplastics.se\/da\/wp-json\/wp\/v2\/pages\/8545"}],"collection":[{"href":"https:\/\/mapeplastics.se\/da\/wp-json\/wp\/v2\/pages"}],"about":[{"href":"https:\/\/mapeplastics.se\/da\/wp-json\/wp\/v2\/types\/page"}],"author":[{"embeddable":true,"href":"https:\/\/mapeplastics.se\/da\/wp-json\/wp\/v2\/users\/29"}],"replies":[{"embeddable":true,"href":"https:\/\/mapeplastics.se\/da\/wp-json\/wp\/v2\/comments?post=8545"}],"version-history":[{"count":9,"href":"https:\/\/mapeplastics.se\/da\/wp-json\/wp\/v2\/pages\/8545\/revisions"}],"predecessor-version":[{"id":9732,"href":"https:\/\/mapeplastics.se\/da\/wp-json\/wp\/v2\/pages\/8545\/revisions\/9732"}],"up":[{"embeddable":true,"href":"https:\/\/mapeplastics.se\/da\/wp-json\/wp\/v2\/pages\/800"}],"wp:attachment":[{"href":"https:\/\/mapeplastics.se\/da\/wp-json\/wp\/v2\/media?parent=8545"}],"curies":[{"name":"wp","href":"https:\/\/api.w.org\/{rel}","templated":true}]}}