{"id":8853,"date":"2025-10-17T10:18:45","date_gmt":"2025-10-17T08:18:45","guid":{"rendered":"https:\/\/mapeplastics.se\/amboflour\/"},"modified":"2026-02-20T09:35:54","modified_gmt":"2026-02-20T08:35:54","slug":"ambofluor","status":"publish","type":"page","link":"https:\/\/mapeplastics.se\/da\/ambofluor\/","title":{"rendered":"AMBOFLUOR"},"content":{"rendered":"<section class=\"wpb-content-wrapper\"><p>[vc_row fullwidth=&#8221;1&#8243;][vc_column][ucaddon_ag_sub_hero ag_sh_text_small=&#8221;Vores partnere&#8221; ag_sh_text=&#8221;AMBOFLUOR&#8221; ag_sub_hero_par=&#8221;RGVuJTIwdHlza2UlMjBsZXZlcmFuZCVDMyVCOHIlMjBBbWJvZmx1b3IlMjBlciUyMGVuJTIwZiVDMyVCOHJlbmRlJTIwZWtzcGVydCUyMGluZGVuJTIwZm9yJTIwZmx1b3JwbGFzdC4lMjBEZXJlcyUyMGJyYW5kJTIwYW1ib2Zsb24lQzIlQUUlMjB0aWxieWRlciUyMGV0JTIwb21mYXR0ZW5kZSUyMHNvcnRpbWVudCUyMGFmJTIwUFZERiUyQyUyMEVURkUlMkMlMjBGRVAlMjBvZyUyMFBGQS4=&#8221; ag_sh_tag=&#8221;h1&#8243;][\/vc_column][\/vc_row][vc_row css_animation=&#8221;none&#8221; css=&#8221;.vc_custom_1663093872195{padding-top: 40px !important;padding-bottom: 40px !important;}&#8221;][vc_column css_animation=&#8221;fadeIn&#8221; width=&#8221;1\/2&#8243; el_class=&#8221;standard-padding&#8221;][vc_empty_space height=&#8221;120px&#8221;][ucaddon_ag_title ag_title_slim=&#8221;QU1CT0ZMVU9S&#8221; ag_title_bold=&#8221;RWtzcGVydCUyMGklMjBmbG91cnBvbHltZXJlcg==&#8221; ag_title_font_size=&#8221;45&#8243; ag_title_align=&#8221;left&#8221; ag_titel_border=&#8221;&#8221;][vc_column_text css=&#8221;.vc_custom_1760945110576{padding-bottom: 2rem !important;}&#8221;]Vores partner Ambofluor, baseret i Tyskland, er en f\u00f8rende ekspert inden for fluorplast med over ti \u00e5rs brancheerfaring. Siden grundl\u00e6ggelsen har virksomheden leveret mere end 6.000 tons h\u00f8jkvalitetsmaterialer til kunder verden over.<\/p>\n<p>Ambofluor er anerkendt for p\u00e5lidelighed, produktkvalitet og teknisk knowhow og samarbejder med brancher som bilindustri, kemi og procesteknologi, elektronik, medicin og f\u00f8devarer.<\/p>\n<p>Som et REACH-registreret selskab sikrer Ambofluor de h\u00f8jeste standarder for sikkerhed og milj\u00f8ansvar. Alle produkter opfylder g\u00e6ldende EU-regler og underst\u00f8ttes af n\u00f8dvendige certificeringer.[\/vc_column_text][\/vc_column][vc_column css_animation=&#8221;fadeIn&#8221; width=&#8221;1\/2&#8243;][ucaddon_ag_overlay_block ag_overlay_image=&#8221;8793&#8243; ag_overlay_image_font=&#8221;8782&#8243;][\/vc_column][\/vc_row][vc_row css_animation=&#8221;fadeIn&#8221; css=&#8221;.vc_custom_1663093992409{margin-top: 60px !important;margin-bottom: 80px !important;}&#8221;][vc_column width=&#8221;1\/2&#8243; el_class=&#8221;text-col&#8221;][ucaddon_ag_overlay_block ag_overlay_image=&#8221;8799&#8243; ag_overlay_image_font=&#8221;8787&#8243;][\/vc_column][vc_column width=&#8221;1\/2&#8243; el_class=&#8221;desktop-padding&#8221;][ucaddon_ag_title ag_title_slim=&#8221;VmFyZW0lQzMlQTZya2U=&#8221; ag_title_bold=&#8221;YW1ib2Zsb24lQzIlQUU=&#8221; ag_title_font_size=&#8221;45&#8243; ag_title_align=&#8221;left&#8221; ag_titel_border=&#8221;&#8221; uc_init_settings=&#8221;&#8221;][vc_column_text css=&#8221;.vc_custom_1771576552255{padding-bottom: 2rem !important;}&#8221;]<\/p>\n<p data-start=\"2875\" data-end=\"3480\">Under m\u00e6rket amboflon\u00ae tilbyder Ambofluor et bredt udvalg af jomfruelige og genanvendte fluorpolymerer, fuldt REACH-kompatible.<\/p>\n<p data-start=\"2875\" data-end=\"3480\">Disse h\u00f8jtydende materialer er designet til kr\u00e6vende milj\u00f8er med h\u00f8je temperaturer, kemisk p\u00e5virkning og UV-eksponering.\u00a0Deres non-stick-egenskaber, lave permeabilitet og flammebestandighed g\u00f8r amboflon\u00ae til et p\u00e5lideligt valg til mange forskellige applikationer.<\/p>\n<p data-start=\"2875\" data-end=\"3480\">Sortimentet omfatter PVDF, ETFE, FEP og PFA til ekstrudering og spr\u00f8jtest\u00f8bning. Begge materialetyper \u2013 jomfruelige og genanvendte \u2013 f\u00e5s med kundetilpassede farver.<\/p>\n<p>[\/vc_column_text][\/vc_column][\/vc_row][vc_row css=&#8221;.vc_custom_1647351943677{padding-top: 50px !important;padding-bottom: 60px !important;background-color: #f9f9f9 !important;}&#8221;][vc_column][ucaddon_ag_title ag_title_slim=&#8221;QU1CT0ZMVU9S&#8221; ag_title_bold=&#8221;VWRmb3JzayUyMG1lcmU=&#8221; ag_title_font_size=&#8221;45&#8243; ag_title_align=&#8221;center&#8221; ag_titel_border=&#8221;&#8221;][vc_empty_space height=&#8221;30px&#8221;][vc_row_inner gap=&#8221;30&#8243; el_class=&#8221;usp-row&#8221;][vc_column_inner el_class=&#8221;cta-col&#8221; width=&#8221;1\/3&#8243; css=&#8221;.vc_custom_1647427402135{padding-top: 0px !important;background-color: #ffffff !important;}&#8221;][vc_single_image image=&#8221;8818&#8243; img_size=&#8221;full&#8221; onclick=&#8221;custom_link&#8221; img_link_target=&#8221;_blank&#8221; el_class=&#8221;cta-img&#8221; link=&#8221;https:\/\/www.ambofluor.de&#8221;][vc_custom_heading text=&#8221;AMBOFLUOR WEBSTED&#8221; font_container=&#8221;tag:h3|text_align:left&#8221; use_theme_fonts=&#8221;yes&#8221; el_class=&#8221;rubrik-mape&#8221; css=&#8221;.vc_custom_1768549704560{padding-left: 15px !important;}&#8221; link=&#8221;url:https%3A%2F%2Fwww.ambofluor.de|target:_blank&#8221;][vc_column_text el_class=&#8221;under-rubrik-mape&#8221; css=&#8221;.vc_custom_1768549712217{padding-left: 15px !important;}&#8221;]<a href=\"https:\/\/www.ambofluor.de\" target=\"_blank\" rel=\"noopener\">Bes\u00f8g ambofluor.de<\/a>[\/vc_column_text][vc_empty_space height=&#8221;30px&#8221;][\/vc_column_inner][vc_column_inner el_class=&#8221;cta-col&#8221; width=&#8221;1\/3&#8243; css=&#8221;.vc_custom_1647352243868{padding-top: 0px !important;background-color: #ffffff !important;}&#8221;][vc_single_image image=&#8221;8823&#8243; img_size=&#8221;full&#8221; onclick=&#8221;custom_link&#8221; img_link_target=&#8221;_blank&#8221; el_class=&#8221;cta-img&#8221; link=&#8221;https:\/\/www.ambofluor.de\/produkte\/pvdf\/&#8221;][vc_custom_heading text=&#8221;AMBOFLON\u00ae PVDF&#8221; font_container=&#8221;tag:h3|text_align:left&#8221; use_theme_fonts=&#8221;yes&#8221; el_class=&#8221;rubrik-mape&#8221; css=&#8221;.vc_custom_1760688578925{padding-left: 15px !important;}&#8221; link=&#8221;url:https%3A%2F%2Fwww.ambofluor.de%2Fprodukte%2Fpvdf%2F|target:_blank&#8221;][vc_column_text el_class=&#8221;under-rubrik-mape&#8221; css=&#8221;.vc_custom_1760945229153{padding-left: 15px !important;}&#8221;]<a href=\"https:\/\/www.ambofluor.de\/produkte\/pvdf\/\" target=\"_blank\" rel=\"noopener\">Udforsk mere<\/a>[\/vc_column_text][vc_empty_space height=&#8221;30px&#8221;][\/vc_column_inner][vc_column_inner el_class=&#8221;cta-col&#8221; width=&#8221;1\/3&#8243; css=&#8221;.vc_custom_1647351040630{padding-top: 0px !important;background-color: #ffffff !important;}&#8221;][vc_single_image image=&#8221;2061&#8243; img_size=&#8221;full&#8221; onclick=&#8221;custom_link&#8221; img_link_target=&#8221;_blank&#8221; el_class=&#8221;cta-img&#8221; link=&#8221;https:\/\/calendly.com\/mapeplastics\/lets-talk-plastics-per?month=2025-10&#8243;][vc_custom_heading text=&#8221;LET&#8217;S TALK PLASTICS&#8221; font_container=&#8221;tag:h3|text_align:left&#8221; use_theme_fonts=&#8221;yes&#8221; el_class=&#8221;rubrik-mape&#8221; css=&#8221;.vc_custom_1760689042818{padding-left: 15px !important;}&#8221; link=&#8221;url:https%3A%2F%2Fcalendly.com%2Fmapeplastics%2Flets-talk-plastics-per%3Fmonth%3D2025-10|target:_blank&#8221;][vc_column_text el_class=&#8221;under-rubrik-mape&#8221; css=&#8221;.vc_custom_1760945217291{padding-left: 15px !important;}&#8221;]<a href=\"https:\/\/calendly.com\/mapeplastics\/lets-talk-plastics-per?month=2025-10\" target=\"_blank\" rel=\"noopener\">BOOK M\u00d8DE MED PER<\/a>[\/vc_column_text][vc_empty_space height=&#8221;30px&#8221;][\/vc_column_inner][\/vc_row_inner][\/vc_column][\/vc_row]<\/p>\n<\/section>","protected":false},"excerpt":{"rendered":"<p>[vc_row fullwidth=&#8221;1&#8243;][vc_column][ucaddon_ag_sub_hero ag_sh_text_small=&#8221;Vores partnere&#8221; ag_sh_text=&#8221;AMBOFLUOR&#8221; ag_sub_hero_par=&#8221;RGVuJTIwdHlza2UlMjBsZXZlcmFuZCVDMyVCOHIlMjBBbWJvZmx1b3IlMjBlciUyMGVuJTIwZiVDMyVCOHJlbmRlJTIwZWtzcGVydCUyMGluZGVuJTIwZm9yJTIwZmx1b3JwbGFzdC4lMjBEZXJlcyUyMGJyYW5kJTIwYW1ib2Zsb24lQzIlQUUlMjB0aWxieWRlciUyMGV0JTIwb21mYXR0ZW5kZSUyMHNvcnRpbWVudCUyMGFmJTIwUFZERiUyQyUyMEVURkUlMkMlMjBGRVAlMjBvZyUyMFBGQS4=&#8221; ag_sh_tag=&#8221;h1&#8243;][\/vc_column][\/vc_row][vc_row css_animation=&#8221;none&#8221; css=&#8221;.vc_custom_1663093872195{padding-top: 40px !important;padding-bottom: 40px !important;}&#8221;][vc_column css_animation=&#8221;fadeIn&#8221; width=&#8221;1\/2&#8243; el_class=&#8221;standard-padding&#8221;][vc_empty_space height=&#8221;120px&#8221;][ucaddon_ag_title ag_title_slim=&#8221;QU1CT0ZMVU9S&#8221; ag_title_bold=&#8221;RWtzcGVydCUyMGklMjBmbG91cnBvbHltZXJlcg==&#8221; ag_title_font_size=&#8221;45&#8243; ag_title_align=&#8221;left&#8221; ag_titel_border=&#8221;&#8221;][vc_column_text css=&#8221;.vc_custom_1760945110576{padding-bottom: 2rem !important;}&#8221;]Vores partner Ambofluor, baseret i Tyskland, er en f\u00f8rende ekspert inden for fluorplast med over ti \u00e5rs brancheerfaring. Siden grundl\u00e6ggelsen har virksomheden leveret mere end 6.000 tons h\u00f8jkvalitetsmaterialer til kunder verden [&hellip;]<\/p>\n","protected":false},"author":29,"featured_media":8783,"parent":0,"menu_order":0,"comment_status":"closed","ping_status":"closed","template":"page-visual-composer.php","meta":{"_mi_skip_tracking":false},"acf":[],"yoast_head":"<!-- This site is optimized with the Yoast SEO plugin v20.7 - https:\/\/yoast.com\/wordpress\/plugins\/seo\/ -->\n<title>AMBOFLUOR - Mape Plastics<\/title>\n<meta name=\"robots\" content=\"index, follow, max-snippet:-1, max-image-preview:large, max-video-preview:-1\" \/>\n<link rel=\"canonical\" href=\"https:\/\/mapeplastics.se\/da\/ambofluor\/\" \/>\n<meta property=\"og:locale\" content=\"da_DK\" \/>\n<meta property=\"og:type\" content=\"article\" \/>\n<meta property=\"og:title\" content=\"AMBOFLUOR - Mape Plastics\" \/>\n<meta property=\"og:description\" content=\"[vc_row fullwidth=&#8221;1&#8243;][vc_column][ucaddon_ag_sub_hero ag_sh_text_small=&#8221;Vores partnere&#8221; ag_sh_text=&#8221;AMBOFLUOR&#8221; ag_sub_hero_par=&#8221;RGVuJTIwdHlza2UlMjBsZXZlcmFuZCVDMyVCOHIlMjBBbWJvZmx1b3IlMjBlciUyMGVuJTIwZiVDMyVCOHJlbmRlJTIwZWtzcGVydCUyMGluZGVuJTIwZm9yJTIwZmx1b3JwbGFzdC4lMjBEZXJlcyUyMGJyYW5kJTIwYW1ib2Zsb24lQzIlQUUlMjB0aWxieWRlciUyMGV0JTIwb21mYXR0ZW5kZSUyMHNvcnRpbWVudCUyMGFmJTIwUFZERiUyQyUyMEVURkUlMkMlMjBGRVAlMjBvZyUyMFBGQS4=&#8221; ag_sh_tag=&#8221;h1&#8243;][\/vc_column][\/vc_row][vc_row css_animation=&#8221;none&#8221; css=&#8221;.vc_custom_1663093872195{padding-top: 40px !important;padding-bottom: 40px !important;}&#8221;][vc_column css_animation=&#8221;fadeIn&#8221; width=&#8221;1\/2&#8243; el_class=&#8221;standard-padding&#8221;][vc_empty_space height=&#8221;120px&#8221;][ucaddon_ag_title ag_title_slim=&#8221;QU1CT0ZMVU9S&#8221; ag_title_bold=&#8221;RWtzcGVydCUyMGklMjBmbG91cnBvbHltZXJlcg==&#8221; ag_title_font_size=&#8221;45&#8243; ag_title_align=&#8221;left&#8221; ag_titel_border=&#8221;&#8221;][vc_column_text css=&#8221;.vc_custom_1760945110576{padding-bottom: 2rem !important;}&#8221;]Vores partner Ambofluor, baseret i Tyskland, er en f\u00f8rende ekspert inden for fluorplast med over ti \u00e5rs brancheerfaring. Siden grundl\u00e6ggelsen har virksomheden leveret mere end 6.000 tons h\u00f8jkvalitetsmaterialer til kunder verden [&hellip;]\" \/>\n<meta property=\"og:url\" content=\"https:\/\/mapeplastics.se\/da\/ambofluor\/\" \/>\n<meta property=\"og:site_name\" content=\"Mape Plastics\" \/>\n<meta property=\"article:modified_time\" content=\"2026-02-20T08:35:54+00:00\" \/>\n<meta property=\"og:image\" content=\"https:\/\/mapeplastics.se\/wp-content\/uploads\/2025\/10\/Ambofluor-Lgo-Webben-jpg.png\" \/>\n\t<meta property=\"og:image:width\" content=\"1866\" \/>\n\t<meta property=\"og:image:height\" content=\"1510\" \/>\n\t<meta property=\"og:image:type\" content=\"image\/png\" \/>\n<meta name=\"twitter:card\" content=\"summary_large_image\" \/>\n<meta name=\"twitter:label1\" content=\"Estimeret l\u00e6setid\" \/>\n\t<meta name=\"twitter:data1\" content=\"2 minutter\" \/>\n<script type=\"application\/ld+json\" class=\"yoast-schema-graph\">{\"@context\":\"https:\/\/schema.org\",\"@graph\":[{\"@type\":\"WebPage\",\"@id\":\"https:\/\/mapeplastics.se\/da\/ambofluor\/\",\"url\":\"https:\/\/mapeplastics.se\/da\/ambofluor\/\",\"name\":\"AMBOFLUOR - Mape Plastics\",\"isPartOf\":{\"@id\":\"https:\/\/mapeplastics.se\/da\/#website\"},\"datePublished\":\"2025-10-17T08:18:45+00:00\",\"dateModified\":\"2026-02-20T08:35:54+00:00\",\"breadcrumb\":{\"@id\":\"https:\/\/mapeplastics.se\/da\/ambofluor\/#breadcrumb\"},\"inLanguage\":\"da-DK\",\"potentialAction\":[{\"@type\":\"ReadAction\",\"target\":[\"https:\/\/mapeplastics.se\/da\/ambofluor\/\"]}]},{\"@type\":\"BreadcrumbList\",\"@id\":\"https:\/\/mapeplastics.se\/da\/ambofluor\/#breadcrumb\",\"itemListElement\":[{\"@type\":\"ListItem\",\"position\":1,\"name\":\"Hem\",\"item\":\"https:\/\/mapeplastics.se\/da\/\"},{\"@type\":\"ListItem\",\"position\":2,\"name\":\"AMBOFLUOR\"}]},{\"@type\":\"WebSite\",\"@id\":\"https:\/\/mapeplastics.se\/da\/#website\",\"url\":\"https:\/\/mapeplastics.se\/da\/\",\"name\":\"Mape Plastics\",\"description\":\"\",\"potentialAction\":[{\"@type\":\"SearchAction\",\"target\":{\"@type\":\"EntryPoint\",\"urlTemplate\":\"https:\/\/mapeplastics.se\/da\/?s={search_term_string}\"},\"query-input\":\"required name=search_term_string\"}],\"inLanguage\":\"da-DK\"}]}<\/script>\n<!-- \/ Yoast SEO plugin. -->","yoast_head_json":{"title":"AMBOFLUOR - Mape Plastics","robots":{"index":"index","follow":"follow","max-snippet":"max-snippet:-1","max-image-preview":"max-image-preview:large","max-video-preview":"max-video-preview:-1"},"canonical":"https:\/\/mapeplastics.se\/da\/ambofluor\/","og_locale":"da_DK","og_type":"article","og_title":"AMBOFLUOR - Mape Plastics","og_description":"[vc_row fullwidth=&#8221;1&#8243;][vc_column][ucaddon_ag_sub_hero ag_sh_text_small=&#8221;Vores partnere&#8221; ag_sh_text=&#8221;AMBOFLUOR&#8221; ag_sub_hero_par=&#8221;RGVuJTIwdHlza2UlMjBsZXZlcmFuZCVDMyVCOHIlMjBBbWJvZmx1b3IlMjBlciUyMGVuJTIwZiVDMyVCOHJlbmRlJTIwZWtzcGVydCUyMGluZGVuJTIwZm9yJTIwZmx1b3JwbGFzdC4lMjBEZXJlcyUyMGJyYW5kJTIwYW1ib2Zsb24lQzIlQUUlMjB0aWxieWRlciUyMGV0JTIwb21mYXR0ZW5kZSUyMHNvcnRpbWVudCUyMGFmJTIwUFZERiUyQyUyMEVURkUlMkMlMjBGRVAlMjBvZyUyMFBGQS4=&#8221; ag_sh_tag=&#8221;h1&#8243;][\/vc_column][\/vc_row][vc_row css_animation=&#8221;none&#8221; css=&#8221;.vc_custom_1663093872195{padding-top: 40px !important;padding-bottom: 40px !important;}&#8221;][vc_column css_animation=&#8221;fadeIn&#8221; width=&#8221;1\/2&#8243; el_class=&#8221;standard-padding&#8221;][vc_empty_space height=&#8221;120px&#8221;][ucaddon_ag_title ag_title_slim=&#8221;QU1CT0ZMVU9S&#8221; ag_title_bold=&#8221;RWtzcGVydCUyMGklMjBmbG91cnBvbHltZXJlcg==&#8221; ag_title_font_size=&#8221;45&#8243; ag_title_align=&#8221;left&#8221; ag_titel_border=&#8221;&#8221;][vc_column_text css=&#8221;.vc_custom_1760945110576{padding-bottom: 2rem !important;}&#8221;]Vores partner Ambofluor, baseret i Tyskland, er en f\u00f8rende ekspert inden for fluorplast med over ti \u00e5rs brancheerfaring. Siden grundl\u00e6ggelsen har virksomheden leveret mere end 6.000 tons h\u00f8jkvalitetsmaterialer til kunder verden [&hellip;]","og_url":"https:\/\/mapeplastics.se\/da\/ambofluor\/","og_site_name":"Mape Plastics","article_modified_time":"2026-02-20T08:35:54+00:00","og_image":[{"width":1866,"height":1510,"url":"https:\/\/mapeplastics.se\/wp-content\/uploads\/2025\/10\/Ambofluor-Lgo-Webben-jpg.png","type":"image\/png"}],"twitter_card":"summary_large_image","twitter_misc":{"Estimeret l\u00e6setid":"2 minutter"},"schema":{"@context":"https:\/\/schema.org","@graph":[{"@type":"WebPage","@id":"https:\/\/mapeplastics.se\/da\/ambofluor\/","url":"https:\/\/mapeplastics.se\/da\/ambofluor\/","name":"AMBOFLUOR - Mape Plastics","isPartOf":{"@id":"https:\/\/mapeplastics.se\/da\/#website"},"datePublished":"2025-10-17T08:18:45+00:00","dateModified":"2026-02-20T08:35:54+00:00","breadcrumb":{"@id":"https:\/\/mapeplastics.se\/da\/ambofluor\/#breadcrumb"},"inLanguage":"da-DK","potentialAction":[{"@type":"ReadAction","target":["https:\/\/mapeplastics.se\/da\/ambofluor\/"]}]},{"@type":"BreadcrumbList","@id":"https:\/\/mapeplastics.se\/da\/ambofluor\/#breadcrumb","itemListElement":[{"@type":"ListItem","position":1,"name":"Hem","item":"https:\/\/mapeplastics.se\/da\/"},{"@type":"ListItem","position":2,"name":"AMBOFLUOR"}]},{"@type":"WebSite","@id":"https:\/\/mapeplastics.se\/da\/#website","url":"https:\/\/mapeplastics.se\/da\/","name":"Mape Plastics","description":"","potentialAction":[{"@type":"SearchAction","target":{"@type":"EntryPoint","urlTemplate":"https:\/\/mapeplastics.se\/da\/?s={search_term_string}"},"query-input":"required name=search_term_string"}],"inLanguage":"da-DK"}]}},"_links":{"self":[{"href":"https:\/\/mapeplastics.se\/da\/wp-json\/wp\/v2\/pages\/8853"}],"collection":[{"href":"https:\/\/mapeplastics.se\/da\/wp-json\/wp\/v2\/pages"}],"about":[{"href":"https:\/\/mapeplastics.se\/da\/wp-json\/wp\/v2\/types\/page"}],"author":[{"embeddable":true,"href":"https:\/\/mapeplastics.se\/da\/wp-json\/wp\/v2\/users\/29"}],"replies":[{"embeddable":true,"href":"https:\/\/mapeplastics.se\/da\/wp-json\/wp\/v2\/comments?post=8853"}],"version-history":[{"count":4,"href":"https:\/\/mapeplastics.se\/da\/wp-json\/wp\/v2\/pages\/8853\/revisions"}],"predecessor-version":[{"id":9518,"href":"https:\/\/mapeplastics.se\/da\/wp-json\/wp\/v2\/pages\/8853\/revisions\/9518"}],"wp:featuredmedia":[{"embeddable":true,"href":"https:\/\/mapeplastics.se\/da\/wp-json\/wp\/v2\/media\/8783"}],"wp:attachment":[{"href":"https:\/\/mapeplastics.se\/da\/wp-json\/wp\/v2\/media?parent=8853"}],"curies":[{"name":"wp","href":"https:\/\/api.w.org\/{rel}","templated":true}]}}