{"id":126,"date":"2020-09-11T12:20:43","date_gmt":"2020-09-11T12:20:43","guid":{"rendered":"http:\/\/mape.everest.adgrowthsites.se\/?page_id=126"},"modified":"2020-10-30T09:30:37","modified_gmt":"2020-10-30T09:30:37","slug":"policy","status":"publish","type":"page","link":"https:\/\/mapeplastics.se\/en\/policy\/","title":{"rendered":"Policy"},"content":{"rendered":"<section class=\"wpb-content-wrapper\"><p>[vc_row fullwidth=&#8221;1&#8243;][vc_column][ucaddon_ag_sub_hero ag_sh_text_small=&#8221;policy&#8221; ag_sh_text=&#8221;Our policy&#8221; ag_sh_img=&#8221;19&#8243; uc_init_settings=&#8221;&#8221;][\/vc_column][\/vc_row][vc_row css=&#8221;.vc_custom_1599826993982{padding-top: 4rem !important;padding-bottom: 4rem !important;background-color: #f1f1f1 !important;background-position: center !important;background-repeat: no-repeat !important;background-size: cover !important;}&#8221;][vc_column][vc_column_text]<\/p>\n<p class=\"p1\"><span class=\"s1\"><b>This privacy and cookies policy informs you of how we use personal information submitted to us, or personal information collected by us online (using cookies). This policy is available at www.mapeplastics.se<\/b><\/span><\/p>\n<p class=\"p1\"><span class=\"s1\">Mape Plastics AB will always comply with applicable privacy laws, and will ensure that personal information is treated confidentially. Mape Plastics AB will not, unless by law or by legally binding decision of the competent authorities, provide personal data to third parties without prior consent, unless specifically stated here.<\/span><\/p>\n<p class=\"p1\"><span class=\"s1\">Mape Plastics AB will process the following personal information:<\/span><\/p>\n<ul class=\"ul1\">\n<li class=\"li2\"><span class=\"s2\">Name, telephone number and e-mail to process a request when you fill out the form on our website www.mapeplastics.se<\/span><\/li>\n<li class=\"li2\"><span class=\"s2\">Your IP address to streamline the use of our site<\/span><\/li>\n<li class=\"li2\"><span class=\"s2\">If you contact Mape Plastics AB, we will store correspondence or comments, which may contain personal information, to provide better service if you contact Mape Plastics AB again.<\/span><\/li>\n<\/ul>\n<p>&nbsp;<\/p>\n<p class=\"p1\"><span class=\"s1\"><b>Legality of the treatment<\/b><\/span><\/p>\n<p class=\"p1\"><span class=\"s1\">Mape Plastics AB will:<\/span><\/p>\n<p class=\"p1\"><span class=\"s1\">Treat your personal data legally, correctly and in an open manner. Collect your personal data for the stated and legitimate purposes set forth in this policy, and will not process your personal information in any way incompatible with these purposes. Collect and process personal data that is adequate, relevant and necessary for the purposes for which it is collected and used. Treat your personal data only as long as it is necessary for the purposes for which it was collected. Take appropriate technical and organizational measures to prevent unauthorized access, illegal treatment and unauthorized or unintentional loss, destruction or damage to personal data, thereby ensuring an appropriate level of security. Take all reasonable steps to ensure that your personal information is correct and updated without delay if Mape Plastics AB is informed or otherwise becomes aware of incorrect information. Upon request, delete personal data without unnecessary delay unless there are legal reasons to continue processing,<\/span><\/p>\n<ul class=\"ul1\">\n<li class=\"li2\"><span class=\"s2\">Upon request, limit the treatment unless there are legal reasons to continue the treatment.<\/span><\/li>\n<li class=\"li2\"><span class=\"s2\">Upon request, inform you of which personal data has been processed by Mape Plastics AB in a customary and machine-readable form.<\/span><\/li>\n<\/ul>\n<p>&nbsp;<\/p>\n<p class=\"p1\"><span class=\"s1\"><b>Legal basis for treatment<\/b><\/span><\/p>\n<p class=\"p1\"><span class=\"s1\">Mape Plastics AB collects and processes your personal data about and to the extent you have given consent.<\/span><\/p>\n<p class=\"p1\"><span class=\"s1\">If and to the extent that your inquiry results in an agreement between You and Mape Plastics AB, your personal information collected and processed when the request was made will be treated to the extent necessary to fulfill Mape Plastics AB\u2019s obligations under the agreement in question. Mape Plastics AB will furthermore treat your personal data to the extent that Mape Plastics AB is obliged to do so due to law or decision from the authority.<\/span><\/p>\n<p>&nbsp;<\/p>\n<p class=\"p1\"><span class=\"s1\"><b>Personal data assistant<\/b><\/span><\/p>\n<p class=\"p1\"><span class=\"s1\">Mape Plastics AB allows a personal data assistant to process all personal data through both data storage and the operation of our systems. The personal data assistant can also read, arrange and send personal information according to instructions from Mape Plastics AB. The personal data assistant only processes your personal data on servers that are within the EU-EEA border and which is controlled by the Personal Data Assistant.<\/span><\/p>\n<p class=\"p1\"><span class=\"s1\">Cookies \u2013 Are third parties regardless of Mape Plastics AB uses cookies to provide a more user-friendly website. Third-party cookies may also be used (eg, Google Analytics or other tools) for analytics and \/ or traffic enhancement and visit.<\/span><\/p>\n<p class=\"p1\"><span class=\"s1\">If you do not want cookies installed on your computer or want to limit the processing of such information, your browser may in some cases allow you to opt out or anonymize your IP address.<\/span><\/p>\n<p>&nbsp;<\/p>\n<p class=\"p1\"><span class=\"s1\"><b>Security<\/b><\/span><\/p>\n<p class=\"p1\"><span class=\"s1\">Mape Plastics AB ensures that appropriate technical and organizational measures are taken to protect your personal data against unauthorized access or destruction, illegal treatment or accidental loss or damage. Mape Plastics AB uses a secure server where your personal data is processed and limits access to personal data within the organization. Authorization to access personal data is only given to individuals within the organization, as well as to the Personal Data Assistant, with the sole purpose of being able to perform their duties.<\/span><\/p>\n<p>&nbsp;<\/p>\n<p class=\"p1\"><span class=\"s1\"><b>Changes to this Privacy Policy<\/b><\/span><\/p>\n<p class=\"p1\"><span class=\"s1\">The company AB reserves the right to change this privacy policy as needed, for example to follow changes in laws and regulations. Such a change will be published on Mape Plastics AB\u2019s website.<\/span><\/p>\n<p class=\"p1\"><span class=\"s1\">Contact<\/span><\/p>\n<p class=\"p1\"><span class=\"s1\">Mape Plastics AB, S\u00e5gv\u00e4gen 6, SE-506 40 Bor\u00e5s<\/span><\/p>\n<p class=\"p1\"><span class=\"s1\">T:\u00a0<a href=\"tel:033417030\">+46 33 41 70 30<\/a>, Email:\u00a0<a href=\"mailto:info@mapeplastics.se\">info@mapeplastics.se<\/a><\/span><\/p>\n<p>[\/vc_column_text][\/vc_column][\/vc_row]<\/p>\n<\/section>","protected":false},"excerpt":{"rendered":"<p>[vc_row fullwidth=&#8221;1&#8243;][vc_column][ucaddon_ag_sub_hero ag_sh_text_small=&#8221;policy&#8221; ag_sh_text=&#8221;Our policy&#8221; ag_sh_img=&#8221;19&#8243; uc_init_settings=&#8221;&#8221;][\/vc_column][\/vc_row][vc_row css=&#8221;.vc_custom_1599826993982{padding-top: 4rem !important;padding-bottom: 4rem !important;background-color: #f1f1f1 !important;background-position: center !important;background-repeat: no-repeat !important;background-size: cover !important;}&#8221;][vc_column][vc_column_text] This privacy and cookies policy informs you of how we use personal information submitted to us, or personal information collected by us online (using cookies). This policy is available at www.mapeplastics.se Mape Plastics AB will [&hellip;]<\/p>\n","protected":false},"author":1,"featured_media":0,"parent":0,"menu_order":0,"comment_status":"closed","ping_status":"closed","template":"page-visual-composer.php","meta":{"_mi_skip_tracking":false},"acf":[],"yoast_head":"<!-- This site is optimized with the Yoast SEO plugin v20.7 - https:\/\/yoast.com\/wordpress\/plugins\/seo\/ -->\n<title>Policy - Mape Plastics<\/title>\n<meta name=\"robots\" content=\"index, follow, max-snippet:-1, max-image-preview:large, max-video-preview:-1\" \/>\n<link rel=\"canonical\" href=\"https:\/\/mapeplastics.se\/en\/policy\/\" \/>\n<meta property=\"og:locale\" content=\"en_US\" \/>\n<meta property=\"og:type\" content=\"article\" \/>\n<meta property=\"og:title\" content=\"Policy - Mape Plastics\" \/>\n<meta property=\"og:description\" content=\"[vc_row fullwidth=&#8221;1&#8243;][vc_column][ucaddon_ag_sub_hero ag_sh_text_small=&#8221;policy&#8221; ag_sh_text=&#8221;Our policy&#8221; ag_sh_img=&#8221;19&#8243; uc_init_settings=&#8221;&#8221;][\/vc_column][\/vc_row][vc_row css=&#8221;.vc_custom_1599826993982{padding-top: 4rem !important;padding-bottom: 4rem !important;background-color: #f1f1f1 !important;background-position: center !important;background-repeat: no-repeat !important;background-size: cover !important;}&#8221;][vc_column][vc_column_text] This privacy and cookies policy informs you of how we use personal information submitted to us, or personal information collected by us online (using cookies). This policy is available at www.mapeplastics.se Mape Plastics AB will [&hellip;]\" \/>\n<meta property=\"og:url\" content=\"https:\/\/mapeplastics.se\/en\/policy\/\" \/>\n<meta property=\"og:site_name\" content=\"Mape Plastics\" \/>\n<meta property=\"article:modified_time\" content=\"2020-10-30T09:30:37+00:00\" \/>\n<meta name=\"twitter:card\" content=\"summary_large_image\" \/>\n<meta name=\"twitter:label1\" content=\"Est. reading time\" \/>\n\t<meta name=\"twitter:data1\" content=\"4 minutes\" \/>\n<script type=\"application\/ld+json\" class=\"yoast-schema-graph\">{\"@context\":\"https:\/\/schema.org\",\"@graph\":[{\"@type\":\"WebPage\",\"@id\":\"https:\/\/mapeplastics.se\/en\/policy\/\",\"url\":\"https:\/\/mapeplastics.se\/en\/policy\/\",\"name\":\"Policy - Mape Plastics\",\"isPartOf\":{\"@id\":\"https:\/\/mapeplastics.se\/en\/#website\"},\"datePublished\":\"2020-09-11T12:20:43+00:00\",\"dateModified\":\"2020-10-30T09:30:37+00:00\",\"breadcrumb\":{\"@id\":\"https:\/\/mapeplastics.se\/en\/policy\/#breadcrumb\"},\"inLanguage\":\"en-US\",\"potentialAction\":[{\"@type\":\"ReadAction\",\"target\":[\"https:\/\/mapeplastics.se\/en\/policy\/\"]}]},{\"@type\":\"BreadcrumbList\",\"@id\":\"https:\/\/mapeplastics.se\/en\/policy\/#breadcrumb\",\"itemListElement\":[{\"@type\":\"ListItem\",\"position\":1,\"name\":\"Hem\",\"item\":\"https:\/\/mapeplastics.se\/en\/\"},{\"@type\":\"ListItem\",\"position\":2,\"name\":\"Policy\"}]},{\"@type\":\"WebSite\",\"@id\":\"https:\/\/mapeplastics.se\/en\/#website\",\"url\":\"https:\/\/mapeplastics.se\/en\/\",\"name\":\"Mape Plastics\",\"description\":\"\",\"potentialAction\":[{\"@type\":\"SearchAction\",\"target\":{\"@type\":\"EntryPoint\",\"urlTemplate\":\"https:\/\/mapeplastics.se\/en\/?s={search_term_string}\"},\"query-input\":\"required name=search_term_string\"}],\"inLanguage\":\"en-US\"}]}<\/script>\n<!-- \/ Yoast SEO plugin. -->","yoast_head_json":{"title":"Policy - Mape Plastics","robots":{"index":"index","follow":"follow","max-snippet":"max-snippet:-1","max-image-preview":"max-image-preview:large","max-video-preview":"max-video-preview:-1"},"canonical":"https:\/\/mapeplastics.se\/en\/policy\/","og_locale":"en_US","og_type":"article","og_title":"Policy - Mape Plastics","og_description":"[vc_row fullwidth=&#8221;1&#8243;][vc_column][ucaddon_ag_sub_hero ag_sh_text_small=&#8221;policy&#8221; ag_sh_text=&#8221;Our policy&#8221; ag_sh_img=&#8221;19&#8243; uc_init_settings=&#8221;&#8221;][\/vc_column][\/vc_row][vc_row css=&#8221;.vc_custom_1599826993982{padding-top: 4rem !important;padding-bottom: 4rem !important;background-color: #f1f1f1 !important;background-position: center !important;background-repeat: no-repeat !important;background-size: cover !important;}&#8221;][vc_column][vc_column_text] This privacy and cookies policy informs you of how we use personal information submitted to us, or personal information collected by us online (using cookies). This policy is available at www.mapeplastics.se Mape Plastics AB will [&hellip;]","og_url":"https:\/\/mapeplastics.se\/en\/policy\/","og_site_name":"Mape Plastics","article_modified_time":"2020-10-30T09:30:37+00:00","twitter_card":"summary_large_image","twitter_misc":{"Est. reading time":"4 minutes"},"schema":{"@context":"https:\/\/schema.org","@graph":[{"@type":"WebPage","@id":"https:\/\/mapeplastics.se\/en\/policy\/","url":"https:\/\/mapeplastics.se\/en\/policy\/","name":"Policy - Mape Plastics","isPartOf":{"@id":"https:\/\/mapeplastics.se\/en\/#website"},"datePublished":"2020-09-11T12:20:43+00:00","dateModified":"2020-10-30T09:30:37+00:00","breadcrumb":{"@id":"https:\/\/mapeplastics.se\/en\/policy\/#breadcrumb"},"inLanguage":"en-US","potentialAction":[{"@type":"ReadAction","target":["https:\/\/mapeplastics.se\/en\/policy\/"]}]},{"@type":"BreadcrumbList","@id":"https:\/\/mapeplastics.se\/en\/policy\/#breadcrumb","itemListElement":[{"@type":"ListItem","position":1,"name":"Hem","item":"https:\/\/mapeplastics.se\/en\/"},{"@type":"ListItem","position":2,"name":"Policy"}]},{"@type":"WebSite","@id":"https:\/\/mapeplastics.se\/en\/#website","url":"https:\/\/mapeplastics.se\/en\/","name":"Mape Plastics","description":"","potentialAction":[{"@type":"SearchAction","target":{"@type":"EntryPoint","urlTemplate":"https:\/\/mapeplastics.se\/en\/?s={search_term_string}"},"query-input":"required name=search_term_string"}],"inLanguage":"en-US"}]}},"_links":{"self":[{"href":"https:\/\/mapeplastics.se\/en\/wp-json\/wp\/v2\/pages\/126"}],"collection":[{"href":"https:\/\/mapeplastics.se\/en\/wp-json\/wp\/v2\/pages"}],"about":[{"href":"https:\/\/mapeplastics.se\/en\/wp-json\/wp\/v2\/types\/page"}],"author":[{"embeddable":true,"href":"https:\/\/mapeplastics.se\/en\/wp-json\/wp\/v2\/users\/1"}],"replies":[{"embeddable":true,"href":"https:\/\/mapeplastics.se\/en\/wp-json\/wp\/v2\/comments?post=126"}],"version-history":[{"count":9,"href":"https:\/\/mapeplastics.se\/en\/wp-json\/wp\/v2\/pages\/126\/revisions"}],"predecessor-version":[{"id":313,"href":"https:\/\/mapeplastics.se\/en\/wp-json\/wp\/v2\/pages\/126\/revisions\/313"}],"wp:attachment":[{"href":"https:\/\/mapeplastics.se\/en\/wp-json\/wp\/v2\/media?parent=126"}],"curies":[{"name":"wp","href":"https:\/\/api.w.org\/{rel}","templated":true}]}}