{"id":2721,"date":"2022-09-28T20:46:44","date_gmt":"2022-09-28T18:46:44","guid":{"rendered":"https:\/\/mapeplastics.se\/?page_id=2721"},"modified":"2022-09-28T20:48:32","modified_gmt":"2022-09-28T18:48:32","slug":"cookies","status":"publish","type":"page","link":"https:\/\/mapeplastics.se\/fi\/policy\/cookies\/","title":{"rendered":"Cookies"},"content":{"rendered":"<section class=\"wpb-content-wrapper\"><p>[vc_row fullwidth=&#8221;1&#8243;][vc_column][ucaddon_ag_sub_hero ag_sh_text_small=&#8221;k\u00e4yt\u00e4nt\u00f6&#8221; ag_sh_text=&#8221;Tietoja ev\u00e4steit\u00e4&#8221; ag_sh_img=&#8221;wp-content\/uploads\/2020\/09\/lager.jpg&#8221; uc_init_settings=&#8221;&#8221;][\/vc_column][\/vc_row][vc_row css=&#8221;.vc_custom_1664361905197{padding-top: 4rem !important;padding-bottom: 4rem !important;}&#8221;][vc_column][vc_raw_html]JTNDZGl2JTIwY2xhc3MlM0QlMjJjb29raWUtZGVjbGFyYXRpb24lMjIlM0UlMEElMjAlMjAlMjAlMjAlM0NzY3JpcHQlMjBpZCUzRCUyMkNvb2tpZURlY2xhcmF0aW9uJTIyJTIwc3JjJTNEJTIyaHR0cHMlM0ElMkYlMkZjb25zZW50LmNvb2tpZWJvdC5jb20lMkZmMDhmOTQ5OS03OTc3LTQ3ZmItOGRkMy02MDc3ZjY5NWQ1N2QlMkZjZC5qcyUyMiUyMGRhdGEtY3VsdHVyZSUzRCUyMmZpJTIyJTIwdHlwZSUzRCUyMnRleHQlMkZqYXZhc2NyaXB0JTIyJTIwYXN5bmMlM0UlM0MlMkZzY3JpcHQlM0UlMEElM0MlMkZkaXYlM0UlMEElM0NzdHlsZSUzRSUwQS5jb29raWUtZGVjbGFyYXRpb24lMjAlN0IlMEFtYXgtd2lkdGglM0ElMjA4MDBweCUzQiUwQW1hcmdpbiUzQSUyMGF1dG8lM0IlMEElN0QlMEElM0MlMkZzdHlsZSUzRQ==[\/vc_raw_html][\/vc_column][\/vc_row]<\/p>\n<\/section>","protected":false},"excerpt":{"rendered":"<p>[vc_row fullwidth=&#8221;1&#8243;][vc_column][ucaddon_ag_sub_hero ag_sh_text_small=&#8221;k\u00e4yt\u00e4nt\u00f6&#8221; ag_sh_text=&#8221;Tietoja ev\u00e4steit\u00e4&#8221; ag_sh_img=&#8221;wp-content\/uploads\/2020\/09\/lager.jpg&#8221; uc_init_settings=&#8221;&#8221;][\/vc_column][\/vc_row][vc_row css=&#8221;.vc_custom_1664361905197{padding-top: 4rem !important;padding-bottom: 4rem !important;}&#8221;][vc_column][vc_raw_html]JTNDZGl2JTIwY2xhc3MlM0QlMjJjb29raWUtZGVjbGFyYXRpb24lMjIlM0UlMEElMjAlMjAlMjAlMjAlM0NzY3JpcHQlMjBpZCUzRCUyMkNvb2tpZURlY2xhcmF0aW9uJTIyJTIwc3JjJTNEJTIyaHR0cHMlM0ElMkYlMkZjb25zZW50LmNvb2tpZWJvdC5jb20lMkZmMDhmOTQ5OS03OTc3LTQ3ZmItOGRkMy02MDc3ZjY5NWQ1N2QlMkZjZC5qcyUyMiUyMGRhdGEtY3VsdHVyZSUzRCUyMmZpJTIyJTIwdHlwZSUzRCUyMnRleHQlMkZqYXZhc2NyaXB0JTIyJTIwYXN5bmMlM0UlM0MlMkZzY3JpcHQlM0UlMEElM0MlMkZkaXYlM0UlMEElM0NzdHlsZSUzRSUwQS5jb29raWUtZGVjbGFyYXRpb24lMjAlN0IlMEFtYXgtd2lkdGglM0ElMjA4MDBweCUzQiUwQW1hcmdpbiUzQSUyMGF1dG8lM0IlMEElN0QlMEElM0MlMkZzdHlsZSUzRQ==[\/vc_raw_html][\/vc_column][\/vc_row]<\/p>\n","protected":false},"author":28,"featured_media":0,"parent":804,"menu_order":0,"comment_status":"closed","ping_status":"closed","template":"page-visual-composer.php","meta":{"_mi_skip_tracking":false},"acf":[],"yoast_head":"<!-- This site is optimized with the Yoast SEO plugin v20.7 - https:\/\/yoast.com\/wordpress\/plugins\/seo\/ -->\n<title>Cookies - Mape Plastics<\/title>\n<meta name=\"robots\" content=\"index, follow, max-snippet:-1, max-image-preview:large, max-video-preview:-1\" \/>\n<link rel=\"canonical\" href=\"https:\/\/mapeplastics.se\/fi\/policy\/cookies\/\" \/>\n<meta property=\"og:locale\" content=\"fi_FI\" \/>\n<meta property=\"og:type\" content=\"article\" \/>\n<meta property=\"og:title\" content=\"Cookies - Mape Plastics\" \/>\n<meta property=\"og:description\" content=\"[vc_row fullwidth=&#8221;1&#8243;][vc_column][ucaddon_ag_sub_hero ag_sh_text_small=&#8221;k\u00e4yt\u00e4nt\u00f6&#8221; ag_sh_text=&#8221;Tietoja ev\u00e4steit\u00e4&#8221; ag_sh_img=&#8221;wp-content\/uploads\/2020\/09\/lager.jpg&#8221; uc_init_settings=&#8221;&#8221;][\/vc_column][\/vc_row][vc_row css=&#8221;.vc_custom_1664361905197{padding-top: 4rem !important;padding-bottom: 4rem !important;}&#8221;][vc_column][vc_raw_html]JTNDZGl2JTIwY2xhc3MlM0QlMjJjb29raWUtZGVjbGFyYXRpb24lMjIlM0UlMEElMjAlMjAlMjAlMjAlM0NzY3JpcHQlMjBpZCUzRCUyMkNvb2tpZURlY2xhcmF0aW9uJTIyJTIwc3JjJTNEJTIyaHR0cHMlM0ElMkYlMkZjb25zZW50LmNvb2tpZWJvdC5jb20lMkZmMDhmOTQ5OS03OTc3LTQ3ZmItOGRkMy02MDc3ZjY5NWQ1N2QlMkZjZC5qcyUyMiUyMGRhdGEtY3VsdHVyZSUzRCUyMmZpJTIyJTIwdHlwZSUzRCUyMnRleHQlMkZqYXZhc2NyaXB0JTIyJTIwYXN5bmMlM0UlM0MlMkZzY3JpcHQlM0UlMEElM0MlMkZkaXYlM0UlMEElM0NzdHlsZSUzRSUwQS5jb29raWUtZGVjbGFyYXRpb24lMjAlN0IlMEFtYXgtd2lkdGglM0ElMjA4MDBweCUzQiUwQW1hcmdpbiUzQSUyMGF1dG8lM0IlMEElN0QlMEElM0MlMkZzdHlsZSUzRQ==[\/vc_raw_html][\/vc_column][\/vc_row]\" \/>\n<meta property=\"og:url\" content=\"https:\/\/mapeplastics.se\/fi\/policy\/cookies\/\" \/>\n<meta property=\"og:site_name\" content=\"Mape Plastics\" \/>\n<meta property=\"article:modified_time\" content=\"2022-09-28T18:48:32+00:00\" \/>\n<meta name=\"twitter:card\" content=\"summary_large_image\" \/>\n<meta name=\"twitter:label1\" content=\"Arvioitu lukuaika\" \/>\n\t<meta name=\"twitter:data1\" content=\"1 minuutti\" \/>\n<script type=\"application\/ld+json\" class=\"yoast-schema-graph\">{\"@context\":\"https:\/\/schema.org\",\"@graph\":[{\"@type\":\"WebPage\",\"@id\":\"https:\/\/mapeplastics.se\/fi\/policy\/cookies\/\",\"url\":\"https:\/\/mapeplastics.se\/fi\/policy\/cookies\/\",\"name\":\"Cookies - Mape Plastics\",\"isPartOf\":{\"@id\":\"https:\/\/mapeplastics.se\/fi\/#website\"},\"datePublished\":\"2022-09-28T18:46:44+00:00\",\"dateModified\":\"2022-09-28T18:48:32+00:00\",\"breadcrumb\":{\"@id\":\"https:\/\/mapeplastics.se\/fi\/policy\/cookies\/#breadcrumb\"},\"inLanguage\":\"fi\",\"potentialAction\":[{\"@type\":\"ReadAction\",\"target\":[\"https:\/\/mapeplastics.se\/fi\/policy\/cookies\/\"]}]},{\"@type\":\"BreadcrumbList\",\"@id\":\"https:\/\/mapeplastics.se\/fi\/policy\/cookies\/#breadcrumb\",\"itemListElement\":[{\"@type\":\"ListItem\",\"position\":1,\"name\":\"Hem\",\"item\":\"https:\/\/mapeplastics.se\/fi\/\"},{\"@type\":\"ListItem\",\"position\":2,\"name\":\"Policy\",\"item\":\"https:\/\/mapeplastics.se\/fi\/policy\/\"},{\"@type\":\"ListItem\",\"position\":3,\"name\":\"Cookies\"}]},{\"@type\":\"WebSite\",\"@id\":\"https:\/\/mapeplastics.se\/fi\/#website\",\"url\":\"https:\/\/mapeplastics.se\/fi\/\",\"name\":\"Mape Plastics\",\"description\":\"\",\"potentialAction\":[{\"@type\":\"SearchAction\",\"target\":{\"@type\":\"EntryPoint\",\"urlTemplate\":\"https:\/\/mapeplastics.se\/fi\/?s={search_term_string}\"},\"query-input\":\"required name=search_term_string\"}],\"inLanguage\":\"fi\"}]}<\/script>\n<!-- \/ Yoast SEO plugin. -->","yoast_head_json":{"title":"Cookies - Mape Plastics","robots":{"index":"index","follow":"follow","max-snippet":"max-snippet:-1","max-image-preview":"max-image-preview:large","max-video-preview":"max-video-preview:-1"},"canonical":"https:\/\/mapeplastics.se\/fi\/policy\/cookies\/","og_locale":"fi_FI","og_type":"article","og_title":"Cookies - Mape Plastics","og_description":"[vc_row fullwidth=&#8221;1&#8243;][vc_column][ucaddon_ag_sub_hero ag_sh_text_small=&#8221;k\u00e4yt\u00e4nt\u00f6&#8221; ag_sh_text=&#8221;Tietoja ev\u00e4steit\u00e4&#8221; ag_sh_img=&#8221;wp-content\/uploads\/2020\/09\/lager.jpg&#8221; uc_init_settings=&#8221;&#8221;][\/vc_column][\/vc_row][vc_row css=&#8221;.vc_custom_1664361905197{padding-top: 4rem !important;padding-bottom: 4rem !important;}&#8221;][vc_column][vc_raw_html]JTNDZGl2JTIwY2xhc3MlM0QlMjJjb29raWUtZGVjbGFyYXRpb24lMjIlM0UlMEElMjAlMjAlMjAlMjAlM0NzY3JpcHQlMjBpZCUzRCUyMkNvb2tpZURlY2xhcmF0aW9uJTIyJTIwc3JjJTNEJTIyaHR0cHMlM0ElMkYlMkZjb25zZW50LmNvb2tpZWJvdC5jb20lMkZmMDhmOTQ5OS03OTc3LTQ3ZmItOGRkMy02MDc3ZjY5NWQ1N2QlMkZjZC5qcyUyMiUyMGRhdGEtY3VsdHVyZSUzRCUyMmZpJTIyJTIwdHlwZSUzRCUyMnRleHQlMkZqYXZhc2NyaXB0JTIyJTIwYXN5bmMlM0UlM0MlMkZzY3JpcHQlM0UlMEElM0MlMkZkaXYlM0UlMEElM0NzdHlsZSUzRSUwQS5jb29raWUtZGVjbGFyYXRpb24lMjAlN0IlMEFtYXgtd2lkdGglM0ElMjA4MDBweCUzQiUwQW1hcmdpbiUzQSUyMGF1dG8lM0IlMEElN0QlMEElM0MlMkZzdHlsZSUzRQ==[\/vc_raw_html][\/vc_column][\/vc_row]","og_url":"https:\/\/mapeplastics.se\/fi\/policy\/cookies\/","og_site_name":"Mape Plastics","article_modified_time":"2022-09-28T18:48:32+00:00","twitter_card":"summary_large_image","twitter_misc":{"Arvioitu lukuaika":"1 minuutti"},"schema":{"@context":"https:\/\/schema.org","@graph":[{"@type":"WebPage","@id":"https:\/\/mapeplastics.se\/fi\/policy\/cookies\/","url":"https:\/\/mapeplastics.se\/fi\/policy\/cookies\/","name":"Cookies - Mape Plastics","isPartOf":{"@id":"https:\/\/mapeplastics.se\/fi\/#website"},"datePublished":"2022-09-28T18:46:44+00:00","dateModified":"2022-09-28T18:48:32+00:00","breadcrumb":{"@id":"https:\/\/mapeplastics.se\/fi\/policy\/cookies\/#breadcrumb"},"inLanguage":"fi","potentialAction":[{"@type":"ReadAction","target":["https:\/\/mapeplastics.se\/fi\/policy\/cookies\/"]}]},{"@type":"BreadcrumbList","@id":"https:\/\/mapeplastics.se\/fi\/policy\/cookies\/#breadcrumb","itemListElement":[{"@type":"ListItem","position":1,"name":"Hem","item":"https:\/\/mapeplastics.se\/fi\/"},{"@type":"ListItem","position":2,"name":"Policy","item":"https:\/\/mapeplastics.se\/fi\/policy\/"},{"@type":"ListItem","position":3,"name":"Cookies"}]},{"@type":"WebSite","@id":"https:\/\/mapeplastics.se\/fi\/#website","url":"https:\/\/mapeplastics.se\/fi\/","name":"Mape Plastics","description":"","potentialAction":[{"@type":"SearchAction","target":{"@type":"EntryPoint","urlTemplate":"https:\/\/mapeplastics.se\/fi\/?s={search_term_string}"},"query-input":"required name=search_term_string"}],"inLanguage":"fi"}]}},"_links":{"self":[{"href":"https:\/\/mapeplastics.se\/fi\/wp-json\/wp\/v2\/pages\/2721"}],"collection":[{"href":"https:\/\/mapeplastics.se\/fi\/wp-json\/wp\/v2\/pages"}],"about":[{"href":"https:\/\/mapeplastics.se\/fi\/wp-json\/wp\/v2\/types\/page"}],"author":[{"embeddable":true,"href":"https:\/\/mapeplastics.se\/fi\/wp-json\/wp\/v2\/users\/28"}],"replies":[{"embeddable":true,"href":"https:\/\/mapeplastics.se\/fi\/wp-json\/wp\/v2\/comments?post=2721"}],"version-history":[{"count":5,"href":"https:\/\/mapeplastics.se\/fi\/wp-json\/wp\/v2\/pages\/2721\/revisions"}],"predecessor-version":[{"id":2726,"href":"https:\/\/mapeplastics.se\/fi\/wp-json\/wp\/v2\/pages\/2721\/revisions\/2726"}],"up":[{"embeddable":true,"href":"https:\/\/mapeplastics.se\/fi\/wp-json\/wp\/v2\/pages\/804"}],"wp:attachment":[{"href":"https:\/\/mapeplastics.se\/fi\/wp-json\/wp\/v2\/media?parent=2721"}],"curies":[{"name":"wp","href":"https:\/\/api.w.org\/{rel}","templated":true}]}}