{"id":3572,"date":"2023-03-05T19:32:10","date_gmt":"2023-03-05T18:32:10","guid":{"rendered":"https:\/\/mapeplastics.se\/materiaalit\/polyamide-4-6-pa-4-6\/"},"modified":"2023-04-06T11:31:42","modified_gmt":"2023-04-06T09:31:42","slug":"polyamide-4-6-pa-4-6","status":"publish","type":"page","link":"https:\/\/mapeplastics.se\/fi\/materiaalit\/polyamide-4-6-pa-4-6\/","title":{"rendered":"Polyamidi 4.6 (PA 4.6)"},"content":{"rendered":"<section class=\"wpb-content-wrapper\"><p>[vc_row fullwidth=&#8221;1&#8243;][vc_column][ucaddon_ag_sub_hero ag_sh_text_small=&#8221;Our materials&#8221; ag_sh_text=&#8221;Polyamidi 4.6 (PA 4.6)&#8221; ag_sub_hero_par=&#8221;UG9seWFtaWRpJTIwNC42JTIwJTI4UEElMjA0LjYlMjklMjBvbiUyMGFsaWZhYXR0aW5lbiUyMHBvbHlhbWlkaS4lMjBIdW9saW1hdHRhJTIwbW9sZWt5eWxpcmFrZW50ZWVuJTIwc2FtYW5rYWx0YWlzdXVkZXN0YSUyMFBBJTIwNi42JTNBbiUyMGthbnNzYSUyQyUyMFBBJTIwNC42JTNBbGxhJTIwb24lMjBrb3JrZWFtcGklMjBzdWxhbWlzcGlzdGUlMjBqYSUyMG5vcGVhbXBpJTIwa2l0ZXl0eXMuJTIwUEElMjA0LjYlMjBpbWVlJTIwZW5lbW0lQzMlQTRuJTIwa29zdGV1dHRhJTIwa3VpbiUyMG11dXQlMjBwb2x5YW1pZGl0Lg==&#8221; ag_sh_img=&#8221;2431&#8243; ag_sh_tag=&#8221;h1&#8243;][\/vc_column][\/vc_row][vc_row content_placement=&#8221;middle&#8221; css=&#8221;.vc_custom_1659975571769{padding-top: 8rem !important;padding-bottom: 6rem !important;}&#8221;][vc_column width=&#8221;1\/2&#8243; css=&#8221;.vc_custom_1659975043893{padding-left: 1rem !important;}&#8221; el_class=&#8221;standard-padding&#8221;][ucaddon_ag_title ag_title_bold=&#8221;UEElMjA0LjYlMjBPbWluYWlzdXVrc2lh&#8221; ag_title_font_size=&#8221;52&#8243; ag_title_align=&#8221;left&#8221; ag_titel_border=&#8221;&#8221; ag_title_tag=&#8221;h2&#8243;][vc_column_text css=&#8221;.vc_custom_1679254801560{padding-bottom: 2rem !important;}&#8221;]<\/p>\n<ul id=\"material\">\n<li>Kest\u00e4vyys korkeissa l\u00e4mp\u00f6tiloissa, sulamispiste 296 C<\/li>\n<li>Erinomainen mekaaninen ominaisuus ja kemiallinen kest\u00e4vyys<\/li>\n<li>Alhainen viruminen ja erinomaiset v\u00e4symisominaisuudet<\/li>\n<li>Eritt\u00e4in nestem\u00e4inen<\/li>\n<li>Alhainen hankausta<\/li>\n<\/ul>\n<p>[\/vc_column_text][vc_btn title=&#8221;Ota yhteytt\u00e4 saadaksesi lis\u00e4tietoja&#8221; style=&#8221;flat&#8221; shape=&#8221;square&#8221; link=&#8221;url:https%3A%2F%2Fmapeplastics.se%2Ffi%2Fottaa-yhteytta%2F|title:Ota%20yhteytt%C3%A4%20saadaksesi%20lis%C3%A4tietoja&#8221; el_class=&#8221;btn-primary&#8221;][vc_empty_space height=&#8221;20px&#8221;][ucaddon_ag_title ag_title_bold=&#8221;THV2b2NvbSVDMiVBRQ==&#8221; ag_title_font_size=&#8221;52&#8243; ag_title_align=&#8221;left&#8221; ag_titel_border=&#8221;&#8221; ag_title_tag=&#8221;h2&#8243;][vc_column_text css=&#8221;.vc_custom_1680773500042{padding-bottom: 2rem !important;}&#8221;]<\/p>\n<p style=\"font-weight: 400;\">Yhteisty\u00f6kumppanimme LEHVOSS Groupin tuote, korkean suorituskyvyn LUVOCOM\u00ae tarjoaa monia etuja verrattuna<\/p>\n<p style=\"font-weight: 400;\">perinteisiin materiaaleihin, kuten metalleihin. Hiilikuitulujitteisissa yhdisteiss\u00e4 yhdistyv\u00e4t alhainen paino ja hyv\u00e4t mekaaniset ominaisuudet, kuten lujuus ja j\u00e4ykkyys. Korkean l\u00e4mp\u00f6tilan kest\u00e4v\u00e4t yhdisteet kest\u00e4v\u00e4t jopa 320 \u00b0C:n jatkuvaa k\u00e4ytt\u00f6l\u00e4mp\u00f6tilaa ja tarjoavat korkean lujuuden ja kulumiskest\u00e4vyyden my\u00f6s korkeissa l\u00e4mp\u00f6tiloissa. Voiteluaineella modifioidut yhdisteet v\u00e4hent\u00e4v\u00e4t kulumista ja takaavat paremman liukumisen. L\u00e4mp\u00f6\u00e4 ja s\u00e4hk\u00f6\u00e4 johtavat yhdisteet haihduttavat l\u00e4mp\u00f6\u00e4 ja poistavat s\u00e4hk\u00f6staattisia varauksia ja varmistavat siten paremman turvallisuuden ja suorituskyvyn. Tunnistettavissa olevat yhdisteet parantavat elintarviketuotannon turvallisuutta ja est\u00e4v\u00e4t kuluttajiin kohdistuvia vahinkoja.<\/p>\n<p>[\/vc_column_text][vc_btn title=&#8221;LUVOCOM\u00ae&#8221; style=&#8221;flat&#8221; shape=&#8221;square&#8221; link=&#8221;url:https%3A%2F%2Fwww.luvocom.de%2Fen%2Fproducts%2Fluvocom-high-performance-compounds%2F|title:Explore%20LUVOCOM%C2%AE|target:_blank&#8221; el_class=&#8221;btn-primary&#8221;][\/vc_column][vc_column width=&#8221;1\/2&#8243; css=&#8221;.vc_custom_1599745364366{padding-right: 1rem !important;}&#8221;][vc_single_image image=&#8221;3285&#8243; img_size=&#8221;full&#8221;][vc_empty_space height=&#8221;20px&#8221;][vc_empty_space height=&#8221;20px&#8221;][vc_single_image image=&#8221;3373&#8243; img_size=&#8221;400&#215;100&#8243; alignment=&#8221;center&#8221;][\/vc_column][\/vc_row][vc_row css_animation=&#8221;none&#8221; css=&#8221;.vc_custom_1659976162848{padding-top: 80px !important;padding-bottom: 0px !important;background-color: #f9f9f9 !important;}&#8221;][vc_column width=&#8221;7\/12&#8243; css=&#8221;.vc_custom_1647361588512{padding-right: 2rem !important;}&#8221;][ucaddon_ag_title ag_title_slim=&#8221;TWUlMjBvc2FhbW1lJTIwbXVvdmlh&#8221; ag_title_bold=&#8221;S0VSUk9UQUFOJTIwTElTJUMzJTg0JUMzJTg0&#8243; ag_title_font_size=&#8221;40&#8243; ag_title_align=&#8221;left&#8221; ag_titel_border=&#8221;&#8221;][vc_empty_space height=&#8221;20px&#8221;][\/vc_column][vc_column width=&#8221;5\/12&#8243;][vc_empty_space height=&#8221;20px&#8221;][vc_tta_accordion accordion_layout=&#8221;no-border&#8221; accordion_icon=&#8221;arrow&#8221;][vc_tta_section title=&#8221;GET IN TOUCH&#8221; tab_id=&#8221;1647352964095-e408d282-5d33&#8243; el_class=&#8221;btn-accordion&#8221;]<div role=\"form\" class=\"wpcf7\" id=\"wpcf7-f1833-o1\" lang=\"sv-SE\" dir=\"ltr\">\n<div class=\"screen-reader-response\"><p role=\"status\" aria-live=\"polite\" aria-atomic=\"true\"><\/p> <ul><\/ul><\/div>\n<form action=\"\/fi\/wp-json\/wp\/v2\/pages\/3572#wpcf7-f1833-o1\" method=\"post\" class=\"wpcf7-form init\" novalidate=\"novalidate\" data-status=\"init\">\n<div style=\"display: none;\">\n<input type=\"hidden\" name=\"_wpcf7\" value=\"1833\" \/>\n<input type=\"hidden\" name=\"_wpcf7_version\" value=\"5.6.4\" \/>\n<input type=\"hidden\" name=\"_wpcf7_locale\" value=\"sv_SE\" \/>\n<input type=\"hidden\" name=\"_wpcf7_unit_tag\" value=\"wpcf7-f1833-o1\" \/>\n<input type=\"hidden\" name=\"_wpcf7_container_post\" value=\"0\" \/>\n<input type=\"hidden\" name=\"_wpcf7_posted_data_hash\" value=\"\" \/>\n<input type=\"hidden\" name=\"_wpcf7_recaptcha_response\" value=\"\" \/>\n<\/div>\n<div class=\"cf-container\">\n<div class=\"cf-col-9\"><span class=\"wpcf7-form-control-wrap\" data-name=\"your-email\"><input type=\"email\" name=\"your-email\" value=\"\" size=\"40\" class=\"wpcf7-form-control wpcf7-text wpcf7-email wpcf7-validates-as-required wpcf7-validates-as-email\" aria-required=\"true\" aria-invalid=\"false\" placeholder=\"Fill in your mail and we\u2019ll get in touch\" \/><\/span><\/div>\n<div class=\"cf-col-3\"><input type=\"submit\" value=\"Send\" class=\"wpcf7-form-control has-spinner wpcf7-submit\" \/><\/div>\n<\/div>\n<div class=\"wpcf7-response-output\" aria-hidden=\"true\"><\/div><\/form><\/div>[\/vc_tta_section][\/vc_tta_accordion][\/vc_column][\/vc_row][vc_row css=&#8221;.vc_custom_1659975238674{padding-top: 60px !important;padding-bottom: 60px !important;background-color: #f9f9f9 !important;}&#8221;][vc_column css_animation=&#8221;fadeIn&#8221; el_class=&#8221;cta-col&#8221; css=&#8221;.vc_custom_1659975230349{padding-top: 60px !important;padding-bottom: 60px !important;background-color: #ffffff !important;}&#8221;][ucaddon_ag_title ag_title_bold=&#8221;VFVUVVNUVSUyMExJUyVDMyU4NCVDMyU4NCUyME1BVEVSSUFBTEVJU0lNRQ==&#8221; ag_title_align=&#8221;center&#8221; ag_titel_border=&#8221;&#8221; ag_title_tag=&#8221;h2&#8243;][vc_column_text el_class=&#8221;citat-last&#8221;]<\/p>\n<p style=\"text-align: center;\">Muoviteollisuudessa on paljon erilaisia materiaaleja. Tutustu lis\u00e4\u00e4 materiaaleihin, joilla ty\u00f6skentelemme ja tarjoamme varmistaaksemme asiakkaillemme aina korkean laadun.<\/p>\n<p>[\/vc_column_text][vc_empty_space height=&#8221;40px&#8221;][vc_btn title=&#8221;Materiaalimme&#8221; style=&#8221;flat&#8221; shape=&#8221;square&#8221; align=&#8221;center&#8221; link=&#8221;url:https%3A%2F%2Fmapeplastics.se%2Ffi%2Fmateriaalit|title:Materiaalimme&#8221; el_class=&#8221;btn-primary&#8221;][\/vc_column][\/vc_row]<\/p>\n<\/section>","protected":false},"excerpt":{"rendered":"<p>[vc_row fullwidth=&#8221;1&#8243;][vc_column][ucaddon_ag_sub_hero ag_sh_text_small=&#8221;Our materials&#8221; ag_sh_text=&#8221;Polyamidi 4.6 (PA 4.6)&#8221; ag_sub_hero_par=&#8221;UG9seWFtaWRpJTIwNC42JTIwJTI4UEElMjA0LjYlMjklMjBvbiUyMGFsaWZhYXR0aW5lbiUyMHBvbHlhbWlkaS4lMjBIdW9saW1hdHRhJTIwbW9sZWt5eWxpcmFrZW50ZWVuJTIwc2FtYW5rYWx0YWlzdXVkZXN0YSUyMFBBJTIwNi42JTNBbiUyMGthbnNzYSUyQyUyMFBBJTIwNC42JTNBbGxhJTIwb24lMjBrb3JrZWFtcGklMjBzdWxhbWlzcGlzdGUlMjBqYSUyMG5vcGVhbXBpJTIwa2l0ZXl0eXMuJTIwUEElMjA0LjYlMjBpbWVlJTIwZW5lbW0lQzMlQTRuJTIwa29zdGV1dHRhJTIwa3VpbiUyMG11dXQlMjBwb2x5YW1pZGl0Lg==&#8221; ag_sh_img=&#8221;2431&#8243; ag_sh_tag=&#8221;h1&#8243;][\/vc_column][\/vc_row][vc_row content_placement=&#8221;middle&#8221; css=&#8221;.vc_custom_1659975571769{padding-top: 8rem !important;padding-bottom: 6rem !important;}&#8221;][vc_column width=&#8221;1\/2&#8243; css=&#8221;.vc_custom_1659975043893{padding-left: 1rem !important;}&#8221; el_class=&#8221;standard-padding&#8221;][ucaddon_ag_title ag_title_bold=&#8221;UEElMjA0LjYlMjBPbWluYWlzdXVrc2lh&#8221; ag_title_font_size=&#8221;52&#8243; ag_title_align=&#8221;left&#8221; ag_titel_border=&#8221;&#8221; ag_title_tag=&#8221;h2&#8243;][vc_column_text css=&#8221;.vc_custom_1679254801560{padding-bottom: 2rem !important;}&#8221;] Kest\u00e4vyys korkeissa l\u00e4mp\u00f6tiloissa, sulamispiste 296 C Erinomainen mekaaninen ominaisuus ja kemiallinen kest\u00e4vyys Alhainen viruminen ja erinomaiset v\u00e4symisominaisuudet Eritt\u00e4in nestem\u00e4inen Alhainen hankausta [\/vc_column_text][vc_btn title=&#8221;Ota yhteytt\u00e4 saadaksesi [&hellip;]<\/p>\n","protected":false},"author":27,"featured_media":0,"parent":819,"menu_order":0,"comment_status":"closed","ping_status":"closed","template":"page-visual-composer.php","meta":{"_mi_skip_tracking":false},"acf":[],"yoast_head":"<!-- This site is optimized with the Yoast SEO plugin v20.7 - https:\/\/yoast.com\/wordpress\/plugins\/seo\/ -->\n<title>Polyamidi 4.6 (PA 4.6) - Mape Plastics<\/title>\n<meta name=\"robots\" content=\"index, follow, max-snippet:-1, max-image-preview:large, max-video-preview:-1\" \/>\n<link rel=\"canonical\" href=\"https:\/\/mapeplastics.se\/fi\/materiaalit\/polyamide-4-6-pa-4-6\/\" \/>\n<meta property=\"og:locale\" content=\"fi_FI\" \/>\n<meta property=\"og:type\" content=\"article\" \/>\n<meta property=\"og:title\" content=\"Polyamidi 4.6 (PA 4.6) - Mape Plastics\" \/>\n<meta property=\"og:description\" content=\"[vc_row fullwidth=&#8221;1&#8243;][vc_column][ucaddon_ag_sub_hero ag_sh_text_small=&#8221;Our materials&#8221; ag_sh_text=&#8221;Polyamidi 4.6 (PA 4.6)&#8221; ag_sub_hero_par=&#8221;UG9seWFtaWRpJTIwNC42JTIwJTI4UEElMjA0LjYlMjklMjBvbiUyMGFsaWZhYXR0aW5lbiUyMHBvbHlhbWlkaS4lMjBIdW9saW1hdHRhJTIwbW9sZWt5eWxpcmFrZW50ZWVuJTIwc2FtYW5rYWx0YWlzdXVkZXN0YSUyMFBBJTIwNi42JTNBbiUyMGthbnNzYSUyQyUyMFBBJTIwNC42JTNBbGxhJTIwb24lMjBrb3JrZWFtcGklMjBzdWxhbWlzcGlzdGUlMjBqYSUyMG5vcGVhbXBpJTIwa2l0ZXl0eXMuJTIwUEElMjA0LjYlMjBpbWVlJTIwZW5lbW0lQzMlQTRuJTIwa29zdGV1dHRhJTIwa3VpbiUyMG11dXQlMjBwb2x5YW1pZGl0Lg==&#8221; ag_sh_img=&#8221;2431&#8243; ag_sh_tag=&#8221;h1&#8243;][\/vc_column][\/vc_row][vc_row content_placement=&#8221;middle&#8221; css=&#8221;.vc_custom_1659975571769{padding-top: 8rem !important;padding-bottom: 6rem !important;}&#8221;][vc_column width=&#8221;1\/2&#8243; css=&#8221;.vc_custom_1659975043893{padding-left: 1rem !important;}&#8221; el_class=&#8221;standard-padding&#8221;][ucaddon_ag_title ag_title_bold=&#8221;UEElMjA0LjYlMjBPbWluYWlzdXVrc2lh&#8221; ag_title_font_size=&#8221;52&#8243; ag_title_align=&#8221;left&#8221; ag_titel_border=&#8221;&#8221; ag_title_tag=&#8221;h2&#8243;][vc_column_text css=&#8221;.vc_custom_1679254801560{padding-bottom: 2rem !important;}&#8221;] Kest\u00e4vyys korkeissa l\u00e4mp\u00f6tiloissa, sulamispiste 296 C Erinomainen mekaaninen ominaisuus ja kemiallinen kest\u00e4vyys Alhainen viruminen ja erinomaiset v\u00e4symisominaisuudet Eritt\u00e4in nestem\u00e4inen Alhainen hankausta [\/vc_column_text][vc_btn title=&#8221;Ota yhteytt\u00e4 saadaksesi [&hellip;]\" \/>\n<meta property=\"og:url\" content=\"https:\/\/mapeplastics.se\/fi\/materiaalit\/polyamide-4-6-pa-4-6\/\" \/>\n<meta property=\"og:site_name\" content=\"Mape Plastics\" \/>\n<meta property=\"article:modified_time\" content=\"2023-04-06T09:31:42+00:00\" \/>\n<meta name=\"twitter:card\" content=\"summary_large_image\" \/>\n<meta name=\"twitter:label1\" content=\"Arvioitu lukuaika\" \/>\n\t<meta name=\"twitter:data1\" content=\"2 minuuttia\" \/>\n<script type=\"application\/ld+json\" class=\"yoast-schema-graph\">{\"@context\":\"https:\/\/schema.org\",\"@graph\":[{\"@type\":\"WebPage\",\"@id\":\"https:\/\/mapeplastics.se\/fi\/materiaalit\/polyamide-4-6-pa-4-6\/\",\"url\":\"https:\/\/mapeplastics.se\/fi\/materiaalit\/polyamide-4-6-pa-4-6\/\",\"name\":\"Polyamidi 4.6 (PA 4.6) - Mape Plastics\",\"isPartOf\":{\"@id\":\"https:\/\/mapeplastics.se\/fi\/#website\"},\"datePublished\":\"2023-03-05T18:32:10+00:00\",\"dateModified\":\"2023-04-06T09:31:42+00:00\",\"breadcrumb\":{\"@id\":\"https:\/\/mapeplastics.se\/fi\/materiaalit\/polyamide-4-6-pa-4-6\/#breadcrumb\"},\"inLanguage\":\"fi\",\"potentialAction\":[{\"@type\":\"ReadAction\",\"target\":[\"https:\/\/mapeplastics.se\/fi\/materiaalit\/polyamide-4-6-pa-4-6\/\"]}]},{\"@type\":\"BreadcrumbList\",\"@id\":\"https:\/\/mapeplastics.se\/fi\/materiaalit\/polyamide-4-6-pa-4-6\/#breadcrumb\",\"itemListElement\":[{\"@type\":\"ListItem\",\"position\":1,\"name\":\"Hem\",\"item\":\"https:\/\/mapeplastics.se\/fi\/\"},{\"@type\":\"ListItem\",\"position\":2,\"name\":\"Tuotteet\",\"item\":\"https:\/\/mapeplastics.se\/fi\/materiaalit\/\"},{\"@type\":\"ListItem\",\"position\":3,\"name\":\"Polyamidi 4.6 (PA 4.6)\"}]},{\"@type\":\"WebSite\",\"@id\":\"https:\/\/mapeplastics.se\/fi\/#website\",\"url\":\"https:\/\/mapeplastics.se\/fi\/\",\"name\":\"Mape Plastics\",\"description\":\"\",\"potentialAction\":[{\"@type\":\"SearchAction\",\"target\":{\"@type\":\"EntryPoint\",\"urlTemplate\":\"https:\/\/mapeplastics.se\/fi\/?s={search_term_string}\"},\"query-input\":\"required name=search_term_string\"}],\"inLanguage\":\"fi\"}]}<\/script>\n<!-- \/ Yoast SEO plugin. -->","yoast_head_json":{"title":"Polyamidi 4.6 (PA 4.6) - Mape Plastics","robots":{"index":"index","follow":"follow","max-snippet":"max-snippet:-1","max-image-preview":"max-image-preview:large","max-video-preview":"max-video-preview:-1"},"canonical":"https:\/\/mapeplastics.se\/fi\/materiaalit\/polyamide-4-6-pa-4-6\/","og_locale":"fi_FI","og_type":"article","og_title":"Polyamidi 4.6 (PA 4.6) - Mape Plastics","og_description":"[vc_row fullwidth=&#8221;1&#8243;][vc_column][ucaddon_ag_sub_hero ag_sh_text_small=&#8221;Our materials&#8221; ag_sh_text=&#8221;Polyamidi 4.6 (PA 4.6)&#8221; ag_sub_hero_par=&#8221;UG9seWFtaWRpJTIwNC42JTIwJTI4UEElMjA0LjYlMjklMjBvbiUyMGFsaWZhYXR0aW5lbiUyMHBvbHlhbWlkaS4lMjBIdW9saW1hdHRhJTIwbW9sZWt5eWxpcmFrZW50ZWVuJTIwc2FtYW5rYWx0YWlzdXVkZXN0YSUyMFBBJTIwNi42JTNBbiUyMGthbnNzYSUyQyUyMFBBJTIwNC42JTNBbGxhJTIwb24lMjBrb3JrZWFtcGklMjBzdWxhbWlzcGlzdGUlMjBqYSUyMG5vcGVhbXBpJTIwa2l0ZXl0eXMuJTIwUEElMjA0LjYlMjBpbWVlJTIwZW5lbW0lQzMlQTRuJTIwa29zdGV1dHRhJTIwa3VpbiUyMG11dXQlMjBwb2x5YW1pZGl0Lg==&#8221; ag_sh_img=&#8221;2431&#8243; ag_sh_tag=&#8221;h1&#8243;][\/vc_column][\/vc_row][vc_row content_placement=&#8221;middle&#8221; css=&#8221;.vc_custom_1659975571769{padding-top: 8rem !important;padding-bottom: 6rem !important;}&#8221;][vc_column width=&#8221;1\/2&#8243; css=&#8221;.vc_custom_1659975043893{padding-left: 1rem !important;}&#8221; el_class=&#8221;standard-padding&#8221;][ucaddon_ag_title ag_title_bold=&#8221;UEElMjA0LjYlMjBPbWluYWlzdXVrc2lh&#8221; ag_title_font_size=&#8221;52&#8243; ag_title_align=&#8221;left&#8221; ag_titel_border=&#8221;&#8221; ag_title_tag=&#8221;h2&#8243;][vc_column_text css=&#8221;.vc_custom_1679254801560{padding-bottom: 2rem !important;}&#8221;] Kest\u00e4vyys korkeissa l\u00e4mp\u00f6tiloissa, sulamispiste 296 C Erinomainen mekaaninen ominaisuus ja kemiallinen kest\u00e4vyys Alhainen viruminen ja erinomaiset v\u00e4symisominaisuudet Eritt\u00e4in nestem\u00e4inen Alhainen hankausta [\/vc_column_text][vc_btn title=&#8221;Ota yhteytt\u00e4 saadaksesi [&hellip;]","og_url":"https:\/\/mapeplastics.se\/fi\/materiaalit\/polyamide-4-6-pa-4-6\/","og_site_name":"Mape Plastics","article_modified_time":"2023-04-06T09:31:42+00:00","twitter_card":"summary_large_image","twitter_misc":{"Arvioitu lukuaika":"2 minuuttia"},"schema":{"@context":"https:\/\/schema.org","@graph":[{"@type":"WebPage","@id":"https:\/\/mapeplastics.se\/fi\/materiaalit\/polyamide-4-6-pa-4-6\/","url":"https:\/\/mapeplastics.se\/fi\/materiaalit\/polyamide-4-6-pa-4-6\/","name":"Polyamidi 4.6 (PA 4.6) - Mape Plastics","isPartOf":{"@id":"https:\/\/mapeplastics.se\/fi\/#website"},"datePublished":"2023-03-05T18:32:10+00:00","dateModified":"2023-04-06T09:31:42+00:00","breadcrumb":{"@id":"https:\/\/mapeplastics.se\/fi\/materiaalit\/polyamide-4-6-pa-4-6\/#breadcrumb"},"inLanguage":"fi","potentialAction":[{"@type":"ReadAction","target":["https:\/\/mapeplastics.se\/fi\/materiaalit\/polyamide-4-6-pa-4-6\/"]}]},{"@type":"BreadcrumbList","@id":"https:\/\/mapeplastics.se\/fi\/materiaalit\/polyamide-4-6-pa-4-6\/#breadcrumb","itemListElement":[{"@type":"ListItem","position":1,"name":"Hem","item":"https:\/\/mapeplastics.se\/fi\/"},{"@type":"ListItem","position":2,"name":"Tuotteet","item":"https:\/\/mapeplastics.se\/fi\/materiaalit\/"},{"@type":"ListItem","position":3,"name":"Polyamidi 4.6 (PA 4.6)"}]},{"@type":"WebSite","@id":"https:\/\/mapeplastics.se\/fi\/#website","url":"https:\/\/mapeplastics.se\/fi\/","name":"Mape Plastics","description":"","potentialAction":[{"@type":"SearchAction","target":{"@type":"EntryPoint","urlTemplate":"https:\/\/mapeplastics.se\/fi\/?s={search_term_string}"},"query-input":"required name=search_term_string"}],"inLanguage":"fi"}]}},"_links":{"self":[{"href":"https:\/\/mapeplastics.se\/fi\/wp-json\/wp\/v2\/pages\/3572"}],"collection":[{"href":"https:\/\/mapeplastics.se\/fi\/wp-json\/wp\/v2\/pages"}],"about":[{"href":"https:\/\/mapeplastics.se\/fi\/wp-json\/wp\/v2\/types\/page"}],"author":[{"embeddable":true,"href":"https:\/\/mapeplastics.se\/fi\/wp-json\/wp\/v2\/users\/27"}],"replies":[{"embeddable":true,"href":"https:\/\/mapeplastics.se\/fi\/wp-json\/wp\/v2\/comments?post=3572"}],"version-history":[{"count":4,"href":"https:\/\/mapeplastics.se\/fi\/wp-json\/wp\/v2\/pages\/3572\/revisions"}],"predecessor-version":[{"id":4079,"href":"https:\/\/mapeplastics.se\/fi\/wp-json\/wp\/v2\/pages\/3572\/revisions\/4079"}],"up":[{"embeddable":true,"href":"https:\/\/mapeplastics.se\/fi\/wp-json\/wp\/v2\/pages\/819"}],"wp:attachment":[{"href":"https:\/\/mapeplastics.se\/fi\/wp-json\/wp\/v2\/media?parent=3572"}],"curies":[{"name":"wp","href":"https:\/\/api.w.org\/{rel}","templated":true}]}}