{"id":3592,"date":"2023-03-05T19:32:11","date_gmt":"2023-03-05T18:32:11","guid":{"rendered":"https:\/\/mapeplastics.se\/materiaalit\/polyetheretherketone-peek\/"},"modified":"2023-11-24T14:49:34","modified_gmt":"2023-11-24T13:49:34","slug":"polyetheretherketone-peek","status":"publish","type":"page","link":"https:\/\/mapeplastics.se\/fi\/materiaalit\/polyetheretherketone-peek\/","title":{"rendered":"Polyeetterieetteriketoni (PEEK)"},"content":{"rendered":"<section class=\"wpb-content-wrapper\"><p>[vc_row fullwidth=&#8221;1&#8243;][vc_column][ucaddon_ag_sub_hero ag_sh_text_small=&#8221;Our materials&#8221; ag_sh_text=&#8221;Polyeetterieetteriketoni (PEEK)&#8221; ag_sub_hero_par=&#8221;UG9seWVldHRlcmllZXR0ZXJpa2V0b25pJTIwJTI4UEVFSyUyOSUyMG9uJTIwYWlub2ElMjBrZXN0b211b3ZpJTJDJTIwam9rYSUyMHZvaSUyMHNhYXZ1dHRhYSUyMG1la2FhbmlzZXQlMjBvbWluYWlzdXVkZXQlMjB5bGklMjAzMDAlMjBDJTNBc3NhLiUyMFQlQzMlQTR0JUMzJUE0JTIwcHVvbGlraXRlaXN0JUMzJUE0JTIwYXJvbWFhdHRpc3RhJTIwcG9seW1lZXJpJUMzJUE0JTIwcGlkZXQlQzMlQTQlQzMlQTRuJTIwbWFya2tpbm9pZGVuJTIwYWludXRsYWF0dWlzZW5hJTIwa2VzdG9tdW92aW5hLg==&#8221; ag_sh_img=&#8221;237&#8243; ag_sh_tag=&#8221;h1&#8243;][\/vc_column][\/vc_row][vc_row content_placement=&#8221;middle&#8221; css=&#8221;.vc_custom_1659975571769{padding-top: 8rem !important;padding-bottom: 6rem !important;}&#8221;][vc_column width=&#8221;1\/2&#8243; css=&#8221;.vc_custom_1659975043893{padding-left: 1rem !important;}&#8221; el_class=&#8221;standard-padding&#8221;][ucaddon_ag_title ag_title_bold=&#8221;UEVFSyUyME9taW5haXN1dWtzaWE=&#8221; ag_title_font_size=&#8221;52&#8243; ag_title_align=&#8221;left&#8221; ag_titel_border=&#8221;&#8221; ag_title_tag=&#8221;h2&#8243;][vc_column_text css=&#8221;.vc_custom_1679255050771{padding-bottom: 2rem !important;}&#8221;]<\/p>\n<ul id=\"material\">\n<li>Puolikiteinen rakenne, lasittumisl\u00e4mp\u00f6tila 143 C ja sulamisl\u00e4mp\u00f6tila 343 C<\/li>\n<li>Kest\u00e4\u00e4 korkeita ja matalia l\u00e4mp\u00f6tiloja<\/li>\n<li>Kemikaali kest\u00e4\u00e4 useimpia kemikaaleja, jopa korkeissa l\u00e4mp\u00f6tiloissa<\/li>\n<li>Palonsuoja ilman lis\u00e4aineita<\/li>\n<li>Vertamaton hydrolyysin vastustuskyky<\/li>\n<li>V\u00e4h\u00e4n savun muodostumista palamisen aikana<\/li>\n<li>Hyv\u00e4 kulutuskest\u00e4vyys ja alhainen kitka<\/li>\n<li>Erinomaiset mekaaniset ominaisuudet<\/li>\n<\/ul>\n<p>[\/vc_column_text][vc_btn title=&#8221;Ota yhteytt\u00e4 saadaksesi lis\u00e4tietoja&#8221; style=&#8221;flat&#8221; shape=&#8221;square&#8221; link=&#8221;url:https%3A%2F%2Fmapeplastics.se%2Ffi%2Fottaa-yhteytta%2F|title:Ota%20yhteytt%C3%A4%20saadaksesi%20lis%C3%A4tietoja&#8221; el_class=&#8221;btn-primary&#8221;][vc_empty_space height=&#8221;20px&#8221;][ucaddon_ag_title ag_title_bold=&#8221;VklDVFJFWCUyMFBFRUs=&#8221; ag_title_font_size=&#8221;52&#8243; ag_title_align=&#8221;left&#8221; ag_titel_border=&#8221;&#8221; ag_title_tag=&#8221;h2&#8243;][vc_column_text css=&#8221;.vc_custom_1680773589401{padding-bottom: 2rem !important;}&#8221;]<\/p>\n<p style=\"font-weight: 400;\">VICTREX PEEK on monik\u00e4ytt\u00f6inen korkean suorituskyvyn polymeeri, jolla on erinomaiset mekaaniset ominaisuudet sek\u00e4 hyv\u00e4 kemikaalien ja l\u00e4mp\u00f6tilojen kest\u00e4vyys. Se soveltuu sek\u00e4 ruiskuvaluun ett\u00e4 ekstruusioon.<\/p>\n<p style=\"font-weight: 400;\">Sit\u00e4 k\u00e4ytet\u00e4\u00e4n moniin eri tarkoituksiin vaativissa ymp\u00e4rist\u00f6iss\u00e4, kuten elintarviketeollisuudessa, l\u00e4\u00e4kinn\u00e4llisiss\u00e4 laitteissa, \u00f6ljy- ja kaasuteollisuudessa sek\u00e4 koneenrakennusteollisuudessa. FDA on hyv\u00e4ksynyt PEEK-laadun 450G elintarvikkeiden kanssa kosketukseen sopivaksi, ja se on testattu ISO 10993-5 -standardin vaatimusten mukaisesti solutoksisuuden osalta ISO 10993 A-tyypin l\u00e4\u00e4kinn\u00e4llisen k\u00e4yt\u00f6n tueksi alle 24 tunnin altistuksella.<\/p>\n<p style=\"font-weight: 400;\">Sit\u00e4 k\u00e4ytt\u00e4v\u00e4t maailman johtavat tuotemerkit ilmailu- ja avaruusalalla, autoteollisuudessa, energia-alalla, elektroniikassa, teollisuudessa ja l\u00e4\u00e4ketieteess\u00e4. Tarvitsetko materiaalia, joka kest\u00e4\u00e4 vaativia ymp\u00e4rist\u00f6j\u00e4 ja korvaa metallia ja muita polymeerej\u00e4? Silloin Victrex PEEK voi olla oikea valinta.<\/p>\n<p style=\"font-weight: 400;\">Tutustu yhteen maailman suorituskykyisimmist\u00e4 muoveista. Lue lis\u00e4\u00e4 PEEK-aloitussivultamme.<\/p>\n<p>[\/vc_column_text][vc_btn title=&#8221;PEEK&#8221; style=&#8221;flat&#8221; shape=&#8221;square&#8221; link=&#8221;url:https%3A%2F%2Fmapeplastics.se%2Fvictrex-peek-450g%2F|title:DISCOVER%20PEEK|target:%20_blank|&#8221; el_class=&#8221;btn-primary&#8221;][\/vc_column][vc_column width=&#8221;1\/2&#8243; css=&#8221;.vc_custom_1599745364366{padding-right: 1rem !important;}&#8221;][vc_single_image image=&#8221;2000&#8243; img_size=&#8221;full&#8221;][vc_empty_space height=&#8221;20px&#8221;][vc_empty_space height=&#8221;20px&#8221;][vc_single_image image=&#8221;3438&#8243; img_size=&#8221;full&#8221; alignment=&#8221;center&#8221;][\/vc_column][\/vc_row][vc_row css=&#8221;.vc_custom_1692819208324{padding-bottom: 60px !important;}&#8221;][vc_column][ucaddon_ag_title ag_title_slim=&#8221;TUFURVJJQUFMSVRJRVRPS0FOVEE=&#8221; ag_title_bold=&#8221;UEVFSyUyMFR1b3R0ZWV0&#8243; ag_title_font_size=&#8221;40&#8243; ag_title_align=&#8221;center&#8221; ag_titel_border=&#8221;&#8221; uc_init_settings=&#8221;&#8221;]\r\n        <style>\r\n            .js-ul-prospector-iframe {\r\n                width: 1px;\r\n                min-width: 100%;\r\n            }\r\n        <\/style>\r\n        <iframe class=\"js-ul-prospector-iframe\" src=\"https:\/\/catalog.ulprospector.com\/xquery.aspx?I=75681&QM=40:2843|181&RSCOLS=DYNAMIC&FMT=HOV&CULTURE=en&PGSIZE=10\" frameborder=\"0\" allowfullscreen=\"false\" scrolling=\"yes\" loading=\"lazy\"><\/iframe>\r\n        <script>\r\n            jQuery(window).on(\"load\", function () {\r\n                if (!window.mapeChildUlProspectorIframeResizerInit) {\r\n                    console.log(\"Init UL Iframe Resizer\");\r\n                    iFrameResize({ log: false, scrolling: \"omit\" }, \".js-ul-prospector-iframe\");\r\n                    window.mapeChildUlProspectorIframeResizerInit = true;\r\n                }\r\n            });\r\n        <\/script>\r\n    [\/vc_column][\/vc_row][vc_row css_animation=&#8221;none&#8221; css=&#8221;.vc_custom_1659976162848{padding-top: 80px !important;padding-bottom: 0px !important;background-color: #f9f9f9 !important;}&#8221;][vc_column width=&#8221;7\/12&#8243; css=&#8221;.vc_custom_1647361588512{padding-right: 2rem !important;}&#8221;][ucaddon_ag_title ag_title_slim=&#8221;TWUlMjBvc2FhbW1lJTIwbXVvdmlh&#8221; ag_title_bold=&#8221;S0VSUk9UQUFOJTIwTElTJUMzJTg0JUMzJTg0&#8243; ag_title_font_size=&#8221;40&#8243; ag_title_align=&#8221;left&#8221; ag_titel_border=&#8221;&#8221;][vc_empty_space height=&#8221;20px&#8221;][\/vc_column][vc_column width=&#8221;5\/12&#8243;][vc_empty_space height=&#8221;20px&#8221;][vc_tta_accordion accordion_layout=&#8221;no-border&#8221; accordion_icon=&#8221;arrow&#8221;][vc_tta_section title=&#8221;GET IN TOUCH&#8221; tab_id=&#8221;1647352964095-e408d282-5d33&#8243; el_class=&#8221;btn-accordion&#8221;]<div role=\"form\" class=\"wpcf7\" id=\"wpcf7-f1833-o1\" lang=\"sv-SE\" dir=\"ltr\">\n<div class=\"screen-reader-response\"><p role=\"status\" aria-live=\"polite\" aria-atomic=\"true\"><\/p> <ul><\/ul><\/div>\n<form action=\"\/fi\/wp-json\/wp\/v2\/pages\/3592#wpcf7-f1833-o1\" method=\"post\" class=\"wpcf7-form init\" novalidate=\"novalidate\" data-status=\"init\">\n<div style=\"display: none;\">\n<input type=\"hidden\" name=\"_wpcf7\" value=\"1833\" \/>\n<input type=\"hidden\" name=\"_wpcf7_version\" value=\"5.6.4\" \/>\n<input type=\"hidden\" name=\"_wpcf7_locale\" value=\"sv_SE\" \/>\n<input type=\"hidden\" name=\"_wpcf7_unit_tag\" value=\"wpcf7-f1833-o1\" \/>\n<input type=\"hidden\" name=\"_wpcf7_container_post\" value=\"0\" \/>\n<input type=\"hidden\" name=\"_wpcf7_posted_data_hash\" value=\"\" \/>\n<input type=\"hidden\" name=\"_wpcf7_recaptcha_response\" value=\"\" \/>\n<\/div>\n<div class=\"cf-container\">\n<div class=\"cf-col-9\"><span class=\"wpcf7-form-control-wrap\" data-name=\"your-email\"><input type=\"email\" name=\"your-email\" value=\"\" size=\"40\" class=\"wpcf7-form-control wpcf7-text wpcf7-email wpcf7-validates-as-required wpcf7-validates-as-email\" aria-required=\"true\" aria-invalid=\"false\" placeholder=\"Fill in your mail and we\u2019ll get in touch\" \/><\/span><\/div>\n<div class=\"cf-col-3\"><input type=\"submit\" value=\"Send\" class=\"wpcf7-form-control has-spinner wpcf7-submit\" \/><\/div>\n<\/div>\n<div class=\"wpcf7-response-output\" aria-hidden=\"true\"><\/div><\/form><\/div>[\/vc_tta_section][\/vc_tta_accordion][\/vc_column][\/vc_row][vc_row css=&#8221;.vc_custom_1659975238674{padding-top: 60px !important;padding-bottom: 60px !important;background-color: #f9f9f9 !important;}&#8221;][vc_column css_animation=&#8221;fadeIn&#8221; el_class=&#8221;cta-col&#8221; css=&#8221;.vc_custom_1659975230349{padding-top: 60px !important;padding-bottom: 60px !important;background-color: #ffffff !important;}&#8221;][ucaddon_ag_title ag_title_bold=&#8221;VFVUVVNUVSUyMExJUyVDMyU4NCVDMyU4NCUyME1BVEVSSUFBTEVJU0lNRQ==&#8221; ag_title_align=&#8221;center&#8221; ag_titel_border=&#8221;&#8221; ag_title_tag=&#8221;h2&#8243;][vc_column_text el_class=&#8221;citat-last&#8221;]<\/p>\n<p style=\"text-align: center;\">Muoviteollisuudessa on paljon erilaisia materiaaleja. Tutustu lis\u00e4\u00e4 materiaaleihin, joilla ty\u00f6skentelemme ja tarjoamme varmistaaksemme asiakkaillemme aina korkean laadun.<\/p>\n<p>[\/vc_column_text][vc_empty_space height=&#8221;40px&#8221;][vc_btn title=&#8221;Materiaalimme&#8221; style=&#8221;flat&#8221; shape=&#8221;square&#8221; align=&#8221;center&#8221; link=&#8221;url:https%3A%2F%2Fmapeplastics.se%2Ffi%2Fmateriaalit%2F|title:Materiaalimme&#8221; el_class=&#8221;btn-primary&#8221;][\/vc_column][\/vc_row]<\/p>\n<\/section>","protected":false},"excerpt":{"rendered":"<p>[vc_row fullwidth=&#8221;1&#8243;][vc_column][ucaddon_ag_sub_hero ag_sh_text_small=&#8221;Our materials&#8221; ag_sh_text=&#8221;Polyeetterieetteriketoni (PEEK)&#8221; ag_sub_hero_par=&#8221;UG9seWVldHRlcmllZXR0ZXJpa2V0b25pJTIwJTI4UEVFSyUyOSUyMG9uJTIwYWlub2ElMjBrZXN0b211b3ZpJTJDJTIwam9rYSUyMHZvaSUyMHNhYXZ1dHRhYSUyMG1la2FhbmlzZXQlMjBvbWluYWlzdXVkZXQlMjB5bGklMjAzMDAlMjBDJTNBc3NhLiUyMFQlQzMlQTR0JUMzJUE0JTIwcHVvbGlraXRlaXN0JUMzJUE0JTIwYXJvbWFhdHRpc3RhJTIwcG9seW1lZXJpJUMzJUE0JTIwcGlkZXQlQzMlQTQlQzMlQTRuJTIwbWFya2tpbm9pZGVuJTIwYWludXRsYWF0dWlzZW5hJTIwa2VzdG9tdW92aW5hLg==&#8221; ag_sh_img=&#8221;237&#8243; ag_sh_tag=&#8221;h1&#8243;][\/vc_column][\/vc_row][vc_row content_placement=&#8221;middle&#8221; css=&#8221;.vc_custom_1659975571769{padding-top: 8rem !important;padding-bottom: 6rem !important;}&#8221;][vc_column width=&#8221;1\/2&#8243; css=&#8221;.vc_custom_1659975043893{padding-left: 1rem !important;}&#8221; el_class=&#8221;standard-padding&#8221;][ucaddon_ag_title ag_title_bold=&#8221;UEVFSyUyME9taW5haXN1dWtzaWE=&#8221; ag_title_font_size=&#8221;52&#8243; ag_title_align=&#8221;left&#8221; ag_titel_border=&#8221;&#8221; ag_title_tag=&#8221;h2&#8243;][vc_column_text css=&#8221;.vc_custom_1679255050771{padding-bottom: 2rem !important;}&#8221;] Puolikiteinen rakenne, lasittumisl\u00e4mp\u00f6tila 143 C ja sulamisl\u00e4mp\u00f6tila 343 C Kest\u00e4\u00e4 korkeita ja matalia l\u00e4mp\u00f6tiloja Kemikaali kest\u00e4\u00e4 useimpia kemikaaleja, jopa korkeissa l\u00e4mp\u00f6tiloissa Palonsuoja ilman lis\u00e4aineita Vertamaton hydrolyysin vastustuskyky [&hellip;]<\/p>\n","protected":false},"author":29,"featured_media":0,"parent":819,"menu_order":0,"comment_status":"closed","ping_status":"closed","template":"page-visual-composer.php","meta":{"_mi_skip_tracking":false},"acf":[],"yoast_head":"<!-- This site is optimized with the Yoast SEO plugin v20.7 - https:\/\/yoast.com\/wordpress\/plugins\/seo\/ -->\n<title>Polyeetterieetteriketoni (PEEK) - Mape Plastics<\/title>\n<meta name=\"robots\" content=\"index, follow, max-snippet:-1, max-image-preview:large, max-video-preview:-1\" \/>\n<link rel=\"canonical\" href=\"https:\/\/mapeplastics.se\/fi\/materiaalit\/polyetheretherketone-peek\/\" \/>\n<meta property=\"og:locale\" content=\"fi_FI\" \/>\n<meta property=\"og:type\" content=\"article\" \/>\n<meta property=\"og:title\" content=\"Polyeetterieetteriketoni (PEEK) - Mape Plastics\" \/>\n<meta property=\"og:description\" content=\"[vc_row fullwidth=&#8221;1&#8243;][vc_column][ucaddon_ag_sub_hero ag_sh_text_small=&#8221;Our materials&#8221; ag_sh_text=&#8221;Polyeetterieetteriketoni (PEEK)&#8221; ag_sub_hero_par=&#8221;UG9seWVldHRlcmllZXR0ZXJpa2V0b25pJTIwJTI4UEVFSyUyOSUyMG9uJTIwYWlub2ElMjBrZXN0b211b3ZpJTJDJTIwam9rYSUyMHZvaSUyMHNhYXZ1dHRhYSUyMG1la2FhbmlzZXQlMjBvbWluYWlzdXVkZXQlMjB5bGklMjAzMDAlMjBDJTNBc3NhLiUyMFQlQzMlQTR0JUMzJUE0JTIwcHVvbGlraXRlaXN0JUMzJUE0JTIwYXJvbWFhdHRpc3RhJTIwcG9seW1lZXJpJUMzJUE0JTIwcGlkZXQlQzMlQTQlQzMlQTRuJTIwbWFya2tpbm9pZGVuJTIwYWludXRsYWF0dWlzZW5hJTIwa2VzdG9tdW92aW5hLg==&#8221; ag_sh_img=&#8221;237&#8243; ag_sh_tag=&#8221;h1&#8243;][\/vc_column][\/vc_row][vc_row content_placement=&#8221;middle&#8221; css=&#8221;.vc_custom_1659975571769{padding-top: 8rem !important;padding-bottom: 6rem !important;}&#8221;][vc_column width=&#8221;1\/2&#8243; css=&#8221;.vc_custom_1659975043893{padding-left: 1rem !important;}&#8221; el_class=&#8221;standard-padding&#8221;][ucaddon_ag_title ag_title_bold=&#8221;UEVFSyUyME9taW5haXN1dWtzaWE=&#8221; ag_title_font_size=&#8221;52&#8243; ag_title_align=&#8221;left&#8221; ag_titel_border=&#8221;&#8221; ag_title_tag=&#8221;h2&#8243;][vc_column_text css=&#8221;.vc_custom_1679255050771{padding-bottom: 2rem !important;}&#8221;] Puolikiteinen rakenne, lasittumisl\u00e4mp\u00f6tila 143 C ja sulamisl\u00e4mp\u00f6tila 343 C Kest\u00e4\u00e4 korkeita ja matalia l\u00e4mp\u00f6tiloja Kemikaali kest\u00e4\u00e4 useimpia kemikaaleja, jopa korkeissa l\u00e4mp\u00f6tiloissa Palonsuoja ilman lis\u00e4aineita Vertamaton hydrolyysin vastustuskyky [&hellip;]\" \/>\n<meta property=\"og:url\" content=\"https:\/\/mapeplastics.se\/fi\/materiaalit\/polyetheretherketone-peek\/\" \/>\n<meta property=\"og:site_name\" content=\"Mape Plastics\" \/>\n<meta property=\"article:modified_time\" content=\"2023-11-24T13:49:34+00:00\" \/>\n<meta name=\"twitter:card\" content=\"summary_large_image\" \/>\n<meta name=\"twitter:label1\" content=\"Arvioitu lukuaika\" \/>\n\t<meta name=\"twitter:data1\" content=\"2 minuuttia\" \/>\n<script type=\"application\/ld+json\" class=\"yoast-schema-graph\">{\"@context\":\"https:\/\/schema.org\",\"@graph\":[{\"@type\":\"WebPage\",\"@id\":\"https:\/\/mapeplastics.se\/fi\/materiaalit\/polyetheretherketone-peek\/\",\"url\":\"https:\/\/mapeplastics.se\/fi\/materiaalit\/polyetheretherketone-peek\/\",\"name\":\"Polyeetterieetteriketoni (PEEK) - Mape Plastics\",\"isPartOf\":{\"@id\":\"https:\/\/mapeplastics.se\/fi\/#website\"},\"datePublished\":\"2023-03-05T18:32:11+00:00\",\"dateModified\":\"2023-11-24T13:49:34+00:00\",\"breadcrumb\":{\"@id\":\"https:\/\/mapeplastics.se\/fi\/materiaalit\/polyetheretherketone-peek\/#breadcrumb\"},\"inLanguage\":\"fi\",\"potentialAction\":[{\"@type\":\"ReadAction\",\"target\":[\"https:\/\/mapeplastics.se\/fi\/materiaalit\/polyetheretherketone-peek\/\"]}]},{\"@type\":\"BreadcrumbList\",\"@id\":\"https:\/\/mapeplastics.se\/fi\/materiaalit\/polyetheretherketone-peek\/#breadcrumb\",\"itemListElement\":[{\"@type\":\"ListItem\",\"position\":1,\"name\":\"Hem\",\"item\":\"https:\/\/mapeplastics.se\/fi\/\"},{\"@type\":\"ListItem\",\"position\":2,\"name\":\"Tuotteet\",\"item\":\"https:\/\/mapeplastics.se\/fi\/materiaalit\/\"},{\"@type\":\"ListItem\",\"position\":3,\"name\":\"Polyeetterieetteriketoni (PEEK)\"}]},{\"@type\":\"WebSite\",\"@id\":\"https:\/\/mapeplastics.se\/fi\/#website\",\"url\":\"https:\/\/mapeplastics.se\/fi\/\",\"name\":\"Mape Plastics\",\"description\":\"\",\"potentialAction\":[{\"@type\":\"SearchAction\",\"target\":{\"@type\":\"EntryPoint\",\"urlTemplate\":\"https:\/\/mapeplastics.se\/fi\/?s={search_term_string}\"},\"query-input\":\"required name=search_term_string\"}],\"inLanguage\":\"fi\"}]}<\/script>\n<!-- \/ Yoast SEO plugin. -->","yoast_head_json":{"title":"Polyeetterieetteriketoni (PEEK) - Mape Plastics","robots":{"index":"index","follow":"follow","max-snippet":"max-snippet:-1","max-image-preview":"max-image-preview:large","max-video-preview":"max-video-preview:-1"},"canonical":"https:\/\/mapeplastics.se\/fi\/materiaalit\/polyetheretherketone-peek\/","og_locale":"fi_FI","og_type":"article","og_title":"Polyeetterieetteriketoni (PEEK) - Mape Plastics","og_description":"[vc_row fullwidth=&#8221;1&#8243;][vc_column][ucaddon_ag_sub_hero ag_sh_text_small=&#8221;Our materials&#8221; ag_sh_text=&#8221;Polyeetterieetteriketoni (PEEK)&#8221; ag_sub_hero_par=&#8221;UG9seWVldHRlcmllZXR0ZXJpa2V0b25pJTIwJTI4UEVFSyUyOSUyMG9uJTIwYWlub2ElMjBrZXN0b211b3ZpJTJDJTIwam9rYSUyMHZvaSUyMHNhYXZ1dHRhYSUyMG1la2FhbmlzZXQlMjBvbWluYWlzdXVkZXQlMjB5bGklMjAzMDAlMjBDJTNBc3NhLiUyMFQlQzMlQTR0JUMzJUE0JTIwcHVvbGlraXRlaXN0JUMzJUE0JTIwYXJvbWFhdHRpc3RhJTIwcG9seW1lZXJpJUMzJUE0JTIwcGlkZXQlQzMlQTQlQzMlQTRuJTIwbWFya2tpbm9pZGVuJTIwYWludXRsYWF0dWlzZW5hJTIwa2VzdG9tdW92aW5hLg==&#8221; ag_sh_img=&#8221;237&#8243; ag_sh_tag=&#8221;h1&#8243;][\/vc_column][\/vc_row][vc_row content_placement=&#8221;middle&#8221; css=&#8221;.vc_custom_1659975571769{padding-top: 8rem !important;padding-bottom: 6rem !important;}&#8221;][vc_column width=&#8221;1\/2&#8243; css=&#8221;.vc_custom_1659975043893{padding-left: 1rem !important;}&#8221; el_class=&#8221;standard-padding&#8221;][ucaddon_ag_title ag_title_bold=&#8221;UEVFSyUyME9taW5haXN1dWtzaWE=&#8221; ag_title_font_size=&#8221;52&#8243; ag_title_align=&#8221;left&#8221; ag_titel_border=&#8221;&#8221; ag_title_tag=&#8221;h2&#8243;][vc_column_text css=&#8221;.vc_custom_1679255050771{padding-bottom: 2rem !important;}&#8221;] Puolikiteinen rakenne, lasittumisl\u00e4mp\u00f6tila 143 C ja sulamisl\u00e4mp\u00f6tila 343 C Kest\u00e4\u00e4 korkeita ja matalia l\u00e4mp\u00f6tiloja Kemikaali kest\u00e4\u00e4 useimpia kemikaaleja, jopa korkeissa l\u00e4mp\u00f6tiloissa Palonsuoja ilman lis\u00e4aineita Vertamaton hydrolyysin vastustuskyky [&hellip;]","og_url":"https:\/\/mapeplastics.se\/fi\/materiaalit\/polyetheretherketone-peek\/","og_site_name":"Mape Plastics","article_modified_time":"2023-11-24T13:49:34+00:00","twitter_card":"summary_large_image","twitter_misc":{"Arvioitu lukuaika":"2 minuuttia"},"schema":{"@context":"https:\/\/schema.org","@graph":[{"@type":"WebPage","@id":"https:\/\/mapeplastics.se\/fi\/materiaalit\/polyetheretherketone-peek\/","url":"https:\/\/mapeplastics.se\/fi\/materiaalit\/polyetheretherketone-peek\/","name":"Polyeetterieetteriketoni (PEEK) - Mape Plastics","isPartOf":{"@id":"https:\/\/mapeplastics.se\/fi\/#website"},"datePublished":"2023-03-05T18:32:11+00:00","dateModified":"2023-11-24T13:49:34+00:00","breadcrumb":{"@id":"https:\/\/mapeplastics.se\/fi\/materiaalit\/polyetheretherketone-peek\/#breadcrumb"},"inLanguage":"fi","potentialAction":[{"@type":"ReadAction","target":["https:\/\/mapeplastics.se\/fi\/materiaalit\/polyetheretherketone-peek\/"]}]},{"@type":"BreadcrumbList","@id":"https:\/\/mapeplastics.se\/fi\/materiaalit\/polyetheretherketone-peek\/#breadcrumb","itemListElement":[{"@type":"ListItem","position":1,"name":"Hem","item":"https:\/\/mapeplastics.se\/fi\/"},{"@type":"ListItem","position":2,"name":"Tuotteet","item":"https:\/\/mapeplastics.se\/fi\/materiaalit\/"},{"@type":"ListItem","position":3,"name":"Polyeetterieetteriketoni (PEEK)"}]},{"@type":"WebSite","@id":"https:\/\/mapeplastics.se\/fi\/#website","url":"https:\/\/mapeplastics.se\/fi\/","name":"Mape Plastics","description":"","potentialAction":[{"@type":"SearchAction","target":{"@type":"EntryPoint","urlTemplate":"https:\/\/mapeplastics.se\/fi\/?s={search_term_string}"},"query-input":"required name=search_term_string"}],"inLanguage":"fi"}]}},"_links":{"self":[{"href":"https:\/\/mapeplastics.se\/fi\/wp-json\/wp\/v2\/pages\/3592"}],"collection":[{"href":"https:\/\/mapeplastics.se\/fi\/wp-json\/wp\/v2\/pages"}],"about":[{"href":"https:\/\/mapeplastics.se\/fi\/wp-json\/wp\/v2\/types\/page"}],"author":[{"embeddable":true,"href":"https:\/\/mapeplastics.se\/fi\/wp-json\/wp\/v2\/users\/29"}],"replies":[{"embeddable":true,"href":"https:\/\/mapeplastics.se\/fi\/wp-json\/wp\/v2\/comments?post=3592"}],"version-history":[{"count":5,"href":"https:\/\/mapeplastics.se\/fi\/wp-json\/wp\/v2\/pages\/3592\/revisions"}],"predecessor-version":[{"id":5405,"href":"https:\/\/mapeplastics.se\/fi\/wp-json\/wp\/v2\/pages\/3592\/revisions\/5405"}],"up":[{"embeddable":true,"href":"https:\/\/mapeplastics.se\/fi\/wp-json\/wp\/v2\/pages\/819"}],"wp:attachment":[{"href":"https:\/\/mapeplastics.se\/fi\/wp-json\/wp\/v2\/media?parent=3592"}],"curies":[{"name":"wp","href":"https:\/\/api.w.org\/{rel}","templated":true}]}}