{"id":3608,"date":"2023-03-05T19:32:12","date_gmt":"2023-03-05T18:32:12","guid":{"rendered":"https:\/\/mapeplastics.se\/materiaalit\/polyphenylene-sulphide-pps\/"},"modified":"2026-04-02T09:53:03","modified_gmt":"2026-04-02T07:53:03","slug":"polyphenylene-sulphide-pps","status":"publish","type":"page","link":"https:\/\/mapeplastics.se\/fi\/materiaalit\/polyphenylene-sulphide-pps\/","title":{"rendered":"Polyphenylene sulphide (PPS)"},"content":{"rendered":"<section class=\"wpb-content-wrapper\"><p>[vc_row fullwidth=&#8221;1&#8243;][vc_column][ucaddon_ag_sub_hero ag_sh_text_small=&#8221;Our materials&#8221; ag_sh_text=&#8221;Polyphenylene sulphide (PPS)&#8221; ag_sub_hero_par=&#8221;UG9seWZlbnlsZWVuaXN1bGZpZGklMjAlMjhQUFMlMjklMjBvbiUyMGFyb21hYXR0aW5lbiUyMGtvcmtlYW4lMjBsJUMzJUE0bXAlQzMlQjZ0aWxhbiUyMHB1b2xpa2l0ZWluZW4lMjBtdW92aSUyQyUyMGpvbmthJTIwbGFzaXR0dW1pc2wlQzMlQTRtcCVDMyVCNnRpbGElMjBvbiUyMDg1LTkwJTIwQyUyMGphJTIwa2l0ZWluZW4lMjBzdWxhbWlzcGlzdGUlMjAyODAtMjkwJTIwQy4lMjBQUFMlM0FsbCVDMyVBNCUyMG9uJTIwaHl2JUMzJUE0dCUyMHZpcnVtaXNvbWluYWlzdXVkZXQlMkMlMjBrZW1pYWxsaW5lbiUyMGtlc3QlQzMlQTR2eXlzJTIwZXJpbGFpc2lsbGUlMjBvcmdhYW5pc2lsbGUlMjBqYSUyMGVpLSUyMG9yZ2FhbmlzaWElMjBsaXVva3NpYS4lMjBKYSUyMHNlJTIwb24lMjBteSVDMyVCNnMlMjB0dWxlbmtlc3QlQzMlQTR2JUMzJUE0JTIwaWxtYW4lMjBsaXMlQzMlQTRhaW5laXRhLiUyMFBQUyUzQW4lMjBrJUMzJUE0eXR0JUMzJUI2JTIwbHVvbm5vbGxpc2Vzc2ElMjBtdW9kb3NzYWFuJTIwb24lMjByYWpvaXRldHR1YSUyMGh1b25vamVuJTIwbWVrYWFuaXN0ZW4lMjBvbWluYWlzdXVrc2llbiUyMHZ1b2tzaS4lMjBMYXNpa3VpdHVqZW4lMjBoJUMzJUE0aXJpdHNlbWluZW4lMjBwYXJhbnRhYSUyMG1la2FhbmlzaWElMjBvbWluYWlzdXVrc2lhJTIwZHJhbWFhdHRpc2VzdGkuJTIwU3V1cmluJTIwb3NhJTIwc292ZWxsdWtzaXN0YSUyMG9uJTIwdmFodmlzdGV0dHUlMjBsYXNpa3VpdHUtUFBTJTNBbGwlQzMlQTQu&#8221; ag_sh_img=&#8221;2446&#8243; ag_sh_tag=&#8221;h1&#8243;][\/vc_column][\/vc_row][vc_row content_placement=&#8221;middle&#8221; css=&#8221;.vc_custom_1659975571769{padding-top: 8rem !important;padding-bottom: 6rem !important;}&#8221;][vc_column width=&#8221;1\/2&#8243; css=&#8221;.vc_custom_1659975043893{padding-left: 1rem !important;}&#8221; el_class=&#8221;standard-padding&#8221;][ucaddon_ag_title ag_title_bold=&#8221;UFBTJTIwT21pbmFpc3V1a3NpYQ==&#8221; ag_title_font_size=&#8221;52&#8243; ag_title_align=&#8221;left&#8221; ag_titel_border=&#8221;&#8221; ag_title_tag=&#8221;h2&#8243;][vc_column_text css=&#8221;.vc_custom_1680079020989{padding-bottom: 2rem !important;}&#8221;]<\/p>\n<ul id=\"material\">\n<li>Operating temperature of 220-240 C<\/li>\n<li>Good creep properties<\/li>\n<li>Excellent chemical resistance<\/li>\n<li>Exceptionally high rigidity and hardness up to 80 C<\/li>\n<li>Flame retardant without any additives<\/li>\n<li>Flows better than most other high-temperature plastics<\/li>\n<li>Limited impact resistance<\/li>\n<li>Limited coloring options<\/li>\n<\/ul>\n<p>[\/vc_column_text][vc_btn title=&#8221;Ota yhteytt\u00e4 saadaksesi lis\u00e4tietoja&#8221; style=&#8221;flat&#8221; shape=&#8221;square&#8221; link=&#8221;url:https%3A%2F%2Fmapeplastics.se%2Ffi%2Fottaa-yhteytta%2F|title:Ota%20yhteytt%C3%A4%20saadaksesi%20lis%C3%A4tietoja&#8221; el_class=&#8221;btn-primary&#8221;][vc_empty_space height=&#8221;20px&#8221;][ucaddon_ag_title ag_title_bold=&#8221;RFVSQUZJREUlQzIlQUU=&#8221; ag_title_font_size=&#8221;52&#8243; ag_title_align=&#8221;left&#8221; ag_titel_border=&#8221;&#8221; ag_title_tag=&#8221;h2&#8243;][vc_column_text css=&#8221;.vc_custom_1775116368997{padding-bottom: 2rem !important;}&#8221;]Kumppanimme <a href=\"https:\/\/mapeplastics.se\/fi\/yhteistyokumppanit\/daicel\/\">Daicel<\/a> tarjoaa huipputeknist\u00e4 muovia, joka her\u00e4tt\u00e4\u00e4 huomion erinomaisella l\u00e4mm\u00f6n- ja kemikaalienkest\u00e4vyydell\u00e4. Tutustu DURAFIDE\u00ae PPS:\u00e4\u00e4n, jolla on ylivoimainen mekaaninen lujuus ja tulenkest\u00e4v\u00e4t ominaisuudet. Sill\u00e4 on erinomainen sitkeys verrattuna perinteiseen PPS:\u00e4\u00e4n, koska se kest\u00e4\u00e4 ylivoimaista venytyst\u00e4 ja iskuja.[\/vc_column_text][vc_btn title=&#8221;DURAFIDE\u00ae&#8221; style=&#8221;flat&#8221; shape=&#8221;square&#8221; link=&#8221;url:https%3A%2F%2Fhpps.daicel.com%2Fglobal%2Fs%2FProductInfo%2Fdurafidepps%3Flanguage%3Den_US|title:DURAFIDE%C2%AE|target:_blank&#8221; el_class=&#8221;btn-primary&#8221;][\/vc_column][vc_column width=&#8221;1\/2&#8243; css=&#8221;.vc_custom_1599745364366{padding-right: 1rem !important;}&#8221;][vc_single_image image=&#8221;3319&#8243; img_size=&#8221;full&#8221;][vc_empty_space height=&#8221;20px&#8221;][vc_empty_space height=&#8221;20px&#8221;][vc_single_image image=&#8221;9705&#8243; img_size=&#8221;400&#215;100&#8243; alignment=&#8221;center&#8221;][\/vc_column][\/vc_row][vc_row css=&#8221;.vc_custom_1692819208324{padding-bottom: 60px !important;}&#8221;][vc_column][ucaddon_ag_title ag_title_slim=&#8221;TUFURVJJQUFMSVRJRVRPS0FOVEE=&#8221; ag_title_bold=&#8221;UFBTJTIwVHVvdHRlZXQ=&#8221; ag_title_font_size=&#8221;40&#8243; ag_title_align=&#8221;center&#8221; ag_titel_border=&#8221;&#8221;]\r\n        <style>\r\n            .js-ul-prospector-iframe {\r\n                width: 1px;\r\n                min-width: 100%;\r\n            }\r\n        <\/style>\r\n        <iframe class=\"js-ul-prospector-iframe\" src=\"https:\/\/catalog.ulprospector.com\/xquery.aspx?I=75681&amp;QM=60:73~40:5865&amp;RSCOLS=DYNAMIC&amp;FMT=HOV&amp;CULTURE=en&amp;PGSIZE=10\" frameborder=\"0\" allowfullscreen=\"false\" scrolling=\"yes\" loading=\"lazy\"><\/iframe>\r\n        <script>\r\n            jQuery(window).on(\"load\", function () {\r\n                if (!window.mapeChildUlProspectorIframeResizerInit) {\r\n                    console.log(\"Init UL Iframe Resizer\");\r\n                    iFrameResize({ log: false, scrolling: \"omit\" }, \".js-ul-prospector-iframe\");\r\n                    window.mapeChildUlProspectorIframeResizerInit = true;\r\n                }\r\n            });\r\n        <\/script>\r\n    [\/vc_column][\/vc_row][vc_row css_animation=&#8221;none&#8221; css=&#8221;.vc_custom_1659976162848{padding-top: 80px !important;padding-bottom: 0px !important;background-color: #f9f9f9 !important;}&#8221;][vc_column width=&#8221;7\/12&#8243; css=&#8221;.vc_custom_1647361588512{padding-right: 2rem !important;}&#8221;][ucaddon_ag_title ag_title_slim=&#8221;TWUlMjBvc2FhbW1lJTIwbXVvdmlh&#8221; ag_title_bold=&#8221;S0VSUk9UQUFOJTIwTElTJUMzJTg0JUMzJTg0&#8243; ag_title_font_size=&#8221;40&#8243; ag_title_align=&#8221;left&#8221; ag_titel_border=&#8221;&#8221;][vc_empty_space height=&#8221;20px&#8221;][\/vc_column][vc_column width=&#8221;5\/12&#8243;][vc_empty_space height=&#8221;20px&#8221;][vc_tta_accordion accordion_layout=&#8221;no-border&#8221; accordion_icon=&#8221;arrow&#8221;][vc_tta_section title=&#8221;GET IN TOUCH&#8221; tab_id=&#8221;1647352964095-e408d282-5d33&#8243; el_class=&#8221;btn-accordion&#8221;]<div role=\"form\" class=\"wpcf7\" id=\"wpcf7-f1833-o1\" lang=\"sv-SE\" dir=\"ltr\">\n<div class=\"screen-reader-response\"><p role=\"status\" aria-live=\"polite\" aria-atomic=\"true\"><\/p> <ul><\/ul><\/div>\n<form action=\"\/fi\/wp-json\/wp\/v2\/pages\/3608#wpcf7-f1833-o1\" method=\"post\" class=\"wpcf7-form init\" novalidate=\"novalidate\" data-status=\"init\">\n<div style=\"display: none;\">\n<input type=\"hidden\" name=\"_wpcf7\" value=\"1833\" \/>\n<input type=\"hidden\" name=\"_wpcf7_version\" value=\"5.6.4\" \/>\n<input type=\"hidden\" name=\"_wpcf7_locale\" value=\"sv_SE\" \/>\n<input type=\"hidden\" name=\"_wpcf7_unit_tag\" value=\"wpcf7-f1833-o1\" \/>\n<input type=\"hidden\" name=\"_wpcf7_container_post\" value=\"0\" \/>\n<input type=\"hidden\" name=\"_wpcf7_posted_data_hash\" value=\"\" \/>\n<input type=\"hidden\" name=\"_wpcf7_recaptcha_response\" value=\"\" \/>\n<\/div>\n<div class=\"cf-container\">\n<div class=\"cf-col-9\"><span class=\"wpcf7-form-control-wrap\" data-name=\"your-email\"><input type=\"email\" name=\"your-email\" value=\"\" size=\"40\" class=\"wpcf7-form-control wpcf7-text wpcf7-email wpcf7-validates-as-required wpcf7-validates-as-email\" aria-required=\"true\" aria-invalid=\"false\" placeholder=\"Fill in your mail and we\u2019ll get in touch\" \/><\/span><\/div>\n<div class=\"cf-col-3\"><input type=\"submit\" value=\"Send\" class=\"wpcf7-form-control has-spinner wpcf7-submit\" \/><\/div>\n<\/div>\n<div class=\"wpcf7-response-output\" aria-hidden=\"true\"><\/div><\/form><\/div>[\/vc_tta_section][\/vc_tta_accordion][\/vc_column][\/vc_row][vc_row css=&#8221;.vc_custom_1659975238674{padding-top: 60px !important;padding-bottom: 60px !important;background-color: #f9f9f9 !important;}&#8221;][vc_column css_animation=&#8221;fadeIn&#8221; el_class=&#8221;cta-col&#8221; css=&#8221;.vc_custom_1659975230349{padding-top: 60px !important;padding-bottom: 60px !important;background-color: #ffffff !important;}&#8221;][ucaddon_ag_title ag_title_bold=&#8221;RXhwbG9yZSUyMG1vcmUlMjBvZiUyMG91ciUyMG1hdGVyaWFscw==&#8221; ag_title_align=&#8221;center&#8221; ag_titel_border=&#8221;&#8221; ag_title_tag=&#8221;h2&#8243;][vc_column_text el_class=&#8221;citat-last&#8221;]<\/p>\n<p style=\"text-align: center;\">There are a lot of different materials in the plastics industry. Explore more of the materials we work with and offer to always ensure high quality for our customers.<\/p>\n<p>[\/vc_column_text][vc_empty_space height=&#8221;40px&#8221;][vc_btn title=&#8221;Materiaalimme&#8221; style=&#8221;flat&#8221; shape=&#8221;square&#8221; align=&#8221;center&#8221; link=&#8221;url:https%3A%2F%2Fmapeplastics.se%2Ffi%2Fmateriaalit%2F|title:Materiaalimme&#8221; el_class=&#8221;btn-primary&#8221;][\/vc_column][\/vc_row]<\/p>\n<\/section>","protected":false},"excerpt":{"rendered":"<p>[vc_row fullwidth=&#8221;1&#8243;][vc_column][ucaddon_ag_sub_hero ag_sh_text_small=&#8221;Our materials&#8221; ag_sh_text=&#8221;Polyphenylene sulphide (PPS)&#8221; ag_sub_hero_par=&#8221;UG9seWZlbnlsZWVuaXN1bGZpZGklMjAlMjhQUFMlMjklMjBvbiUyMGFyb21hYXR0aW5lbiUyMGtvcmtlYW4lMjBsJUMzJUE0bXAlQzMlQjZ0aWxhbiUyMHB1b2xpa2l0ZWluZW4lMjBtdW92aSUyQyUyMGpvbmthJTIwbGFzaXR0dW1pc2wlQzMlQTRtcCVDMyVCNnRpbGElMjBvbiUyMDg1LTkwJTIwQyUyMGphJTIwa2l0ZWluZW4lMjBzdWxhbWlzcGlzdGUlMjAyODAtMjkwJTIwQy4lMjBQUFMlM0FsbCVDMyVBNCUyMG9uJTIwaHl2JUMzJUE0dCUyMHZpcnVtaXNvbWluYWlzdXVkZXQlMkMlMjBrZW1pYWxsaW5lbiUyMGtlc3QlQzMlQTR2eXlzJTIwZXJpbGFpc2lsbGUlMjBvcmdhYW5pc2lsbGUlMjBqYSUyMGVpLSUyMG9yZ2FhbmlzaWElMjBsaXVva3NpYS4lMjBKYSUyMHNlJTIwb24lMjBteSVDMyVCNnMlMjB0dWxlbmtlc3QlQzMlQTR2JUMzJUE0JTIwaWxtYW4lMjBsaXMlQzMlQTRhaW5laXRhLiUyMFBQUyUzQW4lMjBrJUMzJUE0eXR0JUMzJUI2JTIwbHVvbm5vbGxpc2Vzc2ElMjBtdW9kb3NzYWFuJTIwb24lMjByYWpvaXRldHR1YSUyMGh1b25vamVuJTIwbWVrYWFuaXN0ZW4lMjBvbWluYWlzdXVrc2llbiUyMHZ1b2tzaS4lMjBMYXNpa3VpdHVqZW4lMjBoJUMzJUE0aXJpdHNlbWluZW4lMjBwYXJhbnRhYSUyMG1la2FhbmlzaWElMjBvbWluYWlzdXVrc2lhJTIwZHJhbWFhdHRpc2VzdGkuJTIwU3V1cmluJTIwb3NhJTIwc292ZWxsdWtzaXN0YSUyMG9uJTIwdmFodmlzdGV0dHUlMjBsYXNpa3VpdHUtUFBTJTNBbGwlQzMlQTQu&#8221; ag_sh_img=&#8221;2446&#8243; ag_sh_tag=&#8221;h1&#8243;][\/vc_column][\/vc_row][vc_row content_placement=&#8221;middle&#8221; css=&#8221;.vc_custom_1659975571769{padding-top: 8rem !important;padding-bottom: 6rem !important;}&#8221;][vc_column width=&#8221;1\/2&#8243; css=&#8221;.vc_custom_1659975043893{padding-left: 1rem !important;}&#8221; el_class=&#8221;standard-padding&#8221;][ucaddon_ag_title ag_title_bold=&#8221;UFBTJTIwT21pbmFpc3V1a3NpYQ==&#8221; ag_title_font_size=&#8221;52&#8243; ag_title_align=&#8221;left&#8221; ag_titel_border=&#8221;&#8221; ag_title_tag=&#8221;h2&#8243;][vc_column_text css=&#8221;.vc_custom_1680079020989{padding-bottom: 2rem !important;}&#8221;] Operating temperature of 220-240 C Good creep properties Excellent chemical resistance Exceptionally high rigidity and hardness up to 80 C Flame retardant without any additives Flows [&hellip;]<\/p>\n","protected":false},"author":29,"featured_media":0,"parent":819,"menu_order":0,"comment_status":"closed","ping_status":"closed","template":"page-visual-composer.php","meta":{"_mi_skip_tracking":false},"acf":[],"yoast_head":"<!-- This site is optimized with the Yoast SEO plugin v20.7 - https:\/\/yoast.com\/wordpress\/plugins\/seo\/ -->\n<title>Polyphenylene sulphide (PPS) - Mape Plastics<\/title>\n<meta name=\"robots\" content=\"index, follow, max-snippet:-1, max-image-preview:large, max-video-preview:-1\" \/>\n<link rel=\"canonical\" href=\"https:\/\/mapeplastics.se\/fi\/materiaalit\/polyphenylene-sulphide-pps\/\" \/>\n<meta property=\"og:locale\" content=\"fi_FI\" \/>\n<meta property=\"og:type\" content=\"article\" \/>\n<meta property=\"og:title\" content=\"Polyphenylene sulphide (PPS) - Mape Plastics\" \/>\n<meta property=\"og:description\" content=\"[vc_row fullwidth=&#8221;1&#8243;][vc_column][ucaddon_ag_sub_hero ag_sh_text_small=&#8221;Our materials&#8221; ag_sh_text=&#8221;Polyphenylene sulphide (PPS)&#8221; ag_sub_hero_par=&#8221;UG9seWZlbnlsZWVuaXN1bGZpZGklMjAlMjhQUFMlMjklMjBvbiUyMGFyb21hYXR0aW5lbiUyMGtvcmtlYW4lMjBsJUMzJUE0bXAlQzMlQjZ0aWxhbiUyMHB1b2xpa2l0ZWluZW4lMjBtdW92aSUyQyUyMGpvbmthJTIwbGFzaXR0dW1pc2wlQzMlQTRtcCVDMyVCNnRpbGElMjBvbiUyMDg1LTkwJTIwQyUyMGphJTIwa2l0ZWluZW4lMjBzdWxhbWlzcGlzdGUlMjAyODAtMjkwJTIwQy4lMjBQUFMlM0FsbCVDMyVBNCUyMG9uJTIwaHl2JUMzJUE0dCUyMHZpcnVtaXNvbWluYWlzdXVkZXQlMkMlMjBrZW1pYWxsaW5lbiUyMGtlc3QlQzMlQTR2eXlzJTIwZXJpbGFpc2lsbGUlMjBvcmdhYW5pc2lsbGUlMjBqYSUyMGVpLSUyMG9yZ2FhbmlzaWElMjBsaXVva3NpYS4lMjBKYSUyMHNlJTIwb24lMjBteSVDMyVCNnMlMjB0dWxlbmtlc3QlQzMlQTR2JUMzJUE0JTIwaWxtYW4lMjBsaXMlQzMlQTRhaW5laXRhLiUyMFBQUyUzQW4lMjBrJUMzJUE0eXR0JUMzJUI2JTIwbHVvbm5vbGxpc2Vzc2ElMjBtdW9kb3NzYWFuJTIwb24lMjByYWpvaXRldHR1YSUyMGh1b25vamVuJTIwbWVrYWFuaXN0ZW4lMjBvbWluYWlzdXVrc2llbiUyMHZ1b2tzaS4lMjBMYXNpa3VpdHVqZW4lMjBoJUMzJUE0aXJpdHNlbWluZW4lMjBwYXJhbnRhYSUyMG1la2FhbmlzaWElMjBvbWluYWlzdXVrc2lhJTIwZHJhbWFhdHRpc2VzdGkuJTIwU3V1cmluJTIwb3NhJTIwc292ZWxsdWtzaXN0YSUyMG9uJTIwdmFodmlzdGV0dHUlMjBsYXNpa3VpdHUtUFBTJTNBbGwlQzMlQTQu&#8221; ag_sh_img=&#8221;2446&#8243; ag_sh_tag=&#8221;h1&#8243;][\/vc_column][\/vc_row][vc_row content_placement=&#8221;middle&#8221; css=&#8221;.vc_custom_1659975571769{padding-top: 8rem !important;padding-bottom: 6rem !important;}&#8221;][vc_column width=&#8221;1\/2&#8243; css=&#8221;.vc_custom_1659975043893{padding-left: 1rem !important;}&#8221; el_class=&#8221;standard-padding&#8221;][ucaddon_ag_title ag_title_bold=&#8221;UFBTJTIwT21pbmFpc3V1a3NpYQ==&#8221; ag_title_font_size=&#8221;52&#8243; ag_title_align=&#8221;left&#8221; ag_titel_border=&#8221;&#8221; ag_title_tag=&#8221;h2&#8243;][vc_column_text css=&#8221;.vc_custom_1680079020989{padding-bottom: 2rem !important;}&#8221;] Operating temperature of 220-240 C Good creep properties Excellent chemical resistance Exceptionally high rigidity and hardness up to 80 C Flame retardant without any additives Flows [&hellip;]\" \/>\n<meta property=\"og:url\" content=\"https:\/\/mapeplastics.se\/fi\/materiaalit\/polyphenylene-sulphide-pps\/\" \/>\n<meta property=\"og:site_name\" content=\"Mape Plastics\" \/>\n<meta property=\"article:modified_time\" content=\"2026-04-02T07:53:03+00:00\" \/>\n<meta name=\"twitter:card\" content=\"summary_large_image\" \/>\n<meta name=\"twitter:label1\" content=\"Arvioitu lukuaika\" \/>\n\t<meta name=\"twitter:data1\" content=\"2 minuuttia\" \/>\n<script type=\"application\/ld+json\" class=\"yoast-schema-graph\">{\"@context\":\"https:\/\/schema.org\",\"@graph\":[{\"@type\":\"WebPage\",\"@id\":\"https:\/\/mapeplastics.se\/fi\/materiaalit\/polyphenylene-sulphide-pps\/\",\"url\":\"https:\/\/mapeplastics.se\/fi\/materiaalit\/polyphenylene-sulphide-pps\/\",\"name\":\"Polyphenylene sulphide (PPS) - Mape Plastics\",\"isPartOf\":{\"@id\":\"https:\/\/mapeplastics.se\/fi\/#website\"},\"datePublished\":\"2023-03-05T18:32:12+00:00\",\"dateModified\":\"2026-04-02T07:53:03+00:00\",\"breadcrumb\":{\"@id\":\"https:\/\/mapeplastics.se\/fi\/materiaalit\/polyphenylene-sulphide-pps\/#breadcrumb\"},\"inLanguage\":\"fi\",\"potentialAction\":[{\"@type\":\"ReadAction\",\"target\":[\"https:\/\/mapeplastics.se\/fi\/materiaalit\/polyphenylene-sulphide-pps\/\"]}]},{\"@type\":\"BreadcrumbList\",\"@id\":\"https:\/\/mapeplastics.se\/fi\/materiaalit\/polyphenylene-sulphide-pps\/#breadcrumb\",\"itemListElement\":[{\"@type\":\"ListItem\",\"position\":1,\"name\":\"Hem\",\"item\":\"https:\/\/mapeplastics.se\/fi\/\"},{\"@type\":\"ListItem\",\"position\":2,\"name\":\"Tuotteet\",\"item\":\"https:\/\/mapeplastics.se\/fi\/materiaalit\/\"},{\"@type\":\"ListItem\",\"position\":3,\"name\":\"Polyphenylene sulphide (PPS)\"}]},{\"@type\":\"WebSite\",\"@id\":\"https:\/\/mapeplastics.se\/fi\/#website\",\"url\":\"https:\/\/mapeplastics.se\/fi\/\",\"name\":\"Mape Plastics\",\"description\":\"\",\"potentialAction\":[{\"@type\":\"SearchAction\",\"target\":{\"@type\":\"EntryPoint\",\"urlTemplate\":\"https:\/\/mapeplastics.se\/fi\/?s={search_term_string}\"},\"query-input\":\"required name=search_term_string\"}],\"inLanguage\":\"fi\"}]}<\/script>\n<!-- \/ Yoast SEO plugin. -->","yoast_head_json":{"title":"Polyphenylene sulphide (PPS) - Mape Plastics","robots":{"index":"index","follow":"follow","max-snippet":"max-snippet:-1","max-image-preview":"max-image-preview:large","max-video-preview":"max-video-preview:-1"},"canonical":"https:\/\/mapeplastics.se\/fi\/materiaalit\/polyphenylene-sulphide-pps\/","og_locale":"fi_FI","og_type":"article","og_title":"Polyphenylene sulphide (PPS) - Mape Plastics","og_description":"[vc_row fullwidth=&#8221;1&#8243;][vc_column][ucaddon_ag_sub_hero ag_sh_text_small=&#8221;Our materials&#8221; ag_sh_text=&#8221;Polyphenylene sulphide (PPS)&#8221; ag_sub_hero_par=&#8221;UG9seWZlbnlsZWVuaXN1bGZpZGklMjAlMjhQUFMlMjklMjBvbiUyMGFyb21hYXR0aW5lbiUyMGtvcmtlYW4lMjBsJUMzJUE0bXAlQzMlQjZ0aWxhbiUyMHB1b2xpa2l0ZWluZW4lMjBtdW92aSUyQyUyMGpvbmthJTIwbGFzaXR0dW1pc2wlQzMlQTRtcCVDMyVCNnRpbGElMjBvbiUyMDg1LTkwJTIwQyUyMGphJTIwa2l0ZWluZW4lMjBzdWxhbWlzcGlzdGUlMjAyODAtMjkwJTIwQy4lMjBQUFMlM0FsbCVDMyVBNCUyMG9uJTIwaHl2JUMzJUE0dCUyMHZpcnVtaXNvbWluYWlzdXVkZXQlMkMlMjBrZW1pYWxsaW5lbiUyMGtlc3QlQzMlQTR2eXlzJTIwZXJpbGFpc2lsbGUlMjBvcmdhYW5pc2lsbGUlMjBqYSUyMGVpLSUyMG9yZ2FhbmlzaWElMjBsaXVva3NpYS4lMjBKYSUyMHNlJTIwb24lMjBteSVDMyVCNnMlMjB0dWxlbmtlc3QlQzMlQTR2JUMzJUE0JTIwaWxtYW4lMjBsaXMlQzMlQTRhaW5laXRhLiUyMFBQUyUzQW4lMjBrJUMzJUE0eXR0JUMzJUI2JTIwbHVvbm5vbGxpc2Vzc2ElMjBtdW9kb3NzYWFuJTIwb24lMjByYWpvaXRldHR1YSUyMGh1b25vamVuJTIwbWVrYWFuaXN0ZW4lMjBvbWluYWlzdXVrc2llbiUyMHZ1b2tzaS4lMjBMYXNpa3VpdHVqZW4lMjBoJUMzJUE0aXJpdHNlbWluZW4lMjBwYXJhbnRhYSUyMG1la2FhbmlzaWElMjBvbWluYWlzdXVrc2lhJTIwZHJhbWFhdHRpc2VzdGkuJTIwU3V1cmluJTIwb3NhJTIwc292ZWxsdWtzaXN0YSUyMG9uJTIwdmFodmlzdGV0dHUlMjBsYXNpa3VpdHUtUFBTJTNBbGwlQzMlQTQu&#8221; ag_sh_img=&#8221;2446&#8243; ag_sh_tag=&#8221;h1&#8243;][\/vc_column][\/vc_row][vc_row content_placement=&#8221;middle&#8221; css=&#8221;.vc_custom_1659975571769{padding-top: 8rem !important;padding-bottom: 6rem !important;}&#8221;][vc_column width=&#8221;1\/2&#8243; css=&#8221;.vc_custom_1659975043893{padding-left: 1rem !important;}&#8221; el_class=&#8221;standard-padding&#8221;][ucaddon_ag_title ag_title_bold=&#8221;UFBTJTIwT21pbmFpc3V1a3NpYQ==&#8221; ag_title_font_size=&#8221;52&#8243; ag_title_align=&#8221;left&#8221; ag_titel_border=&#8221;&#8221; ag_title_tag=&#8221;h2&#8243;][vc_column_text css=&#8221;.vc_custom_1680079020989{padding-bottom: 2rem !important;}&#8221;] Operating temperature of 220-240 C Good creep properties Excellent chemical resistance Exceptionally high rigidity and hardness up to 80 C Flame retardant without any additives Flows [&hellip;]","og_url":"https:\/\/mapeplastics.se\/fi\/materiaalit\/polyphenylene-sulphide-pps\/","og_site_name":"Mape Plastics","article_modified_time":"2026-04-02T07:53:03+00:00","twitter_card":"summary_large_image","twitter_misc":{"Arvioitu lukuaika":"2 minuuttia"},"schema":{"@context":"https:\/\/schema.org","@graph":[{"@type":"WebPage","@id":"https:\/\/mapeplastics.se\/fi\/materiaalit\/polyphenylene-sulphide-pps\/","url":"https:\/\/mapeplastics.se\/fi\/materiaalit\/polyphenylene-sulphide-pps\/","name":"Polyphenylene sulphide (PPS) - Mape Plastics","isPartOf":{"@id":"https:\/\/mapeplastics.se\/fi\/#website"},"datePublished":"2023-03-05T18:32:12+00:00","dateModified":"2026-04-02T07:53:03+00:00","breadcrumb":{"@id":"https:\/\/mapeplastics.se\/fi\/materiaalit\/polyphenylene-sulphide-pps\/#breadcrumb"},"inLanguage":"fi","potentialAction":[{"@type":"ReadAction","target":["https:\/\/mapeplastics.se\/fi\/materiaalit\/polyphenylene-sulphide-pps\/"]}]},{"@type":"BreadcrumbList","@id":"https:\/\/mapeplastics.se\/fi\/materiaalit\/polyphenylene-sulphide-pps\/#breadcrumb","itemListElement":[{"@type":"ListItem","position":1,"name":"Hem","item":"https:\/\/mapeplastics.se\/fi\/"},{"@type":"ListItem","position":2,"name":"Tuotteet","item":"https:\/\/mapeplastics.se\/fi\/materiaalit\/"},{"@type":"ListItem","position":3,"name":"Polyphenylene sulphide (PPS)"}]},{"@type":"WebSite","@id":"https:\/\/mapeplastics.se\/fi\/#website","url":"https:\/\/mapeplastics.se\/fi\/","name":"Mape Plastics","description":"","potentialAction":[{"@type":"SearchAction","target":{"@type":"EntryPoint","urlTemplate":"https:\/\/mapeplastics.se\/fi\/?s={search_term_string}"},"query-input":"required name=search_term_string"}],"inLanguage":"fi"}]}},"_links":{"self":[{"href":"https:\/\/mapeplastics.se\/fi\/wp-json\/wp\/v2\/pages\/3608"}],"collection":[{"href":"https:\/\/mapeplastics.se\/fi\/wp-json\/wp\/v2\/pages"}],"about":[{"href":"https:\/\/mapeplastics.se\/fi\/wp-json\/wp\/v2\/types\/page"}],"author":[{"embeddable":true,"href":"https:\/\/mapeplastics.se\/fi\/wp-json\/wp\/v2\/users\/29"}],"replies":[{"embeddable":true,"href":"https:\/\/mapeplastics.se\/fi\/wp-json\/wp\/v2\/comments?post=3608"}],"version-history":[{"count":9,"href":"https:\/\/mapeplastics.se\/fi\/wp-json\/wp\/v2\/pages\/3608\/revisions"}],"predecessor-version":[{"id":9746,"href":"https:\/\/mapeplastics.se\/fi\/wp-json\/wp\/v2\/pages\/3608\/revisions\/9746"}],"up":[{"embeddable":true,"href":"https:\/\/mapeplastics.se\/fi\/wp-json\/wp\/v2\/pages\/819"}],"wp:attachment":[{"href":"https:\/\/mapeplastics.se\/fi\/wp-json\/wp\/v2\/media?parent=3608"}],"curies":[{"name":"wp","href":"https:\/\/api.w.org\/{rel}","templated":true}]}}