{"id":3624,"date":"2023-03-05T19:32:13","date_gmt":"2023-03-05T18:32:13","guid":{"rendered":"https:\/\/mapeplastics.se\/materiaalit\/polysulfone-psu\/"},"modified":"2023-04-06T11:38:37","modified_gmt":"2023-04-06T09:38:37","slug":"polysulfone-psu","status":"publish","type":"page","link":"https:\/\/mapeplastics.se\/fi\/materiaalit\/polysulfone-psu\/","title":{"rendered":"Polysulfone (PSU)"},"content":{"rendered":"<section class=\"wpb-content-wrapper\"><p>[vc_row fullwidth=&#8221;1&#8243;][vc_column][ucaddon_ag_sub_hero ag_sh_text_small=&#8221;Our materials&#8221; ag_sh_text=&#8221;Polysulfone (PSU)&#8221; ag_sub_hero_par=&#8221;UG9seXN1bGZvbmklMjAlMjhQU1UlMjklMjBvbiUyMGFtb3JmaW5lbiUyQyUyMGFyb21hYXR0aW5lbiUyMGtvcmtlYW4lMjBsJUMzJUE0bXAlQzMlQjZ0aWxhbiUyMG11b3ZpLiUyMFBFSSUzQW4lMkMlMjBQRVMlM0FuJTIwamElMjBQU1UlM0FuJTIwdGF2b2luJTIwc2UlMjBvbiUyMGx1b25uZWhkaXR0dSUyMHJpc3Rpbmtlc3QlQzMlQTR2JUMzJUE0a3NpJTJDJTIwa2VtaWthYWxpZW4lMjBrZXN0JUMzJUE0diVDMyVBNGtzaSUyMHVzZWltcGlhJTIwa2VtaWthYWxlamElMjB2YXN0YWFuJTIwamElMjBwYWxvbmVzdG9haW5lZWtzaS4lMjBQU1UlM0FuJTIwaGludGElMjBvbiUyMGFsaGFpc2VtcGklMjBrdWluJTIwUEVJJTIwamElMjBQRVMlMkMlMjB5bGVlbnMlQzMlQTQlMjBoaWVtYW4lMjBodW9ub21tYXQlMjBvbWluYWlzdXVkZXQu&#8221; ag_sh_img=&#8221;2431&#8243; ag_sh_tag=&#8221;h1&#8243; uc_init_settings=&#8221;&#8221;][\/vc_column][\/vc_row][vc_row content_placement=&#8221;middle&#8221; css=&#8221;.vc_custom_1659975571769{padding-top: 8rem !important;padding-bottom: 6rem !important;}&#8221;][vc_column width=&#8221;1\/2&#8243; css=&#8221;.vc_custom_1659975043893{padding-left: 1rem !important;}&#8221; el_class=&#8221;standard-padding&#8221;][ucaddon_ag_title ag_title_bold=&#8221;UFNVJTIwT21pbmFpc3V1a3NpYQ==&#8221; ag_title_font_size=&#8221;52&#8243; ag_title_align=&#8221;left&#8221; ag_titel_border=&#8221;&#8221; ag_title_tag=&#8221;h2&#8243;][vc_column_text css=&#8221;.vc_custom_1661866552515{padding-bottom: 2rem !important;}&#8221;]<\/p>\n<ul id=\"material\">\n<li>Amorphous structure with a Tg of 190 C<\/li>\n<li>Excellent hydrolysis resistance<\/li>\n<li>Good chemical resistance<\/li>\n<li>Protected from flames<\/li>\n<li>High heat resistance<\/li>\n<li>Good for microwaves<\/li>\n<\/ul>\n<p>[\/vc_column_text][vc_btn title=&#8221;Ota yhteytt\u00e4 saadaksesi lis\u00e4tietoja&#8221; style=&#8221;flat&#8221; shape=&#8221;square&#8221; link=&#8221;url:https%3A%2F%2Fmapeplastics.se%2Ffi%2Fottaa-yhteytta%2F|title:Ota%20yhteytt%C3%A4%20saadaksesi%20lis%C3%A4tietoja&#8221; el_class=&#8221;btn-primary&#8221;][vc_empty_space height=&#8221;20px&#8221;][ucaddon_ag_title ag_title_bold=&#8221;TFVWT0NPTSVDMiVBRQ==&#8221; ag_title_font_size=&#8221;52&#8243; ag_title_align=&#8221;left&#8221; ag_titel_border=&#8221;&#8221; ag_title_tag=&#8221;h2&#8243;][vc_column_text css=&#8221;.vc_custom_1680773877905{padding-bottom: 2rem !important;}&#8221;]<\/p>\n<p style=\"font-weight: 400;\">Yhteisty\u00f6kumppanimme LEHVOSS Groupin tuote, korkean suorituskyvyn LUVOCOM\u00ae tarjoaa monia k\u00e4ytt\u00f6kohteita. Tutustu tarkemmin yrityksen mittatilausty\u00f6n\u00e4 valmistettaviin materiaaleihin, joita voidaan modifioida vaativiin k\u00e4ytt\u00f6tarkoituksiin.<\/p>\n<p>[\/vc_column_text][vc_btn title=&#8221;LUVOCOM\u00ae&#8221; style=&#8221;flat&#8221; shape=&#8221;square&#8221; link=&#8221;url:https%3A%2F%2Fwww.luvocom.de%2Fen%2Fproducts%2Fluvocom-high-performance-compounds%2F|title:Discover%20LUVOCOM%C2%AE|target:_blank&#8221; el_class=&#8221;btn-primary&#8221;][\/vc_column][vc_column width=&#8221;1\/2&#8243; css=&#8221;.vc_custom_1599745364366{padding-right: 1rem !important;}&#8221;][vc_single_image image=&#8221;2519&#8243; img_size=&#8221;full&#8221;][vc_empty_space height=&#8221;20px&#8221;][vc_empty_space height=&#8221;20px&#8221;][vc_single_image image=&#8221;3373&#8243; img_size=&#8221;400&#215;100&#8243; alignment=&#8221;center&#8221;][\/vc_column][\/vc_row][vc_row css_animation=&#8221;none&#8221; css=&#8221;.vc_custom_1659976162848{padding-top: 80px !important;padding-bottom: 0px !important;background-color: #f9f9f9 !important;}&#8221;][vc_column width=&#8221;7\/12&#8243; css=&#8221;.vc_custom_1647361588512{padding-right: 2rem !important;}&#8221;][ucaddon_ag_title ag_title_slim=&#8221;TWUlMjBvc2FhbW1lJTIwbXVvdmlh&#8221; ag_title_bold=&#8221;S0VSUk9UQUFOJTIwTElTJUMzJTg0JUMzJTg0&#8243; ag_title_font_size=&#8221;40&#8243; ag_title_align=&#8221;left&#8221; ag_titel_border=&#8221;&#8221;][vc_empty_space height=&#8221;20px&#8221;][\/vc_column][vc_column width=&#8221;5\/12&#8243;][vc_empty_space height=&#8221;20px&#8221;][vc_tta_accordion accordion_layout=&#8221;no-border&#8221; accordion_icon=&#8221;arrow&#8221;][vc_tta_section title=&#8221;GET IN TOUCH&#8221; tab_id=&#8221;1647352964095-e408d282-5d33&#8243; el_class=&#8221;btn-accordion&#8221;]<div role=\"form\" class=\"wpcf7\" id=\"wpcf7-f1833-o1\" lang=\"sv-SE\" dir=\"ltr\">\n<div class=\"screen-reader-response\"><p role=\"status\" aria-live=\"polite\" aria-atomic=\"true\"><\/p> <ul><\/ul><\/div>\n<form action=\"\/fi\/wp-json\/wp\/v2\/pages\/3624#wpcf7-f1833-o1\" method=\"post\" class=\"wpcf7-form init\" novalidate=\"novalidate\" data-status=\"init\">\n<div style=\"display: none;\">\n<input type=\"hidden\" name=\"_wpcf7\" value=\"1833\" \/>\n<input type=\"hidden\" name=\"_wpcf7_version\" value=\"5.6.4\" \/>\n<input type=\"hidden\" name=\"_wpcf7_locale\" value=\"sv_SE\" \/>\n<input type=\"hidden\" name=\"_wpcf7_unit_tag\" value=\"wpcf7-f1833-o1\" \/>\n<input type=\"hidden\" name=\"_wpcf7_container_post\" value=\"0\" \/>\n<input type=\"hidden\" name=\"_wpcf7_posted_data_hash\" value=\"\" \/>\n<input type=\"hidden\" name=\"_wpcf7_recaptcha_response\" value=\"\" \/>\n<\/div>\n<div class=\"cf-container\">\n<div class=\"cf-col-9\"><span class=\"wpcf7-form-control-wrap\" data-name=\"your-email\"><input type=\"email\" name=\"your-email\" value=\"\" size=\"40\" class=\"wpcf7-form-control wpcf7-text wpcf7-email wpcf7-validates-as-required wpcf7-validates-as-email\" aria-required=\"true\" aria-invalid=\"false\" placeholder=\"Fill in your mail and we\u2019ll get in touch\" \/><\/span><\/div>\n<div class=\"cf-col-3\"><input type=\"submit\" value=\"Send\" class=\"wpcf7-form-control has-spinner wpcf7-submit\" \/><\/div>\n<\/div>\n<div class=\"wpcf7-response-output\" aria-hidden=\"true\"><\/div><\/form><\/div>[\/vc_tta_section][\/vc_tta_accordion][\/vc_column][\/vc_row][vc_row css=&#8221;.vc_custom_1659975238674{padding-top: 60px !important;padding-bottom: 60px !important;background-color: #f9f9f9 !important;}&#8221;][vc_column css_animation=&#8221;fadeIn&#8221; el_class=&#8221;cta-col&#8221; css=&#8221;.vc_custom_1659975230349{padding-top: 60px !important;padding-bottom: 60px !important;background-color: #ffffff !important;}&#8221;][ucaddon_ag_title ag_title_bold=&#8221;VFVUVVNUVSUyMExJUyVDMyU4NCVDMyU4NCUyME1BVEVSSUFBTEVJU0lNRQ==&#8221; ag_title_align=&#8221;center&#8221; ag_titel_border=&#8221;&#8221; ag_title_tag=&#8221;h2&#8243;][vc_column_text el_class=&#8221;citat-last&#8221;]<\/p>\n<p style=\"text-align: center;\">Muoviteollisuudessa on paljon erilaisia materiaaleja. Tutustu lis\u00e4\u00e4 materiaaleihin, joilla ty\u00f6skentelemme ja tarjoamme varmistaaksemme asiakkaillemme aina korkean laadun.<\/p>\n<p>[\/vc_column_text][vc_empty_space height=&#8221;40px&#8221;][vc_btn title=&#8221;Materiaalimme&#8221; style=&#8221;flat&#8221; shape=&#8221;square&#8221; align=&#8221;center&#8221; link=&#8221;url:https%3A%2F%2Fmapeplastics.se%2Ffi%2Fmateriaalit%2F|title:Materiaalimme&#8221; el_class=&#8221;btn-primary&#8221;][\/vc_column][\/vc_row]<\/p>\n<\/section>","protected":false},"excerpt":{"rendered":"<p>[vc_row fullwidth=&#8221;1&#8243;][vc_column][ucaddon_ag_sub_hero ag_sh_text_small=&#8221;Our materials&#8221; ag_sh_text=&#8221;Polysulfone (PSU)&#8221; ag_sub_hero_par=&#8221;UG9seXN1bGZvbmklMjAlMjhQU1UlMjklMjBvbiUyMGFtb3JmaW5lbiUyQyUyMGFyb21hYXR0aW5lbiUyMGtvcmtlYW4lMjBsJUMzJUE0bXAlQzMlQjZ0aWxhbiUyMG11b3ZpLiUyMFBFSSUzQW4lMkMlMjBQRVMlM0FuJTIwamElMjBQU1UlM0FuJTIwdGF2b2luJTIwc2UlMjBvbiUyMGx1b25uZWhkaXR0dSUyMHJpc3Rpbmtlc3QlQzMlQTR2JUMzJUE0a3NpJTJDJTIwa2VtaWthYWxpZW4lMjBrZXN0JUMzJUE0diVDMyVBNGtzaSUyMHVzZWltcGlhJTIwa2VtaWthYWxlamElMjB2YXN0YWFuJTIwamElMjBwYWxvbmVzdG9haW5lZWtzaS4lMjBQU1UlM0FuJTIwaGludGElMjBvbiUyMGFsaGFpc2VtcGklMjBrdWluJTIwUEVJJTIwamElMjBQRVMlMkMlMjB5bGVlbnMlQzMlQTQlMjBoaWVtYW4lMjBodW9ub21tYXQlMjBvbWluYWlzdXVkZXQu&#8221; ag_sh_img=&#8221;2431&#8243; ag_sh_tag=&#8221;h1&#8243; uc_init_settings=&#8221;&#8221;][\/vc_column][\/vc_row][vc_row content_placement=&#8221;middle&#8221; css=&#8221;.vc_custom_1659975571769{padding-top: 8rem !important;padding-bottom: 6rem !important;}&#8221;][vc_column width=&#8221;1\/2&#8243; css=&#8221;.vc_custom_1659975043893{padding-left: 1rem !important;}&#8221; el_class=&#8221;standard-padding&#8221;][ucaddon_ag_title ag_title_bold=&#8221;UFNVJTIwT21pbmFpc3V1a3NpYQ==&#8221; ag_title_font_size=&#8221;52&#8243; ag_title_align=&#8221;left&#8221; ag_titel_border=&#8221;&#8221; ag_title_tag=&#8221;h2&#8243;][vc_column_text css=&#8221;.vc_custom_1661866552515{padding-bottom: 2rem !important;}&#8221;] Amorphous structure with a Tg of 190 C Excellent hydrolysis resistance Good chemical resistance Protected from flames High heat resistance Good for microwaves [\/vc_column_text][vc_btn title=&#8221;Ota yhteytt\u00e4 [&hellip;]<\/p>\n","protected":false},"author":29,"featured_media":0,"parent":819,"menu_order":0,"comment_status":"closed","ping_status":"closed","template":"page-visual-composer.php","meta":{"_mi_skip_tracking":false},"acf":[],"yoast_head":"<!-- This site is optimized with the Yoast SEO plugin v20.7 - https:\/\/yoast.com\/wordpress\/plugins\/seo\/ -->\n<title>Polysulfone (PSU) - Mape Plastics<\/title>\n<meta name=\"robots\" content=\"index, follow, max-snippet:-1, max-image-preview:large, max-video-preview:-1\" \/>\n<link rel=\"canonical\" href=\"https:\/\/mapeplastics.se\/fi\/materiaalit\/polysulfone-psu\/\" \/>\n<meta property=\"og:locale\" content=\"fi_FI\" \/>\n<meta property=\"og:type\" content=\"article\" \/>\n<meta property=\"og:title\" content=\"Polysulfone (PSU) - Mape Plastics\" \/>\n<meta property=\"og:description\" content=\"[vc_row fullwidth=&#8221;1&#8243;][vc_column][ucaddon_ag_sub_hero ag_sh_text_small=&#8221;Our materials&#8221; ag_sh_text=&#8221;Polysulfone (PSU)&#8221; ag_sub_hero_par=&#8221;UG9seXN1bGZvbmklMjAlMjhQU1UlMjklMjBvbiUyMGFtb3JmaW5lbiUyQyUyMGFyb21hYXR0aW5lbiUyMGtvcmtlYW4lMjBsJUMzJUE0bXAlQzMlQjZ0aWxhbiUyMG11b3ZpLiUyMFBFSSUzQW4lMkMlMjBQRVMlM0FuJTIwamElMjBQU1UlM0FuJTIwdGF2b2luJTIwc2UlMjBvbiUyMGx1b25uZWhkaXR0dSUyMHJpc3Rpbmtlc3QlQzMlQTR2JUMzJUE0a3NpJTJDJTIwa2VtaWthYWxpZW4lMjBrZXN0JUMzJUE0diVDMyVBNGtzaSUyMHVzZWltcGlhJTIwa2VtaWthYWxlamElMjB2YXN0YWFuJTIwamElMjBwYWxvbmVzdG9haW5lZWtzaS4lMjBQU1UlM0FuJTIwaGludGElMjBvbiUyMGFsaGFpc2VtcGklMjBrdWluJTIwUEVJJTIwamElMjBQRVMlMkMlMjB5bGVlbnMlQzMlQTQlMjBoaWVtYW4lMjBodW9ub21tYXQlMjBvbWluYWlzdXVkZXQu&#8221; ag_sh_img=&#8221;2431&#8243; ag_sh_tag=&#8221;h1&#8243; uc_init_settings=&#8221;&#8221;][\/vc_column][\/vc_row][vc_row content_placement=&#8221;middle&#8221; css=&#8221;.vc_custom_1659975571769{padding-top: 8rem !important;padding-bottom: 6rem !important;}&#8221;][vc_column width=&#8221;1\/2&#8243; css=&#8221;.vc_custom_1659975043893{padding-left: 1rem !important;}&#8221; el_class=&#8221;standard-padding&#8221;][ucaddon_ag_title ag_title_bold=&#8221;UFNVJTIwT21pbmFpc3V1a3NpYQ==&#8221; ag_title_font_size=&#8221;52&#8243; ag_title_align=&#8221;left&#8221; ag_titel_border=&#8221;&#8221; ag_title_tag=&#8221;h2&#8243;][vc_column_text css=&#8221;.vc_custom_1661866552515{padding-bottom: 2rem !important;}&#8221;] Amorphous structure with a Tg of 190 C Excellent hydrolysis resistance Good chemical resistance Protected from flames High heat resistance Good for microwaves [\/vc_column_text][vc_btn title=&#8221;Ota yhteytt\u00e4 [&hellip;]\" \/>\n<meta property=\"og:url\" content=\"https:\/\/mapeplastics.se\/fi\/materiaalit\/polysulfone-psu\/\" \/>\n<meta property=\"og:site_name\" content=\"Mape Plastics\" \/>\n<meta property=\"article:modified_time\" content=\"2023-04-06T09:38:37+00:00\" \/>\n<meta name=\"twitter:card\" content=\"summary_large_image\" \/>\n<meta name=\"twitter:label1\" content=\"Arvioitu lukuaika\" \/>\n\t<meta name=\"twitter:data1\" content=\"1 minuutti\" \/>\n<script type=\"application\/ld+json\" class=\"yoast-schema-graph\">{\"@context\":\"https:\/\/schema.org\",\"@graph\":[{\"@type\":\"WebPage\",\"@id\":\"https:\/\/mapeplastics.se\/fi\/materiaalit\/polysulfone-psu\/\",\"url\":\"https:\/\/mapeplastics.se\/fi\/materiaalit\/polysulfone-psu\/\",\"name\":\"Polysulfone (PSU) - Mape Plastics\",\"isPartOf\":{\"@id\":\"https:\/\/mapeplastics.se\/fi\/#website\"},\"datePublished\":\"2023-03-05T18:32:13+00:00\",\"dateModified\":\"2023-04-06T09:38:37+00:00\",\"breadcrumb\":{\"@id\":\"https:\/\/mapeplastics.se\/fi\/materiaalit\/polysulfone-psu\/#breadcrumb\"},\"inLanguage\":\"fi\",\"potentialAction\":[{\"@type\":\"ReadAction\",\"target\":[\"https:\/\/mapeplastics.se\/fi\/materiaalit\/polysulfone-psu\/\"]}]},{\"@type\":\"BreadcrumbList\",\"@id\":\"https:\/\/mapeplastics.se\/fi\/materiaalit\/polysulfone-psu\/#breadcrumb\",\"itemListElement\":[{\"@type\":\"ListItem\",\"position\":1,\"name\":\"Hem\",\"item\":\"https:\/\/mapeplastics.se\/fi\/\"},{\"@type\":\"ListItem\",\"position\":2,\"name\":\"Tuotteet\",\"item\":\"https:\/\/mapeplastics.se\/fi\/materiaalit\/\"},{\"@type\":\"ListItem\",\"position\":3,\"name\":\"Polysulfone (PSU)\"}]},{\"@type\":\"WebSite\",\"@id\":\"https:\/\/mapeplastics.se\/fi\/#website\",\"url\":\"https:\/\/mapeplastics.se\/fi\/\",\"name\":\"Mape Plastics\",\"description\":\"\",\"potentialAction\":[{\"@type\":\"SearchAction\",\"target\":{\"@type\":\"EntryPoint\",\"urlTemplate\":\"https:\/\/mapeplastics.se\/fi\/?s={search_term_string}\"},\"query-input\":\"required name=search_term_string\"}],\"inLanguage\":\"fi\"}]}<\/script>\n<!-- \/ Yoast SEO plugin. -->","yoast_head_json":{"title":"Polysulfone (PSU) - Mape Plastics","robots":{"index":"index","follow":"follow","max-snippet":"max-snippet:-1","max-image-preview":"max-image-preview:large","max-video-preview":"max-video-preview:-1"},"canonical":"https:\/\/mapeplastics.se\/fi\/materiaalit\/polysulfone-psu\/","og_locale":"fi_FI","og_type":"article","og_title":"Polysulfone (PSU) - Mape Plastics","og_description":"[vc_row fullwidth=&#8221;1&#8243;][vc_column][ucaddon_ag_sub_hero ag_sh_text_small=&#8221;Our materials&#8221; ag_sh_text=&#8221;Polysulfone (PSU)&#8221; ag_sub_hero_par=&#8221;UG9seXN1bGZvbmklMjAlMjhQU1UlMjklMjBvbiUyMGFtb3JmaW5lbiUyQyUyMGFyb21hYXR0aW5lbiUyMGtvcmtlYW4lMjBsJUMzJUE0bXAlQzMlQjZ0aWxhbiUyMG11b3ZpLiUyMFBFSSUzQW4lMkMlMjBQRVMlM0FuJTIwamElMjBQU1UlM0FuJTIwdGF2b2luJTIwc2UlMjBvbiUyMGx1b25uZWhkaXR0dSUyMHJpc3Rpbmtlc3QlQzMlQTR2JUMzJUE0a3NpJTJDJTIwa2VtaWthYWxpZW4lMjBrZXN0JUMzJUE0diVDMyVBNGtzaSUyMHVzZWltcGlhJTIwa2VtaWthYWxlamElMjB2YXN0YWFuJTIwamElMjBwYWxvbmVzdG9haW5lZWtzaS4lMjBQU1UlM0FuJTIwaGludGElMjBvbiUyMGFsaGFpc2VtcGklMjBrdWluJTIwUEVJJTIwamElMjBQRVMlMkMlMjB5bGVlbnMlQzMlQTQlMjBoaWVtYW4lMjBodW9ub21tYXQlMjBvbWluYWlzdXVkZXQu&#8221; ag_sh_img=&#8221;2431&#8243; ag_sh_tag=&#8221;h1&#8243; uc_init_settings=&#8221;&#8221;][\/vc_column][\/vc_row][vc_row content_placement=&#8221;middle&#8221; css=&#8221;.vc_custom_1659975571769{padding-top: 8rem !important;padding-bottom: 6rem !important;}&#8221;][vc_column width=&#8221;1\/2&#8243; css=&#8221;.vc_custom_1659975043893{padding-left: 1rem !important;}&#8221; el_class=&#8221;standard-padding&#8221;][ucaddon_ag_title ag_title_bold=&#8221;UFNVJTIwT21pbmFpc3V1a3NpYQ==&#8221; ag_title_font_size=&#8221;52&#8243; ag_title_align=&#8221;left&#8221; ag_titel_border=&#8221;&#8221; ag_title_tag=&#8221;h2&#8243;][vc_column_text css=&#8221;.vc_custom_1661866552515{padding-bottom: 2rem !important;}&#8221;] Amorphous structure with a Tg of 190 C Excellent hydrolysis resistance Good chemical resistance Protected from flames High heat resistance Good for microwaves [\/vc_column_text][vc_btn title=&#8221;Ota yhteytt\u00e4 [&hellip;]","og_url":"https:\/\/mapeplastics.se\/fi\/materiaalit\/polysulfone-psu\/","og_site_name":"Mape Plastics","article_modified_time":"2023-04-06T09:38:37+00:00","twitter_card":"summary_large_image","twitter_misc":{"Arvioitu lukuaika":"1 minuutti"},"schema":{"@context":"https:\/\/schema.org","@graph":[{"@type":"WebPage","@id":"https:\/\/mapeplastics.se\/fi\/materiaalit\/polysulfone-psu\/","url":"https:\/\/mapeplastics.se\/fi\/materiaalit\/polysulfone-psu\/","name":"Polysulfone (PSU) - Mape Plastics","isPartOf":{"@id":"https:\/\/mapeplastics.se\/fi\/#website"},"datePublished":"2023-03-05T18:32:13+00:00","dateModified":"2023-04-06T09:38:37+00:00","breadcrumb":{"@id":"https:\/\/mapeplastics.se\/fi\/materiaalit\/polysulfone-psu\/#breadcrumb"},"inLanguage":"fi","potentialAction":[{"@type":"ReadAction","target":["https:\/\/mapeplastics.se\/fi\/materiaalit\/polysulfone-psu\/"]}]},{"@type":"BreadcrumbList","@id":"https:\/\/mapeplastics.se\/fi\/materiaalit\/polysulfone-psu\/#breadcrumb","itemListElement":[{"@type":"ListItem","position":1,"name":"Hem","item":"https:\/\/mapeplastics.se\/fi\/"},{"@type":"ListItem","position":2,"name":"Tuotteet","item":"https:\/\/mapeplastics.se\/fi\/materiaalit\/"},{"@type":"ListItem","position":3,"name":"Polysulfone (PSU)"}]},{"@type":"WebSite","@id":"https:\/\/mapeplastics.se\/fi\/#website","url":"https:\/\/mapeplastics.se\/fi\/","name":"Mape Plastics","description":"","potentialAction":[{"@type":"SearchAction","target":{"@type":"EntryPoint","urlTemplate":"https:\/\/mapeplastics.se\/fi\/?s={search_term_string}"},"query-input":"required name=search_term_string"}],"inLanguage":"fi"}]}},"_links":{"self":[{"href":"https:\/\/mapeplastics.se\/fi\/wp-json\/wp\/v2\/pages\/3624"}],"collection":[{"href":"https:\/\/mapeplastics.se\/fi\/wp-json\/wp\/v2\/pages"}],"about":[{"href":"https:\/\/mapeplastics.se\/fi\/wp-json\/wp\/v2\/types\/page"}],"author":[{"embeddable":true,"href":"https:\/\/mapeplastics.se\/fi\/wp-json\/wp\/v2\/users\/29"}],"replies":[{"embeddable":true,"href":"https:\/\/mapeplastics.se\/fi\/wp-json\/wp\/v2\/comments?post=3624"}],"version-history":[{"count":4,"href":"https:\/\/mapeplastics.se\/fi\/wp-json\/wp\/v2\/pages\/3624\/revisions"}],"predecessor-version":[{"id":4086,"href":"https:\/\/mapeplastics.se\/fi\/wp-json\/wp\/v2\/pages\/3624\/revisions\/4086"}],"up":[{"embeddable":true,"href":"https:\/\/mapeplastics.se\/fi\/wp-json\/wp\/v2\/pages\/819"}],"wp:attachment":[{"href":"https:\/\/mapeplastics.se\/fi\/wp-json\/wp\/v2\/media?parent=3624"}],"curies":[{"name":"wp","href":"https:\/\/api.w.org\/{rel}","templated":true}]}}