{"id":4164,"date":"2023-04-19T10:05:38","date_gmt":"2023-04-19T08:05:38","guid":{"rendered":"https:\/\/mapeplastics.se\/materiaalit\/pvdf\/"},"modified":"2025-10-17T09:38:14","modified_gmt":"2025-10-17T07:38:14","slug":"pvdf","status":"publish","type":"page","link":"https:\/\/mapeplastics.se\/fi\/materiaalit\/pvdf\/","title":{"rendered":"PVDF"},"content":{"rendered":"<section class=\"wpb-content-wrapper\"><p>[vc_row fullwidth=&#8221;1&#8243;][vc_column][ucaddon_ag_sub_hero ag_sh_text_small=&#8221;MATERIAALIMME&#8221; ag_sh_text=&#8221;PVDF&#8221; ag_sub_hero_par=&#8221;UFZERiUyMG9uJTIwZXJpdHlpbmVuJTIwdGVybW9wbGFzdGluZW4lMjBmbHVvcmlwb2x5bWVlcmklMkMlMjBqb2xsYSUyMG9uJTIwZXJpdHQlQzMlQTRpbiUyMGh5diVDMyVBNCUyMGtlc3QlQzMlQTR2eXlzJTIwbCVDMyVBNGhlcyUyMGthaWtraWElMjBrZW1pa2FhbGVqYSUyMHZhc3RhYW4uJTIwU2UlMjBvbiUyMGh5JUMzJUI2ZHlsbGluZW4lMjBtb25pc3NhJTIwc292ZWxsdWtzaXNzYSUyMGxhYWphbiUyMGwlQzMlQTRtcCVDMyVCNnRpbGEtYWx1ZWVuJTIwamElMjBoeXZpZW4lMjBsdWp1dXNvbWluYWlzdXVrc2llbnNhJTIwYW5zaW9zdGEuJTIwUG9seXZpbnl5bGlkaWZsdW9yaWRpJTIwJTI4UFZERiUyOSUyMG9uJTIwaW5lcnR0aSUyMG1hdGVyaWFhbGklMkMlMjBqb2thJTIwZWklMjB2YXBhdXRhJTIwYWluZWl0YSUyMGslQzMlQTR5dCVDMyVCNm4lMjBhaWthbmElMkMlMjBtaWslQzMlQTQlMjB0ZWtlZSUyMHNpaXQlQzMlQTQlMjBlcml0dCVDMyVBNGluJTIwc29waXZhbiUyMGVsaW50YXJ2aWtlLSUyMGphJTIwbCVDMyVBNCVDMyVBNGtlYWxhbiUyMHNvdmVsbHVrc2lpbi4lMjBQVkRGJTNBJUMzJUE0JUMzJUE0JTIwayVDMyVBNHl0ZXQlQzMlQTQlQzMlQTRuJTIwdXNlaW4lMjBhZ2dyZXNzaWl2aXN0ZW4lMjBrZW1pa2FhbGllbiUyMHBpdGslQzMlQTRhaWthaXNlc3NhJTIwayVDMyVBNHNpdHRlbHlzcyVDMyVBNCUyMGphJTIwdmFyYXN0b2lubmlzc2Eu&#8221; ag_sh_img=&#8221;2353&#8243; ag_sh_tag=&#8221;h1&#8243;][\/vc_column][\/vc_row][vc_row content_placement=&#8221;middle&#8221; css=&#8221;.vc_custom_1659975571769{padding-top: 8rem !important;padding-bottom: 6rem !important;}&#8221;][vc_column width=&#8221;1\/2&#8243; css=&#8221;.vc_custom_1659975043893{padding-left: 1rem !important;}&#8221; el_class=&#8221;standard-padding&#8221;][ucaddon_ag_title ag_title_bold=&#8221;UFZERiUyME9NSU5BSVNVVUtTSUE=&#8221; ag_title_font_size=&#8221;52&#8243; ag_title_align=&#8221;left&#8221; ag_titel_border=&#8221;&#8221; ag_title_tag=&#8221;h2&#8243;][vc_column_text css=&#8221;.vc_custom_1681984189270{padding-bottom: 2rem !important;}&#8221;]<\/p>\n<ul id=\"material\">\n<li>Korkean l\u00e4mp\u00f6tilan kest\u00e4vyys<\/li>\n<li>Eritt\u00e4in hyv\u00e4 kemikaalinkest\u00e4vyys (jopa korkeissa l\u00e4mp\u00f6tiloissa)<\/li>\n<li>Hyv\u00e4t s\u00e4hk\u00f6ominaisuudet<\/li>\n<li>L\u00e4hes ei kosteuden imeytymist\u00e4<\/li>\n<li>Luonnollisesti palonestoaine<\/li>\n<li>Erinomaiset ik\u00e4\u00e4ntymisominaisuudet<\/li>\n<li>Matala kitkakerroin<\/li>\n<li>Erinomainen hitsattavuus<\/li>\n<\/ul>\n<p>[\/vc_column_text][vc_btn title=&#8221;OTA YHTEYTT\u00c4 SAADAKSESI LIS\u00c4TIETOJA&#8221; style=&#8221;flat&#8221; shape=&#8221;square&#8221; link=&#8221;url:https%3A%2F%2Fmapeplastics.se%2Ffi%2Fottaa-yhteytta%2F|title:OTA%20YHTEYTT%C3%84%20SAADAKSESI%20LIS%C3%84TIETOJA&#8221; el_class=&#8221;btn-primary&#8221;][vc_empty_space height=&#8221;20px&#8221;][ucaddon_ag_title ag_title_bold=&#8221;QW1ib2Zsb24lQzIlQUU=&#8221; ag_title_font_size=&#8221;52&#8243; ag_title_align=&#8221;left&#8221; ag_titel_border=&#8221;&#8221; ag_title_tag=&#8221;h2&#8243; uc_init_settings=&#8221;&#8221;][vc_column_text css=&#8221;.vc_custom_1760686630934{padding-bottom: 2rem !important;}&#8221;]<\/p>\n<p data-start=\"1656\" data-end=\"1872\">Saksalainen toimittaja Ambofluor tarjoaa amboflon\u00ae-br\u00e4ndin alla laajan valikoiman neitseellisi\u00e4 ja kierr\u00e4tettyj\u00e4 fluoripolymeerej\u00e4, jotka valmistetaan Saksassa ja ovat t\u00e4ysin REACH-vaatimusten mukaisia.<\/p>\n<p data-start=\"1874\" data-end=\"2192\">N\u00e4m\u00e4 korkean suorituskyvyn materiaalit on suunniteltu vaativiin olosuhteisiin, joissa esiintyy korkeita l\u00e4mp\u00f6tiloja, kemiallista rasitusta ja UV-s\u00e4teily\u00e4. Niiden tarttumattomat ominaisuudet, alhainen l\u00e4p\u00e4isevyys ja palonkest\u00e4vyys tekev\u00e4t amboflon\u00ae-materiaaleista luotettavan valinnan moniin eri k\u00e4ytt\u00f6kohteisiin.<\/p>\n<p>[\/vc_column_text][vc_btn title=&#8221;Amboflon\u00ae&#8221; style=&#8221;flat&#8221; shape=&#8221;square&#8221; link=&#8221;url:https%3A%2F%2Fwww.ambofluor.de%2Fprodukte%2Fpvdf%2F|title:Amboflon|target:_blank&#8221; el_class=&#8221;btn-primary&#8221;][\/vc_column][vc_column width=&#8221;1\/2&#8243; css=&#8221;.vc_custom_1599745364366{padding-right: 1rem !important;}&#8221;][vc_single_image image=&#8221;4124&#8243; img_size=&#8221;full&#8221;][vc_empty_space height=&#8221;20px&#8221;][vc_single_image image=&#8221;8770&#8243; img_size=&#8221;large&#8221; alignment=&#8221;center&#8221;][\/vc_column][\/vc_row][vc_row css_animation=&#8221;none&#8221; css=&#8221;.vc_custom_1659976162848{padding-top: 80px !important;padding-bottom: 0px !important;background-color: #f9f9f9 !important;}&#8221;][vc_column width=&#8221;7\/12&#8243; css=&#8221;.vc_custom_1647361588512{padding-right: 2rem !important;}&#8221;][ucaddon_ag_title ag_title_slim=&#8221;TUUlMjBPU0FBTU1FJTIwTVVPVklB&#8221; ag_title_bold=&#8221;S0VSUk9UQUFOJTIwTElTJUMzJTg0JUMzJTg0&#8243; ag_title_font_size=&#8221;40&#8243; ag_title_align=&#8221;left&#8221; ag_titel_border=&#8221;&#8221;][vc_empty_space height=&#8221;20px&#8221;][\/vc_column][vc_column width=&#8221;5\/12&#8243;][vc_empty_space height=&#8221;20px&#8221;][vc_tta_accordion accordion_layout=&#8221;no-border&#8221; accordion_icon=&#8221;arrow&#8221;][vc_tta_section title=&#8221;GET IN TOUCH&#8221; tab_id=&#8221;1647352964095-e408d282-5d33&#8243; el_class=&#8221;btn-accordion&#8221;]<div role=\"form\" class=\"wpcf7\" id=\"wpcf7-f1833-o1\" lang=\"sv-SE\" dir=\"ltr\">\n<div class=\"screen-reader-response\"><p role=\"status\" aria-live=\"polite\" aria-atomic=\"true\"><\/p> <ul><\/ul><\/div>\n<form action=\"\/fi\/wp-json\/wp\/v2\/pages\/4164#wpcf7-f1833-o1\" method=\"post\" class=\"wpcf7-form init\" novalidate=\"novalidate\" data-status=\"init\">\n<div style=\"display: none;\">\n<input type=\"hidden\" name=\"_wpcf7\" value=\"1833\" \/>\n<input type=\"hidden\" name=\"_wpcf7_version\" value=\"5.6.4\" \/>\n<input type=\"hidden\" name=\"_wpcf7_locale\" value=\"sv_SE\" \/>\n<input type=\"hidden\" name=\"_wpcf7_unit_tag\" value=\"wpcf7-f1833-o1\" \/>\n<input type=\"hidden\" name=\"_wpcf7_container_post\" value=\"0\" \/>\n<input type=\"hidden\" name=\"_wpcf7_posted_data_hash\" value=\"\" \/>\n<input type=\"hidden\" name=\"_wpcf7_recaptcha_response\" value=\"\" \/>\n<\/div>\n<div class=\"cf-container\">\n<div class=\"cf-col-9\"><span class=\"wpcf7-form-control-wrap\" data-name=\"your-email\"><input type=\"email\" name=\"your-email\" value=\"\" size=\"40\" class=\"wpcf7-form-control wpcf7-text wpcf7-email wpcf7-validates-as-required wpcf7-validates-as-email\" aria-required=\"true\" aria-invalid=\"false\" placeholder=\"Fill in your mail and we\u2019ll get in touch\" \/><\/span><\/div>\n<div class=\"cf-col-3\"><input type=\"submit\" value=\"Send\" class=\"wpcf7-form-control has-spinner wpcf7-submit\" \/><\/div>\n<\/div>\n<div class=\"wpcf7-response-output\" aria-hidden=\"true\"><\/div><\/form><\/div>[\/vc_tta_section][\/vc_tta_accordion][\/vc_column][\/vc_row][vc_row css=&#8221;.vc_custom_1659975238674{padding-top: 60px !important;padding-bottom: 60px !important;background-color: #f9f9f9 !important;}&#8221;][vc_column css_animation=&#8221;fadeIn&#8221; el_class=&#8221;cta-col&#8221; css=&#8221;.vc_custom_1659975230349{padding-top: 60px !important;padding-bottom: 60px !important;background-color: #ffffff !important;}&#8221;][ucaddon_ag_title ag_title_bold=&#8221;VFVUVVNUVSUyMExJUyVDMyU4NCVDMyU4NCUyME1BVEVSSUFBTEVJU0lNRQ==&#8221; ag_title_align=&#8221;center&#8221; ag_titel_border=&#8221;&#8221; ag_title_tag=&#8221;h2&#8243;][vc_column_text el_class=&#8221;citat-last&#8221;]Muoviteollisuudessa on paljon erilaisia materiaaleja. Tutustu lis\u00e4\u00e4 materiaaleihin, joilla ty\u00f6skentelemme ja tarjoamme varmistaaksemme asiakkaillemme aina korkean laadun.[\/vc_column_text][vc_empty_space height=&#8221;40px&#8221;][vc_btn title=&#8221;MATERIAALIMME&#8221; style=&#8221;flat&#8221; shape=&#8221;square&#8221; align=&#8221;center&#8221; link=&#8221;url:https%3A%2F%2Fmapeplastics.se%2Ffi%2Fmateriaalit%2F|title:MATERIAALIMME&#8221; el_class=&#8221;btn-primary&#8221;][\/vc_column][\/vc_row]<\/p>\n<\/section>","protected":false},"excerpt":{"rendered":"<p>[vc_row fullwidth=&#8221;1&#8243;][vc_column][ucaddon_ag_sub_hero ag_sh_text_small=&#8221;MATERIAALIMME&#8221; ag_sh_text=&#8221;PVDF&#8221; ag_sub_hero_par=&#8221;UFZERiUyMG9uJTIwZXJpdHlpbmVuJTIwdGVybW9wbGFzdGluZW4lMjBmbHVvcmlwb2x5bWVlcmklMkMlMjBqb2xsYSUyMG9uJTIwZXJpdHQlQzMlQTRpbiUyMGh5diVDMyVBNCUyMGtlc3QlQzMlQTR2eXlzJTIwbCVDMyVBNGhlcyUyMGthaWtraWElMjBrZW1pa2FhbGVqYSUyMHZhc3RhYW4uJTIwU2UlMjBvbiUyMGh5JUMzJUI2ZHlsbGluZW4lMjBtb25pc3NhJTIwc292ZWxsdWtzaXNzYSUyMGxhYWphbiUyMGwlQzMlQTRtcCVDMyVCNnRpbGEtYWx1ZWVuJTIwamElMjBoeXZpZW4lMjBsdWp1dXNvbWluYWlzdXVrc2llbnNhJTIwYW5zaW9zdGEuJTIwUG9seXZpbnl5bGlkaWZsdW9yaWRpJTIwJTI4UFZERiUyOSUyMG9uJTIwaW5lcnR0aSUyMG1hdGVyaWFhbGklMkMlMjBqb2thJTIwZWklMjB2YXBhdXRhJTIwYWluZWl0YSUyMGslQzMlQTR5dCVDMyVCNm4lMjBhaWthbmElMkMlMjBtaWslQzMlQTQlMjB0ZWtlZSUyMHNpaXQlQzMlQTQlMjBlcml0dCVDMyVBNGluJTIwc29waXZhbiUyMGVsaW50YXJ2aWtlLSUyMGphJTIwbCVDMyVBNCVDMyVBNGtlYWxhbiUyMHNvdmVsbHVrc2lpbi4lMjBQVkRGJTNBJUMzJUE0JUMzJUE0JTIwayVDMyVBNHl0ZXQlQzMlQTQlQzMlQTRuJTIwdXNlaW4lMjBhZ2dyZXNzaWl2aXN0ZW4lMjBrZW1pa2FhbGllbiUyMHBpdGslQzMlQTRhaWthaXNlc3NhJTIwayVDMyVBNHNpdHRlbHlzcyVDMyVBNCUyMGphJTIwdmFyYXN0b2lubmlzc2Eu&#8221; ag_sh_img=&#8221;2353&#8243; ag_sh_tag=&#8221;h1&#8243;][\/vc_column][\/vc_row][vc_row content_placement=&#8221;middle&#8221; css=&#8221;.vc_custom_1659975571769{padding-top: 8rem !important;padding-bottom: 6rem !important;}&#8221;][vc_column width=&#8221;1\/2&#8243; css=&#8221;.vc_custom_1659975043893{padding-left: 1rem !important;}&#8221; el_class=&#8221;standard-padding&#8221;][ucaddon_ag_title ag_title_bold=&#8221;UFZERiUyME9NSU5BSVNVVUtTSUE=&#8221; ag_title_font_size=&#8221;52&#8243; ag_title_align=&#8221;left&#8221; ag_titel_border=&#8221;&#8221; ag_title_tag=&#8221;h2&#8243;][vc_column_text css=&#8221;.vc_custom_1681984189270{padding-bottom: 2rem !important;}&#8221;] Korkean l\u00e4mp\u00f6tilan kest\u00e4vyys Eritt\u00e4in hyv\u00e4 kemikaalinkest\u00e4vyys (jopa korkeissa l\u00e4mp\u00f6tiloissa) Hyv\u00e4t s\u00e4hk\u00f6ominaisuudet L\u00e4hes ei kosteuden imeytymist\u00e4 Luonnollisesti palonestoaine Erinomaiset ik\u00e4\u00e4ntymisominaisuudet Matala kitkakerroin Erinomainen hitsattavuus [\/vc_column_text][vc_btn title=&#8221;OTA YHTEYTT\u00c4 SAADAKSESI LIS\u00c4TIETOJA&#8221; style=&#8221;flat&#8221; [&hellip;]<\/p>\n","protected":false},"author":29,"featured_media":0,"parent":819,"menu_order":0,"comment_status":"closed","ping_status":"closed","template":"page-visual-composer.php","meta":{"_mi_skip_tracking":false},"acf":[],"yoast_head":"<!-- This site is optimized with the Yoast SEO plugin v20.7 - https:\/\/yoast.com\/wordpress\/plugins\/seo\/ -->\n<title>PVDF - Mape Plastics<\/title>\n<meta name=\"robots\" content=\"index, follow, max-snippet:-1, max-image-preview:large, max-video-preview:-1\" \/>\n<link rel=\"canonical\" href=\"https:\/\/mapeplastics.se\/fi\/materiaalit\/pvdf\/\" \/>\n<meta property=\"og:locale\" content=\"fi_FI\" \/>\n<meta property=\"og:type\" content=\"article\" \/>\n<meta property=\"og:title\" content=\"PVDF - Mape Plastics\" \/>\n<meta property=\"og:description\" content=\"[vc_row fullwidth=&#8221;1&#8243;][vc_column][ucaddon_ag_sub_hero ag_sh_text_small=&#8221;MATERIAALIMME&#8221; ag_sh_text=&#8221;PVDF&#8221; ag_sub_hero_par=&#8221;UFZERiUyMG9uJTIwZXJpdHlpbmVuJTIwdGVybW9wbGFzdGluZW4lMjBmbHVvcmlwb2x5bWVlcmklMkMlMjBqb2xsYSUyMG9uJTIwZXJpdHQlQzMlQTRpbiUyMGh5diVDMyVBNCUyMGtlc3QlQzMlQTR2eXlzJTIwbCVDMyVBNGhlcyUyMGthaWtraWElMjBrZW1pa2FhbGVqYSUyMHZhc3RhYW4uJTIwU2UlMjBvbiUyMGh5JUMzJUI2ZHlsbGluZW4lMjBtb25pc3NhJTIwc292ZWxsdWtzaXNzYSUyMGxhYWphbiUyMGwlQzMlQTRtcCVDMyVCNnRpbGEtYWx1ZWVuJTIwamElMjBoeXZpZW4lMjBsdWp1dXNvbWluYWlzdXVrc2llbnNhJTIwYW5zaW9zdGEuJTIwUG9seXZpbnl5bGlkaWZsdW9yaWRpJTIwJTI4UFZERiUyOSUyMG9uJTIwaW5lcnR0aSUyMG1hdGVyaWFhbGklMkMlMjBqb2thJTIwZWklMjB2YXBhdXRhJTIwYWluZWl0YSUyMGslQzMlQTR5dCVDMyVCNm4lMjBhaWthbmElMkMlMjBtaWslQzMlQTQlMjB0ZWtlZSUyMHNpaXQlQzMlQTQlMjBlcml0dCVDMyVBNGluJTIwc29waXZhbiUyMGVsaW50YXJ2aWtlLSUyMGphJTIwbCVDMyVBNCVDMyVBNGtlYWxhbiUyMHNvdmVsbHVrc2lpbi4lMjBQVkRGJTNBJUMzJUE0JUMzJUE0JTIwayVDMyVBNHl0ZXQlQzMlQTQlQzMlQTRuJTIwdXNlaW4lMjBhZ2dyZXNzaWl2aXN0ZW4lMjBrZW1pa2FhbGllbiUyMHBpdGslQzMlQTRhaWthaXNlc3NhJTIwayVDMyVBNHNpdHRlbHlzcyVDMyVBNCUyMGphJTIwdmFyYXN0b2lubmlzc2Eu&#8221; ag_sh_img=&#8221;2353&#8243; ag_sh_tag=&#8221;h1&#8243;][\/vc_column][\/vc_row][vc_row content_placement=&#8221;middle&#8221; css=&#8221;.vc_custom_1659975571769{padding-top: 8rem !important;padding-bottom: 6rem !important;}&#8221;][vc_column width=&#8221;1\/2&#8243; css=&#8221;.vc_custom_1659975043893{padding-left: 1rem !important;}&#8221; el_class=&#8221;standard-padding&#8221;][ucaddon_ag_title ag_title_bold=&#8221;UFZERiUyME9NSU5BSVNVVUtTSUE=&#8221; ag_title_font_size=&#8221;52&#8243; ag_title_align=&#8221;left&#8221; ag_titel_border=&#8221;&#8221; ag_title_tag=&#8221;h2&#8243;][vc_column_text css=&#8221;.vc_custom_1681984189270{padding-bottom: 2rem !important;}&#8221;] Korkean l\u00e4mp\u00f6tilan kest\u00e4vyys Eritt\u00e4in hyv\u00e4 kemikaalinkest\u00e4vyys (jopa korkeissa l\u00e4mp\u00f6tiloissa) Hyv\u00e4t s\u00e4hk\u00f6ominaisuudet L\u00e4hes ei kosteuden imeytymist\u00e4 Luonnollisesti palonestoaine Erinomaiset ik\u00e4\u00e4ntymisominaisuudet Matala kitkakerroin Erinomainen hitsattavuus [\/vc_column_text][vc_btn title=&#8221;OTA YHTEYTT\u00c4 SAADAKSESI LIS\u00c4TIETOJA&#8221; style=&#8221;flat&#8221; [&hellip;]\" \/>\n<meta property=\"og:url\" content=\"https:\/\/mapeplastics.se\/fi\/materiaalit\/pvdf\/\" \/>\n<meta property=\"og:site_name\" content=\"Mape Plastics\" \/>\n<meta property=\"article:modified_time\" content=\"2025-10-17T07:38:14+00:00\" \/>\n<meta name=\"twitter:card\" content=\"summary_large_image\" \/>\n<meta name=\"twitter:label1\" content=\"Arvioitu lukuaika\" \/>\n\t<meta name=\"twitter:data1\" content=\"1 minuutti\" \/>\n<script type=\"application\/ld+json\" class=\"yoast-schema-graph\">{\"@context\":\"https:\/\/schema.org\",\"@graph\":[{\"@type\":\"WebPage\",\"@id\":\"https:\/\/mapeplastics.se\/fi\/materiaalit\/pvdf\/\",\"url\":\"https:\/\/mapeplastics.se\/fi\/materiaalit\/pvdf\/\",\"name\":\"PVDF - Mape Plastics\",\"isPartOf\":{\"@id\":\"https:\/\/mapeplastics.se\/fi\/#website\"},\"datePublished\":\"2023-04-19T08:05:38+00:00\",\"dateModified\":\"2025-10-17T07:38:14+00:00\",\"breadcrumb\":{\"@id\":\"https:\/\/mapeplastics.se\/fi\/materiaalit\/pvdf\/#breadcrumb\"},\"inLanguage\":\"fi\",\"potentialAction\":[{\"@type\":\"ReadAction\",\"target\":[\"https:\/\/mapeplastics.se\/fi\/materiaalit\/pvdf\/\"]}]},{\"@type\":\"BreadcrumbList\",\"@id\":\"https:\/\/mapeplastics.se\/fi\/materiaalit\/pvdf\/#breadcrumb\",\"itemListElement\":[{\"@type\":\"ListItem\",\"position\":1,\"name\":\"Hem\",\"item\":\"https:\/\/mapeplastics.se\/fi\/\"},{\"@type\":\"ListItem\",\"position\":2,\"name\":\"Tuotteet\",\"item\":\"https:\/\/mapeplastics.se\/fi\/materiaalit\/\"},{\"@type\":\"ListItem\",\"position\":3,\"name\":\"PVDF\"}]},{\"@type\":\"WebSite\",\"@id\":\"https:\/\/mapeplastics.se\/fi\/#website\",\"url\":\"https:\/\/mapeplastics.se\/fi\/\",\"name\":\"Mape Plastics\",\"description\":\"\",\"potentialAction\":[{\"@type\":\"SearchAction\",\"target\":{\"@type\":\"EntryPoint\",\"urlTemplate\":\"https:\/\/mapeplastics.se\/fi\/?s={search_term_string}\"},\"query-input\":\"required name=search_term_string\"}],\"inLanguage\":\"fi\"}]}<\/script>\n<!-- \/ Yoast SEO plugin. -->","yoast_head_json":{"title":"PVDF - Mape Plastics","robots":{"index":"index","follow":"follow","max-snippet":"max-snippet:-1","max-image-preview":"max-image-preview:large","max-video-preview":"max-video-preview:-1"},"canonical":"https:\/\/mapeplastics.se\/fi\/materiaalit\/pvdf\/","og_locale":"fi_FI","og_type":"article","og_title":"PVDF - Mape Plastics","og_description":"[vc_row fullwidth=&#8221;1&#8243;][vc_column][ucaddon_ag_sub_hero ag_sh_text_small=&#8221;MATERIAALIMME&#8221; ag_sh_text=&#8221;PVDF&#8221; ag_sub_hero_par=&#8221;UFZERiUyMG9uJTIwZXJpdHlpbmVuJTIwdGVybW9wbGFzdGluZW4lMjBmbHVvcmlwb2x5bWVlcmklMkMlMjBqb2xsYSUyMG9uJTIwZXJpdHQlQzMlQTRpbiUyMGh5diVDMyVBNCUyMGtlc3QlQzMlQTR2eXlzJTIwbCVDMyVBNGhlcyUyMGthaWtraWElMjBrZW1pa2FhbGVqYSUyMHZhc3RhYW4uJTIwU2UlMjBvbiUyMGh5JUMzJUI2ZHlsbGluZW4lMjBtb25pc3NhJTIwc292ZWxsdWtzaXNzYSUyMGxhYWphbiUyMGwlQzMlQTRtcCVDMyVCNnRpbGEtYWx1ZWVuJTIwamElMjBoeXZpZW4lMjBsdWp1dXNvbWluYWlzdXVrc2llbnNhJTIwYW5zaW9zdGEuJTIwUG9seXZpbnl5bGlkaWZsdW9yaWRpJTIwJTI4UFZERiUyOSUyMG9uJTIwaW5lcnR0aSUyMG1hdGVyaWFhbGklMkMlMjBqb2thJTIwZWklMjB2YXBhdXRhJTIwYWluZWl0YSUyMGslQzMlQTR5dCVDMyVCNm4lMjBhaWthbmElMkMlMjBtaWslQzMlQTQlMjB0ZWtlZSUyMHNpaXQlQzMlQTQlMjBlcml0dCVDMyVBNGluJTIwc29waXZhbiUyMGVsaW50YXJ2aWtlLSUyMGphJTIwbCVDMyVBNCVDMyVBNGtlYWxhbiUyMHNvdmVsbHVrc2lpbi4lMjBQVkRGJTNBJUMzJUE0JUMzJUE0JTIwayVDMyVBNHl0ZXQlQzMlQTQlQzMlQTRuJTIwdXNlaW4lMjBhZ2dyZXNzaWl2aXN0ZW4lMjBrZW1pa2FhbGllbiUyMHBpdGslQzMlQTRhaWthaXNlc3NhJTIwayVDMyVBNHNpdHRlbHlzcyVDMyVBNCUyMGphJTIwdmFyYXN0b2lubmlzc2Eu&#8221; ag_sh_img=&#8221;2353&#8243; ag_sh_tag=&#8221;h1&#8243;][\/vc_column][\/vc_row][vc_row content_placement=&#8221;middle&#8221; css=&#8221;.vc_custom_1659975571769{padding-top: 8rem !important;padding-bottom: 6rem !important;}&#8221;][vc_column width=&#8221;1\/2&#8243; css=&#8221;.vc_custom_1659975043893{padding-left: 1rem !important;}&#8221; el_class=&#8221;standard-padding&#8221;][ucaddon_ag_title ag_title_bold=&#8221;UFZERiUyME9NSU5BSVNVVUtTSUE=&#8221; ag_title_font_size=&#8221;52&#8243; ag_title_align=&#8221;left&#8221; ag_titel_border=&#8221;&#8221; ag_title_tag=&#8221;h2&#8243;][vc_column_text css=&#8221;.vc_custom_1681984189270{padding-bottom: 2rem !important;}&#8221;] Korkean l\u00e4mp\u00f6tilan kest\u00e4vyys Eritt\u00e4in hyv\u00e4 kemikaalinkest\u00e4vyys (jopa korkeissa l\u00e4mp\u00f6tiloissa) Hyv\u00e4t s\u00e4hk\u00f6ominaisuudet L\u00e4hes ei kosteuden imeytymist\u00e4 Luonnollisesti palonestoaine Erinomaiset ik\u00e4\u00e4ntymisominaisuudet Matala kitkakerroin Erinomainen hitsattavuus [\/vc_column_text][vc_btn title=&#8221;OTA YHTEYTT\u00c4 SAADAKSESI LIS\u00c4TIETOJA&#8221; style=&#8221;flat&#8221; [&hellip;]","og_url":"https:\/\/mapeplastics.se\/fi\/materiaalit\/pvdf\/","og_site_name":"Mape Plastics","article_modified_time":"2025-10-17T07:38:14+00:00","twitter_card":"summary_large_image","twitter_misc":{"Arvioitu lukuaika":"1 minuutti"},"schema":{"@context":"https:\/\/schema.org","@graph":[{"@type":"WebPage","@id":"https:\/\/mapeplastics.se\/fi\/materiaalit\/pvdf\/","url":"https:\/\/mapeplastics.se\/fi\/materiaalit\/pvdf\/","name":"PVDF - Mape Plastics","isPartOf":{"@id":"https:\/\/mapeplastics.se\/fi\/#website"},"datePublished":"2023-04-19T08:05:38+00:00","dateModified":"2025-10-17T07:38:14+00:00","breadcrumb":{"@id":"https:\/\/mapeplastics.se\/fi\/materiaalit\/pvdf\/#breadcrumb"},"inLanguage":"fi","potentialAction":[{"@type":"ReadAction","target":["https:\/\/mapeplastics.se\/fi\/materiaalit\/pvdf\/"]}]},{"@type":"BreadcrumbList","@id":"https:\/\/mapeplastics.se\/fi\/materiaalit\/pvdf\/#breadcrumb","itemListElement":[{"@type":"ListItem","position":1,"name":"Hem","item":"https:\/\/mapeplastics.se\/fi\/"},{"@type":"ListItem","position":2,"name":"Tuotteet","item":"https:\/\/mapeplastics.se\/fi\/materiaalit\/"},{"@type":"ListItem","position":3,"name":"PVDF"}]},{"@type":"WebSite","@id":"https:\/\/mapeplastics.se\/fi\/#website","url":"https:\/\/mapeplastics.se\/fi\/","name":"Mape Plastics","description":"","potentialAction":[{"@type":"SearchAction","target":{"@type":"EntryPoint","urlTemplate":"https:\/\/mapeplastics.se\/fi\/?s={search_term_string}"},"query-input":"required name=search_term_string"}],"inLanguage":"fi"}]}},"_links":{"self":[{"href":"https:\/\/mapeplastics.se\/fi\/wp-json\/wp\/v2\/pages\/4164"}],"collection":[{"href":"https:\/\/mapeplastics.se\/fi\/wp-json\/wp\/v2\/pages"}],"about":[{"href":"https:\/\/mapeplastics.se\/fi\/wp-json\/wp\/v2\/types\/page"}],"author":[{"embeddable":true,"href":"https:\/\/mapeplastics.se\/fi\/wp-json\/wp\/v2\/users\/29"}],"replies":[{"embeddable":true,"href":"https:\/\/mapeplastics.se\/fi\/wp-json\/wp\/v2\/comments?post=4164"}],"version-history":[{"count":5,"href":"https:\/\/mapeplastics.se\/fi\/wp-json\/wp\/v2\/pages\/4164\/revisions"}],"predecessor-version":[{"id":8778,"href":"https:\/\/mapeplastics.se\/fi\/wp-json\/wp\/v2\/pages\/4164\/revisions\/8778"}],"up":[{"embeddable":true,"href":"https:\/\/mapeplastics.se\/fi\/wp-json\/wp\/v2\/pages\/819"}],"wp:attachment":[{"href":"https:\/\/mapeplastics.se\/fi\/wp-json\/wp\/v2\/media?parent=4164"}],"curies":[{"name":"wp","href":"https:\/\/api.w.org\/{rel}","templated":true}]}}