{"id":4725,"date":"2023-08-10T21:58:02","date_gmt":"2023-08-10T19:58:02","guid":{"rendered":"https:\/\/mapeplastics.se\/yhteistyokumppanit\/envalior\/"},"modified":"2024-05-21T14:20:03","modified_gmt":"2024-05-21T12:20:03","slug":"envalior","status":"publish","type":"page","link":"https:\/\/mapeplastics.se\/fi\/yhteistyokumppanit\/envalior\/","title":{"rendered":"ENVALIOR"},"content":{"rendered":"<section class=\"wpb-content-wrapper\"><p>[vc_row fullwidth=&#8221;1&#8243;][vc_column][ucaddon_ag_sub_hero ag_sh_text_small=&#8221;MEID\u00c4N KUMPPANIMME&#8221; ag_sh_text=&#8221;ENVALIOR&#8221; ag_sub_hero_par=&#8221;U2Frc2FsYWluZW4lMjBFTlZBTElPUiUyMG9uJTIwbXVvdml0ZW9sbGlzdXVkZW4lMjB1c2tvbWF0dG9tYW4lMjBvc2FhdmElMjB2YWxtaXN0YWphLiUyMEVuZ2luZWVyaW5nJTIwUGxhc3RpY3NpbiUyMGpvaHRhdmFuYSUyMGFzaWFudHVudGlqYW5hJTIwamElMjB0b2ltaXR0YWphbmElMjBoZSUyMHRhcmpvYXZhdCUyMHJhdGthaXN1amElMjBrZXN0JUMzJUE0diVDMyVBNCVDMyVBNG4lMjBtYWFpbG1hYW4u&#8221; ag_sh_tag=&#8221;h1&#8243;][\/vc_column][\/vc_row][vc_row css_animation=&#8221;none&#8221; css=&#8221;.vc_custom_1663093872195{padding-top: 40px !important;padding-bottom: 40px !important;}&#8221;][vc_column css_animation=&#8221;fadeIn&#8221; width=&#8221;1\/2&#8243; el_class=&#8221;standard-padding&#8221;][vc_empty_space height=&#8221;120px&#8221;][ucaddon_ag_title ag_title_slim=&#8221;RU5WQUxJT1I=&#8221; ag_title_bold=&#8221;VEVLTklTRVQlMjBNQVRFUklBQUxJUkFUS0FJU1VU&#8221; ag_title_font_size=&#8221;45&#8243; ag_title_align=&#8221;left&#8221; ag_titel_border=&#8221;&#8221;][vc_column_text css=&#8221;.vc_custom_1692359964128{padding-bottom: 2rem !important;}&#8221;]ENVALIOR syntyi vuonna 2023, kun DSM Engineering Materials ja LANXESS High Performance Materials yhdistiv\u00e4t voimansa. Yhdistetty perint\u00f6 yli 100 vuoden ajalta tekee heist\u00e4 johtavan erikoiskemikaaliyhti\u00f6n. ENVALIORin valikoimassa on korkean suorituskyvyn muovimateriaaleja, kuten Durethan\u00ae (PA6, PA66) ja Pocan\u00ae (PBT, PBT-seokset), jotka tarjoavat maailmanlaajuisesti monipuolisen valikoiman insin\u00f6\u00f6rimuoveja keskeisille teollisuudenaloille. Olemme ylpeit\u00e4 kehityskumppanuudestamme vuodesta 2022 l\u00e4htien.[\/vc_column_text][\/vc_column][vc_column css_animation=&#8221;fadeIn&#8221; width=&#8221;1\/2&#8243;][ucaddon_ag_overlay_block ag_overlay_image=&#8221;3402&#8243; ag_overlay_image_font=&#8221;4394&#8243;][\/vc_column][\/vc_row][vc_row css_animation=&#8221;fadeIn&#8221; css=&#8221;.vc_custom_1663093992409{margin-top: 60px !important;margin-bottom: 80px !important;}&#8221;][vc_column width=&#8221;1\/2&#8243; el_class=&#8221;text-col&#8221;][ucaddon_ag_overlay_block ag_overlay_image=&#8221;3153&#8243; ag_overlay_image_font=&#8221;3396&#8243;][\/vc_column][vc_column width=&#8221;1\/2&#8243; el_class=&#8221;desktop-padding&#8221;][ucaddon_ag_title ag_title_slim=&#8221;VHVvdGVtZXJraXQ=&#8221; ag_title_bold=&#8221;RHVyZXRoYW4lQzIlQUUlMjBQb2NhbiVDMiVBRQ==&#8221; ag_title_font_size=&#8221;45&#8243; ag_title_align=&#8221;left&#8221; ag_titel_border=&#8221;&#8221;][vc_column_text css=&#8221;.vc_custom_1692360005239{padding-bottom: 2rem !important;}&#8221;]Durethan\u00ae-valikoima kattaa pehmeist\u00e4 ja kest\u00e4vist\u00e4 asteista eritt\u00e4in j\u00e4ykkien ja kovien asteiden kautta. T\u00e4m\u00e4 monipuolisuus mahdollistaa ENVALIORin tarjota r\u00e4\u00e4t\u00e4l\u00f6ityj\u00e4 ratkaisuja laajaan valikoimaan vaatimuksia ja sovelluksia.<\/p>\n<p>Pocan\u00ae tarjoaa korkean l\u00e4mm\u00f6nkest\u00e4vyyden, lujuuden ja kovuuden, sek\u00e4 erinomaiset liukumisominaisuudet ja korkea kulutuksenkest\u00e4vyys, hyv\u00e4 kemikaalienkest\u00e4vyys, alhainen alttius rasitusmurtumille ja alhainen kosteuden imeytyminen.<\/p>\n<p>Valikoimaan kuuluu erilaisia luokkia, mukaan lukien lasikuidulla, lasihelmill\u00e4 tai mineraalit\u00e4ytteill\u00e4 vahvistetut luokat. Lis\u00e4ksi on liekinkest\u00e4vi\u00e4, elastomeerimuokattuja hydrolyysivakautettuja ja elintarvikkeisiin hyv\u00e4ksyttyj\u00e4 luokkia saatavana vastaamaan erityistarpeisiin.[\/vc_column_text][\/vc_column][\/vc_row][vc_row css=&#8221;.vc_custom_1647351943677{padding-top: 50px !important;padding-bottom: 60px !important;background-color: #f9f9f9 !important;}&#8221;][vc_column][ucaddon_ag_title ag_title_slim=&#8221;RU5WQUxJT1I=&#8221; ag_title_bold=&#8221;TFVFJTIwTElTJUMzJTg0JUMzJTg0&#8243; ag_title_font_size=&#8221;45&#8243; ag_title_align=&#8221;center&#8221; ag_titel_border=&#8221;&#8221;][vc_empty_space height=&#8221;30px&#8221;][vc_row_inner gap=&#8221;30&#8243; el_class=&#8221;usp-row&#8221;][vc_column_inner el_class=&#8221;cta-col&#8221; width=&#8221;1\/3&#8243; css=&#8221;.vc_custom_1647427402135{padding-top: 0px !important;background-color: #ffffff !important;}&#8221;][vc_single_image image=&#8221;4467&#8243; img_size=&#8221;full&#8221; onclick=&#8221;custom_link&#8221; img_link_target=&#8221;_blank&#8221; el_class=&#8221;cta-img&#8221; link=&#8221;https:\/\/envalior.com&#8221;][vc_custom_heading text=&#8221;ENVALIOR WEBSITE&#8221; font_container=&#8221;tag:h3|text_align:left&#8221; use_theme_fonts=&#8221;yes&#8221; el_class=&#8221;rubrik-mape&#8221; css=&#8221;.vc_custom_1686557538947{padding-left: 15px !important;}&#8221; link=&#8221;url:https%3A%2F%2Fenvalior.com&#8221;][vc_column_text el_class=&#8221;under-rubrik-mape&#8221; css=&#8221;.vc_custom_1686557546754{padding-left: 15px !important;}&#8221;]<a href=\"https:\/\/envalior.com\" target=\"_blank\" rel=\"noopener\">Visit envalior.com<\/a>[\/vc_column_text][vc_empty_space height=&#8221;30px&#8221;][\/vc_column_inner][vc_column_inner el_class=&#8221;cta-col&#8221; width=&#8221;1\/3&#8243; css=&#8221;.vc_custom_1647352243868{padding-top: 0px !important;background-color: #ffffff !important;}&#8221;][vc_single_image image=&#8221;3089&#8243; img_size=&#8221;full&#8221; onclick=&#8221;custom_link&#8221; img_link_target=&#8221;_blank&#8221; el_class=&#8221;cta-img&#8221; link=&#8221;https:\/\/techcenter.lanxess.com\/scp\/emea\/en\/products\/description\/47\/index.jsp?docId=61957&amp;pid=47&#8243;][vc_custom_heading text=&#8221;PRODUCT INFORMATION&#8221; font_container=&#8221;tag:h3|text_align:left&#8221; use_theme_fonts=&#8221;yes&#8221; el_class=&#8221;rubrik-mape&#8221; css=&#8221;.vc_custom_1686557487353{padding-left: 15px !important;}&#8221; link=&#8221;url:https%3A%2F%2Ftechcenter.lanxess.com%2Fscp%2Femea%2Fen%2Fproducts%2Fdescription%2F47%2Findex.jsp%3FdocId%3D61957%26pid%3D47&#8243;][vc_column_text el_class=&#8221;under-rubrik-mape&#8221; css=&#8221;.vc_custom_1686557237378{padding-left: 15px !important;}&#8221;]<a href=\"https:\/\/techcenter.lanxess.com\/scp\/emea\/en\/products\/description\/47\/index.jsp?docId=61957&amp;pid=47\" target=\"_blank\" rel=\"noopener\">Visit Techcenter<\/a>[\/vc_column_text][vc_empty_space height=&#8221;30px&#8221;][\/vc_column_inner][vc_column_inner el_class=&#8221;cta-col&#8221; width=&#8221;1\/3&#8243; css=&#8221;.vc_custom_1647351040630{padding-top: 0px !important;background-color: #ffffff !important;}&#8221;][vc_single_image image=&#8221;4473&#8243; img_size=&#8221;full&#8221; onclick=&#8221;custom_link&#8221; img_link_target=&#8221;_blank&#8221; el_class=&#8221;cta-img&#8221; link=&#8221;mailto:johan@mapeplastics.se&#8221;][vc_custom_heading text=&#8221;WANT TO KNOW MORE?&#8221; font_container=&#8221;tag:h3|text_align:left&#8221; use_theme_fonts=&#8221;yes&#8221; el_class=&#8221;rubrik-mape&#8221; css=&#8221;.vc_custom_1686557413292{padding-left: 15px !important;}&#8221; link=&#8221;url:mailto%3Ajohan%40mapeplastics.se&#8221;][vc_column_text el_class=&#8221;under-rubrik-mape&#8221; css=&#8221;.vc_custom_1686557436028{padding-left: 15px !important;}&#8221;]<a href=\"mailto:johan@mapeplastics.se\">CONTACT JOHAN MALMGREN<\/a>[\/vc_column_text][vc_empty_space height=&#8221;30px&#8221;][\/vc_column_inner][\/vc_row_inner][\/vc_column][\/vc_row]<\/p>\n<\/section>","protected":false},"excerpt":{"rendered":"<p>[vc_row fullwidth=&#8221;1&#8243;][vc_column][ucaddon_ag_sub_hero ag_sh_text_small=&#8221;MEID\u00c4N KUMPPANIMME&#8221; ag_sh_text=&#8221;ENVALIOR&#8221; ag_sub_hero_par=&#8221;U2Frc2FsYWluZW4lMjBFTlZBTElPUiUyMG9uJTIwbXVvdml0ZW9sbGlzdXVkZW4lMjB1c2tvbWF0dG9tYW4lMjBvc2FhdmElMjB2YWxtaXN0YWphLiUyMEVuZ2luZWVyaW5nJTIwUGxhc3RpY3NpbiUyMGpvaHRhdmFuYSUyMGFzaWFudHVudGlqYW5hJTIwamElMjB0b2ltaXR0YWphbmElMjBoZSUyMHRhcmpvYXZhdCUyMHJhdGthaXN1amElMjBrZXN0JUMzJUE0diVDMyVBNCVDMyVBNG4lMjBtYWFpbG1hYW4u&#8221; ag_sh_tag=&#8221;h1&#8243;][\/vc_column][\/vc_row][vc_row css_animation=&#8221;none&#8221; css=&#8221;.vc_custom_1663093872195{padding-top: 40px !important;padding-bottom: 40px !important;}&#8221;][vc_column css_animation=&#8221;fadeIn&#8221; width=&#8221;1\/2&#8243; el_class=&#8221;standard-padding&#8221;][vc_empty_space height=&#8221;120px&#8221;][ucaddon_ag_title ag_title_slim=&#8221;RU5WQUxJT1I=&#8221; ag_title_bold=&#8221;VEVLTklTRVQlMjBNQVRFUklBQUxJUkFUS0FJU1VU&#8221; ag_title_font_size=&#8221;45&#8243; ag_title_align=&#8221;left&#8221; ag_titel_border=&#8221;&#8221;][vc_column_text css=&#8221;.vc_custom_1692359964128{padding-bottom: 2rem !important;}&#8221;]ENVALIOR syntyi vuonna 2023, kun DSM Engineering Materials ja LANXESS High Performance Materials yhdistiv\u00e4t voimansa. Yhdistetty perint\u00f6 yli 100 vuoden ajalta tekee heist\u00e4 johtavan erikoiskemikaaliyhti\u00f6n. ENVALIORin valikoimassa on korkean suorituskyvyn muovimateriaaleja, [&hellip;]<\/p>\n","protected":false},"author":29,"featured_media":0,"parent":796,"menu_order":0,"comment_status":"closed","ping_status":"closed","template":"page-visual-composer.php","meta":{"_mi_skip_tracking":false},"acf":[],"yoast_head":"<!-- This site is optimized with the Yoast SEO plugin v20.7 - https:\/\/yoast.com\/wordpress\/plugins\/seo\/ -->\n<title>ENVALIOR - Mape Plastics<\/title>\n<meta name=\"robots\" content=\"index, follow, max-snippet:-1, max-image-preview:large, max-video-preview:-1\" \/>\n<link rel=\"canonical\" href=\"https:\/\/mapeplastics.se\/fi\/yhteistyokumppanit\/envalior\/\" \/>\n<meta property=\"og:locale\" content=\"fi_FI\" \/>\n<meta property=\"og:type\" content=\"article\" \/>\n<meta property=\"og:title\" content=\"ENVALIOR - Mape Plastics\" \/>\n<meta property=\"og:description\" content=\"[vc_row fullwidth=&#8221;1&#8243;][vc_column][ucaddon_ag_sub_hero ag_sh_text_small=&#8221;MEID\u00c4N KUMPPANIMME&#8221; ag_sh_text=&#8221;ENVALIOR&#8221; ag_sub_hero_par=&#8221;U2Frc2FsYWluZW4lMjBFTlZBTElPUiUyMG9uJTIwbXVvdml0ZW9sbGlzdXVkZW4lMjB1c2tvbWF0dG9tYW4lMjBvc2FhdmElMjB2YWxtaXN0YWphLiUyMEVuZ2luZWVyaW5nJTIwUGxhc3RpY3NpbiUyMGpvaHRhdmFuYSUyMGFzaWFudHVudGlqYW5hJTIwamElMjB0b2ltaXR0YWphbmElMjBoZSUyMHRhcmpvYXZhdCUyMHJhdGthaXN1amElMjBrZXN0JUMzJUE0diVDMyVBNCVDMyVBNG4lMjBtYWFpbG1hYW4u&#8221; ag_sh_tag=&#8221;h1&#8243;][\/vc_column][\/vc_row][vc_row css_animation=&#8221;none&#8221; css=&#8221;.vc_custom_1663093872195{padding-top: 40px !important;padding-bottom: 40px !important;}&#8221;][vc_column css_animation=&#8221;fadeIn&#8221; width=&#8221;1\/2&#8243; el_class=&#8221;standard-padding&#8221;][vc_empty_space height=&#8221;120px&#8221;][ucaddon_ag_title ag_title_slim=&#8221;RU5WQUxJT1I=&#8221; ag_title_bold=&#8221;VEVLTklTRVQlMjBNQVRFUklBQUxJUkFUS0FJU1VU&#8221; ag_title_font_size=&#8221;45&#8243; ag_title_align=&#8221;left&#8221; ag_titel_border=&#8221;&#8221;][vc_column_text css=&#8221;.vc_custom_1692359964128{padding-bottom: 2rem !important;}&#8221;]ENVALIOR syntyi vuonna 2023, kun DSM Engineering Materials ja LANXESS High Performance Materials yhdistiv\u00e4t voimansa. Yhdistetty perint\u00f6 yli 100 vuoden ajalta tekee heist\u00e4 johtavan erikoiskemikaaliyhti\u00f6n. ENVALIORin valikoimassa on korkean suorituskyvyn muovimateriaaleja, [&hellip;]\" \/>\n<meta property=\"og:url\" content=\"https:\/\/mapeplastics.se\/fi\/yhteistyokumppanit\/envalior\/\" \/>\n<meta property=\"og:site_name\" content=\"Mape Plastics\" \/>\n<meta property=\"article:modified_time\" content=\"2024-05-21T12:20:03+00:00\" \/>\n<meta name=\"twitter:card\" content=\"summary_large_image\" \/>\n<meta name=\"twitter:label1\" content=\"Arvioitu lukuaika\" \/>\n\t<meta name=\"twitter:data1\" content=\"2 minuuttia\" \/>\n<script type=\"application\/ld+json\" class=\"yoast-schema-graph\">{\"@context\":\"https:\/\/schema.org\",\"@graph\":[{\"@type\":\"WebPage\",\"@id\":\"https:\/\/mapeplastics.se\/fi\/yhteistyokumppanit\/envalior\/\",\"url\":\"https:\/\/mapeplastics.se\/fi\/yhteistyokumppanit\/envalior\/\",\"name\":\"ENVALIOR - Mape Plastics\",\"isPartOf\":{\"@id\":\"https:\/\/mapeplastics.se\/fi\/#website\"},\"datePublished\":\"2023-08-10T19:58:02+00:00\",\"dateModified\":\"2024-05-21T12:20:03+00:00\",\"breadcrumb\":{\"@id\":\"https:\/\/mapeplastics.se\/fi\/yhteistyokumppanit\/envalior\/#breadcrumb\"},\"inLanguage\":\"fi\",\"potentialAction\":[{\"@type\":\"ReadAction\",\"target\":[\"https:\/\/mapeplastics.se\/fi\/yhteistyokumppanit\/envalior\/\"]}]},{\"@type\":\"BreadcrumbList\",\"@id\":\"https:\/\/mapeplastics.se\/fi\/yhteistyokumppanit\/envalior\/#breadcrumb\",\"itemListElement\":[{\"@type\":\"ListItem\",\"position\":1,\"name\":\"Hem\",\"item\":\"https:\/\/mapeplastics.se\/fi\/\"},{\"@type\":\"ListItem\",\"position\":2,\"name\":\"YHTEISTY\u00d6KUMPPANIMME\",\"item\":\"https:\/\/mapeplastics.se\/fi\/yhteistyokumppanit\/\"},{\"@type\":\"ListItem\",\"position\":3,\"name\":\"ENVALIOR\"}]},{\"@type\":\"WebSite\",\"@id\":\"https:\/\/mapeplastics.se\/fi\/#website\",\"url\":\"https:\/\/mapeplastics.se\/fi\/\",\"name\":\"Mape Plastics\",\"description\":\"\",\"potentialAction\":[{\"@type\":\"SearchAction\",\"target\":{\"@type\":\"EntryPoint\",\"urlTemplate\":\"https:\/\/mapeplastics.se\/fi\/?s={search_term_string}\"},\"query-input\":\"required name=search_term_string\"}],\"inLanguage\":\"fi\"}]}<\/script>\n<!-- \/ Yoast SEO plugin. -->","yoast_head_json":{"title":"ENVALIOR - Mape Plastics","robots":{"index":"index","follow":"follow","max-snippet":"max-snippet:-1","max-image-preview":"max-image-preview:large","max-video-preview":"max-video-preview:-1"},"canonical":"https:\/\/mapeplastics.se\/fi\/yhteistyokumppanit\/envalior\/","og_locale":"fi_FI","og_type":"article","og_title":"ENVALIOR - Mape Plastics","og_description":"[vc_row fullwidth=&#8221;1&#8243;][vc_column][ucaddon_ag_sub_hero ag_sh_text_small=&#8221;MEID\u00c4N KUMPPANIMME&#8221; ag_sh_text=&#8221;ENVALIOR&#8221; ag_sub_hero_par=&#8221;U2Frc2FsYWluZW4lMjBFTlZBTElPUiUyMG9uJTIwbXVvdml0ZW9sbGlzdXVkZW4lMjB1c2tvbWF0dG9tYW4lMjBvc2FhdmElMjB2YWxtaXN0YWphLiUyMEVuZ2luZWVyaW5nJTIwUGxhc3RpY3NpbiUyMGpvaHRhdmFuYSUyMGFzaWFudHVudGlqYW5hJTIwamElMjB0b2ltaXR0YWphbmElMjBoZSUyMHRhcmpvYXZhdCUyMHJhdGthaXN1amElMjBrZXN0JUMzJUE0diVDMyVBNCVDMyVBNG4lMjBtYWFpbG1hYW4u&#8221; ag_sh_tag=&#8221;h1&#8243;][\/vc_column][\/vc_row][vc_row css_animation=&#8221;none&#8221; css=&#8221;.vc_custom_1663093872195{padding-top: 40px !important;padding-bottom: 40px !important;}&#8221;][vc_column css_animation=&#8221;fadeIn&#8221; width=&#8221;1\/2&#8243; el_class=&#8221;standard-padding&#8221;][vc_empty_space height=&#8221;120px&#8221;][ucaddon_ag_title ag_title_slim=&#8221;RU5WQUxJT1I=&#8221; ag_title_bold=&#8221;VEVLTklTRVQlMjBNQVRFUklBQUxJUkFUS0FJU1VU&#8221; ag_title_font_size=&#8221;45&#8243; ag_title_align=&#8221;left&#8221; ag_titel_border=&#8221;&#8221;][vc_column_text css=&#8221;.vc_custom_1692359964128{padding-bottom: 2rem !important;}&#8221;]ENVALIOR syntyi vuonna 2023, kun DSM Engineering Materials ja LANXESS High Performance Materials yhdistiv\u00e4t voimansa. Yhdistetty perint\u00f6 yli 100 vuoden ajalta tekee heist\u00e4 johtavan erikoiskemikaaliyhti\u00f6n. ENVALIORin valikoimassa on korkean suorituskyvyn muovimateriaaleja, [&hellip;]","og_url":"https:\/\/mapeplastics.se\/fi\/yhteistyokumppanit\/envalior\/","og_site_name":"Mape Plastics","article_modified_time":"2024-05-21T12:20:03+00:00","twitter_card":"summary_large_image","twitter_misc":{"Arvioitu lukuaika":"2 minuuttia"},"schema":{"@context":"https:\/\/schema.org","@graph":[{"@type":"WebPage","@id":"https:\/\/mapeplastics.se\/fi\/yhteistyokumppanit\/envalior\/","url":"https:\/\/mapeplastics.se\/fi\/yhteistyokumppanit\/envalior\/","name":"ENVALIOR - Mape Plastics","isPartOf":{"@id":"https:\/\/mapeplastics.se\/fi\/#website"},"datePublished":"2023-08-10T19:58:02+00:00","dateModified":"2024-05-21T12:20:03+00:00","breadcrumb":{"@id":"https:\/\/mapeplastics.se\/fi\/yhteistyokumppanit\/envalior\/#breadcrumb"},"inLanguage":"fi","potentialAction":[{"@type":"ReadAction","target":["https:\/\/mapeplastics.se\/fi\/yhteistyokumppanit\/envalior\/"]}]},{"@type":"BreadcrumbList","@id":"https:\/\/mapeplastics.se\/fi\/yhteistyokumppanit\/envalior\/#breadcrumb","itemListElement":[{"@type":"ListItem","position":1,"name":"Hem","item":"https:\/\/mapeplastics.se\/fi\/"},{"@type":"ListItem","position":2,"name":"YHTEISTY\u00d6KUMPPANIMME","item":"https:\/\/mapeplastics.se\/fi\/yhteistyokumppanit\/"},{"@type":"ListItem","position":3,"name":"ENVALIOR"}]},{"@type":"WebSite","@id":"https:\/\/mapeplastics.se\/fi\/#website","url":"https:\/\/mapeplastics.se\/fi\/","name":"Mape Plastics","description":"","potentialAction":[{"@type":"SearchAction","target":{"@type":"EntryPoint","urlTemplate":"https:\/\/mapeplastics.se\/fi\/?s={search_term_string}"},"query-input":"required name=search_term_string"}],"inLanguage":"fi"}]}},"_links":{"self":[{"href":"https:\/\/mapeplastics.se\/fi\/wp-json\/wp\/v2\/pages\/4725"}],"collection":[{"href":"https:\/\/mapeplastics.se\/fi\/wp-json\/wp\/v2\/pages"}],"about":[{"href":"https:\/\/mapeplastics.se\/fi\/wp-json\/wp\/v2\/types\/page"}],"author":[{"embeddable":true,"href":"https:\/\/mapeplastics.se\/fi\/wp-json\/wp\/v2\/users\/29"}],"replies":[{"embeddable":true,"href":"https:\/\/mapeplastics.se\/fi\/wp-json\/wp\/v2\/comments?post=4725"}],"version-history":[{"count":6,"href":"https:\/\/mapeplastics.se\/fi\/wp-json\/wp\/v2\/pages\/4725\/revisions"}],"predecessor-version":[{"id":6875,"href":"https:\/\/mapeplastics.se\/fi\/wp-json\/wp\/v2\/pages\/4725\/revisions\/6875"}],"up":[{"embeddable":true,"href":"https:\/\/mapeplastics.se\/fi\/wp-json\/wp\/v2\/pages\/796"}],"wp:attachment":[{"href":"https:\/\/mapeplastics.se\/fi\/wp-json\/wp\/v2\/media?parent=4725"}],"curies":[{"name":"wp","href":"https:\/\/api.w.org\/{rel}","templated":true}]}}