{"id":4733,"date":"2023-08-10T21:58:03","date_gmt":"2023-08-10T19:58:03","guid":{"rendered":"https:\/\/mapeplastics.se\/yhteistyokumppanit\/lehvoss\/"},"modified":"2024-10-24T09:20:21","modified_gmt":"2024-10-24T07:20:21","slug":"lehvoss","status":"publish","type":"page","link":"https:\/\/mapeplastics.se\/fi\/yhteistyokumppanit\/lehvoss\/","title":{"rendered":"LEHVOSS"},"content":{"rendered":"<section class=\"wpb-content-wrapper\"><p>[vc_row fullwidth=&#8221;1&#8243;][vc_column][ucaddon_ag_sub_hero ag_sh_text_small=&#8221;MEID\u00c4N KUMPPANIMME&#8221; ag_sh_text=&#8221;LEHVOSS GROUP&#8221; ag_sub_hero_par=&#8221;TEVIVk9TUyUyMEdyb3VwJTIwdGFyam9hYSUyMGh1aXBwdXN1b3JpdHVza3lreWlzaSVDMyVBNCUyMGtvbXBvc2lpdHRlamElMkMlMjBqb3RrYSUyMHRhcmpvYXZhdCUyMHBvaWtrZXVrc2VsbGlzdGElMjBsYWF0dWElMjBqYSUyMHN1b3JpdHVza3lreSVDMyVBNCUyMHZhc3RhYW1hYW4lMjBhaW51dGxhYXR1aXNpaW4lMjB0YXJwZWlzaWluLg==&#8221; ag_sh_tag=&#8221;h1&#8243; uc_init_settings=&#8221;&#8221;][\/vc_column][\/vc_row][vc_row css_animation=&#8221;none&#8221; css=&#8221;.vc_custom_1663093872195{padding-top: 40px !important;padding-bottom: 40px !important;}&#8221;][vc_column css_animation=&#8221;fadeIn&#8221; width=&#8221;1\/2&#8243; el_class=&#8221;standard-padding&#8221;][vc_empty_space height=&#8221;120px&#8221;][ucaddon_ag_title ag_title_slim=&#8221;TEVIVk9TUw==&#8221; ag_title_bold=&#8221;VEVLTklORU4lMjBFUklOT01BSVNVVVM=&#8221; ag_title_font_size=&#8221;45&#8243; ag_title_align=&#8221;left&#8221; ag_titel_border=&#8221;&#8221;][vc_column_text css=&#8221;.vc_custom_1729754384262{padding-bottom: 2rem !important;}&#8221;]LEHVOSS Group on perheomisteinen ja globaalisti aktiivinen termoplastisten komposiittien kehitt\u00e4j\u00e4 ja valmistaja, jolla on tuotantolaitoksia Euroopassa, Aasiassa ja Yhdysvalloissa. Emoyhti\u00f6 Lehmann &amp; Voss &amp; Co. sijaitsee Hampurissa.<\/p>\n<p>LEHVOSS Compounds on yksi johtavista rakenteellisesti, s\u00e4hk\u00f6\u00e4 johtavasti ja tribologisesti muokattujen muovien valmistajista, jotka ovat usein asettaneet standardit alalle. Heid\u00e4n valikoimansa perustuu laajaan valikoimaan neitseellisi\u00e4 ja\/tai kierr\u00e4tettyj\u00e4 (eko) pohjaisia polymeerej\u00e4, teknisist\u00e4 standardipolymeereist\u00e4 huippusuorituskykyisiin polymeereihin, vahvistusmateriaaleihin ja lis\u00e4aineisiin. Raaka-aineiden valinta on riippumatonta toimittajasta. LEHVOSS k\u00e4ytt\u00e4\u00e4 uusinta laboratorio- ja sovellustekniikkaa, ja sill\u00e4 on valtava kokemus, intuitio ja intohimo t\u00e4ydellisen ratkaisun l\u00f6yt\u00e4miseen.<\/p>\n<p>LEHVOSS Compoundsin ydinaloja ovat auto-, teollisuus-, l\u00e4\u00e4ketieteellinen, s\u00e4hk\u00f6- ja elektroniikkateollisuus sek\u00e4 ilmailuala, ja tyypillisi\u00e4 sovelluksia ovat tiettyj\u00e4 toimintoja sis\u00e4lt\u00e4v\u00e4t tuotteet, kuten hammaspy\u00f6r\u00e4t, laakerit ja kotelot.[\/vc_column_text][\/vc_column][vc_column css_animation=&#8221;fadeIn&#8221; width=&#8221;1\/2&#8243;][ucaddon_ag_overlay_block ag_overlay_image=&#8221;3343&#8243; ag_overlay_image_font=&#8221;5690&#8243;][\/vc_column][\/vc_row][vc_row css_animation=&#8221;fadeIn&#8221; css=&#8221;.vc_custom_1663093992409{margin-top: 60px !important;margin-bottom: 80px !important;}&#8221;][vc_column width=&#8221;1\/2&#8243; el_class=&#8221;text-col&#8221;][ucaddon_ag_overlay_block ag_overlay_image=&#8221;7291&#8243; ag_overlay_image_font=&#8221;4923&#8243; uc_init_settings=&#8221;&#8221;][\/vc_column][vc_column width=&#8221;1\/2&#8243; el_class=&#8221;desktop-padding&#8221;][ucaddon_ag_title ag_title_slim=&#8221;aHVpcHB1c3Vvcml0dXNreWt5aXNpJUMzJUE0&#8243; ag_title_bold=&#8221;a29tcG9zaWl0dGVqYQ==&#8221; ag_title_font_size=&#8221;45&#8243; ag_title_align=&#8221;left&#8221; ag_titel_border=&#8221;&#8221; uc_init_settings=&#8221;&#8221;][vc_column_text css=&#8221;.vc_custom_1729754411219{padding-bottom: 2rem !important;}&#8221;]1970-luvulta l\u00e4htien LEHVOSS Group on menestyksekk\u00e4\u00e4sti kehitt\u00e4nyt ja valmistanut kestomuoviyhdisteit\u00e4 aina tiiviiss\u00e4 yhteisty\u00f6ss\u00e4 asiakkaidensa kanssa. Heid\u00e4n tunnetut tuotemerkit LUVOCOM\u00ae, LUVOCOM\u00ae LFT, LUVOCOM\u00ae P, LUVOTECH\u00ae, LUVOCOM\u00ae 3F ja LUVOSINT\u00ae ovat maailmanlaajuisesti tunnettuja poikkeuksellisesta laadustaan ja luotettavuudestaan. LUVOTECH\u00ae eco tarjoaa kest\u00e4vi\u00e4 ratkaisuja k\u00e4ytt\u00e4m\u00e4ll\u00e4 kierr\u00e4tettyj\u00e4 polymeerej\u00e4, mik\u00e4 v\u00e4hent\u00e4\u00e4 merkitt\u00e4v\u00e4sti hiilijalanj\u00e4lke\u00e4.<\/p>\n<p>Asiakkaat hy\u00f6tyv\u00e4t LEHVOSS Groupin materiaalivalinnan ja sovelluskehityksen asiantuntemuksesta, itsen\u00e4isest\u00e4 raaka-ainevalinnasta sek\u00e4 vuosikymmenten suunnittelukokemuksesta. LEHVOSS Group edustaa korkealaatuisia tuotteita ja r\u00e4\u00e4t\u00e4l\u00f6ityj\u00e4 ratkaisuja.<\/p>\n<p><a href=\"https:\/\/eur03.safelinks.protection.outlook.com\/?url=https%3A%2F%2Finfo.luvocom.de%2Fen%2Fdownload-whitepaper-structural-applications-and-metal-replacements&amp;data=05%7C02%7C%7C7cfcd5e8987948a9b71a08dcf342c693%7Cdfeb12e977d94c45ba2f52ae6153e3bb%7C0%7C0%7C638652715377948000%7CUnknown%7CTWFpbGZsb3d8eyJWIjoiMC4wLjAwMDAiLCJQIjoiV2luMzIiLCJBTiI6Ik1haWwiLCJXVCI6Mn0%3D%7C0%7C%7C%7C&amp;sdata=C%2F0Q7NAKhFjPlO5wDiEjjbTe4IQTTNJek3X6BBK7JbM%3D&amp;reserved=0\" data-outlook-id=\"e2a6ed48-5e29-4c57-9b44-78ac7ebe9e4a\">Download whitepaper: Structural applications and metal replacements<\/a><\/p>\n<p><a href=\"https:\/\/eur03.safelinks.protection.outlook.com\/?url=https%3A%2F%2Finfo.luvocom.de%2Fen%2Fdownload-whitepaper-tribology-basics-and-connections&amp;data=05%7C02%7C%7C7cfcd5e8987948a9b71a08dcf342c693%7Cdfeb12e977d94c45ba2f52ae6153e3bb%7C0%7C0%7C638652715377972329%7CUnknown%7CTWFpbGZsb3d8eyJWIjoiMC4wLjAwMDAiLCJQIjoiV2luMzIiLCJBTiI6Ik1haWwiLCJXVCI6Mn0%3D%7C0%7C%7C%7C&amp;sdata=eL9lJ8hPH6boJShDEgmHb1g9NQsQHfoX2eLWEuKtRUU%3D&amp;reserved=0\" data-outlook-id=\"3ef70c55-e884-4641-8e84-57127bce70b2\">Download whitepaper: Tribologically modified plastics<\/a><\/p>\n<p><a href=\"https:\/\/eur03.safelinks.protection.outlook.com\/?url=https%3A%2F%2Finfo.luvocom.de%2Fen%2Fdownload-whitepaper-industrial-3d-printing&amp;data=05%7C02%7C%7C7cfcd5e8987948a9b71a08dcf342c693%7Cdfeb12e977d94c45ba2f52ae6153e3bb%7C0%7C0%7C638652715377993298%7CUnknown%7CTWFpbGZsb3d8eyJWIjoiMC4wLjAwMDAiLCJQIjoiV2luMzIiLCJBTiI6Ik1haWwiLCJXVCI6Mn0%3D%7C0%7C%7C%7C&amp;sdata=8Jq6E9rg%2BrDZzCGwJZxL%2F2DTyqtQ799WnYR8Ie712NI%3D&amp;reserved=0\" data-outlook-id=\"399ee75c-07c7-4dbd-ba0b-e6f5a27b9832\">Download whitepaper: Industrial 3D printing<\/a>[\/vc_column_text][\/vc_column][\/vc_row][vc_row css=&#8221;.vc_custom_1647351943677{padding-top: 50px !important;padding-bottom: 60px !important;background-color: #f9f9f9 !important;}&#8221;][vc_column][ucaddon_ag_title ag_title_slim=&#8221;TEVIVk9TUyUyMEdST1VQ&#8221; ag_title_bold=&#8221;THVlJTIwbGlzJUMzJUE0JUMzJUE0&#8243; ag_title_font_size=&#8221;45&#8243; ag_title_align=&#8221;center&#8221; ag_titel_border=&#8221;&#8221;][vc_empty_space height=&#8221;30px&#8221;][vc_row_inner gap=&#8221;30&#8243; el_class=&#8221;usp-row&#8221;][vc_column_inner el_class=&#8221;cta-col&#8221; width=&#8221;1\/3&#8243; css=&#8221;.vc_custom_1647427402135{padding-top: 0px !important;background-color: #ffffff !important;}&#8221;][vc_single_image image=&#8221;4778&#8243; img_size=&#8221;full&#8221; onclick=&#8221;custom_link&#8221; img_link_target=&#8221;_blank&#8221; el_class=&#8221;cta-img&#8221; link=&#8221;https:\/\/www.lehvoss.de\/en\/home\/&#8221;][vc_custom_heading text=&#8221;LEHVOSS WEBSITE&#8221; font_container=&#8221;tag:h3|text_align:left&#8221; use_theme_fonts=&#8221;yes&#8221; el_class=&#8221;rubrik-mape&#8221; css=&#8221;.vc_custom_1691999545305{padding-left: 15px !important;}&#8221; link=&#8221;url:https%3A%2F%2Fwww.lehvoss.de%2Fen%2Fhome%2F|title:Lehvoss%20website|target:_blank&#8221;][vc_column_text el_class=&#8221;under-rubrik-mape&#8221; css=&#8221;.vc_custom_1685362327034{padding-left: 15px !important;}&#8221;]Visit <a href=\"https:\/\/www.lehvoss.de\/en\/home\/\">LEHVOSS site<\/a>[\/vc_column_text][vc_empty_space height=&#8221;30px&#8221;][\/vc_column_inner][vc_column_inner el_class=&#8221;cta-col&#8221; width=&#8221;1\/3&#8243; css=&#8221;.vc_custom_1647352243868{padding-top: 0px !important;background-color: #ffffff !important;}&#8221;][vc_single_image image=&#8221;3519&#8243; img_size=&#8221;full&#8221; onclick=&#8221;custom_link&#8221; img_link_target=&#8221;_blank&#8221; el_class=&#8221;cta-img&#8221; link=&#8221;https:\/\/www.luvocom.de\/en\/startseite\/&#8221;][vc_custom_heading text=&#8221;PRODUCT INFORMATION&#8221; font_container=&#8221;tag:h3|text_align:left&#8221; use_theme_fonts=&#8221;yes&#8221; el_class=&#8221;rubrik-mape&#8221; css=&#8221;.vc_custom_1691999649933{padding-left: 15px !important;}&#8221; link=&#8221;url:https%3A%2F%2Fwww.luvocom.de%2Fen%2Fstartseite%2F|title:Products|target:_blank&#8221;][vc_column_text el_class=&#8221;under-rubrik-mape&#8221; css=&#8221;.vc_custom_1691999662187{padding-left: 15px !important;}&#8221;]<a href=\"https:\/\/www.luvocom.de\/en\/startseite\/\" target=\"_blank\" rel=\"noopener\">Download information<\/a>[\/vc_column_text][vc_empty_space height=&#8221;30px&#8221;][\/vc_column_inner][vc_column_inner el_class=&#8221;cta-col&#8221; width=&#8221;1\/3&#8243; css=&#8221;.vc_custom_1647351040630{padding-top: 0px !important;background-color: #ffffff !important;}&#8221;][vc_single_image image=&#8221;2061&#8243; img_size=&#8221;full&#8221; onclick=&#8221;custom_link&#8221; img_link_target=&#8221;_blank&#8221; el_class=&#8221;cta-img&#8221; link=&#8221;https:\/\/calendly.com\/mapeplastics\/lets-talk-plastics-per?back=1&amp;month=2023-08&#8243;][vc_custom_heading text=&#8221;TALK LEHVOSS WITH PER&#8221; font_container=&#8221;tag:h3|text_align:left&#8221; use_theme_fonts=&#8221;yes&#8221; el_class=&#8221;rubrik-mape&#8221; css=&#8221;.vc_custom_1691999754562{padding-left: 15px !important;}&#8221; link=&#8221;url:https%3A%2F%2Fcalendly.com%2Fmapeplastics%2Flets-talk-plastics-per%3Fback%3D1%26month%3D2023-08|target:_blank&#8221;][vc_column_text el_class=&#8221;under-rubrik-mape&#8221; css=&#8221;.vc_custom_1691999764500{padding-left: 15px !important;}&#8221;]<a href=\"https:\/\/calendly.com\/mapeplastics\/lets-talk-plastics-per?back=1&amp;month=2023-08\" target=\"_blank\" rel=\"noopener\">BOOK A LEHVOSS CALL<\/a>[\/vc_column_text][vc_empty_space height=&#8221;30px&#8221;][\/vc_column_inner][\/vc_row_inner][\/vc_column][\/vc_row]<\/p>\n<\/section>","protected":false},"excerpt":{"rendered":"<p>[vc_row fullwidth=&#8221;1&#8243;][vc_column][ucaddon_ag_sub_hero ag_sh_text_small=&#8221;MEID\u00c4N KUMPPANIMME&#8221; ag_sh_text=&#8221;LEHVOSS GROUP&#8221; ag_sub_hero_par=&#8221;TEVIVk9TUyUyMEdyb3VwJTIwdGFyam9hYSUyMGh1aXBwdXN1b3JpdHVza3lreWlzaSVDMyVBNCUyMGtvbXBvc2lpdHRlamElMkMlMjBqb3RrYSUyMHRhcmpvYXZhdCUyMHBvaWtrZXVrc2VsbGlzdGElMjBsYWF0dWElMjBqYSUyMHN1b3JpdHVza3lreSVDMyVBNCUyMHZhc3RhYW1hYW4lMjBhaW51dGxhYXR1aXNpaW4lMjB0YXJwZWlzaWluLg==&#8221; ag_sh_tag=&#8221;h1&#8243; uc_init_settings=&#8221;&#8221;][\/vc_column][\/vc_row][vc_row css_animation=&#8221;none&#8221; css=&#8221;.vc_custom_1663093872195{padding-top: 40px !important;padding-bottom: 40px !important;}&#8221;][vc_column css_animation=&#8221;fadeIn&#8221; width=&#8221;1\/2&#8243; el_class=&#8221;standard-padding&#8221;][vc_empty_space height=&#8221;120px&#8221;][ucaddon_ag_title ag_title_slim=&#8221;TEVIVk9TUw==&#8221; ag_title_bold=&#8221;VEVLTklORU4lMjBFUklOT01BSVNVVVM=&#8221; ag_title_font_size=&#8221;45&#8243; ag_title_align=&#8221;left&#8221; ag_titel_border=&#8221;&#8221;][vc_column_text css=&#8221;.vc_custom_1729754384262{padding-bottom: 2rem !important;}&#8221;]LEHVOSS Group on perheomisteinen ja globaalisti aktiivinen termoplastisten komposiittien kehitt\u00e4j\u00e4 ja valmistaja, jolla on tuotantolaitoksia Euroopassa, Aasiassa ja Yhdysvalloissa. Emoyhti\u00f6 Lehmann &amp; Voss &amp; Co. sijaitsee Hampurissa. LEHVOSS Compounds [&hellip;]<\/p>\n","protected":false},"author":29,"featured_media":0,"parent":796,"menu_order":0,"comment_status":"closed","ping_status":"closed","template":"page-visual-composer.php","meta":{"_mi_skip_tracking":false},"acf":[],"yoast_head":"<!-- This site is optimized with the Yoast SEO plugin v20.7 - https:\/\/yoast.com\/wordpress\/plugins\/seo\/ -->\n<title>LEHVOSS - Mape Plastics<\/title>\n<meta name=\"robots\" content=\"index, follow, max-snippet:-1, max-image-preview:large, max-video-preview:-1\" \/>\n<link rel=\"canonical\" href=\"https:\/\/mapeplastics.se\/fi\/yhteistyokumppanit\/lehvoss\/\" \/>\n<meta property=\"og:locale\" content=\"fi_FI\" \/>\n<meta property=\"og:type\" content=\"article\" \/>\n<meta property=\"og:title\" content=\"LEHVOSS - Mape Plastics\" \/>\n<meta property=\"og:description\" content=\"[vc_row fullwidth=&#8221;1&#8243;][vc_column][ucaddon_ag_sub_hero ag_sh_text_small=&#8221;MEID\u00c4N KUMPPANIMME&#8221; ag_sh_text=&#8221;LEHVOSS GROUP&#8221; ag_sub_hero_par=&#8221;TEVIVk9TUyUyMEdyb3VwJTIwdGFyam9hYSUyMGh1aXBwdXN1b3JpdHVza3lreWlzaSVDMyVBNCUyMGtvbXBvc2lpdHRlamElMkMlMjBqb3RrYSUyMHRhcmpvYXZhdCUyMHBvaWtrZXVrc2VsbGlzdGElMjBsYWF0dWElMjBqYSUyMHN1b3JpdHVza3lreSVDMyVBNCUyMHZhc3RhYW1hYW4lMjBhaW51dGxhYXR1aXNpaW4lMjB0YXJwZWlzaWluLg==&#8221; ag_sh_tag=&#8221;h1&#8243; uc_init_settings=&#8221;&#8221;][\/vc_column][\/vc_row][vc_row css_animation=&#8221;none&#8221; css=&#8221;.vc_custom_1663093872195{padding-top: 40px !important;padding-bottom: 40px !important;}&#8221;][vc_column css_animation=&#8221;fadeIn&#8221; width=&#8221;1\/2&#8243; el_class=&#8221;standard-padding&#8221;][vc_empty_space height=&#8221;120px&#8221;][ucaddon_ag_title ag_title_slim=&#8221;TEVIVk9TUw==&#8221; ag_title_bold=&#8221;VEVLTklORU4lMjBFUklOT01BSVNVVVM=&#8221; ag_title_font_size=&#8221;45&#8243; ag_title_align=&#8221;left&#8221; ag_titel_border=&#8221;&#8221;][vc_column_text css=&#8221;.vc_custom_1729754384262{padding-bottom: 2rem !important;}&#8221;]LEHVOSS Group on perheomisteinen ja globaalisti aktiivinen termoplastisten komposiittien kehitt\u00e4j\u00e4 ja valmistaja, jolla on tuotantolaitoksia Euroopassa, Aasiassa ja Yhdysvalloissa. Emoyhti\u00f6 Lehmann &amp; Voss &amp; Co. sijaitsee Hampurissa. LEHVOSS Compounds [&hellip;]\" \/>\n<meta property=\"og:url\" content=\"https:\/\/mapeplastics.se\/fi\/yhteistyokumppanit\/lehvoss\/\" \/>\n<meta property=\"og:site_name\" content=\"Mape Plastics\" \/>\n<meta property=\"article:modified_time\" content=\"2024-10-24T07:20:21+00:00\" \/>\n<meta name=\"twitter:card\" content=\"summary_large_image\" \/>\n<meta name=\"twitter:label1\" content=\"Arvioitu lukuaika\" \/>\n\t<meta name=\"twitter:data1\" content=\"2 minuuttia\" \/>\n<script type=\"application\/ld+json\" class=\"yoast-schema-graph\">{\"@context\":\"https:\/\/schema.org\",\"@graph\":[{\"@type\":\"WebPage\",\"@id\":\"https:\/\/mapeplastics.se\/fi\/yhteistyokumppanit\/lehvoss\/\",\"url\":\"https:\/\/mapeplastics.se\/fi\/yhteistyokumppanit\/lehvoss\/\",\"name\":\"LEHVOSS - Mape Plastics\",\"isPartOf\":{\"@id\":\"https:\/\/mapeplastics.se\/fi\/#website\"},\"datePublished\":\"2023-08-10T19:58:03+00:00\",\"dateModified\":\"2024-10-24T07:20:21+00:00\",\"breadcrumb\":{\"@id\":\"https:\/\/mapeplastics.se\/fi\/yhteistyokumppanit\/lehvoss\/#breadcrumb\"},\"inLanguage\":\"fi\",\"potentialAction\":[{\"@type\":\"ReadAction\",\"target\":[\"https:\/\/mapeplastics.se\/fi\/yhteistyokumppanit\/lehvoss\/\"]}]},{\"@type\":\"BreadcrumbList\",\"@id\":\"https:\/\/mapeplastics.se\/fi\/yhteistyokumppanit\/lehvoss\/#breadcrumb\",\"itemListElement\":[{\"@type\":\"ListItem\",\"position\":1,\"name\":\"Hem\",\"item\":\"https:\/\/mapeplastics.se\/fi\/\"},{\"@type\":\"ListItem\",\"position\":2,\"name\":\"YHTEISTY\u00d6KUMPPANIMME\",\"item\":\"https:\/\/mapeplastics.se\/fi\/yhteistyokumppanit\/\"},{\"@type\":\"ListItem\",\"position\":3,\"name\":\"LEHVOSS\"}]},{\"@type\":\"WebSite\",\"@id\":\"https:\/\/mapeplastics.se\/fi\/#website\",\"url\":\"https:\/\/mapeplastics.se\/fi\/\",\"name\":\"Mape Plastics\",\"description\":\"\",\"potentialAction\":[{\"@type\":\"SearchAction\",\"target\":{\"@type\":\"EntryPoint\",\"urlTemplate\":\"https:\/\/mapeplastics.se\/fi\/?s={search_term_string}\"},\"query-input\":\"required name=search_term_string\"}],\"inLanguage\":\"fi\"}]}<\/script>\n<!-- \/ Yoast SEO plugin. -->","yoast_head_json":{"title":"LEHVOSS - Mape Plastics","robots":{"index":"index","follow":"follow","max-snippet":"max-snippet:-1","max-image-preview":"max-image-preview:large","max-video-preview":"max-video-preview:-1"},"canonical":"https:\/\/mapeplastics.se\/fi\/yhteistyokumppanit\/lehvoss\/","og_locale":"fi_FI","og_type":"article","og_title":"LEHVOSS - Mape Plastics","og_description":"[vc_row fullwidth=&#8221;1&#8243;][vc_column][ucaddon_ag_sub_hero ag_sh_text_small=&#8221;MEID\u00c4N KUMPPANIMME&#8221; ag_sh_text=&#8221;LEHVOSS GROUP&#8221; ag_sub_hero_par=&#8221;TEVIVk9TUyUyMEdyb3VwJTIwdGFyam9hYSUyMGh1aXBwdXN1b3JpdHVza3lreWlzaSVDMyVBNCUyMGtvbXBvc2lpdHRlamElMkMlMjBqb3RrYSUyMHRhcmpvYXZhdCUyMHBvaWtrZXVrc2VsbGlzdGElMjBsYWF0dWElMjBqYSUyMHN1b3JpdHVza3lreSVDMyVBNCUyMHZhc3RhYW1hYW4lMjBhaW51dGxhYXR1aXNpaW4lMjB0YXJwZWlzaWluLg==&#8221; ag_sh_tag=&#8221;h1&#8243; uc_init_settings=&#8221;&#8221;][\/vc_column][\/vc_row][vc_row css_animation=&#8221;none&#8221; css=&#8221;.vc_custom_1663093872195{padding-top: 40px !important;padding-bottom: 40px !important;}&#8221;][vc_column css_animation=&#8221;fadeIn&#8221; width=&#8221;1\/2&#8243; el_class=&#8221;standard-padding&#8221;][vc_empty_space height=&#8221;120px&#8221;][ucaddon_ag_title ag_title_slim=&#8221;TEVIVk9TUw==&#8221; ag_title_bold=&#8221;VEVLTklORU4lMjBFUklOT01BSVNVVVM=&#8221; ag_title_font_size=&#8221;45&#8243; ag_title_align=&#8221;left&#8221; ag_titel_border=&#8221;&#8221;][vc_column_text css=&#8221;.vc_custom_1729754384262{padding-bottom: 2rem !important;}&#8221;]LEHVOSS Group on perheomisteinen ja globaalisti aktiivinen termoplastisten komposiittien kehitt\u00e4j\u00e4 ja valmistaja, jolla on tuotantolaitoksia Euroopassa, Aasiassa ja Yhdysvalloissa. Emoyhti\u00f6 Lehmann &amp; Voss &amp; Co. sijaitsee Hampurissa. LEHVOSS Compounds [&hellip;]","og_url":"https:\/\/mapeplastics.se\/fi\/yhteistyokumppanit\/lehvoss\/","og_site_name":"Mape Plastics","article_modified_time":"2024-10-24T07:20:21+00:00","twitter_card":"summary_large_image","twitter_misc":{"Arvioitu lukuaika":"2 minuuttia"},"schema":{"@context":"https:\/\/schema.org","@graph":[{"@type":"WebPage","@id":"https:\/\/mapeplastics.se\/fi\/yhteistyokumppanit\/lehvoss\/","url":"https:\/\/mapeplastics.se\/fi\/yhteistyokumppanit\/lehvoss\/","name":"LEHVOSS - Mape Plastics","isPartOf":{"@id":"https:\/\/mapeplastics.se\/fi\/#website"},"datePublished":"2023-08-10T19:58:03+00:00","dateModified":"2024-10-24T07:20:21+00:00","breadcrumb":{"@id":"https:\/\/mapeplastics.se\/fi\/yhteistyokumppanit\/lehvoss\/#breadcrumb"},"inLanguage":"fi","potentialAction":[{"@type":"ReadAction","target":["https:\/\/mapeplastics.se\/fi\/yhteistyokumppanit\/lehvoss\/"]}]},{"@type":"BreadcrumbList","@id":"https:\/\/mapeplastics.se\/fi\/yhteistyokumppanit\/lehvoss\/#breadcrumb","itemListElement":[{"@type":"ListItem","position":1,"name":"Hem","item":"https:\/\/mapeplastics.se\/fi\/"},{"@type":"ListItem","position":2,"name":"YHTEISTY\u00d6KUMPPANIMME","item":"https:\/\/mapeplastics.se\/fi\/yhteistyokumppanit\/"},{"@type":"ListItem","position":3,"name":"LEHVOSS"}]},{"@type":"WebSite","@id":"https:\/\/mapeplastics.se\/fi\/#website","url":"https:\/\/mapeplastics.se\/fi\/","name":"Mape Plastics","description":"","potentialAction":[{"@type":"SearchAction","target":{"@type":"EntryPoint","urlTemplate":"https:\/\/mapeplastics.se\/fi\/?s={search_term_string}"},"query-input":"required name=search_term_string"}],"inLanguage":"fi"}]}},"_links":{"self":[{"href":"https:\/\/mapeplastics.se\/fi\/wp-json\/wp\/v2\/pages\/4733"}],"collection":[{"href":"https:\/\/mapeplastics.se\/fi\/wp-json\/wp\/v2\/pages"}],"about":[{"href":"https:\/\/mapeplastics.se\/fi\/wp-json\/wp\/v2\/types\/page"}],"author":[{"embeddable":true,"href":"https:\/\/mapeplastics.se\/fi\/wp-json\/wp\/v2\/users\/29"}],"replies":[{"embeddable":true,"href":"https:\/\/mapeplastics.se\/fi\/wp-json\/wp\/v2\/comments?post=4733"}],"version-history":[{"count":10,"href":"https:\/\/mapeplastics.se\/fi\/wp-json\/wp\/v2\/pages\/4733\/revisions"}],"predecessor-version":[{"id":7331,"href":"https:\/\/mapeplastics.se\/fi\/wp-json\/wp\/v2\/pages\/4733\/revisions\/7331"}],"up":[{"embeddable":true,"href":"https:\/\/mapeplastics.se\/fi\/wp-json\/wp\/v2\/pages\/796"}],"wp:attachment":[{"href":"https:\/\/mapeplastics.se\/fi\/wp-json\/wp\/v2\/media?parent=4733"}],"curies":[{"name":"wp","href":"https:\/\/api.w.org\/{rel}","templated":true}]}}