{"id":4743,"date":"2023-08-10T21:58:03","date_gmt":"2023-08-10T19:58:03","guid":{"rendered":"https:\/\/mapeplastics.se\/yhteistyokumppanit\/lotte-chemical\/"},"modified":"2025-09-08T10:46:35","modified_gmt":"2025-09-08T08:46:35","slug":"lotte-chemical","status":"publish","type":"page","link":"https:\/\/mapeplastics.se\/fi\/yhteistyokumppanit\/lotte-chemical\/","title":{"rendered":"LOTTE CHEMICAL"},"content":{"rendered":"<section class=\"wpb-content-wrapper\"><p>[vc_row fullwidth=&#8221;1&#8243;][vc_column][ucaddon_ag_sub_hero ag_sh_text_small=&#8221;Our Partners&#8221; ag_sh_text=&#8221;LOTTE CHEMICAL&#8221; ag_sub_hero_par=&#8221;SHklQzMlQjZkeW5uJUMzJUE0JTIwZWRpc3R5bmVpZGVuJTIwbWF0ZXJpYWFsaWVuJTIwcG90ZW50aWFhbGklMjBMT1RURSUyMENoZW1pY2FsaW4lMjBTdGFyZXglQzIlQUUtJTIwamElMjBJTkZJTk8lQzIlQUUtdHVvdHRlaWRlbiUyMGF2dWxsYS4=&#8221; ag_sh_tag=&#8221;h1&#8243;][\/vc_column][\/vc_row][vc_row css_animation=&#8221;none&#8221; css=&#8221;.vc_custom_1663093872195{padding-top: 40px !important;padding-bottom: 40px !important;}&#8221;][vc_column css_animation=&#8221;fadeIn&#8221; width=&#8221;1\/2&#8243; el_class=&#8221;standard-padding&#8221;][vc_empty_space height=&#8221;120px&#8221;][ucaddon_ag_title ag_title_slim=&#8221;MTk3Ng==&#8221; ag_title_bold=&#8221;UEFSRU1QSSUyME1BQUlMTUElMjBLRU1JQU4lMjBLQVVUVEE=&#8221; ag_title_font_size=&#8221;45&#8243; ag_title_align=&#8221;left&#8221; ag_titel_border=&#8221;&#8221;][vc_column_text css=&#8221;.vc_custom_1692360717012{padding-bottom: 2rem !important;}&#8221;]Vuonna 1976 perustettu LOTTE Chemical on kehittynyt tunnetuksi maailmanlaajuiseksi yleiskemian yritykseksi. Alkuper\u00e4ist\u00e4\u00e4n Korean johtavana kemianalan yrityksen\u00e4 se on noussut yhdeksi maailman seitsem\u00e4st\u00e4 suurimmasta kemianyhti\u00f6st\u00e4, ja sen tuotekilpailukyky perustuu poikkeukselliseen T&amp;K-kykyyn ja asiantuntemukseen.<\/p>\n<p>Ymp\u00e4rist\u00f6nsuojelulle omistautunut LOTTE Chemical on omistautunut jatkuvaan tuotekehitykseen k\u00e4ytt\u00e4m\u00e4ll\u00e4 ymp\u00e4rist\u00f6yst\u00e4v\u00e4llisi\u00e4 teknologioita, mik\u00e4 parantaa viime k\u00e4dess\u00e4 ihmisten el\u00e4m\u00e4nlaatua. LOTTE Chemical on vahvasti sitoutunut edist\u00e4m\u00e4\u00e4n tulevaisuutta, joka hy\u00f6dytt\u00e4\u00e4 sek\u00e4 ihmiskuntaa ett\u00e4 luontoa, ja sen tavoitteena on luoda kest\u00e4v\u00e4 ja vauras maailma.[\/vc_column_text][\/vc_column][vc_column css_animation=&#8221;fadeIn&#8221; width=&#8221;1\/2&#8243;][ucaddon_ag_overlay_block ag_overlay_image=&#8221;4485&#8243; ag_overlay_image_font=&#8221;4425&#8243;][\/vc_column][\/vc_row][vc_row css_animation=&#8221;fadeIn&#8221; css=&#8221;.vc_custom_1663093992409{margin-top: 60px !important;margin-bottom: 80px !important;}&#8221;][vc_column width=&#8221;1\/2&#8243; el_class=&#8221;text-col&#8221;][ucaddon_ag_overlay_block ag_overlay_image=&#8221;4130&#8243; ag_overlay_image_font=&#8221;3267&#8243;][\/vc_column][vc_column width=&#8221;1\/2&#8243; el_class=&#8221;desktop-padding&#8221;][ucaddon_ag_title ag_title_slim=&#8221;U1RBUkVYJUMyJUFFJTIwSU5GSU5PJUMyJUFF&#8221; ag_title_bold=&#8221;RURJU1RZTllUJTIwTUFURVJJQUFMSVQ=&#8221; ag_title_font_size=&#8221;45&#8243; ag_title_align=&#8221;left&#8221; ag_titel_border=&#8221;&#8221;][vc_column_text css=&#8221;.vc_custom_1692360737340{padding-bottom: 2rem !important;}&#8221;]Hy\u00f6dynt\u00e4m\u00e4ll\u00e4 LOTTE Chemicalin edistyksellisten materiaalien asiantuntemusta, on saatavilla laaja valikoima erikoismateriaaliratkaisuja. N\u00e4m\u00e4 tarjoukset on suunniteltu erityisesti ohjaamaan asiakkaiden sovelluskehityst\u00e4 eri aloilla, kuten kodinkoneet, energian IT-laitteet, l\u00e4\u00e4ketieteelliset laitteet ja edistykselliset autonosat.<\/p>\n<p>Starex\u00ae erottuu heid\u00e4n tuotevalikoimastaan sis\u00e4lt\u00e4en joukon yleisi\u00e4 materiaaleja, mukaan lukien ABS, ABS-seos ja ABS:st\u00e4 ja ASA:sta johdettuja erikoislaatuja. Samaan aikaan heid\u00e4n tunnettu tuotemerkki INFINO\u00ae tarjoaa teknisi\u00e4 muoveja, kuten PC:t\u00e4 ja PC-seosta, mukaan lukien PC\/ABS ja PC\/PBT.[\/vc_column_text][\/vc_column][\/vc_row][vc_row css=&#8221;.vc_custom_1692819208324{padding-bottom: 60px !important;}&#8221;][vc_column][ucaddon_ag_title ag_title_slim=&#8221;TUFURVJJQUFMSVRJRVRPS0FOVEE=&#8221; ag_title_bold=&#8221;VFVPVFRFRVQ=&#8221; ag_title_font_size=&#8221;40&#8243; ag_title_align=&#8221;center&#8221; ag_titel_border=&#8221;&#8221;]\r\n        <style>\r\n            .js-ul-prospector-iframe {\r\n                width: 1px;\r\n                min-width: 100%;\r\n            }\r\n        <\/style>\r\n        <iframe class=\"js-ul-prospector-iframe\" src=\"https:\/\/catalog.ulprospector.com\/xquery.aspx?I=75681&amp;QM=100:1109&amp;RSCOLS=DYNAMIC&amp;FMT=HOV&amp;CULTURE=en&amp;PGSIZE=10\" frameborder=\"0\" allowfullscreen=\"false\" scrolling=\"yes\" loading=\"lazy\"><\/iframe>\r\n        <script>\r\n            jQuery(window).on(\"load\", function () {\r\n                if (!window.mapeChildUlProspectorIframeResizerInit) {\r\n                    console.log(\"Init UL Iframe Resizer\");\r\n                    iFrameResize({ log: false, scrolling: \"omit\" }, \".js-ul-prospector-iframe\");\r\n                    window.mapeChildUlProspectorIframeResizerInit = true;\r\n                }\r\n            });\r\n        <\/script>\r\n    [\/vc_column][\/vc_row][vc_row css=&#8221;.vc_custom_1647351943677{padding-top: 50px !important;padding-bottom: 60px !important;background-color: #f9f9f9 !important;}&#8221;][vc_column][ucaddon_ag_title ag_title_slim=&#8221;TE9UVEUlMjBDSEVNSUNBTA==&#8221; ag_title_bold=&#8221;THVlJTIwbGlzJUMzJUE0JUMzJUE0&#8243; ag_title_font_size=&#8221;45&#8243; ag_title_align=&#8221;center&#8221; ag_titel_border=&#8221;&#8221;][vc_empty_space height=&#8221;30px&#8221;][vc_row_inner gap=&#8221;30&#8243; el_class=&#8221;usp-row&#8221;][vc_column_inner el_class=&#8221;cta-col&#8221; width=&#8221;1\/3&#8243; css=&#8221;.vc_custom_1647427402135{padding-top: 0px !important;background-color: #ffffff !important;}&#8221;][vc_single_image image=&#8221;4480&#8243; img_size=&#8221;full&#8221; onclick=&#8221;custom_link&#8221; img_link_target=&#8221;_blank&#8221; el_class=&#8221;cta-img&#8221; link=&#8221;https:\/\/product.lottechem.com\/en\/index.do&#8221;][vc_custom_heading text=&#8221;LOTTE CHEMICAL&#8221; font_container=&#8221;tag:h3|text_align:left&#8221; use_theme_fonts=&#8221;yes&#8221; el_class=&#8221;rubrik-mape&#8221; css=&#8221;.vc_custom_1686562565924{padding-left: 15px !important;}&#8221; link=&#8221;url:https%3A%2F%2Fproduct.lottechem.com%2Fen%2Findex.do&#8221;][vc_column_text el_class=&#8221;under-rubrik-mape&#8221; css=&#8221;.vc_custom_1686562577508{padding-left: 15px !important;}&#8221;]<a href=\"https:\/\/product.lottechem.com\/en\/index.do\">Visit LOTTE website<\/a>[\/vc_column_text][vc_empty_space height=&#8221;30px&#8221;][\/vc_column_inner][vc_column_inner el_class=&#8221;cta-col&#8221; width=&#8221;1\/3&#8243; css=&#8221;.vc_custom_1647352243868{padding-top: 0px !important;background-color: #ffffff !important;}&#8221;][vc_single_image image=&#8221;4490&#8243; img_size=&#8221;full&#8221; onclick=&#8221;custom_link&#8221; img_link_target=&#8221;_blank&#8221; el_class=&#8221;cta-img&#8221; link=&#8221;https:\/\/product.lottechem.com\/en\/tech\/brochure.do;jsessionid=51729ABC614899B03A7A734C929CA888?brPrdGroupCate=advanced&#8221;][vc_custom_heading text=&#8221;PRODUCT BROSCHURES&#8221; font_container=&#8221;tag:h3|text_align:left&#8221; use_theme_fonts=&#8221;yes&#8221; el_class=&#8221;rubrik-mape&#8221; css=&#8221;.vc_custom_1686562280452{padding-left: 15px !important;}&#8221; link=&#8221;url:https%3A%2F%2Fproduct.lottechem.com%2Fen%2Ftech%2Fbrochure.do%3Bjsessionid%3D51729ABC614899B03A7A734C929CA888%3FbrPrdGroupCate%3Dadvanced&#8221;][vc_column_text el_class=&#8221;under-rubrik-mape&#8221; css=&#8221;.vc_custom_1686562326701{padding-left: 15px !important;}&#8221;]<a href=\"https:\/\/product.lottechem.com\/en\/tech\/brochure.do;jsessionid=51729ABC614899B03A7A734C929CA888?brPrdGroupCate=advanced\" target=\"_blank\" rel=\"noopener\">Explore\u00a0Infino and Starex<\/a>[\/vc_column_text][vc_empty_space height=&#8221;30px&#8221;][\/vc_column_inner][vc_column_inner el_class=&#8221;cta-col&#8221; width=&#8221;1\/3&#8243; css=&#8221;.vc_custom_1647351040630{padding-top: 0px !important;background-color: #ffffff !important;}&#8221;][vc_single_image image=&#8221;8198&#8243; img_size=&#8221;full&#8221; onclick=&#8221;custom_link&#8221; img_link_target=&#8221;_blank&#8221; el_class=&#8221;cta-img&#8221; link=&#8221;mailto:gustav.claesson@mapeplastics.se&#8221;][vc_custom_heading text=&#8221;WANT TO KNOW MORE?&#8221; font_container=&#8221;tag:h3|text_align:left&#8221; use_theme_fonts=&#8221;yes&#8221; el_class=&#8221;rubrik-mape&#8221; css=&#8221;.vc_custom_1686562678044{padding-left: 15px !important;}&#8221; link=&#8221;url:mailto%3Amagnus%40mapeplastics.se&#8221;][vc_column_text el_class=&#8221;under-rubrik-mape&#8221; css=&#8221;.vc_custom_1757321192627{padding-left: 15px !important;}&#8221;]<a href=\"mailto:gustav.claesson@mapeplastics.se\" target=\"_blank\" rel=\"noopener\">CONTACT GUSTAV CLAESSON<\/a>[\/vc_column_text][vc_empty_space height=&#8221;30px&#8221;][\/vc_column_inner][\/vc_row_inner][\/vc_column][\/vc_row]<\/p>\n<\/section>","protected":false},"excerpt":{"rendered":"<p>[vc_row fullwidth=&#8221;1&#8243;][vc_column][ucaddon_ag_sub_hero ag_sh_text_small=&#8221;Our Partners&#8221; ag_sh_text=&#8221;LOTTE CHEMICAL&#8221; ag_sub_hero_par=&#8221;SHklQzMlQjZkeW5uJUMzJUE0JTIwZWRpc3R5bmVpZGVuJTIwbWF0ZXJpYWFsaWVuJTIwcG90ZW50aWFhbGklMjBMT1RURSUyMENoZW1pY2FsaW4lMjBTdGFyZXglQzIlQUUtJTIwamElMjBJTkZJTk8lQzIlQUUtdHVvdHRlaWRlbiUyMGF2dWxsYS4=&#8221; ag_sh_tag=&#8221;h1&#8243;][\/vc_column][\/vc_row][vc_row css_animation=&#8221;none&#8221; css=&#8221;.vc_custom_1663093872195{padding-top: 40px !important;padding-bottom: 40px !important;}&#8221;][vc_column css_animation=&#8221;fadeIn&#8221; width=&#8221;1\/2&#8243; el_class=&#8221;standard-padding&#8221;][vc_empty_space height=&#8221;120px&#8221;][ucaddon_ag_title ag_title_slim=&#8221;MTk3Ng==&#8221; ag_title_bold=&#8221;UEFSRU1QSSUyME1BQUlMTUElMjBLRU1JQU4lMjBLQVVUVEE=&#8221; ag_title_font_size=&#8221;45&#8243; ag_title_align=&#8221;left&#8221; ag_titel_border=&#8221;&#8221;][vc_column_text css=&#8221;.vc_custom_1692360717012{padding-bottom: 2rem !important;}&#8221;]Vuonna 1976 perustettu LOTTE Chemical on kehittynyt tunnetuksi maailmanlaajuiseksi yleiskemian yritykseksi. Alkuper\u00e4ist\u00e4\u00e4n Korean johtavana kemianalan yrityksen\u00e4 se on noussut yhdeksi maailman seitsem\u00e4st\u00e4 suurimmasta kemianyhti\u00f6st\u00e4, ja sen tuotekilpailukyky perustuu poikkeukselliseen T&amp;K-kykyyn [&hellip;]<\/p>\n","protected":false},"author":29,"featured_media":0,"parent":796,"menu_order":0,"comment_status":"closed","ping_status":"closed","template":"page-visual-composer.php","meta":{"_mi_skip_tracking":false},"acf":[],"yoast_head":"<!-- This site is optimized with the Yoast SEO plugin v20.7 - https:\/\/yoast.com\/wordpress\/plugins\/seo\/ -->\n<title>LOTTE CHEMICAL - Mape Plastics<\/title>\n<meta name=\"robots\" content=\"index, follow, max-snippet:-1, max-image-preview:large, max-video-preview:-1\" \/>\n<link rel=\"canonical\" href=\"https:\/\/mapeplastics.se\/fi\/yhteistyokumppanit\/lotte-chemical\/\" \/>\n<meta property=\"og:locale\" content=\"fi_FI\" \/>\n<meta property=\"og:type\" content=\"article\" \/>\n<meta property=\"og:title\" content=\"LOTTE CHEMICAL - Mape Plastics\" \/>\n<meta property=\"og:description\" content=\"[vc_row fullwidth=&#8221;1&#8243;][vc_column][ucaddon_ag_sub_hero ag_sh_text_small=&#8221;Our Partners&#8221; ag_sh_text=&#8221;LOTTE CHEMICAL&#8221; ag_sub_hero_par=&#8221;SHklQzMlQjZkeW5uJUMzJUE0JTIwZWRpc3R5bmVpZGVuJTIwbWF0ZXJpYWFsaWVuJTIwcG90ZW50aWFhbGklMjBMT1RURSUyMENoZW1pY2FsaW4lMjBTdGFyZXglQzIlQUUtJTIwamElMjBJTkZJTk8lQzIlQUUtdHVvdHRlaWRlbiUyMGF2dWxsYS4=&#8221; ag_sh_tag=&#8221;h1&#8243;][\/vc_column][\/vc_row][vc_row css_animation=&#8221;none&#8221; css=&#8221;.vc_custom_1663093872195{padding-top: 40px !important;padding-bottom: 40px !important;}&#8221;][vc_column css_animation=&#8221;fadeIn&#8221; width=&#8221;1\/2&#8243; el_class=&#8221;standard-padding&#8221;][vc_empty_space height=&#8221;120px&#8221;][ucaddon_ag_title ag_title_slim=&#8221;MTk3Ng==&#8221; ag_title_bold=&#8221;UEFSRU1QSSUyME1BQUlMTUElMjBLRU1JQU4lMjBLQVVUVEE=&#8221; ag_title_font_size=&#8221;45&#8243; ag_title_align=&#8221;left&#8221; ag_titel_border=&#8221;&#8221;][vc_column_text css=&#8221;.vc_custom_1692360717012{padding-bottom: 2rem !important;}&#8221;]Vuonna 1976 perustettu LOTTE Chemical on kehittynyt tunnetuksi maailmanlaajuiseksi yleiskemian yritykseksi. Alkuper\u00e4ist\u00e4\u00e4n Korean johtavana kemianalan yrityksen\u00e4 se on noussut yhdeksi maailman seitsem\u00e4st\u00e4 suurimmasta kemianyhti\u00f6st\u00e4, ja sen tuotekilpailukyky perustuu poikkeukselliseen T&amp;K-kykyyn [&hellip;]\" \/>\n<meta property=\"og:url\" content=\"https:\/\/mapeplastics.se\/fi\/yhteistyokumppanit\/lotte-chemical\/\" \/>\n<meta property=\"og:site_name\" content=\"Mape Plastics\" \/>\n<meta property=\"article:modified_time\" content=\"2025-09-08T08:46:35+00:00\" \/>\n<meta name=\"twitter:card\" content=\"summary_large_image\" \/>\n<meta name=\"twitter:label1\" content=\"Arvioitu lukuaika\" \/>\n\t<meta name=\"twitter:data1\" content=\"2 minuuttia\" \/>\n<script type=\"application\/ld+json\" class=\"yoast-schema-graph\">{\"@context\":\"https:\/\/schema.org\",\"@graph\":[{\"@type\":\"WebPage\",\"@id\":\"https:\/\/mapeplastics.se\/fi\/yhteistyokumppanit\/lotte-chemical\/\",\"url\":\"https:\/\/mapeplastics.se\/fi\/yhteistyokumppanit\/lotte-chemical\/\",\"name\":\"LOTTE CHEMICAL - Mape Plastics\",\"isPartOf\":{\"@id\":\"https:\/\/mapeplastics.se\/fi\/#website\"},\"datePublished\":\"2023-08-10T19:58:03+00:00\",\"dateModified\":\"2025-09-08T08:46:35+00:00\",\"breadcrumb\":{\"@id\":\"https:\/\/mapeplastics.se\/fi\/yhteistyokumppanit\/lotte-chemical\/#breadcrumb\"},\"inLanguage\":\"fi\",\"potentialAction\":[{\"@type\":\"ReadAction\",\"target\":[\"https:\/\/mapeplastics.se\/fi\/yhteistyokumppanit\/lotte-chemical\/\"]}]},{\"@type\":\"BreadcrumbList\",\"@id\":\"https:\/\/mapeplastics.se\/fi\/yhteistyokumppanit\/lotte-chemical\/#breadcrumb\",\"itemListElement\":[{\"@type\":\"ListItem\",\"position\":1,\"name\":\"Hem\",\"item\":\"https:\/\/mapeplastics.se\/fi\/\"},{\"@type\":\"ListItem\",\"position\":2,\"name\":\"YHTEISTY\u00d6KUMPPANIMME\",\"item\":\"https:\/\/mapeplastics.se\/fi\/yhteistyokumppanit\/\"},{\"@type\":\"ListItem\",\"position\":3,\"name\":\"LOTTE CHEMICAL\"}]},{\"@type\":\"WebSite\",\"@id\":\"https:\/\/mapeplastics.se\/fi\/#website\",\"url\":\"https:\/\/mapeplastics.se\/fi\/\",\"name\":\"Mape Plastics\",\"description\":\"\",\"potentialAction\":[{\"@type\":\"SearchAction\",\"target\":{\"@type\":\"EntryPoint\",\"urlTemplate\":\"https:\/\/mapeplastics.se\/fi\/?s={search_term_string}\"},\"query-input\":\"required name=search_term_string\"}],\"inLanguage\":\"fi\"}]}<\/script>\n<!-- \/ Yoast SEO plugin. -->","yoast_head_json":{"title":"LOTTE CHEMICAL - Mape Plastics","robots":{"index":"index","follow":"follow","max-snippet":"max-snippet:-1","max-image-preview":"max-image-preview:large","max-video-preview":"max-video-preview:-1"},"canonical":"https:\/\/mapeplastics.se\/fi\/yhteistyokumppanit\/lotte-chemical\/","og_locale":"fi_FI","og_type":"article","og_title":"LOTTE CHEMICAL - Mape Plastics","og_description":"[vc_row fullwidth=&#8221;1&#8243;][vc_column][ucaddon_ag_sub_hero ag_sh_text_small=&#8221;Our Partners&#8221; ag_sh_text=&#8221;LOTTE CHEMICAL&#8221; ag_sub_hero_par=&#8221;SHklQzMlQjZkeW5uJUMzJUE0JTIwZWRpc3R5bmVpZGVuJTIwbWF0ZXJpYWFsaWVuJTIwcG90ZW50aWFhbGklMjBMT1RURSUyMENoZW1pY2FsaW4lMjBTdGFyZXglQzIlQUUtJTIwamElMjBJTkZJTk8lQzIlQUUtdHVvdHRlaWRlbiUyMGF2dWxsYS4=&#8221; ag_sh_tag=&#8221;h1&#8243;][\/vc_column][\/vc_row][vc_row css_animation=&#8221;none&#8221; css=&#8221;.vc_custom_1663093872195{padding-top: 40px !important;padding-bottom: 40px !important;}&#8221;][vc_column css_animation=&#8221;fadeIn&#8221; width=&#8221;1\/2&#8243; el_class=&#8221;standard-padding&#8221;][vc_empty_space height=&#8221;120px&#8221;][ucaddon_ag_title ag_title_slim=&#8221;MTk3Ng==&#8221; ag_title_bold=&#8221;UEFSRU1QSSUyME1BQUlMTUElMjBLRU1JQU4lMjBLQVVUVEE=&#8221; ag_title_font_size=&#8221;45&#8243; ag_title_align=&#8221;left&#8221; ag_titel_border=&#8221;&#8221;][vc_column_text css=&#8221;.vc_custom_1692360717012{padding-bottom: 2rem !important;}&#8221;]Vuonna 1976 perustettu LOTTE Chemical on kehittynyt tunnetuksi maailmanlaajuiseksi yleiskemian yritykseksi. Alkuper\u00e4ist\u00e4\u00e4n Korean johtavana kemianalan yrityksen\u00e4 se on noussut yhdeksi maailman seitsem\u00e4st\u00e4 suurimmasta kemianyhti\u00f6st\u00e4, ja sen tuotekilpailukyky perustuu poikkeukselliseen T&amp;K-kykyyn [&hellip;]","og_url":"https:\/\/mapeplastics.se\/fi\/yhteistyokumppanit\/lotte-chemical\/","og_site_name":"Mape Plastics","article_modified_time":"2025-09-08T08:46:35+00:00","twitter_card":"summary_large_image","twitter_misc":{"Arvioitu lukuaika":"2 minuuttia"},"schema":{"@context":"https:\/\/schema.org","@graph":[{"@type":"WebPage","@id":"https:\/\/mapeplastics.se\/fi\/yhteistyokumppanit\/lotte-chemical\/","url":"https:\/\/mapeplastics.se\/fi\/yhteistyokumppanit\/lotte-chemical\/","name":"LOTTE CHEMICAL - Mape Plastics","isPartOf":{"@id":"https:\/\/mapeplastics.se\/fi\/#website"},"datePublished":"2023-08-10T19:58:03+00:00","dateModified":"2025-09-08T08:46:35+00:00","breadcrumb":{"@id":"https:\/\/mapeplastics.se\/fi\/yhteistyokumppanit\/lotte-chemical\/#breadcrumb"},"inLanguage":"fi","potentialAction":[{"@type":"ReadAction","target":["https:\/\/mapeplastics.se\/fi\/yhteistyokumppanit\/lotte-chemical\/"]}]},{"@type":"BreadcrumbList","@id":"https:\/\/mapeplastics.se\/fi\/yhteistyokumppanit\/lotte-chemical\/#breadcrumb","itemListElement":[{"@type":"ListItem","position":1,"name":"Hem","item":"https:\/\/mapeplastics.se\/fi\/"},{"@type":"ListItem","position":2,"name":"YHTEISTY\u00d6KUMPPANIMME","item":"https:\/\/mapeplastics.se\/fi\/yhteistyokumppanit\/"},{"@type":"ListItem","position":3,"name":"LOTTE CHEMICAL"}]},{"@type":"WebSite","@id":"https:\/\/mapeplastics.se\/fi\/#website","url":"https:\/\/mapeplastics.se\/fi\/","name":"Mape Plastics","description":"","potentialAction":[{"@type":"SearchAction","target":{"@type":"EntryPoint","urlTemplate":"https:\/\/mapeplastics.se\/fi\/?s={search_term_string}"},"query-input":"required name=search_term_string"}],"inLanguage":"fi"}]}},"_links":{"self":[{"href":"https:\/\/mapeplastics.se\/fi\/wp-json\/wp\/v2\/pages\/4743"}],"collection":[{"href":"https:\/\/mapeplastics.se\/fi\/wp-json\/wp\/v2\/pages"}],"about":[{"href":"https:\/\/mapeplastics.se\/fi\/wp-json\/wp\/v2\/types\/page"}],"author":[{"embeddable":true,"href":"https:\/\/mapeplastics.se\/fi\/wp-json\/wp\/v2\/users\/29"}],"replies":[{"embeddable":true,"href":"https:\/\/mapeplastics.se\/fi\/wp-json\/wp\/v2\/comments?post=4743"}],"version-history":[{"count":5,"href":"https:\/\/mapeplastics.se\/fi\/wp-json\/wp\/v2\/pages\/4743\/revisions"}],"predecessor-version":[{"id":8205,"href":"https:\/\/mapeplastics.se\/fi\/wp-json\/wp\/v2\/pages\/4743\/revisions\/8205"}],"up":[{"embeddable":true,"href":"https:\/\/mapeplastics.se\/fi\/wp-json\/wp\/v2\/pages\/796"}],"wp:attachment":[{"href":"https:\/\/mapeplastics.se\/fi\/wp-json\/wp\/v2\/media?parent=4743"}],"curies":[{"name":"wp","href":"https:\/\/api.w.org\/{rel}","templated":true}]}}