{"id":4758,"date":"2023-08-10T21:58:05","date_gmt":"2023-08-10T19:58:05","guid":{"rendered":"https:\/\/mapeplastics.se\/yhteistyokumppanit\/rialti\/"},"modified":"2023-12-01T09:42:30","modified_gmt":"2023-12-01T08:42:30","slug":"rialti","status":"publish","type":"page","link":"https:\/\/mapeplastics.se\/fi\/yhteistyokumppanit\/rialti\/","title":{"rendered":"RIALTI"},"content":{"rendered":"<section class=\"wpb-content-wrapper\"><p>[vc_row fullwidth=&#8221;1&#8243;][vc_column][ucaddon_ag_sub_hero ag_sh_text_small=&#8221;MEID\u00c4N KUMPPANIMME&#8221; ag_sh_text=&#8221;RIALTI&#8221; ag_sub_hero_par=&#8221;UklBTFRJJTIwb24lMjBsdW90ZXR0YXZhJTIwa3VtcHBhbmklMjBwb2x5cHJvcGVlbml5aGRpc3RlaXNzJUMzJUE0JTJDJTIwam90a2ElMjBvbiUyMHZhbG1pc3RldHR1JTIwaGFydHNpc3RhJTIwdGFpJTIwayVDMyVBNHl0dCVDMyVBNG0lQzMlQTRsbCVDMyVBNCUyMHRlb2xsaXNlbiUyMHZhbG1pc3R1a3NlbiUyMHJvbXVhJTIwamElMjBrdWx1dHVzaiVDMyVBNHRldHQlQzMlQTQlMjBhbnRhbWFhbiUyMG11b3ZpbGxlJTIwdXV0dGElMjBlbCVDMyVBNG0lQzMlQTQlQzMlQTQu&#8221; ag_sh_tag=&#8221;h1&#8243;][\/vc_column][\/vc_row][vc_row css_animation=&#8221;none&#8221; css=&#8221;.vc_custom_1663093872195{padding-top: 40px !important;padding-bottom: 40px !important;}&#8221;][vc_column css_animation=&#8221;fadeIn&#8221; width=&#8221;1\/2&#8243; el_class=&#8221;standard-padding&#8221;][vc_empty_space height=&#8221;120px&#8221;][ucaddon_ag_title ag_title_slim=&#8221;UmlhbHRp&#8221; ag_title_bold=&#8221;UFAtWUhESVNURUVU&#8221; ag_title_font_size=&#8221;45&#8243; ag_title_align=&#8221;left&#8221; ag_titel_border=&#8221;&#8221;][vc_column_text css=&#8221;.vc_custom_1692361318245{padding-bottom: 2rem !important;}&#8221;]Yli kolmenkymmenen vuoden kokemuksella RIALTI on vakiinnuttanut asemansa markkinajohtajana Euroopan polypropeeniyhdisteteollisuudessa ruiskuvalussa ja suulakepuristuksessa. Heid\u00e4n omistautumisensa polypropeenille on johtanut vahvaan kasvuun vuosien varrella ja loistaviin olosuhteisiin vastata asiakkaiden ainutlaatuisiin vaatimuksiin tehokkaasti.<\/p>\n<p>He ovat jatkuvalla innovaatiomatkalla varmistaakseen, ett\u00e4 he ovat edelleen johtava PP-yhdisteiden valmistaja autoteollisuudessa, joka on ollut yhti\u00f6n ydinliiketoimintaa vuosikymmeni\u00e4. RIALTIN vahvuuksia ovat korkealaatuiset tekniset yhdisteet, joissa hy\u00f6dynnet\u00e4\u00e4n sek\u00e4 kierr\u00e4tettyj\u00e4 ett\u00e4 hartsipohjaisia PP-materiaaleja.[\/vc_column_text][\/vc_column][vc_column css_animation=&#8221;fadeIn&#8221; width=&#8221;1\/2&#8243;][ucaddon_ag_overlay_block ag_overlay_image=&#8221;3075&#8243; ag_overlay_image_font=&#8221;4442&#8243;][\/vc_column][\/vc_row][vc_row css_animation=&#8221;fadeIn&#8221; css=&#8221;.vc_custom_1663093992409{margin-top: 60px !important;margin-bottom: 80px !important;}&#8221;][vc_column width=&#8221;1\/2&#8243; el_class=&#8221;text-col&#8221;][ucaddon_ag_overlay_block ag_overlay_image=&#8221;3069&#8243; ag_overlay_image_font=&#8221;3325&#8243;][\/vc_column][vc_column width=&#8221;1\/2&#8243; el_class=&#8221;desktop-padding&#8221;][ucaddon_ag_title ag_title_slim=&#8221;cmlhbHRp&#8221; ag_title_bold=&#8221;S1VVU0klMjBUVU9URVBFUkhFVFQlQzMlODQ=&#8221; ag_title_font_size=&#8221;45&#8243; ag_title_align=&#8221;left&#8221; ag_titel_border=&#8221;&#8221;][vc_column_text css=&#8221;.vc_custom_1692361329058{padding-bottom: 2rem !important;}&#8221;]Tiivis yhteisty\u00f6 asiakkaiden kanssa heid\u00e4n tavoitteidensa saavuttamiseksi on ollut keskeinen menestystekij\u00e4 alusta alkaen. RIALTI arvostaa jatkuvia investointeja ihmisiin ja teknologiaan pysy\u00e4kseen ajan tasalla ja tuottaakseen asiakkailleen merkitt\u00e4v\u00e4\u00e4 arvoa.<\/p>\n<p>RIALTI PP -yhdisteet koostuvat kuudesta tuoteperheest\u00e4, jotka eroavat koostumukseltaan ja loppuominaisuuksiltaan, mukaan lukien laaja valikoima vaihtoehtoja haluttujen ominaisuuksien t\u00e4ytt\u00e4miseksi. Tutustu Rialbatchiin, Rialfilliin, Rialflameen, Rialglassiin, E-Rialeneen, E-Rialfilliin ja E-Rialglassiin.<\/p>\n<p>RIALTI tarjoaa kierr\u00e4tettyj\u00e4 PP-yhdisteit\u00e4, jotka on valmistettu teollisen tuotannon romusta ja kulutusj\u00e4tteest\u00e4 ja jotka luovat komponentteja, joiden kest\u00e4vyys paranee huomattavasti.[\/vc_column_text][\/vc_column][\/vc_row][vc_row css=&#8221;.vc_custom_1692819208324{padding-bottom: 60px !important;}&#8221;][vc_column][ucaddon_ag_title ag_title_slim=&#8221;TUFURVJJQUFMSVRJRVRPS0FOVEE=&#8221; ag_title_bold=&#8221;VFVPVFRFRVQ=&#8221; ag_title_font_size=&#8221;40&#8243; ag_title_align=&#8221;center&#8221; ag_titel_border=&#8221;&#8221; uc_init_settings=&#8221;&#8221;]\r\n        <style>\r\n            .js-ul-prospector-iframe {\r\n                width: 1px;\r\n                min-width: 100%;\r\n            }\r\n        <\/style>\r\n        <iframe class=\"js-ul-prospector-iframe\" src=\"https:\/\/catalog.ulprospector.com\/xquery.aspx?I=75681&QM=100:1375&RSCOLS=DYNAMIC&FMT=HOV&CULTURE=en&PGSIZE=10\" frameborder=\"0\" allowfullscreen=\"false\" scrolling=\"yes\" loading=\"lazy\"><\/iframe>\r\n        <script>\r\n            jQuery(window).on(\"load\", function () {\r\n                if (!window.mapeChildUlProspectorIframeResizerInit) {\r\n                    console.log(\"Init UL Iframe Resizer\");\r\n                    iFrameResize({ log: false, scrolling: \"omit\" }, \".js-ul-prospector-iframe\");\r\n                    window.mapeChildUlProspectorIframeResizerInit = true;\r\n                }\r\n            });\r\n        <\/script>\r\n    [\/vc_column][\/vc_row][vc_row css=&#8221;.vc_custom_1647351943677{padding-top: 50px !important;padding-bottom: 60px !important;background-color: #f9f9f9 !important;}&#8221;][vc_column][ucaddon_ag_title ag_title_slim=&#8221;UklBTFRJ&#8221; ag_title_bold=&#8221;THVlJTIwbGlzJUMzJUE0JUMzJUE0&#8243; ag_title_font_size=&#8221;45&#8243; ag_title_align=&#8221;center&#8221; ag_titel_border=&#8221;&#8221;][vc_empty_space height=&#8221;30px&#8221;][vc_row_inner gap=&#8221;30&#8243; el_class=&#8221;usp-row&#8221;][vc_column_inner el_class=&#8221;cta-col&#8221; width=&#8221;1\/3&#8243; css=&#8221;.vc_custom_1647427402135{padding-top: 0px !important;background-color: #ffffff !important;}&#8221;][vc_single_image image=&#8221;4525&#8243; img_size=&#8221;full&#8221; onclick=&#8221;custom_link&#8221; img_link_target=&#8221;_blank&#8221; el_class=&#8221;cta-img&#8221; link=&#8221;https:\/\/www.rialtispa.com\/home-en.html&#8221;][vc_custom_heading text=&#8221;RIALTI WEBSITE&#8221; font_container=&#8221;tag:h3|text_align:left&#8221; use_theme_fonts=&#8221;yes&#8221; el_class=&#8221;rubrik-mape&#8221; css=&#8221;.vc_custom_1686571852086{padding-left: 15px !important;}&#8221; link=&#8221;url:https%3A%2F%2Fwww.rialtispa.com%2Fhome-en.html&#8221;][vc_column_text el_class=&#8221;under-rubrik-mape&#8221; css=&#8221;.vc_custom_1686571859618{padding-left: 15px !important;}&#8221;]<a href=\"https:\/\/www.rialtispa.com\/home-en.html\">Visit rialti.com<\/a>[\/vc_column_text][vc_empty_space height=&#8221;30px&#8221;][\/vc_column_inner][vc_column_inner el_class=&#8221;cta-col&#8221; width=&#8221;1\/3&#8243; css=&#8221;.vc_custom_1647352243868{padding-top: 0px !important;background-color: #ffffff !important;}&#8221;][vc_single_image image=&#8221;4530&#8243; img_size=&#8221;full&#8221; onclick=&#8221;custom_link&#8221; img_link_target=&#8221;_blank&#8221; el_class=&#8221;cta-img&#8221; link=&#8221;https:\/\/www.rialtispa.com\/applications.html&#8221;][vc_custom_heading text=&#8221;APPLICATIONS&#8221; font_container=&#8221;tag:h3|text_align:left&#8221; use_theme_fonts=&#8221;yes&#8221; el_class=&#8221;rubrik-mape&#8221; css=&#8221;.vc_custom_1686572219151{padding-left: 15px !important;}&#8221; link=&#8221;url:https%3A%2F%2Fwww.rialtispa.com%2Fapplications.html&#8221;][vc_column_text el_class=&#8221;under-rubrik-mape&#8221; css=&#8221;.vc_custom_1686572343650{padding-left: 15px !important;}&#8221;]<a href=\"https:\/\/www.rialtispa.com\/applications.html\" target=\"_blank\" rel=\"noopener\">PP Compounds<\/a>[\/vc_column_text][vc_empty_space height=&#8221;30px&#8221;][\/vc_column_inner][vc_column_inner el_class=&#8221;cta-col&#8221; width=&#8221;1\/3&#8243; css=&#8221;.vc_custom_1647351040630{padding-top: 0px !important;background-color: #ffffff !important;}&#8221;][vc_single_image image=&#8221;2061&#8243; img_size=&#8221;full&#8221; onclick=&#8221;custom_link&#8221; img_link_target=&#8221;_blank&#8221; el_class=&#8221;cta-img&#8221; link=&#8221;https:\/\/calendly.com\/mapeplastics\/lets-talk-plastics-per?back=1&amp;month=2023-06&#8243;][vc_custom_heading text=&#8221;TALK RIALTI WITH PER&#8221; font_container=&#8221;tag:h3|text_align:left&#8221; use_theme_fonts=&#8221;yes&#8221; el_class=&#8221;rubrik-mape&#8221; css=&#8221;.vc_custom_1686572398591{padding-left: 15px !important;}&#8221; link=&#8221;url:https%3A%2F%2Fcalendly.com%2Fmapeplastics%2Flets-talk-plastics-per%3Fback%3D1%26month%3D2023-06&#8243;][vc_column_text el_class=&#8221;under-rubrik-mape&#8221; css=&#8221;.vc_custom_1686572407787{padding-left: 15px !important;}&#8221;]<a href=\"https:\/\/calendly.com\/mapeplastics\/lets-talk-plastics-per?back=1&amp;month=2023-06\" target=\"_blank\" rel=\"noopener\">BOOK A RIALTI CALL<\/a>[\/vc_column_text][vc_empty_space height=&#8221;30px&#8221;][\/vc_column_inner][\/vc_row_inner][\/vc_column][\/vc_row]<\/p>\n<\/section>","protected":false},"excerpt":{"rendered":"<p>[vc_row fullwidth=&#8221;1&#8243;][vc_column][ucaddon_ag_sub_hero ag_sh_text_small=&#8221;MEID\u00c4N KUMPPANIMME&#8221; ag_sh_text=&#8221;RIALTI&#8221; ag_sub_hero_par=&#8221;UklBTFRJJTIwb24lMjBsdW90ZXR0YXZhJTIwa3VtcHBhbmklMjBwb2x5cHJvcGVlbml5aGRpc3RlaXNzJUMzJUE0JTJDJTIwam90a2ElMjBvbiUyMHZhbG1pc3RldHR1JTIwaGFydHNpc3RhJTIwdGFpJTIwayVDMyVBNHl0dCVDMyVBNG0lQzMlQTRsbCVDMyVBNCUyMHRlb2xsaXNlbiUyMHZhbG1pc3R1a3NlbiUyMHJvbXVhJTIwamElMjBrdWx1dHVzaiVDMyVBNHRldHQlQzMlQTQlMjBhbnRhbWFhbiUyMG11b3ZpbGxlJTIwdXV0dGElMjBlbCVDMyVBNG0lQzMlQTQlQzMlQTQu&#8221; ag_sh_tag=&#8221;h1&#8243;][\/vc_column][\/vc_row][vc_row css_animation=&#8221;none&#8221; css=&#8221;.vc_custom_1663093872195{padding-top: 40px !important;padding-bottom: 40px !important;}&#8221;][vc_column css_animation=&#8221;fadeIn&#8221; width=&#8221;1\/2&#8243; el_class=&#8221;standard-padding&#8221;][vc_empty_space height=&#8221;120px&#8221;][ucaddon_ag_title ag_title_slim=&#8221;UmlhbHRp&#8221; ag_title_bold=&#8221;UFAtWUhESVNURUVU&#8221; ag_title_font_size=&#8221;45&#8243; ag_title_align=&#8221;left&#8221; ag_titel_border=&#8221;&#8221;][vc_column_text css=&#8221;.vc_custom_1692361318245{padding-bottom: 2rem !important;}&#8221;]Yli kolmenkymmenen vuoden kokemuksella RIALTI on vakiinnuttanut asemansa markkinajohtajana Euroopan polypropeeniyhdisteteollisuudessa ruiskuvalussa ja suulakepuristuksessa. Heid\u00e4n omistautumisensa polypropeenille on johtanut vahvaan kasvuun vuosien varrella ja loistaviin olosuhteisiin vastata asiakkaiden ainutlaatuisiin vaatimuksiin tehokkaasti. [&hellip;]<\/p>\n","protected":false},"author":29,"featured_media":0,"parent":796,"menu_order":0,"comment_status":"closed","ping_status":"closed","template":"page-visual-composer.php","meta":{"_mi_skip_tracking":false},"acf":[],"yoast_head":"<!-- This site is optimized with the Yoast SEO plugin v20.7 - https:\/\/yoast.com\/wordpress\/plugins\/seo\/ -->\n<title>RIALTI - Mape Plastics<\/title>\n<meta name=\"robots\" content=\"index, follow, max-snippet:-1, max-image-preview:large, max-video-preview:-1\" \/>\n<link rel=\"canonical\" href=\"https:\/\/mapeplastics.se\/fi\/yhteistyokumppanit\/rialti\/\" \/>\n<meta property=\"og:locale\" content=\"fi_FI\" \/>\n<meta property=\"og:type\" content=\"article\" \/>\n<meta property=\"og:title\" content=\"RIALTI - Mape Plastics\" \/>\n<meta property=\"og:description\" content=\"[vc_row fullwidth=&#8221;1&#8243;][vc_column][ucaddon_ag_sub_hero ag_sh_text_small=&#8221;MEID\u00c4N KUMPPANIMME&#8221; ag_sh_text=&#8221;RIALTI&#8221; ag_sub_hero_par=&#8221;UklBTFRJJTIwb24lMjBsdW90ZXR0YXZhJTIwa3VtcHBhbmklMjBwb2x5cHJvcGVlbml5aGRpc3RlaXNzJUMzJUE0JTJDJTIwam90a2ElMjBvbiUyMHZhbG1pc3RldHR1JTIwaGFydHNpc3RhJTIwdGFpJTIwayVDMyVBNHl0dCVDMyVBNG0lQzMlQTRsbCVDMyVBNCUyMHRlb2xsaXNlbiUyMHZhbG1pc3R1a3NlbiUyMHJvbXVhJTIwamElMjBrdWx1dHVzaiVDMyVBNHRldHQlQzMlQTQlMjBhbnRhbWFhbiUyMG11b3ZpbGxlJTIwdXV0dGElMjBlbCVDMyVBNG0lQzMlQTQlQzMlQTQu&#8221; ag_sh_tag=&#8221;h1&#8243;][\/vc_column][\/vc_row][vc_row css_animation=&#8221;none&#8221; css=&#8221;.vc_custom_1663093872195{padding-top: 40px !important;padding-bottom: 40px !important;}&#8221;][vc_column css_animation=&#8221;fadeIn&#8221; width=&#8221;1\/2&#8243; el_class=&#8221;standard-padding&#8221;][vc_empty_space height=&#8221;120px&#8221;][ucaddon_ag_title ag_title_slim=&#8221;UmlhbHRp&#8221; ag_title_bold=&#8221;UFAtWUhESVNURUVU&#8221; ag_title_font_size=&#8221;45&#8243; ag_title_align=&#8221;left&#8221; ag_titel_border=&#8221;&#8221;][vc_column_text css=&#8221;.vc_custom_1692361318245{padding-bottom: 2rem !important;}&#8221;]Yli kolmenkymmenen vuoden kokemuksella RIALTI on vakiinnuttanut asemansa markkinajohtajana Euroopan polypropeeniyhdisteteollisuudessa ruiskuvalussa ja suulakepuristuksessa. Heid\u00e4n omistautumisensa polypropeenille on johtanut vahvaan kasvuun vuosien varrella ja loistaviin olosuhteisiin vastata asiakkaiden ainutlaatuisiin vaatimuksiin tehokkaasti. [&hellip;]\" \/>\n<meta property=\"og:url\" content=\"https:\/\/mapeplastics.se\/fi\/yhteistyokumppanit\/rialti\/\" \/>\n<meta property=\"og:site_name\" content=\"Mape Plastics\" \/>\n<meta property=\"article:modified_time\" content=\"2023-12-01T08:42:30+00:00\" \/>\n<meta name=\"twitter:card\" content=\"summary_large_image\" \/>\n<meta name=\"twitter:label1\" content=\"Arvioitu lukuaika\" \/>\n\t<meta name=\"twitter:data1\" content=\"2 minuuttia\" \/>\n<script type=\"application\/ld+json\" class=\"yoast-schema-graph\">{\"@context\":\"https:\/\/schema.org\",\"@graph\":[{\"@type\":\"WebPage\",\"@id\":\"https:\/\/mapeplastics.se\/fi\/yhteistyokumppanit\/rialti\/\",\"url\":\"https:\/\/mapeplastics.se\/fi\/yhteistyokumppanit\/rialti\/\",\"name\":\"RIALTI - Mape Plastics\",\"isPartOf\":{\"@id\":\"https:\/\/mapeplastics.se\/fi\/#website\"},\"datePublished\":\"2023-08-10T19:58:05+00:00\",\"dateModified\":\"2023-12-01T08:42:30+00:00\",\"breadcrumb\":{\"@id\":\"https:\/\/mapeplastics.se\/fi\/yhteistyokumppanit\/rialti\/#breadcrumb\"},\"inLanguage\":\"fi\",\"potentialAction\":[{\"@type\":\"ReadAction\",\"target\":[\"https:\/\/mapeplastics.se\/fi\/yhteistyokumppanit\/rialti\/\"]}]},{\"@type\":\"BreadcrumbList\",\"@id\":\"https:\/\/mapeplastics.se\/fi\/yhteistyokumppanit\/rialti\/#breadcrumb\",\"itemListElement\":[{\"@type\":\"ListItem\",\"position\":1,\"name\":\"Hem\",\"item\":\"https:\/\/mapeplastics.se\/fi\/\"},{\"@type\":\"ListItem\",\"position\":2,\"name\":\"YHTEISTY\u00d6KUMPPANIMME\",\"item\":\"https:\/\/mapeplastics.se\/fi\/yhteistyokumppanit\/\"},{\"@type\":\"ListItem\",\"position\":3,\"name\":\"RIALTI\"}]},{\"@type\":\"WebSite\",\"@id\":\"https:\/\/mapeplastics.se\/fi\/#website\",\"url\":\"https:\/\/mapeplastics.se\/fi\/\",\"name\":\"Mape Plastics\",\"description\":\"\",\"potentialAction\":[{\"@type\":\"SearchAction\",\"target\":{\"@type\":\"EntryPoint\",\"urlTemplate\":\"https:\/\/mapeplastics.se\/fi\/?s={search_term_string}\"},\"query-input\":\"required name=search_term_string\"}],\"inLanguage\":\"fi\"}]}<\/script>\n<!-- \/ Yoast SEO plugin. -->","yoast_head_json":{"title":"RIALTI - Mape Plastics","robots":{"index":"index","follow":"follow","max-snippet":"max-snippet:-1","max-image-preview":"max-image-preview:large","max-video-preview":"max-video-preview:-1"},"canonical":"https:\/\/mapeplastics.se\/fi\/yhteistyokumppanit\/rialti\/","og_locale":"fi_FI","og_type":"article","og_title":"RIALTI - Mape Plastics","og_description":"[vc_row fullwidth=&#8221;1&#8243;][vc_column][ucaddon_ag_sub_hero ag_sh_text_small=&#8221;MEID\u00c4N KUMPPANIMME&#8221; ag_sh_text=&#8221;RIALTI&#8221; ag_sub_hero_par=&#8221;UklBTFRJJTIwb24lMjBsdW90ZXR0YXZhJTIwa3VtcHBhbmklMjBwb2x5cHJvcGVlbml5aGRpc3RlaXNzJUMzJUE0JTJDJTIwam90a2ElMjBvbiUyMHZhbG1pc3RldHR1JTIwaGFydHNpc3RhJTIwdGFpJTIwayVDMyVBNHl0dCVDMyVBNG0lQzMlQTRsbCVDMyVBNCUyMHRlb2xsaXNlbiUyMHZhbG1pc3R1a3NlbiUyMHJvbXVhJTIwamElMjBrdWx1dHVzaiVDMyVBNHRldHQlQzMlQTQlMjBhbnRhbWFhbiUyMG11b3ZpbGxlJTIwdXV0dGElMjBlbCVDMyVBNG0lQzMlQTQlQzMlQTQu&#8221; ag_sh_tag=&#8221;h1&#8243;][\/vc_column][\/vc_row][vc_row css_animation=&#8221;none&#8221; css=&#8221;.vc_custom_1663093872195{padding-top: 40px !important;padding-bottom: 40px !important;}&#8221;][vc_column css_animation=&#8221;fadeIn&#8221; width=&#8221;1\/2&#8243; el_class=&#8221;standard-padding&#8221;][vc_empty_space height=&#8221;120px&#8221;][ucaddon_ag_title ag_title_slim=&#8221;UmlhbHRp&#8221; ag_title_bold=&#8221;UFAtWUhESVNURUVU&#8221; ag_title_font_size=&#8221;45&#8243; ag_title_align=&#8221;left&#8221; ag_titel_border=&#8221;&#8221;][vc_column_text css=&#8221;.vc_custom_1692361318245{padding-bottom: 2rem !important;}&#8221;]Yli kolmenkymmenen vuoden kokemuksella RIALTI on vakiinnuttanut asemansa markkinajohtajana Euroopan polypropeeniyhdisteteollisuudessa ruiskuvalussa ja suulakepuristuksessa. Heid\u00e4n omistautumisensa polypropeenille on johtanut vahvaan kasvuun vuosien varrella ja loistaviin olosuhteisiin vastata asiakkaiden ainutlaatuisiin vaatimuksiin tehokkaasti. [&hellip;]","og_url":"https:\/\/mapeplastics.se\/fi\/yhteistyokumppanit\/rialti\/","og_site_name":"Mape Plastics","article_modified_time":"2023-12-01T08:42:30+00:00","twitter_card":"summary_large_image","twitter_misc":{"Arvioitu lukuaika":"2 minuuttia"},"schema":{"@context":"https:\/\/schema.org","@graph":[{"@type":"WebPage","@id":"https:\/\/mapeplastics.se\/fi\/yhteistyokumppanit\/rialti\/","url":"https:\/\/mapeplastics.se\/fi\/yhteistyokumppanit\/rialti\/","name":"RIALTI - Mape Plastics","isPartOf":{"@id":"https:\/\/mapeplastics.se\/fi\/#website"},"datePublished":"2023-08-10T19:58:05+00:00","dateModified":"2023-12-01T08:42:30+00:00","breadcrumb":{"@id":"https:\/\/mapeplastics.se\/fi\/yhteistyokumppanit\/rialti\/#breadcrumb"},"inLanguage":"fi","potentialAction":[{"@type":"ReadAction","target":["https:\/\/mapeplastics.se\/fi\/yhteistyokumppanit\/rialti\/"]}]},{"@type":"BreadcrumbList","@id":"https:\/\/mapeplastics.se\/fi\/yhteistyokumppanit\/rialti\/#breadcrumb","itemListElement":[{"@type":"ListItem","position":1,"name":"Hem","item":"https:\/\/mapeplastics.se\/fi\/"},{"@type":"ListItem","position":2,"name":"YHTEISTY\u00d6KUMPPANIMME","item":"https:\/\/mapeplastics.se\/fi\/yhteistyokumppanit\/"},{"@type":"ListItem","position":3,"name":"RIALTI"}]},{"@type":"WebSite","@id":"https:\/\/mapeplastics.se\/fi\/#website","url":"https:\/\/mapeplastics.se\/fi\/","name":"Mape Plastics","description":"","potentialAction":[{"@type":"SearchAction","target":{"@type":"EntryPoint","urlTemplate":"https:\/\/mapeplastics.se\/fi\/?s={search_term_string}"},"query-input":"required name=search_term_string"}],"inLanguage":"fi"}]}},"_links":{"self":[{"href":"https:\/\/mapeplastics.se\/fi\/wp-json\/wp\/v2\/pages\/4758"}],"collection":[{"href":"https:\/\/mapeplastics.se\/fi\/wp-json\/wp\/v2\/pages"}],"about":[{"href":"https:\/\/mapeplastics.se\/fi\/wp-json\/wp\/v2\/types\/page"}],"author":[{"embeddable":true,"href":"https:\/\/mapeplastics.se\/fi\/wp-json\/wp\/v2\/users\/29"}],"replies":[{"embeddable":true,"href":"https:\/\/mapeplastics.se\/fi\/wp-json\/wp\/v2\/comments?post=4758"}],"version-history":[{"count":4,"href":"https:\/\/mapeplastics.se\/fi\/wp-json\/wp\/v2\/pages\/4758\/revisions"}],"predecessor-version":[{"id":5434,"href":"https:\/\/mapeplastics.se\/fi\/wp-json\/wp\/v2\/pages\/4758\/revisions\/5434"}],"up":[{"embeddable":true,"href":"https:\/\/mapeplastics.se\/fi\/wp-json\/wp\/v2\/pages\/796"}],"wp:attachment":[{"href":"https:\/\/mapeplastics.se\/fi\/wp-json\/wp\/v2\/media?parent=4758"}],"curies":[{"name":"wp","href":"https:\/\/api.w.org\/{rel}","templated":true}]}}