{"id":4766,"date":"2023-08-10T21:58:05","date_gmt":"2023-08-10T19:58:05","guid":{"rendered":"https:\/\/mapeplastics.se\/yhteistyokumppanit\/rtpcompany\/"},"modified":"2023-08-22T10:57:33","modified_gmt":"2023-08-22T08:57:33","slug":"rtpcompany","status":"publish","type":"page","link":"https:\/\/mapeplastics.se\/fi\/yhteistyokumppanit\/rtpcompany\/","title":{"rendered":"RTP COMPANY"},"content":{"rendered":"<section class=\"wpb-content-wrapper\"><p>[vc_row fullwidth=&#8221;1&#8243;][vc_column][ucaddon_ag_sub_hero ag_sh_text_small=&#8221;MEID\u00c4N KUMPPANIMME&#8221; ag_sh_text=&#8221;RTP COMPANY&#8221; ag_sub_hero_par=&#8221;UlRQJTIwQ29tcGFueSUyMHRhcmpvYWElMjBpbm5vdmF0aWl2aXNpYSUyMGphJTIwciVDMyVBNCVDMyVBNHQlQzMlQTRsJUMzJUI2aXR5aiVDMyVBNCUyMHJhdGthaXN1amElMjBhaW51dGxhYXR1aXNpaW4lMjBtYXRlcmlhYWxpaGFhc3RlaXNpaW4uJTIwTWFhaWxtYW4lMjBqb2h0YXZhbmElMjB0ZXJtb3BsYXN0aXN0ZW4lMjBlcmlrb2lzc2Vvc3RlbiUyMHZhbG1pc3RhamFuYSUyMG5lJTIwdGFyam9hdmF0JTIwbW9uaXB1b2xpc2VuJTIwdmFsaWtvaW1hbiUyMG1hdGVyaWFhbGVqYSUyMGVyaSUyMHRlb2xsaXN1dWRlbmFsb2plbiUyMHBhbHZlbGVtaXNlZW4u&#8221; ag_sh_tag=&#8221;h1&#8243;][\/vc_column][\/vc_row][vc_row css_animation=&#8221;none&#8221; css=&#8221;.vc_custom_1663093872195{padding-top: 40px !important;padding-bottom: 40px !important;}&#8221;][vc_column css_animation=&#8221;fadeIn&#8221; width=&#8221;1\/2&#8243; el_class=&#8221;standard-padding&#8221;][vc_empty_space height=&#8221;120px&#8221;][ucaddon_ag_title ag_title_slim=&#8221;UlRQJTIwQ29tcGFueQ==&#8221; ag_title_bold=&#8221;VEVLTklTRVQlMjBURVJNT01VT1ZJWUhESVNURUVU&#8221; ag_title_font_size=&#8221;45&#8243; ag_title_align=&#8221;left&#8221; ag_titel_border=&#8221;&#8221; uc_init_settings=&#8221;&#8221;][vc_column_text css=&#8221;.vc_custom_1692361406635{padding-bottom: 2rem !important;}&#8221;]Amerikkalainen seosvalmistaja RTP Company juontaa juurensa 1800-luvun lopulle ja on nyky\u00e4\u00e4n maailman johtava termoplastisten erikoisseosten valmistaja. Kehitt\u00e4m\u00e4ll\u00e4 r\u00e4\u00e4t\u00e4l\u00f6ityj\u00e4 kestomuoviyhdisteit\u00e4 ne vastaavat tehokkaasti ainutlaatuisiin materiaalihaasteisiin ja varmistavat erilaisten tuotteiden ja sovellusten menestyksen.<\/p>\n<p>RTP Companyn yksityinen omistus antaa asiantunteville polymeeriinsin\u00f6\u00f6reilleen mahdollisuuden tehd\u00e4 itsen\u00e4isi\u00e4 ja puolueettomia p\u00e4\u00e4t\u00f6ksi\u00e4. Valikoima yli 60 teknist\u00e4 hartsia ja satoja modifioivia lis\u00e4aineita voivat r\u00e4\u00e4t\u00e4l\u00f6id\u00e4 kestomuoviyhdisteen vastaamaan tiettyj\u00e4 loppuk\u00e4ytt\u00f6vaatimuksia.<\/p>\n<p>RTP Companyn p\u00e4\u00e4konttori sijaitsee Winonassa ja yli 20 toimipistett\u00e4 ymp\u00e4ri maailmaa, ja sen palveluksessa on yli 1 700 ammattilaista. Niiden tuotanto kattaa lukuisat markkinat ja tuottaa tuhansia tuotteita vuosittain.[\/vc_column_text][\/vc_column][vc_column css_animation=&#8221;fadeIn&#8221; width=&#8221;1\/2&#8243;][ucaddon_ag_overlay_block ag_overlay_image=&#8221;4551&#8243; ag_overlay_image_font=&#8221;4449&#8243;][\/vc_column][\/vc_row][vc_row css_animation=&#8221;fadeIn&#8221; css=&#8221;.vc_custom_1663093992409{margin-top: 60px !important;margin-bottom: 80px !important;}&#8221;][vc_column width=&#8221;1\/2&#8243; el_class=&#8221;text-col&#8221;][ucaddon_ag_overlay_block ag_overlay_image=&#8221;4536&#8243; ag_overlay_image_font=&#8221;3337&#8243;][\/vc_column][vc_column width=&#8221;1\/2&#8243; el_class=&#8221;desktop-padding&#8221;][ucaddon_ag_title ag_title_slim=&#8221;UlRQJTIwQ09NUEFOWQ==&#8221; ag_title_bold=&#8221;UiVDMyU4NCVDMyU4NFQlQzMlODRMJUMzJTk2SURZVCUyMFRFUk1PTVVPVklU&#8221; ag_title_font_size=&#8221;45&#8243; ag_title_align=&#8221;left&#8221; ag_titel_border=&#8221;&#8221; uc_init_settings=&#8221;&#8221;][vc_column_text css=&#8221;.vc_custom_1692361416714{padding-bottom: 2rem !important;}&#8221;]RTP Companyn erikoisyhdisteet on suunniteltu tarjoamaan kokonaisvaltaisia ratkaisuja yhdist\u00e4m\u00e4ll\u00e4 useita ominaisuuksia yhdeksi materiaaliksi. T\u00e4m\u00e4 ei ainoastaan v\u00e4henn\u00e4 valmistuskustannuksia, vaan my\u00f6s nopeuttaa markkinoille tuloa. T\u00e4m\u00e4n seurauksena tuotesuunnittelijoilla ja insin\u00f6\u00f6reill\u00e4 on joustavuus toteuttaa visionsa useilla markkinasegmenteill\u00e4.<\/p>\n<p>N\u00e4m\u00e4 RTP Companyn r\u00e4\u00e4t\u00e4l\u00f6idyt materiaalit on suunniteltu t\u00e4ytt\u00e4m\u00e4\u00e4n erilaisia vaatimuksia, ja ne tarjoavat useita etuja, kuten s\u00e4hk\u00f6\u00e4 johtavan staattisen s\u00e4hk\u00f6n hajoamisen, rakenteellisen vahvistuksen, voidellun kulutuksenkest\u00e4vyyden, stabiilisuuden korkeissa jatkuvassa k\u00e4ytt\u00f6l\u00e4mp\u00f6tiloissa, UL-tunnustetun syttyvyysyhteensopivuuden, pehme\u00e4n kosketuksen. -muovattavat elastomeeriominaisuudet ja erityiset v\u00e4ri- ja ulkon\u00e4k\u00f6efektit.<\/p>\n<p>RTP Companyn Very Long Fiber (VLF) -yhdisteet ylitt\u00e4v\u00e4t muut vahvistetut kestomuovimateriaalit iskunkest\u00e4vyyden suhteen, joten ne ovat suositeltava valinta metallin korvaamiseen auto- ja teollisuussovelluksissa. Poikkeuksellisen iskunkest\u00e4vyyden, keveyden ja korkean suorituskyvyn \u00e4\u00e4rimm\u00e4isiss\u00e4 l\u00e4mp\u00f6tiloissa ansiosta VLF-yhdisteet ovat tekniikka vaativiin sovelluksiin.[\/vc_column_text][\/vc_column][\/vc_row][vc_row css=&#8221;.vc_custom_1647351943677{padding-top: 50px !important;padding-bottom: 60px !important;background-color: #f9f9f9 !important;}&#8221;][vc_column][ucaddon_ag_title ag_title_slim=&#8221;UlRQJTIwQ29tcGFueQ==&#8221; ag_title_bold=&#8221;THVlJTIwbGlzJUMzJUE0JUMzJUE0&#8243; ag_title_font_size=&#8221;45&#8243; ag_title_align=&#8221;center&#8221; ag_titel_border=&#8221;&#8221;][vc_empty_space height=&#8221;30px&#8221;][vc_row_inner gap=&#8221;30&#8243; el_class=&#8221;usp-row&#8221;][vc_column_inner el_class=&#8221;cta-col&#8221; width=&#8221;1\/3&#8243; css=&#8221;.vc_custom_1647427402135{padding-top: 0px !important;background-color: #ffffff !important;}&#8221;][vc_single_image image=&#8221;4449&#8243; img_size=&#8221;full&#8221; onclick=&#8221;custom_link&#8221; img_link_target=&#8221;_blank&#8221; el_class=&#8221;cta-img&#8221; link=&#8221;https:\/\/www.rtpcompany.com&#8221;][vc_custom_heading text=&#8221;RTP Company&#8221; font_container=&#8221;tag:h3|text_align:left&#8221; use_theme_fonts=&#8221;yes&#8221; el_class=&#8221;rubrik-mape&#8221; css=&#8221;.vc_custom_1686815323431{padding-left: 15px !important;}&#8221; link=&#8221;url:https%3A%2F%2Fwww.rtpcompany.com|target:_blank&#8221;][vc_column_text el_class=&#8221;under-rubrik-mape&#8221; css=&#8221;.vc_custom_1686815330716{padding-left: 15px !important;}&#8221;]<a href=\"https:\/\/www.rtpcompany.com\" target=\"_blank\" rel=\"noopener\">Visit rtpcompany.com<\/a>[\/vc_column_text][vc_empty_space height=&#8221;30px&#8221;][\/vc_column_inner][vc_column_inner el_class=&#8221;cta-col&#8221; width=&#8221;1\/3&#8243; css=&#8221;.vc_custom_1647352243868{padding-top: 0px !important;background-color: #ffffff !important;}&#8221;][vc_single_image image=&#8221;4556&#8243; img_size=&#8221;full&#8221; onclick=&#8221;custom_link&#8221; img_link_target=&#8221;_blank&#8221; el_class=&#8221;cta-img&#8221; link=&#8221;https:\/\/www.rtpcompany.com\/wp-content\/uploads\/RTP-Co-Structural-VLF-Brochure-English.pdf&#8221;][vc_custom_heading text=&#8221;VLF BROSCHURE&#8221; font_container=&#8221;tag:h3|text_align:left&#8221; use_theme_fonts=&#8221;yes&#8221; el_class=&#8221;rubrik-mape&#8221; css=&#8221;.vc_custom_1686816236011{padding-left: 15px !important;}&#8221; link=&#8221;url:https%3A%2F%2Fwww.rtpcompany.com%2Fwp-content%2Fuploads%2FRTP-Co-Structural-VLF-Brochure-English.pdf|target:_blank&#8221;][vc_column_text el_class=&#8221;under-rubrik-mape&#8221; css=&#8221;.vc_custom_1686816264718{padding-left: 15px !important;}&#8221;]<a href=\"https:\/\/www.rtpcompany.com\/wp-content\/uploads\/RTP-Co-Structural-VLF-Brochure-English.pdf\" target=\"_blank\" rel=\"noopener\">Very Long Fiber Compounds<\/a>[\/vc_column_text][vc_empty_space height=&#8221;30px&#8221;][\/vc_column_inner][vc_column_inner el_class=&#8221;cta-col&#8221; width=&#8221;1\/3&#8243; css=&#8221;.vc_custom_1647351040630{padding-top: 0px !important;background-color: #ffffff !important;}&#8221;][vc_single_image image=&#8221;4473&#8243; img_size=&#8221;full&#8221; onclick=&#8221;custom_link&#8221; img_link_target=&#8221;_blank&#8221; el_class=&#8221;cta-img&#8221; link=&#8221;mailto:johan@mapeplastics.se&#8221;][vc_custom_heading text=&#8221;TALK RTP COMPOUNDS&#8221; font_container=&#8221;tag:h3|text_align:left&#8221; use_theme_fonts=&#8221;yes&#8221; el_class=&#8221;rubrik-mape&#8221; css=&#8221;.vc_custom_1686815570451{padding-left: 15px !important;}&#8221; link=&#8221;url:mailto%3Ajohan%40mapeplastics.se&#8221;][vc_column_text el_class=&#8221;under-rubrik-mape&#8221; css=&#8221;.vc_custom_1686815586224{padding-left: 15px !important;}&#8221;]<a href=\"mailto:johan@mapeplastics.se\" target=\"_blank\" rel=\"noopener\">Contact Johan Malmgren<\/a>[\/vc_column_text][vc_empty_space height=&#8221;30px&#8221;][\/vc_column_inner][\/vc_row_inner][\/vc_column][\/vc_row]<\/p>\n<\/section>","protected":false},"excerpt":{"rendered":"<p>[vc_row fullwidth=&#8221;1&#8243;][vc_column][ucaddon_ag_sub_hero ag_sh_text_small=&#8221;MEID\u00c4N KUMPPANIMME&#8221; ag_sh_text=&#8221;RTP COMPANY&#8221; ag_sub_hero_par=&#8221;UlRQJTIwQ29tcGFueSUyMHRhcmpvYWElMjBpbm5vdmF0aWl2aXNpYSUyMGphJTIwciVDMyVBNCVDMyVBNHQlQzMlQTRsJUMzJUI2aXR5aiVDMyVBNCUyMHJhdGthaXN1amElMjBhaW51dGxhYXR1aXNpaW4lMjBtYXRlcmlhYWxpaGFhc3RlaXNpaW4uJTIwTWFhaWxtYW4lMjBqb2h0YXZhbmElMjB0ZXJtb3BsYXN0aXN0ZW4lMjBlcmlrb2lzc2Vvc3RlbiUyMHZhbG1pc3RhamFuYSUyMG5lJTIwdGFyam9hdmF0JTIwbW9uaXB1b2xpc2VuJTIwdmFsaWtvaW1hbiUyMG1hdGVyaWFhbGVqYSUyMGVyaSUyMHRlb2xsaXN1dWRlbmFsb2plbiUyMHBhbHZlbGVtaXNlZW4u&#8221; ag_sh_tag=&#8221;h1&#8243;][\/vc_column][\/vc_row][vc_row css_animation=&#8221;none&#8221; css=&#8221;.vc_custom_1663093872195{padding-top: 40px !important;padding-bottom: 40px !important;}&#8221;][vc_column css_animation=&#8221;fadeIn&#8221; width=&#8221;1\/2&#8243; el_class=&#8221;standard-padding&#8221;][vc_empty_space height=&#8221;120px&#8221;][ucaddon_ag_title ag_title_slim=&#8221;UlRQJTIwQ29tcGFueQ==&#8221; ag_title_bold=&#8221;VEVLTklTRVQlMjBURVJNT01VT1ZJWUhESVNURUVU&#8221; ag_title_font_size=&#8221;45&#8243; ag_title_align=&#8221;left&#8221; ag_titel_border=&#8221;&#8221; uc_init_settings=&#8221;&#8221;][vc_column_text css=&#8221;.vc_custom_1692361406635{padding-bottom: 2rem !important;}&#8221;]Amerikkalainen seosvalmistaja RTP Company juontaa juurensa 1800-luvun lopulle ja on nyky\u00e4\u00e4n maailman johtava termoplastisten erikoisseosten valmistaja. Kehitt\u00e4m\u00e4ll\u00e4 r\u00e4\u00e4t\u00e4l\u00f6ityj\u00e4 kestomuoviyhdisteit\u00e4 ne vastaavat tehokkaasti ainutlaatuisiin materiaalihaasteisiin ja varmistavat erilaisten tuotteiden ja [&hellip;]<\/p>\n","protected":false},"author":29,"featured_media":0,"parent":796,"menu_order":0,"comment_status":"closed","ping_status":"closed","template":"page-visual-composer.php","meta":{"_mi_skip_tracking":false},"acf":[],"yoast_head":"<!-- This site is optimized with the Yoast SEO plugin v20.7 - https:\/\/yoast.com\/wordpress\/plugins\/seo\/ -->\n<title>RTP COMPANY - Mape Plastics<\/title>\n<meta name=\"robots\" content=\"index, follow, max-snippet:-1, max-image-preview:large, max-video-preview:-1\" \/>\n<link rel=\"canonical\" href=\"https:\/\/mapeplastics.se\/fi\/yhteistyokumppanit\/rtpcompany\/\" \/>\n<meta property=\"og:locale\" content=\"fi_FI\" \/>\n<meta property=\"og:type\" content=\"article\" \/>\n<meta property=\"og:title\" content=\"RTP COMPANY - Mape Plastics\" \/>\n<meta property=\"og:description\" content=\"[vc_row fullwidth=&#8221;1&#8243;][vc_column][ucaddon_ag_sub_hero ag_sh_text_small=&#8221;MEID\u00c4N KUMPPANIMME&#8221; ag_sh_text=&#8221;RTP COMPANY&#8221; ag_sub_hero_par=&#8221;UlRQJTIwQ29tcGFueSUyMHRhcmpvYWElMjBpbm5vdmF0aWl2aXNpYSUyMGphJTIwciVDMyVBNCVDMyVBNHQlQzMlQTRsJUMzJUI2aXR5aiVDMyVBNCUyMHJhdGthaXN1amElMjBhaW51dGxhYXR1aXNpaW4lMjBtYXRlcmlhYWxpaGFhc3RlaXNpaW4uJTIwTWFhaWxtYW4lMjBqb2h0YXZhbmElMjB0ZXJtb3BsYXN0aXN0ZW4lMjBlcmlrb2lzc2Vvc3RlbiUyMHZhbG1pc3RhamFuYSUyMG5lJTIwdGFyam9hdmF0JTIwbW9uaXB1b2xpc2VuJTIwdmFsaWtvaW1hbiUyMG1hdGVyaWFhbGVqYSUyMGVyaSUyMHRlb2xsaXN1dWRlbmFsb2plbiUyMHBhbHZlbGVtaXNlZW4u&#8221; ag_sh_tag=&#8221;h1&#8243;][\/vc_column][\/vc_row][vc_row css_animation=&#8221;none&#8221; css=&#8221;.vc_custom_1663093872195{padding-top: 40px !important;padding-bottom: 40px !important;}&#8221;][vc_column css_animation=&#8221;fadeIn&#8221; width=&#8221;1\/2&#8243; el_class=&#8221;standard-padding&#8221;][vc_empty_space height=&#8221;120px&#8221;][ucaddon_ag_title ag_title_slim=&#8221;UlRQJTIwQ29tcGFueQ==&#8221; ag_title_bold=&#8221;VEVLTklTRVQlMjBURVJNT01VT1ZJWUhESVNURUVU&#8221; ag_title_font_size=&#8221;45&#8243; ag_title_align=&#8221;left&#8221; ag_titel_border=&#8221;&#8221; uc_init_settings=&#8221;&#8221;][vc_column_text css=&#8221;.vc_custom_1692361406635{padding-bottom: 2rem !important;}&#8221;]Amerikkalainen seosvalmistaja RTP Company juontaa juurensa 1800-luvun lopulle ja on nyky\u00e4\u00e4n maailman johtava termoplastisten erikoisseosten valmistaja. Kehitt\u00e4m\u00e4ll\u00e4 r\u00e4\u00e4t\u00e4l\u00f6ityj\u00e4 kestomuoviyhdisteit\u00e4 ne vastaavat tehokkaasti ainutlaatuisiin materiaalihaasteisiin ja varmistavat erilaisten tuotteiden ja [&hellip;]\" \/>\n<meta property=\"og:url\" content=\"https:\/\/mapeplastics.se\/fi\/yhteistyokumppanit\/rtpcompany\/\" \/>\n<meta property=\"og:site_name\" content=\"Mape Plastics\" \/>\n<meta property=\"article:modified_time\" content=\"2023-08-22T08:57:33+00:00\" \/>\n<meta name=\"twitter:card\" content=\"summary_large_image\" \/>\n<meta name=\"twitter:label1\" content=\"Arvioitu lukuaika\" \/>\n\t<meta name=\"twitter:data1\" content=\"2 minuuttia\" \/>\n<script type=\"application\/ld+json\" class=\"yoast-schema-graph\">{\"@context\":\"https:\/\/schema.org\",\"@graph\":[{\"@type\":\"WebPage\",\"@id\":\"https:\/\/mapeplastics.se\/fi\/yhteistyokumppanit\/rtpcompany\/\",\"url\":\"https:\/\/mapeplastics.se\/fi\/yhteistyokumppanit\/rtpcompany\/\",\"name\":\"RTP COMPANY - Mape Plastics\",\"isPartOf\":{\"@id\":\"https:\/\/mapeplastics.se\/fi\/#website\"},\"datePublished\":\"2023-08-10T19:58:05+00:00\",\"dateModified\":\"2023-08-22T08:57:33+00:00\",\"breadcrumb\":{\"@id\":\"https:\/\/mapeplastics.se\/fi\/yhteistyokumppanit\/rtpcompany\/#breadcrumb\"},\"inLanguage\":\"fi\",\"potentialAction\":[{\"@type\":\"ReadAction\",\"target\":[\"https:\/\/mapeplastics.se\/fi\/yhteistyokumppanit\/rtpcompany\/\"]}]},{\"@type\":\"BreadcrumbList\",\"@id\":\"https:\/\/mapeplastics.se\/fi\/yhteistyokumppanit\/rtpcompany\/#breadcrumb\",\"itemListElement\":[{\"@type\":\"ListItem\",\"position\":1,\"name\":\"Hem\",\"item\":\"https:\/\/mapeplastics.se\/fi\/\"},{\"@type\":\"ListItem\",\"position\":2,\"name\":\"YHTEISTY\u00d6KUMPPANIMME\",\"item\":\"https:\/\/mapeplastics.se\/fi\/yhteistyokumppanit\/\"},{\"@type\":\"ListItem\",\"position\":3,\"name\":\"RTP COMPANY\"}]},{\"@type\":\"WebSite\",\"@id\":\"https:\/\/mapeplastics.se\/fi\/#website\",\"url\":\"https:\/\/mapeplastics.se\/fi\/\",\"name\":\"Mape Plastics\",\"description\":\"\",\"potentialAction\":[{\"@type\":\"SearchAction\",\"target\":{\"@type\":\"EntryPoint\",\"urlTemplate\":\"https:\/\/mapeplastics.se\/fi\/?s={search_term_string}\"},\"query-input\":\"required name=search_term_string\"}],\"inLanguage\":\"fi\"}]}<\/script>\n<!-- \/ Yoast SEO plugin. -->","yoast_head_json":{"title":"RTP COMPANY - Mape Plastics","robots":{"index":"index","follow":"follow","max-snippet":"max-snippet:-1","max-image-preview":"max-image-preview:large","max-video-preview":"max-video-preview:-1"},"canonical":"https:\/\/mapeplastics.se\/fi\/yhteistyokumppanit\/rtpcompany\/","og_locale":"fi_FI","og_type":"article","og_title":"RTP COMPANY - Mape Plastics","og_description":"[vc_row fullwidth=&#8221;1&#8243;][vc_column][ucaddon_ag_sub_hero ag_sh_text_small=&#8221;MEID\u00c4N KUMPPANIMME&#8221; ag_sh_text=&#8221;RTP COMPANY&#8221; ag_sub_hero_par=&#8221;UlRQJTIwQ29tcGFueSUyMHRhcmpvYWElMjBpbm5vdmF0aWl2aXNpYSUyMGphJTIwciVDMyVBNCVDMyVBNHQlQzMlQTRsJUMzJUI2aXR5aiVDMyVBNCUyMHJhdGthaXN1amElMjBhaW51dGxhYXR1aXNpaW4lMjBtYXRlcmlhYWxpaGFhc3RlaXNpaW4uJTIwTWFhaWxtYW4lMjBqb2h0YXZhbmElMjB0ZXJtb3BsYXN0aXN0ZW4lMjBlcmlrb2lzc2Vvc3RlbiUyMHZhbG1pc3RhamFuYSUyMG5lJTIwdGFyam9hdmF0JTIwbW9uaXB1b2xpc2VuJTIwdmFsaWtvaW1hbiUyMG1hdGVyaWFhbGVqYSUyMGVyaSUyMHRlb2xsaXN1dWRlbmFsb2plbiUyMHBhbHZlbGVtaXNlZW4u&#8221; ag_sh_tag=&#8221;h1&#8243;][\/vc_column][\/vc_row][vc_row css_animation=&#8221;none&#8221; css=&#8221;.vc_custom_1663093872195{padding-top: 40px !important;padding-bottom: 40px !important;}&#8221;][vc_column css_animation=&#8221;fadeIn&#8221; width=&#8221;1\/2&#8243; el_class=&#8221;standard-padding&#8221;][vc_empty_space height=&#8221;120px&#8221;][ucaddon_ag_title ag_title_slim=&#8221;UlRQJTIwQ29tcGFueQ==&#8221; ag_title_bold=&#8221;VEVLTklTRVQlMjBURVJNT01VT1ZJWUhESVNURUVU&#8221; ag_title_font_size=&#8221;45&#8243; ag_title_align=&#8221;left&#8221; ag_titel_border=&#8221;&#8221; uc_init_settings=&#8221;&#8221;][vc_column_text css=&#8221;.vc_custom_1692361406635{padding-bottom: 2rem !important;}&#8221;]Amerikkalainen seosvalmistaja RTP Company juontaa juurensa 1800-luvun lopulle ja on nyky\u00e4\u00e4n maailman johtava termoplastisten erikoisseosten valmistaja. Kehitt\u00e4m\u00e4ll\u00e4 r\u00e4\u00e4t\u00e4l\u00f6ityj\u00e4 kestomuoviyhdisteit\u00e4 ne vastaavat tehokkaasti ainutlaatuisiin materiaalihaasteisiin ja varmistavat erilaisten tuotteiden ja [&hellip;]","og_url":"https:\/\/mapeplastics.se\/fi\/yhteistyokumppanit\/rtpcompany\/","og_site_name":"Mape Plastics","article_modified_time":"2023-08-22T08:57:33+00:00","twitter_card":"summary_large_image","twitter_misc":{"Arvioitu lukuaika":"2 minuuttia"},"schema":{"@context":"https:\/\/schema.org","@graph":[{"@type":"WebPage","@id":"https:\/\/mapeplastics.se\/fi\/yhteistyokumppanit\/rtpcompany\/","url":"https:\/\/mapeplastics.se\/fi\/yhteistyokumppanit\/rtpcompany\/","name":"RTP COMPANY - Mape Plastics","isPartOf":{"@id":"https:\/\/mapeplastics.se\/fi\/#website"},"datePublished":"2023-08-10T19:58:05+00:00","dateModified":"2023-08-22T08:57:33+00:00","breadcrumb":{"@id":"https:\/\/mapeplastics.se\/fi\/yhteistyokumppanit\/rtpcompany\/#breadcrumb"},"inLanguage":"fi","potentialAction":[{"@type":"ReadAction","target":["https:\/\/mapeplastics.se\/fi\/yhteistyokumppanit\/rtpcompany\/"]}]},{"@type":"BreadcrumbList","@id":"https:\/\/mapeplastics.se\/fi\/yhteistyokumppanit\/rtpcompany\/#breadcrumb","itemListElement":[{"@type":"ListItem","position":1,"name":"Hem","item":"https:\/\/mapeplastics.se\/fi\/"},{"@type":"ListItem","position":2,"name":"YHTEISTY\u00d6KUMPPANIMME","item":"https:\/\/mapeplastics.se\/fi\/yhteistyokumppanit\/"},{"@type":"ListItem","position":3,"name":"RTP COMPANY"}]},{"@type":"WebSite","@id":"https:\/\/mapeplastics.se\/fi\/#website","url":"https:\/\/mapeplastics.se\/fi\/","name":"Mape Plastics","description":"","potentialAction":[{"@type":"SearchAction","target":{"@type":"EntryPoint","urlTemplate":"https:\/\/mapeplastics.se\/fi\/?s={search_term_string}"},"query-input":"required name=search_term_string"}],"inLanguage":"fi"}]}},"_links":{"self":[{"href":"https:\/\/mapeplastics.se\/fi\/wp-json\/wp\/v2\/pages\/4766"}],"collection":[{"href":"https:\/\/mapeplastics.se\/fi\/wp-json\/wp\/v2\/pages"}],"about":[{"href":"https:\/\/mapeplastics.se\/fi\/wp-json\/wp\/v2\/types\/page"}],"author":[{"embeddable":true,"href":"https:\/\/mapeplastics.se\/fi\/wp-json\/wp\/v2\/users\/29"}],"replies":[{"embeddable":true,"href":"https:\/\/mapeplastics.se\/fi\/wp-json\/wp\/v2\/comments?post=4766"}],"version-history":[{"count":3,"href":"https:\/\/mapeplastics.se\/fi\/wp-json\/wp\/v2\/pages\/4766\/revisions"}],"predecessor-version":[{"id":4900,"href":"https:\/\/mapeplastics.se\/fi\/wp-json\/wp\/v2\/pages\/4766\/revisions\/4900"}],"up":[{"embeddable":true,"href":"https:\/\/mapeplastics.se\/fi\/wp-json\/wp\/v2\/pages\/796"}],"wp:attachment":[{"href":"https:\/\/mapeplastics.se\/fi\/wp-json\/wp\/v2\/media?parent=4766"}],"curies":[{"name":"wp","href":"https:\/\/api.w.org\/{rel}","templated":true}]}}