{"id":4774,"date":"2023-08-10T21:58:06","date_gmt":"2023-08-10T19:58:06","guid":{"rendered":"https:\/\/mapeplastics.se\/yhteistyokumppanit\/victrex\/"},"modified":"2024-10-07T09:34:20","modified_gmt":"2024-10-07T07:34:20","slug":"victrex","status":"publish","type":"page","link":"https:\/\/mapeplastics.se\/fi\/yhteistyokumppanit\/victrex\/","title":{"rendered":"VICTREX"},"content":{"rendered":"<section class=\"wpb-content-wrapper\"><p>[vc_row fullwidth=&#8221;1&#8243;][vc_column][ucaddon_ag_sub_hero ag_sh_text_small=&#8221;MEID\u00c4N KUMPPANIMME&#8221; ag_sh_text=&#8221;VICTREX&#8221; ag_sub_hero_par=&#8221;VmljdHJleCUyMG9uJTIwYnJpdHRpbCVDMyVBNGluZW4lMjBtYWFpbG1hbiUyMGpvaHRhdmElMjBQRUVLLSUyMGphJTIwUEFFSy1wb2hqYWlzdGVuJTIwcG9seW1lZXJpcmF0a2Fpc3VqZW4lMjB2YWxtaXN0YWphJTJDJTIwamElMjBNYXBlJTIwUGxhc3RpY3MlMjBvbiUyMG9sbHV0JTIweWxwZSVDMyVBNCUyMGpha2VsaWphJTIwMjElMjB2dW9kZW4lMjBhamFuLg==&#8221; ag_sh_tag=&#8221;h1&#8243;][\/vc_column][\/vc_row][vc_row css_animation=&#8221;none&#8221; css=&#8221;.vc_custom_1663093872195{padding-top: 40px !important;padding-bottom: 40px !important;}&#8221;][vc_column css_animation=&#8221;fadeIn&#8221; width=&#8221;1\/2&#8243; el_class=&#8221;standard-padding&#8221;][vc_empty_space height=&#8221;120px&#8221;][ucaddon_ag_title ag_title_slim=&#8221;VklDVFJFWA==&#8221; ag_title_bold=&#8221;TVVVVFRBQSUyMFRVTEVWQUlTVVVERU4lMjBTVU9SSVRVU0tZS1klQzMlODQ=&#8221; ag_title_font_size=&#8221;45&#8243; ag_title_align=&#8221;left&#8221; ag_titel_border=&#8221;&#8221;][vc_column_text css=&#8221;.vc_custom_1692361510292{padding-bottom: 2rem !important;}&#8221;]Vuodesta 1993 l\u00e4htien Victrex on kasvanut maailmanlaajuiseksi yritykseksi, jolla on kuusi strategista markkina-aluetta ja joka ty\u00f6llist\u00e4\u00e4 yli 800 ammattilaista. Yli 40 vuoden takaisesta PEEK:n keksinn\u00f6st\u00e4 l\u00e4htien he ovat jatkuvasti kehitt\u00e4neet uusia PAEK-pohjaisia polymeerej\u00e4, materiaaleja ja ratkaisuja, jotka ovat muuttaneet markkinoita ja tuottaneet maailmanlaajuisia vaikutuksia vaikeimmissakin ymp\u00e4rist\u00f6iss\u00e4.<\/p>\n<p>Mape Plastics on ylpe\u00e4 PEEK:n johtavana jakelijana Pohjoismaissa. Olemme sitoutuneet toimittamaan asiakkaillemme t\u00e4m\u00e4n poikkeuksellisen korkean suorituskyvyn kestomuovin.<\/p>\n<p>Mit\u00e4 tulee kriittisiin komponentteihin, joilla on korkeat vaatimukset, Victrex PEEK auttaa asiakkaita voittamaan monimutkaiset suunnittelu- ja suunnitteluhaasteet.<\/p>\n<p>Victrexin tyt\u00e4ryhti\u00f6 Invibio on erikoistunut uusimpien biomateriaalien kehitt\u00e4miseen ja valmistukseen implantoitaviin l\u00e4\u00e4kinn\u00e4llisiin laitteisiin, PEEK:iin ja muihin edistyksellisiin materiaaleihin.[\/vc_column_text][\/vc_column][vc_column css_animation=&#8221;fadeIn&#8221; width=&#8221;1\/2&#8243;][ucaddon_ag_overlay_block ag_overlay_image=&#8221;1806&#8243; ag_overlay_image_font=&#8221;1980&#8243;][\/vc_column][\/vc_row][vc_row css_animation=&#8221;fadeIn&#8221; css=&#8221;.vc_custom_1663093992409{margin-top: 60px !important;margin-bottom: 80px !important;}&#8221;][vc_column width=&#8221;1\/2&#8243; el_class=&#8221;text-col&#8221;][ucaddon_ag_overlay_block ag_overlay_image=&#8221;1729&#8243; ag_overlay_image_font=&#8221;2071&#8243;][\/vc_column][vc_column width=&#8221;1\/2&#8243; el_class=&#8221;desktop-padding&#8221;][ucaddon_ag_title ag_title_slim=&#8221;UEVFSyUyMDQ1MEc=&#8221; ag_title_bold=&#8221;VE9ESVNURVRUVSUyMFNVT1JJVFVTS1lLWQ==&#8221; ag_title_font_size=&#8221;45&#8243; ag_title_align=&#8221;left&#8221; ag_titel_border=&#8221;&#8221;][vc_column_text css=&#8221;.vc_custom_1728286457716{padding-bottom: 2rem !important;}&#8221;]PEEKia k\u00e4ytt\u00e4v\u00e4t maailman johtavat ilmailu-, auto-, energia-, elektroniikka-, teollisuus- ja l\u00e4\u00e4ketieteelliset merkit. Tarvitsetko materiaalia, joka kest\u00e4\u00e4 vaativia ymp\u00e4rist\u00f6j\u00e4 ja korvaa metallin ja muut polymeerit? Silloin VICTREX 450G\u2122 PEEK Polymer voi olla valintasi.<\/p>\n<p>Mape Plastics on jakanut PEEK-tuotteita useisiin sovelluksiin Pohjoismaissa. Meit\u00e4 inspiroi jatkuvasti PEEK:n suuri vaikutus maailmassa materiaalina esimerkiksi lentokoneissa, autoissa ja el\u00e4m\u00e4\u00e4 muuttavina l\u00e4\u00e4kinn\u00e4llisin\u00e4 laitteina.[\/vc_column_text][\/vc_column][\/vc_row][vc_row css=&#8221;.vc_custom_1692819208324{padding-bottom: 60px !important;}&#8221;][vc_column][ucaddon_ag_title ag_title_slim=&#8221;TUFURVJJQUFMSVRJRVRPS0FOVEE=&#8221; ag_title_bold=&#8221;VFVPVFRFRVQ=&#8221; ag_title_font_size=&#8221;40&#8243; ag_title_align=&#8221;center&#8221; ag_titel_border=&#8221;&#8221;]\r\n        <style>\r\n            .js-ul-prospector-iframe {\r\n                width: 1px;\r\n                min-width: 100%;\r\n            }\r\n        <\/style>\r\n        <iframe class=\"js-ul-prospector-iframe\" src=\"https:\/\/catalog.ulprospector.com\/xquery.aspx?I=75681&amp;QM=100:1420&amp;RSCOLS=DYNAMIC&amp;FMT=HOV&amp;CULTURE=en&amp;PGSIZE=10\" frameborder=\"0\" allowfullscreen=\"false\" scrolling=\"yes\" loading=\"lazy\"><\/iframe>\r\n        <script>\r\n            jQuery(window).on(\"load\", function () {\r\n                if (!window.mapeChildUlProspectorIframeResizerInit) {\r\n                    console.log(\"Init UL Iframe Resizer\");\r\n                    iFrameResize({ log: false, scrolling: \"omit\" }, \".js-ul-prospector-iframe\");\r\n                    window.mapeChildUlProspectorIframeResizerInit = true;\r\n                }\r\n            });\r\n        <\/script>\r\n    [\/vc_column][\/vc_row][vc_row css=&#8221;.vc_custom_1647351943677{padding-top: 50px !important;padding-bottom: 60px !important;background-color: #f9f9f9 !important;}&#8221;][vc_column][ucaddon_ag_title ag_title_slim=&#8221;VklDVFJFWA==&#8221; ag_title_bold=&#8221;THVlJTIwbGlzJUMzJUE0JUMzJUE0&#8243; ag_title_font_size=&#8221;45&#8243; ag_title_align=&#8221;center&#8221; ag_titel_border=&#8221;&#8221;][vc_empty_space height=&#8221;30px&#8221;][vc_row_inner gap=&#8221;30&#8243; el_class=&#8221;usp-row&#8221;][vc_column_inner el_class=&#8221;cta-col&#8221; width=&#8221;1\/3&#8243; css=&#8221;.vc_custom_1647427402135{padding-top: 0px !important;background-color: #ffffff !important;}&#8221;][vc_single_image image=&#8221;4582&#8243; img_size=&#8221;full&#8221; onclick=&#8221;custom_link&#8221; img_link_target=&#8221;_blank&#8221; el_class=&#8221;cta-img&#8221; link=&#8221;https:\/\/www.victrex.com&#8221;][vc_custom_heading text=&#8221;VICTREX WEBSITE&#8221; font_container=&#8221;tag:h3|text_align:left&#8221; use_theme_fonts=&#8221;yes&#8221; el_class=&#8221;rubrik-mape&#8221; css=&#8221;.vc_custom_1686818199621{padding-left: 15px !important;}&#8221; link=&#8221;url:https%3A%2F%2Fwww.victrex.com|target:_blank&#8221;][vc_column_text el_class=&#8221;under-rubrik-mape&#8221; css=&#8221;.vc_custom_1686818208571{padding-left: 15px !important;}&#8221;]<a href=\"https:\/\/www.victrex.com\" target=\"_blank\" rel=\"noopener\">Visit victrex.com<\/a>[\/vc_column_text][vc_empty_space height=&#8221;30px&#8221;][\/vc_column_inner][vc_column_inner el_class=&#8221;cta-col&#8221; width=&#8221;1\/3&#8243; css=&#8221;.vc_custom_1647352243868{padding-top: 0px !important;background-color: #ffffff !important;}&#8221;][vc_single_image image=&#8221;2083&#8243; img_size=&#8221;full&#8221; onclick=&#8221;custom_link&#8221; img_link_target=&#8221;_blank&#8221; el_class=&#8221;cta-img&#8221; link=&#8221;https:\/\/www.victrex.com\/en\/products\/polymers\/peek-polymers\/450g&#8221;][vc_custom_heading text=&#8221;PEEK INFORMATION&#8221; font_container=&#8221;tag:h3|text_align:left&#8221; use_theme_fonts=&#8221;yes&#8221; el_class=&#8221;rubrik-mape&#8221; css=&#8221;.vc_custom_1686818358107{padding-left: 15px !important;}&#8221; link=&#8221;url:https%3A%2F%2Fwww.victrex.com%2Fen%2Fproducts%2Fpolymers%2Fpeek-polymers%2F450g|target:_blank&#8221;][vc_column_text el_class=&#8221;under-rubrik-mape&#8221; css=&#8221;.vc_custom_1686818436949{padding-left: 15px !important;}&#8221;]<a href=\"https:\/\/www.victrex.com\/en\/products\/polymers\/peek-polymers\/450g\" target=\"_blank\" rel=\"noopener\">Proven high-performance<\/a>[\/vc_column_text][vc_empty_space height=&#8221;30px&#8221;][\/vc_column_inner][vc_column_inner el_class=&#8221;cta-col&#8221; width=&#8221;1\/3&#8243; css=&#8221;.vc_custom_1647351040630{padding-top: 0px !important;background-color: #ffffff !important;}&#8221;][vc_single_image image=&#8221;2061&#8243; img_size=&#8221;full&#8221; onclick=&#8221;custom_link&#8221; img_link_target=&#8221;_blank&#8221; el_class=&#8221;cta-img&#8221; link=&#8221;https:\/\/calendly.com\/mapeplastics\/15min?back=1&amp;month=2023-06&#8243;][vc_custom_heading text=&#8221;TALK PEEK WITH PER&#8221; font_container=&#8221;tag:h3|text_align:left&#8221; use_theme_fonts=&#8221;yes&#8221; el_class=&#8221;rubrik-mape&#8221; css=&#8221;.vc_custom_1686818472573{padding-left: 15px !important;}&#8221; link=&#8221;url:https%3A%2F%2Fcalendly.com%2Fmapeplastics%2F15min%3Fback%3D1%26month%3D2023-06|target:_blank&#8221;][vc_column_text el_class=&#8221;under-rubrik-mape&#8221; css=&#8221;.vc_custom_1686818485258{padding-left: 15px !important;}&#8221;]<a href=\"https:\/\/calendly.com\/mapeplastics\/15min?back=1&amp;month=2023-06\" target=\"_blank\" rel=\"noopener\">BOOK A PEEK CALL<\/a>[\/vc_column_text][vc_empty_space height=&#8221;30px&#8221;][\/vc_column_inner][\/vc_row_inner][\/vc_column][\/vc_row]<\/p>\n<\/section>","protected":false},"excerpt":{"rendered":"<p>[vc_row fullwidth=&#8221;1&#8243;][vc_column][ucaddon_ag_sub_hero ag_sh_text_small=&#8221;MEID\u00c4N KUMPPANIMME&#8221; ag_sh_text=&#8221;VICTREX&#8221; ag_sub_hero_par=&#8221;VmljdHJleCUyMG9uJTIwYnJpdHRpbCVDMyVBNGluZW4lMjBtYWFpbG1hbiUyMGpvaHRhdmElMjBQRUVLLSUyMGphJTIwUEFFSy1wb2hqYWlzdGVuJTIwcG9seW1lZXJpcmF0a2Fpc3VqZW4lMjB2YWxtaXN0YWphJTJDJTIwamElMjBNYXBlJTIwUGxhc3RpY3MlMjBvbiUyMG9sbHV0JTIweWxwZSVDMyVBNCUyMGpha2VsaWphJTIwMjElMjB2dW9kZW4lMjBhamFuLg==&#8221; ag_sh_tag=&#8221;h1&#8243;][\/vc_column][\/vc_row][vc_row css_animation=&#8221;none&#8221; css=&#8221;.vc_custom_1663093872195{padding-top: 40px !important;padding-bottom: 40px !important;}&#8221;][vc_column css_animation=&#8221;fadeIn&#8221; width=&#8221;1\/2&#8243; el_class=&#8221;standard-padding&#8221;][vc_empty_space height=&#8221;120px&#8221;][ucaddon_ag_title ag_title_slim=&#8221;VklDVFJFWA==&#8221; ag_title_bold=&#8221;TVVVVFRBQSUyMFRVTEVWQUlTVVVERU4lMjBTVU9SSVRVU0tZS1klQzMlODQ=&#8221; ag_title_font_size=&#8221;45&#8243; ag_title_align=&#8221;left&#8221; ag_titel_border=&#8221;&#8221;][vc_column_text css=&#8221;.vc_custom_1692361510292{padding-bottom: 2rem !important;}&#8221;]Vuodesta 1993 l\u00e4htien Victrex on kasvanut maailmanlaajuiseksi yritykseksi, jolla on kuusi strategista markkina-aluetta ja joka ty\u00f6llist\u00e4\u00e4 yli 800 ammattilaista. Yli 40 vuoden takaisesta PEEK:n keksinn\u00f6st\u00e4 l\u00e4htien he ovat jatkuvasti kehitt\u00e4neet uusia [&hellip;]<\/p>\n","protected":false},"author":29,"featured_media":0,"parent":796,"menu_order":0,"comment_status":"closed","ping_status":"closed","template":"page-visual-composer.php","meta":{"_mi_skip_tracking":false},"acf":[],"yoast_head":"<!-- This site is optimized with the Yoast SEO plugin v20.7 - https:\/\/yoast.com\/wordpress\/plugins\/seo\/ -->\n<title>VICTREX - Mape Plastics<\/title>\n<meta name=\"robots\" content=\"index, follow, max-snippet:-1, max-image-preview:large, max-video-preview:-1\" \/>\n<link rel=\"canonical\" href=\"https:\/\/mapeplastics.se\/fi\/yhteistyokumppanit\/victrex\/\" \/>\n<meta property=\"og:locale\" content=\"fi_FI\" \/>\n<meta property=\"og:type\" content=\"article\" \/>\n<meta property=\"og:title\" content=\"VICTREX - Mape Plastics\" \/>\n<meta property=\"og:description\" content=\"[vc_row fullwidth=&#8221;1&#8243;][vc_column][ucaddon_ag_sub_hero ag_sh_text_small=&#8221;MEID\u00c4N KUMPPANIMME&#8221; ag_sh_text=&#8221;VICTREX&#8221; ag_sub_hero_par=&#8221;VmljdHJleCUyMG9uJTIwYnJpdHRpbCVDMyVBNGluZW4lMjBtYWFpbG1hbiUyMGpvaHRhdmElMjBQRUVLLSUyMGphJTIwUEFFSy1wb2hqYWlzdGVuJTIwcG9seW1lZXJpcmF0a2Fpc3VqZW4lMjB2YWxtaXN0YWphJTJDJTIwamElMjBNYXBlJTIwUGxhc3RpY3MlMjBvbiUyMG9sbHV0JTIweWxwZSVDMyVBNCUyMGpha2VsaWphJTIwMjElMjB2dW9kZW4lMjBhamFuLg==&#8221; ag_sh_tag=&#8221;h1&#8243;][\/vc_column][\/vc_row][vc_row css_animation=&#8221;none&#8221; css=&#8221;.vc_custom_1663093872195{padding-top: 40px !important;padding-bottom: 40px !important;}&#8221;][vc_column css_animation=&#8221;fadeIn&#8221; width=&#8221;1\/2&#8243; el_class=&#8221;standard-padding&#8221;][vc_empty_space height=&#8221;120px&#8221;][ucaddon_ag_title ag_title_slim=&#8221;VklDVFJFWA==&#8221; ag_title_bold=&#8221;TVVVVFRBQSUyMFRVTEVWQUlTVVVERU4lMjBTVU9SSVRVU0tZS1klQzMlODQ=&#8221; ag_title_font_size=&#8221;45&#8243; ag_title_align=&#8221;left&#8221; ag_titel_border=&#8221;&#8221;][vc_column_text css=&#8221;.vc_custom_1692361510292{padding-bottom: 2rem !important;}&#8221;]Vuodesta 1993 l\u00e4htien Victrex on kasvanut maailmanlaajuiseksi yritykseksi, jolla on kuusi strategista markkina-aluetta ja joka ty\u00f6llist\u00e4\u00e4 yli 800 ammattilaista. Yli 40 vuoden takaisesta PEEK:n keksinn\u00f6st\u00e4 l\u00e4htien he ovat jatkuvasti kehitt\u00e4neet uusia [&hellip;]\" \/>\n<meta property=\"og:url\" content=\"https:\/\/mapeplastics.se\/fi\/yhteistyokumppanit\/victrex\/\" \/>\n<meta property=\"og:site_name\" content=\"Mape Plastics\" \/>\n<meta property=\"article:modified_time\" content=\"2024-10-07T07:34:20+00:00\" \/>\n<meta name=\"twitter:card\" content=\"summary_large_image\" \/>\n<meta name=\"twitter:label1\" content=\"Arvioitu lukuaika\" \/>\n\t<meta name=\"twitter:data1\" content=\"2 minuuttia\" \/>\n<script type=\"application\/ld+json\" class=\"yoast-schema-graph\">{\"@context\":\"https:\/\/schema.org\",\"@graph\":[{\"@type\":\"WebPage\",\"@id\":\"https:\/\/mapeplastics.se\/fi\/yhteistyokumppanit\/victrex\/\",\"url\":\"https:\/\/mapeplastics.se\/fi\/yhteistyokumppanit\/victrex\/\",\"name\":\"VICTREX - Mape Plastics\",\"isPartOf\":{\"@id\":\"https:\/\/mapeplastics.se\/fi\/#website\"},\"datePublished\":\"2023-08-10T19:58:06+00:00\",\"dateModified\":\"2024-10-07T07:34:20+00:00\",\"breadcrumb\":{\"@id\":\"https:\/\/mapeplastics.se\/fi\/yhteistyokumppanit\/victrex\/#breadcrumb\"},\"inLanguage\":\"fi\",\"potentialAction\":[{\"@type\":\"ReadAction\",\"target\":[\"https:\/\/mapeplastics.se\/fi\/yhteistyokumppanit\/victrex\/\"]}]},{\"@type\":\"BreadcrumbList\",\"@id\":\"https:\/\/mapeplastics.se\/fi\/yhteistyokumppanit\/victrex\/#breadcrumb\",\"itemListElement\":[{\"@type\":\"ListItem\",\"position\":1,\"name\":\"Hem\",\"item\":\"https:\/\/mapeplastics.se\/fi\/\"},{\"@type\":\"ListItem\",\"position\":2,\"name\":\"YHTEISTY\u00d6KUMPPANIMME\",\"item\":\"https:\/\/mapeplastics.se\/fi\/yhteistyokumppanit\/\"},{\"@type\":\"ListItem\",\"position\":3,\"name\":\"VICTREX\"}]},{\"@type\":\"WebSite\",\"@id\":\"https:\/\/mapeplastics.se\/fi\/#website\",\"url\":\"https:\/\/mapeplastics.se\/fi\/\",\"name\":\"Mape Plastics\",\"description\":\"\",\"potentialAction\":[{\"@type\":\"SearchAction\",\"target\":{\"@type\":\"EntryPoint\",\"urlTemplate\":\"https:\/\/mapeplastics.se\/fi\/?s={search_term_string}\"},\"query-input\":\"required name=search_term_string\"}],\"inLanguage\":\"fi\"}]}<\/script>\n<!-- \/ Yoast SEO plugin. -->","yoast_head_json":{"title":"VICTREX - Mape Plastics","robots":{"index":"index","follow":"follow","max-snippet":"max-snippet:-1","max-image-preview":"max-image-preview:large","max-video-preview":"max-video-preview:-1"},"canonical":"https:\/\/mapeplastics.se\/fi\/yhteistyokumppanit\/victrex\/","og_locale":"fi_FI","og_type":"article","og_title":"VICTREX - Mape Plastics","og_description":"[vc_row fullwidth=&#8221;1&#8243;][vc_column][ucaddon_ag_sub_hero ag_sh_text_small=&#8221;MEID\u00c4N KUMPPANIMME&#8221; ag_sh_text=&#8221;VICTREX&#8221; ag_sub_hero_par=&#8221;VmljdHJleCUyMG9uJTIwYnJpdHRpbCVDMyVBNGluZW4lMjBtYWFpbG1hbiUyMGpvaHRhdmElMjBQRUVLLSUyMGphJTIwUEFFSy1wb2hqYWlzdGVuJTIwcG9seW1lZXJpcmF0a2Fpc3VqZW4lMjB2YWxtaXN0YWphJTJDJTIwamElMjBNYXBlJTIwUGxhc3RpY3MlMjBvbiUyMG9sbHV0JTIweWxwZSVDMyVBNCUyMGpha2VsaWphJTIwMjElMjB2dW9kZW4lMjBhamFuLg==&#8221; ag_sh_tag=&#8221;h1&#8243;][\/vc_column][\/vc_row][vc_row css_animation=&#8221;none&#8221; css=&#8221;.vc_custom_1663093872195{padding-top: 40px !important;padding-bottom: 40px !important;}&#8221;][vc_column css_animation=&#8221;fadeIn&#8221; width=&#8221;1\/2&#8243; el_class=&#8221;standard-padding&#8221;][vc_empty_space height=&#8221;120px&#8221;][ucaddon_ag_title ag_title_slim=&#8221;VklDVFJFWA==&#8221; ag_title_bold=&#8221;TVVVVFRBQSUyMFRVTEVWQUlTVVVERU4lMjBTVU9SSVRVU0tZS1klQzMlODQ=&#8221; ag_title_font_size=&#8221;45&#8243; ag_title_align=&#8221;left&#8221; ag_titel_border=&#8221;&#8221;][vc_column_text css=&#8221;.vc_custom_1692361510292{padding-bottom: 2rem !important;}&#8221;]Vuodesta 1993 l\u00e4htien Victrex on kasvanut maailmanlaajuiseksi yritykseksi, jolla on kuusi strategista markkina-aluetta ja joka ty\u00f6llist\u00e4\u00e4 yli 800 ammattilaista. Yli 40 vuoden takaisesta PEEK:n keksinn\u00f6st\u00e4 l\u00e4htien he ovat jatkuvasti kehitt\u00e4neet uusia [&hellip;]","og_url":"https:\/\/mapeplastics.se\/fi\/yhteistyokumppanit\/victrex\/","og_site_name":"Mape Plastics","article_modified_time":"2024-10-07T07:34:20+00:00","twitter_card":"summary_large_image","twitter_misc":{"Arvioitu lukuaika":"2 minuuttia"},"schema":{"@context":"https:\/\/schema.org","@graph":[{"@type":"WebPage","@id":"https:\/\/mapeplastics.se\/fi\/yhteistyokumppanit\/victrex\/","url":"https:\/\/mapeplastics.se\/fi\/yhteistyokumppanit\/victrex\/","name":"VICTREX - Mape Plastics","isPartOf":{"@id":"https:\/\/mapeplastics.se\/fi\/#website"},"datePublished":"2023-08-10T19:58:06+00:00","dateModified":"2024-10-07T07:34:20+00:00","breadcrumb":{"@id":"https:\/\/mapeplastics.se\/fi\/yhteistyokumppanit\/victrex\/#breadcrumb"},"inLanguage":"fi","potentialAction":[{"@type":"ReadAction","target":["https:\/\/mapeplastics.se\/fi\/yhteistyokumppanit\/victrex\/"]}]},{"@type":"BreadcrumbList","@id":"https:\/\/mapeplastics.se\/fi\/yhteistyokumppanit\/victrex\/#breadcrumb","itemListElement":[{"@type":"ListItem","position":1,"name":"Hem","item":"https:\/\/mapeplastics.se\/fi\/"},{"@type":"ListItem","position":2,"name":"YHTEISTY\u00d6KUMPPANIMME","item":"https:\/\/mapeplastics.se\/fi\/yhteistyokumppanit\/"},{"@type":"ListItem","position":3,"name":"VICTREX"}]},{"@type":"WebSite","@id":"https:\/\/mapeplastics.se\/fi\/#website","url":"https:\/\/mapeplastics.se\/fi\/","name":"Mape Plastics","description":"","potentialAction":[{"@type":"SearchAction","target":{"@type":"EntryPoint","urlTemplate":"https:\/\/mapeplastics.se\/fi\/?s={search_term_string}"},"query-input":"required name=search_term_string"}],"inLanguage":"fi"}]}},"_links":{"self":[{"href":"https:\/\/mapeplastics.se\/fi\/wp-json\/wp\/v2\/pages\/4774"}],"collection":[{"href":"https:\/\/mapeplastics.se\/fi\/wp-json\/wp\/v2\/pages"}],"about":[{"href":"https:\/\/mapeplastics.se\/fi\/wp-json\/wp\/v2\/types\/page"}],"author":[{"embeddable":true,"href":"https:\/\/mapeplastics.se\/fi\/wp-json\/wp\/v2\/users\/29"}],"replies":[{"embeddable":true,"href":"https:\/\/mapeplastics.se\/fi\/wp-json\/wp\/v2\/comments?post=4774"}],"version-history":[{"count":5,"href":"https:\/\/mapeplastics.se\/fi\/wp-json\/wp\/v2\/pages\/4774\/revisions"}],"predecessor-version":[{"id":7043,"href":"https:\/\/mapeplastics.se\/fi\/wp-json\/wp\/v2\/pages\/4774\/revisions\/7043"}],"up":[{"embeddable":true,"href":"https:\/\/mapeplastics.se\/fi\/wp-json\/wp\/v2\/pages\/796"}],"wp:attachment":[{"href":"https:\/\/mapeplastics.se\/fi\/wp-json\/wp\/v2\/media?parent=4774"}],"curies":[{"name":"wp","href":"https:\/\/api.w.org\/{rel}","templated":true}]}}