{"id":5208,"date":"2023-10-23T09:28:22","date_gmt":"2023-10-23T07:28:22","guid":{"rendered":"https:\/\/mapeplastics.se\/materiaalit\/lcp\/"},"modified":"2026-04-02T09:45:24","modified_gmt":"2026-04-02T07:45:24","slug":"lcp","status":"publish","type":"page","link":"https:\/\/mapeplastics.se\/fi\/materiaalit\/lcp\/","title":{"rendered":"LCP"},"content":{"rendered":"<section class=\"wpb-content-wrapper\"><p>[vc_row fullwidth=&#8221;1&#8243;][vc_column][ucaddon_ag_sub_hero ag_sh_text_small=&#8221;Meid\u00e4n materiaalit&#8221; ag_sh_text=&#8221;LCP&#8221; ag_sub_hero_par=&#8221;TmVzdGVraWRlcG9seW1lZXJpbGwlQzMlQTQlMjAlMjhMQ1AlMjklMjBvbiUyMGFpbnV0bGFhdHVpbmVuJTIwcmFrZW5uZSUyMGphJTIwc3Vvcml0dXNreWt5JTJDJTIwam9pdGElMjBlaSUyMG9sZSUyMGVubmVua3V1bHVtYXRvbiUyMHBlcmludGVpc2lzcyVDMyVBNCUyMG11b3ZlaXNzYS4lMjBTZW4lMjBsaXMlQzMlQTRrc2klMkMlMjBldHQlQzMlQTQlMjBMQ1AlM0FsbCVDMyVBNCUyMG9uJTIwdCVDMyVBNHlzaW4lMjBlcmklMjBsdW9ra2FhJTIwbWVrYWFuaW5lbiUyMGx1anV1cyUyQyUyMHNpbGwlQzMlQTQlMjBvbiUyMGFpbnV0bGFhdHVpbmVuJTIwb21pbmFpc3V1cyUyQyUyMGV0dCVDMyVBNCUyMG1pdCVDMyVBNCUyMG9odWVtbWFrc2klMjB0dW90ZSUyMHR1bGVlJTJDJTIwc2l0JUMzJUE0JTIwc3V1cmVtcGklMjBvbiUyMHNlbiUyMG1la2FhbmluZW4lMjBsdWp1dXMlMjBwb2lra2lsZWlra2F1c3BpbnRhLWFsYXlrc2lrayVDMyVCNiVDMyVBNCUyMGtvaHRpLg==&#8221; ag_sh_img=&#8221;2353&#8243; ag_sh_tag=&#8221;h1&#8243;][\/vc_column][\/vc_row][vc_row content_placement=&#8221;middle&#8221; css=&#8221;.vc_custom_1659975571769{padding-top: 8rem !important;padding-bottom: 6rem !important;}&#8221;][vc_column width=&#8221;1\/2&#8243; css=&#8221;.vc_custom_1659975043893{padding-left: 1rem !important;}&#8221; el_class=&#8221;standard-padding&#8221;][ucaddon_ag_title ag_title_bold=&#8221;TENQJTIwb21pbmFpc3V1a3NpYQ==&#8221; ag_title_font_size=&#8221;52&#8243; ag_title_align=&#8221;left&#8221; ag_titel_border=&#8221;&#8221; ag_title_tag=&#8221;h2&#8243;][vc_column_text css=&#8221;.vc_custom_1698131357434{padding-bottom: 2rem !important;}&#8221;]<\/p>\n<ul id=\"material\">\n<li>Korkea juoksevuus<\/li>\n<li>T\u00e4rin\u00e4n vaimennus<\/li>\n<li>Ohut ja vahva<\/li>\n<li>Ei-halogeeni<\/li>\n<li>Tulenkest\u00e4vyys<\/li>\n<li>Korkea kimmomoduuli<\/li>\n<li>Metallimainen lineaarinen laajenemisnopeus<\/li>\n<li>Juotoksen l\u00e4mm\u00f6nkest\u00e4vyys<\/li>\n<\/ul>\n<p>[\/vc_column_text][vc_btn title=&#8221;Ota yhteytt\u00e4 saadaksesi lis\u00e4tietoja&#8221; style=&#8221;flat&#8221; shape=&#8221;square&#8221; link=&#8221;url:https%3A%2F%2Fmapeplastics.se%2Ffi%2Fottaa-yhteytta%2F|title:Ota%20yhteytt%C3%A4%20saadaksesi%20lis%C3%A4tietoja&#8221; el_class=&#8221;btn-primary&#8221;][vc_empty_space height=&#8221;20px&#8221;][ucaddon_ag_title ag_title_bold=&#8221;TEFQRVJPUyVDMiVBRQ==&#8221; ag_title_font_size=&#8221;52&#8243; ag_title_align=&#8221;left&#8221; ag_titel_border=&#8221;&#8221; ag_title_tag=&#8221;h2&#8243;][vc_column_text css=&#8221;.vc_custom_1775115894108{padding-bottom: 2rem !important;}&#8221;]LAPEROS\u00ae on <a href=\"https:\/\/mapeplastics.se\/fi\/yhteistyokumppanit\/daicel\/\">Daicel<\/a> LCP. Se on johtava huipputekninen muovi, jonka ohuus ja sujuvuus on ennenkuulumatonta tyypillisiss\u00e4 teknisiss\u00e4 muoveissa. L\u00e4mm\u00f6nkest\u00e4v\u00e4 ja jolla on vertaansa vailla oleva mekaaninen lujuus. LCP:ll\u00e4 on ainutlaatuinen ominaisuus, ett\u00e4 mit\u00e4 ohuempi tuote tulee, sit\u00e4 suurempi on sen mekaaninen lujuus. Lis\u00e4ksi sill\u00e4 on alhainen lineaarinen l\u00e4mp\u00f6laajenemiskerroin l\u00e4hell\u00e4 metallin l\u00e4mp\u00f6laajenemiskerrointa. Sit\u00e4 k\u00e4ytet\u00e4\u00e4n usein superpieniss\u00e4 tarkkuusliittimiss\u00e4 yh\u00e4 pienempiin IT-laitteisiin, kuten tabletteihin ja \u00e4lypuhelimiin.<\/p>\n<p>Nestekidepolymeerill\u00e4 LAPEROS\u00ae LCP on ainutlaatuinen rakenne ja suorituskyky, joka on ennenkuulumaton perinteisiss\u00e4 muoveissa.[\/vc_column_text][vc_btn title=&#8221;LAPEROS\u00ae&#8221; style=&#8221;flat&#8221; shape=&#8221;square&#8221; link=&#8221;url:https%3A%2F%2Fhpps.daicel.com%2Fglobal%2Fs%2FProductInfo%2Flaperoslcp%3Flanguage%3Den_US|title:Laperos|target:_blank&#8221; el_class=&#8221;btn-primary&#8221;][\/vc_column][vc_column width=&#8221;1\/2&#8243; css=&#8221;.vc_custom_1599745364366{padding-right: 1rem !important;}&#8221;][vc_single_image image=&#8221;5197&#8243; img_size=&#8221;full&#8221;][vc_empty_space height=&#8221;10px&#8221;][vc_single_image image=&#8221;9705&#8243; img_size=&#8221;full&#8221; alignment=&#8221;center&#8221;][\/vc_column][\/vc_row][vc_row css=&#8221;.vc_custom_1692819208324{padding-bottom: 60px !important;}&#8221;][vc_column][ucaddon_ag_title ag_title_slim=&#8221;TUFURVJJQUFMSVRJRVRPS0FOVEE=&#8221; ag_title_bold=&#8221;TENQJTIwVHVvdHRlZXQ=&#8221; ag_title_font_size=&#8221;40&#8243; ag_title_align=&#8221;center&#8221; ag_titel_border=&#8221;&#8221;]\r\n        <style>\r\n            .js-ul-prospector-iframe {\r\n                width: 1px;\r\n                min-width: 100%;\r\n            }\r\n        <\/style>\r\n        <iframe class=\"js-ul-prospector-iframe\" src=\"https:\/\/catalog.ulprospector.com\/xquery.aspx?I=75681&amp;QM=40:6036&amp;RSCOLS=DYNAMIC&amp;FMT=HOV&amp;CULTURE=en&amp;PGSIZE=10\" frameborder=\"0\" allowfullscreen=\"false\" scrolling=\"yes\" loading=\"lazy\"><\/iframe>\r\n        <script>\r\n            jQuery(window).on(\"load\", function () {\r\n                if (!window.mapeChildUlProspectorIframeResizerInit) {\r\n                    console.log(\"Init UL Iframe Resizer\");\r\n                    iFrameResize({ log: false, scrolling: \"omit\" }, \".js-ul-prospector-iframe\");\r\n                    window.mapeChildUlProspectorIframeResizerInit = true;\r\n                }\r\n            });\r\n        <\/script>\r\n    [\/vc_column][\/vc_row][vc_row css_animation=&#8221;none&#8221; css=&#8221;.vc_custom_1659976162848{padding-top: 80px !important;padding-bottom: 0px !important;background-color: #f9f9f9 !important;}&#8221;][vc_column width=&#8221;7\/12&#8243; css=&#8221;.vc_custom_1647361588512{padding-right: 2rem !important;}&#8221;][ucaddon_ag_title ag_title_slim=&#8221;VGllZCVDMyVBNG1tZSUyMG11b3ZpdA==&#8221; ag_title_bold=&#8221;S2Vycm9tbWUlMjBzaW51bGxlJTIwbGlzJUMzJUE0JUMzJUE0JTIwTENQ&#8221; ag_title_font_size=&#8221;40&#8243; ag_title_align=&#8221;left&#8221; ag_titel_border=&#8221;&#8221;][vc_empty_space height=&#8221;20px&#8221;][\/vc_column][vc_column width=&#8221;5\/12&#8243;][vc_empty_space height=&#8221;20px&#8221;][vc_tta_accordion accordion_layout=&#8221;no-border&#8221; accordion_icon=&#8221;arrow&#8221;][vc_tta_section title=&#8221;GET IN TOUCH&#8221; tab_id=&#8221;1647352964095-e408d282-5d33&#8243; el_class=&#8221;btn-accordion&#8221;]<div role=\"form\" class=\"wpcf7\" id=\"wpcf7-f1833-o1\" lang=\"sv-SE\" dir=\"ltr\">\n<div class=\"screen-reader-response\"><p role=\"status\" aria-live=\"polite\" aria-atomic=\"true\"><\/p> <ul><\/ul><\/div>\n<form action=\"\/fi\/wp-json\/wp\/v2\/pages\/5208#wpcf7-f1833-o1\" method=\"post\" class=\"wpcf7-form init\" novalidate=\"novalidate\" data-status=\"init\">\n<div style=\"display: none;\">\n<input type=\"hidden\" name=\"_wpcf7\" value=\"1833\" \/>\n<input type=\"hidden\" name=\"_wpcf7_version\" value=\"5.6.4\" \/>\n<input type=\"hidden\" name=\"_wpcf7_locale\" value=\"sv_SE\" \/>\n<input type=\"hidden\" name=\"_wpcf7_unit_tag\" value=\"wpcf7-f1833-o1\" \/>\n<input type=\"hidden\" name=\"_wpcf7_container_post\" value=\"0\" \/>\n<input type=\"hidden\" name=\"_wpcf7_posted_data_hash\" value=\"\" \/>\n<input type=\"hidden\" name=\"_wpcf7_recaptcha_response\" value=\"\" \/>\n<\/div>\n<div class=\"cf-container\">\n<div class=\"cf-col-9\"><span class=\"wpcf7-form-control-wrap\" data-name=\"your-email\"><input type=\"email\" name=\"your-email\" value=\"\" size=\"40\" class=\"wpcf7-form-control wpcf7-text wpcf7-email wpcf7-validates-as-required wpcf7-validates-as-email\" aria-required=\"true\" aria-invalid=\"false\" placeholder=\"Fill in your mail and we\u2019ll get in touch\" \/><\/span><\/div>\n<div class=\"cf-col-3\"><input type=\"submit\" value=\"Send\" class=\"wpcf7-form-control has-spinner wpcf7-submit\" \/><\/div>\n<\/div>\n<div class=\"wpcf7-response-output\" aria-hidden=\"true\"><\/div><\/form><\/div>[\/vc_tta_section][\/vc_tta_accordion][\/vc_column][\/vc_row][vc_row css=&#8221;.vc_custom_1659975238674{padding-top: 60px !important;padding-bottom: 60px !important;background-color: #f9f9f9 !important;}&#8221;][vc_column css_animation=&#8221;fadeIn&#8221; el_class=&#8221;cta-col&#8221; css=&#8221;.vc_custom_1659975230349{padding-top: 60px !important;padding-bottom: 60px !important;background-color: #ffffff !important;}&#8221;][ucaddon_ag_title ag_title_bold=&#8221;VHV0dXN0dSUyMGxpcyVDMyVBNCVDMyVBNCUyMG1hdGVyaWFhbGVpaGltbWU=&#8221; ag_title_align=&#8221;center&#8221; ag_titel_border=&#8221;&#8221; ag_title_tag=&#8221;h2&#8243;][vc_column_text el_class=&#8221;citat-last&#8221;]<\/p>\n<p style=\"text-align: center;\">Muoviteollisuudessa on paljon erilaisia materiaaleja. Tutustu lis\u00e4\u00e4 materiaaleihin, joilla ty\u00f6skentelemme ja tarjoamme varmistaaksemme asiakkaillemme aina korkean laadun.<\/p>\n<p>[\/vc_column_text][vc_empty_space height=&#8221;40px&#8221;][vc_btn title=&#8221;Meid\u00e4n materiaalit&#8221; style=&#8221;flat&#8221; shape=&#8221;square&#8221; align=&#8221;center&#8221; link=&#8221;url:https%3A%2F%2Fmapeplastics.se%2Ffi%2Fottaa-yhteytta%2F|title:Meid%C3%A4n%20materiaalit&#8221; el_class=&#8221;btn-primary&#8221;][\/vc_column][\/vc_row][vc_row][vc_column][vc_column_text]<\/p>\n<p>[\/vc_column_text][\/vc_column][\/vc_row]<\/p>\n<\/section>","protected":false},"excerpt":{"rendered":"<p>[vc_row fullwidth=&#8221;1&#8243;][vc_column][ucaddon_ag_sub_hero ag_sh_text_small=&#8221;Meid\u00e4n materiaalit&#8221; ag_sh_text=&#8221;LCP&#8221; ag_sub_hero_par=&#8221;TmVzdGVraWRlcG9seW1lZXJpbGwlQzMlQTQlMjAlMjhMQ1AlMjklMjBvbiUyMGFpbnV0bGFhdHVpbmVuJTIwcmFrZW5uZSUyMGphJTIwc3Vvcml0dXNreWt5JTJDJTIwam9pdGElMjBlaSUyMG9sZSUyMGVubmVua3V1bHVtYXRvbiUyMHBlcmludGVpc2lzcyVDMyVBNCUyMG11b3ZlaXNzYS4lMjBTZW4lMjBsaXMlQzMlQTRrc2klMkMlMjBldHQlQzMlQTQlMjBMQ1AlM0FsbCVDMyVBNCUyMG9uJTIwdCVDMyVBNHlzaW4lMjBlcmklMjBsdW9ra2FhJTIwbWVrYWFuaW5lbiUyMGx1anV1cyUyQyUyMHNpbGwlQzMlQTQlMjBvbiUyMGFpbnV0bGFhdHVpbmVuJTIwb21pbmFpc3V1cyUyQyUyMGV0dCVDMyVBNCUyMG1pdCVDMyVBNCUyMG9odWVtbWFrc2klMjB0dW90ZSUyMHR1bGVlJTJDJTIwc2l0JUMzJUE0JTIwc3V1cmVtcGklMjBvbiUyMHNlbiUyMG1la2FhbmluZW4lMjBsdWp1dXMlMjBwb2lra2lsZWlra2F1c3BpbnRhLWFsYXlrc2lrayVDMyVCNiVDMyVBNCUyMGtvaHRpLg==&#8221; ag_sh_img=&#8221;2353&#8243; ag_sh_tag=&#8221;h1&#8243;][\/vc_column][\/vc_row][vc_row content_placement=&#8221;middle&#8221; css=&#8221;.vc_custom_1659975571769{padding-top: 8rem !important;padding-bottom: 6rem !important;}&#8221;][vc_column width=&#8221;1\/2&#8243; css=&#8221;.vc_custom_1659975043893{padding-left: 1rem !important;}&#8221; el_class=&#8221;standard-padding&#8221;][ucaddon_ag_title ag_title_bold=&#8221;TENQJTIwb21pbmFpc3V1a3NpYQ==&#8221; ag_title_font_size=&#8221;52&#8243; ag_title_align=&#8221;left&#8221; ag_titel_border=&#8221;&#8221; ag_title_tag=&#8221;h2&#8243;][vc_column_text css=&#8221;.vc_custom_1698131357434{padding-bottom: 2rem !important;}&#8221;] Korkea juoksevuus T\u00e4rin\u00e4n vaimennus Ohut ja vahva Ei-halogeeni Tulenkest\u00e4vyys Korkea kimmomoduuli Metallimainen lineaarinen laajenemisnopeus Juotoksen l\u00e4mm\u00f6nkest\u00e4vyys [\/vc_column_text][vc_btn title=&#8221;Ota yhteytt\u00e4 saadaksesi lis\u00e4tietoja&#8221; style=&#8221;flat&#8221; shape=&#8221;square&#8221; link=&#8221;url:https%3A%2F%2Fmapeplastics.se%2Ffi%2Fottaa-yhteytta%2F|title:Ota%20yhteytt%C3%A4%20saadaksesi%20lis%C3%A4tietoja&#8221; el_class=&#8221;btn-primary&#8221;][vc_empty_space height=&#8221;20px&#8221;][ucaddon_ag_title ag_title_bold=&#8221;TEFQRVJPUyVDMiVBRQ==&#8221; ag_title_font_size=&#8221;52&#8243; [&hellip;]<\/p>\n","protected":false},"author":29,"featured_media":0,"parent":819,"menu_order":0,"comment_status":"closed","ping_status":"closed","template":"page-visual-composer.php","meta":{"_mi_skip_tracking":false},"acf":[],"yoast_head":"<!-- This site is optimized with the Yoast SEO plugin v20.7 - https:\/\/yoast.com\/wordpress\/plugins\/seo\/ -->\n<title>LCP - Mape Plastics<\/title>\n<meta name=\"robots\" content=\"index, follow, max-snippet:-1, max-image-preview:large, max-video-preview:-1\" \/>\n<link rel=\"canonical\" href=\"https:\/\/mapeplastics.se\/fi\/materiaalit\/lcp\/\" \/>\n<meta property=\"og:locale\" content=\"fi_FI\" \/>\n<meta property=\"og:type\" content=\"article\" \/>\n<meta property=\"og:title\" content=\"LCP - Mape Plastics\" \/>\n<meta property=\"og:description\" content=\"[vc_row fullwidth=&#8221;1&#8243;][vc_column][ucaddon_ag_sub_hero ag_sh_text_small=&#8221;Meid\u00e4n materiaalit&#8221; ag_sh_text=&#8221;LCP&#8221; ag_sub_hero_par=&#8221;TmVzdGVraWRlcG9seW1lZXJpbGwlQzMlQTQlMjAlMjhMQ1AlMjklMjBvbiUyMGFpbnV0bGFhdHVpbmVuJTIwcmFrZW5uZSUyMGphJTIwc3Vvcml0dXNreWt5JTJDJTIwam9pdGElMjBlaSUyMG9sZSUyMGVubmVua3V1bHVtYXRvbiUyMHBlcmludGVpc2lzcyVDMyVBNCUyMG11b3ZlaXNzYS4lMjBTZW4lMjBsaXMlQzMlQTRrc2klMkMlMjBldHQlQzMlQTQlMjBMQ1AlM0FsbCVDMyVBNCUyMG9uJTIwdCVDMyVBNHlzaW4lMjBlcmklMjBsdW9ra2FhJTIwbWVrYWFuaW5lbiUyMGx1anV1cyUyQyUyMHNpbGwlQzMlQTQlMjBvbiUyMGFpbnV0bGFhdHVpbmVuJTIwb21pbmFpc3V1cyUyQyUyMGV0dCVDMyVBNCUyMG1pdCVDMyVBNCUyMG9odWVtbWFrc2klMjB0dW90ZSUyMHR1bGVlJTJDJTIwc2l0JUMzJUE0JTIwc3V1cmVtcGklMjBvbiUyMHNlbiUyMG1la2FhbmluZW4lMjBsdWp1dXMlMjBwb2lra2lsZWlra2F1c3BpbnRhLWFsYXlrc2lrayVDMyVCNiVDMyVBNCUyMGtvaHRpLg==&#8221; ag_sh_img=&#8221;2353&#8243; ag_sh_tag=&#8221;h1&#8243;][\/vc_column][\/vc_row][vc_row content_placement=&#8221;middle&#8221; css=&#8221;.vc_custom_1659975571769{padding-top: 8rem !important;padding-bottom: 6rem !important;}&#8221;][vc_column width=&#8221;1\/2&#8243; css=&#8221;.vc_custom_1659975043893{padding-left: 1rem !important;}&#8221; el_class=&#8221;standard-padding&#8221;][ucaddon_ag_title ag_title_bold=&#8221;TENQJTIwb21pbmFpc3V1a3NpYQ==&#8221; ag_title_font_size=&#8221;52&#8243; ag_title_align=&#8221;left&#8221; ag_titel_border=&#8221;&#8221; ag_title_tag=&#8221;h2&#8243;][vc_column_text css=&#8221;.vc_custom_1698131357434{padding-bottom: 2rem !important;}&#8221;] Korkea juoksevuus T\u00e4rin\u00e4n vaimennus Ohut ja vahva Ei-halogeeni Tulenkest\u00e4vyys Korkea kimmomoduuli Metallimainen lineaarinen laajenemisnopeus Juotoksen l\u00e4mm\u00f6nkest\u00e4vyys [\/vc_column_text][vc_btn title=&#8221;Ota yhteytt\u00e4 saadaksesi lis\u00e4tietoja&#8221; style=&#8221;flat&#8221; shape=&#8221;square&#8221; link=&#8221;url:https%3A%2F%2Fmapeplastics.se%2Ffi%2Fottaa-yhteytta%2F|title:Ota%20yhteytt%C3%A4%20saadaksesi%20lis%C3%A4tietoja&#8221; el_class=&#8221;btn-primary&#8221;][vc_empty_space height=&#8221;20px&#8221;][ucaddon_ag_title ag_title_bold=&#8221;TEFQRVJPUyVDMiVBRQ==&#8221; ag_title_font_size=&#8221;52&#8243; [&hellip;]\" \/>\n<meta property=\"og:url\" content=\"https:\/\/mapeplastics.se\/fi\/materiaalit\/lcp\/\" \/>\n<meta property=\"og:site_name\" content=\"Mape Plastics\" \/>\n<meta property=\"article:modified_time\" content=\"2026-04-02T07:45:24+00:00\" \/>\n<meta name=\"twitter:card\" content=\"summary_large_image\" \/>\n<meta name=\"twitter:label1\" content=\"Arvioitu lukuaika\" \/>\n\t<meta name=\"twitter:data1\" content=\"2 minuuttia\" \/>\n<script type=\"application\/ld+json\" class=\"yoast-schema-graph\">{\"@context\":\"https:\/\/schema.org\",\"@graph\":[{\"@type\":\"WebPage\",\"@id\":\"https:\/\/mapeplastics.se\/fi\/materiaalit\/lcp\/\",\"url\":\"https:\/\/mapeplastics.se\/fi\/materiaalit\/lcp\/\",\"name\":\"LCP - Mape Plastics\",\"isPartOf\":{\"@id\":\"https:\/\/mapeplastics.se\/fi\/#website\"},\"datePublished\":\"2023-10-23T07:28:22+00:00\",\"dateModified\":\"2026-04-02T07:45:24+00:00\",\"breadcrumb\":{\"@id\":\"https:\/\/mapeplastics.se\/fi\/materiaalit\/lcp\/#breadcrumb\"},\"inLanguage\":\"fi\",\"potentialAction\":[{\"@type\":\"ReadAction\",\"target\":[\"https:\/\/mapeplastics.se\/fi\/materiaalit\/lcp\/\"]}]},{\"@type\":\"BreadcrumbList\",\"@id\":\"https:\/\/mapeplastics.se\/fi\/materiaalit\/lcp\/#breadcrumb\",\"itemListElement\":[{\"@type\":\"ListItem\",\"position\":1,\"name\":\"Hem\",\"item\":\"https:\/\/mapeplastics.se\/fi\/\"},{\"@type\":\"ListItem\",\"position\":2,\"name\":\"Tuotteet\",\"item\":\"https:\/\/mapeplastics.se\/fi\/materiaalit\/\"},{\"@type\":\"ListItem\",\"position\":3,\"name\":\"LCP\"}]},{\"@type\":\"WebSite\",\"@id\":\"https:\/\/mapeplastics.se\/fi\/#website\",\"url\":\"https:\/\/mapeplastics.se\/fi\/\",\"name\":\"Mape Plastics\",\"description\":\"\",\"potentialAction\":[{\"@type\":\"SearchAction\",\"target\":{\"@type\":\"EntryPoint\",\"urlTemplate\":\"https:\/\/mapeplastics.se\/fi\/?s={search_term_string}\"},\"query-input\":\"required name=search_term_string\"}],\"inLanguage\":\"fi\"}]}<\/script>\n<!-- \/ Yoast SEO plugin. -->","yoast_head_json":{"title":"LCP - Mape Plastics","robots":{"index":"index","follow":"follow","max-snippet":"max-snippet:-1","max-image-preview":"max-image-preview:large","max-video-preview":"max-video-preview:-1"},"canonical":"https:\/\/mapeplastics.se\/fi\/materiaalit\/lcp\/","og_locale":"fi_FI","og_type":"article","og_title":"LCP - Mape Plastics","og_description":"[vc_row fullwidth=&#8221;1&#8243;][vc_column][ucaddon_ag_sub_hero ag_sh_text_small=&#8221;Meid\u00e4n materiaalit&#8221; ag_sh_text=&#8221;LCP&#8221; ag_sub_hero_par=&#8221;TmVzdGVraWRlcG9seW1lZXJpbGwlQzMlQTQlMjAlMjhMQ1AlMjklMjBvbiUyMGFpbnV0bGFhdHVpbmVuJTIwcmFrZW5uZSUyMGphJTIwc3Vvcml0dXNreWt5JTJDJTIwam9pdGElMjBlaSUyMG9sZSUyMGVubmVua3V1bHVtYXRvbiUyMHBlcmludGVpc2lzcyVDMyVBNCUyMG11b3ZlaXNzYS4lMjBTZW4lMjBsaXMlQzMlQTRrc2klMkMlMjBldHQlQzMlQTQlMjBMQ1AlM0FsbCVDMyVBNCUyMG9uJTIwdCVDMyVBNHlzaW4lMjBlcmklMjBsdW9ra2FhJTIwbWVrYWFuaW5lbiUyMGx1anV1cyUyQyUyMHNpbGwlQzMlQTQlMjBvbiUyMGFpbnV0bGFhdHVpbmVuJTIwb21pbmFpc3V1cyUyQyUyMGV0dCVDMyVBNCUyMG1pdCVDMyVBNCUyMG9odWVtbWFrc2klMjB0dW90ZSUyMHR1bGVlJTJDJTIwc2l0JUMzJUE0JTIwc3V1cmVtcGklMjBvbiUyMHNlbiUyMG1la2FhbmluZW4lMjBsdWp1dXMlMjBwb2lra2lsZWlra2F1c3BpbnRhLWFsYXlrc2lrayVDMyVCNiVDMyVBNCUyMGtvaHRpLg==&#8221; ag_sh_img=&#8221;2353&#8243; ag_sh_tag=&#8221;h1&#8243;][\/vc_column][\/vc_row][vc_row content_placement=&#8221;middle&#8221; css=&#8221;.vc_custom_1659975571769{padding-top: 8rem !important;padding-bottom: 6rem !important;}&#8221;][vc_column width=&#8221;1\/2&#8243; css=&#8221;.vc_custom_1659975043893{padding-left: 1rem !important;}&#8221; el_class=&#8221;standard-padding&#8221;][ucaddon_ag_title ag_title_bold=&#8221;TENQJTIwb21pbmFpc3V1a3NpYQ==&#8221; ag_title_font_size=&#8221;52&#8243; ag_title_align=&#8221;left&#8221; ag_titel_border=&#8221;&#8221; ag_title_tag=&#8221;h2&#8243;][vc_column_text css=&#8221;.vc_custom_1698131357434{padding-bottom: 2rem !important;}&#8221;] Korkea juoksevuus T\u00e4rin\u00e4n vaimennus Ohut ja vahva Ei-halogeeni Tulenkest\u00e4vyys Korkea kimmomoduuli Metallimainen lineaarinen laajenemisnopeus Juotoksen l\u00e4mm\u00f6nkest\u00e4vyys [\/vc_column_text][vc_btn title=&#8221;Ota yhteytt\u00e4 saadaksesi lis\u00e4tietoja&#8221; style=&#8221;flat&#8221; shape=&#8221;square&#8221; link=&#8221;url:https%3A%2F%2Fmapeplastics.se%2Ffi%2Fottaa-yhteytta%2F|title:Ota%20yhteytt%C3%A4%20saadaksesi%20lis%C3%A4tietoja&#8221; el_class=&#8221;btn-primary&#8221;][vc_empty_space height=&#8221;20px&#8221;][ucaddon_ag_title ag_title_bold=&#8221;TEFQRVJPUyVDMiVBRQ==&#8221; ag_title_font_size=&#8221;52&#8243; [&hellip;]","og_url":"https:\/\/mapeplastics.se\/fi\/materiaalit\/lcp\/","og_site_name":"Mape Plastics","article_modified_time":"2026-04-02T07:45:24+00:00","twitter_card":"summary_large_image","twitter_misc":{"Arvioitu lukuaika":"2 minuuttia"},"schema":{"@context":"https:\/\/schema.org","@graph":[{"@type":"WebPage","@id":"https:\/\/mapeplastics.se\/fi\/materiaalit\/lcp\/","url":"https:\/\/mapeplastics.se\/fi\/materiaalit\/lcp\/","name":"LCP - Mape Plastics","isPartOf":{"@id":"https:\/\/mapeplastics.se\/fi\/#website"},"datePublished":"2023-10-23T07:28:22+00:00","dateModified":"2026-04-02T07:45:24+00:00","breadcrumb":{"@id":"https:\/\/mapeplastics.se\/fi\/materiaalit\/lcp\/#breadcrumb"},"inLanguage":"fi","potentialAction":[{"@type":"ReadAction","target":["https:\/\/mapeplastics.se\/fi\/materiaalit\/lcp\/"]}]},{"@type":"BreadcrumbList","@id":"https:\/\/mapeplastics.se\/fi\/materiaalit\/lcp\/#breadcrumb","itemListElement":[{"@type":"ListItem","position":1,"name":"Hem","item":"https:\/\/mapeplastics.se\/fi\/"},{"@type":"ListItem","position":2,"name":"Tuotteet","item":"https:\/\/mapeplastics.se\/fi\/materiaalit\/"},{"@type":"ListItem","position":3,"name":"LCP"}]},{"@type":"WebSite","@id":"https:\/\/mapeplastics.se\/fi\/#website","url":"https:\/\/mapeplastics.se\/fi\/","name":"Mape Plastics","description":"","potentialAction":[{"@type":"SearchAction","target":{"@type":"EntryPoint","urlTemplate":"https:\/\/mapeplastics.se\/fi\/?s={search_term_string}"},"query-input":"required name=search_term_string"}],"inLanguage":"fi"}]}},"_links":{"self":[{"href":"https:\/\/mapeplastics.se\/fi\/wp-json\/wp\/v2\/pages\/5208"}],"collection":[{"href":"https:\/\/mapeplastics.se\/fi\/wp-json\/wp\/v2\/pages"}],"about":[{"href":"https:\/\/mapeplastics.se\/fi\/wp-json\/wp\/v2\/types\/page"}],"author":[{"embeddable":true,"href":"https:\/\/mapeplastics.se\/fi\/wp-json\/wp\/v2\/users\/29"}],"replies":[{"embeddable":true,"href":"https:\/\/mapeplastics.se\/fi\/wp-json\/wp\/v2\/comments?post=5208"}],"version-history":[{"count":7,"href":"https:\/\/mapeplastics.se\/fi\/wp-json\/wp\/v2\/pages\/5208\/revisions"}],"predecessor-version":[{"id":9740,"href":"https:\/\/mapeplastics.se\/fi\/wp-json\/wp\/v2\/pages\/5208\/revisions\/9740"}],"up":[{"embeddable":true,"href":"https:\/\/mapeplastics.se\/fi\/wp-json\/wp\/v2\/pages\/819"}],"wp:attachment":[{"href":"https:\/\/mapeplastics.se\/fi\/wp-json\/wp\/v2\/media?parent=5208"}],"curies":[{"name":"wp","href":"https:\/\/api.w.org\/{rel}","templated":true}]}}