{"id":741,"date":"2020-09-10T09:59:06","date_gmt":"2020-09-10T09:59:06","guid":{"rendered":"https:\/\/mape-2.flywheelsites.com\/about-mape\/"},"modified":"2026-02-25T09:45:26","modified_gmt":"2026-02-25T08:45:26","slug":"noin-mape","status":"publish","type":"page","link":"https:\/\/mapeplastics.se\/fi\/noin-mape\/","title":{"rendered":"Tietoa Meist\u00e4"},"content":{"rendered":"<section class=\"wpb-content-wrapper\"><p>[vc_row fullwidth=&#8221;1&#8243;][vc_column][ucaddon_ag_sub_hero ag_sh_text_small=&#8221;MEIST\u00c4&#8221; ag_sh_text=&#8221;MAPE PLASTICS&#8221; ag_sub_hero_par=&#8221;T2xlbW1lJTIweWtzaSUyMFBvaGpvaXNtYWlkZW4lMjBqb2h0YXZpc3RhJTIwbXVvdml0ZW9sbGlzdXVkZW4lMjByYWFrYSUyMC1haW5laWRlbiUyMGpha2VsaWpvaXN0YS4lMjBUJUMzJUE0bSVDMyVBNCUyMG9uJTIwdGFyaW5hJTIwbWVpc3QlQzMlQTQlMjBqYSUyMHNpaXQlQzMlQTQlMkMlMjBtaXQlQzMlQTQlMjB0ZWVtbWUlMjBweXN5JUMzJUE0a3NlbW1lJTIwYWxhbiUyMGtlaGl0eWtzZW4lMjBrJUMzJUE0cmplc3MlQzMlQTQu&#8221; ag_sh_img=&#8221;9561&#8243; ag_sh_tag=&#8221;h1&#8243;][\/vc_column][\/vc_row][vc_row css_animation=&#8221;none&#8221; css=&#8221;.vc_custom_1663093872195{padding-top: 40px !important;padding-bottom: 40px !important;}&#8221;][vc_column css_animation=&#8221;fadeIn&#8221; width=&#8221;1\/2&#8243; el_class=&#8221;standard-padding&#8221;][vc_empty_space height=&#8221;120px&#8221;][ucaddon_ag_title ag_title_bold=&#8221;VFVOTkVNTUUlMjBNVU9WSVQ=&#8221; ag_title_font_size=&#8221;45&#8243; ag_title_align=&#8221;left&#8221; ag_titel_border=&#8221;&#8221;][vc_column_text css=&#8221;.vc_custom_1771833226059{padding-bottom: 2rem !important;}&#8221;]Mape Plastics on yksi Pohjoismaiden johtavista muoviteollisuuden raaka-aineiden jakelijoista. Tarjoamme laajan valikoiman tuotteita valtamuovista tekniseen muoviin ja korkean suorituskyvyn kestomuoviin.<\/p>\n<p>Jatkuvan kehityksen ja monivuotisen muoviteollisuuden kokemuksemme avulla voimme auttaa nykyisi\u00e4 ja uusia asiakkaita kaikessa \u2013 materiaalivalinnoista tekniseen konsultointiin muoveja ja niiden ominaisuuksia koskien. Pyrimme luonnollisesti aina esitt\u00e4m\u00e4\u00e4n parhaat ja kustannustehokkaimmat vaihtoehdot materiaaleja valittaessa. Mape Plastics on asiantunteva kumppanisi.[\/vc_column_text][\/vc_column][vc_column css_animation=&#8221;fadeIn&#8221; width=&#8221;1\/2&#8243;][ucaddon_ag_overlay_block ag_overlay_image=&#8221;9445&#8243; ag_overlay_image_font=&#8221;9440&#8243;][\/vc_column][\/vc_row][vc_row css_animation=&#8221;fadeIn&#8221; css=&#8221;.vc_custom_1663093992409{margin-top: 60px !important;margin-bottom: 80px !important;}&#8221;][vc_column width=&#8221;1\/2&#8243; el_class=&#8221;text-col&#8221;][ucaddon_ag_overlay_block ag_overlay_image=&#8221;9500&#8243; ag_overlay_image_font=&#8221;9465&#8243;][\/vc_column][vc_column width=&#8221;1\/2&#8243; el_class=&#8221;desktop-padding&#8221;][ucaddon_ag_title ag_title_bold=&#8221;TCVDMyU4NEhFTEwlQzMlODQlMjBBU0lBS0tBSVRBTU1F&#8221; ag_title_font_size=&#8221;45&#8243; ag_title_align=&#8221;left&#8221; ag_titel_border=&#8221;&#8221;][vc_column_text css=&#8221;.vc_custom_1771833243224{padding-bottom: 2rem !important;}&#8221;]Vuonna 2015 Mape Plastics investoi omaan varastoon Bor\u00e5sissa sijaitsevassa p\u00e4\u00e4konttorissaan. T\u00e4m\u00e4n j\u00e4lkeen olemme laajentuneet nelj\u00e4ll\u00e4 ulkoisella varastolla Vallhamnissa, Ulricehamnissa, Anderstorpissa ja G\u00e4vless\u00e4 sek\u00e4 kolmella myyntikonttorilla V\u00e4rnamossa, Brantevikiss\u00e4 ja K\u00f6pingiss\u00e4.<\/p>\n<p>Laaja l\u00e4sn\u00e4olomme eri puolilla maata mahdollistaa sen, ett\u00e4 olemme l\u00e4hell\u00e4 asiakkaitamme ja voimme varmistaa nopeat ja luotettavat toimitukset tarpeen mukaan. Perheomisteisena yrityksen\u00e4, jolla on lyhyet p\u00e4\u00e4t\u00f6ksentekopolut, olemme joustava ja ratkaisukeskeinen kumppani.[\/vc_column_text][\/vc_column][\/vc_row][vc_row css_animation=&#8221;none&#8221; css=&#8221;.vc_custom_1663093872195{padding-top: 40px !important;padding-bottom: 40px !important;}&#8221;][vc_column css_animation=&#8221;fadeIn&#8221; width=&#8221;1\/2&#8243; el_class=&#8221;standard-padding&#8221;][ucaddon_ag_title ag_title_bold=&#8221;TUFHTlVTJTIwSkElMjBQRVI=&#8221; ag_title_font_size=&#8221;45&#8243; ag_title_align=&#8221;left&#8221; ag_titel_border=&#8221;&#8221;][vc_column_text css=&#8221;.vc_custom_1771833274087{padding-bottom: 2rem !important;}&#8221;]Vuonna 2001 veljekset Magnus ja Per Waldenstr\u00f6m perustivat polymeeriyhti\u00f6n Mape Plastics. Yrityksen strategiana ja ideana oli luoda jotain uutta ja innovatiivisempaa muoviteollisuuteen. Ajatuksena oli tarjota laaja valikoima parhaita mahdollisia muovimateriaaleja. 25 vuotta my\u00f6hemmin voimme ylpein\u00e4 todeta, ett\u00e4 meill\u00e4 on vahva tarjonta ja vakaa jakelu, joihin asiakkaamme voivat luottaa. Yhten\u00e4 harvoista itsen\u00e4isist\u00e4 jakelijoista Pohjoismaissa voimme tarjota vain sit\u00e4, mihin itse uskomme.<\/p>\n<p>T\u00e4n\u00e4 p\u00e4iv\u00e4n\u00e4 olemme upea kahdeksan intohimoisen ty\u00f6ntekij\u00e4n tiimi, jotka ovat sitoutuneet kaikkeen mit\u00e4 teemme, mik\u00e4 n\u00e4kyy p\u00e4ivitt\u00e4isess\u00e4 vuorovaikutuksessamme asiakkaidemme kanssa.<\/p>\n<p><a href=\"https:\/\/mapeplastics.se\/da\/2026\/01\/14\/magnus-waldenstroem-has-passed-away\/\">Magnus Waldenstr\u00f6m ei ole en\u00e4\u00e4 keskuudessamme. H\u00e4n menehtyi vuoden 2025 lopulla sairausjakson j\u00e4lkeen.<\/a>[\/vc_column_text][\/vc_column][vc_column css_animation=&#8221;fadeIn&#8221; width=&#8221;1\/2&#8243;][ucaddon_ag_overlay_block ag_overlay_image=&#8221;9470&#8243; ag_overlay_image_font=&#8221;9509&#8243;][\/vc_column][\/vc_row][vc_row css_animation=&#8221;fadeIn&#8221; css=&#8221;.vc_custom_1663093992409{margin-top: 60px !important;margin-bottom: 80px !important;}&#8221;][vc_column width=&#8221;1\/2&#8243; el_class=&#8221;text-col&#8221;][ucaddon_ag_overlay_block ag_overlay_image=&#8221;5532&#8243; ag_overlay_image_font=&#8221;9576&#8243; uc_init_settings=&#8221;&#8221;][\/vc_column][vc_column width=&#8221;1\/2&#8243; el_class=&#8221;desktop-padding&#8221;][ucaddon_ag_title ag_title_bold=&#8221;TGV0JTI3cyUyMHRhbGslMjBwbGFzdGljcw==&#8221; ag_title_font_size=&#8221;45&#8243; ag_title_align=&#8221;left&#8221; ag_titel_border=&#8221;&#8221;][vc_column_text css=&#8221;.vc_custom_1771832406804{padding-bottom: 2rem !important;}&#8221;]Let\u2019s Talk Plastics is our way of encouraging a first conversation \u2013\u00a0an invite to contact us with your questions and challenges. We want to share our knowledge.<\/p>\n<p><em>Do you know when you can use PA6 instead of PA66? Are you up to date about FDA approved plastics? Do you know which plastics perform best in the pharmaceutical industry?<\/em><\/p>\n<p>In a society with a narrow view of plastic, we want to be at the front line and show all the good things that plastics makes possible and explain how the industry works with sustainability every day to always be better.<\/p>\n<p>We are experts on everything from PP to PEEK. Resin as well as recycled. We help you with material selection, technical consultation and distribution. But it all starts with a good chat, <strong>Let\u2019s Talk Plastics!<\/strong>[\/vc_column_text][\/vc_column][\/vc_row]<\/p>\n<\/section>","protected":false},"excerpt":{"rendered":"<p>[vc_row fullwidth=&#8221;1&#8243;][vc_column][ucaddon_ag_sub_hero ag_sh_text_small=&#8221;MEIST\u00c4&#8221; ag_sh_text=&#8221;MAPE PLASTICS&#8221; ag_sub_hero_par=&#8221;T2xlbW1lJTIweWtzaSUyMFBvaGpvaXNtYWlkZW4lMjBqb2h0YXZpc3RhJTIwbXVvdml0ZW9sbGlzdXVkZW4lMjByYWFrYSUyMC1haW5laWRlbiUyMGpha2VsaWpvaXN0YS4lMjBUJUMzJUE0bSVDMyVBNCUyMG9uJTIwdGFyaW5hJTIwbWVpc3QlQzMlQTQlMjBqYSUyMHNpaXQlQzMlQTQlMkMlMjBtaXQlQzMlQTQlMjB0ZWVtbWUlMjBweXN5JUMzJUE0a3NlbW1lJTIwYWxhbiUyMGtlaGl0eWtzZW4lMjBrJUMzJUE0cmplc3MlQzMlQTQu&#8221; ag_sh_img=&#8221;9561&#8243; ag_sh_tag=&#8221;h1&#8243;][\/vc_column][\/vc_row][vc_row css_animation=&#8221;none&#8221; css=&#8221;.vc_custom_1663093872195{padding-top: 40px !important;padding-bottom: 40px !important;}&#8221;][vc_column css_animation=&#8221;fadeIn&#8221; width=&#8221;1\/2&#8243; el_class=&#8221;standard-padding&#8221;][vc_empty_space height=&#8221;120px&#8221;][ucaddon_ag_title ag_title_bold=&#8221;VFVOTkVNTUUlMjBNVU9WSVQ=&#8221; ag_title_font_size=&#8221;45&#8243; ag_title_align=&#8221;left&#8221; ag_titel_border=&#8221;&#8221;][vc_column_text css=&#8221;.vc_custom_1771833226059{padding-bottom: 2rem !important;}&#8221;]Mape Plastics on yksi Pohjoismaiden johtavista muoviteollisuuden raaka-aineiden jakelijoista. Tarjoamme laajan valikoiman tuotteita valtamuovista tekniseen muoviin ja korkean suorituskyvyn kestomuoviin. Jatkuvan kehityksen ja monivuotisen muoviteollisuuden kokemuksemme avulla voimme auttaa nykyisi\u00e4 ja [&hellip;]<\/p>\n","protected":false},"author":1,"featured_media":0,"parent":0,"menu_order":0,"comment_status":"closed","ping_status":"closed","template":"page-visual-composer.php","meta":{"_mi_skip_tracking":false},"acf":[],"yoast_head":"<!-- This site is optimized with the Yoast SEO plugin v20.7 - https:\/\/yoast.com\/wordpress\/plugins\/seo\/ -->\n<title>Tietoa Meist\u00e4 - Mape Plastics<\/title>\n<meta name=\"robots\" content=\"index, follow, max-snippet:-1, max-image-preview:large, max-video-preview:-1\" \/>\n<link rel=\"canonical\" href=\"https:\/\/mapeplastics.se\/fi\/noin-mape\/\" \/>\n<meta property=\"og:locale\" content=\"fi_FI\" \/>\n<meta property=\"og:type\" content=\"article\" \/>\n<meta property=\"og:title\" content=\"Tietoa Meist\u00e4 - Mape Plastics\" \/>\n<meta property=\"og:description\" content=\"[vc_row fullwidth=&#8221;1&#8243;][vc_column][ucaddon_ag_sub_hero ag_sh_text_small=&#8221;MEIST\u00c4&#8221; ag_sh_text=&#8221;MAPE PLASTICS&#8221; ag_sub_hero_par=&#8221;T2xlbW1lJTIweWtzaSUyMFBvaGpvaXNtYWlkZW4lMjBqb2h0YXZpc3RhJTIwbXVvdml0ZW9sbGlzdXVkZW4lMjByYWFrYSUyMC1haW5laWRlbiUyMGpha2VsaWpvaXN0YS4lMjBUJUMzJUE0bSVDMyVBNCUyMG9uJTIwdGFyaW5hJTIwbWVpc3QlQzMlQTQlMjBqYSUyMHNpaXQlQzMlQTQlMkMlMjBtaXQlQzMlQTQlMjB0ZWVtbWUlMjBweXN5JUMzJUE0a3NlbW1lJTIwYWxhbiUyMGtlaGl0eWtzZW4lMjBrJUMzJUE0cmplc3MlQzMlQTQu&#8221; ag_sh_img=&#8221;9561&#8243; ag_sh_tag=&#8221;h1&#8243;][\/vc_column][\/vc_row][vc_row css_animation=&#8221;none&#8221; css=&#8221;.vc_custom_1663093872195{padding-top: 40px !important;padding-bottom: 40px !important;}&#8221;][vc_column css_animation=&#8221;fadeIn&#8221; width=&#8221;1\/2&#8243; el_class=&#8221;standard-padding&#8221;][vc_empty_space height=&#8221;120px&#8221;][ucaddon_ag_title ag_title_bold=&#8221;VFVOTkVNTUUlMjBNVU9WSVQ=&#8221; ag_title_font_size=&#8221;45&#8243; ag_title_align=&#8221;left&#8221; ag_titel_border=&#8221;&#8221;][vc_column_text css=&#8221;.vc_custom_1771833226059{padding-bottom: 2rem !important;}&#8221;]Mape Plastics on yksi Pohjoismaiden johtavista muoviteollisuuden raaka-aineiden jakelijoista. Tarjoamme laajan valikoiman tuotteita valtamuovista tekniseen muoviin ja korkean suorituskyvyn kestomuoviin. Jatkuvan kehityksen ja monivuotisen muoviteollisuuden kokemuksemme avulla voimme auttaa nykyisi\u00e4 ja [&hellip;]\" \/>\n<meta property=\"og:url\" content=\"https:\/\/mapeplastics.se\/fi\/noin-mape\/\" \/>\n<meta property=\"og:site_name\" content=\"Mape Plastics\" \/>\n<meta property=\"article:modified_time\" content=\"2026-02-25T08:45:26+00:00\" \/>\n<meta name=\"twitter:card\" content=\"summary_large_image\" \/>\n<meta name=\"twitter:label1\" content=\"Arvioitu lukuaika\" \/>\n\t<meta name=\"twitter:data1\" content=\"2 minuuttia\" \/>\n<script type=\"application\/ld+json\" class=\"yoast-schema-graph\">{\"@context\":\"https:\/\/schema.org\",\"@graph\":[{\"@type\":\"WebPage\",\"@id\":\"https:\/\/mapeplastics.se\/fi\/noin-mape\/\",\"url\":\"https:\/\/mapeplastics.se\/fi\/noin-mape\/\",\"name\":\"Tietoa Meist\u00e4 - Mape Plastics\",\"isPartOf\":{\"@id\":\"https:\/\/mapeplastics.se\/fi\/#website\"},\"datePublished\":\"2020-09-10T09:59:06+00:00\",\"dateModified\":\"2026-02-25T08:45:26+00:00\",\"breadcrumb\":{\"@id\":\"https:\/\/mapeplastics.se\/fi\/noin-mape\/#breadcrumb\"},\"inLanguage\":\"fi\",\"potentialAction\":[{\"@type\":\"ReadAction\",\"target\":[\"https:\/\/mapeplastics.se\/fi\/noin-mape\/\"]}]},{\"@type\":\"BreadcrumbList\",\"@id\":\"https:\/\/mapeplastics.se\/fi\/noin-mape\/#breadcrumb\",\"itemListElement\":[{\"@type\":\"ListItem\",\"position\":1,\"name\":\"Hem\",\"item\":\"https:\/\/mapeplastics.se\/fi\/\"},{\"@type\":\"ListItem\",\"position\":2,\"name\":\"Tietoa Meist\u00e4\"}]},{\"@type\":\"WebSite\",\"@id\":\"https:\/\/mapeplastics.se\/fi\/#website\",\"url\":\"https:\/\/mapeplastics.se\/fi\/\",\"name\":\"Mape Plastics\",\"description\":\"\",\"potentialAction\":[{\"@type\":\"SearchAction\",\"target\":{\"@type\":\"EntryPoint\",\"urlTemplate\":\"https:\/\/mapeplastics.se\/fi\/?s={search_term_string}\"},\"query-input\":\"required name=search_term_string\"}],\"inLanguage\":\"fi\"}]}<\/script>\n<!-- \/ Yoast SEO plugin. -->","yoast_head_json":{"title":"Tietoa Meist\u00e4 - Mape Plastics","robots":{"index":"index","follow":"follow","max-snippet":"max-snippet:-1","max-image-preview":"max-image-preview:large","max-video-preview":"max-video-preview:-1"},"canonical":"https:\/\/mapeplastics.se\/fi\/noin-mape\/","og_locale":"fi_FI","og_type":"article","og_title":"Tietoa Meist\u00e4 - Mape Plastics","og_description":"[vc_row fullwidth=&#8221;1&#8243;][vc_column][ucaddon_ag_sub_hero ag_sh_text_small=&#8221;MEIST\u00c4&#8221; ag_sh_text=&#8221;MAPE PLASTICS&#8221; ag_sub_hero_par=&#8221;T2xlbW1lJTIweWtzaSUyMFBvaGpvaXNtYWlkZW4lMjBqb2h0YXZpc3RhJTIwbXVvdml0ZW9sbGlzdXVkZW4lMjByYWFrYSUyMC1haW5laWRlbiUyMGpha2VsaWpvaXN0YS4lMjBUJUMzJUE0bSVDMyVBNCUyMG9uJTIwdGFyaW5hJTIwbWVpc3QlQzMlQTQlMjBqYSUyMHNpaXQlQzMlQTQlMkMlMjBtaXQlQzMlQTQlMjB0ZWVtbWUlMjBweXN5JUMzJUE0a3NlbW1lJTIwYWxhbiUyMGtlaGl0eWtzZW4lMjBrJUMzJUE0cmplc3MlQzMlQTQu&#8221; ag_sh_img=&#8221;9561&#8243; ag_sh_tag=&#8221;h1&#8243;][\/vc_column][\/vc_row][vc_row css_animation=&#8221;none&#8221; css=&#8221;.vc_custom_1663093872195{padding-top: 40px !important;padding-bottom: 40px !important;}&#8221;][vc_column css_animation=&#8221;fadeIn&#8221; width=&#8221;1\/2&#8243; el_class=&#8221;standard-padding&#8221;][vc_empty_space height=&#8221;120px&#8221;][ucaddon_ag_title ag_title_bold=&#8221;VFVOTkVNTUUlMjBNVU9WSVQ=&#8221; ag_title_font_size=&#8221;45&#8243; ag_title_align=&#8221;left&#8221; ag_titel_border=&#8221;&#8221;][vc_column_text css=&#8221;.vc_custom_1771833226059{padding-bottom: 2rem !important;}&#8221;]Mape Plastics on yksi Pohjoismaiden johtavista muoviteollisuuden raaka-aineiden jakelijoista. Tarjoamme laajan valikoiman tuotteita valtamuovista tekniseen muoviin ja korkean suorituskyvyn kestomuoviin. Jatkuvan kehityksen ja monivuotisen muoviteollisuuden kokemuksemme avulla voimme auttaa nykyisi\u00e4 ja [&hellip;]","og_url":"https:\/\/mapeplastics.se\/fi\/noin-mape\/","og_site_name":"Mape Plastics","article_modified_time":"2026-02-25T08:45:26+00:00","twitter_card":"summary_large_image","twitter_misc":{"Arvioitu lukuaika":"2 minuuttia"},"schema":{"@context":"https:\/\/schema.org","@graph":[{"@type":"WebPage","@id":"https:\/\/mapeplastics.se\/fi\/noin-mape\/","url":"https:\/\/mapeplastics.se\/fi\/noin-mape\/","name":"Tietoa Meist\u00e4 - Mape Plastics","isPartOf":{"@id":"https:\/\/mapeplastics.se\/fi\/#website"},"datePublished":"2020-09-10T09:59:06+00:00","dateModified":"2026-02-25T08:45:26+00:00","breadcrumb":{"@id":"https:\/\/mapeplastics.se\/fi\/noin-mape\/#breadcrumb"},"inLanguage":"fi","potentialAction":[{"@type":"ReadAction","target":["https:\/\/mapeplastics.se\/fi\/noin-mape\/"]}]},{"@type":"BreadcrumbList","@id":"https:\/\/mapeplastics.se\/fi\/noin-mape\/#breadcrumb","itemListElement":[{"@type":"ListItem","position":1,"name":"Hem","item":"https:\/\/mapeplastics.se\/fi\/"},{"@type":"ListItem","position":2,"name":"Tietoa Meist\u00e4"}]},{"@type":"WebSite","@id":"https:\/\/mapeplastics.se\/fi\/#website","url":"https:\/\/mapeplastics.se\/fi\/","name":"Mape Plastics","description":"","potentialAction":[{"@type":"SearchAction","target":{"@type":"EntryPoint","urlTemplate":"https:\/\/mapeplastics.se\/fi\/?s={search_term_string}"},"query-input":"required name=search_term_string"}],"inLanguage":"fi"}]}},"_links":{"self":[{"href":"https:\/\/mapeplastics.se\/fi\/wp-json\/wp\/v2\/pages\/741"}],"collection":[{"href":"https:\/\/mapeplastics.se\/fi\/wp-json\/wp\/v2\/pages"}],"about":[{"href":"https:\/\/mapeplastics.se\/fi\/wp-json\/wp\/v2\/types\/page"}],"author":[{"embeddable":true,"href":"https:\/\/mapeplastics.se\/fi\/wp-json\/wp\/v2\/users\/1"}],"replies":[{"embeddable":true,"href":"https:\/\/mapeplastics.se\/fi\/wp-json\/wp\/v2\/comments?post=741"}],"version-history":[{"count":22,"href":"https:\/\/mapeplastics.se\/fi\/wp-json\/wp\/v2\/pages\/741\/revisions"}],"predecessor-version":[{"id":9582,"href":"https:\/\/mapeplastics.se\/fi\/wp-json\/wp\/v2\/pages\/741\/revisions\/9582"}],"wp:attachment":[{"href":"https:\/\/mapeplastics.se\/fi\/wp-json\/wp\/v2\/media?parent=741"}],"curies":[{"name":"wp","href":"https:\/\/api.w.org\/{rel}","templated":true}]}}