{"id":796,"date":"2020-09-10T12:26:51","date_gmt":"2020-09-10T12:26:51","guid":{"rendered":"https:\/\/mape-2.flywheelsites.com\/partners\/"},"modified":"2026-04-02T09:17:54","modified_gmt":"2026-04-02T07:17:54","slug":"yhteistyokumppanit","status":"publish","type":"page","link":"https:\/\/mapeplastics.se\/fi\/yhteistyokumppanit\/","title":{"rendered":"YHTEISTY\u00d6KUMPPANIMME"},"content":{"rendered":"<section class=\"wpb-content-wrapper\"><p>[vc_row fullwidth=&#8221;1&#8243;][vc_column][ucaddon_ag_sub_hero ag_sh_text_small=&#8221;YHTEISTY\u00d6KUMPPANIMME&#8221; ag_sh_text=&#8221;MEID\u00c4N KUMPPANIMME&#8221; ag_sub_hero_par=&#8221;TWVuZXN0eXMlMjByaWlwcHV1JTIwcGFsam9uJTIweWh0ZWlzdHklQzMlQjZzdCVDMyVBNCUyMG9pa2VpZGVuJTIwa3VtcHBhbmVpZGVuJTIwa2Fuc3NhLiUyMFlodGVpc3R5JUMzJUI2a3VtcHBhbmltbWUlMjBvdmF0JTIwbWFhaWxtYW4lMjBqb2h0YXZpYSUyMHR1b3R0YWppYSUyQyUyMGpvdGthJTIwdmFsbWlzdGF2YXQlMjB1cGVpdGElMjBtYXRlcmlhYWxlamEuJTIwQWxsYSUyMG4lQzMlQTRldCUyMHlyaXR5a3NldCUyQyUyMGpvaWRlbiUyMGthbnNzYSUyMHRlZW1tZSUyMHlodGVpc3R5JUMzJUI2dCVDMyVBNCUyMHBhcmhhYW4lMjBtYWhkb2xsaXNlbiUyMHR1bG9rc2VuJTIwc2FhdnV0dGFtaXNla3NpLg==&#8221; ag_sh_img=&#8221;9645&#8243;][\/vc_column][\/vc_row][vc_row css=&#8221;.vc_custom_1599750049458{padding-top: 4rem !important;padding-bottom: 4rem !important;background-color: #f1f1f1 !important;}&#8221;][vc_column][ucaddon_ag_partner uc_text_nosettings=&#8221;&#8221; uc_items_data=&#8221;JTVCJTdCJTIydGl0bGUlMjIlM0ElMjJFTlZBTElPUiUyMiUyQyUyMmFnX3BhcnRuZXJfaW1hZ2UlMjIlM0ElMjJodHRwcyUzQSUyRiUyRm1hcGVwbGFzdGljcy5zZSUyRndwLWNvbnRlbnQlMkZ1cGxvYWRzJTJGMjAyMyUyRjA1JTJGRW52YWxpb3Itd29yZG1hcmtfdGFnbGluZV9ibGFja19SR0JfcGVwcGVybWludC1iYWNrLnBuZyUyMiUyQyUyMmFnX3BhcnRuZXJfbmFtZSUyMiUzQSUyMkVOVkFMSU9SJTIyJTJDJTIyYWdfcGFydG5lcl90ZXh0JTIyJTNBJTIyRHVyZXRoYW4lQzIlQUUlMkMlMjBQb2NhbiVDMiVBRSUyMiUyQyUyMmFnX3BhcnRuZXJfbWF0ZXJpYWwlMjIlM0ElMjIlMjhQQTYlMkMlMjBQQTY2JTJDJTIwUEJUJTJDJTIwUEJULWJsZW5kcyUyOSUyMiUyQyUyMmFnX3BhcnRuZXJfbGluayUyMiUzQSUyMmh0dHBzJTNBJTJGJTJGbWFwZXBsYXN0aWNzLnNlJTJGZmklMkZ5aHRlaXN0eW9rdW1wcGFuaXQlMkZlbnZhbGlvciUyRiUyMiU3RCUyQyU3QiUyMnRpdGxlJTIyJTNBJTIyVklDVFJFWCUyMiUyQyUyMmFnX3BhcnRuZXJfaW1hZ2UlMjIlM0ElMjJodHRwcyUzQSUyRiUyRm1hcGVwbGFzdGljcy5zZSUyRndwLWNvbnRlbnQlMkZ1cGxvYWRzJTJGMjAyMCUyRjA5JTJGdmljdHJleC0yMDB4MTAwLTEucG5nJTIyJTJDJTIyYWdfcGFydG5lcl9uYW1lJTIyJTNBJTIyVklDVFJFWCUyMiUyQyUyMmFnX3BhcnRuZXJfdGV4dCUyMiUzQSUyMlZJQ1RSRVglQzIlQUUlMjBQRUVLJTIwUG9seW1lciUyQyUyMFZJQ09URSVDMiVBRSUyMENvYXRpbmdzJTJDJTIwQVBUSVYlQzIlQUUlMjBGaWxtcyUyQyUyMFZJQ1RSRVglMjBQaXBlcyVFMiU4NCVBMiUyMiUyQyUyMmFnX3BhcnRuZXJfbWF0ZXJpYWwlMjIlM0ElMjIlMjhQRUVLJTJDJTIwUEVLJTJDJTIwUEVLRUtLJTI5JTIyJTJDJTIyYWdfcGFydG5lcl9saW5rJTIyJTNBJTIyaHR0cHMlM0ElMkYlMkZtYXBlcGxhc3RpY3Muc2UlMkZmaSUyRnlodGVpc3R5b2t1bXBwYW5pdCUyRnZpY3RyZXglMkYlMjIlN0QlMkMlN0IlMjJ0aXRsZSUyMiUzQSUyMkxFSFZPU1MlMjBHUk9VUCUyMiUyQyUyMmFnX3BhcnRuZXJfaW1hZ2UlMjIlM0ElMjJodHRwcyUzQSUyRiUyRm1hcGVwbGFzdGljcy5zZSUyRndwLWNvbnRlbnQlMkZ1cGxvYWRzJTJGMjAyNCUyRjEwJTJGTHVWLUxvZ29fR3JvdXBfUkdCLmpwZyUyMiUyQyUyMmFnX3BhcnRuZXJfbmFtZSUyMiUzQSUyMkxFSFZPU1MlMjBHUk9VUCUyMiUyQyUyMmFnX3BhcnRuZXJfdGV4dCUyMiUzQSUyMkxVVk9DT00lQzIlQUUlMkMlMjBMVVZPQ09NJUMyJUFFJTIwTEZUJTJDJTIwTFVWT0NPTSVDMiVBRSUyMFAlMkMlMjBMVVZPVEVDSCVDMiVBRSUyMCUyNiUyMExVVk9URUNIJUMyJUFFJTIwZWNvJTIyJTJDJTIyYWdfcGFydG5lcl9tYXRlcmlhbCUyMiUzQSUyMiUyOEhpZ2gtcGVyZm9ybWFuY2UlMjBjb21wb3VuZHMlMjBQUCUyMHRvJTIwUEVFSyUyOSU1Q24lMjIlMkMlMjJhZ19wYXJ0bmVyX2xpbmslMjIlM0ElMjJodHRwcyUzQSUyRiUyRm1hcGVwbGFzdGljcy5zZSUyRmZpJTJGeWh0ZWlzdHlva3VtcHBhbml0JTJGbGVodm9zcyUyRiUyMiU3RCUyQyU3QiUyMnRpdGxlJTIyJTNBJTIyTE9UVEUlMjBDSEVNSUNBTCUyMiUyQyUyMmFnX3BhcnRuZXJfaW1hZ2UlMjIlM0ElMjJodHRwcyUzQSUyRiUyRm1hcGVwbGFzdGljcy5zZSUyRndwLWNvbnRlbnQlMkZ1cGxvYWRzJTJGMjAyMCUyRjExJTJGTG90dGUtbG9nby0xMDI0eDE1Ny0xLnBuZyUyMiUyQyUyMmFnX3BhcnRuZXJfbmFtZSUyMiUzQSUyMkxPVFRFJTIwQ0hFTUlDQUwlMjIlMkMlMjJhZ19wYXJ0bmVyX3RleHQlMjIlM0ElMjJzdGFyZXglQzIlQUUlMkMlMjBJTkZJTk8lQzIlQUUlMjIlMkMlMjJhZ19wYXJ0bmVyX21hdGVyaWFsJTIyJTNBJTIyJTI4QUJTJTJDJTIwUEMlMkMlMjBBU0ElMkMlMjAlMjBQQyUyRiUyMEFCUyUyQyUyMFBDJTJGJTIwQVNBJTJDJTIwUEMlMkYlMjBQRVQlMjklMjIlMkMlMjJhZ19wYXJ0bmVyX2xpbmslMjIlM0ElMjJodHRwcyUzQSUyRiUyRm1hcGVwbGFzdGljcy5zZSUyRmZpJTJGeWh0ZWlzdHlva3VtcHBhbml0JTJGbG90dGUtY2hlbWljYWwlMkYlMjIlN0QlMkMlN0IlMjJ0aXRsZSUyMiUzQSUyMlJFUFNPTCUyMiUyQyUyMmFnX3BhcnRuZXJfaW1hZ2UlMjIlM0ElMjJodHRwcyUzQSUyRiUyRm1hcGVwbGFzdGljcy5zZSUyRndwLWNvbnRlbnQlMkZ1cGxvYWRzJTJGMjAyNSUyRjExJTJGUmVwc29sX0xvZ290aXBvX0xvY2t1cF9Db2xvcl9QcmluY2lwYWxfUG9zaXRpdm9fUkdCX0gucG5nJTIyJTJDJTIyYWdfcGFydG5lcl9uYW1lJTIyJTNBJTIyUkVQU09MJTIyJTJDJTIyYWdfcGFydG5lcl90ZXh0JTIyJTNBJTIySXNwbGVuJTJDJTIwQWxjdWRpYSUyQyUyMEViYW50aXglMkMlMjBQcmltZXZhJTJDJTIwUmVjaWNsZXglMjIlMkMlMjJhZ19wYXJ0bmVyX21hdGVyaWFsJTIyJTNBJTIyJTI4TERQRSUyQyUyMExMRFBFJTJDJTIwTURQRSUyQyUyMEhEUEUlMkMlMjBQUEMlMkMlMjBQUFIlMkMlMjBQUEglMkMlMjBFQkElMkMlMjBFVkElMkMlMjBQUCUyMENvbXBvdW5kcyUyOSUyMiUyQyUyMmFnX3BhcnRuZXJfbGluayUyMiUzQSUyMmh0dHBzJTNBJTJGJTJGbWFwZXBsYXN0aWNzLnNlJTJGZmklMkZ5aHRlaXN0eW9rdW1wcGFuaXQlMkZyZXBzb2wlMkYlMjIlN0QlMkMlN0IlMjJ0aXRsZSUyMiUzQSUyMlJJQUxUSSUyMFMuUC5BLiUyMiUyQyUyMmFnX3BhcnRuZXJfaW1hZ2UlMjIlM0ElMjJodHRwcyUzQSUyRiUyRm1hcGVwbGFzdGljcy5zZSUyRndwLWNvbnRlbnQlMkZ1cGxvYWRzJTJGMjAyMCUyRjA5JTJGcmlhbHRpLTIwMHgxMDAtMS5qcGclMjIlMkMlMjJhZ19wYXJ0bmVyX25hbWUlMjIlM0ElMjJSSUFMVEklMjBTLlAuQS4lMjIlMkMlMjJhZ19wYXJ0bmVyX3RleHQlMjIlM0ElMjJSaWFsYmF0Y2glMkMlMjBSaWFsZmlsbCUyQyUyMFJpYWxmbGFtZSUyQyUyMFJpYWxnbGFzcyUyQyUyMEUtUmlhbGVuZSUyQyUyMEUtUmlhbGZpbGwlMkMlMjBFLVJpYWxnbGFzcyUyMiUyQyUyMmFnX3BhcnRuZXJfbWF0ZXJpYWwlMjIlM0ElMjIlMjhQUCUyRiUyMEdGJTI5JTIwJTIyJTJDJTIyYWdfcGFydG5lcl9saW5rJTIyJTNBJTIyaHR0cHMlM0ElMkYlMkZtYXBlcGxhc3RpY3Muc2UlMkZmaSUyRnlodGVpc3R5b2t1bXBwYW5pdCUyRnJpYWx0aSUyRiUyMiU3RCUyQyU3QiUyMnRpdGxlJTIyJTNBJTIyUlRQJTIyJTJDJTIyYWdfcGFydG5lcl9pbWFnZSUyMiUzQSUyMmh0dHBzJTNBJTJGJTJGbWFwZXBsYXN0aWNzLnNlJTJGd3AtY29udGVudCUyRnVwbG9hZHMlMkYyMDIwJTJGMTAlMkZSVFAyLnBuZyUyMiUyQyUyMmFnX3BhcnRuZXJfbmFtZSUyMiUzQSUyMlJUUCUyMiUyQyUyMmFnX3BhcnRuZXJfdGV4dCUyMiUzQSUyMlZlcnklMjBMb25nJTIwRmliZXIlMjAlMjhWTEYlMjklMjBDb21wb3VuZHMlMjIlMkMlMjJhZ19wYXJ0bmVyX21hdGVyaWFsJTIyJTNBJTIyJTIyJTJDJTIyYWdfcGFydG5lcl9saW5rJTIyJTNBJTIyaHR0cHMlM0ElMkYlMkZtYXBlcGxhc3RpY3Muc2UlMkZmaSUyRnlodGVpc3R5b2t1bXBwYW5pdCUyRnJ0cGNvbXBhbnklMkYlMjIlN0QlMkMlN0IlMjJ0aXRsZSUyMiUzQSUyMkZPUk1PU0ElMjBQTEFTVElDUyUyMiUyQyUyMmFnX3BhcnRuZXJfaW1hZ2UlMjIlM0ElMjJodHRwcyUzQSUyRiUyRm1hcGVwbGFzdGljcy5zZSUyRndwLWNvbnRlbnQlMkZ1cGxvYWRzJTJGMjAyNSUyRjEwJTJGZm9ybW9zYS1sb2dvLXN0YWNrZWQtcG5nLnBuZyUyMiUyQyUyMmFnX3BhcnRuZXJfbmFtZSUyMiUzQSUyMkZPUk1PU0ElMjBQTEFTVElDUyUyMiUyQyUyMmFnX3BhcnRuZXJfdGV4dCUyMiUzQSUyMkZPUk1PQ09OJUMyJUFFJTJDJTIwVEFJUklSRVglQzIlQUUlMjIlMkMlMjJhZ19wYXJ0bmVyX21hdGVyaWFsJTIyJTNBJTIyJTI4UE9NJTJDJTIwUFMlMjklMjIlMkMlMjJhZ19wYXJ0bmVyX2xpbmslMjIlM0ElMjJodHRwcyUzQSUyRiUyRm1hcGVwbGFzdGljcy5zZSUyRmZpJTJGeWh0ZWlzdHlva3VtcHBhbml0JTJGZm9ybW9zYS1wbGFzdGljcyUyRiUyMiU3RCUyQyU3QiUyMnRpdGxlJTIyJTNBJTIySFlPU1VORyUyMENIRU1JQ0FMJTIyJTJDJTIyYWdfcGFydG5lcl9pbWFnZSUyMiUzQSUyMmh0dHBzJTNBJTJGJTJGbWFwZXBsYXN0aWNzLnNlJTJGd3AtY29udGVudCUyRnVwbG9hZHMlMkYyMDI1JTJGMTAlMkZIeW9zdW5nLUNoZW1pY2FsLUNJLXNtYWxsLXdlYmJlbi5wbmclMjIlMkMlMjJhZ19wYXJ0bmVyX25hbWUlMjIlM0ElMjJIWU9TVU5HJTIwQ0hFTUlDQUwlMjIlMkMlMjJhZ19wYXJ0bmVyX3RleHQlMjIlM0ElMjJIeW9zdW5nJTIwUG9seXByb3B5bGVuZSVFMiU4NCVBMiUyQyUyMFBPS0VUT05FJUUyJTg0JUEyJTIyJTJDJTIyYWdfcGFydG5lcl9tYXRlcmlhbCUyMiUzQSUyMiUyOFBQJTJDJTIwUEslMjklMjIlMkMlMjJhZ19wYXJ0bmVyX2xpbmslMjIlM0ElMjJodHRwcyUzQSUyRiUyRm1hcGVwbGFzdGljcy5zZSUyRmZpJTJGeWh0ZWlzdHlva3VtcHBhbml0JTJGaHlvc3VuZy1jaGVtaWNhbCUyRiUyMiU3RCUyQyU3QiUyMnRpdGxlJTIyJTNBJTIyREFJQ0VMJTIyJTJDJTIyYWdfcGFydG5lcl9pbWFnZSUyMiUzQTk3MDUlMkMlMjJhZ19wYXJ0bmVyX25hbWUlMjIlM0ElMjJEQUlDRUwlMjIlMkMlMjJhZ19wYXJ0bmVyX3RleHQlMjIlM0ElMjJEVVJBRklERSVDMiVBRSUyQyUyMExBUEVST1MlQzIlQUUlMjIlMkMlMjJhZ19wYXJ0bmVyX21hdGVyaWFsJTIyJTNBJTIyJTI4UFBTJTJDJTIwTENQJTI5JTIyJTJDJTIyYWdfcGFydG5lcl9saW5rJTIyJTNBJTIyaHR0cHMlM0ElMkYlMkZtYXBlcGxhc3RpY3Muc2UlMkZmaSUyRnlodGVpc3R5b2t1bXBwYW5pdCUyRmRhaWNlbCUyRiUyMiU3RCUyQyU3QiUyMnRpdGxlJTIyJTNBJTIyQU1CT0ZMVU9SJTIyJTJDJTIyYWdfcGFydG5lcl9pbWFnZSUyMiUzQSUyMmh0dHBzJTNBJTJGJTJGbWFwZXBsYXN0aWNzLnNlJTJGd3AtY29udGVudCUyRnVwbG9hZHMlMkYyMDI1JTJGMTAlMkZBbWJvZmx1b3ItTGdvLXdpdGgtVVJMLTEyNXg1Y20tanBnLmpwZyUyMiUyQyUyMmFnX3BhcnRuZXJfbmFtZSUyMiUzQSUyMkFNQk9GTFVPUiUyMiUyQyUyMmFnX3BhcnRuZXJfdGV4dCUyMiUzQSUyMmFtYm9mbG9uJUMyJUFFJTIyJTJDJTIyYWdfcGFydG5lcl9tYXRlcmlhbCUyMiUzQSUyMiUyOFBWREYlMkMlMjBFVEZFJTJDJTIwRkVQJTJDJTIwUEZBJTI5JTIyJTJDJTIyYWdfcGFydG5lcl9saW5rJTIyJTNBJTIyaHR0cHMlM0ElMkYlMkZtYXBlcGxhc3RpY3Muc2UlMkZmaSUyRmFtYm9mbHVvciUyRiUyMiU3RCU1RA==&#8221;][\/vc_column][\/vc_row]<\/p>\n<\/section>","protected":false},"excerpt":{"rendered":"<p>[vc_row fullwidth=&#8221;1&#8243;][vc_column][ucaddon_ag_sub_hero ag_sh_text_small=&#8221;YHTEISTY\u00d6KUMPPANIMME&#8221; ag_sh_text=&#8221;MEID\u00c4N KUMPPANIMME&#8221; ag_sub_hero_par=&#8221;TWVuZXN0eXMlMjByaWlwcHV1JTIwcGFsam9uJTIweWh0ZWlzdHklQzMlQjZzdCVDMyVBNCUyMG9pa2VpZGVuJTIwa3VtcHBhbmVpZGVuJTIwa2Fuc3NhLiUyMFlodGVpc3R5JUMzJUI2a3VtcHBhbmltbWUlMjBvdmF0JTIwbWFhaWxtYW4lMjBqb2h0YXZpYSUyMHR1b3R0YWppYSUyQyUyMGpvdGthJTIwdmFsbWlzdGF2YXQlMjB1cGVpdGElMjBtYXRlcmlhYWxlamEuJTIwQWxsYSUyMG4lQzMlQTRldCUyMHlyaXR5a3NldCUyQyUyMGpvaWRlbiUyMGthbnNzYSUyMHRlZW1tZSUyMHlodGVpc3R5JUMzJUI2dCVDMyVBNCUyMHBhcmhhYW4lMjBtYWhkb2xsaXNlbiUyMHR1bG9rc2VuJTIwc2FhdnV0dGFtaXNla3NpLg==&#8221; ag_sh_img=&#8221;9645&#8243;][\/vc_column][\/vc_row][vc_row css=&#8221;.vc_custom_1599750049458{padding-top: 4rem !important;padding-bottom: 4rem !important;background-color: #f1f1f1 !important;}&#8221;][vc_column][ucaddon_ag_partner uc_text_nosettings=&#8221;&#8221; uc_items_data=&#8221;JTVCJTdCJTIydGl0bGUlMjIlM0ElMjJFTlZBTElPUiUyMiUyQyUyMmFnX3BhcnRuZXJfaW1hZ2UlMjIlM0ElMjJodHRwcyUzQSUyRiUyRm1hcGVwbGFzdGljcy5zZSUyRndwLWNvbnRlbnQlMkZ1cGxvYWRzJTJGMjAyMyUyRjA1JTJGRW52YWxpb3Itd29yZG1hcmtfdGFnbGluZV9ibGFja19SR0JfcGVwcGVybWludC1iYWNrLnBuZyUyMiUyQyUyMmFnX3BhcnRuZXJfbmFtZSUyMiUzQSUyMkVOVkFMSU9SJTIyJTJDJTIyYWdfcGFydG5lcl90ZXh0JTIyJTNBJTIyRHVyZXRoYW4lQzIlQUUlMkMlMjBQb2NhbiVDMiVBRSUyMiUyQyUyMmFnX3BhcnRuZXJfbWF0ZXJpYWwlMjIlM0ElMjIlMjhQQTYlMkMlMjBQQTY2JTJDJTIwUEJUJTJDJTIwUEJULWJsZW5kcyUyOSUyMiUyQyUyMmFnX3BhcnRuZXJfbGluayUyMiUzQSUyMmh0dHBzJTNBJTJGJTJGbWFwZXBsYXN0aWNzLnNlJTJGZmklMkZ5aHRlaXN0eW9rdW1wcGFuaXQlMkZlbnZhbGlvciUyRiUyMiU3RCUyQyU3QiUyMnRpdGxlJTIyJTNBJTIyVklDVFJFWCUyMiUyQyUyMmFnX3BhcnRuZXJfaW1hZ2UlMjIlM0ElMjJodHRwcyUzQSUyRiUyRm1hcGVwbGFzdGljcy5zZSUyRndwLWNvbnRlbnQlMkZ1cGxvYWRzJTJGMjAyMCUyRjA5JTJGdmljdHJleC0yMDB4MTAwLTEucG5nJTIyJTJDJTIyYWdfcGFydG5lcl9uYW1lJTIyJTNBJTIyVklDVFJFWCUyMiUyQyUyMmFnX3BhcnRuZXJfdGV4dCUyMiUzQSUyMlZJQ1RSRVglQzIlQUUlMjBQRUVLJTIwUG9seW1lciUyQyUyMFZJQ09URSVDMiVBRSUyMENvYXRpbmdzJTJDJTIwQVBUSVYlQzIlQUUlMjBGaWxtcyUyQyUyMFZJQ1RSRVglMjBQaXBlcyVFMiU4NCVBMiUyMiUyQyUyMmFnX3BhcnRuZXJfbWF0ZXJpYWwlMjIlM0ElMjIlMjhQRUVLJTJDJTIwUEVLJTJDJTIwUEVLRUtLJTI5JTIyJTJDJTIyYWdfcGFydG5lcl9saW5rJTIyJTNBJTIyaHR0cHMlM0ElMkYlMkZtYXBlcGxhc3RpY3Muc2UlMkZmaSUyRnlodGVpc3R5b2t1bXBwYW5pdCUyRnZpY3RyZXglMkYlMjIlN0QlMkMlN0IlMjJ0aXRsZSUyMiUzQSUyMkxFSFZPU1MlMjBHUk9VUCUyMiUyQyUyMmFnX3BhcnRuZXJfaW1hZ2UlMjIlM0ElMjJodHRwcyUzQSUyRiUyRm1hcGVwbGFzdGljcy5zZSUyRndwLWNvbnRlbnQlMkZ1cGxvYWRzJTJGMjAyNCUyRjEwJTJGTHVWLUxvZ29fR3JvdXBfUkdCLmpwZyUyMiUyQyUyMmFnX3BhcnRuZXJfbmFtZSUyMiUzQSUyMkxFSFZPU1MlMjBHUk9VUCUyMiUyQyUyMmFnX3BhcnRuZXJfdGV4dCUyMiUzQSUyMkxVVk9DT00lQzIlQUUlMkMlMjBMVVZPQ09NJUMyJUFFJTIwTEZUJTJDJTIwTFVWT0NPTSVDMiVBRSUyMFAlMkMlMjBMVVZPVEVDSCVDMiVBRSUyMCUyNiUyMExVVk9URUNIJUMyJUFFJTIwZWNvJTIyJTJDJTIyYWdfcGFydG5lcl9tYXRlcmlhbCUyMiUzQSUyMiUyOEhpZ2gtcGVyZm9ybWFuY2UlMjBjb21wb3VuZHMlMjBQUCUyMHRvJTIwUEVFSyUyOSU1Q24lMjIlMkMlMjJhZ19wYXJ0bmVyX2xpbmslMjIlM0ElMjJodHRwcyUzQSUyRiUyRm1hcGVwbGFzdGljcy5zZSUyRmZpJTJGeWh0ZWlzdHlva3VtcHBhbml0JTJGbGVodm9zcyUyRiUyMiU3RCUyQyU3QiUyMnRpdGxlJTIyJTNBJTIyTE9UVEUlMjBDSEVNSUNBTCUyMiUyQyUyMmFnX3BhcnRuZXJfaW1hZ2UlMjIlM0ElMjJodHRwcyUzQSUyRiUyRm1hcGVwbGFzdGljcy5zZSUyRndwLWNvbnRlbnQlMkZ1cGxvYWRzJTJGMjAyMCUyRjExJTJGTG90dGUtbG9nby0xMDI0eDE1Ny0xLnBuZyUyMiUyQyUyMmFnX3BhcnRuZXJfbmFtZSUyMiUzQSUyMkxPVFRFJTIwQ0hFTUlDQUwlMjIlMkMlMjJhZ19wYXJ0bmVyX3RleHQlMjIlM0ElMjJzdGFyZXglQzIlQUUlMkMlMjBJTkZJTk8lQzIlQUUlMjIlMkMlMjJhZ19wYXJ0bmVyX21hdGVyaWFsJTIyJTNBJTIyJTI4QUJTJTJDJTIwUEMlMkMlMjBBU0ElMkMlMjAlMjBQQyUyRiUyMEFCUyUyQyUyMFBDJTJGJTIwQVNBJTJDJTIwUEMlMkYlMjBQRVQlMjklMjIlMkMlMjJhZ19wYXJ0bmVyX2xpbmslMjIlM0ElMjJodHRwcyUzQSUyRiUyRm1hcGVwbGFzdGljcy5zZSUyRmZpJTJGeWh0ZWlzdHlva3VtcHBhbml0JTJGbG90dGUtY2hlbWljYWwlMkYlMjIlN0QlMkMlN0IlMjJ0aXRsZSUyMiUzQSUyMlJFUFNPTCUyMiUyQyUyMmFnX3BhcnRuZXJfaW1hZ2UlMjIlM0ElMjJodHRwcyUzQSUyRiUyRm1hcGVwbGFzdGljcy5zZSUyRndwLWNvbnRlbnQlMkZ1cGxvYWRzJTJGMjAyNSUyRjExJTJGUmVwc29sX0xvZ290aXBvX0xvY2t1cF9Db2xvcl9QcmluY2lwYWxfUG9zaXRpdm9fUkdCX0gucG5nJTIyJTJDJTIyYWdfcGFydG5lcl9uYW1lJTIyJTNBJTIyUkVQU09MJTIyJTJDJTIyYWdfcGFydG5lcl90ZXh0JTIyJTNBJTIySXNwbGVuJTJDJTIwQWxjdWRpYSUyQyUyMEViYW50aXglMkMlMjBQcmltZXZhJTJDJTIwUmVjaWNsZXglMjIlMkMlMjJhZ19wYXJ0bmVyX21hdGVyaWFsJTIyJTNBJTIyJTI4TERQRSUyQyUyMExMRFBFJTJDJTIwTURQRSUyQyUyMEhEUEUlMkMlMjBQUEMlMkMlMjBQUFIlMkMlMjBQUEglMkMlMjBFQkElMkMlMjBFVkElMkMlMjBQUCUyMENvbXBvdW5kcyUyOSUyMiUyQyUyMmFnX3BhcnRuZXJfbGluayUyMiUzQSUyMmh0dHBzJTNBJTJGJTJGbWFwZXBsYXN0aWNzLnNlJTJGZmklMkZ5aHRlaXN0eW9rdW1wcGFuaXQlMkZyZXBzb2wlMkYlMjIlN0QlMkMlN0IlMjJ0aXRsZSUyMiUzQSUyMlJJQUxUSSUyMFMuUC5BLiUyMiUyQyUyMmFnX3BhcnRuZXJfaW1hZ2UlMjIlM0ElMjJodHRwcyUzQSUyRiUyRm1hcGVwbGFzdGljcy5zZSUyRndwLWNvbnRlbnQlMkZ1cGxvYWRzJTJGMjAyMCUyRjA5JTJGcmlhbHRpLTIwMHgxMDAtMS5qcGclMjIlMkMlMjJhZ19wYXJ0bmVyX25hbWUlMjIlM0ElMjJSSUFMVEklMjBTLlAuQS4lMjIlMkMlMjJhZ19wYXJ0bmVyX3RleHQlMjIlM0ElMjJSaWFsYmF0Y2glMkMlMjBSaWFsZmlsbCUyQyUyMFJpYWxmbGFtZSUyQyUyMFJpYWxnbGFzcyUyQyUyMEUtUmlhbGVuZSUyQyUyMEUtUmlhbGZpbGwlMkMlMjBFLVJpYWxnbGFzcyUyMiUyQyUyMmFnX3BhcnRuZXJfbWF0ZXJpYWwlMjIlM0ElMjIlMjhQUCUyRiUyMEdGJTI5JTIwJTIyJTJDJTIyYWdfcGFydG5lcl9saW5rJTIyJTNBJTIyaHR0cHMlM0ElMkYlMkZtYXBlcGxhc3RpY3Muc2UlMkZmaSUyRnlodGVpc3R5b2t1bXBwYW5pdCUyRnJpYWx0aSUyRiUyMiU3RCUyQyU3QiUyMnRpdGxlJTIyJTNBJTIyUlRQJTIyJTJDJTIyYWdfcGFydG5lcl9pbWFnZSUyMiUzQSUyMmh0dHBzJTNBJTJGJTJGbWFwZXBsYXN0aWNzLnNlJTJGd3AtY29udGVudCUyRnVwbG9hZHMlMkYyMDIwJTJGMTAlMkZSVFAyLnBuZyUyMiUyQyUyMmFnX3BhcnRuZXJfbmFtZSUyMiUzQSUyMlJUUCUyMiUyQyUyMmFnX3BhcnRuZXJfdGV4dCUyMiUzQSUyMlZlcnklMjBMb25nJTIwRmliZXIlMjAlMjhWTEYlMjklMjBDb21wb3VuZHMlMjIlMkMlMjJhZ19wYXJ0bmVyX21hdGVyaWFsJTIyJTNBJTIyJTIyJTJDJTIyYWdfcGFydG5lcl9saW5rJTIyJTNBJTIyaHR0cHMlM0ElMkYlMkZtYXBlcGxhc3RpY3Muc2UlMkZmaSUyRnlodGVpc3R5b2t1bXBwYW5pdCUyRnJ0cGNvbXBhbnklMkYlMjIlN0QlMkMlN0IlMjJ0aXRsZSUyMiUzQSUyMkZPUk1PU0ElMjBQTEFTVElDUyUyMiUyQyUyMmFnX3BhcnRuZXJfaW1hZ2UlMjIlM0ElMjJodHRwcyUzQSUyRiUyRm1hcGVwbGFzdGljcy5zZSUyRndwLWNvbnRlbnQlMkZ1cGxvYWRzJTJGMjAyNSUyRjEwJTJGZm9ybW9zYS1sb2dvLXN0YWNrZWQtcG5nLnBuZyUyMiUyQyUyMmFnX3BhcnRuZXJfbmFtZSUyMiUzQSUyMkZPUk1PU0ElMjBQTEFTVElDUyUyMiUyQyUyMmFnX3BhcnRuZXJfdGV4dCUyMiUzQSUyMkZPUk1PQ09OJUMyJUFFJTJDJTIwVEFJUklSRVglQzIlQUUlMjIlMkMlMjJhZ19wYXJ0bmVyX21hdGVyaWFsJTIyJTNBJTIyJTI4UE9NJTJDJTIwUFMlMjklMjIlMkMlMjJhZ19wYXJ0bmVyX2xpbmslMjIlM0ElMjJodHRwcyUzQSUyRiUyRm1hcGVwbGFzdGljcy5zZSUyRmZpJTJGeWh0ZWlzdHlva3VtcHBhbml0JTJGZm9ybW9zYS1wbGFzdGljcyUyRiUyMiU3RCUyQyU3QiUyMnRpdGxlJTIyJTNBJTIySFlPU1VORyUyMENIRU1JQ0FMJTIyJTJDJTIyYWdfcGFydG5lcl9pbWFnZSUyMiUzQSUyMmh0dHBzJTNBJTJGJTJGbWFwZXBsYXN0aWNzLnNlJTJGd3AtY29udGVudCUyRnVwbG9hZHMlMkYyMDI1JTJGMTAlMkZIeW9zdW5nLUNoZW1pY2FsLUNJLXNtYWxsLXdlYmJlbi5wbmclMjIlMkMlMjJhZ19wYXJ0bmVyX25hbWUlMjIlM0ElMjJIWU9TVU5HJTIwQ0hFTUlDQUwlMjIlMkMlMjJhZ19wYXJ0bmVyX3RleHQlMjIlM0ElMjJIeW9zdW5nJTIwUG9seXByb3B5bGVuZSVFMiU4NCVBMiUyQyUyMFBPS0VUT05FJUUyJTg0JUEyJTIyJTJDJTIyYWdfcGFydG5lcl9tYXRlcmlhbCUyMiUzQSUyMiUyOFBQJTJDJTIwUEslMjklMjIlMkMlMjJhZ19wYXJ0bmVyX2xpbmslMjIlM0ElMjJodHRwcyUzQSUyRiUyRm1hcGVwbGFzdGljcy5zZSUyRmZpJTJGeWh0ZWlzdHlva3VtcHBhbml0JTJGaHlvc3VuZy1jaGVtaWNhbCUyRiUyMiU3RCUyQyU3QiUyMnRpdGxlJTIyJTNBJTIyREFJQ0VMJTIyJTJDJTIyYWdfcGFydG5lcl9pbWFnZSUyMiUzQTk3MDUlMkMlMjJhZ19wYXJ0bmVyX25hbWUlMjIlM0ElMjJEQUlDRUwlMjIlMkMlMjJhZ19wYXJ0bmVyX3RleHQlMjIlM0ElMjJEVVJBRklERSVDMiVBRSUyQyUyMExBUEVST1MlQzIlQUUlMjIlMkMlMjJhZ19wYXJ0bmVyX21hdGVyaWFsJTIyJTNBJTIyJTI4UFBTJTJDJTIwTENQJTI5JTIyJTJDJTIyYWdfcGFydG5lcl9saW5rJTIyJTNBJTIyaHR0cHMlM0ElMkYlMkZtYXBlcGxhc3RpY3Muc2UlMkZmaSUyRnlodGVpc3R5b2t1bXBwYW5pdCUyRmRhaWNlbCUyRiUyMiU3RCUyQyU3QiUyMnRpdGxlJTIyJTNBJTIyQU1CT0ZMVU9SJTIyJTJDJTIyYWdfcGFydG5lcl9pbWFnZSUyMiUzQSUyMmh0dHBzJTNBJTJGJTJGbWFwZXBsYXN0aWNzLnNlJTJGd3AtY29udGVudCUyRnVwbG9hZHMlMkYyMDI1JTJGMTAlMkZBbWJvZmx1b3ItTGdvLXdpdGgtVVJMLTEyNXg1Y20tanBnLmpwZyUyMiUyQyUyMmFnX3BhcnRuZXJfbmFtZSUyMiUzQSUyMkFNQk9GTFVPUiUyMiUyQyUyMmFnX3BhcnRuZXJfdGV4dCUyMiUzQSUyMmFtYm9mbG9uJUMyJUFFJTIyJTJDJTIyYWdfcGFydG5lcl9tYXRlcmlhbCUyMiUzQSUyMiUyOFBWREYlMkMlMjBFVEZFJTJDJTIwRkVQJTJDJTIwUEZBJTI5JTIyJTJDJTIyYWdfcGFydG5lcl9saW5rJTIyJTNBJTIyaHR0cHMlM0ElMkYlMkZtYXBlcGxhc3RpY3Muc2UlMkZmaSUyRmFtYm9mbHVvciUyRiUyMiU3RCU1RA==&#8221;][\/vc_column][\/vc_row]<\/p>\n","protected":false},"author":1,"featured_media":0,"parent":0,"menu_order":0,"comment_status":"closed","ping_status":"closed","template":"page-visual-composer.php","meta":{"_mi_skip_tracking":false},"acf":[],"yoast_head":"<!-- This site is optimized with the Yoast SEO plugin v20.7 - https:\/\/yoast.com\/wordpress\/plugins\/seo\/ -->\n<title>YHTEISTY\u00d6KUMPPANIMME - Mape Plastics<\/title>\n<meta name=\"description\" content=\"Menestys riippuu paljon ty\u00f6skentelyst\u00e4 oikeiden kumppaneiden kanssa. Tutustu yrityksiin, joiden kanssa olemme p\u00e4\u00e4tt\u00e4neet tehd\u00e4 yhteisty\u00f6t\u00e4, jotta voimme tuottaa parhaat mahdolliset tulokset.\" \/>\n<meta name=\"robots\" content=\"index, follow, max-snippet:-1, max-image-preview:large, max-video-preview:-1\" \/>\n<link rel=\"canonical\" href=\"https:\/\/mapeplastics.se\/fi\/yhteistyokumppanit\/\" \/>\n<meta property=\"og:locale\" content=\"fi_FI\" \/>\n<meta property=\"og:type\" content=\"article\" \/>\n<meta property=\"og:title\" content=\"YHTEISTY\u00d6KUMPPANIMME - Mape Plastics\" \/>\n<meta property=\"og:description\" content=\"Menestys riippuu paljon ty\u00f6skentelyst\u00e4 oikeiden kumppaneiden kanssa. Tutustu yrityksiin, joiden kanssa olemme p\u00e4\u00e4tt\u00e4neet tehd\u00e4 yhteisty\u00f6t\u00e4, jotta voimme tuottaa parhaat mahdolliset tulokset.\" \/>\n<meta property=\"og:url\" content=\"https:\/\/mapeplastics.se\/fi\/yhteistyokumppanit\/\" \/>\n<meta property=\"og:site_name\" content=\"Mape Plastics\" \/>\n<meta property=\"article:modified_time\" content=\"2026-04-02T07:17:54+00:00\" \/>\n<meta name=\"twitter:card\" content=\"summary_large_image\" \/>\n<meta name=\"twitter:label1\" content=\"Arvioitu lukuaika\" \/>\n\t<meta name=\"twitter:data1\" content=\"1 minuutti\" \/>\n<script type=\"application\/ld+json\" class=\"yoast-schema-graph\">{\"@context\":\"https:\/\/schema.org\",\"@graph\":[{\"@type\":\"WebPage\",\"@id\":\"https:\/\/mapeplastics.se\/fi\/yhteistyokumppanit\/\",\"url\":\"https:\/\/mapeplastics.se\/fi\/yhteistyokumppanit\/\",\"name\":\"YHTEISTY\u00d6KUMPPANIMME - Mape Plastics\",\"isPartOf\":{\"@id\":\"https:\/\/mapeplastics.se\/fi\/#website\"},\"datePublished\":\"2020-09-10T12:26:51+00:00\",\"dateModified\":\"2026-04-02T07:17:54+00:00\",\"description\":\"Menestys riippuu paljon ty\u00f6skentelyst\u00e4 oikeiden kumppaneiden kanssa. Tutustu yrityksiin, joiden kanssa olemme p\u00e4\u00e4tt\u00e4neet tehd\u00e4 yhteisty\u00f6t\u00e4, jotta voimme tuottaa parhaat mahdolliset tulokset.\",\"breadcrumb\":{\"@id\":\"https:\/\/mapeplastics.se\/fi\/yhteistyokumppanit\/#breadcrumb\"},\"inLanguage\":\"fi\",\"potentialAction\":[{\"@type\":\"ReadAction\",\"target\":[\"https:\/\/mapeplastics.se\/fi\/yhteistyokumppanit\/\"]}]},{\"@type\":\"BreadcrumbList\",\"@id\":\"https:\/\/mapeplastics.se\/fi\/yhteistyokumppanit\/#breadcrumb\",\"itemListElement\":[{\"@type\":\"ListItem\",\"position\":1,\"name\":\"Hem\",\"item\":\"https:\/\/mapeplastics.se\/fi\/\"},{\"@type\":\"ListItem\",\"position\":2,\"name\":\"YHTEISTY\u00d6KUMPPANIMME\"}]},{\"@type\":\"WebSite\",\"@id\":\"https:\/\/mapeplastics.se\/fi\/#website\",\"url\":\"https:\/\/mapeplastics.se\/fi\/\",\"name\":\"Mape Plastics\",\"description\":\"\",\"potentialAction\":[{\"@type\":\"SearchAction\",\"target\":{\"@type\":\"EntryPoint\",\"urlTemplate\":\"https:\/\/mapeplastics.se\/fi\/?s={search_term_string}\"},\"query-input\":\"required name=search_term_string\"}],\"inLanguage\":\"fi\"}]}<\/script>\n<!-- \/ Yoast SEO plugin. -->","yoast_head_json":{"title":"YHTEISTY\u00d6KUMPPANIMME - Mape Plastics","description":"Menestys riippuu paljon ty\u00f6skentelyst\u00e4 oikeiden kumppaneiden kanssa. Tutustu yrityksiin, joiden kanssa olemme p\u00e4\u00e4tt\u00e4neet tehd\u00e4 yhteisty\u00f6t\u00e4, jotta voimme tuottaa parhaat mahdolliset tulokset.","robots":{"index":"index","follow":"follow","max-snippet":"max-snippet:-1","max-image-preview":"max-image-preview:large","max-video-preview":"max-video-preview:-1"},"canonical":"https:\/\/mapeplastics.se\/fi\/yhteistyokumppanit\/","og_locale":"fi_FI","og_type":"article","og_title":"YHTEISTY\u00d6KUMPPANIMME - Mape Plastics","og_description":"Menestys riippuu paljon ty\u00f6skentelyst\u00e4 oikeiden kumppaneiden kanssa. Tutustu yrityksiin, joiden kanssa olemme p\u00e4\u00e4tt\u00e4neet tehd\u00e4 yhteisty\u00f6t\u00e4, jotta voimme tuottaa parhaat mahdolliset tulokset.","og_url":"https:\/\/mapeplastics.se\/fi\/yhteistyokumppanit\/","og_site_name":"Mape Plastics","article_modified_time":"2026-04-02T07:17:54+00:00","twitter_card":"summary_large_image","twitter_misc":{"Arvioitu lukuaika":"1 minuutti"},"schema":{"@context":"https:\/\/schema.org","@graph":[{"@type":"WebPage","@id":"https:\/\/mapeplastics.se\/fi\/yhteistyokumppanit\/","url":"https:\/\/mapeplastics.se\/fi\/yhteistyokumppanit\/","name":"YHTEISTY\u00d6KUMPPANIMME - Mape Plastics","isPartOf":{"@id":"https:\/\/mapeplastics.se\/fi\/#website"},"datePublished":"2020-09-10T12:26:51+00:00","dateModified":"2026-04-02T07:17:54+00:00","description":"Menestys riippuu paljon ty\u00f6skentelyst\u00e4 oikeiden kumppaneiden kanssa. Tutustu yrityksiin, joiden kanssa olemme p\u00e4\u00e4tt\u00e4neet tehd\u00e4 yhteisty\u00f6t\u00e4, jotta voimme tuottaa parhaat mahdolliset tulokset.","breadcrumb":{"@id":"https:\/\/mapeplastics.se\/fi\/yhteistyokumppanit\/#breadcrumb"},"inLanguage":"fi","potentialAction":[{"@type":"ReadAction","target":["https:\/\/mapeplastics.se\/fi\/yhteistyokumppanit\/"]}]},{"@type":"BreadcrumbList","@id":"https:\/\/mapeplastics.se\/fi\/yhteistyokumppanit\/#breadcrumb","itemListElement":[{"@type":"ListItem","position":1,"name":"Hem","item":"https:\/\/mapeplastics.se\/fi\/"},{"@type":"ListItem","position":2,"name":"YHTEISTY\u00d6KUMPPANIMME"}]},{"@type":"WebSite","@id":"https:\/\/mapeplastics.se\/fi\/#website","url":"https:\/\/mapeplastics.se\/fi\/","name":"Mape Plastics","description":"","potentialAction":[{"@type":"SearchAction","target":{"@type":"EntryPoint","urlTemplate":"https:\/\/mapeplastics.se\/fi\/?s={search_term_string}"},"query-input":"required name=search_term_string"}],"inLanguage":"fi"}]}},"_links":{"self":[{"href":"https:\/\/mapeplastics.se\/fi\/wp-json\/wp\/v2\/pages\/796"}],"collection":[{"href":"https:\/\/mapeplastics.se\/fi\/wp-json\/wp\/v2\/pages"}],"about":[{"href":"https:\/\/mapeplastics.se\/fi\/wp-json\/wp\/v2\/types\/page"}],"author":[{"embeddable":true,"href":"https:\/\/mapeplastics.se\/fi\/wp-json\/wp\/v2\/users\/1"}],"replies":[{"embeddable":true,"href":"https:\/\/mapeplastics.se\/fi\/wp-json\/wp\/v2\/comments?post=796"}],"version-history":[{"count":30,"href":"https:\/\/mapeplastics.se\/fi\/wp-json\/wp\/v2\/pages\/796\/revisions"}],"predecessor-version":[{"id":9722,"href":"https:\/\/mapeplastics.se\/fi\/wp-json\/wp\/v2\/pages\/796\/revisions\/9722"}],"wp:attachment":[{"href":"https:\/\/mapeplastics.se\/fi\/wp-json\/wp\/v2\/media?parent=796"}],"curies":[{"name":"wp","href":"https:\/\/api.w.org\/{rel}","templated":true}]}}