{"id":804,"date":"2020-09-11T12:20:43","date_gmt":"2020-09-11T12:20:43","guid":{"rendered":"https:\/\/mape-2.flywheelsites.com\/policy\/"},"modified":"2021-10-01T12:04:20","modified_gmt":"2021-10-01T12:04:20","slug":"policy","status":"publish","type":"page","link":"https:\/\/mapeplastics.se\/fi\/policy\/","title":{"rendered":"Policy"},"content":{"rendered":"<section class=\"wpb-content-wrapper\"><p>[vc_row fullwidth=&#8221;1&#8243;][vc_column][ucaddon_ag_sub_hero ag_sh_text_small=&#8221;k\u00e4yt\u00e4nt\u00f6&#8221; ag_sh_text=&#8221;Meid\u00e4n politiikkamme&#8221; ag_sh_img=&#8221;19&#8243; uc_init_settings=&#8221;&#8221;][\/vc_column][\/vc_row][vc_row css=&#8221;.vc_custom_1599826993982{padding-top: 4rem !important;padding-bottom: 4rem !important;background-color: #f1f1f1 !important;background-position: center !important;background-repeat: no-repeat !important;background-size: cover !important;}&#8221;][vc_column][vc_column_text]<\/p>\n<p class=\"p1\"><span class=\"s1\"><b>T\u00e4m\u00e4 tietosuoja- ja ev\u00e4stek\u00e4yt\u00e4nt\u00f6 kertoo sinulle, miten k\u00e4yt\u00e4mme meille l\u00e4hetettyj\u00e4 henkil\u00f6kohtaisia \u200b\u200btietoja tai verkossa ker\u00e4\u00e4mi\u00e4mme henkil\u00f6tietoja (ev\u00e4steiden avulla).\u00a0T\u00e4m\u00e4 k\u00e4yt\u00e4nt\u00f6 on saatavilla osoitteessa www.mapeplastics.se<\/b><\/span><\/p>\n<p class=\"p1\"><span class=\"s1\">Mape Plastics AB noudattaa aina sovellettavia tietosuojalakeja ja varmistaa, ett\u00e4 henkil\u00f6tietoja k\u00e4sitell\u00e4\u00e4n luottamuksellisesti.\u00a0Mape Plastics AB ei luovuta henkil\u00f6tietoja kolmansille osapuolille ilman ennakkosuostumusta, ellei laissa tai toimivaltaisten viranomaisten oikeudellisesti sitovassa p\u00e4\u00e4t\u00f6ksess\u00e4 muuta mainita, ellei t\u00e4ss\u00e4 erikseen mainita.<\/span><\/p>\n<p class=\"p1\"><span class=\"s1\">Mape Plastics AB k\u00e4sittelee seuraavia henkil\u00f6tietoja:<\/span><\/p>\n<ul class=\"ul1\">\n<li class=\"li2\"><span class=\"s2\">Nimi, puhelinnumero ja s\u00e4hk\u00f6posti pyynt\u00f6\u00e4 varten, kun t\u00e4yt\u00e4t lomakkeen verkkosivustollamme www.mapeplastics.se<\/span><\/li>\n<li class=\"li2\"><span class=\"s2\">IP -osoitteesi virtaviivaistamaan sivustomme k\u00e4ytt\u00f6\u00e4<\/span><\/li>\n<li class=\"li2\"><span class=\"s2\">Jos otat yhteytt\u00e4 Mape Plastics AB: hen, tallennamme kirjeenvaihtoa tai kommentteja, jotka voivat sis\u00e4lt\u00e4\u00e4 henkil\u00f6kohtaisia \u200b\u200btietoja, tarjotaksemme parempaa palvelua, jos otat yhteytt\u00e4 Mape Plastics AB: hen uudelleen.<\/span><\/li>\n<\/ul>\n<p class=\"p1\"><span class=\"s1\"><b>Hoidon laillisuus<\/b><\/span><\/p>\n<p class=\"p1\"><span class=\"s1\">Mape Plastics AB:<\/span><\/p>\n<p class=\"p1\"><span class=\"s1\">K\u00e4sittele henkil\u00f6tietojasi laillisesti, oikein ja avoimesti.\u00a0Ker\u00e4\u00e4 henkil\u00f6tietojasi t\u00e4ss\u00e4 k\u00e4yt\u00e4nn\u00f6ss\u00e4 m\u00e4\u00e4riteltyihin ja laillisiin tarkoituksiin, emmek\u00e4 k\u00e4sittele henkil\u00f6tietojasi mill\u00e4\u00e4n tavalla, joka on ristiriidassa n\u00e4iden tarkoitusten kanssa.\u00a0Ker\u00e4\u00e4 ja k\u00e4sittele henkil\u00f6tietoja, jotka ovat riitt\u00e4vi\u00e4, relevantteja ja tarpeellisia tarkoituksiin, joita varten ne ker\u00e4t\u00e4\u00e4n ja k\u00e4ytet\u00e4\u00e4n.\u00a0K\u00e4sittele henkil\u00f6tietojasi vain niin kauan kuin se on v\u00e4ltt\u00e4m\u00e4t\u00f6nt\u00e4 tarkoituksiin, joita varten ne on ker\u00e4tty.\u00a0Ryhdy asianmukaisiin teknisiin ja organisatorisiin toimenpiteisiin est\u00e4\u00e4ksesi luvattoman p\u00e4\u00e4syn, laittoman k\u00e4sittelyn ja luvattoman tai tahattoman henkil\u00f6tietojen katoamisen, tuhoutumisen tai vahingoittumisen ja varmistaaksesi asianmukaisen turvallisuustason.\u00a0Ryhdy kaikkiin kohtuullisiin toimiin varmistaaksesi, ett\u00e4 henkil\u00f6kohtaiset tietosi ovat oikein ja p\u00e4ivitet\u00e4\u00e4n viipym\u00e4tt\u00e4, jos Mape Plastics AB: lle ilmoitetaan tai muutoin tulee tietoon virheellisist\u00e4 tiedoista.\u00a0Poista pyynn\u00f6st\u00e4 henkil\u00f6tiedot ilman tarpeetonta viivytyst\u00e4, ellei ole oikeudellisia syit\u00e4 jatkaa k\u00e4sittely\u00e4,<\/span><\/p>\n<ul class=\"ul1\">\n<li class=\"li2\"><span class=\"s2\">Rajoita pyynn\u00f6st\u00e4 hoitoa, ellei ole lainmukaista syyt\u00e4 jatkaa hoitoa.<\/span><\/li>\n<li class=\"li2\"><span class=\"s2\">Kerro pyynn\u00f6st\u00e4, mit\u00e4 henkil\u00f6tietoja Mape Plastics AB on k\u00e4sitellyt tavanomaisessa ja koneellisesti luettavassa muodossa.<\/span><\/li>\n<\/ul>\n<p class=\"p1\"><span class=\"s1\"><b>Oikeudellinen perusta hoidolle<\/b><\/span><\/p>\n<p class=\"p1\"><span class=\"s1\">Mape Plastics AB ker\u00e4\u00e4 ja k\u00e4sittelee henkil\u00f6tietojasi suostumuksesi perusteella ja siin\u00e4 laajuudessa.<\/span><\/p>\n<p class=\"p1\"><span class=\"s1\">Jos ja siin\u00e4 m\u00e4\u00e4rin kuin kyselysi johtaa sinun ja Mape Plastics AB: n v\u00e4liseen sopimukseen, pyynt\u00f6si yhteydess\u00e4 ker\u00e4ttyj\u00e4 ja k\u00e4siteltyj\u00e4 henkil\u00f6tietojasi k\u00e4sitell\u00e4\u00e4n siin\u00e4 m\u00e4\u00e4rin kuin on tarpeen Mape Plastics AB: n kyseisen sopimuksen mukaisten velvoitteiden t\u00e4ytt\u00e4miseksi.\u00a0Lis\u00e4ksi Mape Plastics AB k\u00e4sittelee henkil\u00f6tietojasi siin\u00e4 m\u00e4\u00e4rin kuin Mape Plastics AB on velvollinen tekem\u00e4\u00e4n niin lain tai viranomaisen p\u00e4\u00e4t\u00f6ksen perusteella.<\/span><\/p>\n<p class=\"p1\"><span class=\"s1\"><b>Henkil\u00f6tietojen avustaja<\/b><\/span><\/p>\n<p class=\"p1\"><span class=\"s1\">Mape Plastics AB sallii henkil\u00f6tietojen avustajan k\u00e4sitell\u00e4 kaikkia henkil\u00f6tietoja sek\u00e4 tallennuksen ett\u00e4 j\u00e4rjestelmien k\u00e4yt\u00f6n kautta.\u00a0Henkil\u00f6tietojen avustaja voi my\u00f6s lukea, j\u00e4rjest\u00e4\u00e4 ja l\u00e4hett\u00e4\u00e4 henkil\u00f6kohtaisia \u200b\u200btietoja Mape Plastics AB: n ohjeiden mukaisesti.\u00a0Henkil\u00f6tietojen avustaja k\u00e4sittelee henkil\u00f6tietojasi vain palvelimilla, jotka ovat EU-ETA-rajan sis\u00e4ll\u00e4 ja joita Personal Data Assistant valvoo.<\/span><\/p>\n<p class=\"p1\"><span class=\"s1\">Ev\u00e4steet-ovat kolmansia osapuolia riippumatta Mape Plastics AB: st\u00e4 k\u00e4ytt\u00e4\u00e4 ev\u00e4steit\u00e4 tarjotakseen k\u00e4ytt\u00e4j\u00e4yst\u00e4v\u00e4llisemm\u00e4n verkkosivuston.\u00a0Kolmannen osapuolen ev\u00e4steit\u00e4 (esim. Google Analytics tai muut ty\u00f6kalut) voidaan k\u00e4ytt\u00e4\u00e4 my\u00f6s analytiikkaan ja \/ tai liikenteen parantamiseen ja vierailuun.<\/span><\/p>\n<p class=\"p1\"><span class=\"s1\">Jos et halua ev\u00e4steiden asennusta tietokoneellesi tai haluat rajoittaa t\u00e4llaisten tietojen k\u00e4sittely\u00e4, selaimesi voi joissakin tapauksissa sallia IP -osoitteesi poistamisen k\u00e4yt\u00f6st\u00e4 tai anonymisoinnin.<\/span><\/p>\n<p class=\"p1\"><span class=\"s1\"><b>Turvallisuus<\/b><\/span><\/p>\n<p class=\"p1\"><span class=\"s1\">Mape Plastics AB varmistaa, ett\u00e4 asianmukaiset tekniset ja organisatoriset toimenpiteet toteutetaan henkil\u00f6tietojesi suojaamiseksi luvattomalta k\u00e4yt\u00f6lt\u00e4 tai tuhoamiselta, laittomalta k\u00e4sittelylt\u00e4 tai tahattomalta katoamiselta tai vahingoittumiselta.\u00a0Mape Plastics AB k\u00e4ytt\u00e4\u00e4 suojattua palvelinta, jossa henkil\u00f6tietojasi k\u00e4sitell\u00e4\u00e4n, ja se rajoittaa p\u00e4\u00e4sy\u00e4 henkil\u00f6tietoihin organisaatiossa.\u00a0Henkil\u00f6tietojen k\u00e4ytt\u00f6oikeus annetaan vain organisaation henkil\u00f6ille ja henkil\u00f6tietojen avustajalle, joiden ainoa tarkoitus on hoitaa teht\u00e4v\u00e4ns\u00e4.<\/span><\/p>\n<p class=\"p1\"><span class=\"s1\"><b>Muutokset t\u00e4h\u00e4n tietosuojak\u00e4yt\u00e4nt\u00f6\u00f6n<\/b><\/span><\/p>\n<p class=\"p1\"><span class=\"s1\">Yritys AB varaa oikeuden muuttaa t\u00e4t\u00e4 tietosuojak\u00e4yt\u00e4nt\u00f6\u00e4 tarpeen mukaan esimerkiksi noudattaakseen lakeja ja m\u00e4\u00e4r\u00e4yksi\u00e4.\u00a0T\u00e4llainen muutos julkaistaan \u200b\u200bMape Plastics AB: n verkkosivuilla.<\/span><\/p>\n<p class=\"p1\"><span class=\"s1\">Ottaa yhteytt\u00e4<\/span><\/p>\n<p class=\"p1\"><span class=\"s1\">Mape Plastics AB, S\u00e5gv\u00e4gen 6, SE-506 40 Bor\u00e5s<\/span><\/p>\n<p class=\"p1\"><span class=\"s1\">T:\u00a0\u00a0<a href=\"tel:033417030\">+46 33 41 70 30<\/a>\u00a0, s\u00e4hk\u00f6posti:\u00a0\u00a0<a href=\"mailto:info@mapeplastics.se\">info@mapeplastics.se<\/a><\/span><\/p>\n<p>[\/vc_column_text][\/vc_column][\/vc_row]<\/p>\n<\/section>","protected":false},"excerpt":{"rendered":"<p>[vc_row fullwidth=&#8221;1&#8243;][vc_column][ucaddon_ag_sub_hero ag_sh_text_small=&#8221;k\u00e4yt\u00e4nt\u00f6&#8221; ag_sh_text=&#8221;Meid\u00e4n politiikkamme&#8221; ag_sh_img=&#8221;19&#8243; uc_init_settings=&#8221;&#8221;][\/vc_column][\/vc_row][vc_row css=&#8221;.vc_custom_1599826993982{padding-top: 4rem !important;padding-bottom: 4rem !important;background-color: #f1f1f1 !important;background-position: center !important;background-repeat: no-repeat !important;background-size: cover !important;}&#8221;][vc_column][vc_column_text] T\u00e4m\u00e4 tietosuoja- ja ev\u00e4stek\u00e4yt\u00e4nt\u00f6 kertoo sinulle, miten k\u00e4yt\u00e4mme meille l\u00e4hetettyj\u00e4 henkil\u00f6kohtaisia \u200b\u200btietoja tai verkossa ker\u00e4\u00e4mi\u00e4mme henkil\u00f6tietoja (ev\u00e4steiden avulla).\u00a0T\u00e4m\u00e4 k\u00e4yt\u00e4nt\u00f6 on saatavilla osoitteessa www.mapeplastics.se Mape Plastics AB noudattaa aina sovellettavia tietosuojalakeja ja varmistaa, ett\u00e4 henkil\u00f6tietoja k\u00e4sitell\u00e4\u00e4n [&hellip;]<\/p>\n","protected":false},"author":1,"featured_media":0,"parent":0,"menu_order":0,"comment_status":"closed","ping_status":"closed","template":"page-visual-composer.php","meta":{"_mi_skip_tracking":false},"acf":[],"yoast_head":"<!-- This site is optimized with the Yoast SEO plugin v20.7 - https:\/\/yoast.com\/wordpress\/plugins\/seo\/ -->\n<title>Policy - Mape Plastics<\/title>\n<meta name=\"robots\" content=\"index, follow, max-snippet:-1, max-image-preview:large, max-video-preview:-1\" \/>\n<link rel=\"canonical\" href=\"https:\/\/mapeplastics.se\/fi\/policy\/\" \/>\n<meta property=\"og:locale\" content=\"fi_FI\" \/>\n<meta property=\"og:type\" content=\"article\" \/>\n<meta property=\"og:title\" content=\"Policy - Mape Plastics\" \/>\n<meta property=\"og:description\" content=\"[vc_row fullwidth=&#8221;1&#8243;][vc_column][ucaddon_ag_sub_hero ag_sh_text_small=&#8221;k\u00e4yt\u00e4nt\u00f6&#8221; ag_sh_text=&#8221;Meid\u00e4n politiikkamme&#8221; ag_sh_img=&#8221;19&#8243; uc_init_settings=&#8221;&#8221;][\/vc_column][\/vc_row][vc_row css=&#8221;.vc_custom_1599826993982{padding-top: 4rem !important;padding-bottom: 4rem !important;background-color: #f1f1f1 !important;background-position: center !important;background-repeat: no-repeat !important;background-size: cover !important;}&#8221;][vc_column][vc_column_text] T\u00e4m\u00e4 tietosuoja- ja ev\u00e4stek\u00e4yt\u00e4nt\u00f6 kertoo sinulle, miten k\u00e4yt\u00e4mme meille l\u00e4hetettyj\u00e4 henkil\u00f6kohtaisia \u200b\u200btietoja tai verkossa ker\u00e4\u00e4mi\u00e4mme henkil\u00f6tietoja (ev\u00e4steiden avulla).\u00a0T\u00e4m\u00e4 k\u00e4yt\u00e4nt\u00f6 on saatavilla osoitteessa www.mapeplastics.se Mape Plastics AB noudattaa aina sovellettavia tietosuojalakeja ja varmistaa, ett\u00e4 henkil\u00f6tietoja k\u00e4sitell\u00e4\u00e4n [&hellip;]\" \/>\n<meta property=\"og:url\" content=\"https:\/\/mapeplastics.se\/fi\/policy\/\" \/>\n<meta property=\"og:site_name\" content=\"Mape Plastics\" \/>\n<meta property=\"article:modified_time\" content=\"2021-10-01T12:04:20+00:00\" \/>\n<meta name=\"twitter:card\" content=\"summary_large_image\" \/>\n<meta name=\"twitter:label1\" content=\"Arvioitu lukuaika\" \/>\n\t<meta name=\"twitter:data1\" content=\"3 minuuttia\" \/>\n<script type=\"application\/ld+json\" class=\"yoast-schema-graph\">{\"@context\":\"https:\/\/schema.org\",\"@graph\":[{\"@type\":\"WebPage\",\"@id\":\"https:\/\/mapeplastics.se\/fi\/policy\/\",\"url\":\"https:\/\/mapeplastics.se\/fi\/policy\/\",\"name\":\"Policy - Mape Plastics\",\"isPartOf\":{\"@id\":\"https:\/\/mapeplastics.se\/fi\/#website\"},\"datePublished\":\"2020-09-11T12:20:43+00:00\",\"dateModified\":\"2021-10-01T12:04:20+00:00\",\"breadcrumb\":{\"@id\":\"https:\/\/mapeplastics.se\/fi\/policy\/#breadcrumb\"},\"inLanguage\":\"fi\",\"potentialAction\":[{\"@type\":\"ReadAction\",\"target\":[\"https:\/\/mapeplastics.se\/fi\/policy\/\"]}]},{\"@type\":\"BreadcrumbList\",\"@id\":\"https:\/\/mapeplastics.se\/fi\/policy\/#breadcrumb\",\"itemListElement\":[{\"@type\":\"ListItem\",\"position\":1,\"name\":\"Hem\",\"item\":\"https:\/\/mapeplastics.se\/fi\/\"},{\"@type\":\"ListItem\",\"position\":2,\"name\":\"Policy\"}]},{\"@type\":\"WebSite\",\"@id\":\"https:\/\/mapeplastics.se\/fi\/#website\",\"url\":\"https:\/\/mapeplastics.se\/fi\/\",\"name\":\"Mape Plastics\",\"description\":\"\",\"potentialAction\":[{\"@type\":\"SearchAction\",\"target\":{\"@type\":\"EntryPoint\",\"urlTemplate\":\"https:\/\/mapeplastics.se\/fi\/?s={search_term_string}\"},\"query-input\":\"required name=search_term_string\"}],\"inLanguage\":\"fi\"}]}<\/script>\n<!-- \/ Yoast SEO plugin. -->","yoast_head_json":{"title":"Policy - Mape Plastics","robots":{"index":"index","follow":"follow","max-snippet":"max-snippet:-1","max-image-preview":"max-image-preview:large","max-video-preview":"max-video-preview:-1"},"canonical":"https:\/\/mapeplastics.se\/fi\/policy\/","og_locale":"fi_FI","og_type":"article","og_title":"Policy - Mape Plastics","og_description":"[vc_row fullwidth=&#8221;1&#8243;][vc_column][ucaddon_ag_sub_hero ag_sh_text_small=&#8221;k\u00e4yt\u00e4nt\u00f6&#8221; ag_sh_text=&#8221;Meid\u00e4n politiikkamme&#8221; ag_sh_img=&#8221;19&#8243; uc_init_settings=&#8221;&#8221;][\/vc_column][\/vc_row][vc_row css=&#8221;.vc_custom_1599826993982{padding-top: 4rem !important;padding-bottom: 4rem !important;background-color: #f1f1f1 !important;background-position: center !important;background-repeat: no-repeat !important;background-size: cover !important;}&#8221;][vc_column][vc_column_text] T\u00e4m\u00e4 tietosuoja- ja ev\u00e4stek\u00e4yt\u00e4nt\u00f6 kertoo sinulle, miten k\u00e4yt\u00e4mme meille l\u00e4hetettyj\u00e4 henkil\u00f6kohtaisia \u200b\u200btietoja tai verkossa ker\u00e4\u00e4mi\u00e4mme henkil\u00f6tietoja (ev\u00e4steiden avulla).\u00a0T\u00e4m\u00e4 k\u00e4yt\u00e4nt\u00f6 on saatavilla osoitteessa www.mapeplastics.se Mape Plastics AB noudattaa aina sovellettavia tietosuojalakeja ja varmistaa, ett\u00e4 henkil\u00f6tietoja k\u00e4sitell\u00e4\u00e4n [&hellip;]","og_url":"https:\/\/mapeplastics.se\/fi\/policy\/","og_site_name":"Mape Plastics","article_modified_time":"2021-10-01T12:04:20+00:00","twitter_card":"summary_large_image","twitter_misc":{"Arvioitu lukuaika":"3 minuuttia"},"schema":{"@context":"https:\/\/schema.org","@graph":[{"@type":"WebPage","@id":"https:\/\/mapeplastics.se\/fi\/policy\/","url":"https:\/\/mapeplastics.se\/fi\/policy\/","name":"Policy - Mape Plastics","isPartOf":{"@id":"https:\/\/mapeplastics.se\/fi\/#website"},"datePublished":"2020-09-11T12:20:43+00:00","dateModified":"2021-10-01T12:04:20+00:00","breadcrumb":{"@id":"https:\/\/mapeplastics.se\/fi\/policy\/#breadcrumb"},"inLanguage":"fi","potentialAction":[{"@type":"ReadAction","target":["https:\/\/mapeplastics.se\/fi\/policy\/"]}]},{"@type":"BreadcrumbList","@id":"https:\/\/mapeplastics.se\/fi\/policy\/#breadcrumb","itemListElement":[{"@type":"ListItem","position":1,"name":"Hem","item":"https:\/\/mapeplastics.se\/fi\/"},{"@type":"ListItem","position":2,"name":"Policy"}]},{"@type":"WebSite","@id":"https:\/\/mapeplastics.se\/fi\/#website","url":"https:\/\/mapeplastics.se\/fi\/","name":"Mape Plastics","description":"","potentialAction":[{"@type":"SearchAction","target":{"@type":"EntryPoint","urlTemplate":"https:\/\/mapeplastics.se\/fi\/?s={search_term_string}"},"query-input":"required name=search_term_string"}],"inLanguage":"fi"}]}},"_links":{"self":[{"href":"https:\/\/mapeplastics.se\/fi\/wp-json\/wp\/v2\/pages\/804"}],"collection":[{"href":"https:\/\/mapeplastics.se\/fi\/wp-json\/wp\/v2\/pages"}],"about":[{"href":"https:\/\/mapeplastics.se\/fi\/wp-json\/wp\/v2\/types\/page"}],"author":[{"embeddable":true,"href":"https:\/\/mapeplastics.se\/fi\/wp-json\/wp\/v2\/users\/1"}],"replies":[{"embeddable":true,"href":"https:\/\/mapeplastics.se\/fi\/wp-json\/wp\/v2\/comments?post=804"}],"version-history":[{"count":2,"href":"https:\/\/mapeplastics.se\/fi\/wp-json\/wp\/v2\/pages\/804\/revisions"}],"predecessor-version":[{"id":806,"href":"https:\/\/mapeplastics.se\/fi\/wp-json\/wp\/v2\/pages\/804\/revisions\/806"}],"wp:attachment":[{"href":"https:\/\/mapeplastics.se\/fi\/wp-json\/wp\/v2\/media?parent=804"}],"curies":[{"name":"wp","href":"https:\/\/api.w.org\/{rel}","templated":true}]}}