{"id":8531,"date":"2025-10-06T09:28:18","date_gmt":"2025-10-06T07:28:18","guid":{"rendered":"https:\/\/mapeplastics.se\/?page_id=8531"},"modified":"2025-10-07T15:41:11","modified_gmt":"2025-10-07T13:41:11","slug":"formosa-plastics","status":"publish","type":"page","link":"https:\/\/mapeplastics.se\/fi\/yhteistyokumppanit\/formosa-plastics\/","title":{"rendered":"FORMOSA PLASTICS"},"content":{"rendered":"<section class=\"wpb-content-wrapper\"><p>[vc_row fullwidth=&#8221;1&#8243;][vc_column][ucaddon_ag_sub_hero ag_sh_text_small=&#8221;MEID\u00c4N KUMPPANIMME&#8221; ag_sh_text=&#8221;FORMOSA PLASTICS&#8221; ag_sub_hero_par=&#8221;Rm9ybW9zYSUyMFBsYXN0aWNzJTIwdGFyam9hYSUyMGxhYWphbiUyMHZhbGlrb2ltYW4lMjBrb3JrZWFsYWF0dWlzaWElMjB0ZW9sbGlzdXVzdHVvdHRlaXRhJTIwdHVvdGVtZXJra2llbiUyMEZPUk1PQ09OJUMyJUFFJTIwJTI4UE9NJTI5JTIwamElMjBUQUlSSVJFWCVDMiVBRSUyMCUyOFBTJTI5JTIwYWxsYS4=&#8221; ag_sh_tag=&#8221;h1&#8243;][\/vc_column][\/vc_row][vc_row css_animation=&#8221;none&#8221; css=&#8221;.vc_custom_1663093872195{padding-top: 40px !important;padding-bottom: 40px !important;}&#8221;][vc_column css_animation=&#8221;fadeIn&#8221; width=&#8221;1\/2&#8243; el_class=&#8221;standard-padding&#8221;][vc_empty_space height=&#8221;120px&#8221;][ucaddon_ag_title ag_title_slim=&#8221;UGVydXN0ZXR0dSUyMDE5Nzg=&#8221; ag_title_bold=&#8221;Rk9STU9TQSUyMFBMQVNUSUNT&#8221; ag_title_font_size=&#8221;45&#8243; ag_title_align=&#8221;left&#8221; ag_titel_border=&#8221;&#8221;][vc_column_text css=&#8221;.vc_custom_1759819600036{padding-bottom: 2rem !important;}&#8221;]<\/p>\n<p style=\"font-weight: 400;\">Formosa Plastics perustettiin vuonna 1978, ja se on muoviteollisuuden kasvava toimittaja. Se tarjoaa laajan valikoiman erilaisia materiaaleja ja muita petrokemian tuotteita, jotka tarjoavat asiakkaiden vaatimaa vakautta, suorituskyky\u00e4 ja laatua.<\/p>\n<p style=\"font-weight: 400;\"><a href=\"https:\/\/mapeplastics.se\/fi\/materiaalit\/polystyrene-ps\/\"><u>Polystyreeni (PS)<\/u><\/a> on kustannustehokas muovi, jolla on korkea l\u00e4pin\u00e4kyvyys, kovuus ja pintakiilto. Sit\u00e4 on my\u00f6s saatavana elintarvikek\u00e4ytt\u00f6\u00f6n hyv\u00e4ksytyiss\u00e4 laaduissa.<\/p>\n<p style=\"font-weight: 400;\"><a href=\"https:\/\/mapeplastics.se\/fi\/materiaalit\/polyoxymethylene-pom\/\"><u>Polyoksimetyleeni (POM)<\/u><\/a> on kulutusta kest\u00e4v\u00e4 tekninen muovi, jolla on korkea j\u00e4ykkyys, hyv\u00e4 v\u00e4symiskest\u00e4vyys ja alhainen veden absorptio. Se soveltuu tarkkoihin mekaanisiin komponentteihin. Sill\u00e4 on hyv\u00e4 kemiallinen kest\u00e4vyys, ja sit\u00e4 on helppo ty\u00f6st\u00e4\u00e4.<\/p>\n<p>[\/vc_column_text][\/vc_column][vc_column css_animation=&#8221;fadeIn&#8221; width=&#8221;1\/2&#8243;][ucaddon_ag_overlay_block ag_overlay_image=&#8221;8363&#8243; ag_overlay_image_font=&#8221;8369&#8243;][\/vc_column][\/vc_row][vc_row css_animation=&#8221;fadeIn&#8221; css=&#8221;.vc_custom_1663093992409{margin-top: 60px !important;margin-bottom: 80px !important;}&#8221;][vc_column width=&#8221;1\/2&#8243; el_class=&#8221;text-col&#8221;][ucaddon_ag_overlay_block ag_overlay_image=&#8221;8347&#8243; ag_overlay_image_font=&#8221;8352&#8243;][\/vc_column][vc_column width=&#8221;1\/2&#8243; el_class=&#8221;desktop-padding&#8221;][ucaddon_ag_title ag_title_slim=&#8221;VHVvdGVtZXJraXQ=&#8221; ag_title_bold=&#8221;VEFJUklSRVglQzIlQUUlMjBqYSUyMEZPUk1PQ09OJUMyJUFF&#8221; ag_title_font_size=&#8221;45&#8243; ag_title_align=&#8221;left&#8221; ag_titel_border=&#8221;&#8221;][vc_column_text css=&#8221;.vc_custom_1759819653350{padding-bottom: 2rem !important;}&#8221;]<\/p>\n<p style=\"font-weight: 400;\">TAIRIREX\u00ae on Formosa Plasticsin tuotemerkki. Heid\u00e4n polystyreeni\u00e4\u00e4n on saatavana useissa eri viskositeeteissa, ja sit\u00e4 on saatavana monina l\u00e4pin\u00e4kyvin\u00e4 GPPS- ja iskunkest\u00e4vin\u00e4 HIPS-vaihtoehtoina.<\/p>\n<p style=\"font-weight: 400;\">FORMOCON\u00ae-tuotemerkki ja sen POM-tuotteet tarjoavat hyv\u00e4t mekaaniset ominaisuudet ja alhaisen kitkan. Materiaali toimii hyvin my\u00f6s matalissa l\u00e4mp\u00f6tiloissa. Sit\u00e4 k\u00e4ytet\u00e4\u00e4n usein painikkeissa ja kiinnikkeiss\u00e4, LVI- ja laiteasennuksissa, elektroniikassa, ajoneuvokomponenteissa, kodinkoneissa sek\u00e4 laakereissa.<\/p>\n<p>[\/vc_column_text][\/vc_column][\/vc_row][vc_row css=&#8221;.vc_custom_1692819208324{padding-bottom: 60px !important;}&#8221;][vc_column][ucaddon_ag_title ag_title_slim=&#8221;TWF0ZXJpYWFsaXRpZXRva2FudGE=&#8221; ag_title_bold=&#8221;Rm9ybW9zYSUyMHR1b3R0ZWV0&#8243; ag_title_font_size=&#8221;40&#8243; ag_title_align=&#8221;center&#8221; ag_titel_border=&#8221;&#8221; uc_init_settings=&#8221;&#8221;]\r\n        <style>\r\n            .js-ul-prospector-iframe {\r\n                width: 1px;\r\n                min-width: 100%;\r\n            }\r\n        <\/style>\r\n        <iframe class=\"js-ul-prospector-iframe\" src=\"https:\/\/catalog.ulprospector.com\/xquery.aspx?I=75681&QM=100:3670|1055~40:3741|3198&RSCOLS=DYNAMIC&FMT=HOV&CULTURE=en&PGSIZE=10\" frameborder=\"0\" allowfullscreen=\"false\" scrolling=\"yes\" loading=\"lazy\"><\/iframe>\r\n        <script>\r\n            jQuery(window).on(\"load\", function () {\r\n                if (!window.mapeChildUlProspectorIframeResizerInit) {\r\n                    console.log(\"Init UL Iframe Resizer\");\r\n                    iFrameResize({ log: false, scrolling: \"omit\" }, \".js-ul-prospector-iframe\");\r\n                    window.mapeChildUlProspectorIframeResizerInit = true;\r\n                }\r\n            });\r\n        <\/script>\r\n    [\/vc_column][\/vc_row][vc_row css=&#8221;.vc_custom_1647351943677{padding-top: 50px !important;padding-bottom: 60px !important;background-color: #f9f9f9 !important;}&#8221;][vc_column][ucaddon_ag_title ag_title_slim=&#8221;VHV0dXN0dSUyMEZvcm1vc2ElMjBQbGFzdGljc2lpbg==&#8221; ag_title_bold=&#8221;TFVFJTIwTElTJUMzJTg0JUMzJTg0&#8243; ag_title_font_size=&#8221;45&#8243; ag_title_align=&#8221;center&#8221; ag_titel_border=&#8221;&#8221;][vc_empty_space height=&#8221;30px&#8221;][vc_row_inner gap=&#8221;30&#8243; el_class=&#8221;usp-row&#8221;][vc_column_inner el_class=&#8221;cta-col&#8221; width=&#8221;1\/3&#8243; css=&#8221;.vc_custom_1647427402135{padding-top: 0px !important;background-color: #ffffff !important;}&#8221;][vc_single_image image=&#8221;8381&#8243; img_size=&#8221;full&#8221; onclick=&#8221;custom_link&#8221; img_link_target=&#8221;_blank&#8221; el_class=&#8221;cta-img&#8221; link=&#8221;https:\/\/www.fpcusa.com&#8221;][vc_custom_heading text=&#8221;FORMOSA WEBSITE&#8221; font_container=&#8221;tag:h3|text_align:left&#8221; use_theme_fonts=&#8221;yes&#8221; el_class=&#8221;rubrik-mape&#8221; css=&#8221;.vc_custom_1758722754858{padding-left: 15px !important;}&#8221; link=&#8221;url:https%3A%2F%2Fwww.fpcusa.com|target:_blank&#8221;][vc_column_text el_class=&#8221;under-rubrik-mape&#8221; css=&#8221;.vc_custom_1759819915867{padding-left: 15px !important;}&#8221;]<a href=\"https:\/\/www.fpcusa.com\" target=\"_blank\" rel=\"noopener\">K\u00e4y\u00a0verkkosivustolla<\/a>[\/vc_column_text][vc_empty_space height=&#8221;30px&#8221;][\/vc_column_inner][vc_column_inner el_class=&#8221;cta-col&#8221; width=&#8221;1\/3&#8243; css=&#8221;.vc_custom_1647352243868{padding-top: 0px !important;background-color: #ffffff !important;}&#8221;][vc_single_image image=&#8221;7705&#8243; img_size=&#8221;full&#8221; alignment=&#8221;center&#8221; onclick=&#8221;custom_link&#8221; img_link_target=&#8221;_blank&#8221; el_class=&#8221;cta-img&#8221; link=&#8221;https:\/\/mapeplastics.se\/fi\/materiaalit\/&#8221;][vc_custom_heading text=&#8221;MATERIAALITIETOKANTA&#8221; font_container=&#8221;tag:h3|text_align:left&#8221; use_theme_fonts=&#8221;yes&#8221; el_class=&#8221;rubrik-mape&#8221; css=&#8221;.vc_custom_1759819964263{padding-left: 15px !important;}&#8221; link=&#8221;url:https%3A%2F%2Fmapeplastics.se%2Ffi%2Fmateriaalit%2F&#8221;][vc_column_text el_class=&#8221;under-rubrik-mape&#8221; css=&#8221;.vc_custom_1759820005435{padding-left: 15px !important;}&#8221;]<\/p>\n<p style=\"font-weight: 400;\"><a href=\"https:\/\/mapeplastics.se\/fi\/materiaalit\/\">Tutustu tietokantaamme<\/a><\/p>\n<p>[\/vc_column_text][vc_empty_space height=&#8221;30px&#8221;][\/vc_column_inner][vc_column_inner el_class=&#8221;cta-col&#8221; width=&#8221;1\/3&#8243; css=&#8221;.vc_custom_1647351040630{padding-top: 0px !important;background-color: #ffffff !important;}&#8221;][vc_single_image image=&#8221;8188&#8243; img_size=&#8221;full&#8221; onclick=&#8221;custom_link&#8221; img_link_target=&#8221;_blank&#8221; el_class=&#8221;cta-img&#8221; link=&#8221;mailto:carl@mapeplastics.se&#8221;][vc_custom_heading text=&#8221;HALUATKO TIET\u00c4\u00c4 LIS\u00c4\u00c4?&#8221; font_container=&#8221;tag:h3|text_align:left&#8221; use_theme_fonts=&#8221;yes&#8221; el_class=&#8221;rubrik-mape&#8221; css=&#8221;.vc_custom_1759820035959{padding-left: 15px !important;}&#8221; link=&#8221;url:mailto%3Acarl%40mapeplastics.se&#8221;][vc_column_text el_class=&#8221;under-rubrik-mape&#8221; css=&#8221;.vc_custom_1759820185107{padding-left: 15px !important;}&#8221;]<a href=\"mailto:carl@mapeplastics.se\">OTA YHTEYT\u00c4\u00c4 CARL<\/a>[\/vc_column_text][vc_empty_space height=&#8221;30px&#8221;][\/vc_column_inner][\/vc_row_inner][\/vc_column][\/vc_row]<\/p>\n<\/section>","protected":false},"excerpt":{"rendered":"<p>[vc_row fullwidth=&#8221;1&#8243;][vc_column][ucaddon_ag_sub_hero ag_sh_text_small=&#8221;MEID\u00c4N KUMPPANIMME&#8221; ag_sh_text=&#8221;FORMOSA PLASTICS&#8221; ag_sub_hero_par=&#8221;Rm9ybW9zYSUyMFBsYXN0aWNzJTIwdGFyam9hYSUyMGxhYWphbiUyMHZhbGlrb2ltYW4lMjBrb3JrZWFsYWF0dWlzaWElMjB0ZW9sbGlzdXVzdHVvdHRlaXRhJTIwdHVvdGVtZXJra2llbiUyMEZPUk1PQ09OJUMyJUFFJTIwJTI4UE9NJTI5JTIwamElMjBUQUlSSVJFWCVDMiVBRSUyMCUyOFBTJTI5JTIwYWxsYS4=&#8221; ag_sh_tag=&#8221;h1&#8243;][\/vc_column][\/vc_row][vc_row css_animation=&#8221;none&#8221; css=&#8221;.vc_custom_1663093872195{padding-top: 40px !important;padding-bottom: 40px !important;}&#8221;][vc_column css_animation=&#8221;fadeIn&#8221; width=&#8221;1\/2&#8243; el_class=&#8221;standard-padding&#8221;][vc_empty_space height=&#8221;120px&#8221;][ucaddon_ag_title ag_title_slim=&#8221;UGVydXN0ZXR0dSUyMDE5Nzg=&#8221; ag_title_bold=&#8221;Rk9STU9TQSUyMFBMQVNUSUNT&#8221; ag_title_font_size=&#8221;45&#8243; ag_title_align=&#8221;left&#8221; ag_titel_border=&#8221;&#8221;][vc_column_text css=&#8221;.vc_custom_1759819600036{padding-bottom: 2rem !important;}&#8221;] Formosa Plastics perustettiin vuonna 1978, ja se on muoviteollisuuden kasvava toimittaja. Se tarjoaa laajan valikoiman erilaisia materiaaleja ja muita petrokemian tuotteita, jotka tarjoavat asiakkaiden vaatimaa vakautta, suorituskyky\u00e4 ja laatua. [&hellip;]<\/p>\n","protected":false},"author":29,"featured_media":0,"parent":796,"menu_order":0,"comment_status":"closed","ping_status":"closed","template":"page-visual-composer.php","meta":{"_mi_skip_tracking":false},"acf":[],"yoast_head":"<!-- This site is optimized with the Yoast SEO plugin v20.7 - https:\/\/yoast.com\/wordpress\/plugins\/seo\/ -->\n<title>FORMOSA PLASTICS - Mape Plastics<\/title>\n<meta name=\"robots\" content=\"index, follow, max-snippet:-1, max-image-preview:large, max-video-preview:-1\" \/>\n<link rel=\"canonical\" href=\"https:\/\/mapeplastics.se\/fi\/yhteistyokumppanit\/formosa-plastics\/\" \/>\n<meta property=\"og:locale\" content=\"fi_FI\" \/>\n<meta property=\"og:type\" content=\"article\" \/>\n<meta property=\"og:title\" content=\"FORMOSA PLASTICS - Mape Plastics\" \/>\n<meta property=\"og:description\" content=\"[vc_row fullwidth=&#8221;1&#8243;][vc_column][ucaddon_ag_sub_hero ag_sh_text_small=&#8221;MEID\u00c4N KUMPPANIMME&#8221; ag_sh_text=&#8221;FORMOSA PLASTICS&#8221; ag_sub_hero_par=&#8221;Rm9ybW9zYSUyMFBsYXN0aWNzJTIwdGFyam9hYSUyMGxhYWphbiUyMHZhbGlrb2ltYW4lMjBrb3JrZWFsYWF0dWlzaWElMjB0ZW9sbGlzdXVzdHVvdHRlaXRhJTIwdHVvdGVtZXJra2llbiUyMEZPUk1PQ09OJUMyJUFFJTIwJTI4UE9NJTI5JTIwamElMjBUQUlSSVJFWCVDMiVBRSUyMCUyOFBTJTI5JTIwYWxsYS4=&#8221; ag_sh_tag=&#8221;h1&#8243;][\/vc_column][\/vc_row][vc_row css_animation=&#8221;none&#8221; css=&#8221;.vc_custom_1663093872195{padding-top: 40px !important;padding-bottom: 40px !important;}&#8221;][vc_column css_animation=&#8221;fadeIn&#8221; width=&#8221;1\/2&#8243; el_class=&#8221;standard-padding&#8221;][vc_empty_space height=&#8221;120px&#8221;][ucaddon_ag_title ag_title_slim=&#8221;UGVydXN0ZXR0dSUyMDE5Nzg=&#8221; ag_title_bold=&#8221;Rk9STU9TQSUyMFBMQVNUSUNT&#8221; ag_title_font_size=&#8221;45&#8243; ag_title_align=&#8221;left&#8221; ag_titel_border=&#8221;&#8221;][vc_column_text css=&#8221;.vc_custom_1759819600036{padding-bottom: 2rem !important;}&#8221;] Formosa Plastics perustettiin vuonna 1978, ja se on muoviteollisuuden kasvava toimittaja. Se tarjoaa laajan valikoiman erilaisia materiaaleja ja muita petrokemian tuotteita, jotka tarjoavat asiakkaiden vaatimaa vakautta, suorituskyky\u00e4 ja laatua. [&hellip;]\" \/>\n<meta property=\"og:url\" content=\"https:\/\/mapeplastics.se\/fi\/yhteistyokumppanit\/formosa-plastics\/\" \/>\n<meta property=\"og:site_name\" content=\"Mape Plastics\" \/>\n<meta property=\"article:modified_time\" content=\"2025-10-07T13:41:11+00:00\" \/>\n<meta name=\"twitter:card\" content=\"summary_large_image\" \/>\n<meta name=\"twitter:label1\" content=\"Arvioitu lukuaika\" \/>\n\t<meta name=\"twitter:data1\" content=\"2 minuuttia\" \/>\n<script type=\"application\/ld+json\" class=\"yoast-schema-graph\">{\"@context\":\"https:\/\/schema.org\",\"@graph\":[{\"@type\":\"WebPage\",\"@id\":\"https:\/\/mapeplastics.se\/fi\/yhteistyokumppanit\/formosa-plastics\/\",\"url\":\"https:\/\/mapeplastics.se\/fi\/yhteistyokumppanit\/formosa-plastics\/\",\"name\":\"FORMOSA PLASTICS - Mape Plastics\",\"isPartOf\":{\"@id\":\"https:\/\/mapeplastics.se\/fi\/#website\"},\"datePublished\":\"2025-10-06T07:28:18+00:00\",\"dateModified\":\"2025-10-07T13:41:11+00:00\",\"breadcrumb\":{\"@id\":\"https:\/\/mapeplastics.se\/fi\/yhteistyokumppanit\/formosa-plastics\/#breadcrumb\"},\"inLanguage\":\"fi\",\"potentialAction\":[{\"@type\":\"ReadAction\",\"target\":[\"https:\/\/mapeplastics.se\/fi\/yhteistyokumppanit\/formosa-plastics\/\"]}]},{\"@type\":\"BreadcrumbList\",\"@id\":\"https:\/\/mapeplastics.se\/fi\/yhteistyokumppanit\/formosa-plastics\/#breadcrumb\",\"itemListElement\":[{\"@type\":\"ListItem\",\"position\":1,\"name\":\"Hem\",\"item\":\"https:\/\/mapeplastics.se\/fi\/\"},{\"@type\":\"ListItem\",\"position\":2,\"name\":\"YHTEISTY\u00d6KUMPPANIMME\",\"item\":\"https:\/\/mapeplastics.se\/fi\/yhteistyokumppanit\/\"},{\"@type\":\"ListItem\",\"position\":3,\"name\":\"FORMOSA PLASTICS\"}]},{\"@type\":\"WebSite\",\"@id\":\"https:\/\/mapeplastics.se\/fi\/#website\",\"url\":\"https:\/\/mapeplastics.se\/fi\/\",\"name\":\"Mape Plastics\",\"description\":\"\",\"potentialAction\":[{\"@type\":\"SearchAction\",\"target\":{\"@type\":\"EntryPoint\",\"urlTemplate\":\"https:\/\/mapeplastics.se\/fi\/?s={search_term_string}\"},\"query-input\":\"required name=search_term_string\"}],\"inLanguage\":\"fi\"}]}<\/script>\n<!-- \/ Yoast SEO plugin. -->","yoast_head_json":{"title":"FORMOSA PLASTICS - Mape Plastics","robots":{"index":"index","follow":"follow","max-snippet":"max-snippet:-1","max-image-preview":"max-image-preview:large","max-video-preview":"max-video-preview:-1"},"canonical":"https:\/\/mapeplastics.se\/fi\/yhteistyokumppanit\/formosa-plastics\/","og_locale":"fi_FI","og_type":"article","og_title":"FORMOSA PLASTICS - Mape Plastics","og_description":"[vc_row fullwidth=&#8221;1&#8243;][vc_column][ucaddon_ag_sub_hero ag_sh_text_small=&#8221;MEID\u00c4N KUMPPANIMME&#8221; ag_sh_text=&#8221;FORMOSA PLASTICS&#8221; ag_sub_hero_par=&#8221;Rm9ybW9zYSUyMFBsYXN0aWNzJTIwdGFyam9hYSUyMGxhYWphbiUyMHZhbGlrb2ltYW4lMjBrb3JrZWFsYWF0dWlzaWElMjB0ZW9sbGlzdXVzdHVvdHRlaXRhJTIwdHVvdGVtZXJra2llbiUyMEZPUk1PQ09OJUMyJUFFJTIwJTI4UE9NJTI5JTIwamElMjBUQUlSSVJFWCVDMiVBRSUyMCUyOFBTJTI5JTIwYWxsYS4=&#8221; ag_sh_tag=&#8221;h1&#8243;][\/vc_column][\/vc_row][vc_row css_animation=&#8221;none&#8221; css=&#8221;.vc_custom_1663093872195{padding-top: 40px !important;padding-bottom: 40px !important;}&#8221;][vc_column css_animation=&#8221;fadeIn&#8221; width=&#8221;1\/2&#8243; el_class=&#8221;standard-padding&#8221;][vc_empty_space height=&#8221;120px&#8221;][ucaddon_ag_title ag_title_slim=&#8221;UGVydXN0ZXR0dSUyMDE5Nzg=&#8221; ag_title_bold=&#8221;Rk9STU9TQSUyMFBMQVNUSUNT&#8221; ag_title_font_size=&#8221;45&#8243; ag_title_align=&#8221;left&#8221; ag_titel_border=&#8221;&#8221;][vc_column_text css=&#8221;.vc_custom_1759819600036{padding-bottom: 2rem !important;}&#8221;] Formosa Plastics perustettiin vuonna 1978, ja se on muoviteollisuuden kasvava toimittaja. Se tarjoaa laajan valikoiman erilaisia materiaaleja ja muita petrokemian tuotteita, jotka tarjoavat asiakkaiden vaatimaa vakautta, suorituskyky\u00e4 ja laatua. [&hellip;]","og_url":"https:\/\/mapeplastics.se\/fi\/yhteistyokumppanit\/formosa-plastics\/","og_site_name":"Mape Plastics","article_modified_time":"2025-10-07T13:41:11+00:00","twitter_card":"summary_large_image","twitter_misc":{"Arvioitu lukuaika":"2 minuuttia"},"schema":{"@context":"https:\/\/schema.org","@graph":[{"@type":"WebPage","@id":"https:\/\/mapeplastics.se\/fi\/yhteistyokumppanit\/formosa-plastics\/","url":"https:\/\/mapeplastics.se\/fi\/yhteistyokumppanit\/formosa-plastics\/","name":"FORMOSA PLASTICS - Mape Plastics","isPartOf":{"@id":"https:\/\/mapeplastics.se\/fi\/#website"},"datePublished":"2025-10-06T07:28:18+00:00","dateModified":"2025-10-07T13:41:11+00:00","breadcrumb":{"@id":"https:\/\/mapeplastics.se\/fi\/yhteistyokumppanit\/formosa-plastics\/#breadcrumb"},"inLanguage":"fi","potentialAction":[{"@type":"ReadAction","target":["https:\/\/mapeplastics.se\/fi\/yhteistyokumppanit\/formosa-plastics\/"]}]},{"@type":"BreadcrumbList","@id":"https:\/\/mapeplastics.se\/fi\/yhteistyokumppanit\/formosa-plastics\/#breadcrumb","itemListElement":[{"@type":"ListItem","position":1,"name":"Hem","item":"https:\/\/mapeplastics.se\/fi\/"},{"@type":"ListItem","position":2,"name":"YHTEISTY\u00d6KUMPPANIMME","item":"https:\/\/mapeplastics.se\/fi\/yhteistyokumppanit\/"},{"@type":"ListItem","position":3,"name":"FORMOSA PLASTICS"}]},{"@type":"WebSite","@id":"https:\/\/mapeplastics.se\/fi\/#website","url":"https:\/\/mapeplastics.se\/fi\/","name":"Mape Plastics","description":"","potentialAction":[{"@type":"SearchAction","target":{"@type":"EntryPoint","urlTemplate":"https:\/\/mapeplastics.se\/fi\/?s={search_term_string}"},"query-input":"required name=search_term_string"}],"inLanguage":"fi"}]}},"_links":{"self":[{"href":"https:\/\/mapeplastics.se\/fi\/wp-json\/wp\/v2\/pages\/8531"}],"collection":[{"href":"https:\/\/mapeplastics.se\/fi\/wp-json\/wp\/v2\/pages"}],"about":[{"href":"https:\/\/mapeplastics.se\/fi\/wp-json\/wp\/v2\/types\/page"}],"author":[{"embeddable":true,"href":"https:\/\/mapeplastics.se\/fi\/wp-json\/wp\/v2\/users\/29"}],"replies":[{"embeddable":true,"href":"https:\/\/mapeplastics.se\/fi\/wp-json\/wp\/v2\/comments?post=8531"}],"version-history":[{"count":6,"href":"https:\/\/mapeplastics.se\/fi\/wp-json\/wp\/v2\/pages\/8531\/revisions"}],"predecessor-version":[{"id":8625,"href":"https:\/\/mapeplastics.se\/fi\/wp-json\/wp\/v2\/pages\/8531\/revisions\/8625"}],"up":[{"embeddable":true,"href":"https:\/\/mapeplastics.se\/fi\/wp-json\/wp\/v2\/pages\/796"}],"wp:attachment":[{"href":"https:\/\/mapeplastics.se\/fi\/wp-json\/wp\/v2\/media?parent=8531"}],"curies":[{"name":"wp","href":"https:\/\/api.w.org\/{rel}","templated":true}]}}