{"id":8859,"date":"2025-10-17T10:18:45","date_gmt":"2025-10-17T08:18:45","guid":{"rendered":"https:\/\/mapeplastics.se\/amboflour\/"},"modified":"2026-02-20T09:38:14","modified_gmt":"2026-02-20T08:38:14","slug":"ambofluor","status":"publish","type":"page","link":"https:\/\/mapeplastics.se\/fi\/ambofluor\/","title":{"rendered":"AMBOFLUOR"},"content":{"rendered":"<section class=\"wpb-content-wrapper\"><p>[vc_row fullwidth=&#8221;1&#8243;][vc_column][ucaddon_ag_sub_hero ag_sh_text_small=&#8221;MEID\u00c4N KUMPPANIMME&#8221; ag_sh_text=&#8221;AMBOFLUOR&#8221; ag_sub_hero_par=&#8221;U2Frc2FsYWluZW4lMjB0b2ltaXR0YWphJTIwQW1ib2ZsdW9yJTIwb24lMjBqb2h0YXZhJTIwZmx1b3JlbGFzdGllbiUyMGFzaWFudHVudGlqYS4lMjBTZW4lMjB0dW90ZW1lcmtraSUyMGFtYm9mbG9uJUMyJUFFJTIwdGFyam9hYSUyMGxhYWphbiUyMHZhbGlrb2ltYW4lMjBQVkRGLSUyQyUyMEVURkUtJTJDJTIwRkVQLSUyMGphJTIwUEZBLW1hdGVyaWFhbGVqYS4=&#8221; ag_sh_tag=&#8221;h1&#8243;][\/vc_column][\/vc_row][vc_row css_animation=&#8221;none&#8221; css=&#8221;.vc_custom_1663093872195{padding-top: 40px !important;padding-bottom: 40px !important;}&#8221;][vc_column css_animation=&#8221;fadeIn&#8221; width=&#8221;1\/2&#8243; el_class=&#8221;standard-padding&#8221;][vc_empty_space height=&#8221;120px&#8221;][ucaddon_ag_title ag_title_slim=&#8221;QU1CT0ZMVU9S&#8221; ag_title_bold=&#8221;Rmx1b3JvcG9seW1lZXJpZW4lMjBhc2lhbnR1bnRpamE=&#8221; ag_title_font_size=&#8221;45&#8243; ag_title_align=&#8221;left&#8221; ag_titel_border=&#8221;&#8221;][vc_column_text css=&#8221;.vc_custom_1760945708278{padding-bottom: 2rem !important;}&#8221;]Saksassa toimiva yhteisty\u00f6kumppanimme Ambofluor on johtava fluorelastien asiantuntija, jolla on yli kymmenen vuoden kokemus alalta. Yritys on toimittanut yli 6 000 tonnia korkealaatuisia materiaaleja asiakkaille ymp\u00e4ri maailmaa.<\/p>\n<p>Ambofluor on tunnettu luotettavuudestaan, tuotteidensa laadusta ja teknisest\u00e4 osaamisestaan, ja se palvelee muun muassa auto-, kemian-, elektroniikka-, l\u00e4\u00e4ke- ja elintarviketeollisuutta.<\/p>\n<p>REACH-rekister\u00f6ityn\u00e4 yrityksen\u00e4 Ambofluor varmistaa korkeimmat turvallisuus- ja ymp\u00e4rist\u00f6standardit. Kaikki tuotteet t\u00e4ytt\u00e4v\u00e4t EU:n vaatimukset ja niill\u00e4 on tarvittavat sertifikaatit.[\/vc_column_text][\/vc_column][vc_column css_animation=&#8221;fadeIn&#8221; width=&#8221;1\/2&#8243;][ucaddon_ag_overlay_block ag_overlay_image=&#8221;8793&#8243; ag_overlay_image_font=&#8221;8782&#8243;][\/vc_column][\/vc_row][vc_row css_animation=&#8221;fadeIn&#8221; css=&#8221;.vc_custom_1663093992409{margin-top: 60px !important;margin-bottom: 80px !important;}&#8221;][vc_column width=&#8221;1\/2&#8243; el_class=&#8221;text-col&#8221;][ucaddon_ag_overlay_block ag_overlay_image=&#8221;8799&#8243; ag_overlay_image_font=&#8221;8787&#8243;][\/vc_column][vc_column width=&#8221;1\/2&#8243; el_class=&#8221;desktop-padding&#8221;][ucaddon_ag_title ag_title_slim=&#8221;VHVvdGVtZXJra2k=&#8221; ag_title_bold=&#8221;YW1ib2Zsb24lQzIlQUU=&#8221; ag_title_font_size=&#8221;45&#8243; ag_title_align=&#8221;left&#8221; ag_titel_border=&#8221;&#8221; uc_init_settings=&#8221;&#8221;][vc_column_text css=&#8221;.vc_custom_1771576690916{padding-bottom: 2rem !important;}&#8221;]<\/p>\n<p data-start=\"2875\" data-end=\"3480\">amboflon\u00ae-tuotemerkin alla Ambofluor tarjoaa laajan valikoiman neitseellisi\u00e4 ja kierr\u00e4tettyj\u00e4 fluoropolymeerej\u00e4, jotka ovat t\u00e4ysin REACH-vaatimusten mukaisia. N\u00e4m\u00e4 korkean suorituskyvyn materiaalit on suunniteltu vaativiin olosuhteisiin, joissa on korkeat l\u00e4mp\u00f6tilat, kemiallista rasitusta ja UV-s\u00e4teily\u00e4.<\/p>\n<p data-start=\"2875\" data-end=\"3480\">Niiden tarttumattomat ominaisuudet, alhainen l\u00e4p\u00e4isevyys ja palonkest\u00e4vyys tekev\u00e4t amboflon\u00ae-materiaaleista luotettavan valinnan moniin eri k\u00e4ytt\u00f6kohteisiin.<\/p>\n<p data-start=\"2875\" data-end=\"3480\">Tuotevalikoimaan kuuluu PVDF, ETFE, FEP ja PFA, joita voidaan k\u00e4ytt\u00e4\u00e4 sek\u00e4 ekstruusiossa ett\u00e4 ruiskuvalussa. Materiaalit ovat saatavilla sek\u00e4 neitseellisin\u00e4 ett\u00e4 kierr\u00e4tettyin\u00e4 versioina, my\u00f6s asiakaskohtaisilla v\u00e4reill\u00e4.<\/p>\n<p>[\/vc_column_text][\/vc_column][\/vc_row][vc_row css=&#8221;.vc_custom_1647351943677{padding-top: 50px !important;padding-bottom: 60px !important;background-color: #f9f9f9 !important;}&#8221;][vc_column][ucaddon_ag_title ag_title_slim=&#8221;QU1CT0ZMVU9S&#8221; ag_title_bold=&#8221;VHV0dXN0dSUyMGxpcyVDMyVBNCVDMyVBNA==&#8221; ag_title_font_size=&#8221;45&#8243; ag_title_align=&#8221;center&#8221; ag_titel_border=&#8221;&#8221;][vc_empty_space height=&#8221;30px&#8221;][vc_row_inner gap=&#8221;30&#8243; el_class=&#8221;usp-row&#8221;][vc_column_inner el_class=&#8221;cta-col&#8221; width=&#8221;1\/3&#8243; css=&#8221;.vc_custom_1647427402135{padding-top: 0px !important;background-color: #ffffff !important;}&#8221;][vc_single_image image=&#8221;8818&#8243; img_size=&#8221;full&#8221; onclick=&#8221;custom_link&#8221; img_link_target=&#8221;_blank&#8221; el_class=&#8221;cta-img&#8221; link=&#8221;https:\/\/www.ambofluor.de&#8221;][vc_custom_heading text=&#8221;AMBOFLUOR WEBSITE&#8221; font_container=&#8221;tag:h3|text_align:left&#8221; use_theme_fonts=&#8221;yes&#8221; el_class=&#8221;rubrik-mape&#8221; css=&#8221;.vc_custom_1768549784121{padding-left: 15px !important;}&#8221; link=&#8221;url:https%3A%2F%2Fwww.ambofluor.de|target:_blank&#8221;][vc_column_text el_class=&#8221;under-rubrik-mape&#8221; css=&#8221;.vc_custom_1768549779141{padding-left: 15px !important;}&#8221;]<a href=\"https:\/\/www.ambofluor.de\" target=\"_blank\" rel=\"noopener\">Vieraile ambofluor.de<\/a>[\/vc_column_text][vc_empty_space height=&#8221;30px&#8221;][\/vc_column_inner][vc_column_inner el_class=&#8221;cta-col&#8221; width=&#8221;1\/3&#8243; css=&#8221;.vc_custom_1647352243868{padding-top: 0px !important;background-color: #ffffff !important;}&#8221;][vc_single_image image=&#8221;8823&#8243; img_size=&#8221;full&#8221; onclick=&#8221;custom_link&#8221; img_link_target=&#8221;_blank&#8221; el_class=&#8221;cta-img&#8221; link=&#8221;https:\/\/www.ambofluor.de\/produkte\/pvdf\/&#8221;][vc_custom_heading text=&#8221;AMBOFLON\u00ae PVDF&#8221; font_container=&#8221;tag:h3|text_align:left&#8221; use_theme_fonts=&#8221;yes&#8221; el_class=&#8221;rubrik-mape&#8221; css=&#8221;.vc_custom_1760688578925{padding-left: 15px !important;}&#8221; link=&#8221;url:https%3A%2F%2Fwww.ambofluor.de%2Fprodukte%2Fpvdf%2F|target:_blank&#8221;][vc_column_text el_class=&#8221;under-rubrik-mape&#8221; css=&#8221;.vc_custom_1760945791833{padding-left: 15px !important;}&#8221;]<a href=\"https:\/\/www.ambofluor.de\/produkte\/pvdf\/\" target=\"_blank\" rel=\"noopener\">Tutustu lis\u00e4\u00e4<\/a>[\/vc_column_text][vc_empty_space height=&#8221;30px&#8221;][\/vc_column_inner][vc_column_inner el_class=&#8221;cta-col&#8221; width=&#8221;1\/3&#8243; css=&#8221;.vc_custom_1647351040630{padding-top: 0px !important;background-color: #ffffff !important;}&#8221;][vc_single_image image=&#8221;2061&#8243; img_size=&#8221;full&#8221; onclick=&#8221;custom_link&#8221; img_link_target=&#8221;_blank&#8221; el_class=&#8221;cta-img&#8221; link=&#8221;https:\/\/calendly.com\/mapeplastics\/lets-talk-plastics-per?month=2025-10&#8243;][vc_custom_heading text=&#8221;LET&#8217;S TALK PLASTICS&#8221; font_container=&#8221;tag:h3|text_align:left&#8221; use_theme_fonts=&#8221;yes&#8221; el_class=&#8221;rubrik-mape&#8221; css=&#8221;.vc_custom_1760689042818{padding-left: 15px !important;}&#8221; link=&#8221;url:https%3A%2F%2Fcalendly.com%2Fmapeplastics%2Flets-talk-plastics-per%3Fmonth%3D2025-10|target:_blank&#8221;][vc_column_text el_class=&#8221;under-rubrik-mape&#8221; css=&#8221;.vc_custom_1760945910646{padding-left: 15px !important;}&#8221;]<a href=\"https:\/\/calendly.com\/mapeplastics\/lets-talk-plastics-per?month=2025-10\" target=\"_blank\" rel=\"noopener\">Varaa tapaaminen<\/a>[\/vc_column_text][vc_empty_space height=&#8221;30px&#8221;][\/vc_column_inner][\/vc_row_inner][\/vc_column][\/vc_row]<\/p>\n<\/section>","protected":false},"excerpt":{"rendered":"<p>[vc_row fullwidth=&#8221;1&#8243;][vc_column][ucaddon_ag_sub_hero ag_sh_text_small=&#8221;MEID\u00c4N KUMPPANIMME&#8221; ag_sh_text=&#8221;AMBOFLUOR&#8221; ag_sub_hero_par=&#8221;U2Frc2FsYWluZW4lMjB0b2ltaXR0YWphJTIwQW1ib2ZsdW9yJTIwb24lMjBqb2h0YXZhJTIwZmx1b3JlbGFzdGllbiUyMGFzaWFudHVudGlqYS4lMjBTZW4lMjB0dW90ZW1lcmtraSUyMGFtYm9mbG9uJUMyJUFFJTIwdGFyam9hYSUyMGxhYWphbiUyMHZhbGlrb2ltYW4lMjBQVkRGLSUyQyUyMEVURkUtJTJDJTIwRkVQLSUyMGphJTIwUEZBLW1hdGVyaWFhbGVqYS4=&#8221; ag_sh_tag=&#8221;h1&#8243;][\/vc_column][\/vc_row][vc_row css_animation=&#8221;none&#8221; css=&#8221;.vc_custom_1663093872195{padding-top: 40px !important;padding-bottom: 40px !important;}&#8221;][vc_column css_animation=&#8221;fadeIn&#8221; width=&#8221;1\/2&#8243; el_class=&#8221;standard-padding&#8221;][vc_empty_space height=&#8221;120px&#8221;][ucaddon_ag_title ag_title_slim=&#8221;QU1CT0ZMVU9S&#8221; ag_title_bold=&#8221;Rmx1b3JvcG9seW1lZXJpZW4lMjBhc2lhbnR1bnRpamE=&#8221; ag_title_font_size=&#8221;45&#8243; ag_title_align=&#8221;left&#8221; ag_titel_border=&#8221;&#8221;][vc_column_text css=&#8221;.vc_custom_1760945708278{padding-bottom: 2rem !important;}&#8221;]Saksassa toimiva yhteisty\u00f6kumppanimme Ambofluor on johtava fluorelastien asiantuntija, jolla on yli kymmenen vuoden kokemus alalta. Yritys on toimittanut yli 6 000 tonnia korkealaatuisia materiaaleja asiakkaille ymp\u00e4ri maailmaa. Ambofluor on tunnettu luotettavuudestaan, [&hellip;]<\/p>\n","protected":false},"author":29,"featured_media":8784,"parent":0,"menu_order":0,"comment_status":"closed","ping_status":"closed","template":"page-visual-composer.php","meta":{"_mi_skip_tracking":false},"acf":[],"yoast_head":"<!-- This site is optimized with the Yoast SEO plugin v20.7 - https:\/\/yoast.com\/wordpress\/plugins\/seo\/ -->\n<title>AMBOFLUOR - Mape Plastics<\/title>\n<meta name=\"robots\" content=\"index, follow, max-snippet:-1, max-image-preview:large, max-video-preview:-1\" \/>\n<link rel=\"canonical\" href=\"https:\/\/mapeplastics.se\/fi\/ambofluor\/\" \/>\n<meta property=\"og:locale\" content=\"fi_FI\" \/>\n<meta property=\"og:type\" content=\"article\" \/>\n<meta property=\"og:title\" content=\"AMBOFLUOR - Mape Plastics\" \/>\n<meta property=\"og:description\" content=\"[vc_row fullwidth=&#8221;1&#8243;][vc_column][ucaddon_ag_sub_hero ag_sh_text_small=&#8221;MEID\u00c4N KUMPPANIMME&#8221; ag_sh_text=&#8221;AMBOFLUOR&#8221; ag_sub_hero_par=&#8221;U2Frc2FsYWluZW4lMjB0b2ltaXR0YWphJTIwQW1ib2ZsdW9yJTIwb24lMjBqb2h0YXZhJTIwZmx1b3JlbGFzdGllbiUyMGFzaWFudHVudGlqYS4lMjBTZW4lMjB0dW90ZW1lcmtraSUyMGFtYm9mbG9uJUMyJUFFJTIwdGFyam9hYSUyMGxhYWphbiUyMHZhbGlrb2ltYW4lMjBQVkRGLSUyQyUyMEVURkUtJTJDJTIwRkVQLSUyMGphJTIwUEZBLW1hdGVyaWFhbGVqYS4=&#8221; ag_sh_tag=&#8221;h1&#8243;][\/vc_column][\/vc_row][vc_row css_animation=&#8221;none&#8221; css=&#8221;.vc_custom_1663093872195{padding-top: 40px !important;padding-bottom: 40px !important;}&#8221;][vc_column css_animation=&#8221;fadeIn&#8221; width=&#8221;1\/2&#8243; el_class=&#8221;standard-padding&#8221;][vc_empty_space height=&#8221;120px&#8221;][ucaddon_ag_title ag_title_slim=&#8221;QU1CT0ZMVU9S&#8221; ag_title_bold=&#8221;Rmx1b3JvcG9seW1lZXJpZW4lMjBhc2lhbnR1bnRpamE=&#8221; ag_title_font_size=&#8221;45&#8243; ag_title_align=&#8221;left&#8221; ag_titel_border=&#8221;&#8221;][vc_column_text css=&#8221;.vc_custom_1760945708278{padding-bottom: 2rem !important;}&#8221;]Saksassa toimiva yhteisty\u00f6kumppanimme Ambofluor on johtava fluorelastien asiantuntija, jolla on yli kymmenen vuoden kokemus alalta. Yritys on toimittanut yli 6 000 tonnia korkealaatuisia materiaaleja asiakkaille ymp\u00e4ri maailmaa. Ambofluor on tunnettu luotettavuudestaan, [&hellip;]\" \/>\n<meta property=\"og:url\" content=\"https:\/\/mapeplastics.se\/fi\/ambofluor\/\" \/>\n<meta property=\"og:site_name\" content=\"Mape Plastics\" \/>\n<meta property=\"article:modified_time\" content=\"2026-02-20T08:38:14+00:00\" \/>\n<meta property=\"og:image\" content=\"https:\/\/mapeplastics.se\/wp-content\/uploads\/2025\/10\/Ambofluor-Lgo-Webben-jpg.png\" \/>\n\t<meta property=\"og:image:width\" content=\"1866\" \/>\n\t<meta property=\"og:image:height\" content=\"1510\" \/>\n\t<meta property=\"og:image:type\" content=\"image\/png\" \/>\n<meta name=\"twitter:card\" content=\"summary_large_image\" \/>\n<meta name=\"twitter:label1\" content=\"Arvioitu lukuaika\" \/>\n\t<meta name=\"twitter:data1\" content=\"2 minuuttia\" \/>\n<script type=\"application\/ld+json\" class=\"yoast-schema-graph\">{\"@context\":\"https:\/\/schema.org\",\"@graph\":[{\"@type\":\"WebPage\",\"@id\":\"https:\/\/mapeplastics.se\/fi\/ambofluor\/\",\"url\":\"https:\/\/mapeplastics.se\/fi\/ambofluor\/\",\"name\":\"AMBOFLUOR - Mape Plastics\",\"isPartOf\":{\"@id\":\"https:\/\/mapeplastics.se\/fi\/#website\"},\"datePublished\":\"2025-10-17T08:18:45+00:00\",\"dateModified\":\"2026-02-20T08:38:14+00:00\",\"breadcrumb\":{\"@id\":\"https:\/\/mapeplastics.se\/fi\/ambofluor\/#breadcrumb\"},\"inLanguage\":\"fi\",\"potentialAction\":[{\"@type\":\"ReadAction\",\"target\":[\"https:\/\/mapeplastics.se\/fi\/ambofluor\/\"]}]},{\"@type\":\"BreadcrumbList\",\"@id\":\"https:\/\/mapeplastics.se\/fi\/ambofluor\/#breadcrumb\",\"itemListElement\":[{\"@type\":\"ListItem\",\"position\":1,\"name\":\"Hem\",\"item\":\"https:\/\/mapeplastics.se\/fi\/\"},{\"@type\":\"ListItem\",\"position\":2,\"name\":\"AMBOFLUOR\"}]},{\"@type\":\"WebSite\",\"@id\":\"https:\/\/mapeplastics.se\/fi\/#website\",\"url\":\"https:\/\/mapeplastics.se\/fi\/\",\"name\":\"Mape Plastics\",\"description\":\"\",\"potentialAction\":[{\"@type\":\"SearchAction\",\"target\":{\"@type\":\"EntryPoint\",\"urlTemplate\":\"https:\/\/mapeplastics.se\/fi\/?s={search_term_string}\"},\"query-input\":\"required name=search_term_string\"}],\"inLanguage\":\"fi\"}]}<\/script>\n<!-- \/ Yoast SEO plugin. -->","yoast_head_json":{"title":"AMBOFLUOR - Mape Plastics","robots":{"index":"index","follow":"follow","max-snippet":"max-snippet:-1","max-image-preview":"max-image-preview:large","max-video-preview":"max-video-preview:-1"},"canonical":"https:\/\/mapeplastics.se\/fi\/ambofluor\/","og_locale":"fi_FI","og_type":"article","og_title":"AMBOFLUOR - Mape Plastics","og_description":"[vc_row fullwidth=&#8221;1&#8243;][vc_column][ucaddon_ag_sub_hero ag_sh_text_small=&#8221;MEID\u00c4N KUMPPANIMME&#8221; ag_sh_text=&#8221;AMBOFLUOR&#8221; ag_sub_hero_par=&#8221;U2Frc2FsYWluZW4lMjB0b2ltaXR0YWphJTIwQW1ib2ZsdW9yJTIwb24lMjBqb2h0YXZhJTIwZmx1b3JlbGFzdGllbiUyMGFzaWFudHVudGlqYS4lMjBTZW4lMjB0dW90ZW1lcmtraSUyMGFtYm9mbG9uJUMyJUFFJTIwdGFyam9hYSUyMGxhYWphbiUyMHZhbGlrb2ltYW4lMjBQVkRGLSUyQyUyMEVURkUtJTJDJTIwRkVQLSUyMGphJTIwUEZBLW1hdGVyaWFhbGVqYS4=&#8221; ag_sh_tag=&#8221;h1&#8243;][\/vc_column][\/vc_row][vc_row css_animation=&#8221;none&#8221; css=&#8221;.vc_custom_1663093872195{padding-top: 40px !important;padding-bottom: 40px !important;}&#8221;][vc_column css_animation=&#8221;fadeIn&#8221; width=&#8221;1\/2&#8243; el_class=&#8221;standard-padding&#8221;][vc_empty_space height=&#8221;120px&#8221;][ucaddon_ag_title ag_title_slim=&#8221;QU1CT0ZMVU9S&#8221; ag_title_bold=&#8221;Rmx1b3JvcG9seW1lZXJpZW4lMjBhc2lhbnR1bnRpamE=&#8221; ag_title_font_size=&#8221;45&#8243; ag_title_align=&#8221;left&#8221; ag_titel_border=&#8221;&#8221;][vc_column_text css=&#8221;.vc_custom_1760945708278{padding-bottom: 2rem !important;}&#8221;]Saksassa toimiva yhteisty\u00f6kumppanimme Ambofluor on johtava fluorelastien asiantuntija, jolla on yli kymmenen vuoden kokemus alalta. Yritys on toimittanut yli 6 000 tonnia korkealaatuisia materiaaleja asiakkaille ymp\u00e4ri maailmaa. Ambofluor on tunnettu luotettavuudestaan, [&hellip;]","og_url":"https:\/\/mapeplastics.se\/fi\/ambofluor\/","og_site_name":"Mape Plastics","article_modified_time":"2026-02-20T08:38:14+00:00","og_image":[{"width":1866,"height":1510,"url":"https:\/\/mapeplastics.se\/wp-content\/uploads\/2025\/10\/Ambofluor-Lgo-Webben-jpg.png","type":"image\/png"}],"twitter_card":"summary_large_image","twitter_misc":{"Arvioitu lukuaika":"2 minuuttia"},"schema":{"@context":"https:\/\/schema.org","@graph":[{"@type":"WebPage","@id":"https:\/\/mapeplastics.se\/fi\/ambofluor\/","url":"https:\/\/mapeplastics.se\/fi\/ambofluor\/","name":"AMBOFLUOR - Mape Plastics","isPartOf":{"@id":"https:\/\/mapeplastics.se\/fi\/#website"},"datePublished":"2025-10-17T08:18:45+00:00","dateModified":"2026-02-20T08:38:14+00:00","breadcrumb":{"@id":"https:\/\/mapeplastics.se\/fi\/ambofluor\/#breadcrumb"},"inLanguage":"fi","potentialAction":[{"@type":"ReadAction","target":["https:\/\/mapeplastics.se\/fi\/ambofluor\/"]}]},{"@type":"BreadcrumbList","@id":"https:\/\/mapeplastics.se\/fi\/ambofluor\/#breadcrumb","itemListElement":[{"@type":"ListItem","position":1,"name":"Hem","item":"https:\/\/mapeplastics.se\/fi\/"},{"@type":"ListItem","position":2,"name":"AMBOFLUOR"}]},{"@type":"WebSite","@id":"https:\/\/mapeplastics.se\/fi\/#website","url":"https:\/\/mapeplastics.se\/fi\/","name":"Mape Plastics","description":"","potentialAction":[{"@type":"SearchAction","target":{"@type":"EntryPoint","urlTemplate":"https:\/\/mapeplastics.se\/fi\/?s={search_term_string}"},"query-input":"required name=search_term_string"}],"inLanguage":"fi"}]}},"_links":{"self":[{"href":"https:\/\/mapeplastics.se\/fi\/wp-json\/wp\/v2\/pages\/8859"}],"collection":[{"href":"https:\/\/mapeplastics.se\/fi\/wp-json\/wp\/v2\/pages"}],"about":[{"href":"https:\/\/mapeplastics.se\/fi\/wp-json\/wp\/v2\/types\/page"}],"author":[{"embeddable":true,"href":"https:\/\/mapeplastics.se\/fi\/wp-json\/wp\/v2\/users\/29"}],"replies":[{"embeddable":true,"href":"https:\/\/mapeplastics.se\/fi\/wp-json\/wp\/v2\/comments?post=8859"}],"version-history":[{"count":5,"href":"https:\/\/mapeplastics.se\/fi\/wp-json\/wp\/v2\/pages\/8859\/revisions"}],"predecessor-version":[{"id":9520,"href":"https:\/\/mapeplastics.se\/fi\/wp-json\/wp\/v2\/pages\/8859\/revisions\/9520"}],"wp:featuredmedia":[{"embeddable":true,"href":"https:\/\/mapeplastics.se\/fi\/wp-json\/wp\/v2\/media\/8784"}],"wp:attachment":[{"href":"https:\/\/mapeplastics.se\/fi\/wp-json\/wp\/v2\/media?parent=8859"}],"curies":[{"name":"wp","href":"https:\/\/api.w.org\/{rel}","templated":true}]}}