{"id":3581,"date":"2023-03-05T19:32:10","date_gmt":"2023-03-05T18:32:10","guid":{"rendered":"https:\/\/mapeplastics.se\/materialer\/polyamide-6-6-pa-6-6\/"},"modified":"2026-02-25T11:09:32","modified_gmt":"2026-02-25T10:09:32","slug":"polyamide-6-6-pa-6-6","status":"publish","type":"page","link":"https:\/\/mapeplastics.se\/no\/materialer\/polyamide-6-6-pa-6-6\/","title":{"rendered":"Polyamid 6.6 (PA 6.6)"},"content":{"rendered":"<section class=\"wpb-content-wrapper\"><p>[vc_row fullwidth=&raquo;1&#8243;][vc_column][ucaddon_ag_sub_hero ag_sh_text_small=&raquo;Our materials&raquo; ag_sh_text=&raquo;Polyamid 6.6 (PA 6.6)&raquo; ag_sub_hero_par=&raquo;UG9seWFtaWQlMjAlMjhQQSUyOSUyMDYuNiUyMGVyJTIwZW4lMjBhdiUyMGRlJTIwdmFubGlnc3RlJTIwc3RydWt0dXJlbGxlJTIwcGxhc3RlbmUuJTIwRGV0JTIwZXIlMjB0aWwlMjBlbiUyMHJlbGF0aXZ0JTIwbGF2JTIwcHJpcyUyQyUyMGxldHQlMjAlQzMlQTUlMjBiZWhhbmRsZSUyQyUyMGglQzMlQjh5JTIwc2xhZ2Zhc3RoZXQlMjBvZyUyMGglQzMlQjh5JTIwdGVybWlzayUyMG1vdHN0YW5kLg==&raquo; ag_sh_img=&raquo;2446&#8243; ag_sh_tag=&raquo;h1&#8243;][\/vc_column][\/vc_row][vc_row content_placement=&raquo;middle&raquo; css=&raquo;.vc_custom_1659975571769{padding-top: 8rem !important;padding-bottom: 6rem !important;}&raquo;][vc_column width=&raquo;1\/2&#8243; css=&raquo;.vc_custom_1659975043893{padding-left: 1rem !important;}&raquo; el_class=&raquo;standard-padding&raquo;][ucaddon_ag_title ag_title_bold=&raquo;UEE2NiUyMEVnZW5za2FwZXI=&raquo; ag_title_font_size=&raquo;52&#8243; ag_title_align=&raquo;left&raquo; ag_titel_border=&raquo;&raquo; ag_title_tag=&raquo;h2&#8243;][vc_column_text css=&raquo;.vc_custom_1679256202648{padding-bottom: 2rem !important;}&raquo;]<\/p>\n<ul id=\"material\">\n<li>Halvkrystallinsk struktur med en Tg p\u00e5 50 C og en smeltetemperatur p\u00e5 225 C<\/li>\n<li>Enkel \u00e5 behandle<\/li>\n<li>H\u00f8y slagfasthet<\/li>\n<li>Gode mekaniske egenskaper opp til 140-160 C<\/li>\n<li>Utmerket kjemisk motstandsdyktighet mot oljer, fett og de fleste l\u00f8semidler. Men begrenset motstand mot sterke syrer og alkalier<\/li>\n<li>H\u00f8y fuktighetsabsorpsjon<\/li>\n<\/ul>\n<p>[\/vc_column_text][vc_empty_space height=&raquo;20px&raquo;][ucaddon_ag_title ag_title_bold=&raquo;RFVSRVRIQU4lQzIlQUU=&raquo; ag_title_font_size=&raquo;52&#8243; ag_title_align=&raquo;left&raquo; ag_titel_border=&raquo;&raquo; ag_title_tag=&raquo;h2&#8243;][vc_column_text css=&raquo;.vc_custom_1684223533624{padding-bottom: 2rem !important;}&raquo;]V\u00e5r partner ENVALIOR produkt Durethan\u00ae tilbyr en allsidig portef\u00f8lje som spenner fra myke og t\u00f8ffe kvaliteter til ekstremt stive og stive kvaliteter. Vi kan tilby skreddersydde l\u00f8sninger for en lang rekke krav og bruksomr\u00e5der.<\/p>\n<p>Polyamider er delvis krystallinske termoplaster som tilbyr en ideell kombinasjon av egenskaper, spesielt for tekniske bruksomr\u00e5der.[\/vc_column_text][vc_btn title=&raquo;DURETHAN\u00ae&raquo; style=&raquo;flat&raquo; shape=&raquo;square&raquo; link=&raquo;url:https%3A%2F%2Flanxess-performance-materials.com%2Fen%2FProducts-and-Solutions%2FDurethan|title:Discover%20Durethan|target:_blank&raquo; el_class=&raquo;btn-primary&raquo;][vc_empty_space height=&raquo;20px&raquo;][ucaddon_ag_title ag_title_bold=&raquo;UEE2NiUyMFJFUExBQ0VNRU5U&raquo; ag_title_font_size=&raquo;52&#8243; ag_title_align=&raquo;left&raquo; ag_titel_border=&raquo;&raquo; ag_title_tag=&raquo;h2&#8243;][vc_column_text css=&raquo;.vc_custom_1680076627744{padding-bottom: 2rem !important;}&raquo;]<\/p>\n<p style=\"text-align: left;\">Globalt ser vi en tetthet i tilbudet av PA66 p\u00e5 grunn av anstrengt kapasitet hos ADN (Adiponitril) produsenter. I mange tilfeller kan du bruke PA6 i stedet, med flere fordeler. Les mer p\u00e5 landingssiden v\u00e5r om dette emnet.<\/p>\n<p>[\/vc_column_text][vc_btn title=&raquo;PA66 REPLACEMENT&raquo; style=&raquo;flat&raquo; shape=&raquo;square&raquo; link=&raquo;url:https%3A%2F%2Fmapeplastics.se%2Fpa66-replacement%2F|title:PA6%20vs%20PA66&#8243; el_class=&raquo;btn-primary&raquo;][\/vc_column][vc_column width=&raquo;1\/2&#8243; css=&raquo;.vc_custom_1599745364366{padding-right: 1rem !important;}&raquo;][vc_single_image image=&raquo;3402&#8243; img_size=&raquo;full&raquo;][vc_empty_space height=&raquo;20px&raquo;][vc_empty_space height=&raquo;20px&raquo;][vc_single_image image=&raquo;3391&#8243; img_size=&raquo;full&raquo; alignment=&raquo;center&raquo;][\/vc_column][\/vc_row][vc_row css=&raquo;.vc_custom_1692819208324{padding-bottom: 60px !important;}&raquo;][vc_column][ucaddon_ag_title ag_title_slim=&raquo;TWF0ZXJpYWxEYXRhYmFzZQ==&raquo; ag_title_bold=&raquo;UEE2NiUyMHByb2R1a3Rlcg==&raquo; ag_title_font_size=&raquo;40&#8243; ag_title_align=&raquo;center&raquo; ag_titel_border=&raquo;&raquo;]\r\n        <style>\r\n            .js-ul-prospector-iframe {\r\n                width: 1px;\r\n                min-width: 100%;\r\n            }\r\n        <\/style>\r\n        <iframe class=\"js-ul-prospector-iframe\" src=\"https:\/\/catalog.ulprospector.com\/xquery.aspx?I=75681&amp;QM=60:38&amp;FMT=HOV&amp;CULTURE=en&amp;PGSIZE=10\" frameborder=\"0\" allowfullscreen=\"false\" scrolling=\"yes\" loading=\"lazy\"><\/iframe>\r\n        <script>\r\n            jQuery(window).on(\"load\", function () {\r\n                if (!window.mapeChildUlProspectorIframeResizerInit) {\r\n                    console.log(\"Init UL Iframe Resizer\");\r\n                    iFrameResize({ log: false, scrolling: \"omit\" }, \".js-ul-prospector-iframe\");\r\n                    window.mapeChildUlProspectorIframeResizerInit = true;\r\n                }\r\n            });\r\n        <\/script>\r\n    [\/vc_column][\/vc_row][vc_row css_animation=&raquo;none&raquo; css=&raquo;.vc_custom_1659976162848{padding-top: 80px !important;padding-bottom: 0px !important;background-color: #f9f9f9 !important;}&raquo;][vc_column width=&raquo;7\/12&#8243; css=&raquo;.vc_custom_1647361588512{padding-right: 2rem !important;}&raquo;][ucaddon_ag_title ag_title_slim=&raquo;VmklMjBrYW4lMjBwbGFzdA==&raquo; ag_title_bold=&raquo;TEElMjBPU1MlMjBGT1JURUxMRSUyMERFRyUyME1FUiUyME9NJTIwUEE2Ng==&raquo; ag_title_font_size=&raquo;40&#8243; ag_title_align=&raquo;left&raquo; ag_titel_border=&raquo;&raquo;][vc_empty_space height=&raquo;20px&raquo;][\/vc_column][vc_column width=&raquo;5\/12&#8243;][vc_empty_space height=&raquo;20px&raquo;][vc_tta_accordion accordion_layout=&raquo;no-border&raquo; accordion_icon=&raquo;arrow&raquo;][vc_tta_section title=&raquo;GET IN TOUCH&raquo; tab_id=&raquo;1647352964095-e408d282-5d33&#8243; el_class=&raquo;btn-accordion&raquo;]<div role=\"form\" class=\"wpcf7\" id=\"wpcf7-f1833-o1\" lang=\"sv-SE\" dir=\"ltr\">\n<div class=\"screen-reader-response\"><p role=\"status\" aria-live=\"polite\" aria-atomic=\"true\"><\/p> <ul><\/ul><\/div>\n<form action=\"\/no\/wp-json\/wp\/v2\/pages\/3581#wpcf7-f1833-o1\" method=\"post\" class=\"wpcf7-form init\" novalidate=\"novalidate\" data-status=\"init\">\n<div style=\"display: none;\">\n<input type=\"hidden\" name=\"_wpcf7\" value=\"1833\" \/>\n<input type=\"hidden\" name=\"_wpcf7_version\" value=\"5.6.4\" \/>\n<input type=\"hidden\" name=\"_wpcf7_locale\" value=\"sv_SE\" \/>\n<input type=\"hidden\" name=\"_wpcf7_unit_tag\" value=\"wpcf7-f1833-o1\" \/>\n<input type=\"hidden\" name=\"_wpcf7_container_post\" value=\"0\" \/>\n<input type=\"hidden\" name=\"_wpcf7_posted_data_hash\" value=\"\" \/>\n<input type=\"hidden\" name=\"_wpcf7_recaptcha_response\" value=\"\" \/>\n<\/div>\n<div class=\"cf-container\">\n<div class=\"cf-col-9\"><span class=\"wpcf7-form-control-wrap\" data-name=\"your-email\"><input type=\"email\" name=\"your-email\" value=\"\" size=\"40\" class=\"wpcf7-form-control wpcf7-text wpcf7-email wpcf7-validates-as-required wpcf7-validates-as-email\" aria-required=\"true\" aria-invalid=\"false\" placeholder=\"Fill in your mail and we\u2019ll get in touch\" \/><\/span><\/div>\n<div class=\"cf-col-3\"><input type=\"submit\" value=\"Send\" class=\"wpcf7-form-control has-spinner wpcf7-submit\" \/><\/div>\n<\/div>\n<div class=\"wpcf7-response-output\" aria-hidden=\"true\"><\/div><\/form><\/div>[\/vc_tta_section][\/vc_tta_accordion][\/vc_column][\/vc_row][vc_row css=&raquo;.vc_custom_1659975238674{padding-top: 60px !important;padding-bottom: 60px !important;background-color: #f9f9f9 !important;}&raquo;][vc_column css_animation=&raquo;fadeIn&raquo; el_class=&raquo;cta-col&raquo; css=&raquo;.vc_custom_1659975230349{padding-top: 60px !important;padding-bottom: 60px !important;background-color: #ffffff !important;}&raquo;][ucaddon_ag_title ag_title_bold=&raquo;VVRGT1JTSyUyMEZMRVJFJTIwQVYlMjBNQVRFUklBTEVORSUyMFYlQzMlODVSRQ==&raquo; ag_title_align=&raquo;center&raquo; ag_titel_border=&raquo;&raquo; ag_title_tag=&raquo;h2&#8243;][vc_column_text el_class=&raquo;citat-last&raquo;]<\/p>\n<p style=\"text-align: center;\">Det finnes mange forskjellige materialer i plastindustrien. Utforsk flere av materialene vi jobber med og tilbyr for alltid \u00e5 sikre h\u00f8y kvalitet for v\u00e5re kunder.<\/p>\n<p>[\/vc_column_text][vc_empty_space height=&raquo;40px&raquo;][vc_btn title=&raquo;V\u00e5re materialer&raquo; style=&raquo;flat&raquo; shape=&raquo;square&raquo; align=&raquo;center&raquo; link=&raquo;url:https%3A%2F%2Fmapeplastics.se%2Fno%2Fmaterialer|title:V%C3%A5re%20materialer&raquo; el_class=&raquo;btn-primary&raquo;][\/vc_column][\/vc_row]<\/p>\n<\/section>","protected":false},"excerpt":{"rendered":"<p>[vc_row fullwidth=&raquo;1&#8243;][vc_column][ucaddon_ag_sub_hero ag_sh_text_small=&raquo;Our materials&raquo; ag_sh_text=&raquo;Polyamid 6.6 (PA 6.6)&raquo; ag_sub_hero_par=&raquo;UG9seWFtaWQlMjAlMjhQQSUyOSUyMDYuNiUyMGVyJTIwZW4lMjBhdiUyMGRlJTIwdmFubGlnc3RlJTIwc3RydWt0dXJlbGxlJTIwcGxhc3RlbmUuJTIwRGV0JTIwZXIlMjB0aWwlMjBlbiUyMHJlbGF0aXZ0JTIwbGF2JTIwcHJpcyUyQyUyMGxldHQlMjAlQzMlQTUlMjBiZWhhbmRsZSUyQyUyMGglQzMlQjh5JTIwc2xhZ2Zhc3RoZXQlMjBvZyUyMGglQzMlQjh5JTIwdGVybWlzayUyMG1vdHN0YW5kLg==&raquo; ag_sh_img=&raquo;2446&#8243; ag_sh_tag=&raquo;h1&#8243;][\/vc_column][\/vc_row][vc_row content_placement=&raquo;middle&raquo; css=&raquo;.vc_custom_1659975571769{padding-top: 8rem !important;padding-bottom: 6rem !important;}&raquo;][vc_column width=&raquo;1\/2&#8243; css=&raquo;.vc_custom_1659975043893{padding-left: 1rem !important;}&raquo; el_class=&raquo;standard-padding&raquo;][ucaddon_ag_title ag_title_bold=&raquo;UEE2NiUyMEVnZW5za2FwZXI=&raquo; ag_title_font_size=&raquo;52&#8243; ag_title_align=&raquo;left&raquo; ag_titel_border=&raquo;&raquo; ag_title_tag=&raquo;h2&#8243;][vc_column_text css=&raquo;.vc_custom_1679256202648{padding-bottom: 2rem !important;}&raquo;] Halvkrystallinsk struktur med en Tg p\u00e5 50 C og en smeltetemperatur p\u00e5 225 C Enkel \u00e5 behandle H\u00f8y slagfasthet Gode mekaniske egenskaper opp til 140-160 [&hellip;]<\/p>\n","protected":false},"author":29,"featured_media":0,"parent":767,"menu_order":0,"comment_status":"closed","ping_status":"closed","template":"page-visual-composer.php","meta":{"_mi_skip_tracking":false},"acf":[],"yoast_head":"<!-- This site is optimized with the Yoast SEO plugin v20.7 - https:\/\/yoast.com\/wordpress\/plugins\/seo\/ -->\n<title>Polyamid 6.6 (PA 6.6) - Mape Plastics<\/title>\n<meta name=\"robots\" content=\"index, follow, max-snippet:-1, max-image-preview:large, max-video-preview:-1\" \/>\n<link rel=\"canonical\" href=\"https:\/\/mapeplastics.se\/no\/materialer\/polyamide-6-6-pa-6-6\/\" \/>\n<meta property=\"og:locale\" content=\"nb_NO\" \/>\n<meta property=\"og:type\" content=\"article\" \/>\n<meta property=\"og:title\" content=\"Polyamid 6.6 (PA 6.6) - Mape Plastics\" \/>\n<meta property=\"og:description\" content=\"[vc_row fullwidth=&raquo;1&#8243;][vc_column][ucaddon_ag_sub_hero ag_sh_text_small=&raquo;Our materials&raquo; ag_sh_text=&raquo;Polyamid 6.6 (PA 6.6)&raquo; ag_sub_hero_par=&raquo;UG9seWFtaWQlMjAlMjhQQSUyOSUyMDYuNiUyMGVyJTIwZW4lMjBhdiUyMGRlJTIwdmFubGlnc3RlJTIwc3RydWt0dXJlbGxlJTIwcGxhc3RlbmUuJTIwRGV0JTIwZXIlMjB0aWwlMjBlbiUyMHJlbGF0aXZ0JTIwbGF2JTIwcHJpcyUyQyUyMGxldHQlMjAlQzMlQTUlMjBiZWhhbmRsZSUyQyUyMGglQzMlQjh5JTIwc2xhZ2Zhc3RoZXQlMjBvZyUyMGglQzMlQjh5JTIwdGVybWlzayUyMG1vdHN0YW5kLg==&raquo; ag_sh_img=&raquo;2446&#8243; ag_sh_tag=&raquo;h1&#8243;][\/vc_column][\/vc_row][vc_row content_placement=&raquo;middle&raquo; css=&raquo;.vc_custom_1659975571769{padding-top: 8rem !important;padding-bottom: 6rem !important;}&raquo;][vc_column width=&raquo;1\/2&#8243; css=&raquo;.vc_custom_1659975043893{padding-left: 1rem !important;}&raquo; el_class=&raquo;standard-padding&raquo;][ucaddon_ag_title ag_title_bold=&raquo;UEE2NiUyMEVnZW5za2FwZXI=&raquo; ag_title_font_size=&raquo;52&#8243; ag_title_align=&raquo;left&raquo; ag_titel_border=&raquo;&raquo; ag_title_tag=&raquo;h2&#8243;][vc_column_text css=&raquo;.vc_custom_1679256202648{padding-bottom: 2rem !important;}&raquo;] Halvkrystallinsk struktur med en Tg p\u00e5 50 C og en smeltetemperatur p\u00e5 225 C Enkel \u00e5 behandle H\u00f8y slagfasthet Gode mekaniske egenskaper opp til 140-160 [&hellip;]\" \/>\n<meta property=\"og:url\" content=\"https:\/\/mapeplastics.se\/no\/materialer\/polyamide-6-6-pa-6-6\/\" \/>\n<meta property=\"og:site_name\" content=\"Mape Plastics\" \/>\n<meta property=\"article:modified_time\" content=\"2026-02-25T10:09:32+00:00\" \/>\n<meta name=\"twitter:card\" content=\"summary_large_image\" \/>\n<meta name=\"twitter:label1\" content=\"Ansl. lesetid\" \/>\n\t<meta name=\"twitter:data1\" content=\"2 minutter\" \/>\n<script type=\"application\/ld+json\" class=\"yoast-schema-graph\">{\"@context\":\"https:\/\/schema.org\",\"@graph\":[{\"@type\":\"WebPage\",\"@id\":\"https:\/\/mapeplastics.se\/no\/materialer\/polyamide-6-6-pa-6-6\/\",\"url\":\"https:\/\/mapeplastics.se\/no\/materialer\/polyamide-6-6-pa-6-6\/\",\"name\":\"Polyamid 6.6 (PA 6.6) - Mape Plastics\",\"isPartOf\":{\"@id\":\"https:\/\/mapeplastics.se\/no\/#website\"},\"datePublished\":\"2023-03-05T18:32:10+00:00\",\"dateModified\":\"2026-02-25T10:09:32+00:00\",\"breadcrumb\":{\"@id\":\"https:\/\/mapeplastics.se\/no\/materialer\/polyamide-6-6-pa-6-6\/#breadcrumb\"},\"inLanguage\":\"nb-NO\",\"potentialAction\":[{\"@type\":\"ReadAction\",\"target\":[\"https:\/\/mapeplastics.se\/no\/materialer\/polyamide-6-6-pa-6-6\/\"]}]},{\"@type\":\"BreadcrumbList\",\"@id\":\"https:\/\/mapeplastics.se\/no\/materialer\/polyamide-6-6-pa-6-6\/#breadcrumb\",\"itemListElement\":[{\"@type\":\"ListItem\",\"position\":1,\"name\":\"Hem\",\"item\":\"https:\/\/mapeplastics.se\/no\/\"},{\"@type\":\"ListItem\",\"position\":2,\"name\":\"Materialer\",\"item\":\"https:\/\/mapeplastics.se\/no\/materialer\/\"},{\"@type\":\"ListItem\",\"position\":3,\"name\":\"Polyamid 6.6 (PA 6.6)\"}]},{\"@type\":\"WebSite\",\"@id\":\"https:\/\/mapeplastics.se\/no\/#website\",\"url\":\"https:\/\/mapeplastics.se\/no\/\",\"name\":\"Mape Plastics\",\"description\":\"\",\"potentialAction\":[{\"@type\":\"SearchAction\",\"target\":{\"@type\":\"EntryPoint\",\"urlTemplate\":\"https:\/\/mapeplastics.se\/no\/?s={search_term_string}\"},\"query-input\":\"required name=search_term_string\"}],\"inLanguage\":\"nb-NO\"}]}<\/script>\n<!-- \/ Yoast SEO plugin. -->","yoast_head_json":{"title":"Polyamid 6.6 (PA 6.6) - Mape Plastics","robots":{"index":"index","follow":"follow","max-snippet":"max-snippet:-1","max-image-preview":"max-image-preview:large","max-video-preview":"max-video-preview:-1"},"canonical":"https:\/\/mapeplastics.se\/no\/materialer\/polyamide-6-6-pa-6-6\/","og_locale":"nb_NO","og_type":"article","og_title":"Polyamid 6.6 (PA 6.6) - Mape Plastics","og_description":"[vc_row fullwidth=&raquo;1&#8243;][vc_column][ucaddon_ag_sub_hero ag_sh_text_small=&raquo;Our materials&raquo; ag_sh_text=&raquo;Polyamid 6.6 (PA 6.6)&raquo; ag_sub_hero_par=&raquo;UG9seWFtaWQlMjAlMjhQQSUyOSUyMDYuNiUyMGVyJTIwZW4lMjBhdiUyMGRlJTIwdmFubGlnc3RlJTIwc3RydWt0dXJlbGxlJTIwcGxhc3RlbmUuJTIwRGV0JTIwZXIlMjB0aWwlMjBlbiUyMHJlbGF0aXZ0JTIwbGF2JTIwcHJpcyUyQyUyMGxldHQlMjAlQzMlQTUlMjBiZWhhbmRsZSUyQyUyMGglQzMlQjh5JTIwc2xhZ2Zhc3RoZXQlMjBvZyUyMGglQzMlQjh5JTIwdGVybWlzayUyMG1vdHN0YW5kLg==&raquo; ag_sh_img=&raquo;2446&#8243; ag_sh_tag=&raquo;h1&#8243;][\/vc_column][\/vc_row][vc_row content_placement=&raquo;middle&raquo; css=&raquo;.vc_custom_1659975571769{padding-top: 8rem !important;padding-bottom: 6rem !important;}&raquo;][vc_column width=&raquo;1\/2&#8243; css=&raquo;.vc_custom_1659975043893{padding-left: 1rem !important;}&raquo; el_class=&raquo;standard-padding&raquo;][ucaddon_ag_title ag_title_bold=&raquo;UEE2NiUyMEVnZW5za2FwZXI=&raquo; ag_title_font_size=&raquo;52&#8243; ag_title_align=&raquo;left&raquo; ag_titel_border=&raquo;&raquo; ag_title_tag=&raquo;h2&#8243;][vc_column_text css=&raquo;.vc_custom_1679256202648{padding-bottom: 2rem !important;}&raquo;] Halvkrystallinsk struktur med en Tg p\u00e5 50 C og en smeltetemperatur p\u00e5 225 C Enkel \u00e5 behandle H\u00f8y slagfasthet Gode mekaniske egenskaper opp til 140-160 [&hellip;]","og_url":"https:\/\/mapeplastics.se\/no\/materialer\/polyamide-6-6-pa-6-6\/","og_site_name":"Mape Plastics","article_modified_time":"2026-02-25T10:09:32+00:00","twitter_card":"summary_large_image","twitter_misc":{"Ansl. lesetid":"2 minutter"},"schema":{"@context":"https:\/\/schema.org","@graph":[{"@type":"WebPage","@id":"https:\/\/mapeplastics.se\/no\/materialer\/polyamide-6-6-pa-6-6\/","url":"https:\/\/mapeplastics.se\/no\/materialer\/polyamide-6-6-pa-6-6\/","name":"Polyamid 6.6 (PA 6.6) - Mape Plastics","isPartOf":{"@id":"https:\/\/mapeplastics.se\/no\/#website"},"datePublished":"2023-03-05T18:32:10+00:00","dateModified":"2026-02-25T10:09:32+00:00","breadcrumb":{"@id":"https:\/\/mapeplastics.se\/no\/materialer\/polyamide-6-6-pa-6-6\/#breadcrumb"},"inLanguage":"nb-NO","potentialAction":[{"@type":"ReadAction","target":["https:\/\/mapeplastics.se\/no\/materialer\/polyamide-6-6-pa-6-6\/"]}]},{"@type":"BreadcrumbList","@id":"https:\/\/mapeplastics.se\/no\/materialer\/polyamide-6-6-pa-6-6\/#breadcrumb","itemListElement":[{"@type":"ListItem","position":1,"name":"Hem","item":"https:\/\/mapeplastics.se\/no\/"},{"@type":"ListItem","position":2,"name":"Materialer","item":"https:\/\/mapeplastics.se\/no\/materialer\/"},{"@type":"ListItem","position":3,"name":"Polyamid 6.6 (PA 6.6)"}]},{"@type":"WebSite","@id":"https:\/\/mapeplastics.se\/no\/#website","url":"https:\/\/mapeplastics.se\/no\/","name":"Mape Plastics","description":"","potentialAction":[{"@type":"SearchAction","target":{"@type":"EntryPoint","urlTemplate":"https:\/\/mapeplastics.se\/no\/?s={search_term_string}"},"query-input":"required name=search_term_string"}],"inLanguage":"nb-NO"}]}},"_links":{"self":[{"href":"https:\/\/mapeplastics.se\/no\/wp-json\/wp\/v2\/pages\/3581"}],"collection":[{"href":"https:\/\/mapeplastics.se\/no\/wp-json\/wp\/v2\/pages"}],"about":[{"href":"https:\/\/mapeplastics.se\/no\/wp-json\/wp\/v2\/types\/page"}],"author":[{"embeddable":true,"href":"https:\/\/mapeplastics.se\/no\/wp-json\/wp\/v2\/users\/29"}],"replies":[{"embeddable":true,"href":"https:\/\/mapeplastics.se\/no\/wp-json\/wp\/v2\/comments?post=3581"}],"version-history":[{"count":12,"href":"https:\/\/mapeplastics.se\/no\/wp-json\/wp\/v2\/pages\/3581\/revisions"}],"predecessor-version":[{"id":9661,"href":"https:\/\/mapeplastics.se\/no\/wp-json\/wp\/v2\/pages\/3581\/revisions\/9661"}],"up":[{"embeddable":true,"href":"https:\/\/mapeplastics.se\/no\/wp-json\/wp\/v2\/pages\/767"}],"wp:attachment":[{"href":"https:\/\/mapeplastics.se\/no\/wp-json\/wp\/v2\/media?parent=3581"}],"curies":[{"name":"wp","href":"https:\/\/api.w.org\/{rel}","templated":true}]}}