{"id":3621,"date":"2023-03-05T19:32:13","date_gmt":"2023-03-05T18:32:13","guid":{"rendered":"https:\/\/mapeplastics.se\/materialer\/polystyrene-ps\/"},"modified":"2023-11-22T09:56:00","modified_gmt":"2023-11-22T08:56:00","slug":"polystyrene-ps","status":"publish","type":"page","link":"https:\/\/mapeplastics.se\/no\/materialer\/polystyrene-ps\/","title":{"rendered":"Polystyren (PS)"},"content":{"rendered":"<section class=\"wpb-content-wrapper\"><p>[vc_row fullwidth=&raquo;1&#8243;][vc_column][ucaddon_ag_sub_hero ag_sh_text_small=&raquo;Our materials&raquo; ag_sh_text=&raquo;Polystyren (PS)&raquo; ag_sub_hero_par=&raquo;UG9seXN0eXJlbiUyMCUyOFBTJTI5JTIwZXIlMjBlbiUyMGtyeXN0YWxsa2xhciUyMGFtb3JmJTIwdmFyZS4lMjBQb2x5bWVyaXNlcmluZ2VuJTIwYXYlMjBzdHlyZW4lMjByZXN1bHRlcmVyJTIwaSUyMGVuJTIwZ2plbm5vbXNpa3RpZyUyQyUyMHN0aXYlMjBvZyUyMGhhcmQlMjBwbGFzdCUyMG1lZCUyMGglQzMlQjh5Z2xhbnMlMjBmaW5pc2guJTIwRGVzc3ZlcnJlJTIwZXIlMjBkZW4lMjB2ZWxkaWclMjBzcHIlQzMlQjguJTIwRm9yJTIwJUMzJUE1JTIwb2ZyZSUyMGdqZW5ub21zaWt0aWdoZXRlbiUyMG9nJTIwc3RpdmhldGVuJTIwa2FuJTIwZGVuJTIwYmxhbmRlcyUyMG1lZCUyMDUlMjAlRTIlODAlOTMlMjAxMCUyMCUyNSUyMGJ1dGFkaWVuZ3VtbWklMjAlMjhCUiUyOSUyMGZvciUyMCVDMyVBNSUyMGYlQzMlQTUlMjBkZXQlMjBzb20lMjBrYWxsZXMlMjBoJUMzJUI4eXN0JUMzJUI4dHBvbHlzeXJlbiUyMCUyOEhJUFMlMjklMkMlMjBtZWQlMjBlbiUyMHNsYWdzdHlya2UlMjBwJUMzJUE1JTIwb3BwdGlsJTIwNSUyMGdhbmdlciUyMGglQzMlQjh5ZXJlJTIwZW5uJTIwc3RhbmRhcmQlMjBwb2x5c3R5cmVuLg==&raquo; ag_sh_img=&raquo;2446&#8243; ag_sh_tag=&raquo;h1&#8243;][\/vc_column][\/vc_row][vc_row content_placement=&raquo;middle&raquo; css=&raquo;.vc_custom_1659975571769{padding-top: 8rem !important;padding-bottom: 6rem !important;}&raquo;][vc_column width=&raquo;1\/2&#8243; css=&raquo;.vc_custom_1659975043893{padding-left: 1rem !important;}&raquo; el_class=&raquo;standard-padding&raquo;][ucaddon_ag_title ag_title_bold=&raquo;UFMlMjBFZ2Vuc2thcGVy&raquo; ag_title_font_size=&raquo;52&#8243; ag_title_align=&raquo;left&raquo; ag_titel_border=&raquo;&raquo; ag_title_tag=&raquo;h2&#8243;][vc_column_text css=&raquo;.vc_custom_1679256654554{padding-bottom: 2rem !important;}&raquo;]<\/p>\n<ul id=\"material\">\n<li>Lav materialkostnad<\/li>\n<li>H\u00f8y gjennomsiktighet (88 %)<\/li>\n<li>Ubetydelig fuktighetsabsorpsjon<\/li>\n<li>Matgodkjente karakterer er tilgjengelige<\/li>\n<li>H\u00f8y hardhet og overflateglans<\/li>\n<li>Skj\u00f8r<\/li>\n<li>D\u00e5rlig kjemikaliebestandighet<\/li>\n<li>Lav mykgj\u00f8ringstemperatur<\/li>\n<li>Blir gul hvis den blir st\u00e5ende utend\u00f8rs<\/li>\n<\/ul>\n<p>[\/vc_column_text][vc_btn title=&raquo;Kontakt oss&raquo; style=&raquo;flat&raquo; shape=&raquo;square&raquo; link=&raquo;url:https%3A%2F%2Fmapeplastics.se%2Fno%2Fkontakt|title:Kontakt%20oss&raquo; el_class=&raquo;btn-primary&raquo;][vc_empty_space height=&raquo;20px&raquo;][ucaddon_ag_title ag_title_bold=&raquo;VEFJUklSRVglQzIlQUU=&raquo; ag_title_font_size=&raquo;52&#8243; ag_title_align=&raquo;left&raquo; ag_titel_border=&raquo;&raquo; ag_title_tag=&raquo;h2&#8243;][vc_column_text css=&raquo;.vc_custom_1680075363444{padding-bottom: 2rem !important;}&raquo;]TAIRIREX\u00ae er et produkt fra v\u00e5r leverand\u00f8r Formosa Plastics\u00ae. Produktet tilbyr en klar, normal flyt, enkel bearbeiding og h\u00f8y slagfast polystyrenkvalitet.[\/vc_column_text][vc_btn title=&raquo;Formosa Plastics\u00ae&raquo; style=&raquo;flat&raquo; shape=&raquo;square&raquo; link=&raquo;url:https%3A%2F%2Fwww.fpcusa.com|title:FORMOSA%20PLASTICS%C2%AE|target:_blank&raquo; el_class=&raquo;btn-primary&raquo;][\/vc_column][vc_column width=&raquo;1\/2&#8243; css=&raquo;.vc_custom_1599745364366{padding-right: 1rem !important;}&raquo;][vc_single_image image=&raquo;3465&#8243; img_size=&raquo;full&raquo;][vc_single_image image=&raquo;3501&#8243; img_size=&raquo;full&raquo; alignment=&raquo;center&raquo;][\/vc_column][\/vc_row][vc_row css=&raquo;.vc_custom_1692819208324{padding-bottom: 60px !important;}&raquo;][vc_column][ucaddon_ag_title ag_title_slim=&raquo;TWF0ZXJpYWxEYXRhYmFzZQ==&raquo; ag_title_bold=&raquo;UFMlMjBwcm9kdWt0ZXI=&raquo; ag_title_font_size=&raquo;40&#8243; ag_title_align=&raquo;center&raquo; ag_titel_border=&raquo;&raquo; uc_init_settings=&raquo;&raquo;]\r\n        <style>\r\n            .js-ul-prospector-iframe {\r\n                width: 1px;\r\n                min-width: 100%;\r\n            }\r\n        <\/style>\r\n        <iframe class=\"js-ul-prospector-iframe\" src=\"https:\/\/catalog.ulprospector.com\/xquery.aspx?I=75681&QM=60:76|268~40:3198&RSCOLS=DYNAMIC&FMT=HOV&CULTURE=en&PGSIZE=10\" frameborder=\"0\" allowfullscreen=\"false\" scrolling=\"yes\" loading=\"lazy\"><\/iframe>\r\n        <script>\r\n            jQuery(window).on(\"load\", function () {\r\n                if (!window.mapeChildUlProspectorIframeResizerInit) {\r\n                    console.log(\"Init UL Iframe Resizer\");\r\n                    iFrameResize({ log: false, scrolling: \"omit\" }, \".js-ul-prospector-iframe\");\r\n                    window.mapeChildUlProspectorIframeResizerInit = true;\r\n                }\r\n            });\r\n        <\/script>\r\n    [\/vc_column][\/vc_row][vc_row css_animation=&raquo;none&raquo; css=&raquo;.vc_custom_1659976162848{padding-top: 80px !important;padding-bottom: 0px !important;background-color: #f9f9f9 !important;}&raquo;][vc_column width=&raquo;7\/12&#8243; css=&raquo;.vc_custom_1647361588512{padding-right: 2rem !important;}&raquo;][ucaddon_ag_title ag_title_slim=&raquo;VmklMjBrYW4lMjBwbGFzdA==&raquo; ag_title_bold=&raquo;TEElMjBPU1MlMjBGT1JURUxMRSUyMERFRyUyME1FUiUyME9NJTIwUFM=&raquo; ag_title_font_size=&raquo;40&#8243; ag_title_align=&raquo;left&raquo; ag_titel_border=&raquo;&raquo;][vc_empty_space height=&raquo;20px&raquo;][\/vc_column][vc_column width=&raquo;5\/12&#8243;][vc_empty_space height=&raquo;20px&raquo;][vc_tta_accordion accordion_layout=&raquo;no-border&raquo; accordion_icon=&raquo;arrow&raquo;][vc_tta_section title=&raquo;GET IN TOUCH&raquo; tab_id=&raquo;1647352964095-e408d282-5d33&#8243; el_class=&raquo;btn-accordion&raquo;]<div role=\"form\" class=\"wpcf7\" id=\"wpcf7-f1833-o1\" lang=\"sv-SE\" dir=\"ltr\">\n<div class=\"screen-reader-response\"><p role=\"status\" aria-live=\"polite\" aria-atomic=\"true\"><\/p> <ul><\/ul><\/div>\n<form action=\"\/no\/wp-json\/wp\/v2\/pages\/3621#wpcf7-f1833-o1\" method=\"post\" class=\"wpcf7-form init\" novalidate=\"novalidate\" data-status=\"init\">\n<div style=\"display: none;\">\n<input type=\"hidden\" name=\"_wpcf7\" value=\"1833\" \/>\n<input type=\"hidden\" name=\"_wpcf7_version\" value=\"5.6.4\" \/>\n<input type=\"hidden\" name=\"_wpcf7_locale\" value=\"sv_SE\" \/>\n<input type=\"hidden\" name=\"_wpcf7_unit_tag\" value=\"wpcf7-f1833-o1\" \/>\n<input type=\"hidden\" name=\"_wpcf7_container_post\" value=\"0\" \/>\n<input type=\"hidden\" name=\"_wpcf7_posted_data_hash\" value=\"\" \/>\n<input type=\"hidden\" name=\"_wpcf7_recaptcha_response\" value=\"\" \/>\n<\/div>\n<div class=\"cf-container\">\n<div class=\"cf-col-9\"><span class=\"wpcf7-form-control-wrap\" data-name=\"your-email\"><input type=\"email\" name=\"your-email\" value=\"\" size=\"40\" class=\"wpcf7-form-control wpcf7-text wpcf7-email wpcf7-validates-as-required wpcf7-validates-as-email\" aria-required=\"true\" aria-invalid=\"false\" placeholder=\"Fill in your mail and we\u2019ll get in touch\" \/><\/span><\/div>\n<div class=\"cf-col-3\"><input type=\"submit\" value=\"Send\" class=\"wpcf7-form-control has-spinner wpcf7-submit\" \/><\/div>\n<\/div>\n<div class=\"wpcf7-response-output\" aria-hidden=\"true\"><\/div><\/form><\/div>[\/vc_tta_section][\/vc_tta_accordion][\/vc_column][\/vc_row][vc_row css=&raquo;.vc_custom_1659975238674{padding-top: 60px !important;padding-bottom: 60px !important;background-color: #f9f9f9 !important;}&raquo;][vc_column css_animation=&raquo;fadeIn&raquo; el_class=&raquo;cta-col&raquo; css=&raquo;.vc_custom_1659975230349{padding-top: 60px !important;padding-bottom: 60px !important;background-color: #ffffff !important;}&raquo;][ucaddon_ag_title ag_title_bold=&raquo;VVRGT1JTSyUyMEZMRVJFJTIwQVYlMjBNQVRFUklBTEVORSUyMFYlQzMlODVSRQ==&raquo; ag_title_align=&raquo;center&raquo; ag_titel_border=&raquo;&raquo; ag_title_tag=&raquo;h2&#8243;][vc_column_text el_class=&raquo;citat-last&raquo;]<\/p>\n<p style=\"text-align: center;\">Det finnes mange forskjellige materialer i plastindustrien. Utforsk flere av materialene vi jobber med og tilbyr for alltid \u00e5 sikre h\u00f8y kvalitet for v\u00e5re kunder.<\/p>\n<p>[\/vc_column_text][vc_empty_space height=&raquo;40px&raquo;][vc_btn title=&raquo;V\u00e5re materialer&raquo; style=&raquo;flat&raquo; shape=&raquo;square&raquo; align=&raquo;center&raquo; link=&raquo;url:https%3A%2F%2Fmapeplastics.se%2Fno%2Fmaterialer|title:V%C3%A5re%20materialer&raquo; el_class=&raquo;btn-primary&raquo;][\/vc_column][\/vc_row]<\/p>\n<\/section>","protected":false},"excerpt":{"rendered":"<p>[vc_row fullwidth=&raquo;1&#8243;][vc_column][ucaddon_ag_sub_hero ag_sh_text_small=&raquo;Our materials&raquo; ag_sh_text=&raquo;Polystyren (PS)&raquo; ag_sub_hero_par=&raquo;UG9seXN0eXJlbiUyMCUyOFBTJTI5JTIwZXIlMjBlbiUyMGtyeXN0YWxsa2xhciUyMGFtb3JmJTIwdmFyZS4lMjBQb2x5bWVyaXNlcmluZ2VuJTIwYXYlMjBzdHlyZW4lMjByZXN1bHRlcmVyJTIwaSUyMGVuJTIwZ2plbm5vbXNpa3RpZyUyQyUyMHN0aXYlMjBvZyUyMGhhcmQlMjBwbGFzdCUyMG1lZCUyMGglQzMlQjh5Z2xhbnMlMjBmaW5pc2guJTIwRGVzc3ZlcnJlJTIwZXIlMjBkZW4lMjB2ZWxkaWclMjBzcHIlQzMlQjguJTIwRm9yJTIwJUMzJUE1JTIwb2ZyZSUyMGdqZW5ub21zaWt0aWdoZXRlbiUyMG9nJTIwc3RpdmhldGVuJTIwa2FuJTIwZGVuJTIwYmxhbmRlcyUyMG1lZCUyMDUlMjAlRTIlODAlOTMlMjAxMCUyMCUyNSUyMGJ1dGFkaWVuZ3VtbWklMjAlMjhCUiUyOSUyMGZvciUyMCVDMyVBNSUyMGYlQzMlQTUlMjBkZXQlMjBzb20lMjBrYWxsZXMlMjBoJUMzJUI4eXN0JUMzJUI4dHBvbHlzeXJlbiUyMCUyOEhJUFMlMjklMkMlMjBtZWQlMjBlbiUyMHNsYWdzdHlya2UlMjBwJUMzJUE1JTIwb3BwdGlsJTIwNSUyMGdhbmdlciUyMGglQzMlQjh5ZXJlJTIwZW5uJTIwc3RhbmRhcmQlMjBwb2x5c3R5cmVuLg==&raquo; ag_sh_img=&raquo;2446&#8243; ag_sh_tag=&raquo;h1&#8243;][\/vc_column][\/vc_row][vc_row content_placement=&raquo;middle&raquo; css=&raquo;.vc_custom_1659975571769{padding-top: 8rem !important;padding-bottom: 6rem !important;}&raquo;][vc_column width=&raquo;1\/2&#8243; css=&raquo;.vc_custom_1659975043893{padding-left: 1rem !important;}&raquo; el_class=&raquo;standard-padding&raquo;][ucaddon_ag_title ag_title_bold=&raquo;UFMlMjBFZ2Vuc2thcGVy&raquo; ag_title_font_size=&raquo;52&#8243; ag_title_align=&raquo;left&raquo; ag_titel_border=&raquo;&raquo; ag_title_tag=&raquo;h2&#8243;][vc_column_text css=&raquo;.vc_custom_1679256654554{padding-bottom: 2rem !important;}&raquo;] Lav materialkostnad H\u00f8y gjennomsiktighet (88 %) Ubetydelig fuktighetsabsorpsjon Matgodkjente karakterer er tilgjengelige H\u00f8y hardhet og overflateglans Skj\u00f8r D\u00e5rlig kjemikaliebestandighet Lav mykgj\u00f8ringstemperatur Blir gul hvis den blir st\u00e5ende [&hellip;]<\/p>\n","protected":false},"author":29,"featured_media":0,"parent":767,"menu_order":0,"comment_status":"closed","ping_status":"closed","template":"page-visual-composer.php","meta":{"_mi_skip_tracking":false},"acf":[],"yoast_head":"<!-- This site is optimized with the Yoast SEO plugin v20.7 - https:\/\/yoast.com\/wordpress\/plugins\/seo\/ -->\n<title>Polystyren (PS) - Mape Plastics<\/title>\n<meta name=\"robots\" content=\"index, follow, max-snippet:-1, max-image-preview:large, max-video-preview:-1\" \/>\n<link rel=\"canonical\" href=\"https:\/\/mapeplastics.se\/no\/materialer\/polystyrene-ps\/\" \/>\n<meta property=\"og:locale\" content=\"nb_NO\" \/>\n<meta property=\"og:type\" content=\"article\" \/>\n<meta property=\"og:title\" content=\"Polystyren (PS) - Mape Plastics\" \/>\n<meta property=\"og:description\" content=\"[vc_row fullwidth=&raquo;1&#8243;][vc_column][ucaddon_ag_sub_hero ag_sh_text_small=&raquo;Our materials&raquo; ag_sh_text=&raquo;Polystyren (PS)&raquo; ag_sub_hero_par=&raquo;UG9seXN0eXJlbiUyMCUyOFBTJTI5JTIwZXIlMjBlbiUyMGtyeXN0YWxsa2xhciUyMGFtb3JmJTIwdmFyZS4lMjBQb2x5bWVyaXNlcmluZ2VuJTIwYXYlMjBzdHlyZW4lMjByZXN1bHRlcmVyJTIwaSUyMGVuJTIwZ2plbm5vbXNpa3RpZyUyQyUyMHN0aXYlMjBvZyUyMGhhcmQlMjBwbGFzdCUyMG1lZCUyMGglQzMlQjh5Z2xhbnMlMjBmaW5pc2guJTIwRGVzc3ZlcnJlJTIwZXIlMjBkZW4lMjB2ZWxkaWclMjBzcHIlQzMlQjguJTIwRm9yJTIwJUMzJUE1JTIwb2ZyZSUyMGdqZW5ub21zaWt0aWdoZXRlbiUyMG9nJTIwc3RpdmhldGVuJTIwa2FuJTIwZGVuJTIwYmxhbmRlcyUyMG1lZCUyMDUlMjAlRTIlODAlOTMlMjAxMCUyMCUyNSUyMGJ1dGFkaWVuZ3VtbWklMjAlMjhCUiUyOSUyMGZvciUyMCVDMyVBNSUyMGYlQzMlQTUlMjBkZXQlMjBzb20lMjBrYWxsZXMlMjBoJUMzJUI4eXN0JUMzJUI4dHBvbHlzeXJlbiUyMCUyOEhJUFMlMjklMkMlMjBtZWQlMjBlbiUyMHNsYWdzdHlya2UlMjBwJUMzJUE1JTIwb3BwdGlsJTIwNSUyMGdhbmdlciUyMGglQzMlQjh5ZXJlJTIwZW5uJTIwc3RhbmRhcmQlMjBwb2x5c3R5cmVuLg==&raquo; ag_sh_img=&raquo;2446&#8243; ag_sh_tag=&raquo;h1&#8243;][\/vc_column][\/vc_row][vc_row content_placement=&raquo;middle&raquo; css=&raquo;.vc_custom_1659975571769{padding-top: 8rem !important;padding-bottom: 6rem !important;}&raquo;][vc_column width=&raquo;1\/2&#8243; css=&raquo;.vc_custom_1659975043893{padding-left: 1rem !important;}&raquo; el_class=&raquo;standard-padding&raquo;][ucaddon_ag_title ag_title_bold=&raquo;UFMlMjBFZ2Vuc2thcGVy&raquo; ag_title_font_size=&raquo;52&#8243; ag_title_align=&raquo;left&raquo; ag_titel_border=&raquo;&raquo; ag_title_tag=&raquo;h2&#8243;][vc_column_text css=&raquo;.vc_custom_1679256654554{padding-bottom: 2rem !important;}&raquo;] Lav materialkostnad H\u00f8y gjennomsiktighet (88 %) Ubetydelig fuktighetsabsorpsjon Matgodkjente karakterer er tilgjengelige H\u00f8y hardhet og overflateglans Skj\u00f8r D\u00e5rlig kjemikaliebestandighet Lav mykgj\u00f8ringstemperatur Blir gul hvis den blir st\u00e5ende [&hellip;]\" \/>\n<meta property=\"og:url\" content=\"https:\/\/mapeplastics.se\/no\/materialer\/polystyrene-ps\/\" \/>\n<meta property=\"og:site_name\" content=\"Mape Plastics\" \/>\n<meta property=\"article:modified_time\" content=\"2023-11-22T08:56:00+00:00\" \/>\n<meta name=\"twitter:card\" content=\"summary_large_image\" \/>\n<meta name=\"twitter:label1\" content=\"Ansl. lesetid\" \/>\n\t<meta name=\"twitter:data1\" content=\"1 minutt\" \/>\n<script type=\"application\/ld+json\" class=\"yoast-schema-graph\">{\"@context\":\"https:\/\/schema.org\",\"@graph\":[{\"@type\":\"WebPage\",\"@id\":\"https:\/\/mapeplastics.se\/no\/materialer\/polystyrene-ps\/\",\"url\":\"https:\/\/mapeplastics.se\/no\/materialer\/polystyrene-ps\/\",\"name\":\"Polystyren (PS) - Mape Plastics\",\"isPartOf\":{\"@id\":\"https:\/\/mapeplastics.se\/no\/#website\"},\"datePublished\":\"2023-03-05T18:32:13+00:00\",\"dateModified\":\"2023-11-22T08:56:00+00:00\",\"breadcrumb\":{\"@id\":\"https:\/\/mapeplastics.se\/no\/materialer\/polystyrene-ps\/#breadcrumb\"},\"inLanguage\":\"nb-NO\",\"potentialAction\":[{\"@type\":\"ReadAction\",\"target\":[\"https:\/\/mapeplastics.se\/no\/materialer\/polystyrene-ps\/\"]}]},{\"@type\":\"BreadcrumbList\",\"@id\":\"https:\/\/mapeplastics.se\/no\/materialer\/polystyrene-ps\/#breadcrumb\",\"itemListElement\":[{\"@type\":\"ListItem\",\"position\":1,\"name\":\"Hem\",\"item\":\"https:\/\/mapeplastics.se\/no\/\"},{\"@type\":\"ListItem\",\"position\":2,\"name\":\"Materialer\",\"item\":\"https:\/\/mapeplastics.se\/no\/materialer\/\"},{\"@type\":\"ListItem\",\"position\":3,\"name\":\"Polystyren (PS)\"}]},{\"@type\":\"WebSite\",\"@id\":\"https:\/\/mapeplastics.se\/no\/#website\",\"url\":\"https:\/\/mapeplastics.se\/no\/\",\"name\":\"Mape Plastics\",\"description\":\"\",\"potentialAction\":[{\"@type\":\"SearchAction\",\"target\":{\"@type\":\"EntryPoint\",\"urlTemplate\":\"https:\/\/mapeplastics.se\/no\/?s={search_term_string}\"},\"query-input\":\"required name=search_term_string\"}],\"inLanguage\":\"nb-NO\"}]}<\/script>\n<!-- \/ Yoast SEO plugin. -->","yoast_head_json":{"title":"Polystyren (PS) - Mape Plastics","robots":{"index":"index","follow":"follow","max-snippet":"max-snippet:-1","max-image-preview":"max-image-preview:large","max-video-preview":"max-video-preview:-1"},"canonical":"https:\/\/mapeplastics.se\/no\/materialer\/polystyrene-ps\/","og_locale":"nb_NO","og_type":"article","og_title":"Polystyren (PS) - Mape Plastics","og_description":"[vc_row fullwidth=&raquo;1&#8243;][vc_column][ucaddon_ag_sub_hero ag_sh_text_small=&raquo;Our materials&raquo; ag_sh_text=&raquo;Polystyren (PS)&raquo; ag_sub_hero_par=&raquo;UG9seXN0eXJlbiUyMCUyOFBTJTI5JTIwZXIlMjBlbiUyMGtyeXN0YWxsa2xhciUyMGFtb3JmJTIwdmFyZS4lMjBQb2x5bWVyaXNlcmluZ2VuJTIwYXYlMjBzdHlyZW4lMjByZXN1bHRlcmVyJTIwaSUyMGVuJTIwZ2plbm5vbXNpa3RpZyUyQyUyMHN0aXYlMjBvZyUyMGhhcmQlMjBwbGFzdCUyMG1lZCUyMGglQzMlQjh5Z2xhbnMlMjBmaW5pc2guJTIwRGVzc3ZlcnJlJTIwZXIlMjBkZW4lMjB2ZWxkaWclMjBzcHIlQzMlQjguJTIwRm9yJTIwJUMzJUE1JTIwb2ZyZSUyMGdqZW5ub21zaWt0aWdoZXRlbiUyMG9nJTIwc3RpdmhldGVuJTIwa2FuJTIwZGVuJTIwYmxhbmRlcyUyMG1lZCUyMDUlMjAlRTIlODAlOTMlMjAxMCUyMCUyNSUyMGJ1dGFkaWVuZ3VtbWklMjAlMjhCUiUyOSUyMGZvciUyMCVDMyVBNSUyMGYlQzMlQTUlMjBkZXQlMjBzb20lMjBrYWxsZXMlMjBoJUMzJUI4eXN0JUMzJUI4dHBvbHlzeXJlbiUyMCUyOEhJUFMlMjklMkMlMjBtZWQlMjBlbiUyMHNsYWdzdHlya2UlMjBwJUMzJUE1JTIwb3BwdGlsJTIwNSUyMGdhbmdlciUyMGglQzMlQjh5ZXJlJTIwZW5uJTIwc3RhbmRhcmQlMjBwb2x5c3R5cmVuLg==&raquo; ag_sh_img=&raquo;2446&#8243; ag_sh_tag=&raquo;h1&#8243;][\/vc_column][\/vc_row][vc_row content_placement=&raquo;middle&raquo; css=&raquo;.vc_custom_1659975571769{padding-top: 8rem !important;padding-bottom: 6rem !important;}&raquo;][vc_column width=&raquo;1\/2&#8243; css=&raquo;.vc_custom_1659975043893{padding-left: 1rem !important;}&raquo; el_class=&raquo;standard-padding&raquo;][ucaddon_ag_title ag_title_bold=&raquo;UFMlMjBFZ2Vuc2thcGVy&raquo; ag_title_font_size=&raquo;52&#8243; ag_title_align=&raquo;left&raquo; ag_titel_border=&raquo;&raquo; ag_title_tag=&raquo;h2&#8243;][vc_column_text css=&raquo;.vc_custom_1679256654554{padding-bottom: 2rem !important;}&raquo;] Lav materialkostnad H\u00f8y gjennomsiktighet (88 %) Ubetydelig fuktighetsabsorpsjon Matgodkjente karakterer er tilgjengelige H\u00f8y hardhet og overflateglans Skj\u00f8r D\u00e5rlig kjemikaliebestandighet Lav mykgj\u00f8ringstemperatur Blir gul hvis den blir st\u00e5ende [&hellip;]","og_url":"https:\/\/mapeplastics.se\/no\/materialer\/polystyrene-ps\/","og_site_name":"Mape Plastics","article_modified_time":"2023-11-22T08:56:00+00:00","twitter_card":"summary_large_image","twitter_misc":{"Ansl. lesetid":"1 minutt"},"schema":{"@context":"https:\/\/schema.org","@graph":[{"@type":"WebPage","@id":"https:\/\/mapeplastics.se\/no\/materialer\/polystyrene-ps\/","url":"https:\/\/mapeplastics.se\/no\/materialer\/polystyrene-ps\/","name":"Polystyren (PS) - Mape Plastics","isPartOf":{"@id":"https:\/\/mapeplastics.se\/no\/#website"},"datePublished":"2023-03-05T18:32:13+00:00","dateModified":"2023-11-22T08:56:00+00:00","breadcrumb":{"@id":"https:\/\/mapeplastics.se\/no\/materialer\/polystyrene-ps\/#breadcrumb"},"inLanguage":"nb-NO","potentialAction":[{"@type":"ReadAction","target":["https:\/\/mapeplastics.se\/no\/materialer\/polystyrene-ps\/"]}]},{"@type":"BreadcrumbList","@id":"https:\/\/mapeplastics.se\/no\/materialer\/polystyrene-ps\/#breadcrumb","itemListElement":[{"@type":"ListItem","position":1,"name":"Hem","item":"https:\/\/mapeplastics.se\/no\/"},{"@type":"ListItem","position":2,"name":"Materialer","item":"https:\/\/mapeplastics.se\/no\/materialer\/"},{"@type":"ListItem","position":3,"name":"Polystyren (PS)"}]},{"@type":"WebSite","@id":"https:\/\/mapeplastics.se\/no\/#website","url":"https:\/\/mapeplastics.se\/no\/","name":"Mape Plastics","description":"","potentialAction":[{"@type":"SearchAction","target":{"@type":"EntryPoint","urlTemplate":"https:\/\/mapeplastics.se\/no\/?s={search_term_string}"},"query-input":"required name=search_term_string"}],"inLanguage":"nb-NO"}]}},"_links":{"self":[{"href":"https:\/\/mapeplastics.se\/no\/wp-json\/wp\/v2\/pages\/3621"}],"collection":[{"href":"https:\/\/mapeplastics.se\/no\/wp-json\/wp\/v2\/pages"}],"about":[{"href":"https:\/\/mapeplastics.se\/no\/wp-json\/wp\/v2\/types\/page"}],"author":[{"embeddable":true,"href":"https:\/\/mapeplastics.se\/no\/wp-json\/wp\/v2\/users\/29"}],"replies":[{"embeddable":true,"href":"https:\/\/mapeplastics.se\/no\/wp-json\/wp\/v2\/comments?post=3621"}],"version-history":[{"count":6,"href":"https:\/\/mapeplastics.se\/no\/wp-json\/wp\/v2\/pages\/3621\/revisions"}],"predecessor-version":[{"id":5355,"href":"https:\/\/mapeplastics.se\/no\/wp-json\/wp\/v2\/pages\/3621\/revisions\/5355"}],"up":[{"embeddable":true,"href":"https:\/\/mapeplastics.se\/no\/wp-json\/wp\/v2\/pages\/767"}],"wp:attachment":[{"href":"https:\/\/mapeplastics.se\/no\/wp-json\/wp\/v2\/media?parent=3621"}],"curies":[{"name":"wp","href":"https:\/\/api.w.org\/{rel}","templated":true}]}}