{"id":4165,"date":"2023-04-19T10:05:38","date_gmt":"2023-04-19T08:05:38","guid":{"rendered":"https:\/\/mapeplastics.se\/materialer\/pvdf\/"},"modified":"2025-10-17T09:35:55","modified_gmt":"2025-10-17T07:35:55","slug":"pvdf","status":"publish","type":"page","link":"https:\/\/mapeplastics.se\/no\/materialer\/pvdf\/","title":{"rendered":"PVDF"},"content":{"rendered":"<section class=\"wpb-content-wrapper\"><p>[vc_row fullwidth=&raquo;1&#8243;][vc_column][ucaddon_ag_sub_hero ag_sh_text_small=&raquo;V\u00e5re materialer&raquo; ag_sh_text=&raquo;PVDF&raquo; ag_sub_hero_par=&raquo;UFZERiUyMGVyJTIwZW4lMjBzcGVzaWVsbCUyMHRlcm1vcGxhc3Rpc2slMjBmbHVvcnBvbHltZXIlMjBzb20lMjBoYXIlMjBtZWdldCUyMGdvZCUyMG1vdHN0YW5kJTIwbW90JTIwbmVzdGVuJTIwYWxsZSUyMGtqZW1pa2FsaWVyLiUyMERlbiUyMGVyJTIwbnl0dGlnJTIwaSUyMG1hbmdlJTIwYnJ1a3NvbXIlQzMlQTVkZXIlMjB0YWtrZXQlMjB2JUMzJUE2cmUlMjBkZW5zJTIwYnJlZGUlMjB0ZW1wZXJhdHVyb21yJUMzJUE1ZGUlMjBvZyUyMGdvZGUlMjBzdHlya2VlZ2Vuc2thcGVyLiUyMFBvbHl2aW55bGRpZmx1b3JpZCUyMCUyOFBWREYlMjklMjBlciUyMGV0JTIwaW5lcnQlMjBtYXRlcmlhbGUlMjBzb20lMjBpa2tlJTIwYXZnaXIlMjBub2VuJTIwc3RvZmZlciUyMHVuZGVyJTIwYnJ1ayUyQyUyMG5vZSUyMHNvbSUyMGdqJUMzJUI4ciUyMGRldCUyMHN2JUMzJUE2cnQlMjBnb2R0JTIwZWduZXQlMjBmb3IlMjBicnVrJTIwaW5uZW4lMjBuJUMzJUE2cmluZ3NtaWRkZWwtJTIwb2clMjBmYXJtYXMlQzMlQjh5dGlza2UlMjBvbXIlQzMlQTVkZXIuJTIwUFZERiUyMGJydWtlcyUyMG9mdGUlMjBpJTIwbGFuZ3RpZHNoJUMzJUE1bmR0ZXJpbmclMjBvZyUyMGxhZ3JpbmclMjBhdiUyMGFnZ3Jlc3NpdmUlMjBramVtaWthbGllci4=&raquo; ag_sh_img=&raquo;2353&#8243; ag_sh_tag=&raquo;h1&#8243;][\/vc_column][\/vc_row][vc_row content_placement=&raquo;middle&raquo; css=&raquo;.vc_custom_1659975571769{padding-top: 8rem !important;padding-bottom: 6rem !important;}&raquo;][vc_column width=&raquo;1\/2&#8243; css=&raquo;.vc_custom_1659975043893{padding-left: 1rem !important;}&raquo; el_class=&raquo;standard-padding&raquo;][ucaddon_ag_title ag_title_bold=&raquo;UFZERiUyMEVnZW5za2FwZXI=&raquo; ag_title_font_size=&raquo;52&#8243; ag_title_align=&raquo;left&raquo; ag_titel_border=&raquo;&raquo; ag_title_tag=&raquo;h2&#8243;][vc_column_text css=&raquo;.vc_custom_1681979673669{padding-bottom: 2rem !important;}&raquo;]<\/p>\n<ul id=\"material\">\n<li>H\u00f8y temperaturmotstand<\/li>\n<li>Meget god kjemikaliebestandighet (selv ved h\u00f8ye temperaturer)<\/li>\n<li>Gode elektriske egenskaper<\/li>\n<li>Nesten ingen fuktighetsabsorpsjon<\/li>\n<li>Naturlig flammehemmende<\/li>\n<li>Utmerkede aldringsegenskaper<\/li>\n<li>Lav friksjonskoeffisient<\/li>\n<li>Utmerket sveisbarhet<\/li>\n<\/ul>\n<p>[\/vc_column_text][vc_btn title=&raquo;Kontakt oss&raquo; style=&raquo;flat&raquo; shape=&raquo;square&raquo; link=&raquo;url:https%3A%2F%2Fmapeplastics.se%2Fno%2Fkontakt|title:Kontakt%20oss&raquo; el_class=&raquo;btn-primary&raquo;][vc_empty_space height=&raquo;20px&raquo;][ucaddon_ag_title ag_title_bold=&raquo;QW1ib2Zsb24lQzIlQUU=&raquo; ag_title_font_size=&raquo;52&#8243; ag_title_align=&raquo;left&raquo; ag_titel_border=&raquo;&raquo; ag_title_tag=&raquo;h2&#8243; uc_init_settings=&raquo;&raquo;][vc_column_text css=&raquo;.vc_custom_1760686513255{padding-bottom: 2rem !important;}&raquo;]<\/p>\n<p data-start=\"1171\" data-end=\"1367\">Under varemerket amboflon\u00ae tilbyr den tyske leverand\u00f8ren Ambofluor et omfattende utvalg av jomfruelige og resirkulerte fluorpolymerer, produsert i Tyskland og fullt REACH-kompatible.<\/p>\n<p data-start=\"1369\" data-end=\"1630\">Disse h\u00f8ytytende materialene er utviklet for krevende milj\u00f8er med h\u00f8ye temperaturer, kjemisk eksponering og UV-p\u00e5virkning. Deres non-stick-egenskaper, lave permeabilitet og flammebestandighet gj\u00f8r amboflon\u00ae til et p\u00e5litelig valg for en rekke bruksomr\u00e5der.<\/p>\n<p>[\/vc_column_text][vc_btn title=&raquo;Amboflon\u00ae&raquo; style=&raquo;flat&raquo; shape=&raquo;square&raquo; link=&raquo;url:https%3A%2F%2Fwww.ambofluor.de%2Fprodukte%2Fpvdf%2F|title:Amboflon|target:_blank&raquo; el_class=&raquo;btn-primary&raquo;][\/vc_column][vc_column width=&raquo;1\/2&#8243; css=&raquo;.vc_custom_1599745364366{padding-right: 1rem !important;}&raquo;][vc_single_image image=&raquo;4124&#8243; img_size=&raquo;full&raquo;][vc_empty_space height=&raquo;20px&raquo;][vc_single_image image=&raquo;8771&#8243; img_size=&raquo;large&raquo; alignment=&raquo;center&raquo;][\/vc_column][\/vc_row][vc_row css_animation=&raquo;none&raquo; css=&raquo;.vc_custom_1659976162848{padding-top: 80px !important;padding-bottom: 0px !important;background-color: #f9f9f9 !important;}&raquo;][vc_column width=&raquo;7\/12&#8243; css=&raquo;.vc_custom_1647361588512{padding-right: 2rem !important;}&raquo;][ucaddon_ag_title ag_title_slim=&raquo;VmklMjBrYW4lMjBwbGFzdA==&raquo; ag_title_bold=&raquo;TEElMjBPU1MlMjBGT1JURUxMRSUyMERFRyUyME1FUiUyME9NJTIwUFZERg==&raquo; ag_title_font_size=&raquo;40&#8243; ag_title_align=&raquo;left&raquo; ag_titel_border=&raquo;&raquo;][vc_empty_space height=&raquo;20px&raquo;][\/vc_column][vc_column width=&raquo;5\/12&#8243;][vc_empty_space height=&raquo;20px&raquo;][vc_tta_accordion accordion_layout=&raquo;no-border&raquo; accordion_icon=&raquo;arrow&raquo;][vc_tta_section title=&raquo;GET IN TOUCH&raquo; tab_id=&raquo;1647352964095-e408d282-5d33&#8243; el_class=&raquo;btn-accordion&raquo;]<div role=\"form\" class=\"wpcf7\" id=\"wpcf7-f1833-o1\" lang=\"sv-SE\" dir=\"ltr\">\n<div class=\"screen-reader-response\"><p role=\"status\" aria-live=\"polite\" aria-atomic=\"true\"><\/p> <ul><\/ul><\/div>\n<form action=\"\/no\/wp-json\/wp\/v2\/pages\/4165#wpcf7-f1833-o1\" method=\"post\" class=\"wpcf7-form init\" novalidate=\"novalidate\" data-status=\"init\">\n<div style=\"display: none;\">\n<input type=\"hidden\" name=\"_wpcf7\" value=\"1833\" \/>\n<input type=\"hidden\" name=\"_wpcf7_version\" value=\"5.6.4\" \/>\n<input type=\"hidden\" name=\"_wpcf7_locale\" value=\"sv_SE\" \/>\n<input type=\"hidden\" name=\"_wpcf7_unit_tag\" value=\"wpcf7-f1833-o1\" \/>\n<input type=\"hidden\" name=\"_wpcf7_container_post\" value=\"0\" \/>\n<input type=\"hidden\" name=\"_wpcf7_posted_data_hash\" value=\"\" \/>\n<input type=\"hidden\" name=\"_wpcf7_recaptcha_response\" value=\"\" \/>\n<\/div>\n<div class=\"cf-container\">\n<div class=\"cf-col-9\"><span class=\"wpcf7-form-control-wrap\" data-name=\"your-email\"><input type=\"email\" name=\"your-email\" value=\"\" size=\"40\" class=\"wpcf7-form-control wpcf7-text wpcf7-email wpcf7-validates-as-required wpcf7-validates-as-email\" aria-required=\"true\" aria-invalid=\"false\" placeholder=\"Fill in your mail and we\u2019ll get in touch\" \/><\/span><\/div>\n<div class=\"cf-col-3\"><input type=\"submit\" value=\"Send\" class=\"wpcf7-form-control has-spinner wpcf7-submit\" \/><\/div>\n<\/div>\n<div class=\"wpcf7-response-output\" aria-hidden=\"true\"><\/div><\/form><\/div>[\/vc_tta_section][\/vc_tta_accordion][\/vc_column][\/vc_row][vc_row css=&raquo;.vc_custom_1659975238674{padding-top: 60px !important;padding-bottom: 60px !important;background-color: #f9f9f9 !important;}&raquo;][vc_column css_animation=&raquo;fadeIn&raquo; el_class=&raquo;cta-col&raquo; css=&raquo;.vc_custom_1659975230349{padding-top: 60px !important;padding-bottom: 60px !important;background-color: #ffffff !important;}&raquo;][ucaddon_ag_title ag_title_bold=&raquo;VVRGT1JTSyUyMEZMRVJFJTIwQVYlMjBNQVRFUklBTEVORSUyMFYlQzMlODVSRQ==&raquo; ag_title_align=&raquo;center&raquo; ag_titel_border=&raquo;&raquo; ag_title_tag=&raquo;h2&#8243;][vc_column_text el_class=&raquo;citat-last&raquo;]Det finnes mange forskjellige materialer i plastindustrien. Utforsk flere av materialene vi jobber med og tilbyr for alltid \u00e5 sikre h\u00f8y kvalitet for v\u00e5re kunder.[\/vc_column_text][vc_empty_space height=&raquo;40px&raquo;][vc_btn title=&raquo;V\u00e5re materialer&raquo; style=&raquo;flat&raquo; shape=&raquo;square&raquo; align=&raquo;center&raquo; link=&raquo;url:https%3A%2F%2Fmapeplastics.se%2Fno%2Fmaterialer|title:V%C3%A5re%20materialer&raquo; el_class=&raquo;btn-primary&raquo;][\/vc_column][\/vc_row]<\/p>\n<\/section>","protected":false},"excerpt":{"rendered":"<p>[vc_row fullwidth=&raquo;1&#8243;][vc_column][ucaddon_ag_sub_hero ag_sh_text_small=&raquo;V\u00e5re materialer&raquo; ag_sh_text=&raquo;PVDF&raquo; ag_sub_hero_par=&raquo;UFZERiUyMGVyJTIwZW4lMjBzcGVzaWVsbCUyMHRlcm1vcGxhc3Rpc2slMjBmbHVvcnBvbHltZXIlMjBzb20lMjBoYXIlMjBtZWdldCUyMGdvZCUyMG1vdHN0YW5kJTIwbW90JTIwbmVzdGVuJTIwYWxsZSUyMGtqZW1pa2FsaWVyLiUyMERlbiUyMGVyJTIwbnl0dGlnJTIwaSUyMG1hbmdlJTIwYnJ1a3NvbXIlQzMlQTVkZXIlMjB0YWtrZXQlMjB2JUMzJUE2cmUlMjBkZW5zJTIwYnJlZGUlMjB0ZW1wZXJhdHVyb21yJUMzJUE1ZGUlMjBvZyUyMGdvZGUlMjBzdHlya2VlZ2Vuc2thcGVyLiUyMFBvbHl2aW55bGRpZmx1b3JpZCUyMCUyOFBWREYlMjklMjBlciUyMGV0JTIwaW5lcnQlMjBtYXRlcmlhbGUlMjBzb20lMjBpa2tlJTIwYXZnaXIlMjBub2VuJTIwc3RvZmZlciUyMHVuZGVyJTIwYnJ1ayUyQyUyMG5vZSUyMHNvbSUyMGdqJUMzJUI4ciUyMGRldCUyMHN2JUMzJUE2cnQlMjBnb2R0JTIwZWduZXQlMjBmb3IlMjBicnVrJTIwaW5uZW4lMjBuJUMzJUE2cmluZ3NtaWRkZWwtJTIwb2clMjBmYXJtYXMlQzMlQjh5dGlza2UlMjBvbXIlQzMlQTVkZXIuJTIwUFZERiUyMGJydWtlcyUyMG9mdGUlMjBpJTIwbGFuZ3RpZHNoJUMzJUE1bmR0ZXJpbmclMjBvZyUyMGxhZ3JpbmclMjBhdiUyMGFnZ3Jlc3NpdmUlMjBramVtaWthbGllci4=&raquo; ag_sh_img=&raquo;2353&#8243; ag_sh_tag=&raquo;h1&#8243;][\/vc_column][\/vc_row][vc_row content_placement=&raquo;middle&raquo; css=&raquo;.vc_custom_1659975571769{padding-top: 8rem !important;padding-bottom: 6rem !important;}&raquo;][vc_column width=&raquo;1\/2&#8243; css=&raquo;.vc_custom_1659975043893{padding-left: 1rem !important;}&raquo; el_class=&raquo;standard-padding&raquo;][ucaddon_ag_title ag_title_bold=&raquo;UFZERiUyMEVnZW5za2FwZXI=&raquo; ag_title_font_size=&raquo;52&#8243; ag_title_align=&raquo;left&raquo; ag_titel_border=&raquo;&raquo; ag_title_tag=&raquo;h2&#8243;][vc_column_text css=&raquo;.vc_custom_1681979673669{padding-bottom: 2rem !important;}&raquo;] H\u00f8y temperaturmotstand Meget god kjemikaliebestandighet (selv ved h\u00f8ye temperaturer) Gode elektriske egenskaper Nesten ingen fuktighetsabsorpsjon Naturlig flammehemmende Utmerkede aldringsegenskaper Lav friksjonskoeffisient Utmerket sveisbarhet [\/vc_column_text][vc_btn title=&raquo;Kontakt oss&raquo; style=&raquo;flat&raquo; shape=&raquo;square&raquo; [&hellip;]<\/p>\n","protected":false},"author":29,"featured_media":0,"parent":767,"menu_order":0,"comment_status":"closed","ping_status":"closed","template":"page-visual-composer.php","meta":{"_mi_skip_tracking":false},"acf":[],"yoast_head":"<!-- This site is optimized with the Yoast SEO plugin v20.7 - https:\/\/yoast.com\/wordpress\/plugins\/seo\/ -->\n<title>PVDF - Mape Plastics<\/title>\n<meta name=\"robots\" content=\"index, follow, max-snippet:-1, max-image-preview:large, max-video-preview:-1\" \/>\n<link rel=\"canonical\" href=\"https:\/\/mapeplastics.se\/no\/materialer\/pvdf\/\" \/>\n<meta property=\"og:locale\" content=\"nb_NO\" \/>\n<meta property=\"og:type\" content=\"article\" \/>\n<meta property=\"og:title\" content=\"PVDF - Mape Plastics\" \/>\n<meta property=\"og:description\" content=\"[vc_row fullwidth=&raquo;1&#8243;][vc_column][ucaddon_ag_sub_hero ag_sh_text_small=&raquo;V\u00e5re materialer&raquo; ag_sh_text=&raquo;PVDF&raquo; ag_sub_hero_par=&raquo;UFZERiUyMGVyJTIwZW4lMjBzcGVzaWVsbCUyMHRlcm1vcGxhc3Rpc2slMjBmbHVvcnBvbHltZXIlMjBzb20lMjBoYXIlMjBtZWdldCUyMGdvZCUyMG1vdHN0YW5kJTIwbW90JTIwbmVzdGVuJTIwYWxsZSUyMGtqZW1pa2FsaWVyLiUyMERlbiUyMGVyJTIwbnl0dGlnJTIwaSUyMG1hbmdlJTIwYnJ1a3NvbXIlQzMlQTVkZXIlMjB0YWtrZXQlMjB2JUMzJUE2cmUlMjBkZW5zJTIwYnJlZGUlMjB0ZW1wZXJhdHVyb21yJUMzJUE1ZGUlMjBvZyUyMGdvZGUlMjBzdHlya2VlZ2Vuc2thcGVyLiUyMFBvbHl2aW55bGRpZmx1b3JpZCUyMCUyOFBWREYlMjklMjBlciUyMGV0JTIwaW5lcnQlMjBtYXRlcmlhbGUlMjBzb20lMjBpa2tlJTIwYXZnaXIlMjBub2VuJTIwc3RvZmZlciUyMHVuZGVyJTIwYnJ1ayUyQyUyMG5vZSUyMHNvbSUyMGdqJUMzJUI4ciUyMGRldCUyMHN2JUMzJUE2cnQlMjBnb2R0JTIwZWduZXQlMjBmb3IlMjBicnVrJTIwaW5uZW4lMjBuJUMzJUE2cmluZ3NtaWRkZWwtJTIwb2clMjBmYXJtYXMlQzMlQjh5dGlza2UlMjBvbXIlQzMlQTVkZXIuJTIwUFZERiUyMGJydWtlcyUyMG9mdGUlMjBpJTIwbGFuZ3RpZHNoJUMzJUE1bmR0ZXJpbmclMjBvZyUyMGxhZ3JpbmclMjBhdiUyMGFnZ3Jlc3NpdmUlMjBramVtaWthbGllci4=&raquo; ag_sh_img=&raquo;2353&#8243; ag_sh_tag=&raquo;h1&#8243;][\/vc_column][\/vc_row][vc_row content_placement=&raquo;middle&raquo; css=&raquo;.vc_custom_1659975571769{padding-top: 8rem !important;padding-bottom: 6rem !important;}&raquo;][vc_column width=&raquo;1\/2&#8243; css=&raquo;.vc_custom_1659975043893{padding-left: 1rem !important;}&raquo; el_class=&raquo;standard-padding&raquo;][ucaddon_ag_title ag_title_bold=&raquo;UFZERiUyMEVnZW5za2FwZXI=&raquo; ag_title_font_size=&raquo;52&#8243; ag_title_align=&raquo;left&raquo; ag_titel_border=&raquo;&raquo; ag_title_tag=&raquo;h2&#8243;][vc_column_text css=&raquo;.vc_custom_1681979673669{padding-bottom: 2rem !important;}&raquo;] H\u00f8y temperaturmotstand Meget god kjemikaliebestandighet (selv ved h\u00f8ye temperaturer) Gode elektriske egenskaper Nesten ingen fuktighetsabsorpsjon Naturlig flammehemmende Utmerkede aldringsegenskaper Lav friksjonskoeffisient Utmerket sveisbarhet [\/vc_column_text][vc_btn title=&raquo;Kontakt oss&raquo; style=&raquo;flat&raquo; shape=&raquo;square&raquo; [&hellip;]\" \/>\n<meta property=\"og:url\" content=\"https:\/\/mapeplastics.se\/no\/materialer\/pvdf\/\" \/>\n<meta property=\"og:site_name\" content=\"Mape Plastics\" \/>\n<meta property=\"article:modified_time\" content=\"2025-10-17T07:35:55+00:00\" \/>\n<meta name=\"twitter:card\" content=\"summary_large_image\" \/>\n<meta name=\"twitter:label1\" content=\"Ansl. lesetid\" \/>\n\t<meta name=\"twitter:data1\" content=\"1 minutt\" \/>\n<script type=\"application\/ld+json\" class=\"yoast-schema-graph\">{\"@context\":\"https:\/\/schema.org\",\"@graph\":[{\"@type\":\"WebPage\",\"@id\":\"https:\/\/mapeplastics.se\/no\/materialer\/pvdf\/\",\"url\":\"https:\/\/mapeplastics.se\/no\/materialer\/pvdf\/\",\"name\":\"PVDF - Mape Plastics\",\"isPartOf\":{\"@id\":\"https:\/\/mapeplastics.se\/no\/#website\"},\"datePublished\":\"2023-04-19T08:05:38+00:00\",\"dateModified\":\"2025-10-17T07:35:55+00:00\",\"breadcrumb\":{\"@id\":\"https:\/\/mapeplastics.se\/no\/materialer\/pvdf\/#breadcrumb\"},\"inLanguage\":\"nb-NO\",\"potentialAction\":[{\"@type\":\"ReadAction\",\"target\":[\"https:\/\/mapeplastics.se\/no\/materialer\/pvdf\/\"]}]},{\"@type\":\"BreadcrumbList\",\"@id\":\"https:\/\/mapeplastics.se\/no\/materialer\/pvdf\/#breadcrumb\",\"itemListElement\":[{\"@type\":\"ListItem\",\"position\":1,\"name\":\"Hem\",\"item\":\"https:\/\/mapeplastics.se\/no\/\"},{\"@type\":\"ListItem\",\"position\":2,\"name\":\"Materialer\",\"item\":\"https:\/\/mapeplastics.se\/no\/materialer\/\"},{\"@type\":\"ListItem\",\"position\":3,\"name\":\"PVDF\"}]},{\"@type\":\"WebSite\",\"@id\":\"https:\/\/mapeplastics.se\/no\/#website\",\"url\":\"https:\/\/mapeplastics.se\/no\/\",\"name\":\"Mape Plastics\",\"description\":\"\",\"potentialAction\":[{\"@type\":\"SearchAction\",\"target\":{\"@type\":\"EntryPoint\",\"urlTemplate\":\"https:\/\/mapeplastics.se\/no\/?s={search_term_string}\"},\"query-input\":\"required name=search_term_string\"}],\"inLanguage\":\"nb-NO\"}]}<\/script>\n<!-- \/ Yoast SEO plugin. -->","yoast_head_json":{"title":"PVDF - Mape Plastics","robots":{"index":"index","follow":"follow","max-snippet":"max-snippet:-1","max-image-preview":"max-image-preview:large","max-video-preview":"max-video-preview:-1"},"canonical":"https:\/\/mapeplastics.se\/no\/materialer\/pvdf\/","og_locale":"nb_NO","og_type":"article","og_title":"PVDF - Mape Plastics","og_description":"[vc_row fullwidth=&raquo;1&#8243;][vc_column][ucaddon_ag_sub_hero ag_sh_text_small=&raquo;V\u00e5re materialer&raquo; ag_sh_text=&raquo;PVDF&raquo; ag_sub_hero_par=&raquo;UFZERiUyMGVyJTIwZW4lMjBzcGVzaWVsbCUyMHRlcm1vcGxhc3Rpc2slMjBmbHVvcnBvbHltZXIlMjBzb20lMjBoYXIlMjBtZWdldCUyMGdvZCUyMG1vdHN0YW5kJTIwbW90JTIwbmVzdGVuJTIwYWxsZSUyMGtqZW1pa2FsaWVyLiUyMERlbiUyMGVyJTIwbnl0dGlnJTIwaSUyMG1hbmdlJTIwYnJ1a3NvbXIlQzMlQTVkZXIlMjB0YWtrZXQlMjB2JUMzJUE2cmUlMjBkZW5zJTIwYnJlZGUlMjB0ZW1wZXJhdHVyb21yJUMzJUE1ZGUlMjBvZyUyMGdvZGUlMjBzdHlya2VlZ2Vuc2thcGVyLiUyMFBvbHl2aW55bGRpZmx1b3JpZCUyMCUyOFBWREYlMjklMjBlciUyMGV0JTIwaW5lcnQlMjBtYXRlcmlhbGUlMjBzb20lMjBpa2tlJTIwYXZnaXIlMjBub2VuJTIwc3RvZmZlciUyMHVuZGVyJTIwYnJ1ayUyQyUyMG5vZSUyMHNvbSUyMGdqJUMzJUI4ciUyMGRldCUyMHN2JUMzJUE2cnQlMjBnb2R0JTIwZWduZXQlMjBmb3IlMjBicnVrJTIwaW5uZW4lMjBuJUMzJUE2cmluZ3NtaWRkZWwtJTIwb2clMjBmYXJtYXMlQzMlQjh5dGlza2UlMjBvbXIlQzMlQTVkZXIuJTIwUFZERiUyMGJydWtlcyUyMG9mdGUlMjBpJTIwbGFuZ3RpZHNoJUMzJUE1bmR0ZXJpbmclMjBvZyUyMGxhZ3JpbmclMjBhdiUyMGFnZ3Jlc3NpdmUlMjBramVtaWthbGllci4=&raquo; ag_sh_img=&raquo;2353&#8243; ag_sh_tag=&raquo;h1&#8243;][\/vc_column][\/vc_row][vc_row content_placement=&raquo;middle&raquo; css=&raquo;.vc_custom_1659975571769{padding-top: 8rem !important;padding-bottom: 6rem !important;}&raquo;][vc_column width=&raquo;1\/2&#8243; css=&raquo;.vc_custom_1659975043893{padding-left: 1rem !important;}&raquo; el_class=&raquo;standard-padding&raquo;][ucaddon_ag_title ag_title_bold=&raquo;UFZERiUyMEVnZW5za2FwZXI=&raquo; ag_title_font_size=&raquo;52&#8243; ag_title_align=&raquo;left&raquo; ag_titel_border=&raquo;&raquo; ag_title_tag=&raquo;h2&#8243;][vc_column_text css=&raquo;.vc_custom_1681979673669{padding-bottom: 2rem !important;}&raquo;] H\u00f8y temperaturmotstand Meget god kjemikaliebestandighet (selv ved h\u00f8ye temperaturer) Gode elektriske egenskaper Nesten ingen fuktighetsabsorpsjon Naturlig flammehemmende Utmerkede aldringsegenskaper Lav friksjonskoeffisient Utmerket sveisbarhet [\/vc_column_text][vc_btn title=&raquo;Kontakt oss&raquo; style=&raquo;flat&raquo; shape=&raquo;square&raquo; [&hellip;]","og_url":"https:\/\/mapeplastics.se\/no\/materialer\/pvdf\/","og_site_name":"Mape Plastics","article_modified_time":"2025-10-17T07:35:55+00:00","twitter_card":"summary_large_image","twitter_misc":{"Ansl. lesetid":"1 minutt"},"schema":{"@context":"https:\/\/schema.org","@graph":[{"@type":"WebPage","@id":"https:\/\/mapeplastics.se\/no\/materialer\/pvdf\/","url":"https:\/\/mapeplastics.se\/no\/materialer\/pvdf\/","name":"PVDF - Mape Plastics","isPartOf":{"@id":"https:\/\/mapeplastics.se\/no\/#website"},"datePublished":"2023-04-19T08:05:38+00:00","dateModified":"2025-10-17T07:35:55+00:00","breadcrumb":{"@id":"https:\/\/mapeplastics.se\/no\/materialer\/pvdf\/#breadcrumb"},"inLanguage":"nb-NO","potentialAction":[{"@type":"ReadAction","target":["https:\/\/mapeplastics.se\/no\/materialer\/pvdf\/"]}]},{"@type":"BreadcrumbList","@id":"https:\/\/mapeplastics.se\/no\/materialer\/pvdf\/#breadcrumb","itemListElement":[{"@type":"ListItem","position":1,"name":"Hem","item":"https:\/\/mapeplastics.se\/no\/"},{"@type":"ListItem","position":2,"name":"Materialer","item":"https:\/\/mapeplastics.se\/no\/materialer\/"},{"@type":"ListItem","position":3,"name":"PVDF"}]},{"@type":"WebSite","@id":"https:\/\/mapeplastics.se\/no\/#website","url":"https:\/\/mapeplastics.se\/no\/","name":"Mape Plastics","description":"","potentialAction":[{"@type":"SearchAction","target":{"@type":"EntryPoint","urlTemplate":"https:\/\/mapeplastics.se\/no\/?s={search_term_string}"},"query-input":"required name=search_term_string"}],"inLanguage":"nb-NO"}]}},"_links":{"self":[{"href":"https:\/\/mapeplastics.se\/no\/wp-json\/wp\/v2\/pages\/4165"}],"collection":[{"href":"https:\/\/mapeplastics.se\/no\/wp-json\/wp\/v2\/pages"}],"about":[{"href":"https:\/\/mapeplastics.se\/no\/wp-json\/wp\/v2\/types\/page"}],"author":[{"embeddable":true,"href":"https:\/\/mapeplastics.se\/no\/wp-json\/wp\/v2\/users\/29"}],"replies":[{"embeddable":true,"href":"https:\/\/mapeplastics.se\/no\/wp-json\/wp\/v2\/comments?post=4165"}],"version-history":[{"count":3,"href":"https:\/\/mapeplastics.se\/no\/wp-json\/wp\/v2\/pages\/4165\/revisions"}],"predecessor-version":[{"id":8776,"href":"https:\/\/mapeplastics.se\/no\/wp-json\/wp\/v2\/pages\/4165\/revisions\/8776"}],"up":[{"embeddable":true,"href":"https:\/\/mapeplastics.se\/no\/wp-json\/wp\/v2\/pages\/767"}],"wp:attachment":[{"href":"https:\/\/mapeplastics.se\/no\/wp-json\/wp\/v2\/media?parent=4165"}],"curies":[{"name":"wp","href":"https:\/\/api.w.org\/{rel}","templated":true}]}}