{"id":4653,"date":"2023-07-04T09:46:08","date_gmt":"2023-07-04T07:46:08","guid":{"rendered":"https:\/\/mapeplastics.se\/?page_id=4653"},"modified":"2023-07-04T09:46:08","modified_gmt":"2023-07-04T07:46:08","slug":"polyketon","status":"publish","type":"page","link":"https:\/\/mapeplastics.se\/no\/materialer\/polyketon\/","title":{"rendered":"Polyketon"},"content":{"rendered":"<section class=\"wpb-content-wrapper\"><p>[vc_row fullwidth=&raquo;1&#8243;][vc_column][ucaddon_ag_sub_hero ag_sh_text_small=&raquo;V\u00e5re materialer&raquo; ag_sh_text=&raquo;Polyketon&raquo; ag_sub_hero_par=&raquo;UG9seWtldG9uJTIwJTI4UEslMjklMjBlciUyMGVuJTIwaWtrZS1naWZ0aWclMjBvZyUyMGJpb2tvbXBhdGliZWwlMjBwb2x5bWVyJTIwc29tJTIwZXIlMjBnb2RramVudCUyMGF2JTIwRkRBJTIwb2clMjBOU0YuJTIwUE9LRVRPTkUlRTIlODQlQTIlMjBlciUyMHZlcmRlbnMlMjBmJUMzJUI4cnN0ZSUyMGtvbW1lcnNpYWxpc2VydGUlMjBwb2x5a2V0b24u&raquo; ag_sh_img=&raquo;2353&#8243; ag_sh_tag=&raquo;h1&#8243; uc_init_settings=&raquo;&raquo;][\/vc_column][\/vc_row][vc_row content_placement=&raquo;middle&raquo; css=&raquo;.vc_custom_1659975571769{padding-top: 8rem !important;padding-bottom: 6rem !important;}&raquo;][vc_column width=&raquo;1\/2&#8243; css=&raquo;.vc_custom_1659975043893{padding-left: 1rem !important;}&raquo; el_class=&raquo;standard-padding&raquo;][ucaddon_ag_title ag_title_bold=&raquo;UG9seWtldG9uJTIwRWdlbnNrYXBlcg==&raquo; ag_title_font_size=&raquo;52&#8243; ag_title_align=&raquo;left&raquo; ag_titel_border=&raquo;&raquo; ag_title_tag=&raquo;h2&#8243; uc_init_settings=&raquo;&raquo;][vc_column_text css=&raquo;.vc_custom_1688455325781{padding-bottom: 2rem !important;}&raquo;]<\/p>\n<ul id=\"material\">\n<li>Utmerket kjemisk motstand, mot kj\u00f8ret\u00f8ysv\u00e6sker, hydrokarbonsolventer, salter og svake syrer og baser. PK viser h\u00f8yere motstand mot hydrolyse i et bredt spekter av vannmilj\u00f8 sammenlignet med PA.<\/li>\n<li>2-3 ganger h\u00f8yere slagstyrke sammenlignet med PA og PBT. Og PK viser h\u00f8y grad av duktilitet over et bredt temperaturomr\u00e5de.<\/li>\n<li><span class=\"Apple-converted-space\">POKETONE\u2122 er ikke-giftig og brukes i utviklingen av matkontakt og medisinsk utstyr. PK er ogs\u00e5 trygge med lav utslipp av flyktige organiske forbindelser. <\/span><\/li>\n<li>Milj\u00f8vennlig alternativ til andre tekniske plastmaterialer, PK genererer lavere CO2-utslipp under produksjonsprosessen.<\/li>\n<li>Eksepsjonelle barriereegenskaper, anvendelig for forsterket termoplastisk r\u00f8r, matemballasje og barrierfilm.<\/li>\n<li>Utmerket slitestyrke, enda bedre enn POM, og reduserer st\u00f8yproblemer.<\/li>\n<li>Polyketon er sterkt, robust og duktilt. Tensil bruddspenning er 60 MPa. Stivheten er moderat, med en tensil- og b\u00f8yemodul p\u00e5 1,5-1,7 GPa.<\/li>\n<li>Utstrekning ved flytgrense er sv\u00e6rt h\u00f8y (25%), og polyketonpolymerer kan utsettes for mye st\u00f8rre (gjentatt) deformasjon enn andre tekniske plastmaterialer f\u00f8r permanent deformasjon oppst\u00e5r.<\/li>\n<\/ul>\n<p>[\/vc_column_text][vc_btn title=&raquo;Kontakt oss&raquo; style=&raquo;flat&raquo; shape=&raquo;square&raquo; link=&raquo;url:https%3A%2F%2Fmapeplastics.se%2Fno%2Fkontakt%2F|title:Kontakt%20oss&raquo; el_class=&raquo;btn-primary&raquo;][vc_empty_space height=&raquo;20px&raquo;][ucaddon_ag_title ag_title_bold=&raquo;UE9LRVRPTkUlRTIlODQlQTI=&raquo; ag_title_font_size=&raquo;52&#8243; ag_title_align=&raquo;left&raquo; ag_titel_border=&raquo;&raquo; ag_title_tag=&raquo;h2&#8243;][vc_column_text css=&raquo;.vc_custom_1688455629182{padding-bottom: 2rem !important;}&raquo;]Hyosung Chemicals varemerke POKETONE\u2122 er verdens f\u00f8rste kommersialiserte polyketon. Det er en ikke-giftig og biokompatibel polymer som er godkjent av FDA og NSF.<\/p>\n<p>Den har utmerket kjemisk motstand, stor slagfasthet og slitestyrke. Med sine balanserte egenskaper blir POKETONE\u2122 mye brukt i markeder som bilindustrien, vannm\u00e5lere, vannrenser, leket\u00f8y, medisinske apparater, r\u00f8r og filmer.[\/vc_column_text][vc_btn title=&raquo;POKETONE\u2122&raquo; style=&raquo;flat&raquo; shape=&raquo;square&raquo; link=&raquo;url:https%3A%2F%2Fwww.poketone.com%2Fen%2Findex.do|title:POKETONE|target:_blank&raquo; el_class=&raquo;btn-primary&raquo;][\/vc_column][vc_column width=&raquo;1\/2&#8243; css=&raquo;.vc_custom_1599745364366{padding-right: 1rem !important;}&raquo;][vc_single_image image=&raquo;4603&#8243; img_size=&raquo;full&raquo;][vc_empty_space height=&raquo;20px&raquo;][vc_single_image image=&raquo;4608&#8243; img_size=&raquo;full&raquo;][vc_empty_space height=&raquo;20px&raquo;][vc_single_image image=&raquo;4634&#8243; img_size=&raquo;410&#215;160&#8243; alignment=&raquo;center&raquo;][\/vc_column][\/vc_row][vc_row css_animation=&raquo;none&raquo; css=&raquo;.vc_custom_1659976162848{padding-top: 80px !important;padding-bottom: 0px !important;background-color: #f9f9f9 !important;}&raquo;][vc_column width=&raquo;7\/12&#8243; css=&raquo;.vc_custom_1647361588512{padding-right: 2rem !important;}&raquo;][ucaddon_ag_title ag_title_slim=&raquo;VmklMjBrYW4lMjBwbGFzdA==&raquo; ag_title_bold=&raquo;TEElMjBPU1MlMjBGT1JURUxMRSUyMERFRyUyME1FUiUyME9NJTIwUEs=&raquo; ag_title_font_size=&raquo;40&#8243; ag_title_align=&raquo;left&raquo; ag_titel_border=&raquo;&raquo; uc_init_settings=&raquo;&raquo;][vc_empty_space height=&raquo;20px&raquo;][\/vc_column][vc_column width=&raquo;5\/12&#8243;][vc_empty_space height=&raquo;20px&raquo;][vc_tta_accordion accordion_layout=&raquo;no-border&raquo; accordion_icon=&raquo;arrow&raquo;][vc_tta_section title=&raquo;GET IN TOUCH&raquo; tab_id=&raquo;1647352964095-e408d282-5d33&#8243; el_class=&raquo;btn-accordion&raquo;]<div role=\"form\" class=\"wpcf7\" id=\"wpcf7-f1833-o1\" lang=\"sv-SE\" dir=\"ltr\">\n<div class=\"screen-reader-response\"><p role=\"status\" aria-live=\"polite\" aria-atomic=\"true\"><\/p> <ul><\/ul><\/div>\n<form action=\"\/no\/wp-json\/wp\/v2\/pages\/4653#wpcf7-f1833-o1\" method=\"post\" class=\"wpcf7-form init\" novalidate=\"novalidate\" data-status=\"init\">\n<div style=\"display: none;\">\n<input type=\"hidden\" name=\"_wpcf7\" value=\"1833\" \/>\n<input type=\"hidden\" name=\"_wpcf7_version\" value=\"5.6.4\" \/>\n<input type=\"hidden\" name=\"_wpcf7_locale\" value=\"sv_SE\" \/>\n<input type=\"hidden\" name=\"_wpcf7_unit_tag\" value=\"wpcf7-f1833-o1\" \/>\n<input type=\"hidden\" name=\"_wpcf7_container_post\" value=\"0\" \/>\n<input type=\"hidden\" name=\"_wpcf7_posted_data_hash\" value=\"\" \/>\n<input type=\"hidden\" name=\"_wpcf7_recaptcha_response\" value=\"\" \/>\n<\/div>\n<div class=\"cf-container\">\n<div class=\"cf-col-9\"><span class=\"wpcf7-form-control-wrap\" data-name=\"your-email\"><input type=\"email\" name=\"your-email\" value=\"\" size=\"40\" class=\"wpcf7-form-control wpcf7-text wpcf7-email wpcf7-validates-as-required wpcf7-validates-as-email\" aria-required=\"true\" aria-invalid=\"false\" placeholder=\"Fill in your mail and we\u2019ll get in touch\" \/><\/span><\/div>\n<div class=\"cf-col-3\"><input type=\"submit\" value=\"Send\" class=\"wpcf7-form-control has-spinner wpcf7-submit\" \/><\/div>\n<\/div>\n<div class=\"wpcf7-response-output\" aria-hidden=\"true\"><\/div><\/form><\/div>[\/vc_tta_section][\/vc_tta_accordion][\/vc_column][\/vc_row][vc_row css=&raquo;.vc_custom_1659975238674{padding-top: 60px !important;padding-bottom: 60px !important;background-color: #f9f9f9 !important;}&raquo;][vc_column css_animation=&raquo;fadeIn&raquo; el_class=&raquo;cta-col&raquo; css=&raquo;.vc_custom_1659975230349{padding-top: 60px !important;padding-bottom: 60px !important;background-color: #ffffff !important;}&raquo;][ucaddon_ag_title ag_title_bold=&raquo;VVRGT1JTSyUyMEZMRVJFJTIwQVYlMjBNQVRFUklBTEVORSUyMFYlQzMlODVSRQ==&raquo; ag_title_align=&raquo;center&raquo; ag_titel_border=&raquo;&raquo; ag_title_tag=&raquo;h2&#8243; uc_init_settings=&raquo;&raquo;][vc_column_text el_class=&raquo;citat-last&raquo;]<\/p>\n<p style=\"text-align: center;\">Det finnes mange forskjellige materialer i plastindustrien. Utforsk flere av materialene vi jobber med og tilbyr for alltid \u00e5 sikre h\u00f8y kvalitet for v\u00e5re kunder.<\/p>\n<p>[\/vc_column_text][vc_empty_space height=&raquo;40px&raquo;][vc_btn title=&raquo;V\u00e5re materialer&raquo; style=&raquo;flat&raquo; shape=&raquo;square&raquo; align=&raquo;center&raquo; link=&raquo;url:https%3A%2F%2Fmapeplastics.se%2Fmaterials%2F|title:Our%20materials||&raquo; el_class=&raquo;btn-primary&raquo;][\/vc_column][\/vc_row]<\/p>\n<\/section>","protected":false},"excerpt":{"rendered":"<p>[vc_row fullwidth=&raquo;1&#8243;][vc_column][ucaddon_ag_sub_hero ag_sh_text_small=&raquo;V\u00e5re materialer&raquo; ag_sh_text=&raquo;Polyketon&raquo; ag_sub_hero_par=&raquo;UG9seWtldG9uJTIwJTI4UEslMjklMjBlciUyMGVuJTIwaWtrZS1naWZ0aWclMjBvZyUyMGJpb2tvbXBhdGliZWwlMjBwb2x5bWVyJTIwc29tJTIwZXIlMjBnb2RramVudCUyMGF2JTIwRkRBJTIwb2clMjBOU0YuJTIwUE9LRVRPTkUlRTIlODQlQTIlMjBlciUyMHZlcmRlbnMlMjBmJUMzJUI4cnN0ZSUyMGtvbW1lcnNpYWxpc2VydGUlMjBwb2x5a2V0b24u&raquo; ag_sh_img=&raquo;2353&#8243; ag_sh_tag=&raquo;h1&#8243; uc_init_settings=&raquo;&raquo;][\/vc_column][\/vc_row][vc_row content_placement=&raquo;middle&raquo; css=&raquo;.vc_custom_1659975571769{padding-top: 8rem !important;padding-bottom: 6rem !important;}&raquo;][vc_column width=&raquo;1\/2&#8243; css=&raquo;.vc_custom_1659975043893{padding-left: 1rem !important;}&raquo; el_class=&raquo;standard-padding&raquo;][ucaddon_ag_title ag_title_bold=&raquo;UG9seWtldG9uJTIwRWdlbnNrYXBlcg==&raquo; ag_title_font_size=&raquo;52&#8243; ag_title_align=&raquo;left&raquo; ag_titel_border=&raquo;&raquo; ag_title_tag=&raquo;h2&#8243; uc_init_settings=&raquo;&raquo;][vc_column_text css=&raquo;.vc_custom_1688455325781{padding-bottom: 2rem !important;}&raquo;] Utmerket kjemisk motstand, mot kj\u00f8ret\u00f8ysv\u00e6sker, hydrokarbonsolventer, salter og svake syrer og baser. PK viser h\u00f8yere motstand mot hydrolyse i et bredt spekter av vannmilj\u00f8 sammenlignet med [&hellip;]<\/p>\n","protected":false},"author":29,"featured_media":0,"parent":767,"menu_order":0,"comment_status":"closed","ping_status":"closed","template":"page-visual-composer.php","meta":{"_mi_skip_tracking":false},"acf":[],"yoast_head":"<!-- This site is optimized with the Yoast SEO plugin v20.7 - https:\/\/yoast.com\/wordpress\/plugins\/seo\/ -->\n<title>Polyketon - Mape Plastics<\/title>\n<meta name=\"robots\" content=\"index, follow, max-snippet:-1, max-image-preview:large, max-video-preview:-1\" \/>\n<link rel=\"canonical\" href=\"https:\/\/mapeplastics.se\/no\/materialer\/polyketon\/\" \/>\n<meta property=\"og:locale\" content=\"nb_NO\" \/>\n<meta property=\"og:type\" content=\"article\" \/>\n<meta property=\"og:title\" content=\"Polyketon - Mape Plastics\" \/>\n<meta property=\"og:description\" content=\"[vc_row fullwidth=&raquo;1&#8243;][vc_column][ucaddon_ag_sub_hero ag_sh_text_small=&raquo;V\u00e5re materialer&raquo; ag_sh_text=&raquo;Polyketon&raquo; ag_sub_hero_par=&raquo;UG9seWtldG9uJTIwJTI4UEslMjklMjBlciUyMGVuJTIwaWtrZS1naWZ0aWclMjBvZyUyMGJpb2tvbXBhdGliZWwlMjBwb2x5bWVyJTIwc29tJTIwZXIlMjBnb2RramVudCUyMGF2JTIwRkRBJTIwb2clMjBOU0YuJTIwUE9LRVRPTkUlRTIlODQlQTIlMjBlciUyMHZlcmRlbnMlMjBmJUMzJUI4cnN0ZSUyMGtvbW1lcnNpYWxpc2VydGUlMjBwb2x5a2V0b24u&raquo; ag_sh_img=&raquo;2353&#8243; ag_sh_tag=&raquo;h1&#8243; uc_init_settings=&raquo;&raquo;][\/vc_column][\/vc_row][vc_row content_placement=&raquo;middle&raquo; css=&raquo;.vc_custom_1659975571769{padding-top: 8rem !important;padding-bottom: 6rem !important;}&raquo;][vc_column width=&raquo;1\/2&#8243; css=&raquo;.vc_custom_1659975043893{padding-left: 1rem !important;}&raquo; el_class=&raquo;standard-padding&raquo;][ucaddon_ag_title ag_title_bold=&raquo;UG9seWtldG9uJTIwRWdlbnNrYXBlcg==&raquo; ag_title_font_size=&raquo;52&#8243; ag_title_align=&raquo;left&raquo; ag_titel_border=&raquo;&raquo; ag_title_tag=&raquo;h2&#8243; uc_init_settings=&raquo;&raquo;][vc_column_text css=&raquo;.vc_custom_1688455325781{padding-bottom: 2rem !important;}&raquo;] Utmerket kjemisk motstand, mot kj\u00f8ret\u00f8ysv\u00e6sker, hydrokarbonsolventer, salter og svake syrer og baser. PK viser h\u00f8yere motstand mot hydrolyse i et bredt spekter av vannmilj\u00f8 sammenlignet med [&hellip;]\" \/>\n<meta property=\"og:url\" content=\"https:\/\/mapeplastics.se\/no\/materialer\/polyketon\/\" \/>\n<meta property=\"og:site_name\" content=\"Mape Plastics\" \/>\n<meta name=\"twitter:card\" content=\"summary_large_image\" \/>\n<meta name=\"twitter:label1\" content=\"Ansl. lesetid\" \/>\n\t<meta name=\"twitter:data1\" content=\"2 minutter\" \/>\n<script type=\"application\/ld+json\" class=\"yoast-schema-graph\">{\"@context\":\"https:\/\/schema.org\",\"@graph\":[{\"@type\":\"WebPage\",\"@id\":\"https:\/\/mapeplastics.se\/no\/materialer\/polyketon\/\",\"url\":\"https:\/\/mapeplastics.se\/no\/materialer\/polyketon\/\",\"name\":\"Polyketon - Mape Plastics\",\"isPartOf\":{\"@id\":\"https:\/\/mapeplastics.se\/no\/#website\"},\"datePublished\":\"2023-07-04T07:46:08+00:00\",\"dateModified\":\"2023-07-04T07:46:08+00:00\",\"breadcrumb\":{\"@id\":\"https:\/\/mapeplastics.se\/no\/materialer\/polyketon\/#breadcrumb\"},\"inLanguage\":\"nb-NO\",\"potentialAction\":[{\"@type\":\"ReadAction\",\"target\":[\"https:\/\/mapeplastics.se\/no\/materialer\/polyketon\/\"]}]},{\"@type\":\"BreadcrumbList\",\"@id\":\"https:\/\/mapeplastics.se\/no\/materialer\/polyketon\/#breadcrumb\",\"itemListElement\":[{\"@type\":\"ListItem\",\"position\":1,\"name\":\"Hem\",\"item\":\"https:\/\/mapeplastics.se\/no\/\"},{\"@type\":\"ListItem\",\"position\":2,\"name\":\"Materialer\",\"item\":\"https:\/\/mapeplastics.se\/no\/materialer\/\"},{\"@type\":\"ListItem\",\"position\":3,\"name\":\"Polyketon\"}]},{\"@type\":\"WebSite\",\"@id\":\"https:\/\/mapeplastics.se\/no\/#website\",\"url\":\"https:\/\/mapeplastics.se\/no\/\",\"name\":\"Mape Plastics\",\"description\":\"\",\"potentialAction\":[{\"@type\":\"SearchAction\",\"target\":{\"@type\":\"EntryPoint\",\"urlTemplate\":\"https:\/\/mapeplastics.se\/no\/?s={search_term_string}\"},\"query-input\":\"required name=search_term_string\"}],\"inLanguage\":\"nb-NO\"}]}<\/script>\n<!-- \/ Yoast SEO plugin. -->","yoast_head_json":{"title":"Polyketon - Mape Plastics","robots":{"index":"index","follow":"follow","max-snippet":"max-snippet:-1","max-image-preview":"max-image-preview:large","max-video-preview":"max-video-preview:-1"},"canonical":"https:\/\/mapeplastics.se\/no\/materialer\/polyketon\/","og_locale":"nb_NO","og_type":"article","og_title":"Polyketon - Mape Plastics","og_description":"[vc_row fullwidth=&raquo;1&#8243;][vc_column][ucaddon_ag_sub_hero ag_sh_text_small=&raquo;V\u00e5re materialer&raquo; ag_sh_text=&raquo;Polyketon&raquo; ag_sub_hero_par=&raquo;UG9seWtldG9uJTIwJTI4UEslMjklMjBlciUyMGVuJTIwaWtrZS1naWZ0aWclMjBvZyUyMGJpb2tvbXBhdGliZWwlMjBwb2x5bWVyJTIwc29tJTIwZXIlMjBnb2RramVudCUyMGF2JTIwRkRBJTIwb2clMjBOU0YuJTIwUE9LRVRPTkUlRTIlODQlQTIlMjBlciUyMHZlcmRlbnMlMjBmJUMzJUI4cnN0ZSUyMGtvbW1lcnNpYWxpc2VydGUlMjBwb2x5a2V0b24u&raquo; ag_sh_img=&raquo;2353&#8243; ag_sh_tag=&raquo;h1&#8243; uc_init_settings=&raquo;&raquo;][\/vc_column][\/vc_row][vc_row content_placement=&raquo;middle&raquo; css=&raquo;.vc_custom_1659975571769{padding-top: 8rem !important;padding-bottom: 6rem !important;}&raquo;][vc_column width=&raquo;1\/2&#8243; css=&raquo;.vc_custom_1659975043893{padding-left: 1rem !important;}&raquo; el_class=&raquo;standard-padding&raquo;][ucaddon_ag_title ag_title_bold=&raquo;UG9seWtldG9uJTIwRWdlbnNrYXBlcg==&raquo; ag_title_font_size=&raquo;52&#8243; ag_title_align=&raquo;left&raquo; ag_titel_border=&raquo;&raquo; ag_title_tag=&raquo;h2&#8243; uc_init_settings=&raquo;&raquo;][vc_column_text css=&raquo;.vc_custom_1688455325781{padding-bottom: 2rem !important;}&raquo;] Utmerket kjemisk motstand, mot kj\u00f8ret\u00f8ysv\u00e6sker, hydrokarbonsolventer, salter og svake syrer og baser. PK viser h\u00f8yere motstand mot hydrolyse i et bredt spekter av vannmilj\u00f8 sammenlignet med [&hellip;]","og_url":"https:\/\/mapeplastics.se\/no\/materialer\/polyketon\/","og_site_name":"Mape Plastics","twitter_card":"summary_large_image","twitter_misc":{"Ansl. lesetid":"2 minutter"},"schema":{"@context":"https:\/\/schema.org","@graph":[{"@type":"WebPage","@id":"https:\/\/mapeplastics.se\/no\/materialer\/polyketon\/","url":"https:\/\/mapeplastics.se\/no\/materialer\/polyketon\/","name":"Polyketon - Mape Plastics","isPartOf":{"@id":"https:\/\/mapeplastics.se\/no\/#website"},"datePublished":"2023-07-04T07:46:08+00:00","dateModified":"2023-07-04T07:46:08+00:00","breadcrumb":{"@id":"https:\/\/mapeplastics.se\/no\/materialer\/polyketon\/#breadcrumb"},"inLanguage":"nb-NO","potentialAction":[{"@type":"ReadAction","target":["https:\/\/mapeplastics.se\/no\/materialer\/polyketon\/"]}]},{"@type":"BreadcrumbList","@id":"https:\/\/mapeplastics.se\/no\/materialer\/polyketon\/#breadcrumb","itemListElement":[{"@type":"ListItem","position":1,"name":"Hem","item":"https:\/\/mapeplastics.se\/no\/"},{"@type":"ListItem","position":2,"name":"Materialer","item":"https:\/\/mapeplastics.se\/no\/materialer\/"},{"@type":"ListItem","position":3,"name":"Polyketon"}]},{"@type":"WebSite","@id":"https:\/\/mapeplastics.se\/no\/#website","url":"https:\/\/mapeplastics.se\/no\/","name":"Mape Plastics","description":"","potentialAction":[{"@type":"SearchAction","target":{"@type":"EntryPoint","urlTemplate":"https:\/\/mapeplastics.se\/no\/?s={search_term_string}"},"query-input":"required name=search_term_string"}],"inLanguage":"nb-NO"}]}},"_links":{"self":[{"href":"https:\/\/mapeplastics.se\/no\/wp-json\/wp\/v2\/pages\/4653"}],"collection":[{"href":"https:\/\/mapeplastics.se\/no\/wp-json\/wp\/v2\/pages"}],"about":[{"href":"https:\/\/mapeplastics.se\/no\/wp-json\/wp\/v2\/types\/page"}],"author":[{"embeddable":true,"href":"https:\/\/mapeplastics.se\/no\/wp-json\/wp\/v2\/users\/29"}],"replies":[{"embeddable":true,"href":"https:\/\/mapeplastics.se\/no\/wp-json\/wp\/v2\/comments?post=4653"}],"version-history":[{"count":3,"href":"https:\/\/mapeplastics.se\/no\/wp-json\/wp\/v2\/pages\/4653\/revisions"}],"predecessor-version":[{"id":4664,"href":"https:\/\/mapeplastics.se\/no\/wp-json\/wp\/v2\/pages\/4653\/revisions\/4664"}],"up":[{"embeddable":true,"href":"https:\/\/mapeplastics.se\/no\/wp-json\/wp\/v2\/pages\/767"}],"wp:attachment":[{"href":"https:\/\/mapeplastics.se\/no\/wp-json\/wp\/v2\/media?parent=4653"}],"curies":[{"name":"wp","href":"https:\/\/api.w.org\/{rel}","templated":true}]}}