{"id":4742,"date":"2023-08-10T21:58:03","date_gmt":"2023-08-10T19:58:03","guid":{"rendered":"https:\/\/mapeplastics.se\/partnere\/lotte-chemical\/"},"modified":"2025-09-08T10:47:37","modified_gmt":"2025-09-08T08:47:37","slug":"lotte-chemical","status":"publish","type":"page","link":"https:\/\/mapeplastics.se\/no\/partnere\/lotte-chemical\/","title":{"rendered":"LOTTE CHEMICAL"},"content":{"rendered":"<section class=\"wpb-content-wrapper\"><p>[vc_row fullwidth=&raquo;1&#8243;][vc_column][ucaddon_ag_sub_hero ag_sh_text_small=&raquo;V\u00e5re partnere&raquo; ag_sh_text=&raquo;LOTTE CHEMICAL&raquo; ag_sub_hero_par=&raquo;TCVDMyVBNXMlMjBvcHAlMjBwb3RlbnNpYWxldCUyMHRpbCUyMGF2YW5zZXJ0ZSUyMG1hdGVyaWFsZXIlMjBtZWQlMjBMT1RURSUyMENoZW1pY2FscyUyMFN0YXJleCVDMiVBRSUyMG9nJTIwSU5GSU5PJUMyJUFFLg==&raquo; ag_sh_tag=&raquo;h1&#8243;][\/vc_column][\/vc_row][vc_row css_animation=&raquo;none&raquo; css=&raquo;.vc_custom_1663093872195{padding-top: 40px !important;padding-bottom: 40px !important;}&raquo;][vc_column css_animation=&raquo;fadeIn&raquo; width=&raquo;1\/2&#8243; el_class=&raquo;standard-padding&raquo;][vc_empty_space height=&raquo;120px&raquo;][ucaddon_ag_title ag_title_slim=&raquo;R3J1bm5sYWd0JTIwMTk3Ng==&raquo; ag_title_bold=&raquo;RW4lMjBiZWRyZSUyMHZlcmRlbiUyMGdqZW5ub20lMjBramVtaQ==&raquo; ag_title_font_size=&raquo;45&#8243; ag_title_align=&raquo;left&raquo; ag_titel_border=&raquo;&raquo;][vc_column_text css=&raquo;.vc_custom_1692087305991{padding-bottom: 2rem !important;}&raquo;]Etablert i 1976 har LOTTE Chemical utviklet seg til \u00e5 bli et anerkjent globalt kjemisk konsern. Fra sine opprinnelige r\u00f8tter som Koreas ledende kjemiske virksomhet, har selskapet vokst til \u00e5 bli en av verdens syv beste kjemiske selskaper. Dette er drevet av produktkonkurranseevnen som har utspring i eksepsjonelle FoU-kapasiteter og ekspertise.<\/p>\n<p>Dedikert til \u00e5 beskytte milj\u00f8et, fokuserer LOTTE Chemical p\u00e5 kontinuerlig produktutvikling ved bruk av milj\u00f8vennlige teknologier, med det ultimate m\u00e5let om \u00e5 forbedre livskvaliteten for enkeltindivider. Med en sterk forpliktelse til \u00e5 fremme en fremtid som gavner b\u00e5de menneskeheten og naturen, har LOTTE Chemical som m\u00e5l \u00e5 forme en b\u00e6rekraftig og velst\u00e5ende verden.[\/vc_column_text][\/vc_column][vc_column css_animation=&raquo;fadeIn&raquo; width=&raquo;1\/2&#8243;][ucaddon_ag_overlay_block ag_overlay_image=&raquo;4485&#8243; ag_overlay_image_font=&raquo;4425&#8243;][\/vc_column][\/vc_row][vc_row css_animation=&raquo;fadeIn&raquo; css=&raquo;.vc_custom_1663093992409{margin-top: 60px !important;margin-bottom: 80px !important;}&raquo;][vc_column width=&raquo;1\/2&#8243; el_class=&raquo;text-col&raquo;][ucaddon_ag_overlay_block ag_overlay_image=&raquo;4130&#8243; ag_overlay_image_font=&raquo;3267&#8243;][\/vc_column][vc_column width=&raquo;1\/2&#8243; el_class=&raquo;desktop-padding&raquo;][ucaddon_ag_title ag_title_slim=&raquo;U1RBUkVYJUMyJUFFJTIwT0clMjBJTkZJTk8lQzIlQUU=&raquo; ag_title_bold=&raquo;QXZhbnNlcnQlMjBtYXRlcmlhbGU=&raquo; ag_title_font_size=&raquo;45&#8243; ag_title_align=&raquo;left&raquo; ag_titel_border=&raquo;&raquo;][vc_column_text css=&raquo;.vc_custom_1692087338581{padding-bottom: 2rem !important;}&raquo;]Ved \u00e5 utnytte LOTTE Chemicals ekspertise innen avanserte materialer, er et omfattende spekter av spesialiserte materiell\u00f8sninger tilgjengelig. Disse tilbudene er spesifikt utformet for \u00e5 fremme kunders applikasjonsutvikling p\u00e5 tvers av ulike sektorer, som for eksempel husholdningsapparater, IT-enheter for energi, medisinsk utstyr og avanserte bildeler.<\/p>\n<p>Innenfor deres produktportef\u00f8lje utmerker starex\u00ae seg, og inkluderer en rekke generelle materialer, inkludert ABS, ABS-legering og spesialgrader avledet fra ABS og ASA. Samtidig tilbyr deres anerkjente merkevare, INFINO\u00ae, ingeni\u00f8rplast som PC og PC-legering, inkludert PC\/ABS og PC\/PBT.[\/vc_column_text][\/vc_column][\/vc_row][vc_row css=&raquo;.vc_custom_1692819208324{padding-bottom: 60px !important;}&raquo;][vc_column][ucaddon_ag_title ag_title_slim=&raquo;TWF0ZXJpYWxEYXRhYmFzZQ==&raquo; ag_title_bold=&raquo;TG90dGUlMjBwcm9kdWt0ZXI=&raquo; ag_title_font_size=&raquo;40&#8243; ag_title_align=&raquo;center&raquo; ag_titel_border=&raquo;&raquo;]\r\n        <style>\r\n            .js-ul-prospector-iframe {\r\n                width: 1px;\r\n                min-width: 100%;\r\n            }\r\n        <\/style>\r\n        <iframe class=\"js-ul-prospector-iframe\" src=\"https:\/\/catalog.ulprospector.com\/xquery.aspx?I=75681&amp;QM=100:1109&amp;RSCOLS=DYNAMIC&amp;FMT=HOV&amp;CULTURE=en&amp;PGSIZE=10\" frameborder=\"0\" allowfullscreen=\"false\" scrolling=\"yes\" loading=\"lazy\"><\/iframe>\r\n        <script>\r\n            jQuery(window).on(\"load\", function () {\r\n                if (!window.mapeChildUlProspectorIframeResizerInit) {\r\n                    console.log(\"Init UL Iframe Resizer\");\r\n                    iFrameResize({ log: false, scrolling: \"omit\" }, \".js-ul-prospector-iframe\");\r\n                    window.mapeChildUlProspectorIframeResizerInit = true;\r\n                }\r\n            });\r\n        <\/script>\r\n    [\/vc_column][\/vc_row][vc_row css=&raquo;.vc_custom_1647351943677{padding-top: 50px !important;padding-bottom: 60px !important;background-color: #f9f9f9 !important;}&raquo;][vc_column][ucaddon_ag_title ag_title_slim=&raquo;TE9UVEUlMjBDSEVNSUNBTA==&raquo; ag_title_bold=&raquo;TCVDMyU4NlIlMjBNRVIlMjBPTSUyMExPVFRF&raquo; ag_title_font_size=&raquo;45&#8243; ag_title_align=&raquo;center&raquo; ag_titel_border=&raquo;&raquo;][vc_empty_space height=&raquo;30px&raquo;][vc_row_inner gap=&raquo;30&#8243; el_class=&raquo;usp-row&raquo;][vc_column_inner el_class=&raquo;cta-col&raquo; width=&raquo;1\/3&#8243; css=&raquo;.vc_custom_1647427402135{padding-top: 0px !important;background-color: #ffffff !important;}&raquo;][vc_single_image image=&raquo;4480&#8243; img_size=&raquo;full&raquo; onclick=&raquo;custom_link&raquo; img_link_target=&raquo;_blank&raquo; el_class=&raquo;cta-img&raquo; link=&raquo;https:\/\/product.lottechem.com\/en\/index.do&raquo;][vc_custom_heading text=&raquo;LOTTE CHEMICAL&raquo; font_container=&raquo;tag:h3|text_align:left&raquo; use_theme_fonts=&raquo;yes&raquo; el_class=&raquo;rubrik-mape&raquo; css=&raquo;.vc_custom_1686562565924{padding-left: 15px !important;}&raquo; link=&raquo;url:https%3A%2F%2Fproduct.lottechem.com%2Fen%2Findex.do&raquo;][vc_column_text el_class=&raquo;under-rubrik-mape&raquo; css=&raquo;.vc_custom_1692087932780{padding-left: 15px !important;}&raquo;]<a href=\"https:\/\/product.lottechem.com\/en\/index.do\">Bes\u00f8k LOTTE website<\/a>[\/vc_column_text][vc_empty_space height=&raquo;30px&raquo;][\/vc_column_inner][vc_column_inner el_class=&raquo;cta-col&raquo; width=&raquo;1\/3&#8243; css=&raquo;.vc_custom_1647352243868{padding-top: 0px !important;background-color: #ffffff !important;}&raquo;][vc_single_image image=&raquo;4490&#8243; img_size=&raquo;full&raquo; onclick=&raquo;custom_link&raquo; img_link_target=&raquo;_blank&raquo; el_class=&raquo;cta-img&raquo; link=&raquo;https:\/\/product.lottechem.com\/en\/tech\/brochure.do;jsessionid=51729ABC614899B03A7A734C929CA888?brPrdGroupCate=advanced&raquo;][vc_custom_heading text=&raquo;PRODUKTBROSJYRER&raquo; font_container=&raquo;tag:h3|text_align:left&raquo; use_theme_fonts=&raquo;yes&raquo; el_class=&raquo;rubrik-mape&raquo; css=&raquo;.vc_custom_1692087979756{padding-left: 15px !important;}&raquo; link=&raquo;url:https%3A%2F%2Fproduct.lottechem.com%2Fen%2Ftech%2Fbrochure.do%3Bjsessionid%3D51729ABC614899B03A7A734C929CA888%3FbrPrdGroupCate%3Dadvanced&raquo;][vc_column_text el_class=&raquo;under-rubrik-mape&raquo; css=&raquo;.vc_custom_1692087964778{padding-left: 15px !important;}&raquo;]<a href=\"https:\/\/product.lottechem.com\/en\/tech\/brochure.do;jsessionid=51729ABC614899B03A7A734C929CA888?brPrdGroupCate=advanced\" target=\"_blank\" rel=\"noopener\">Utforske Infino and Starex<\/a>[\/vc_column_text][vc_empty_space height=&raquo;30px&raquo;][\/vc_column_inner][vc_column_inner el_class=&raquo;cta-col&raquo; width=&raquo;1\/3&#8243; css=&raquo;.vc_custom_1647351040630{padding-top: 0px !important;background-color: #ffffff !important;}&raquo;][vc_single_image image=&raquo;8199&#8243; img_size=&raquo;full&raquo; onclick=&raquo;custom_link&raquo; img_link_target=&raquo;_blank&raquo; el_class=&raquo;cta-img&raquo; link=&raquo;mailto:gustav.claesson@mapeplastics.se&raquo;][vc_custom_heading text=&raquo;VIL DU VITE MER?&raquo; font_container=&raquo;tag:h3|text_align:left&raquo; use_theme_fonts=&raquo;yes&raquo; el_class=&raquo;rubrik-mape&raquo; css=&raquo;.vc_custom_1692087993931{padding-left: 15px !important;}&raquo; link=&raquo;url:mailto%3Amagnus%40mapeplastics.se&raquo;][vc_column_text el_class=&raquo;under-rubrik-mape&raquo; css=&raquo;.vc_custom_1757321255162{padding-left: 15px !important;}&raquo;]<a href=\"mailto:gustav.claesson@mapeplastics.se\" target=\"_blank\" rel=\"noopener\">KONTAKT GUSTAV CLAESSON<\/a>[\/vc_column_text][vc_empty_space height=&raquo;30px&raquo;][\/vc_column_inner][\/vc_row_inner][\/vc_column][\/vc_row]<\/p>\n<\/section>","protected":false},"excerpt":{"rendered":"<p>[vc_row fullwidth=&raquo;1&#8243;][vc_column][ucaddon_ag_sub_hero ag_sh_text_small=&raquo;V\u00e5re partnere&raquo; ag_sh_text=&raquo;LOTTE CHEMICAL&raquo; ag_sub_hero_par=&raquo;TCVDMyVBNXMlMjBvcHAlMjBwb3RlbnNpYWxldCUyMHRpbCUyMGF2YW5zZXJ0ZSUyMG1hdGVyaWFsZXIlMjBtZWQlMjBMT1RURSUyMENoZW1pY2FscyUyMFN0YXJleCVDMiVBRSUyMG9nJTIwSU5GSU5PJUMyJUFFLg==&raquo; ag_sh_tag=&raquo;h1&#8243;][\/vc_column][\/vc_row][vc_row css_animation=&raquo;none&raquo; css=&raquo;.vc_custom_1663093872195{padding-top: 40px !important;padding-bottom: 40px !important;}&raquo;][vc_column css_animation=&raquo;fadeIn&raquo; width=&raquo;1\/2&#8243; el_class=&raquo;standard-padding&raquo;][vc_empty_space height=&raquo;120px&raquo;][ucaddon_ag_title ag_title_slim=&raquo;R3J1bm5sYWd0JTIwMTk3Ng==&raquo; ag_title_bold=&raquo;RW4lMjBiZWRyZSUyMHZlcmRlbiUyMGdqZW5ub20lMjBramVtaQ==&raquo; ag_title_font_size=&raquo;45&#8243; ag_title_align=&raquo;left&raquo; ag_titel_border=&raquo;&raquo;][vc_column_text css=&raquo;.vc_custom_1692087305991{padding-bottom: 2rem !important;}&raquo;]Etablert i 1976 har LOTTE Chemical utviklet seg til \u00e5 bli et anerkjent globalt kjemisk konsern. Fra sine opprinnelige r\u00f8tter som Koreas ledende kjemiske virksomhet, har selskapet vokst til \u00e5 [&hellip;]<\/p>\n","protected":false},"author":29,"featured_media":0,"parent":775,"menu_order":0,"comment_status":"closed","ping_status":"closed","template":"page-visual-composer.php","meta":{"_mi_skip_tracking":false},"acf":[],"yoast_head":"<!-- This site is optimized with the Yoast SEO plugin v20.7 - https:\/\/yoast.com\/wordpress\/plugins\/seo\/ -->\n<title>LOTTE CHEMICAL - Mape Plastics<\/title>\n<meta name=\"robots\" content=\"index, follow, max-snippet:-1, max-image-preview:large, max-video-preview:-1\" \/>\n<link rel=\"canonical\" href=\"https:\/\/mapeplastics.se\/no\/partnere\/lotte-chemical\/\" \/>\n<meta property=\"og:locale\" content=\"nb_NO\" \/>\n<meta property=\"og:type\" content=\"article\" \/>\n<meta property=\"og:title\" content=\"LOTTE CHEMICAL - Mape Plastics\" \/>\n<meta property=\"og:description\" content=\"[vc_row fullwidth=&raquo;1&#8243;][vc_column][ucaddon_ag_sub_hero ag_sh_text_small=&raquo;V\u00e5re partnere&raquo; ag_sh_text=&raquo;LOTTE CHEMICAL&raquo; ag_sub_hero_par=&raquo;TCVDMyVBNXMlMjBvcHAlMjBwb3RlbnNpYWxldCUyMHRpbCUyMGF2YW5zZXJ0ZSUyMG1hdGVyaWFsZXIlMjBtZWQlMjBMT1RURSUyMENoZW1pY2FscyUyMFN0YXJleCVDMiVBRSUyMG9nJTIwSU5GSU5PJUMyJUFFLg==&raquo; ag_sh_tag=&raquo;h1&#8243;][\/vc_column][\/vc_row][vc_row css_animation=&raquo;none&raquo; css=&raquo;.vc_custom_1663093872195{padding-top: 40px !important;padding-bottom: 40px !important;}&raquo;][vc_column css_animation=&raquo;fadeIn&raquo; width=&raquo;1\/2&#8243; el_class=&raquo;standard-padding&raquo;][vc_empty_space height=&raquo;120px&raquo;][ucaddon_ag_title ag_title_slim=&raquo;R3J1bm5sYWd0JTIwMTk3Ng==&raquo; ag_title_bold=&raquo;RW4lMjBiZWRyZSUyMHZlcmRlbiUyMGdqZW5ub20lMjBramVtaQ==&raquo; ag_title_font_size=&raquo;45&#8243; ag_title_align=&raquo;left&raquo; ag_titel_border=&raquo;&raquo;][vc_column_text css=&raquo;.vc_custom_1692087305991{padding-bottom: 2rem !important;}&raquo;]Etablert i 1976 har LOTTE Chemical utviklet seg til \u00e5 bli et anerkjent globalt kjemisk konsern. Fra sine opprinnelige r\u00f8tter som Koreas ledende kjemiske virksomhet, har selskapet vokst til \u00e5 [&hellip;]\" \/>\n<meta property=\"og:url\" content=\"https:\/\/mapeplastics.se\/no\/partnere\/lotte-chemical\/\" \/>\n<meta property=\"og:site_name\" content=\"Mape Plastics\" \/>\n<meta property=\"article:modified_time\" content=\"2025-09-08T08:47:37+00:00\" \/>\n<meta name=\"twitter:card\" content=\"summary_large_image\" \/>\n<meta name=\"twitter:label1\" content=\"Ansl. lesetid\" \/>\n\t<meta name=\"twitter:data1\" content=\"2 minutter\" \/>\n<script type=\"application\/ld+json\" class=\"yoast-schema-graph\">{\"@context\":\"https:\/\/schema.org\",\"@graph\":[{\"@type\":\"WebPage\",\"@id\":\"https:\/\/mapeplastics.se\/no\/partnere\/lotte-chemical\/\",\"url\":\"https:\/\/mapeplastics.se\/no\/partnere\/lotte-chemical\/\",\"name\":\"LOTTE CHEMICAL - Mape Plastics\",\"isPartOf\":{\"@id\":\"https:\/\/mapeplastics.se\/no\/#website\"},\"datePublished\":\"2023-08-10T19:58:03+00:00\",\"dateModified\":\"2025-09-08T08:47:37+00:00\",\"breadcrumb\":{\"@id\":\"https:\/\/mapeplastics.se\/no\/partnere\/lotte-chemical\/#breadcrumb\"},\"inLanguage\":\"nb-NO\",\"potentialAction\":[{\"@type\":\"ReadAction\",\"target\":[\"https:\/\/mapeplastics.se\/no\/partnere\/lotte-chemical\/\"]}]},{\"@type\":\"BreadcrumbList\",\"@id\":\"https:\/\/mapeplastics.se\/no\/partnere\/lotte-chemical\/#breadcrumb\",\"itemListElement\":[{\"@type\":\"ListItem\",\"position\":1,\"name\":\"Hem\",\"item\":\"https:\/\/mapeplastics.se\/no\/\"},{\"@type\":\"ListItem\",\"position\":2,\"name\":\"Partnere\",\"item\":\"https:\/\/mapeplastics.se\/no\/partnere\/\"},{\"@type\":\"ListItem\",\"position\":3,\"name\":\"LOTTE CHEMICAL\"}]},{\"@type\":\"WebSite\",\"@id\":\"https:\/\/mapeplastics.se\/no\/#website\",\"url\":\"https:\/\/mapeplastics.se\/no\/\",\"name\":\"Mape Plastics\",\"description\":\"\",\"potentialAction\":[{\"@type\":\"SearchAction\",\"target\":{\"@type\":\"EntryPoint\",\"urlTemplate\":\"https:\/\/mapeplastics.se\/no\/?s={search_term_string}\"},\"query-input\":\"required name=search_term_string\"}],\"inLanguage\":\"nb-NO\"}]}<\/script>\n<!-- \/ Yoast SEO plugin. -->","yoast_head_json":{"title":"LOTTE CHEMICAL - Mape Plastics","robots":{"index":"index","follow":"follow","max-snippet":"max-snippet:-1","max-image-preview":"max-image-preview:large","max-video-preview":"max-video-preview:-1"},"canonical":"https:\/\/mapeplastics.se\/no\/partnere\/lotte-chemical\/","og_locale":"nb_NO","og_type":"article","og_title":"LOTTE CHEMICAL - Mape Plastics","og_description":"[vc_row fullwidth=&raquo;1&#8243;][vc_column][ucaddon_ag_sub_hero ag_sh_text_small=&raquo;V\u00e5re partnere&raquo; ag_sh_text=&raquo;LOTTE CHEMICAL&raquo; ag_sub_hero_par=&raquo;TCVDMyVBNXMlMjBvcHAlMjBwb3RlbnNpYWxldCUyMHRpbCUyMGF2YW5zZXJ0ZSUyMG1hdGVyaWFsZXIlMjBtZWQlMjBMT1RURSUyMENoZW1pY2FscyUyMFN0YXJleCVDMiVBRSUyMG9nJTIwSU5GSU5PJUMyJUFFLg==&raquo; ag_sh_tag=&raquo;h1&#8243;][\/vc_column][\/vc_row][vc_row css_animation=&raquo;none&raquo; css=&raquo;.vc_custom_1663093872195{padding-top: 40px !important;padding-bottom: 40px !important;}&raquo;][vc_column css_animation=&raquo;fadeIn&raquo; width=&raquo;1\/2&#8243; el_class=&raquo;standard-padding&raquo;][vc_empty_space height=&raquo;120px&raquo;][ucaddon_ag_title ag_title_slim=&raquo;R3J1bm5sYWd0JTIwMTk3Ng==&raquo; ag_title_bold=&raquo;RW4lMjBiZWRyZSUyMHZlcmRlbiUyMGdqZW5ub20lMjBramVtaQ==&raquo; ag_title_font_size=&raquo;45&#8243; ag_title_align=&raquo;left&raquo; ag_titel_border=&raquo;&raquo;][vc_column_text css=&raquo;.vc_custom_1692087305991{padding-bottom: 2rem !important;}&raquo;]Etablert i 1976 har LOTTE Chemical utviklet seg til \u00e5 bli et anerkjent globalt kjemisk konsern. Fra sine opprinnelige r\u00f8tter som Koreas ledende kjemiske virksomhet, har selskapet vokst til \u00e5 [&hellip;]","og_url":"https:\/\/mapeplastics.se\/no\/partnere\/lotte-chemical\/","og_site_name":"Mape Plastics","article_modified_time":"2025-09-08T08:47:37+00:00","twitter_card":"summary_large_image","twitter_misc":{"Ansl. lesetid":"2 minutter"},"schema":{"@context":"https:\/\/schema.org","@graph":[{"@type":"WebPage","@id":"https:\/\/mapeplastics.se\/no\/partnere\/lotte-chemical\/","url":"https:\/\/mapeplastics.se\/no\/partnere\/lotte-chemical\/","name":"LOTTE CHEMICAL - Mape Plastics","isPartOf":{"@id":"https:\/\/mapeplastics.se\/no\/#website"},"datePublished":"2023-08-10T19:58:03+00:00","dateModified":"2025-09-08T08:47:37+00:00","breadcrumb":{"@id":"https:\/\/mapeplastics.se\/no\/partnere\/lotte-chemical\/#breadcrumb"},"inLanguage":"nb-NO","potentialAction":[{"@type":"ReadAction","target":["https:\/\/mapeplastics.se\/no\/partnere\/lotte-chemical\/"]}]},{"@type":"BreadcrumbList","@id":"https:\/\/mapeplastics.se\/no\/partnere\/lotte-chemical\/#breadcrumb","itemListElement":[{"@type":"ListItem","position":1,"name":"Hem","item":"https:\/\/mapeplastics.se\/no\/"},{"@type":"ListItem","position":2,"name":"Partnere","item":"https:\/\/mapeplastics.se\/no\/partnere\/"},{"@type":"ListItem","position":3,"name":"LOTTE CHEMICAL"}]},{"@type":"WebSite","@id":"https:\/\/mapeplastics.se\/no\/#website","url":"https:\/\/mapeplastics.se\/no\/","name":"Mape Plastics","description":"","potentialAction":[{"@type":"SearchAction","target":{"@type":"EntryPoint","urlTemplate":"https:\/\/mapeplastics.se\/no\/?s={search_term_string}"},"query-input":"required name=search_term_string"}],"inLanguage":"nb-NO"}]}},"_links":{"self":[{"href":"https:\/\/mapeplastics.se\/no\/wp-json\/wp\/v2\/pages\/4742"}],"collection":[{"href":"https:\/\/mapeplastics.se\/no\/wp-json\/wp\/v2\/pages"}],"about":[{"href":"https:\/\/mapeplastics.se\/no\/wp-json\/wp\/v2\/types\/page"}],"author":[{"embeddable":true,"href":"https:\/\/mapeplastics.se\/no\/wp-json\/wp\/v2\/users\/29"}],"replies":[{"embeddable":true,"href":"https:\/\/mapeplastics.se\/no\/wp-json\/wp\/v2\/comments?post=4742"}],"version-history":[{"count":5,"href":"https:\/\/mapeplastics.se\/no\/wp-json\/wp\/v2\/pages\/4742\/revisions"}],"predecessor-version":[{"id":8206,"href":"https:\/\/mapeplastics.se\/no\/wp-json\/wp\/v2\/pages\/4742\/revisions\/8206"}],"up":[{"embeddable":true,"href":"https:\/\/mapeplastics.se\/no\/wp-json\/wp\/v2\/pages\/775"}],"wp:attachment":[{"href":"https:\/\/mapeplastics.se\/no\/wp-json\/wp\/v2\/media?parent=4742"}],"curies":[{"name":"wp","href":"https:\/\/api.w.org\/{rel}","templated":true}]}}