{"id":760,"date":"2020-09-11T12:20:43","date_gmt":"2020-09-11T12:20:43","guid":{"rendered":"https:\/\/mape-2.flywheelsites.com\/policy\/"},"modified":"2021-10-01T09:55:22","modified_gmt":"2021-10-01T09:55:22","slug":"policy","status":"publish","type":"page","link":"https:\/\/mapeplastics.se\/no\/policy\/","title":{"rendered":"Policy"},"content":{"rendered":"<section class=\"wpb-content-wrapper\"><p>[vc_row fullwidth=&raquo;1&#8243;][vc_column][ucaddon_ag_sub_hero ag_sh_text_small=&raquo;policy&raquo; ag_sh_text=&raquo;Our policy&raquo; ag_sh_img=&raquo;19&#8243;][\/vc_column][\/vc_row][vc_row css=&raquo;.vc_custom_1599826993982{padding-top: 4rem !important;padding-bottom: 4rem !important;background-color: #f1f1f1 !important;background-position: center !important;background-repeat: no-repeat !important;background-size: cover !important;}&raquo;][vc_column][vc_column_text]<\/p>\n<p class=\"p1\"><span class=\"s1\"><b>Disse retningslinjene for personvern og informasjonskapsler informerer deg om hvordan vi bruker personopplysninger sendt til oss, eller personlig informasjon samlet inn av oss online (ved hjelp av informasjonskapsler).\u00a0Denne policyen er tilgjengelig p\u00e5 www.mapeplastics.se<\/b><\/span><\/p>\n<p class=\"p1\"><span class=\"s1\">Mape Plastics AB vil alltid overholde gjeldende personvernlover, og vil sikre at personopplysninger behandles konfidensielt.\u00a0Mape Plastics AB vil ikke, med mindre det er lovlig eller ved juridisk bindende avgj\u00f8relse fra vedkommende myndigheter, gi personopplysninger til tredjeparter uten forh\u00e5ndssamtykke, med mindre det er spesifikt angitt her.<\/span><\/p>\n<p class=\"p1\"><span class=\"s1\">Mape Plastics AB vil behandle f\u00f8lgende personopplysninger:<\/span><\/p>\n<ul class=\"ul1\">\n<li class=\"li2\"><span class=\"s2\">Navn, telefonnummer og e-post for \u00e5 behandle en foresp\u00f8rsel n\u00e5r du fyller ut skjemaet p\u00e5 nettstedet www.mapeplastics.se<\/span><\/li>\n<li class=\"li2\"><span class=\"s2\">IP -adressen din for \u00e5 effektivisere bruken av nettstedet v\u00e5rt<\/span><\/li>\n<li class=\"li2\"><span class=\"s2\">Hvis du kontakter Mape Plastics AB, lagrer vi korrespondanse eller kommentarer, som kan inneholde personlig informasjon, for \u00e5 gi bedre service hvis du kontakter Mape Plastics AB igjen.<\/span><\/li>\n<\/ul>\n<p class=\"p1\"><span class=\"s1\"><b>Lovlighet av behandlingen<\/b><\/span><\/p>\n<p class=\"p1\"><span class=\"s1\">Mape Plastics AB vil:<\/span><\/p>\n<p class=\"p1\"><span class=\"s1\">Behandle dine personopplysninger lovlig, riktig og p\u00e5 en \u00e5pen m\u00e5te.\u00a0Samle dine personopplysninger for de angitte og legitime form\u00e5lene som er angitt i denne policyen, og vil ikke behandle dine personlige opplysninger p\u00e5 noen m\u00e5te som er uforenlige med disse form\u00e5lene.\u00a0Samle inn og behandle personopplysninger som er tilstrekkelige, relevante og n\u00f8dvendige for form\u00e5lene de samles inn og brukes til.\u00a0Behandle personopplysningene dine bare s\u00e5 lenge det er n\u00f8dvendig for form\u00e5lene de ble samlet inn til.\u00a0Ta passende tekniske og organisatoriske tiltak for \u00e5 forhindre uautorisert tilgang, ulovlig behandling og uautorisert eller utilsiktet tap, \u00f8deleggelse eller skade p\u00e5 personopplysninger, og derved sikre et passende sikkerhetsniv\u00e5.\u00a0Ta alle rimelige skritt for \u00e5 sikre at dine personlige opplysninger er riktige og oppdateres uten forsinkelse hvis Mape Plastics AB blir informert eller p\u00e5 annen m\u00e5te blir oppmerksom p\u00e5 feil informasjon.\u00a0Slett personopplysninger p\u00e5 foresp\u00f8rsel uten un\u00f8dig forsinkelse, med mindre det er juridiske grunner til \u00e5 fortsette behandlingen,<\/span><\/p>\n<ul class=\"ul1\">\n<li class=\"li2\"><span class=\"s2\">Begrens behandlingen p\u00e5 foresp\u00f8rsel med mindre det er juridiske grunner til \u00e5 fortsette behandlingen.<\/span><\/li>\n<li class=\"li2\"><span class=\"s2\">P\u00e5 foresp\u00f8rsel, informer deg om hvilke personopplysninger som har blitt behandlet av Mape Plastics AB i en vanlig og maskinlesbar form.<\/span><\/li>\n<\/ul>\n<p class=\"p1\"><span class=\"s1\"><b>Rettslig grunnlag for behandling<\/b><\/span><\/p>\n<p class=\"p1\"><span class=\"s1\">Mape Plastics AB samler inn og behandler dine personopplysninger om og i den grad du har gitt samtykke.<\/span><\/p>\n<p class=\"p1\"><span class=\"s1\">Hvis og i den utstrekning foresp\u00f8rselen din resulterer i en avtale mellom deg og Mape Plastics AB, vil dine personlige opplysninger som er samlet inn og behandlet da foresp\u00f8rselen ble fremsatt, bli behandlet i den grad det er n\u00f8dvendig for \u00e5 oppfylle Mape Plastics ABs forpliktelser i henhold til den aktuelle avtalen.\u00a0Mape Plastics AB vil videre behandle dine personopplysninger i den grad Mape Plastics AB er forpliktet til det p\u00e5 grunn av lov eller vedtak fra myndigheten.<\/span><\/p>\n<p class=\"p1\"><span class=\"s1\"><b>Personopplysningsassistent<\/b><\/span><\/p>\n<p class=\"p1\"><span class=\"s1\">Mape Plastics AB lar en personopplysningsassistent behandle alle personopplysninger gjennom b\u00e5de datalagring og drift av systemene v\u00e5re.\u00a0Personopplysningsassistenten kan ogs\u00e5 lese, ordne og sende personopplysninger i henhold til instruksjoner fra Mape Plastics AB.\u00a0Personopplysningsassistenten behandler bare personopplysningene dine p\u00e5 servere som ligger innenfor grensen mellom EU og E\u00d8S og som kontrolleres av personopplysningsassistenten.<\/span><\/p>\n<p class=\"p1\"><span class=\"s1\">Informasjonskapsler-Er tredjeparter uavhengig av Mape Plastics AB bruker informasjonskapsler for \u00e5 gi et mer brukervennlig nettsted.\u00a0Tredjeparts informasjonskapsler kan ogs\u00e5 brukes (f.eks. Google Analytics eller andre verkt\u00f8y) for analyse og \/ eller trafikkforbedring og bes\u00f8k.<\/span><\/p>\n<p class=\"p1\"><span class=\"s1\">Hvis du ikke vil ha informasjonskapsler installert p\u00e5 datamaskinen din eller \u00f8nsker \u00e5 begrense behandlingen av slik informasjon, kan nettleseren din i noen tilfeller tillate deg \u00e5 velge bort eller anonymisere IP -adressen din.<\/span><\/p>\n<p class=\"p1\"><span class=\"s1\"><b>Sikkerhet<\/b><\/span><\/p>\n<p class=\"p1\"><span class=\"s1\">Mape Plastics AB sikrer at passende tekniske og organisatoriske tiltak iverksettes for \u00e5 beskytte dine personlige data mot uautorisert tilgang eller \u00f8deleggelse, ulovlig behandling eller utilsiktet tap eller skade.\u00a0Mape Plastics AB bruker en sikker server der dine personopplysninger behandles og begrenser tilgangen til personopplysninger i organisasjonen.\u00a0Fullmakt til \u00e5 f\u00e5 tilgang til personopplysninger gis bare til enkeltpersoner i organisasjonen, s\u00e5 vel som til Personopplysningsassistenten, med det ene form\u00e5let \u00e5 kunne utf\u00f8re sine oppgaver.<\/span><\/p>\n<p class=\"p1\"><span class=\"s1\"><b>Endringer i denne personvernerkl\u00e6ringen<\/b><\/span><\/p>\n<p class=\"p1\"><span class=\"s1\">Selskapet AB forbeholder seg retten til \u00e5 endre denne personvernerkl\u00e6ringen etter behov, for eksempel for \u00e5 f\u00f8lge endringer i lover og forskrifter.\u00a0En slik endring vil bli publisert p\u00e5 Mape Plastics ABs nettsted.<\/span><\/p>\n<p class=\"p1\"><span class=\"s1\">Kontakt<\/span><\/p>\n<p class=\"p1\"><span class=\"s1\">Mape Plastics AB, S\u00e5gv\u00e4gen 6, SE-506 40 Bor\u00e5s<\/span><\/p>\n<p class=\"p1\"><span class=\"s1\">T:\u00a0\u00a0<a href=\"tel:033417030\">+46 33 41 70 30<\/a>\u00a0, Epost:\u00a0\u00a0<a href=\"mailto:info@mapeplastics.se\">info@mapeplastics.se<\/a><\/span><\/p>\n<p>[\/vc_column_text][\/vc_column][\/vc_row]<\/p>\n<\/section>","protected":false},"excerpt":{"rendered":"<p>[vc_row fullwidth=&raquo;1&#8243;][vc_column][ucaddon_ag_sub_hero ag_sh_text_small=&raquo;policy&raquo; ag_sh_text=&raquo;Our policy&raquo; ag_sh_img=&raquo;19&#8243;][\/vc_column][\/vc_row][vc_row css=&raquo;.vc_custom_1599826993982{padding-top: 4rem !important;padding-bottom: 4rem !important;background-color: #f1f1f1 !important;background-position: center !important;background-repeat: no-repeat !important;background-size: cover !important;}&raquo;][vc_column][vc_column_text] Disse retningslinjene for personvern og informasjonskapsler informerer deg om hvordan vi bruker personopplysninger sendt til oss, eller personlig informasjon samlet inn av oss online (ved hjelp av informasjonskapsler).\u00a0Denne policyen er tilgjengelig p\u00e5 www.mapeplastics.se Mape Plastics AB [&hellip;]<\/p>\n","protected":false},"author":1,"featured_media":0,"parent":0,"menu_order":0,"comment_status":"closed","ping_status":"closed","template":"page-visual-composer.php","meta":{"_mi_skip_tracking":false},"acf":[],"yoast_head":"<!-- This site is optimized with the Yoast SEO plugin v20.7 - https:\/\/yoast.com\/wordpress\/plugins\/seo\/ -->\n<title>Policy - Mape Plastics<\/title>\n<meta name=\"robots\" content=\"index, follow, max-snippet:-1, max-image-preview:large, max-video-preview:-1\" \/>\n<link rel=\"canonical\" href=\"https:\/\/mapeplastics.se\/no\/policy\/\" \/>\n<meta property=\"og:locale\" content=\"nb_NO\" \/>\n<meta property=\"og:type\" content=\"article\" \/>\n<meta property=\"og:title\" content=\"Policy - Mape Plastics\" \/>\n<meta property=\"og:description\" content=\"[vc_row fullwidth=&raquo;1&#8243;][vc_column][ucaddon_ag_sub_hero ag_sh_text_small=&raquo;policy&raquo; ag_sh_text=&raquo;Our policy&raquo; ag_sh_img=&raquo;19&#8243;][\/vc_column][\/vc_row][vc_row css=&raquo;.vc_custom_1599826993982{padding-top: 4rem !important;padding-bottom: 4rem !important;background-color: #f1f1f1 !important;background-position: center !important;background-repeat: no-repeat !important;background-size: cover !important;}&raquo;][vc_column][vc_column_text] Disse retningslinjene for personvern og informasjonskapsler informerer deg om hvordan vi bruker personopplysninger sendt til oss, eller personlig informasjon samlet inn av oss online (ved hjelp av informasjonskapsler).\u00a0Denne policyen er tilgjengelig p\u00e5 www.mapeplastics.se Mape Plastics AB [&hellip;]\" \/>\n<meta property=\"og:url\" content=\"https:\/\/mapeplastics.se\/no\/policy\/\" \/>\n<meta property=\"og:site_name\" content=\"Mape Plastics\" \/>\n<meta property=\"article:modified_time\" content=\"2021-10-01T09:55:22+00:00\" \/>\n<meta name=\"twitter:card\" content=\"summary_large_image\" \/>\n<meta name=\"twitter:label1\" content=\"Ansl. lesetid\" \/>\n\t<meta name=\"twitter:data1\" content=\"4 minutter\" \/>\n<script type=\"application\/ld+json\" class=\"yoast-schema-graph\">{\"@context\":\"https:\/\/schema.org\",\"@graph\":[{\"@type\":\"WebPage\",\"@id\":\"https:\/\/mapeplastics.se\/no\/policy\/\",\"url\":\"https:\/\/mapeplastics.se\/no\/policy\/\",\"name\":\"Policy - Mape Plastics\",\"isPartOf\":{\"@id\":\"https:\/\/mapeplastics.se\/no\/#website\"},\"datePublished\":\"2020-09-11T12:20:43+00:00\",\"dateModified\":\"2021-10-01T09:55:22+00:00\",\"breadcrumb\":{\"@id\":\"https:\/\/mapeplastics.se\/no\/policy\/#breadcrumb\"},\"inLanguage\":\"nb-NO\",\"potentialAction\":[{\"@type\":\"ReadAction\",\"target\":[\"https:\/\/mapeplastics.se\/no\/policy\/\"]}]},{\"@type\":\"BreadcrumbList\",\"@id\":\"https:\/\/mapeplastics.se\/no\/policy\/#breadcrumb\",\"itemListElement\":[{\"@type\":\"ListItem\",\"position\":1,\"name\":\"Hem\",\"item\":\"https:\/\/mapeplastics.se\/no\/\"},{\"@type\":\"ListItem\",\"position\":2,\"name\":\"Policy\"}]},{\"@type\":\"WebSite\",\"@id\":\"https:\/\/mapeplastics.se\/no\/#website\",\"url\":\"https:\/\/mapeplastics.se\/no\/\",\"name\":\"Mape Plastics\",\"description\":\"\",\"potentialAction\":[{\"@type\":\"SearchAction\",\"target\":{\"@type\":\"EntryPoint\",\"urlTemplate\":\"https:\/\/mapeplastics.se\/no\/?s={search_term_string}\"},\"query-input\":\"required name=search_term_string\"}],\"inLanguage\":\"nb-NO\"}]}<\/script>\n<!-- \/ Yoast SEO plugin. -->","yoast_head_json":{"title":"Policy - Mape Plastics","robots":{"index":"index","follow":"follow","max-snippet":"max-snippet:-1","max-image-preview":"max-image-preview:large","max-video-preview":"max-video-preview:-1"},"canonical":"https:\/\/mapeplastics.se\/no\/policy\/","og_locale":"nb_NO","og_type":"article","og_title":"Policy - Mape Plastics","og_description":"[vc_row fullwidth=&raquo;1&#8243;][vc_column][ucaddon_ag_sub_hero ag_sh_text_small=&raquo;policy&raquo; ag_sh_text=&raquo;Our policy&raquo; ag_sh_img=&raquo;19&#8243;][\/vc_column][\/vc_row][vc_row css=&raquo;.vc_custom_1599826993982{padding-top: 4rem !important;padding-bottom: 4rem !important;background-color: #f1f1f1 !important;background-position: center !important;background-repeat: no-repeat !important;background-size: cover !important;}&raquo;][vc_column][vc_column_text] Disse retningslinjene for personvern og informasjonskapsler informerer deg om hvordan vi bruker personopplysninger sendt til oss, eller personlig informasjon samlet inn av oss online (ved hjelp av informasjonskapsler).\u00a0Denne policyen er tilgjengelig p\u00e5 www.mapeplastics.se Mape Plastics AB [&hellip;]","og_url":"https:\/\/mapeplastics.se\/no\/policy\/","og_site_name":"Mape Plastics","article_modified_time":"2021-10-01T09:55:22+00:00","twitter_card":"summary_large_image","twitter_misc":{"Ansl. lesetid":"4 minutter"},"schema":{"@context":"https:\/\/schema.org","@graph":[{"@type":"WebPage","@id":"https:\/\/mapeplastics.se\/no\/policy\/","url":"https:\/\/mapeplastics.se\/no\/policy\/","name":"Policy - Mape Plastics","isPartOf":{"@id":"https:\/\/mapeplastics.se\/no\/#website"},"datePublished":"2020-09-11T12:20:43+00:00","dateModified":"2021-10-01T09:55:22+00:00","breadcrumb":{"@id":"https:\/\/mapeplastics.se\/no\/policy\/#breadcrumb"},"inLanguage":"nb-NO","potentialAction":[{"@type":"ReadAction","target":["https:\/\/mapeplastics.se\/no\/policy\/"]}]},{"@type":"BreadcrumbList","@id":"https:\/\/mapeplastics.se\/no\/policy\/#breadcrumb","itemListElement":[{"@type":"ListItem","position":1,"name":"Hem","item":"https:\/\/mapeplastics.se\/no\/"},{"@type":"ListItem","position":2,"name":"Policy"}]},{"@type":"WebSite","@id":"https:\/\/mapeplastics.se\/no\/#website","url":"https:\/\/mapeplastics.se\/no\/","name":"Mape Plastics","description":"","potentialAction":[{"@type":"SearchAction","target":{"@type":"EntryPoint","urlTemplate":"https:\/\/mapeplastics.se\/no\/?s={search_term_string}"},"query-input":"required name=search_term_string"}],"inLanguage":"nb-NO"}]}},"_links":{"self":[{"href":"https:\/\/mapeplastics.se\/no\/wp-json\/wp\/v2\/pages\/760"}],"collection":[{"href":"https:\/\/mapeplastics.se\/no\/wp-json\/wp\/v2\/pages"}],"about":[{"href":"https:\/\/mapeplastics.se\/no\/wp-json\/wp\/v2\/types\/page"}],"author":[{"embeddable":true,"href":"https:\/\/mapeplastics.se\/no\/wp-json\/wp\/v2\/users\/1"}],"replies":[{"embeddable":true,"href":"https:\/\/mapeplastics.se\/no\/wp-json\/wp\/v2\/comments?post=760"}],"version-history":[{"count":2,"href":"https:\/\/mapeplastics.se\/no\/wp-json\/wp\/v2\/pages\/760\/revisions"}],"predecessor-version":[{"id":762,"href":"https:\/\/mapeplastics.se\/no\/wp-json\/wp\/v2\/pages\/760\/revisions\/762"}],"wp:attachment":[{"href":"https:\/\/mapeplastics.se\/no\/wp-json\/wp\/v2\/media?parent=760"}],"curies":[{"name":"wp","href":"https:\/\/api.w.org\/{rel}","templated":true}]}}