{"id":775,"date":"2020-09-10T12:26:51","date_gmt":"2020-09-10T12:26:51","guid":{"rendered":"https:\/\/mape-2.flywheelsites.com\/partners\/"},"modified":"2026-04-02T09:17:26","modified_gmt":"2026-04-02T07:17:26","slug":"partnere","status":"publish","type":"page","link":"https:\/\/mapeplastics.se\/no\/partnere\/","title":{"rendered":"Partnere"},"content":{"rendered":"<section class=\"wpb-content-wrapper\"><p>[vc_row fullwidth=&raquo;1&#8243;][vc_column][ucaddon_ag_sub_hero ag_sh_text_small=&raquo;PARTNERS&raquo; ag_sh_text=&raquo;V\u00c5RE PARTNERE&raquo; ag_sub_hero_par=&raquo;U3Vrc2VzcyUyMGF2aGVuZ2VyJTIwbXllJTIwYXYlMjAlQzMlQTUlMjBqb2JiZSUyMG1lZCUyMGRlJTIwcmV0dGUlMjBwYXJ0bmVybmUuJTIwVmVyZGVuc2xlZGVuZGUlMjBwcm9kdXNlbnRlciUyMG1lZCUyMGZhbnRhc3Rpc2tlJTIwbWF0ZXJpYWxlci4lMjBVbmRlciUyMHNlciUyMGR1JTIwc2Vsc2thcGVuZSUyMHZpJTIwaGFyJTIwdmFsZ3QlMjAlQzMlQTUlMjBzYW1hcmJlaWRlJTIwbWVkJTIwZm9yJTIwJUMzJUE1JTIwbGV2ZXJlJTIwYmVzdCUyMG11bGlnJTIwcmVzdWx0YXRlci4=&raquo; ag_sh_img=&raquo;9646&#8243;][\/vc_column][\/vc_row][vc_row css=&raquo;.vc_custom_1599750049458{padding-top: 4rem !important;padding-bottom: 4rem !important;background-color: #f1f1f1 !important;}&raquo;][vc_column][ucaddon_ag_partner uc_text_nosettings=&raquo;&raquo; uc_items_data=&raquo;JTVCJTdCJTIydGl0bGUlMjIlM0ElMjJFTlZBTElPUiUyMiUyQyUyMmFnX3BhcnRuZXJfaW1hZ2UlMjIlM0ElMjJodHRwcyUzQSUyRiUyRm1hcGVwbGFzdGljcy5zZSUyRndwLWNvbnRlbnQlMkZ1cGxvYWRzJTJGMjAyMyUyRjA1JTJGRW52YWxpb3Itd29yZG1hcmtfdGFnbGluZV9ibGFja19SR0JfcGVwcGVybWludC1iYWNrLnBuZyUyMiUyQyUyMmFnX3BhcnRuZXJfbmFtZSUyMiUzQSUyMkVOVkFMSU9SJTIyJTJDJTIyYWdfcGFydG5lcl90ZXh0JTIyJTNBJTIyRHVyZXRoYW4lQzIlQUUlMkMlMjBQb2NhbiVDMiVBRSUyMiUyQyUyMmFnX3BhcnRuZXJfbWF0ZXJpYWwlMjIlM0ElMjIlMjhQQTYlMkMlMjBQQTY2JTJDJTIwUEJUJTJDJTIwUEJULWJsZW5kcyUyOSUyMiUyQyUyMmFnX3BhcnRuZXJfbGluayUyMiUzQSUyMmh0dHBzJTNBJTJGJTJGbWFwZXBsYXN0aWNzLnNlJTJGbm8lMkZwYXJ0bmVyZSUyRmVudmFsaW9yJTJGJTIyJTdEJTJDJTdCJTIydGl0bGUlMjIlM0ElMjJWSUNUUkVYJTIyJTJDJTIyYWdfcGFydG5lcl9pbWFnZSUyMiUzQSUyMmh0dHBzJTNBJTJGJTJGbWFwZXBsYXN0aWNzLnNlJTJGd3AtY29udGVudCUyRnVwbG9hZHMlMkYyMDIwJTJGMDklMkZ2aWN0cmV4LTIwMHgxMDAtMS5wbmclMjIlMkMlMjJhZ19wYXJ0bmVyX25hbWUlMjIlM0ElMjJWSUNUUkVYJTIyJTJDJTIyYWdfcGFydG5lcl90ZXh0JTIyJTNBJTIyVklDVFJFWCVDMiVBRSUyMFBFRUslMjBQb2x5bWVyJTJDJTIwVklDT1RFJUMyJUFFJTIwQ29hdGluZ3MlMkMlMjBBUFRJViVDMiVBRSUyMEZpbG1zJTJDJTIwVklDVFJFWCUyMFBpcGVzJUUyJTg0JUEyJTIyJTJDJTIyYWdfcGFydG5lcl9tYXRlcmlhbCUyMiUzQSUyMiUyOFBFRUslMkMlMjBQRUslMkMlMjBQRUtFS0slMjklMjIlMkMlMjJhZ19wYXJ0bmVyX2xpbmslMjIlM0ElMjJodHRwcyUzQSUyRiUyRm1hcGVwbGFzdGljcy5zZSUyRm5vJTJGcGFydG5lcmUlMkZ2aWN0cmV4JTJGJTIyJTdEJTJDJTdCJTIydGl0bGUlMjIlM0ElMjJMRUhWT1NTJTIwR1JPVVAlMjIlMkMlMjJhZ19wYXJ0bmVyX2ltYWdlJTIyJTNBJTIyaHR0cHMlM0ElMkYlMkZtYXBlcGxhc3RpY3Muc2UlMkZ3cC1jb250ZW50JTJGdXBsb2FkcyUyRjIwMjQlMkYxMCUyRkx1Vi1Mb2dvX0dyb3VwX1JHQi5qcGclMjIlMkMlMjJhZ19wYXJ0bmVyX25hbWUlMjIlM0ElMjJMRUhWT1NTJTIwR1JPVVAlMjIlMkMlMjJhZ19wYXJ0bmVyX3RleHQlMjIlM0ElMjJMVVZPQ09NJUMyJUFFJTJDJTIwTFVWT0NPTSVDMiVBRSUyMExGVCUyQyUyMExVVk9DT00lQzIlQUUlMjBQJTJDJTIwTFVWT1RFQ0glQzIlQUUlMjAlMjYlMjBMVVZPVEVDSCVDMiVBRSUyMGVjbyUyMiUyQyUyMmFnX3BhcnRuZXJfbWF0ZXJpYWwlMjIlM0ElMjIlMjhIaWdoLXBlcmZvcm1hbmNlJTIwY29tcG91bmRzJTIwUFAlMjB0byUyMFBFRUslMjklNUNuJTIyJTJDJTIyYWdfcGFydG5lcl9saW5rJTIyJTNBJTIyaHR0cHMlM0ElMkYlMkZtYXBlcGxhc3RpY3Muc2UlMkZubyUyRnBhcnRuZXJlJTJGbGVodm9zcyUyRiUyMiU3RCUyQyU3QiUyMnRpdGxlJTIyJTNBJTIyTE9UVEUlMjBDSEVNSUNBTCUyMiUyQyUyMmFnX3BhcnRuZXJfaW1hZ2UlMjIlM0ElMjJodHRwcyUzQSUyRiUyRm1hcGVwbGFzdGljcy5zZSUyRndwLWNvbnRlbnQlMkZ1cGxvYWRzJTJGMjAyMCUyRjExJTJGTG90dGUtbG9nby0xMDI0eDE1Ny0xLnBuZyUyMiUyQyUyMmFnX3BhcnRuZXJfbmFtZSUyMiUzQSUyMkxPVFRFJTIwQ0hFTUlDQUwlMjIlMkMlMjJhZ19wYXJ0bmVyX3RleHQlMjIlM0ElMjJzdGFyZXglQzIlQUUlMkMlMjBJTkZJTk8lQzIlQUUlMjIlMkMlMjJhZ19wYXJ0bmVyX21hdGVyaWFsJTIyJTNBJTIyJTI4QUJTJTJDJTIwUEMlMkMlMjBBU0ElMkMlMjAlMjBQQyUyRiUyMEFCUyUyQyUyMFBDJTJGJTIwQVNBJTJDJTIwUEMlMkYlMjBQRVQlMjklMjIlMkMlMjJhZ19wYXJ0bmVyX2xpbmslMjIlM0ElMjJodHRwcyUzQSUyRiUyRm1hcGVwbGFzdGljcy5zZSUyRm5vJTJGcGFydG5lcmUlMkZsb3R0ZS1jaGVtaWNhbCUyRiUyMiU3RCUyQyU3QiUyMnRpdGxlJTIyJTNBJTIyUkVQU09MJTIyJTJDJTIyYWdfcGFydG5lcl9pbWFnZSUyMiUzQSUyMmh0dHBzJTNBJTJGJTJGbWFwZXBsYXN0aWNzLnNlJTJGd3AtY29udGVudCUyRnVwbG9hZHMlMkYyMDI1JTJGMTElMkZSZXBzb2xfTG9nb3RpcG9fTG9ja3VwX0NvbG9yX1ByaW5jaXBhbF9Qb3NpdGl2b19SR0JfSC5wbmclMjIlMkMlMjJhZ19wYXJ0bmVyX25hbWUlMjIlM0ElMjJSRVBTT0wlMjIlMkMlMjJhZ19wYXJ0bmVyX3RleHQlMjIlM0ElMjJJc3BsZW4lMkMlMjBBbGN1ZGlhJTJDJTIwRWJhbnRpeCUyQyUyMFByaW1ldmElMkMlMjBSZWNpY2xleCUyMiUyQyUyMmFnX3BhcnRuZXJfbWF0ZXJpYWwlMjIlM0ElMjIlMjhMRFBFJTJDJTIwTExEUEUlMkMlMjBNRFBFJTJDJTIwSERQRSUyQyUyMFBQQyUyQyUyMFBQUiUyQyUyMFBQSCUyQyUyMEVCQSUyQyUyMEVWQSUyQyUyMFBQJTIwQ29tcG91bmRzJTI5JTIyJTJDJTIyYWdfcGFydG5lcl9saW5rJTIyJTNBJTIyaHR0cHMlM0ElMkYlMkZtYXBlcGxhc3RpY3Muc2UlMkZubyUyRnBhcnRuZXJlJTJGcmVwc29sJTJGJTIyJTdEJTJDJTdCJTIydGl0bGUlMjIlM0ElMjJSSUFMVEklMjBTLlAuQS4lMjIlMkMlMjJhZ19wYXJ0bmVyX2ltYWdlJTIyJTNBJTIyaHR0cHMlM0ElMkYlMkZtYXBlcGxhc3RpY3Muc2UlMkZ3cC1jb250ZW50JTJGdXBsb2FkcyUyRjIwMjAlMkYwOSUyRnJpYWx0aS0yMDB4MTAwLTEuanBnJTIyJTJDJTIyYWdfcGFydG5lcl9uYW1lJTIyJTNBJTIyUklBTFRJJTIwUy5QLkEuJTIyJTJDJTIyYWdfcGFydG5lcl90ZXh0JTIyJTNBJTIyUmlhbGJhdGNoJTJDJTIwUmlhbGZpbGwlMkMlMjBSaWFsZmxhbWUlMkMlMjBSaWFsZ2xhc3MlMkMlMjBFLVJpYWxlbmUlMkMlMjBFLVJpYWxmaWxsJTJDJTIwRS1SaWFsZ2xhc3MlMjIlMkMlMjJhZ19wYXJ0bmVyX21hdGVyaWFsJTIyJTNBJTIyJTI4UFAlMkYlMjBHRiUyOSUyMCUyMiUyQyUyMmFnX3BhcnRuZXJfbGluayUyMiUzQSUyMmh0dHBzJTNBJTJGJTJGbWFwZXBsYXN0aWNzLnNlJTJGbm8lMkZwYXJ0bmVyZSUyRnJpYWx0aSUyRiUyMiU3RCUyQyU3QiUyMnRpdGxlJTIyJTNBJTIyUlRQJTIyJTJDJTIyYWdfcGFydG5lcl9pbWFnZSUyMiUzQSUyMmh0dHBzJTNBJTJGJTJGbWFwZXBsYXN0aWNzLnNlJTJGd3AtY29udGVudCUyRnVwbG9hZHMlMkYyMDIwJTJGMTAlMkZSVFAyLnBuZyUyMiUyQyUyMmFnX3BhcnRuZXJfbmFtZSUyMiUzQSUyMlJUUCUyMiUyQyUyMmFnX3BhcnRuZXJfdGV4dCUyMiUzQSUyMlZlcnklMjBMb25nJTIwRmliZXIlMjAlMjhWTEYlMjklMjBDb21wb3VuZHMlMjIlMkMlMjJhZ19wYXJ0bmVyX21hdGVyaWFsJTIyJTNBJTIyJTIyJTJDJTIyYWdfcGFydG5lcl9saW5rJTIyJTNBJTIyaHR0cHMlM0ElMkYlMkZtYXBlcGxhc3RpY3Muc2UlMkZubyUyRnBhcnRuZXJlJTJGcnRwY29tcGFueSUyRiUyMiU3RCUyQyU3QiUyMnRpdGxlJTIyJTNBJTIyRk9STU9TQSUyMFBMQVNUSUNTJTIyJTJDJTIyYWdfcGFydG5lcl9pbWFnZSUyMiUzQSUyMmh0dHBzJTNBJTJGJTJGbWFwZXBsYXN0aWNzLnNlJTJGd3AtY29udGVudCUyRnVwbG9hZHMlMkYyMDI1JTJGMTAlMkZmb3Jtb3NhLWxvZ28tc3RhY2tlZC1wbmcucG5nJTIyJTJDJTIyYWdfcGFydG5lcl9uYW1lJTIyJTNBJTIyRk9STU9TQSUyMFBMQVNUSUNTJTIyJTJDJTIyYWdfcGFydG5lcl90ZXh0JTIyJTNBJTIyRk9STU9DT04lQzIlQUUlMkMlMjBUQUlSSVJFWCVDMiVBRSUyMiUyQyUyMmFnX3BhcnRuZXJfbWF0ZXJpYWwlMjIlM0ElMjIlMjhQT00lMkMlMjBQUyUyOSUyMiUyQyUyMmFnX3BhcnRuZXJfbGluayUyMiUzQSUyMmh0dHBzJTNBJTJGJTJGbWFwZXBsYXN0aWNzLnNlJTJGbm8lMkZwYXJ0bmVyZSUyRmZvcm1vc2EtcGxhc3RpY3MlMkYlMjIlN0QlMkMlN0IlMjJ0aXRsZSUyMiUzQSUyMkhZT1NVTkclMjBDSEVNSUNBTCUyMiUyQyUyMmFnX3BhcnRuZXJfaW1hZ2UlMjIlM0ElMjJodHRwcyUzQSUyRiUyRm1hcGVwbGFzdGljcy5zZSUyRndwLWNvbnRlbnQlMkZ1cGxvYWRzJTJGMjAyNSUyRjEwJTJGSHlvc3VuZy1DaGVtaWNhbC1DSS1zbWFsbC13ZWJiZW4ucG5nJTIyJTJDJTIyYWdfcGFydG5lcl9uYW1lJTIyJTNBJTIySFlPU1VORyUyMENIRU1JQ0FMJTIyJTJDJTIyYWdfcGFydG5lcl90ZXh0JTIyJTNBJTIySHlvc3VuZyUyMFBvbHlwcm9weWxlbmUlRTIlODQlQTIlMkMlMjBQT0tFVE9ORSVFMiU4NCVBMiUyMiUyQyUyMmFnX3BhcnRuZXJfbWF0ZXJpYWwlMjIlM0ElMjIlMjhQUCUyQyUyMFBLJTI5JTIyJTJDJTIyYWdfcGFydG5lcl9saW5rJTIyJTNBJTIyaHR0cHMlM0ElMkYlMkZtYXBlcGxhc3RpY3Muc2UlMkZubyUyRnBhcnRuZXJlJTJGaHlvc3VuZy1jaGVtaWNhbCUyRiUyMiU3RCUyQyU3QiUyMnRpdGxlJTIyJTNBJTIyREFJQ0VMJTIyJTJDJTIyYWdfcGFydG5lcl9pbWFnZSUyMiUzQTk3MDYlMkMlMjJhZ19wYXJ0bmVyX25hbWUlMjIlM0ElMjJEQUlDRUwlMjIlMkMlMjJhZ19wYXJ0bmVyX3RleHQlMjIlM0ElMjJEVVJBRklERSVDMiVBRSUyQyUyMExBUEVST1MlQzIlQUUlMjIlMkMlMjJhZ19wYXJ0bmVyX21hdGVyaWFsJTIyJTNBJTIyJTI4UFBTJTJDJTIwTENQJTI5JTIyJTJDJTIyYWdfcGFydG5lcl9saW5rJTIyJTNBJTIyaHR0cHMlM0ElMkYlMkZtYXBlcGxhc3RpY3Muc2UlMkZubyUyRnBhcnRuZXJlJTJGZGFpY2VsJTJGJTIyJTdEJTJDJTdCJTIydGl0bGUlMjIlM0ElMjJBTUJPRkxVT1IlMjIlMkMlMjJhZ19wYXJ0bmVyX2ltYWdlJTIyJTNBJTIyaHR0cHMlM0ElMkYlMkZtYXBlcGxhc3RpY3Muc2UlMkZ3cC1jb250ZW50JTJGdXBsb2FkcyUyRjIwMjUlMkYxMCUyRkFtYm9mbHVvci1MZ28td2l0aC1VUkwtMTI1eDVjbS1qcGcuanBnJTIyJTJDJTIyYWdfcGFydG5lcl9uYW1lJTIyJTNBJTIyQU1CT0ZMVU9SJTIyJTJDJTIyYWdfcGFydG5lcl90ZXh0JTIyJTNBJTIyYW1ib2Zsb24lQzIlQUUlMjIlMkMlMjJhZ19wYXJ0bmVyX21hdGVyaWFsJTIyJTNBJTIyJTI4UFZERiUyQyUyMEVURkUlMkMlMjBGRVAlMkMlMjBQRkElMjklMjIlMkMlMjJhZ19wYXJ0bmVyX2xpbmslMjIlM0ElMjJodHRwcyUzQSUyRiUyRm1hcGVwbGFzdGljcy5zZSUyRm5vJTJGYW1ib2ZsdW9yJTJGJTIyJTdEJTVE&raquo;][\/vc_column][\/vc_row]<\/p>\n<\/section>","protected":false},"excerpt":{"rendered":"<p>[vc_row fullwidth=&raquo;1&#8243;][vc_column][ucaddon_ag_sub_hero ag_sh_text_small=&raquo;PARTNERS&raquo; ag_sh_text=&raquo;V\u00c5RE PARTNERE&raquo; ag_sub_hero_par=&raquo;U3Vrc2VzcyUyMGF2aGVuZ2VyJTIwbXllJTIwYXYlMjAlQzMlQTUlMjBqb2JiZSUyMG1lZCUyMGRlJTIwcmV0dGUlMjBwYXJ0bmVybmUuJTIwVmVyZGVuc2xlZGVuZGUlMjBwcm9kdXNlbnRlciUyMG1lZCUyMGZhbnRhc3Rpc2tlJTIwbWF0ZXJpYWxlci4lMjBVbmRlciUyMHNlciUyMGR1JTIwc2Vsc2thcGVuZSUyMHZpJTIwaGFyJTIwdmFsZ3QlMjAlQzMlQTUlMjBzYW1hcmJlaWRlJTIwbWVkJTIwZm9yJTIwJUMzJUE1JTIwbGV2ZXJlJTIwYmVzdCUyMG11bGlnJTIwcmVzdWx0YXRlci4=&raquo; ag_sh_img=&raquo;9646&#8243;][\/vc_column][\/vc_row][vc_row css=&raquo;.vc_custom_1599750049458{padding-top: 4rem !important;padding-bottom: 4rem !important;background-color: #f1f1f1 !important;}&raquo;][vc_column][ucaddon_ag_partner uc_text_nosettings=&raquo;&raquo; uc_items_data=&raquo;JTVCJTdCJTIydGl0bGUlMjIlM0ElMjJFTlZBTElPUiUyMiUyQyUyMmFnX3BhcnRuZXJfaW1hZ2UlMjIlM0ElMjJodHRwcyUzQSUyRiUyRm1hcGVwbGFzdGljcy5zZSUyRndwLWNvbnRlbnQlMkZ1cGxvYWRzJTJGMjAyMyUyRjA1JTJGRW52YWxpb3Itd29yZG1hcmtfdGFnbGluZV9ibGFja19SR0JfcGVwcGVybWludC1iYWNrLnBuZyUyMiUyQyUyMmFnX3BhcnRuZXJfbmFtZSUyMiUzQSUyMkVOVkFMSU9SJTIyJTJDJTIyYWdfcGFydG5lcl90ZXh0JTIyJTNBJTIyRHVyZXRoYW4lQzIlQUUlMkMlMjBQb2NhbiVDMiVBRSUyMiUyQyUyMmFnX3BhcnRuZXJfbWF0ZXJpYWwlMjIlM0ElMjIlMjhQQTYlMkMlMjBQQTY2JTJDJTIwUEJUJTJDJTIwUEJULWJsZW5kcyUyOSUyMiUyQyUyMmFnX3BhcnRuZXJfbGluayUyMiUzQSUyMmh0dHBzJTNBJTJGJTJGbWFwZXBsYXN0aWNzLnNlJTJGbm8lMkZwYXJ0bmVyZSUyRmVudmFsaW9yJTJGJTIyJTdEJTJDJTdCJTIydGl0bGUlMjIlM0ElMjJWSUNUUkVYJTIyJTJDJTIyYWdfcGFydG5lcl9pbWFnZSUyMiUzQSUyMmh0dHBzJTNBJTJGJTJGbWFwZXBsYXN0aWNzLnNlJTJGd3AtY29udGVudCUyRnVwbG9hZHMlMkYyMDIwJTJGMDklMkZ2aWN0cmV4LTIwMHgxMDAtMS5wbmclMjIlMkMlMjJhZ19wYXJ0bmVyX25hbWUlMjIlM0ElMjJWSUNUUkVYJTIyJTJDJTIyYWdfcGFydG5lcl90ZXh0JTIyJTNBJTIyVklDVFJFWCVDMiVBRSUyMFBFRUslMjBQb2x5bWVyJTJDJTIwVklDT1RFJUMyJUFFJTIwQ29hdGluZ3MlMkMlMjBBUFRJViVDMiVBRSUyMEZpbG1zJTJDJTIwVklDVFJFWCUyMFBpcGVzJUUyJTg0JUEyJTIyJTJDJTIyYWdfcGFydG5lcl9tYXRlcmlhbCUyMiUzQSUyMiUyOFBFRUslMkMlMjBQRUslMkMlMjBQRUtFS0slMjklMjIlMkMlMjJhZ19wYXJ0bmVyX2xpbmslMjIlM0ElMjJodHRwcyUzQSUyRiUyRm1hcGVwbGFzdGljcy5zZSUyRm5vJTJGcGFydG5lcmUlMkZ2aWN0cmV4JTJGJTIyJTdEJTJDJTdCJTIydGl0bGUlMjIlM0ElMjJMRUhWT1NTJTIwR1JPVVAlMjIlMkMlMjJhZ19wYXJ0bmVyX2ltYWdlJTIyJTNBJTIyaHR0cHMlM0ElMkYlMkZtYXBlcGxhc3RpY3Muc2UlMkZ3cC1jb250ZW50JTJGdXBsb2FkcyUyRjIwMjQlMkYxMCUyRkx1Vi1Mb2dvX0dyb3VwX1JHQi5qcGclMjIlMkMlMjJhZ19wYXJ0bmVyX25hbWUlMjIlM0ElMjJMRUhWT1NTJTIwR1JPVVAlMjIlMkMlMjJhZ19wYXJ0bmVyX3RleHQlMjIlM0ElMjJMVVZPQ09NJUMyJUFFJTJDJTIwTFVWT0NPTSVDMiVBRSUyMExGVCUyQyUyMExVVk9DT00lQzIlQUUlMjBQJTJDJTIwTFVWT1RFQ0glQzIlQUUlMjAlMjYlMjBMVVZPVEVDSCVDMiVBRSUyMGVjbyUyMiUyQyUyMmFnX3BhcnRuZXJfbWF0ZXJpYWwlMjIlM0ElMjIlMjhIaWdoLXBlcmZvcm1hbmNlJTIwY29tcG91bmRzJTIwUFAlMjB0byUyMFBFRUslMjklNUNuJTIyJTJDJTIyYWdfcGFydG5lcl9saW5rJTIyJTNBJTIyaHR0cHMlM0ElMkYlMkZtYXBlcGxhc3RpY3Muc2UlMkZubyUyRnBhcnRuZXJlJTJGbGVodm9zcyUyRiUyMiU3RCUyQyU3QiUyMnRpdGxlJTIyJTNBJTIyTE9UVEUlMjBDSEVNSUNBTCUyMiUyQyUyMmFnX3BhcnRuZXJfaW1hZ2UlMjIlM0ElMjJodHRwcyUzQSUyRiUyRm1hcGVwbGFzdGljcy5zZSUyRndwLWNvbnRlbnQlMkZ1cGxvYWRzJTJGMjAyMCUyRjExJTJGTG90dGUtbG9nby0xMDI0eDE1Ny0xLnBuZyUyMiUyQyUyMmFnX3BhcnRuZXJfbmFtZSUyMiUzQSUyMkxPVFRFJTIwQ0hFTUlDQUwlMjIlMkMlMjJhZ19wYXJ0bmVyX3RleHQlMjIlM0ElMjJzdGFyZXglQzIlQUUlMkMlMjBJTkZJTk8lQzIlQUUlMjIlMkMlMjJhZ19wYXJ0bmVyX21hdGVyaWFsJTIyJTNBJTIyJTI4QUJTJTJDJTIwUEMlMkMlMjBBU0ElMkMlMjAlMjBQQyUyRiUyMEFCUyUyQyUyMFBDJTJGJTIwQVNBJTJDJTIwUEMlMkYlMjBQRVQlMjklMjIlMkMlMjJhZ19wYXJ0bmVyX2xpbmslMjIlM0ElMjJodHRwcyUzQSUyRiUyRm1hcGVwbGFzdGljcy5zZSUyRm5vJTJGcGFydG5lcmUlMkZsb3R0ZS1jaGVtaWNhbCUyRiUyMiU3RCUyQyU3QiUyMnRpdGxlJTIyJTNBJTIyUkVQU09MJTIyJTJDJTIyYWdfcGFydG5lcl9pbWFnZSUyMiUzQSUyMmh0dHBzJTNBJTJGJTJGbWFwZXBsYXN0aWNzLnNlJTJGd3AtY29udGVudCUyRnVwbG9hZHMlMkYyMDI1JTJGMTElMkZSZXBzb2xfTG9nb3RpcG9fTG9ja3VwX0NvbG9yX1ByaW5jaXBhbF9Qb3NpdGl2b19SR0JfSC5wbmclMjIlMkMlMjJhZ19wYXJ0bmVyX25hbWUlMjIlM0ElMjJSRVBTT0wlMjIlMkMlMjJhZ19wYXJ0bmVyX3RleHQlMjIlM0ElMjJJc3BsZW4lMkMlMjBBbGN1ZGlhJTJDJTIwRWJhbnRpeCUyQyUyMFByaW1ldmElMkMlMjBSZWNpY2xleCUyMiUyQyUyMmFnX3BhcnRuZXJfbWF0ZXJpYWwlMjIlM0ElMjIlMjhMRFBFJTJDJTIwTExEUEUlMkMlMjBNRFBFJTJDJTIwSERQRSUyQyUyMFBQQyUyQyUyMFBQUiUyQyUyMFBQSCUyQyUyMEVCQSUyQyUyMEVWQSUyQyUyMFBQJTIwQ29tcG91bmRzJTI5JTIyJTJDJTIyYWdfcGFydG5lcl9saW5rJTIyJTNBJTIyaHR0cHMlM0ElMkYlMkZtYXBlcGxhc3RpY3Muc2UlMkZubyUyRnBhcnRuZXJlJTJGcmVwc29sJTJGJTIyJTdEJTJDJTdCJTIydGl0bGUlMjIlM0ElMjJSSUFMVEklMjBTLlAuQS4lMjIlMkMlMjJhZ19wYXJ0bmVyX2ltYWdlJTIyJTNBJTIyaHR0cHMlM0ElMkYlMkZtYXBlcGxhc3RpY3Muc2UlMkZ3cC1jb250ZW50JTJGdXBsb2FkcyUyRjIwMjAlMkYwOSUyRnJpYWx0aS0yMDB4MTAwLTEuanBnJTIyJTJDJTIyYWdfcGFydG5lcl9uYW1lJTIyJTNBJTIyUklBTFRJJTIwUy5QLkEuJTIyJTJDJTIyYWdfcGFydG5lcl90ZXh0JTIyJTNBJTIyUmlhbGJhdGNoJTJDJTIwUmlhbGZpbGwlMkMlMjBSaWFsZmxhbWUlMkMlMjBSaWFsZ2xhc3MlMkMlMjBFLVJpYWxlbmUlMkMlMjBFLVJpYWxmaWxsJTJDJTIwRS1SaWFsZ2xhc3MlMjIlMkMlMjJhZ19wYXJ0bmVyX21hdGVyaWFsJTIyJTNBJTIyJTI4UFAlMkYlMjBHRiUyOSUyMCUyMiUyQyUyMmFnX3BhcnRuZXJfbGluayUyMiUzQSUyMmh0dHBzJTNBJTJGJTJGbWFwZXBsYXN0aWNzLnNlJTJGbm8lMkZwYXJ0bmVyZSUyRnJpYWx0aSUyRiUyMiU3RCUyQyU3QiUyMnRpdGxlJTIyJTNBJTIyUlRQJTIyJTJDJTIyYWdfcGFydG5lcl9pbWFnZSUyMiUzQSUyMmh0dHBzJTNBJTJGJTJGbWFwZXBsYXN0aWNzLnNlJTJGd3AtY29udGVudCUyRnVwbG9hZHMlMkYyMDIwJTJGMTAlMkZSVFAyLnBuZyUyMiUyQyUyMmFnX3BhcnRuZXJfbmFtZSUyMiUzQSUyMlJUUCUyMiUyQyUyMmFnX3BhcnRuZXJfdGV4dCUyMiUzQSUyMlZlcnklMjBMb25nJTIwRmliZXIlMjAlMjhWTEYlMjklMjBDb21wb3VuZHMlMjIlMkMlMjJhZ19wYXJ0bmVyX21hdGVyaWFsJTIyJTNBJTIyJTIyJTJDJTIyYWdfcGFydG5lcl9saW5rJTIyJTNBJTIyaHR0cHMlM0ElMkYlMkZtYXBlcGxhc3RpY3Muc2UlMkZubyUyRnBhcnRuZXJlJTJGcnRwY29tcGFueSUyRiUyMiU3RCUyQyU3QiUyMnRpdGxlJTIyJTNBJTIyRk9STU9TQSUyMFBMQVNUSUNTJTIyJTJDJTIyYWdfcGFydG5lcl9pbWFnZSUyMiUzQSUyMmh0dHBzJTNBJTJGJTJGbWFwZXBsYXN0aWNzLnNlJTJGd3AtY29udGVudCUyRnVwbG9hZHMlMkYyMDI1JTJGMTAlMkZmb3Jtb3NhLWxvZ28tc3RhY2tlZC1wbmcucG5nJTIyJTJDJTIyYWdfcGFydG5lcl9uYW1lJTIyJTNBJTIyRk9STU9TQSUyMFBMQVNUSUNTJTIyJTJDJTIyYWdfcGFydG5lcl90ZXh0JTIyJTNBJTIyRk9STU9DT04lQzIlQUUlMkMlMjBUQUlSSVJFWCVDMiVBRSUyMiUyQyUyMmFnX3BhcnRuZXJfbWF0ZXJpYWwlMjIlM0ElMjIlMjhQT00lMkMlMjBQUyUyOSUyMiUyQyUyMmFnX3BhcnRuZXJfbGluayUyMiUzQSUyMmh0dHBzJTNBJTJGJTJGbWFwZXBsYXN0aWNzLnNlJTJGbm8lMkZwYXJ0bmVyZSUyRmZvcm1vc2EtcGxhc3RpY3MlMkYlMjIlN0QlMkMlN0IlMjJ0aXRsZSUyMiUzQSUyMkhZT1NVTkclMjBDSEVNSUNBTCUyMiUyQyUyMmFnX3BhcnRuZXJfaW1hZ2UlMjIlM0ElMjJodHRwcyUzQSUyRiUyRm1hcGVwbGFzdGljcy5zZSUyRndwLWNvbnRlbnQlMkZ1cGxvYWRzJTJGMjAyNSUyRjEwJTJGSHlvc3VuZy1DaGVtaWNhbC1DSS1zbWFsbC13ZWJiZW4ucG5nJTIyJTJDJTIyYWdfcGFydG5lcl9uYW1lJTIyJTNBJTIySFlPU1VORyUyMENIRU1JQ0FMJTIyJTJDJTIyYWdfcGFydG5lcl90ZXh0JTIyJTNBJTIySHlvc3VuZyUyMFBvbHlwcm9weWxlbmUlRTIlODQlQTIlMkMlMjBQT0tFVE9ORSVFMiU4NCVBMiUyMiUyQyUyMmFnX3BhcnRuZXJfbWF0ZXJpYWwlMjIlM0ElMjIlMjhQUCUyQyUyMFBLJTI5JTIyJTJDJTIyYWdfcGFydG5lcl9saW5rJTIyJTNBJTIyaHR0cHMlM0ElMkYlMkZtYXBlcGxhc3RpY3Muc2UlMkZubyUyRnBhcnRuZXJlJTJGaHlvc3VuZy1jaGVtaWNhbCUyRiUyMiU3RCUyQyU3QiUyMnRpdGxlJTIyJTNBJTIyREFJQ0VMJTIyJTJDJTIyYWdfcGFydG5lcl9pbWFnZSUyMiUzQTk3MDYlMkMlMjJhZ19wYXJ0bmVyX25hbWUlMjIlM0ElMjJEQUlDRUwlMjIlMkMlMjJhZ19wYXJ0bmVyX3RleHQlMjIlM0ElMjJEVVJBRklERSVDMiVBRSUyQyUyMExBUEVST1MlQzIlQUUlMjIlMkMlMjJhZ19wYXJ0bmVyX21hdGVyaWFsJTIyJTNBJTIyJTI4UFBTJTJDJTIwTENQJTI5JTIyJTJDJTIyYWdfcGFydG5lcl9saW5rJTIyJTNBJTIyaHR0cHMlM0ElMkYlMkZtYXBlcGxhc3RpY3Muc2UlMkZubyUyRnBhcnRuZXJlJTJGZGFpY2VsJTJGJTIyJTdEJTJDJTdCJTIydGl0bGUlMjIlM0ElMjJBTUJPRkxVT1IlMjIlMkMlMjJhZ19wYXJ0bmVyX2ltYWdlJTIyJTNBJTIyaHR0cHMlM0ElMkYlMkZtYXBlcGxhc3RpY3Muc2UlMkZ3cC1jb250ZW50JTJGdXBsb2FkcyUyRjIwMjUlMkYxMCUyRkFtYm9mbHVvci1MZ28td2l0aC1VUkwtMTI1eDVjbS1qcGcuanBnJTIyJTJDJTIyYWdfcGFydG5lcl9uYW1lJTIyJTNBJTIyQU1CT0ZMVU9SJTIyJTJDJTIyYWdfcGFydG5lcl90ZXh0JTIyJTNBJTIyYW1ib2Zsb24lQzIlQUUlMjIlMkMlMjJhZ19wYXJ0bmVyX21hdGVyaWFsJTIyJTNBJTIyJTI4UFZERiUyQyUyMEVURkUlMkMlMjBGRVAlMkMlMjBQRkElMjklMjIlMkMlMjJhZ19wYXJ0bmVyX2xpbmslMjIlM0ElMjJodHRwcyUzQSUyRiUyRm1hcGVwbGFzdGljcy5zZSUyRm5vJTJGYW1ib2ZsdW9yJTJGJTIyJTdEJTVE&raquo;][\/vc_column][\/vc_row]<\/p>\n","protected":false},"author":1,"featured_media":0,"parent":0,"menu_order":0,"comment_status":"closed","ping_status":"closed","template":"page-visual-composer.php","meta":{"_mi_skip_tracking":false},"acf":[],"yoast_head":"<!-- This site is optimized with the Yoast SEO plugin v20.7 - https:\/\/yoast.com\/wordpress\/plugins\/seo\/ -->\n<title>Partnere - Mape Plastics<\/title>\n<meta name=\"description\" content=\"Suksess avhenger mye av \u00e5 jobbe med de rette partnerne. Ta en titt p\u00e5 selskapene vi har valgt \u00e5 samarbeide med for \u00e5 kunne levere best mulig resultater.\" \/>\n<meta name=\"robots\" content=\"index, follow, max-snippet:-1, max-image-preview:large, max-video-preview:-1\" \/>\n<link rel=\"canonical\" href=\"https:\/\/mapeplastics.se\/no\/partnere\/\" \/>\n<meta property=\"og:locale\" content=\"nb_NO\" \/>\n<meta property=\"og:type\" content=\"article\" \/>\n<meta property=\"og:title\" content=\"Partnere - Mape Plastics\" \/>\n<meta property=\"og:description\" content=\"Suksess avhenger mye av \u00e5 jobbe med de rette partnerne. Ta en titt p\u00e5 selskapene vi har valgt \u00e5 samarbeide med for \u00e5 kunne levere best mulig resultater.\" \/>\n<meta property=\"og:url\" content=\"https:\/\/mapeplastics.se\/no\/partnere\/\" \/>\n<meta property=\"og:site_name\" content=\"Mape Plastics\" \/>\n<meta property=\"article:modified_time\" content=\"2026-04-02T07:17:26+00:00\" \/>\n<meta name=\"twitter:card\" content=\"summary_large_image\" \/>\n<meta name=\"twitter:label1\" content=\"Ansl. lesetid\" \/>\n\t<meta name=\"twitter:data1\" content=\"1 minutt\" \/>\n<script type=\"application\/ld+json\" class=\"yoast-schema-graph\">{\"@context\":\"https:\/\/schema.org\",\"@graph\":[{\"@type\":\"WebPage\",\"@id\":\"https:\/\/mapeplastics.se\/no\/partnere\/\",\"url\":\"https:\/\/mapeplastics.se\/no\/partnere\/\",\"name\":\"Partnere - Mape Plastics\",\"isPartOf\":{\"@id\":\"https:\/\/mapeplastics.se\/no\/#website\"},\"datePublished\":\"2020-09-10T12:26:51+00:00\",\"dateModified\":\"2026-04-02T07:17:26+00:00\",\"description\":\"Suksess avhenger mye av \u00e5 jobbe med de rette partnerne. Ta en titt p\u00e5 selskapene vi har valgt \u00e5 samarbeide med for \u00e5 kunne levere best mulig resultater.\",\"breadcrumb\":{\"@id\":\"https:\/\/mapeplastics.se\/no\/partnere\/#breadcrumb\"},\"inLanguage\":\"nb-NO\",\"potentialAction\":[{\"@type\":\"ReadAction\",\"target\":[\"https:\/\/mapeplastics.se\/no\/partnere\/\"]}]},{\"@type\":\"BreadcrumbList\",\"@id\":\"https:\/\/mapeplastics.se\/no\/partnere\/#breadcrumb\",\"itemListElement\":[{\"@type\":\"ListItem\",\"position\":1,\"name\":\"Hem\",\"item\":\"https:\/\/mapeplastics.se\/no\/\"},{\"@type\":\"ListItem\",\"position\":2,\"name\":\"Partnere\"}]},{\"@type\":\"WebSite\",\"@id\":\"https:\/\/mapeplastics.se\/no\/#website\",\"url\":\"https:\/\/mapeplastics.se\/no\/\",\"name\":\"Mape Plastics\",\"description\":\"\",\"potentialAction\":[{\"@type\":\"SearchAction\",\"target\":{\"@type\":\"EntryPoint\",\"urlTemplate\":\"https:\/\/mapeplastics.se\/no\/?s={search_term_string}\"},\"query-input\":\"required name=search_term_string\"}],\"inLanguage\":\"nb-NO\"}]}<\/script>\n<!-- \/ Yoast SEO plugin. -->","yoast_head_json":{"title":"Partnere - Mape Plastics","description":"Suksess avhenger mye av \u00e5 jobbe med de rette partnerne. Ta en titt p\u00e5 selskapene vi har valgt \u00e5 samarbeide med for \u00e5 kunne levere best mulig resultater.","robots":{"index":"index","follow":"follow","max-snippet":"max-snippet:-1","max-image-preview":"max-image-preview:large","max-video-preview":"max-video-preview:-1"},"canonical":"https:\/\/mapeplastics.se\/no\/partnere\/","og_locale":"nb_NO","og_type":"article","og_title":"Partnere - Mape Plastics","og_description":"Suksess avhenger mye av \u00e5 jobbe med de rette partnerne. Ta en titt p\u00e5 selskapene vi har valgt \u00e5 samarbeide med for \u00e5 kunne levere best mulig resultater.","og_url":"https:\/\/mapeplastics.se\/no\/partnere\/","og_site_name":"Mape Plastics","article_modified_time":"2026-04-02T07:17:26+00:00","twitter_card":"summary_large_image","twitter_misc":{"Ansl. lesetid":"1 minutt"},"schema":{"@context":"https:\/\/schema.org","@graph":[{"@type":"WebPage","@id":"https:\/\/mapeplastics.se\/no\/partnere\/","url":"https:\/\/mapeplastics.se\/no\/partnere\/","name":"Partnere - Mape Plastics","isPartOf":{"@id":"https:\/\/mapeplastics.se\/no\/#website"},"datePublished":"2020-09-10T12:26:51+00:00","dateModified":"2026-04-02T07:17:26+00:00","description":"Suksess avhenger mye av \u00e5 jobbe med de rette partnerne. Ta en titt p\u00e5 selskapene vi har valgt \u00e5 samarbeide med for \u00e5 kunne levere best mulig resultater.","breadcrumb":{"@id":"https:\/\/mapeplastics.se\/no\/partnere\/#breadcrumb"},"inLanguage":"nb-NO","potentialAction":[{"@type":"ReadAction","target":["https:\/\/mapeplastics.se\/no\/partnere\/"]}]},{"@type":"BreadcrumbList","@id":"https:\/\/mapeplastics.se\/no\/partnere\/#breadcrumb","itemListElement":[{"@type":"ListItem","position":1,"name":"Hem","item":"https:\/\/mapeplastics.se\/no\/"},{"@type":"ListItem","position":2,"name":"Partnere"}]},{"@type":"WebSite","@id":"https:\/\/mapeplastics.se\/no\/#website","url":"https:\/\/mapeplastics.se\/no\/","name":"Mape Plastics","description":"","potentialAction":[{"@type":"SearchAction","target":{"@type":"EntryPoint","urlTemplate":"https:\/\/mapeplastics.se\/no\/?s={search_term_string}"},"query-input":"required name=search_term_string"}],"inLanguage":"nb-NO"}]}},"_links":{"self":[{"href":"https:\/\/mapeplastics.se\/no\/wp-json\/wp\/v2\/pages\/775"}],"collection":[{"href":"https:\/\/mapeplastics.se\/no\/wp-json\/wp\/v2\/pages"}],"about":[{"href":"https:\/\/mapeplastics.se\/no\/wp-json\/wp\/v2\/types\/page"}],"author":[{"embeddable":true,"href":"https:\/\/mapeplastics.se\/no\/wp-json\/wp\/v2\/users\/1"}],"replies":[{"embeddable":true,"href":"https:\/\/mapeplastics.se\/no\/wp-json\/wp\/v2\/comments?post=775"}],"version-history":[{"count":28,"href":"https:\/\/mapeplastics.se\/no\/wp-json\/wp\/v2\/pages\/775\/revisions"}],"predecessor-version":[{"id":9721,"href":"https:\/\/mapeplastics.se\/no\/wp-json\/wp\/v2\/pages\/775\/revisions\/9721"}],"wp:attachment":[{"href":"https:\/\/mapeplastics.se\/no\/wp-json\/wp\/v2\/media?parent=775"}],"curies":[{"name":"wp","href":"https:\/\/api.w.org\/{rel}","templated":true}]}}