{"id":8532,"date":"2025-10-06T09:28:19","date_gmt":"2025-10-06T07:28:19","guid":{"rendered":"https:\/\/mapeplastics.se\/?page_id=8532"},"modified":"2025-10-07T15:12:42","modified_gmt":"2025-10-07T13:12:42","slug":"formosa-plastics","status":"publish","type":"page","link":"https:\/\/mapeplastics.se\/no\/partnere\/formosa-plastics\/","title":{"rendered":"FORMOSA PLASTICS"},"content":{"rendered":"<section class=\"wpb-content-wrapper\"><p>[vc_row fullwidth=&raquo;1&#8243;][vc_column][ucaddon_ag_sub_hero ag_sh_text_small=&raquo;V\u00e5re partnere&raquo; ag_sh_text=&raquo;FORMOSA PLASTICS&raquo; ag_sub_hero_par=&raquo;JTBBRm9ybW9zYSUyMFBsYXN0aWNzJTIwdGlsYnlyJTIwZXQlMjBicmVkdCUyMHNvcnRpbWVudCUyMGF2JTIwaCVDMyVCOHl2ZXJkaWdlJTIwaW5kdXN0cmlwcm9kdWt0ZXIlMjB1bmRlciUyMHZhcmVtZXJrZW5lJTIwRk9STU9DT04lQzIlQUUlMjAlMjhQT00lMjklMjBvZyUyMFRBSVJJUkVYJUMyJUFFJTIwJTI4UFMlMjku&raquo; ag_sh_tag=&raquo;h1&#8243;][\/vc_column][\/vc_row][vc_row css_animation=&raquo;none&raquo; css=&raquo;.vc_custom_1663093872195{padding-top: 40px !important;padding-bottom: 40px !important;}&raquo;][vc_column css_animation=&raquo;fadeIn&raquo; width=&raquo;1\/2&#8243; el_class=&raquo;standard-padding&raquo;][vc_empty_space height=&raquo;120px&raquo;][ucaddon_ag_title ag_title_slim=&raquo;R3J1bm5sYWd0JTIwaSUyMDE5Nzg=&raquo; ag_title_bold=&raquo;Rk9STU9TQSUyMFBMQVNUSUNT&raquo; ag_title_font_size=&raquo;45&#8243; ag_title_align=&raquo;left&raquo; ag_titel_border=&raquo;&raquo;][vc_column_text css=&raquo;.vc_custom_1759736107073{padding-bottom: 2rem !important;}&raquo;]Formosa Plastics ble etablert i 1978 og har vokst til \u00e5 bli en sterk leverand\u00f8r innen plastindustrien. Selskapet tilbyr et omfattende utvalg av materialer og andre petrokjemiske produkter som leverer den stabilitet, ytelse og kvalitet kundene krever.<\/p>\n<p><a href=\"https:\/\/mapeplastics.se\/no\/materialer\/polystyrene-ps\/\"><b>Polystyren (PS)<\/b><\/a> er en kostnadseffektiv plast med h\u00f8y transparens, hardhet og overflateglans, og er tilgjengelig i matgodkjente kvaliteter.<\/p>\n<p><a href=\"https:\/\/mapeplastics.se\/no\/materialer\/polyoxymethylene-pom\/\"><b>Polyoksymetylen (POM)<\/b><\/a> er en slitesterk konstruksjonsplast med h\u00f8y stivhet, gode utmattelsese\u00adgenskaper og lav vannabsorpsjon. Dette gj\u00f8r den godt egnet for presise mekaniske komponenter. Materialet har ogs\u00e5 god kjemikalieresistens og er lett \u00e5 bearbeide.[\/vc_column_text][\/vc_column][vc_column css_animation=&raquo;fadeIn&raquo; width=&raquo;1\/2&#8243;][ucaddon_ag_overlay_block ag_overlay_image=&raquo;8363&#8243; ag_overlay_image_font=&raquo;8369&#8243;][\/vc_column][\/vc_row][vc_row css_animation=&raquo;fadeIn&raquo; css=&raquo;.vc_custom_1663093992409{margin-top: 60px !important;margin-bottom: 80px !important;}&raquo;][vc_column width=&raquo;1\/2&#8243; el_class=&raquo;text-col&raquo;][ucaddon_ag_overlay_block ag_overlay_image=&raquo;8347&#8243; ag_overlay_image_font=&raquo;8352&#8243;][\/vc_column][vc_column width=&raquo;1\/2&#8243; el_class=&raquo;desktop-padding&raquo;][ucaddon_ag_title ag_title_slim=&raquo;VmFyZW1lcmtlcg==&raquo; ag_title_bold=&raquo;VEFJUklSRVglQzIlQUUlMjBvZyUyMEZPUk1PQ09OJUMyJUFF&raquo; ag_title_font_size=&raquo;45&#8243; ag_title_align=&raquo;left&raquo; ag_titel_border=&raquo;&raquo;][vc_column_text css=&raquo;.vc_custom_1759736151238{padding-bottom: 2rem !important;}&raquo;]TAIRIREX\u00ae er Formosa Plastics\u2019 varemerke for polystyren. Produktlinjen omfatter kvaliteter med ulike viskositeter og et bredt utvalg av transparente GPPS samt slagfaste HIPS-varianter.<\/p>\n<p>FORMOCON\u00ae st\u00e5r for POM-produkter med gode mekaniske egenskaper og lav friksjon. Materialet yter ogs\u00e5 godt i milj\u00f8er med lave temperaturer, og brukes ofte i knapper og snap-l\u00e5ser, VVS-komponenter, elektronikk, bilkomponenter, husholdningsapparater og lager.[\/vc_column_text][\/vc_column][\/vc_row][vc_row css=&raquo;.vc_custom_1692819208324{padding-bottom: 60px !important;}&raquo;][vc_column][ucaddon_ag_title ag_title_slim=&raquo;TWF0ZXJpYWxkYXRhYmFzZQ==&raquo; ag_title_bold=&raquo;Rm9ybW9zYXMlMjBwcm9kdWt0ZXI=&raquo; ag_title_font_size=&raquo;40&#8243; ag_title_align=&raquo;center&raquo; ag_titel_border=&raquo;&raquo; uc_init_settings=&raquo;&raquo;]\r\n        <style>\r\n            .js-ul-prospector-iframe {\r\n                width: 1px;\r\n                min-width: 100%;\r\n            }\r\n        <\/style>\r\n        <iframe class=\"js-ul-prospector-iframe\" src=\"https:\/\/catalog.ulprospector.com\/xquery.aspx?I=75681&QM=100:3670|1055~40:3741|3198&RSCOLS=DYNAMIC&FMT=HOV&CULTURE=en&PGSIZE=10\" frameborder=\"0\" allowfullscreen=\"false\" scrolling=\"yes\" loading=\"lazy\"><\/iframe>\r\n        <script>\r\n            jQuery(window).on(\"load\", function () {\r\n                if (!window.mapeChildUlProspectorIframeResizerInit) {\r\n                    console.log(\"Init UL Iframe Resizer\");\r\n                    iFrameResize({ log: false, scrolling: \"omit\" }, \".js-ul-prospector-iframe\");\r\n                    window.mapeChildUlProspectorIframeResizerInit = true;\r\n                }\r\n            });\r\n        <\/script>\r\n    [\/vc_column][\/vc_row][vc_row css=&raquo;.vc_custom_1647351943677{padding-top: 50px !important;padding-bottom: 60px !important;background-color: #f9f9f9 !important;}&raquo;][vc_column][ucaddon_ag_title ag_title_slim=&raquo;T1BQREFHJTIwRk9STU9TQSUyMFBMQVNUSUNT&raquo; ag_title_bold=&raquo;TEVTJTIwTUVS&raquo; ag_title_font_size=&raquo;45&#8243; ag_title_align=&raquo;center&raquo; ag_titel_border=&raquo;&raquo;][vc_empty_space height=&raquo;30px&raquo;][vc_row_inner gap=&raquo;30&#8243; el_class=&raquo;usp-row&raquo;][vc_column_inner el_class=&raquo;cta-col&raquo; width=&raquo;1\/3&#8243; css=&raquo;.vc_custom_1647427402135{padding-top: 0px !important;background-color: #ffffff !important;}&raquo;][vc_single_image image=&raquo;8381&#8243; img_size=&raquo;full&raquo; onclick=&raquo;custom_link&raquo; img_link_target=&raquo;_blank&raquo; el_class=&raquo;cta-img&raquo; link=&raquo;https:\/\/www.fpcusa.com&raquo;][vc_custom_heading text=&raquo;FORMOSA WEBSITE&raquo; font_container=&raquo;tag:h3|text_align:left&raquo; use_theme_fonts=&raquo;yes&raquo; el_class=&raquo;rubrik-mape&raquo; css=&raquo;.vc_custom_1758722754858{padding-left: 15px !important;}&raquo; link=&raquo;url:https%3A%2F%2Fwww.fpcusa.com|target:_blank&raquo;][vc_column_text el_class=&raquo;under-rubrik-mape&raquo; css=&raquo;.vc_custom_1759736277852{padding-left: 15px !important;}&raquo;]<a href=\"https:\/\/www.fpcusa.com\" target=\"_blank\" rel=\"noopener\">Bes\u00f8k nettside<\/a>[\/vc_column_text][vc_empty_space height=&raquo;30px&raquo;][\/vc_column_inner][vc_column_inner el_class=&raquo;cta-col&raquo; width=&raquo;1\/3&#8243; css=&raquo;.vc_custom_1647352243868{padding-top: 0px !important;background-color: #ffffff !important;}&raquo;][vc_single_image image=&raquo;7705&#8243; img_size=&raquo;full&raquo; alignment=&raquo;center&raquo; onclick=&raquo;custom_link&raquo; img_link_target=&raquo;_blank&raquo; el_class=&raquo;cta-img&raquo; link=&raquo;https:\/\/mapeplastics.se\/material\/&raquo;][vc_custom_heading text=&raquo;MATERIALDATABASE&raquo; font_container=&raquo;tag:h3|text_align:left&raquo; use_theme_fonts=&raquo;yes&raquo; el_class=&raquo;rubrik-mape&raquo; css=&raquo;.vc_custom_1759736330311{padding-left: 15px !important;}&raquo; link=&raquo;url:https%3A%2F%2Fmapeplastics.se%2Fno%2Fmaterialer%2F&raquo;][vc_column_text el_class=&raquo;under-rubrik-mape&raquo; css=&raquo;.vc_custom_1759736315424{padding-left: 15px !important;}&raquo;]<a href=\"https:\/\/mapeplastics.se\/no\/materialer\/\">Utforsk v\u00e5r database<\/a>[\/vc_column_text][vc_empty_space height=&raquo;30px&raquo;][\/vc_column_inner][vc_column_inner el_class=&raquo;cta-col&raquo; width=&raquo;1\/3&#8243; css=&raquo;.vc_custom_1647351040630{padding-top: 0px !important;background-color: #ffffff !important;}&raquo;][vc_single_image image=&raquo;8188&#8243; img_size=&raquo;full&raquo; onclick=&raquo;custom_link&raquo; img_link_target=&raquo;_blank&raquo; el_class=&raquo;cta-img&raquo; link=&raquo;mailto:carl@mapeplastics.se&raquo;][vc_custom_heading text=&raquo;VIL DU VITE MER?&raquo; font_container=&raquo;tag:h3|text_align:left&raquo; use_theme_fonts=&raquo;yes&raquo; el_class=&raquo;rubrik-mape&raquo; css=&raquo;.vc_custom_1759736541967{padding-left: 15px !important;}&raquo; link=&raquo;url:mailto%3Acarl%40mapeplastics.se&raquo;][vc_column_text el_class=&raquo;under-rubrik-mape&raquo; css=&raquo;.vc_custom_1759736355517{padding-left: 15px !important;}&raquo;]<a href=\"mailto:carl@mapeplastics.se\">KONTAKT CARL WALDENSTR\u00d6M<\/a>[\/vc_column_text][vc_empty_space height=&raquo;30px&raquo;][\/vc_column_inner][\/vc_row_inner][\/vc_column][\/vc_row]<\/p>\n<\/section>","protected":false},"excerpt":{"rendered":"<p>[vc_row fullwidth=&raquo;1&#8243;][vc_column][ucaddon_ag_sub_hero ag_sh_text_small=&raquo;V\u00e5re partnere&raquo; ag_sh_text=&raquo;FORMOSA PLASTICS&raquo; ag_sub_hero_par=&raquo;JTBBRm9ybW9zYSUyMFBsYXN0aWNzJTIwdGlsYnlyJTIwZXQlMjBicmVkdCUyMHNvcnRpbWVudCUyMGF2JTIwaCVDMyVCOHl2ZXJkaWdlJTIwaW5kdXN0cmlwcm9kdWt0ZXIlMjB1bmRlciUyMHZhcmVtZXJrZW5lJTIwRk9STU9DT04lQzIlQUUlMjAlMjhQT00lMjklMjBvZyUyMFRBSVJJUkVYJUMyJUFFJTIwJTI4UFMlMjku&raquo; ag_sh_tag=&raquo;h1&#8243;][\/vc_column][\/vc_row][vc_row css_animation=&raquo;none&raquo; css=&raquo;.vc_custom_1663093872195{padding-top: 40px !important;padding-bottom: 40px !important;}&raquo;][vc_column css_animation=&raquo;fadeIn&raquo; width=&raquo;1\/2&#8243; el_class=&raquo;standard-padding&raquo;][vc_empty_space height=&raquo;120px&raquo;][ucaddon_ag_title ag_title_slim=&raquo;R3J1bm5sYWd0JTIwaSUyMDE5Nzg=&raquo; ag_title_bold=&raquo;Rk9STU9TQSUyMFBMQVNUSUNT&raquo; ag_title_font_size=&raquo;45&#8243; ag_title_align=&raquo;left&raquo; ag_titel_border=&raquo;&raquo;][vc_column_text css=&raquo;.vc_custom_1759736107073{padding-bottom: 2rem !important;}&raquo;]Formosa Plastics ble etablert i 1978 og har vokst til \u00e5 bli en sterk leverand\u00f8r innen plastindustrien. Selskapet tilbyr et omfattende utvalg av materialer og andre petrokjemiske produkter som leverer [&hellip;]<\/p>\n","protected":false},"author":29,"featured_media":0,"parent":775,"menu_order":0,"comment_status":"closed","ping_status":"closed","template":"page-visual-composer.php","meta":{"_mi_skip_tracking":false},"acf":[],"yoast_head":"<!-- This site is optimized with the Yoast SEO plugin v20.7 - https:\/\/yoast.com\/wordpress\/plugins\/seo\/ -->\n<title>FORMOSA PLASTICS - Mape Plastics<\/title>\n<meta name=\"robots\" content=\"index, follow, max-snippet:-1, max-image-preview:large, max-video-preview:-1\" \/>\n<link rel=\"canonical\" href=\"https:\/\/mapeplastics.se\/no\/partnere\/formosa-plastics\/\" \/>\n<meta property=\"og:locale\" content=\"nb_NO\" \/>\n<meta property=\"og:type\" content=\"article\" \/>\n<meta property=\"og:title\" content=\"FORMOSA PLASTICS - Mape Plastics\" \/>\n<meta property=\"og:description\" content=\"[vc_row fullwidth=&raquo;1&#8243;][vc_column][ucaddon_ag_sub_hero ag_sh_text_small=&raquo;V\u00e5re partnere&raquo; ag_sh_text=&raquo;FORMOSA PLASTICS&raquo; ag_sub_hero_par=&raquo;JTBBRm9ybW9zYSUyMFBsYXN0aWNzJTIwdGlsYnlyJTIwZXQlMjBicmVkdCUyMHNvcnRpbWVudCUyMGF2JTIwaCVDMyVCOHl2ZXJkaWdlJTIwaW5kdXN0cmlwcm9kdWt0ZXIlMjB1bmRlciUyMHZhcmVtZXJrZW5lJTIwRk9STU9DT04lQzIlQUUlMjAlMjhQT00lMjklMjBvZyUyMFRBSVJJUkVYJUMyJUFFJTIwJTI4UFMlMjku&raquo; ag_sh_tag=&raquo;h1&#8243;][\/vc_column][\/vc_row][vc_row css_animation=&raquo;none&raquo; css=&raquo;.vc_custom_1663093872195{padding-top: 40px !important;padding-bottom: 40px !important;}&raquo;][vc_column css_animation=&raquo;fadeIn&raquo; width=&raquo;1\/2&#8243; el_class=&raquo;standard-padding&raquo;][vc_empty_space height=&raquo;120px&raquo;][ucaddon_ag_title ag_title_slim=&raquo;R3J1bm5sYWd0JTIwaSUyMDE5Nzg=&raquo; ag_title_bold=&raquo;Rk9STU9TQSUyMFBMQVNUSUNT&raquo; ag_title_font_size=&raquo;45&#8243; ag_title_align=&raquo;left&raquo; ag_titel_border=&raquo;&raquo;][vc_column_text css=&raquo;.vc_custom_1759736107073{padding-bottom: 2rem !important;}&raquo;]Formosa Plastics ble etablert i 1978 og har vokst til \u00e5 bli en sterk leverand\u00f8r innen plastindustrien. Selskapet tilbyr et omfattende utvalg av materialer og andre petrokjemiske produkter som leverer [&hellip;]\" \/>\n<meta property=\"og:url\" content=\"https:\/\/mapeplastics.se\/no\/partnere\/formosa-plastics\/\" \/>\n<meta property=\"og:site_name\" content=\"Mape Plastics\" \/>\n<meta property=\"article:modified_time\" content=\"2025-10-07T13:12:42+00:00\" \/>\n<meta name=\"twitter:card\" content=\"summary_large_image\" \/>\n<meta name=\"twitter:label1\" content=\"Ansl. lesetid\" \/>\n\t<meta name=\"twitter:data1\" content=\"2 minutter\" \/>\n<script type=\"application\/ld+json\" class=\"yoast-schema-graph\">{\"@context\":\"https:\/\/schema.org\",\"@graph\":[{\"@type\":\"WebPage\",\"@id\":\"https:\/\/mapeplastics.se\/no\/partnere\/formosa-plastics\/\",\"url\":\"https:\/\/mapeplastics.se\/no\/partnere\/formosa-plastics\/\",\"name\":\"FORMOSA PLASTICS - Mape Plastics\",\"isPartOf\":{\"@id\":\"https:\/\/mapeplastics.se\/no\/#website\"},\"datePublished\":\"2025-10-06T07:28:19+00:00\",\"dateModified\":\"2025-10-07T13:12:42+00:00\",\"breadcrumb\":{\"@id\":\"https:\/\/mapeplastics.se\/no\/partnere\/formosa-plastics\/#breadcrumb\"},\"inLanguage\":\"nb-NO\",\"potentialAction\":[{\"@type\":\"ReadAction\",\"target\":[\"https:\/\/mapeplastics.se\/no\/partnere\/formosa-plastics\/\"]}]},{\"@type\":\"BreadcrumbList\",\"@id\":\"https:\/\/mapeplastics.se\/no\/partnere\/formosa-plastics\/#breadcrumb\",\"itemListElement\":[{\"@type\":\"ListItem\",\"position\":1,\"name\":\"Hem\",\"item\":\"https:\/\/mapeplastics.se\/no\/\"},{\"@type\":\"ListItem\",\"position\":2,\"name\":\"Partnere\",\"item\":\"https:\/\/mapeplastics.se\/no\/partnere\/\"},{\"@type\":\"ListItem\",\"position\":3,\"name\":\"FORMOSA PLASTICS\"}]},{\"@type\":\"WebSite\",\"@id\":\"https:\/\/mapeplastics.se\/no\/#website\",\"url\":\"https:\/\/mapeplastics.se\/no\/\",\"name\":\"Mape Plastics\",\"description\":\"\",\"potentialAction\":[{\"@type\":\"SearchAction\",\"target\":{\"@type\":\"EntryPoint\",\"urlTemplate\":\"https:\/\/mapeplastics.se\/no\/?s={search_term_string}\"},\"query-input\":\"required name=search_term_string\"}],\"inLanguage\":\"nb-NO\"}]}<\/script>\n<!-- \/ Yoast SEO plugin. -->","yoast_head_json":{"title":"FORMOSA PLASTICS - Mape Plastics","robots":{"index":"index","follow":"follow","max-snippet":"max-snippet:-1","max-image-preview":"max-image-preview:large","max-video-preview":"max-video-preview:-1"},"canonical":"https:\/\/mapeplastics.se\/no\/partnere\/formosa-plastics\/","og_locale":"nb_NO","og_type":"article","og_title":"FORMOSA PLASTICS - Mape Plastics","og_description":"[vc_row fullwidth=&raquo;1&#8243;][vc_column][ucaddon_ag_sub_hero ag_sh_text_small=&raquo;V\u00e5re partnere&raquo; ag_sh_text=&raquo;FORMOSA PLASTICS&raquo; ag_sub_hero_par=&raquo;JTBBRm9ybW9zYSUyMFBsYXN0aWNzJTIwdGlsYnlyJTIwZXQlMjBicmVkdCUyMHNvcnRpbWVudCUyMGF2JTIwaCVDMyVCOHl2ZXJkaWdlJTIwaW5kdXN0cmlwcm9kdWt0ZXIlMjB1bmRlciUyMHZhcmVtZXJrZW5lJTIwRk9STU9DT04lQzIlQUUlMjAlMjhQT00lMjklMjBvZyUyMFRBSVJJUkVYJUMyJUFFJTIwJTI4UFMlMjku&raquo; ag_sh_tag=&raquo;h1&#8243;][\/vc_column][\/vc_row][vc_row css_animation=&raquo;none&raquo; css=&raquo;.vc_custom_1663093872195{padding-top: 40px !important;padding-bottom: 40px !important;}&raquo;][vc_column css_animation=&raquo;fadeIn&raquo; width=&raquo;1\/2&#8243; el_class=&raquo;standard-padding&raquo;][vc_empty_space height=&raquo;120px&raquo;][ucaddon_ag_title ag_title_slim=&raquo;R3J1bm5sYWd0JTIwaSUyMDE5Nzg=&raquo; ag_title_bold=&raquo;Rk9STU9TQSUyMFBMQVNUSUNT&raquo; ag_title_font_size=&raquo;45&#8243; ag_title_align=&raquo;left&raquo; ag_titel_border=&raquo;&raquo;][vc_column_text css=&raquo;.vc_custom_1759736107073{padding-bottom: 2rem !important;}&raquo;]Formosa Plastics ble etablert i 1978 og har vokst til \u00e5 bli en sterk leverand\u00f8r innen plastindustrien. Selskapet tilbyr et omfattende utvalg av materialer og andre petrokjemiske produkter som leverer [&hellip;]","og_url":"https:\/\/mapeplastics.se\/no\/partnere\/formosa-plastics\/","og_site_name":"Mape Plastics","article_modified_time":"2025-10-07T13:12:42+00:00","twitter_card":"summary_large_image","twitter_misc":{"Ansl. lesetid":"2 minutter"},"schema":{"@context":"https:\/\/schema.org","@graph":[{"@type":"WebPage","@id":"https:\/\/mapeplastics.se\/no\/partnere\/formosa-plastics\/","url":"https:\/\/mapeplastics.se\/no\/partnere\/formosa-plastics\/","name":"FORMOSA PLASTICS - Mape Plastics","isPartOf":{"@id":"https:\/\/mapeplastics.se\/no\/#website"},"datePublished":"2025-10-06T07:28:19+00:00","dateModified":"2025-10-07T13:12:42+00:00","breadcrumb":{"@id":"https:\/\/mapeplastics.se\/no\/partnere\/formosa-plastics\/#breadcrumb"},"inLanguage":"nb-NO","potentialAction":[{"@type":"ReadAction","target":["https:\/\/mapeplastics.se\/no\/partnere\/formosa-plastics\/"]}]},{"@type":"BreadcrumbList","@id":"https:\/\/mapeplastics.se\/no\/partnere\/formosa-plastics\/#breadcrumb","itemListElement":[{"@type":"ListItem","position":1,"name":"Hem","item":"https:\/\/mapeplastics.se\/no\/"},{"@type":"ListItem","position":2,"name":"Partnere","item":"https:\/\/mapeplastics.se\/no\/partnere\/"},{"@type":"ListItem","position":3,"name":"FORMOSA PLASTICS"}]},{"@type":"WebSite","@id":"https:\/\/mapeplastics.se\/no\/#website","url":"https:\/\/mapeplastics.se\/no\/","name":"Mape Plastics","description":"","potentialAction":[{"@type":"SearchAction","target":{"@type":"EntryPoint","urlTemplate":"https:\/\/mapeplastics.se\/no\/?s={search_term_string}"},"query-input":"required name=search_term_string"}],"inLanguage":"nb-NO"}]}},"_links":{"self":[{"href":"https:\/\/mapeplastics.se\/no\/wp-json\/wp\/v2\/pages\/8532"}],"collection":[{"href":"https:\/\/mapeplastics.se\/no\/wp-json\/wp\/v2\/pages"}],"about":[{"href":"https:\/\/mapeplastics.se\/no\/wp-json\/wp\/v2\/types\/page"}],"author":[{"embeddable":true,"href":"https:\/\/mapeplastics.se\/no\/wp-json\/wp\/v2\/users\/29"}],"replies":[{"embeddable":true,"href":"https:\/\/mapeplastics.se\/no\/wp-json\/wp\/v2\/comments?post=8532"}],"version-history":[{"count":6,"href":"https:\/\/mapeplastics.se\/no\/wp-json\/wp\/v2\/pages\/8532\/revisions"}],"predecessor-version":[{"id":8624,"href":"https:\/\/mapeplastics.se\/no\/wp-json\/wp\/v2\/pages\/8532\/revisions\/8624"}],"up":[{"embeddable":true,"href":"https:\/\/mapeplastics.se\/no\/wp-json\/wp\/v2\/pages\/775"}],"wp:attachment":[{"href":"https:\/\/mapeplastics.se\/no\/wp-json\/wp\/v2\/media?parent=8532"}],"curies":[{"name":"wp","href":"https:\/\/api.w.org\/{rel}","templated":true}]}}