{"id":8540,"date":"2025-10-06T10:08:55","date_gmt":"2025-10-06T08:08:55","guid":{"rendered":"https:\/\/mapeplastics.se\/?page_id=8540"},"modified":"2025-10-07T16:08:52","modified_gmt":"2025-10-07T14:08:52","slug":"hyosung-chemical","status":"publish","type":"page","link":"https:\/\/mapeplastics.se\/no\/partnere\/hyosung-chemical\/","title":{"rendered":"HYOSUNG CHEMICAL"},"content":{"rendered":"<section class=\"wpb-content-wrapper\"><p>[vc_row fullwidth=&raquo;1&#8243;][vc_column][ucaddon_ag_sub_hero ag_sh_text_small=&raquo;V\u00e5re partnere&raquo; ag_sh_text=&raquo;HYOSUNG CHEMICAL&raquo; ag_sub_hero_par=&raquo;SHlvc3VuZyUyMENoZW1pY2FsJTIwZXIlMjBlbiUyMHN0b3IlMjBvZyUyMHAlQzMlQTVsaXRlbGlnJTIwbGV2ZXJhbmQlQzMlQjhyJTIwbWVkJTIwbWFuZ2UlMjAlQzMlQTVycyUyMGVyZmFyaW5nJTIwaSUyMHBsYXN0aW5kdXN0cmllbi4lMjBPcHBkYWclMjBkZXJlcyUyMHBvbHlwcm9weWxlbiUyMHVuZGVyJTIwdmFyZW1lcmtldCUyMEh5b3N1bmclMjBQb2x5cHJvcHlsZW5lJUUyJTg0JUEyJTIwb2clMjBkZXJlcyUyMHBvbHlrZXRvbiUyMHVuZGVyJTIwUE9LRVRPTkUlRTIlODQlQTIu&raquo; ag_sh_tag=&raquo;h1&#8243;][\/vc_column][\/vc_row][vc_row css_animation=&raquo;none&raquo; css=&raquo;.vc_custom_1663093872195{padding-top: 40px !important;padding-bottom: 40px !important;}&raquo;][vc_column css_animation=&raquo;fadeIn&raquo; width=&raquo;1\/2&#8243; el_class=&raquo;standard-padding&raquo;][vc_empty_space height=&raquo;120px&raquo;][ucaddon_ag_title ag_title_slim=&raquo;SFlPU1VORyUyMENIRU1JQ0FM&raquo; ag_title_bold=&raquo;U0lLS0VSSEVUJTIwb2clMjBCJUMzJTg2UkVLUkFGVA==&raquo; ag_title_font_size=&raquo;45&#8243; ag_title_align=&raquo;left&raquo; ag_titel_border=&raquo;&raquo;][vc_column_text css=&raquo;.vc_custom_1759737800129{padding-bottom: 2rem !important;}&raquo;]Hyosung Chemical driver et globalt nettverk med over 70 virksomheter verden over, organisert i \u00e5tte forretningsomr\u00e5der. Selskapet er en global leder innen flere produktkategorier, som sikkerhetsbeltegarn, airbag-stoffer og mer.<\/p>\n<p>Hyosung Chemical har som m\u00e5l \u00e5 utvikle nye, innovative plastprodukter med sikkerhet og b\u00e6rekraft som hovedfokus. I deres brede portef\u00f8lje finner vi varemerkene Hyosung Polypropylene\u2122 (<a href=\"https:\/\/mapeplastics.se\/no\/materialer\/polypropylene-pp\/\">PP<\/a>) og verdens f\u00f8rste kommersielt vellykkede <a href=\"https:\/\/mapeplastics.se\/no\/materialer\/polyketon\/\">polyketon<\/a>, POKETONE\u2122.[\/vc_column_text][\/vc_column][vc_column css_animation=&raquo;fadeIn&raquo; width=&raquo;1\/2&#8243;][ucaddon_ag_overlay_block ag_overlay_image=&raquo;8307&#8243; ag_overlay_image_font=&raquo;8302&#8243;][\/vc_column][\/vc_row][vc_row css_animation=&raquo;fadeIn&raquo; css=&raquo;.vc_custom_1663093992409{margin-top: 60px !important;margin-bottom: 80px !important;}&raquo;][vc_column width=&raquo;1\/2&#8243; el_class=&raquo;text-col&raquo;][ucaddon_ag_overlay_block ag_overlay_image=&raquo;8291&#8243; ag_overlay_image_font=&raquo;8334&#8243;][\/vc_column][vc_column width=&raquo;1\/2&#8243; el_class=&raquo;desktop-padding&raquo;][ucaddon_ag_title ag_title_slim=&raquo;VmFyZW1lcmtlcg==&raquo; ag_title_bold=&raquo;SHlvc3VuZyUyMFBvbHlwcm9weWxlbmUlRTIlODQlQTIlMjBvZyUyMFBPS0VUT05FJUMyJUFF&raquo; ag_title_font_size=&raquo;45&#8243; ag_title_align=&raquo;left&raquo; ag_titel_border=&raquo;&raquo;][vc_column_text css=&raquo;.vc_custom_1759737958291{padding-bottom: 2rem !important;}&raquo;]<b>Hyosung Polypropylene\u2122 og POKETONE\u00ae<\/b><\/p>\n<p>Hyosung Polypropylene\u2122 er Hyosung Chemicals varemerke for polypropylen (PP), kjent for h\u00f8y kvalitet, prosesserbarhet, stivhet og slagfasthet. Produktene benyttes i en rekke bruksomr\u00e5der, inkludert spr\u00f8ytest\u00f8pte deler, r\u00f8r, husholdningsartikler og emballasje. Sortimentet omfatter homopolymerer for stivhet og blokk-kopolymerer for balanserte egenskaper, fremstilt med avansert polymerisasjonsteknologi.<\/p>\n<p>&nbsp;<\/p>\n<p><b>POKETONE\u2122<\/b> er verdens f\u00f8rste kommersielt vellykkede polyketon. Det er en giftfri, biokompatibel polymer som er b\u00e5de FDA- og NSF-godkjent, og som genererer minimale CO\u2082-utslipp under produksjon.<\/p>\n<p>Materialet har utmerket kjemikalieresistens, h\u00f8y slagfasthet, bruddforlengelse og slitestyrke. Takket v\u00e6re sine balanserte egenskaper brukes POKETONE\u2122 bredt i bilindustrien, vannm\u00e5lere, vannrensere, leker, medisintekniske produkter, r\u00f8r og filmer.[\/vc_column_text][\/vc_column][\/vc_row][vc_row css=&raquo;.vc_custom_1692819208324{padding-bottom: 60px !important;}&raquo;][vc_column][ucaddon_ag_title ag_title_slim=&raquo;TWF0ZXJpYWxkYXRhYmFzZQ==&raquo; ag_title_bold=&raquo;SHlvc3VuZ3MlMjBwcm9kdWt0ZXI=&raquo; ag_title_font_size=&raquo;40&#8243; ag_title_align=&raquo;center&raquo; ag_titel_border=&raquo;&raquo; uc_init_settings=&raquo;&raquo;]\r\n        <style>\r\n            .js-ul-prospector-iframe {\r\n                width: 1px;\r\n                min-width: 100%;\r\n            }\r\n        <\/style>\r\n        <iframe class=\"js-ul-prospector-iframe\" src=\"https:\/\/catalog.ulprospector.com\/xquery.aspx?I=75681&QM=100:1108&RSCOLS=DYNAMIC&FMT=HOV&CULTURE=en&PGSIZE=10\" frameborder=\"0\" allowfullscreen=\"false\" scrolling=\"yes\" loading=\"lazy\"><\/iframe>\r\n        <script>\r\n            jQuery(window).on(\"load\", function () {\r\n                if (!window.mapeChildUlProspectorIframeResizerInit) {\r\n                    console.log(\"Init UL Iframe Resizer\");\r\n                    iFrameResize({ log: false, scrolling: \"omit\" }, \".js-ul-prospector-iframe\");\r\n                    window.mapeChildUlProspectorIframeResizerInit = true;\r\n                }\r\n            });\r\n        <\/script>\r\n    [\/vc_column][\/vc_row][vc_row css=&raquo;.vc_custom_1647351943677{padding-top: 50px !important;padding-bottom: 60px !important;background-color: #f9f9f9 !important;}&raquo;][vc_column][ucaddon_ag_title ag_title_slim=&raquo;T1BQREFHJTIwSFlPU1VORw==&raquo; ag_title_bold=&raquo;TEVTJTIwTUVS&raquo; ag_title_font_size=&raquo;45&#8243; ag_title_align=&raquo;center&raquo; ag_titel_border=&raquo;&raquo;][vc_empty_space height=&raquo;30px&raquo;][vc_row_inner gap=&raquo;30&#8243; el_class=&raquo;usp-row&raquo;][vc_column_inner el_class=&raquo;cta-col&raquo; width=&raquo;1\/3&#8243; css=&raquo;.vc_custom_1647427402135{padding-top: 0px !important;background-color: #ffffff !important;}&raquo;][vc_single_image image=&raquo;8517&#8243; img_size=&raquo;full&raquo; onclick=&raquo;custom_link&raquo; img_link_target=&raquo;_blank&raquo; el_class=&raquo;cta-img&raquo; link=&raquo;https:\/\/www.hyosungchemical.com\/en&raquo;][vc_custom_heading text=&raquo;HYOSUNG WEBSITE&raquo; font_container=&raquo;tag:h3|text_align:left&raquo; use_theme_fonts=&raquo;yes&raquo; el_class=&raquo;rubrik-mape&raquo; css=&raquo;.vc_custom_1758714468955{padding-left: 15px !important;}&raquo; link=&raquo;url:https%3A%2F%2Fwww.hyosungchemical.com%2Fen|target:_blank&raquo;][vc_column_text el_class=&raquo;under-rubrik-mape&raquo; css=&raquo;.vc_custom_1759737987363{padding-left: 15px !important;}&raquo;]<a href=\"https:\/\/www.hyosungchemical.com\/en\" target=\"_blank\" rel=\"noopener\">Bes\u00f8k hyosungchemical.com<\/a>[\/vc_column_text][vc_empty_space height=&raquo;30px&raquo;][\/vc_column_inner][vc_column_inner el_class=&raquo;cta-col&raquo; width=&raquo;1\/3&#8243; css=&raquo;.vc_custom_1647352243868{padding-top: 0px !important;background-color: #ffffff !important;}&raquo;][vc_single_image image=&raquo;8340&#8243; img_size=&raquo;full&raquo; alignment=&raquo;center&raquo; onclick=&raquo;custom_link&raquo; img_link_target=&raquo;_blank&raquo; el_class=&raquo;cta-img&raquo; link=&raquo;https:\/\/www.poketone.com\/en\/index.do&raquo;][vc_custom_heading text=&raquo;POKETONE&raquo; font_container=&raquo;tag:h3|text_align:left&raquo; use_theme_fonts=&raquo;yes&raquo; el_class=&raquo;rubrik-mape&raquo; css=&raquo;.vc_custom_1758714587779{padding-left: 15px !important;}&raquo; link=&raquo;url:https%3A%2F%2Fwww.poketone.com%2Fen%2Findex.do|target:_blank&raquo;][vc_column_text el_class=&raquo;under-rubrik-mape&raquo; css=&raquo;.vc_custom_1759737998778{padding-left: 15px !important;}&raquo;]<a href=\"https:\/\/www.poketone.com\/en\/index.do\" target=\"_blank\" rel=\"noopener\">Utforsk POKETONE<\/a>[\/vc_column_text][vc_empty_space height=&raquo;30px&raquo;][\/vc_column_inner][vc_column_inner el_class=&raquo;cta-col&raquo; width=&raquo;1\/3&#8243; css=&raquo;.vc_custom_1647351040630{padding-top: 0px !important;background-color: #ffffff !important;}&raquo;][vc_single_image image=&raquo;8188&#8243; img_size=&raquo;full&raquo; onclick=&raquo;custom_link&raquo; img_link_target=&raquo;_blank&raquo; el_class=&raquo;cta-img&raquo; link=&raquo;mailto:carl@mapeplastics.se&raquo;][vc_custom_heading text=&raquo;VIL DU VITE MER?&raquo; font_container=&raquo;tag:h3|text_align:left&raquo; use_theme_fonts=&raquo;yes&raquo; el_class=&raquo;rubrik-mape&raquo; css=&raquo;.vc_custom_1759738013384{padding-left: 15px !important;}&raquo; link=&raquo;url:mailto%3Acarl%40mapeplastics.se&raquo;][vc_column_text el_class=&raquo;under-rubrik-mape&raquo; css=&raquo;.vc_custom_1759738020723{padding-left: 15px !important;}&raquo;]<a href=\"mailto:carl@mapeplastics.se\">KONTAKT CARL WALDENSTR\u00d6M<\/a>[\/vc_column_text][vc_empty_space height=&raquo;30px&raquo;][\/vc_column_inner][\/vc_row_inner][\/vc_column][\/vc_row][vc_row][vc_column][vc_column_text] [\/vc_column_text][\/vc_column][\/vc_row]<\/p>\n<\/section>","protected":false},"excerpt":{"rendered":"<p>[vc_row fullwidth=&raquo;1&#8243;][vc_column][ucaddon_ag_sub_hero ag_sh_text_small=&raquo;V\u00e5re partnere&raquo; ag_sh_text=&raquo;HYOSUNG CHEMICAL&raquo; ag_sub_hero_par=&raquo;SHlvc3VuZyUyMENoZW1pY2FsJTIwZXIlMjBlbiUyMHN0b3IlMjBvZyUyMHAlQzMlQTVsaXRlbGlnJTIwbGV2ZXJhbmQlQzMlQjhyJTIwbWVkJTIwbWFuZ2UlMjAlQzMlQTVycyUyMGVyZmFyaW5nJTIwaSUyMHBsYXN0aW5kdXN0cmllbi4lMjBPcHBkYWclMjBkZXJlcyUyMHBvbHlwcm9weWxlbiUyMHVuZGVyJTIwdmFyZW1lcmtldCUyMEh5b3N1bmclMjBQb2x5cHJvcHlsZW5lJUUyJTg0JUEyJTIwb2clMjBkZXJlcyUyMHBvbHlrZXRvbiUyMHVuZGVyJTIwUE9LRVRPTkUlRTIlODQlQTIu&raquo; ag_sh_tag=&raquo;h1&#8243;][\/vc_column][\/vc_row][vc_row css_animation=&raquo;none&raquo; css=&raquo;.vc_custom_1663093872195{padding-top: 40px !important;padding-bottom: 40px !important;}&raquo;][vc_column css_animation=&raquo;fadeIn&raquo; width=&raquo;1\/2&#8243; el_class=&raquo;standard-padding&raquo;][vc_empty_space height=&raquo;120px&raquo;][ucaddon_ag_title ag_title_slim=&raquo;SFlPU1VORyUyMENIRU1JQ0FM&raquo; ag_title_bold=&raquo;U0lLS0VSSEVUJTIwb2clMjBCJUMzJTg2UkVLUkFGVA==&raquo; ag_title_font_size=&raquo;45&#8243; ag_title_align=&raquo;left&raquo; ag_titel_border=&raquo;&raquo;][vc_column_text css=&raquo;.vc_custom_1759737800129{padding-bottom: 2rem !important;}&raquo;]Hyosung Chemical driver et globalt nettverk med over 70 virksomheter verden over, organisert i \u00e5tte forretningsomr\u00e5der. Selskapet er en global leder innen flere produktkategorier, som sikkerhetsbeltegarn, airbag-stoffer og mer. Hyosung [&hellip;]<\/p>\n","protected":false},"author":29,"featured_media":0,"parent":775,"menu_order":0,"comment_status":"closed","ping_status":"closed","template":"page-visual-composer.php","meta":{"_mi_skip_tracking":false},"acf":[],"yoast_head":"<!-- This site is optimized with the Yoast SEO plugin v20.7 - https:\/\/yoast.com\/wordpress\/plugins\/seo\/ -->\n<title>HYOSUNG CHEMICAL - Mape Plastics<\/title>\n<meta name=\"robots\" content=\"index, follow, max-snippet:-1, max-image-preview:large, max-video-preview:-1\" \/>\n<link rel=\"canonical\" href=\"https:\/\/mapeplastics.se\/no\/partnere\/hyosung-chemical\/\" \/>\n<meta property=\"og:locale\" content=\"nb_NO\" \/>\n<meta property=\"og:type\" content=\"article\" \/>\n<meta property=\"og:title\" content=\"HYOSUNG CHEMICAL - Mape Plastics\" \/>\n<meta property=\"og:description\" content=\"[vc_row fullwidth=&raquo;1&#8243;][vc_column][ucaddon_ag_sub_hero ag_sh_text_small=&raquo;V\u00e5re partnere&raquo; ag_sh_text=&raquo;HYOSUNG CHEMICAL&raquo; ag_sub_hero_par=&raquo;SHlvc3VuZyUyMENoZW1pY2FsJTIwZXIlMjBlbiUyMHN0b3IlMjBvZyUyMHAlQzMlQTVsaXRlbGlnJTIwbGV2ZXJhbmQlQzMlQjhyJTIwbWVkJTIwbWFuZ2UlMjAlQzMlQTVycyUyMGVyZmFyaW5nJTIwaSUyMHBsYXN0aW5kdXN0cmllbi4lMjBPcHBkYWclMjBkZXJlcyUyMHBvbHlwcm9weWxlbiUyMHVuZGVyJTIwdmFyZW1lcmtldCUyMEh5b3N1bmclMjBQb2x5cHJvcHlsZW5lJUUyJTg0JUEyJTIwb2clMjBkZXJlcyUyMHBvbHlrZXRvbiUyMHVuZGVyJTIwUE9LRVRPTkUlRTIlODQlQTIu&raquo; ag_sh_tag=&raquo;h1&#8243;][\/vc_column][\/vc_row][vc_row css_animation=&raquo;none&raquo; css=&raquo;.vc_custom_1663093872195{padding-top: 40px !important;padding-bottom: 40px !important;}&raquo;][vc_column css_animation=&raquo;fadeIn&raquo; width=&raquo;1\/2&#8243; el_class=&raquo;standard-padding&raquo;][vc_empty_space height=&raquo;120px&raquo;][ucaddon_ag_title ag_title_slim=&raquo;SFlPU1VORyUyMENIRU1JQ0FM&raquo; ag_title_bold=&raquo;U0lLS0VSSEVUJTIwb2clMjBCJUMzJTg2UkVLUkFGVA==&raquo; ag_title_font_size=&raquo;45&#8243; ag_title_align=&raquo;left&raquo; ag_titel_border=&raquo;&raquo;][vc_column_text css=&raquo;.vc_custom_1759737800129{padding-bottom: 2rem !important;}&raquo;]Hyosung Chemical driver et globalt nettverk med over 70 virksomheter verden over, organisert i \u00e5tte forretningsomr\u00e5der. Selskapet er en global leder innen flere produktkategorier, som sikkerhetsbeltegarn, airbag-stoffer og mer. Hyosung [&hellip;]\" \/>\n<meta property=\"og:url\" content=\"https:\/\/mapeplastics.se\/no\/partnere\/hyosung-chemical\/\" \/>\n<meta property=\"og:site_name\" content=\"Mape Plastics\" \/>\n<meta property=\"article:modified_time\" content=\"2025-10-07T14:08:52+00:00\" \/>\n<meta name=\"twitter:card\" content=\"summary_large_image\" \/>\n<meta name=\"twitter:label1\" content=\"Ansl. lesetid\" \/>\n\t<meta name=\"twitter:data1\" content=\"2 minutter\" \/>\n<script type=\"application\/ld+json\" class=\"yoast-schema-graph\">{\"@context\":\"https:\/\/schema.org\",\"@graph\":[{\"@type\":\"WebPage\",\"@id\":\"https:\/\/mapeplastics.se\/no\/partnere\/hyosung-chemical\/\",\"url\":\"https:\/\/mapeplastics.se\/no\/partnere\/hyosung-chemical\/\",\"name\":\"HYOSUNG CHEMICAL - Mape Plastics\",\"isPartOf\":{\"@id\":\"https:\/\/mapeplastics.se\/no\/#website\"},\"datePublished\":\"2025-10-06T08:08:55+00:00\",\"dateModified\":\"2025-10-07T14:08:52+00:00\",\"breadcrumb\":{\"@id\":\"https:\/\/mapeplastics.se\/no\/partnere\/hyosung-chemical\/#breadcrumb\"},\"inLanguage\":\"nb-NO\",\"potentialAction\":[{\"@type\":\"ReadAction\",\"target\":[\"https:\/\/mapeplastics.se\/no\/partnere\/hyosung-chemical\/\"]}]},{\"@type\":\"BreadcrumbList\",\"@id\":\"https:\/\/mapeplastics.se\/no\/partnere\/hyosung-chemical\/#breadcrumb\",\"itemListElement\":[{\"@type\":\"ListItem\",\"position\":1,\"name\":\"Hem\",\"item\":\"https:\/\/mapeplastics.se\/no\/\"},{\"@type\":\"ListItem\",\"position\":2,\"name\":\"Partnere\",\"item\":\"https:\/\/mapeplastics.se\/no\/partnere\/\"},{\"@type\":\"ListItem\",\"position\":3,\"name\":\"HYOSUNG CHEMICAL\"}]},{\"@type\":\"WebSite\",\"@id\":\"https:\/\/mapeplastics.se\/no\/#website\",\"url\":\"https:\/\/mapeplastics.se\/no\/\",\"name\":\"Mape Plastics\",\"description\":\"\",\"potentialAction\":[{\"@type\":\"SearchAction\",\"target\":{\"@type\":\"EntryPoint\",\"urlTemplate\":\"https:\/\/mapeplastics.se\/no\/?s={search_term_string}\"},\"query-input\":\"required name=search_term_string\"}],\"inLanguage\":\"nb-NO\"}]}<\/script>\n<!-- \/ Yoast SEO plugin. -->","yoast_head_json":{"title":"HYOSUNG CHEMICAL - Mape Plastics","robots":{"index":"index","follow":"follow","max-snippet":"max-snippet:-1","max-image-preview":"max-image-preview:large","max-video-preview":"max-video-preview:-1"},"canonical":"https:\/\/mapeplastics.se\/no\/partnere\/hyosung-chemical\/","og_locale":"nb_NO","og_type":"article","og_title":"HYOSUNG CHEMICAL - Mape Plastics","og_description":"[vc_row fullwidth=&raquo;1&#8243;][vc_column][ucaddon_ag_sub_hero ag_sh_text_small=&raquo;V\u00e5re partnere&raquo; ag_sh_text=&raquo;HYOSUNG CHEMICAL&raquo; ag_sub_hero_par=&raquo;SHlvc3VuZyUyMENoZW1pY2FsJTIwZXIlMjBlbiUyMHN0b3IlMjBvZyUyMHAlQzMlQTVsaXRlbGlnJTIwbGV2ZXJhbmQlQzMlQjhyJTIwbWVkJTIwbWFuZ2UlMjAlQzMlQTVycyUyMGVyZmFyaW5nJTIwaSUyMHBsYXN0aW5kdXN0cmllbi4lMjBPcHBkYWclMjBkZXJlcyUyMHBvbHlwcm9weWxlbiUyMHVuZGVyJTIwdmFyZW1lcmtldCUyMEh5b3N1bmclMjBQb2x5cHJvcHlsZW5lJUUyJTg0JUEyJTIwb2clMjBkZXJlcyUyMHBvbHlrZXRvbiUyMHVuZGVyJTIwUE9LRVRPTkUlRTIlODQlQTIu&raquo; ag_sh_tag=&raquo;h1&#8243;][\/vc_column][\/vc_row][vc_row css_animation=&raquo;none&raquo; css=&raquo;.vc_custom_1663093872195{padding-top: 40px !important;padding-bottom: 40px !important;}&raquo;][vc_column css_animation=&raquo;fadeIn&raquo; width=&raquo;1\/2&#8243; el_class=&raquo;standard-padding&raquo;][vc_empty_space height=&raquo;120px&raquo;][ucaddon_ag_title ag_title_slim=&raquo;SFlPU1VORyUyMENIRU1JQ0FM&raquo; ag_title_bold=&raquo;U0lLS0VSSEVUJTIwb2clMjBCJUMzJTg2UkVLUkFGVA==&raquo; ag_title_font_size=&raquo;45&#8243; ag_title_align=&raquo;left&raquo; ag_titel_border=&raquo;&raquo;][vc_column_text css=&raquo;.vc_custom_1759737800129{padding-bottom: 2rem !important;}&raquo;]Hyosung Chemical driver et globalt nettverk med over 70 virksomheter verden over, organisert i \u00e5tte forretningsomr\u00e5der. Selskapet er en global leder innen flere produktkategorier, som sikkerhetsbeltegarn, airbag-stoffer og mer. Hyosung [&hellip;]","og_url":"https:\/\/mapeplastics.se\/no\/partnere\/hyosung-chemical\/","og_site_name":"Mape Plastics","article_modified_time":"2025-10-07T14:08:52+00:00","twitter_card":"summary_large_image","twitter_misc":{"Ansl. lesetid":"2 minutter"},"schema":{"@context":"https:\/\/schema.org","@graph":[{"@type":"WebPage","@id":"https:\/\/mapeplastics.se\/no\/partnere\/hyosung-chemical\/","url":"https:\/\/mapeplastics.se\/no\/partnere\/hyosung-chemical\/","name":"HYOSUNG CHEMICAL - Mape Plastics","isPartOf":{"@id":"https:\/\/mapeplastics.se\/no\/#website"},"datePublished":"2025-10-06T08:08:55+00:00","dateModified":"2025-10-07T14:08:52+00:00","breadcrumb":{"@id":"https:\/\/mapeplastics.se\/no\/partnere\/hyosung-chemical\/#breadcrumb"},"inLanguage":"nb-NO","potentialAction":[{"@type":"ReadAction","target":["https:\/\/mapeplastics.se\/no\/partnere\/hyosung-chemical\/"]}]},{"@type":"BreadcrumbList","@id":"https:\/\/mapeplastics.se\/no\/partnere\/hyosung-chemical\/#breadcrumb","itemListElement":[{"@type":"ListItem","position":1,"name":"Hem","item":"https:\/\/mapeplastics.se\/no\/"},{"@type":"ListItem","position":2,"name":"Partnere","item":"https:\/\/mapeplastics.se\/no\/partnere\/"},{"@type":"ListItem","position":3,"name":"HYOSUNG CHEMICAL"}]},{"@type":"WebSite","@id":"https:\/\/mapeplastics.se\/no\/#website","url":"https:\/\/mapeplastics.se\/no\/","name":"Mape Plastics","description":"","potentialAction":[{"@type":"SearchAction","target":{"@type":"EntryPoint","urlTemplate":"https:\/\/mapeplastics.se\/no\/?s={search_term_string}"},"query-input":"required name=search_term_string"}],"inLanguage":"nb-NO"}]}},"_links":{"self":[{"href":"https:\/\/mapeplastics.se\/no\/wp-json\/wp\/v2\/pages\/8540"}],"collection":[{"href":"https:\/\/mapeplastics.se\/no\/wp-json\/wp\/v2\/pages"}],"about":[{"href":"https:\/\/mapeplastics.se\/no\/wp-json\/wp\/v2\/types\/page"}],"author":[{"embeddable":true,"href":"https:\/\/mapeplastics.se\/no\/wp-json\/wp\/v2\/users\/29"}],"replies":[{"embeddable":true,"href":"https:\/\/mapeplastics.se\/no\/wp-json\/wp\/v2\/comments?post=8540"}],"version-history":[{"count":5,"href":"https:\/\/mapeplastics.se\/no\/wp-json\/wp\/v2\/pages\/8540\/revisions"}],"predecessor-version":[{"id":8635,"href":"https:\/\/mapeplastics.se\/no\/wp-json\/wp\/v2\/pages\/8540\/revisions\/8635"}],"up":[{"embeddable":true,"href":"https:\/\/mapeplastics.se\/no\/wp-json\/wp\/v2\/pages\/775"}],"wp:attachment":[{"href":"https:\/\/mapeplastics.se\/no\/wp-json\/wp\/v2\/media?parent=8540"}],"curies":[{"name":"wp","href":"https:\/\/api.w.org\/{rel}","templated":true}]}}