{"id":8548,"date":"2025-10-06T10:13:47","date_gmt":"2025-10-06T08:13:47","guid":{"rendered":"https:\/\/mapeplastics.se\/?page_id=8548"},"modified":"2026-04-02T09:30:40","modified_gmt":"2026-04-02T07:30:40","slug":"daicel","status":"publish","type":"page","link":"https:\/\/mapeplastics.se\/no\/partnere\/daicel\/","title":{"rendered":"DAICEL"},"content":{"rendered":"<section class=\"wpb-content-wrapper\"><p>[vc_row fullwidth=&raquo;1&#8243;][vc_column][ucaddon_ag_sub_hero ag_sh_text_small=&raquo;V\u00e5re partnere&raquo; ag_sh_text=&raquo;DAICEL&raquo; ag_sub_hero_par=&raquo;RGFpY2VsJTIwdXR2aWtsZXIlMjBhdmFuc2VydGUlMjBrb25zdHJ1a3Nqb25zcGxhc3RlciUyMHVuZGVyJTIwdmFyZW1lcmtlbmUlMjBEVVJBRklERSVDMiVBRSUyMCUyOFBQUyUyOSUyMG9nJTIwTEFQRVJPUyVDMiVBRSUyMCUyOExDUCUyOS4=&raquo; ag_sh_tag=&raquo;h1&#8243; uc_init_settings=&raquo;&raquo;][\/vc_column][\/vc_row][vc_row css_animation=&raquo;none&raquo; css=&raquo;.vc_custom_1663093872195{padding-top: 40px !important;padding-bottom: 40px !important;}&raquo;][vc_column css_animation=&raquo;fadeIn&raquo; width=&raquo;1\/2&#8243; el_class=&raquo;standard-padding&raquo;][vc_empty_space height=&raquo;120px&raquo;][ucaddon_ag_title ag_title_slim=&raquo;RGFpY2Vs&raquo; ag_title_bold=&raquo;TGVkZW5kZSUyMHAlQzMlQTUlMjAlM0NESVYlM0UlMjBQUFMlMjBvZyUyMExDUA==&raquo; ag_title_font_size=&raquo;45&#8243; ag_title_align=&raquo;left&raquo; ag_titel_border=&raquo;&raquo; uc_init_settings=&raquo;&raquo;][vc_column_text css=&raquo;.vc_custom_1775114906485{padding-bottom: 2rem !important;}&raquo;]<\/p>\n<p data-start=\"1314\" data-end=\"1568\">Daicel er et globalt kjemikonsern med lang erfaring i \u00e5 utvikle innovative materiall\u00f8sninger for industrien. Som en del av Daicel inng\u00e5r Polyplastics, som ble grunnlagt allerede i 1962 og ble Japans f\u00f8rste produsent av avanserte konstruksjonsplaster.<\/p>\n<p data-start=\"1570\" data-end=\"1785\">Med fokus p\u00e5 kvalitet, p\u00e5litelighet og innovasjon arbeider selskapet for \u00e5 v\u00e6re en langsiktig og p\u00e5litelig partner innen konstruksjonsplaster og kontinuerlig m\u00f8te fremtidens krav til materialytelse og b\u00e6rekraft.<\/p>\n<p>[\/vc_column_text][\/vc_column][vc_column css_animation=&raquo;fadeIn&raquo; width=&raquo;1\/2&#8243;][ucaddon_ag_overlay_block ag_overlay_image=&raquo;8404&#8243; ag_overlay_image_font=&raquo;9711&#8243; uc_init_settings=&raquo;&raquo;][\/vc_column][\/vc_row][vc_row css_animation=&raquo;fadeIn&raquo; css=&raquo;.vc_custom_1663093992409{margin-top: 60px !important;margin-bottom: 80px !important;}&raquo;][vc_column width=&raquo;1\/2&#8243; el_class=&raquo;text-col&raquo;][ucaddon_ag_overlay_block ag_overlay_image=&raquo;8393&#8243; ag_overlay_image_font=&raquo;8398&#8243;][\/vc_column][vc_column width=&raquo;1\/2&#8243; el_class=&raquo;desktop-padding&raquo;][ucaddon_ag_title ag_title_slim=&raquo;VmFyZW1lcmtlcg==&raquo; ag_title_bold=&raquo;RFVSQUZJREUlQzIlQUUlMjBvZyUyMExBUEVST1MlQzIlQUU=&raquo; ag_title_font_size=&raquo;45&#8243; ag_title_align=&raquo;left&raquo; ag_titel_border=&raquo;&raquo;][vc_column_text css=&raquo;.vc_custom_1759739167582{padding-bottom: 2rem !important;}&raquo;]<b>DURAFIDE\u00ae <a href=\"https:\/\/mapeplastics.se\/no\/materialer\/polyphenylene-sulphide-pps\/\">PPS<\/a><\/b> er en avansert konstruksjonsplast med h\u00f8y varme- og kjemikalieresistens. Den tilbyr ogs\u00e5 overlegen mekanisk styrke, flammehemmende egenskaper og bedre seighet sammenlignet med konvensjonelle PPS-kvaliteter.<\/p>\n<p><b>LAPEROS\u00ae <a href=\"https:\/\/mapeplastics.se\/no\/materialer\/lcp\/\">LCP<\/a><\/b> er en avansert konstruksjonsplast ideell for design av sv\u00e6rt tynne komponenter. LCP er varmebestandig og har fremragende mekaniske egenskaper.<\/p>\n<p>En unik egenskap ved LCP er at materialets mekaniske styrke \u00f8ker jo tynnere produktet er. Den har dessuten en sv\u00e6rt lav line\u00e6r termisk ekspansjonskoeffisient, n\u00e6r den for metall. LCP brukes ofte i sm\u00e5, tynne elektroniske komponenter i nettbrett og smarttelefoner.[\/vc_column_text][\/vc_column][\/vc_row][vc_row css=&raquo;.vc_custom_1692819208324{padding-bottom: 60px !important;}&raquo;][vc_column][ucaddon_ag_title ag_title_slim=&raquo;TWF0ZXJpYWxkYXRhYmFzZQ==&raquo; ag_title_bold=&raquo;RGFpY2VscyUyMHByb2R1a3Rlcg==&raquo; ag_title_font_size=&raquo;40&#8243; ag_title_align=&raquo;center&raquo; ag_titel_border=&raquo;&raquo; uc_init_settings=&raquo;&raquo;]\r\n        <style>\r\n            .js-ul-prospector-iframe {\r\n                width: 1px;\r\n                min-width: 100%;\r\n            }\r\n        <\/style>\r\n        <iframe class=\"js-ul-prospector-iframe\" src=\"https:\/\/catalog.ulprospector.com\/xquery.aspx?I=75681&amp;QM=100:920&amp;RSCOLS=DYNAMIC&amp;FMT=HOV&amp;CULTURE=en&amp;PGSIZE=10\" frameborder=\"0\" allowfullscreen=\"false\" scrolling=\"yes\" loading=\"lazy\"><\/iframe>\r\n        <script>\r\n            jQuery(window).on(\"load\", function () {\r\n                if (!window.mapeChildUlProspectorIframeResizerInit) {\r\n                    console.log(\"Init UL Iframe Resizer\");\r\n                    iFrameResize({ log: false, scrolling: \"omit\" }, \".js-ul-prospector-iframe\");\r\n                    window.mapeChildUlProspectorIframeResizerInit = true;\r\n                }\r\n            });\r\n        <\/script>\r\n    [\/vc_column][\/vc_row][vc_row css=&raquo;.vc_custom_1647351943677{padding-top: 50px !important;padding-bottom: 60px !important;background-color: #f9f9f9 !important;}&raquo;][vc_column][ucaddon_ag_title ag_title_slim=&raquo;T1BQREFHJTIwREFJQ0VM&raquo; ag_title_bold=&raquo;TEVTJTIwTUVS&raquo; ag_title_font_size=&raquo;45&#8243; ag_title_align=&raquo;center&raquo; ag_titel_border=&raquo;&raquo; uc_init_settings=&raquo;&raquo;][vc_empty_space height=&raquo;30px&raquo;][vc_row_inner gap=&raquo;30&#8243; el_class=&raquo;usp-row&raquo;][vc_column_inner el_class=&raquo;cta-col&raquo; width=&raquo;1\/3&#8243; css=&raquo;.vc_custom_1647427402135{padding-top: 0px !important;background-color: #ffffff !important;}&raquo;][vc_single_image image=&raquo;9701&#8243; img_size=&raquo;full&raquo; onclick=&raquo;custom_link&raquo; img_link_target=&raquo;_blank&raquo; el_class=&raquo;cta-img&raquo; link=&raquo;https:\/\/hpps.daicel.com\/global\/s\/?language=en_US&raquo;][vc_custom_heading text=&raquo;DAICEL WEBSITE&raquo; font_container=&raquo;tag:h3|text_align:left&raquo; use_theme_fonts=&raquo;yes&raquo; el_class=&raquo;rubrik-mape&raquo; css=&raquo;.vc_custom_1775115024001{padding-left: 15px !important;}&raquo; link=&raquo;url:https%3A%2F%2Fhpps.daicel.com%2Fglobal%2Fs%2F%3Flanguage%3Den_US|target:_blank&raquo;][vc_column_text el_class=&raquo;under-rubrik-mape&raquo; css=&raquo;.vc_custom_1775115035313{padding-left: 15px !important;}&raquo;]<a href=\"https:\/\/hpps.daicel.com\/global\/s\/?language=en_US\" target=\"_blank\" rel=\"noopener\">Bes\u00f8k daicel.com<\/a>[\/vc_column_text][vc_empty_space height=&raquo;30px&raquo;][\/vc_column_inner][vc_column_inner el_class=&raquo;cta-col&raquo; width=&raquo;1\/3&#8243; css=&raquo;.vc_custom_1647352243868{padding-top: 0px !important;background-color: #ffffff !important;}&raquo;][vc_single_image image=&raquo;7705&#8243; img_size=&raquo;full&raquo; onclick=&raquo;custom_link&raquo; img_link_target=&raquo;_blank&raquo; el_class=&raquo;cta-img&raquo; link=&raquo;https:\/\/mapeplastics.se\/no\/materialer\/&raquo;][vc_custom_heading text=&raquo;MATERIALDATABASE&raquo; font_container=&raquo;tag:h3|text_align:left&raquo; use_theme_fonts=&raquo;yes&raquo; el_class=&raquo;rubrik-mape&raquo; css=&raquo;.vc_custom_1759739209662{padding-left: 15px !important;}&raquo; link=&raquo;url:https%3A%2F%2Fmapeplastics.se%2Fno%2Fmaterialer%2F&raquo;][vc_column_text el_class=&raquo;under-rubrik-mape&raquo; css=&raquo;.vc_custom_1759739233515{padding-left: 15px !important;}&raquo;]<a href=\"https:\/\/mapeplastics.se\/no\/materialer\/\" target=\"_blank\" rel=\"noopener\">Utforsk v\u00e5r database<\/a>[\/vc_column_text][vc_empty_space height=&raquo;30px&raquo;][\/vc_column_inner][vc_column_inner el_class=&raquo;cta-col&raquo; width=&raquo;1\/3&#8243; css=&raquo;.vc_custom_1647351040630{padding-top: 0px !important;background-color: #ffffff !important;}&raquo;][vc_single_image image=&raquo;8182&#8243; img_size=&raquo;full&raquo; onclick=&raquo;custom_link&raquo; img_link_target=&raquo;_blank&raquo; el_class=&raquo;cta-img&raquo; link=&raquo;mailto:per@mapeplastics.se&raquo;][vc_custom_heading text=&raquo;VIL DU VITE MER?&raquo; font_container=&raquo;tag:h3|text_align:left&raquo; use_theme_fonts=&raquo;yes&raquo; el_class=&raquo;rubrik-mape&raquo; css=&raquo;.vc_custom_1759739256505{padding-left: 15px !important;}&raquo; link=&raquo;url:mailto%3Aper%40mapeplastics.se&raquo;][vc_column_text el_class=&raquo;under-rubrik-mape&raquo; css=&raquo;.vc_custom_1759739265785{padding-left: 15px !important;}&raquo;]<a href=\"mailto:per@mapeplastics.se\">KONTAKT PER WALDENSTR\u00d6M<\/a>[\/vc_column_text][vc_empty_space height=&raquo;30px&raquo;][\/vc_column_inner][\/vc_row_inner][\/vc_column][\/vc_row][vc_row][vc_column][vc_column_text] [\/vc_column_text][\/vc_column][\/vc_row]<\/p>\n<\/section>","protected":false},"excerpt":{"rendered":"<p>[vc_row fullwidth=&raquo;1&#8243;][vc_column][ucaddon_ag_sub_hero ag_sh_text_small=&raquo;V\u00e5re partnere&raquo; ag_sh_text=&raquo;DAICEL&raquo; ag_sub_hero_par=&raquo;RGFpY2VsJTIwdXR2aWtsZXIlMjBhdmFuc2VydGUlMjBrb25zdHJ1a3Nqb25zcGxhc3RlciUyMHVuZGVyJTIwdmFyZW1lcmtlbmUlMjBEVVJBRklERSVDMiVBRSUyMCUyOFBQUyUyOSUyMG9nJTIwTEFQRVJPUyVDMiVBRSUyMCUyOExDUCUyOS4=&raquo; ag_sh_tag=&raquo;h1&#8243; uc_init_settings=&raquo;&raquo;][\/vc_column][\/vc_row][vc_row css_animation=&raquo;none&raquo; css=&raquo;.vc_custom_1663093872195{padding-top: 40px !important;padding-bottom: 40px !important;}&raquo;][vc_column css_animation=&raquo;fadeIn&raquo; width=&raquo;1\/2&#8243; el_class=&raquo;standard-padding&raquo;][vc_empty_space height=&raquo;120px&raquo;][ucaddon_ag_title ag_title_slim=&raquo;RGFpY2Vs&raquo; ag_title_bold=&raquo;TGVkZW5kZSUyMHAlQzMlQTUlMjAlM0NESVYlM0UlMjBQUFMlMjBvZyUyMExDUA==&raquo; ag_title_font_size=&raquo;45&#8243; ag_title_align=&raquo;left&raquo; ag_titel_border=&raquo;&raquo; uc_init_settings=&raquo;&raquo;][vc_column_text css=&raquo;.vc_custom_1775114906485{padding-bottom: 2rem !important;}&raquo;] Daicel er et globalt kjemikonsern med lang erfaring i \u00e5 utvikle innovative materiall\u00f8sninger for industrien. Som en del av Daicel inng\u00e5r Polyplastics, som ble grunnlagt allerede i 1962 [&hellip;]<\/p>\n","protected":false},"author":29,"featured_media":0,"parent":775,"menu_order":0,"comment_status":"closed","ping_status":"closed","template":"page-visual-composer.php","meta":{"_mi_skip_tracking":false},"acf":[],"yoast_head":"<!-- This site is optimized with the Yoast SEO plugin v20.7 - https:\/\/yoast.com\/wordpress\/plugins\/seo\/ -->\n<title>DAICEL - Mape Plastics<\/title>\n<meta name=\"robots\" content=\"index, follow, max-snippet:-1, max-image-preview:large, max-video-preview:-1\" \/>\n<link rel=\"canonical\" href=\"https:\/\/mapeplastics.se\/no\/partnere\/daicel\/\" \/>\n<meta property=\"og:locale\" content=\"nb_NO\" \/>\n<meta property=\"og:type\" content=\"article\" \/>\n<meta property=\"og:title\" content=\"DAICEL - Mape Plastics\" \/>\n<meta property=\"og:description\" content=\"[vc_row fullwidth=&raquo;1&#8243;][vc_column][ucaddon_ag_sub_hero ag_sh_text_small=&raquo;V\u00e5re partnere&raquo; ag_sh_text=&raquo;DAICEL&raquo; ag_sub_hero_par=&raquo;RGFpY2VsJTIwdXR2aWtsZXIlMjBhdmFuc2VydGUlMjBrb25zdHJ1a3Nqb25zcGxhc3RlciUyMHVuZGVyJTIwdmFyZW1lcmtlbmUlMjBEVVJBRklERSVDMiVBRSUyMCUyOFBQUyUyOSUyMG9nJTIwTEFQRVJPUyVDMiVBRSUyMCUyOExDUCUyOS4=&raquo; ag_sh_tag=&raquo;h1&#8243; uc_init_settings=&raquo;&raquo;][\/vc_column][\/vc_row][vc_row css_animation=&raquo;none&raquo; css=&raquo;.vc_custom_1663093872195{padding-top: 40px !important;padding-bottom: 40px !important;}&raquo;][vc_column css_animation=&raquo;fadeIn&raquo; width=&raquo;1\/2&#8243; el_class=&raquo;standard-padding&raquo;][vc_empty_space height=&raquo;120px&raquo;][ucaddon_ag_title ag_title_slim=&raquo;RGFpY2Vs&raquo; ag_title_bold=&raquo;TGVkZW5kZSUyMHAlQzMlQTUlMjAlM0NESVYlM0UlMjBQUFMlMjBvZyUyMExDUA==&raquo; ag_title_font_size=&raquo;45&#8243; ag_title_align=&raquo;left&raquo; ag_titel_border=&raquo;&raquo; uc_init_settings=&raquo;&raquo;][vc_column_text css=&raquo;.vc_custom_1775114906485{padding-bottom: 2rem !important;}&raquo;] Daicel er et globalt kjemikonsern med lang erfaring i \u00e5 utvikle innovative materiall\u00f8sninger for industrien. Som en del av Daicel inng\u00e5r Polyplastics, som ble grunnlagt allerede i 1962 [&hellip;]\" \/>\n<meta property=\"og:url\" content=\"https:\/\/mapeplastics.se\/no\/partnere\/daicel\/\" \/>\n<meta property=\"og:site_name\" content=\"Mape Plastics\" \/>\n<meta property=\"article:modified_time\" content=\"2026-04-02T07:30:40+00:00\" \/>\n<meta name=\"twitter:card\" content=\"summary_large_image\" \/>\n<meta name=\"twitter:label1\" content=\"Ansl. lesetid\" \/>\n\t<meta name=\"twitter:data1\" content=\"2 minutter\" \/>\n<script type=\"application\/ld+json\" class=\"yoast-schema-graph\">{\"@context\":\"https:\/\/schema.org\",\"@graph\":[{\"@type\":\"WebPage\",\"@id\":\"https:\/\/mapeplastics.se\/no\/partnere\/daicel\/\",\"url\":\"https:\/\/mapeplastics.se\/no\/partnere\/daicel\/\",\"name\":\"DAICEL - Mape Plastics\",\"isPartOf\":{\"@id\":\"https:\/\/mapeplastics.se\/no\/#website\"},\"datePublished\":\"2025-10-06T08:13:47+00:00\",\"dateModified\":\"2026-04-02T07:30:40+00:00\",\"breadcrumb\":{\"@id\":\"https:\/\/mapeplastics.se\/no\/partnere\/daicel\/#breadcrumb\"},\"inLanguage\":\"nb-NO\",\"potentialAction\":[{\"@type\":\"ReadAction\",\"target\":[\"https:\/\/mapeplastics.se\/no\/partnere\/daicel\/\"]}]},{\"@type\":\"BreadcrumbList\",\"@id\":\"https:\/\/mapeplastics.se\/no\/partnere\/daicel\/#breadcrumb\",\"itemListElement\":[{\"@type\":\"ListItem\",\"position\":1,\"name\":\"Hem\",\"item\":\"https:\/\/mapeplastics.se\/no\/\"},{\"@type\":\"ListItem\",\"position\":2,\"name\":\"Partnere\",\"item\":\"https:\/\/mapeplastics.se\/no\/partnere\/\"},{\"@type\":\"ListItem\",\"position\":3,\"name\":\"DAICEL\"}]},{\"@type\":\"WebSite\",\"@id\":\"https:\/\/mapeplastics.se\/no\/#website\",\"url\":\"https:\/\/mapeplastics.se\/no\/\",\"name\":\"Mape Plastics\",\"description\":\"\",\"potentialAction\":[{\"@type\":\"SearchAction\",\"target\":{\"@type\":\"EntryPoint\",\"urlTemplate\":\"https:\/\/mapeplastics.se\/no\/?s={search_term_string}\"},\"query-input\":\"required name=search_term_string\"}],\"inLanguage\":\"nb-NO\"}]}<\/script>\n<!-- \/ Yoast SEO plugin. -->","yoast_head_json":{"title":"DAICEL - Mape Plastics","robots":{"index":"index","follow":"follow","max-snippet":"max-snippet:-1","max-image-preview":"max-image-preview:large","max-video-preview":"max-video-preview:-1"},"canonical":"https:\/\/mapeplastics.se\/no\/partnere\/daicel\/","og_locale":"nb_NO","og_type":"article","og_title":"DAICEL - Mape Plastics","og_description":"[vc_row fullwidth=&raquo;1&#8243;][vc_column][ucaddon_ag_sub_hero ag_sh_text_small=&raquo;V\u00e5re partnere&raquo; ag_sh_text=&raquo;DAICEL&raquo; ag_sub_hero_par=&raquo;RGFpY2VsJTIwdXR2aWtsZXIlMjBhdmFuc2VydGUlMjBrb25zdHJ1a3Nqb25zcGxhc3RlciUyMHVuZGVyJTIwdmFyZW1lcmtlbmUlMjBEVVJBRklERSVDMiVBRSUyMCUyOFBQUyUyOSUyMG9nJTIwTEFQRVJPUyVDMiVBRSUyMCUyOExDUCUyOS4=&raquo; ag_sh_tag=&raquo;h1&#8243; uc_init_settings=&raquo;&raquo;][\/vc_column][\/vc_row][vc_row css_animation=&raquo;none&raquo; css=&raquo;.vc_custom_1663093872195{padding-top: 40px !important;padding-bottom: 40px !important;}&raquo;][vc_column css_animation=&raquo;fadeIn&raquo; width=&raquo;1\/2&#8243; el_class=&raquo;standard-padding&raquo;][vc_empty_space height=&raquo;120px&raquo;][ucaddon_ag_title ag_title_slim=&raquo;RGFpY2Vs&raquo; ag_title_bold=&raquo;TGVkZW5kZSUyMHAlQzMlQTUlMjAlM0NESVYlM0UlMjBQUFMlMjBvZyUyMExDUA==&raquo; ag_title_font_size=&raquo;45&#8243; ag_title_align=&raquo;left&raquo; ag_titel_border=&raquo;&raquo; uc_init_settings=&raquo;&raquo;][vc_column_text css=&raquo;.vc_custom_1775114906485{padding-bottom: 2rem !important;}&raquo;] Daicel er et globalt kjemikonsern med lang erfaring i \u00e5 utvikle innovative materiall\u00f8sninger for industrien. Som en del av Daicel inng\u00e5r Polyplastics, som ble grunnlagt allerede i 1962 [&hellip;]","og_url":"https:\/\/mapeplastics.se\/no\/partnere\/daicel\/","og_site_name":"Mape Plastics","article_modified_time":"2026-04-02T07:30:40+00:00","twitter_card":"summary_large_image","twitter_misc":{"Ansl. lesetid":"2 minutter"},"schema":{"@context":"https:\/\/schema.org","@graph":[{"@type":"WebPage","@id":"https:\/\/mapeplastics.se\/no\/partnere\/daicel\/","url":"https:\/\/mapeplastics.se\/no\/partnere\/daicel\/","name":"DAICEL - Mape Plastics","isPartOf":{"@id":"https:\/\/mapeplastics.se\/no\/#website"},"datePublished":"2025-10-06T08:13:47+00:00","dateModified":"2026-04-02T07:30:40+00:00","breadcrumb":{"@id":"https:\/\/mapeplastics.se\/no\/partnere\/daicel\/#breadcrumb"},"inLanguage":"nb-NO","potentialAction":[{"@type":"ReadAction","target":["https:\/\/mapeplastics.se\/no\/partnere\/daicel\/"]}]},{"@type":"BreadcrumbList","@id":"https:\/\/mapeplastics.se\/no\/partnere\/daicel\/#breadcrumb","itemListElement":[{"@type":"ListItem","position":1,"name":"Hem","item":"https:\/\/mapeplastics.se\/no\/"},{"@type":"ListItem","position":2,"name":"Partnere","item":"https:\/\/mapeplastics.se\/no\/partnere\/"},{"@type":"ListItem","position":3,"name":"DAICEL"}]},{"@type":"WebSite","@id":"https:\/\/mapeplastics.se\/no\/#website","url":"https:\/\/mapeplastics.se\/no\/","name":"Mape Plastics","description":"","potentialAction":[{"@type":"SearchAction","target":{"@type":"EntryPoint","urlTemplate":"https:\/\/mapeplastics.se\/no\/?s={search_term_string}"},"query-input":"required name=search_term_string"}],"inLanguage":"nb-NO"}]}},"_links":{"self":[{"href":"https:\/\/mapeplastics.se\/no\/wp-json\/wp\/v2\/pages\/8548"}],"collection":[{"href":"https:\/\/mapeplastics.se\/no\/wp-json\/wp\/v2\/pages"}],"about":[{"href":"https:\/\/mapeplastics.se\/no\/wp-json\/wp\/v2\/types\/page"}],"author":[{"embeddable":true,"href":"https:\/\/mapeplastics.se\/no\/wp-json\/wp\/v2\/users\/29"}],"replies":[{"embeddable":true,"href":"https:\/\/mapeplastics.se\/no\/wp-json\/wp\/v2\/comments?post=8548"}],"version-history":[{"count":7,"href":"https:\/\/mapeplastics.se\/no\/wp-json\/wp\/v2\/pages\/8548\/revisions"}],"predecessor-version":[{"id":9731,"href":"https:\/\/mapeplastics.se\/no\/wp-json\/wp\/v2\/pages\/8548\/revisions\/9731"}],"up":[{"embeddable":true,"href":"https:\/\/mapeplastics.se\/no\/wp-json\/wp\/v2\/pages\/775"}],"wp:attachment":[{"href":"https:\/\/mapeplastics.se\/no\/wp-json\/wp\/v2\/media?parent=8548"}],"curies":[{"name":"wp","href":"https:\/\/api.w.org\/{rel}","templated":true}]}}