{"id":8856,"date":"2025-10-17T10:18:45","date_gmt":"2025-10-17T08:18:45","guid":{"rendered":"https:\/\/mapeplastics.se\/amboflour\/"},"modified":"2026-02-20T09:36:29","modified_gmt":"2026-02-20T08:36:29","slug":"ambofluor","status":"publish","type":"page","link":"https:\/\/mapeplastics.se\/no\/ambofluor\/","title":{"rendered":"AMBOFLUOR"},"content":{"rendered":"<section class=\"wpb-content-wrapper\"><p>[vc_row fullwidth=&raquo;1&#8243;][vc_column][ucaddon_ag_sub_hero ag_sh_text_small=&raquo;V\u00e5re partnere&raquo; ag_sh_text=&raquo;AMBOFLUOR&raquo; ag_sub_hero_par=&raquo;RGVuJTIwdHlza2UlMjBsZXZlcmFuZCVDMyVCOHJlbiUyMEFtYm9mbHVvciUyMGVyJTIwZW4lMjBsZWRlbmRlJTIwZWtzcGVydCUyMHAlQzMlQTUlMjBmbHVvcnBsYXN0ZXIuJTIwRGVyZXMlMjBtZXJrZSUyMGFtYm9mbG9uJUMyJUFFJTIwdGlsYnlyJTIwZXQlMjBicmVkdCUyMHNvcnRpbWVudCUyMGF2JTIwUFZERiUyQyUyMEVURkUlMkMlMjBGRVAlMjBvZyUyMFBGQS4=&raquo; ag_sh_tag=&raquo;h1&#8243;][\/vc_column][\/vc_row][vc_row css_animation=&raquo;none&raquo; css=&raquo;.vc_custom_1663093872195{padding-top: 40px !important;padding-bottom: 40px !important;}&raquo;][vc_column css_animation=&raquo;fadeIn&raquo; width=&raquo;1\/2&#8243; el_class=&raquo;standard-padding&raquo;][vc_empty_space height=&raquo;120px&raquo;][ucaddon_ag_title ag_title_slim=&raquo;QU1CT0ZMVU9S&raquo; ag_title_bold=&raquo;RWtzcGVydCUyMHAlQzMlQTUlMjBmbHVvcnBvbHltZXJlcg==&raquo; ag_title_font_size=&raquo;45&#8243; ag_title_align=&raquo;left&raquo; ag_titel_border=&raquo;&raquo;][vc_column_text css=&raquo;.vc_custom_1760945381866{padding-bottom: 2rem !important;}&raquo;]V\u00e5r partner Ambofluor, basert i Tyskland, er en ledende ekspert innen fluorplast med mer enn ti \u00e5rs erfaring i bransjen.<\/p>\n<p>Siden oppstarten har selskapet levert over 6 000 tonn h\u00f8ykvalitetsmaterialer til kunder over hele verden.<br data-start=\"4047\" data-end=\"4050\" \/>Ambofluor er kjent for sin p\u00e5litelighet, produktkvalitet og tekniske kompetanse, og samarbeider med bransjer som bilindustri, kjemi og prosessteknikk, elektronikk, medisin og n\u00e6ringsmiddelindustri.<\/p>\n<p>Som et REACH-registrert selskap sikrer Ambofluor h\u00f8yeste standard for sikkerhet og milj\u00f8ansvar. Alle produkter oppfyller EUs krav og er st\u00f8ttet av n\u00f8dvendige sertifiseringer.[\/vc_column_text][\/vc_column][vc_column css_animation=&raquo;fadeIn&raquo; width=&raquo;1\/2&#8243;][ucaddon_ag_overlay_block ag_overlay_image=&raquo;8793&#8243; ag_overlay_image_font=&raquo;8782&#8243;][\/vc_column][\/vc_row][vc_row css_animation=&raquo;fadeIn&raquo; css=&raquo;.vc_custom_1663093992409{margin-top: 60px !important;margin-bottom: 80px !important;}&raquo;][vc_column width=&raquo;1\/2&#8243; el_class=&raquo;text-col&raquo;][ucaddon_ag_overlay_block ag_overlay_image=&raquo;8799&#8243; ag_overlay_image_font=&raquo;8787&#8243;][\/vc_column][vc_column width=&raquo;1\/2&#8243; el_class=&raquo;desktop-padding&raquo;][ucaddon_ag_title ag_title_slim=&raquo;VmFyZW1lcmtl&raquo; ag_title_bold=&raquo;YW1ib2Zsb24lQzIlQUU=&raquo; ag_title_font_size=&raquo;45&#8243; ag_title_align=&raquo;left&raquo; ag_titel_border=&raquo;&raquo; uc_init_settings=&raquo;&raquo;][vc_column_text css=&raquo;.vc_custom_1771576587429{padding-bottom: 2rem !important;}&raquo;]<\/p>\n<p data-start=\"2875\" data-end=\"3480\">Under varemerket amboflon\u00ae tilbyr Ambofluor et bredt utvalg av jomfruelige og resirkulerte fluorpolymerer, fullt REACH-kompatible.<\/p>\n<p data-start=\"2875\" data-end=\"3480\">Disse h\u00f8ytytende materialene er utviklet for krevende milj\u00f8er med h\u00f8ye temperaturer, kjemisk eksponering og UV-p\u00e5virkning.\u00a0Deres non-stick-egenskaper, lave permeabilitet og flammebestandighet gj\u00f8r amboflon\u00ae til et p\u00e5litelig valg for mange bruksomr\u00e5der.<\/p>\n<p data-start=\"2875\" data-end=\"3480\">Produktportef\u00f8ljen omfatter PVDF, ETFE, FEP og PFA for ekstrudering og spr\u00f8ytest\u00f8ping. B\u00e5de jomfruelige og resirkulerte materialer er tilgjengelige, med kundetilpassede farger.<\/p>\n<p>[\/vc_column_text][\/vc_column][\/vc_row][vc_row css=&raquo;.vc_custom_1647351943677{padding-top: 50px !important;padding-bottom: 60px !important;background-color: #f9f9f9 !important;}&raquo;][vc_column][ucaddon_ag_title ag_title_slim=&raquo;QU1CT0ZMVU9S&raquo; ag_title_bold=&raquo;VXRmb3JzayUyMG1lcg==&raquo; ag_title_font_size=&raquo;45&#8243; ag_title_align=&raquo;center&raquo; ag_titel_border=&raquo;&raquo;][vc_empty_space height=&raquo;30px&raquo;][vc_row_inner gap=&raquo;30&#8243; el_class=&raquo;usp-row&raquo;][vc_column_inner el_class=&raquo;cta-col&raquo; width=&raquo;1\/3&#8243; css=&raquo;.vc_custom_1647427402135{padding-top: 0px !important;background-color: #ffffff !important;}&raquo;][vc_single_image image=&raquo;8818&#8243; img_size=&raquo;full&raquo; onclick=&raquo;custom_link&raquo; img_link_target=&raquo;_blank&raquo; el_class=&raquo;cta-img&raquo; link=&raquo;https:\/\/www.ambofluor.de&raquo;][vc_custom_heading text=&raquo;AMBOFLUOR NETTSTED&raquo; font_container=&raquo;tag:h3|text_align:left&raquo; use_theme_fonts=&raquo;yes&raquo; el_class=&raquo;rubrik-mape&raquo; css=&raquo;.vc_custom_1768549577080{padding-left: 15px !important;}&raquo; link=&raquo;url:https%3A%2F%2Fwww.ambofluor.de|target:_blank&raquo;][vc_column_text el_class=&raquo;under-rubrik-mape&raquo; css=&raquo;.vc_custom_1768549591583{padding-left: 15px !important;}&raquo;]<a href=\"https:\/\/www.ambofluor.de\" target=\"_blank\" rel=\"noopener\">Bes\u00f8k ambofluor.de<\/a>[\/vc_column_text][vc_empty_space height=&raquo;30px&raquo;][\/vc_column_inner][vc_column_inner el_class=&raquo;cta-col&raquo; width=&raquo;1\/3&#8243; css=&raquo;.vc_custom_1647352243868{padding-top: 0px !important;background-color: #ffffff !important;}&raquo;][vc_single_image image=&raquo;8823&#8243; img_size=&raquo;full&raquo; onclick=&raquo;custom_link&raquo; img_link_target=&raquo;_blank&raquo; el_class=&raquo;cta-img&raquo; link=&raquo;https:\/\/www.ambofluor.de\/produkte\/pvdf\/&raquo;][vc_custom_heading text=&raquo;AMBOFLON\u00ae PVDF&raquo; font_container=&raquo;tag:h3|text_align:left&raquo; use_theme_fonts=&raquo;yes&raquo; el_class=&raquo;rubrik-mape&raquo; css=&raquo;.vc_custom_1760688578925{padding-left: 15px !important;}&raquo; link=&raquo;url:https%3A%2F%2Fwww.ambofluor.de%2Fprodukte%2Fpvdf%2F|target:_blank&raquo;][vc_column_text el_class=&raquo;under-rubrik-mape&raquo; css=&raquo;.vc_custom_1760945520586{padding-left: 15px !important;}&raquo;]<a href=\"https:\/\/www.ambofluor.de\/produkte\/pvdf\/\" target=\"_blank\" rel=\"noopener\">Utforsk mer<\/a>[\/vc_column_text][vc_empty_space height=&raquo;30px&raquo;][\/vc_column_inner][vc_column_inner el_class=&raquo;cta-col&raquo; width=&raquo;1\/3&#8243; css=&raquo;.vc_custom_1647351040630{padding-top: 0px !important;background-color: #ffffff !important;}&raquo;][vc_single_image image=&raquo;2061&#8243; img_size=&raquo;full&raquo; onclick=&raquo;custom_link&raquo; img_link_target=&raquo;_blank&raquo; el_class=&raquo;cta-img&raquo; link=&raquo;https:\/\/calendly.com\/mapeplastics\/lets-talk-plastics-per?month=2025-10&#8243;][vc_custom_heading text=&raquo;LET&#8217;S TALK PLASTICS&raquo; font_container=&raquo;tag:h3|text_align:left&raquo; use_theme_fonts=&raquo;yes&raquo; el_class=&raquo;rubrik-mape&raquo; css=&raquo;.vc_custom_1760689042818{padding-left: 15px !important;}&raquo; link=&raquo;url:https%3A%2F%2Fcalendly.com%2Fmapeplastics%2Flets-talk-plastics-per%3Fmonth%3D2025-10|target:_blank&raquo;][vc_column_text el_class=&raquo;under-rubrik-mape&raquo; css=&raquo;.vc_custom_1760945497562{padding-left: 15px !important;}&raquo;]<a href=\"https:\/\/calendly.com\/mapeplastics\/lets-talk-plastics-per?month=2025-10\" target=\"_blank\" rel=\"noopener\">BOOK M\u00d8TE MED PER<\/a>[\/vc_column_text][vc_empty_space height=&raquo;30px&raquo;][\/vc_column_inner][\/vc_row_inner][\/vc_column][\/vc_row]<\/p>\n<\/section>","protected":false},"excerpt":{"rendered":"<p>[vc_row fullwidth=&raquo;1&#8243;][vc_column][ucaddon_ag_sub_hero ag_sh_text_small=&raquo;V\u00e5re partnere&raquo; ag_sh_text=&raquo;AMBOFLUOR&raquo; ag_sub_hero_par=&raquo;RGVuJTIwdHlza2UlMjBsZXZlcmFuZCVDMyVCOHJlbiUyMEFtYm9mbHVvciUyMGVyJTIwZW4lMjBsZWRlbmRlJTIwZWtzcGVydCUyMHAlQzMlQTUlMjBmbHVvcnBsYXN0ZXIuJTIwRGVyZXMlMjBtZXJrZSUyMGFtYm9mbG9uJUMyJUFFJTIwdGlsYnlyJTIwZXQlMjBicmVkdCUyMHNvcnRpbWVudCUyMGF2JTIwUFZERiUyQyUyMEVURkUlMkMlMjBGRVAlMjBvZyUyMFBGQS4=&raquo; ag_sh_tag=&raquo;h1&#8243;][\/vc_column][\/vc_row][vc_row css_animation=&raquo;none&raquo; css=&raquo;.vc_custom_1663093872195{padding-top: 40px !important;padding-bottom: 40px !important;}&raquo;][vc_column css_animation=&raquo;fadeIn&raquo; width=&raquo;1\/2&#8243; el_class=&raquo;standard-padding&raquo;][vc_empty_space height=&raquo;120px&raquo;][ucaddon_ag_title ag_title_slim=&raquo;QU1CT0ZMVU9S&raquo; ag_title_bold=&raquo;RWtzcGVydCUyMHAlQzMlQTUlMjBmbHVvcnBvbHltZXJlcg==&raquo; ag_title_font_size=&raquo;45&#8243; ag_title_align=&raquo;left&raquo; ag_titel_border=&raquo;&raquo;][vc_column_text css=&raquo;.vc_custom_1760945381866{padding-bottom: 2rem !important;}&raquo;]V\u00e5r partner Ambofluor, basert i Tyskland, er en ledende ekspert innen fluorplast med mer enn ti \u00e5rs erfaring i bransjen. Siden oppstarten har selskapet levert over 6 000 tonn h\u00f8ykvalitetsmaterialer til [&hellip;]<\/p>\n","protected":false},"author":29,"featured_media":8785,"parent":0,"menu_order":0,"comment_status":"closed","ping_status":"closed","template":"page-visual-composer.php","meta":{"_mi_skip_tracking":false},"acf":[],"yoast_head":"<!-- This site is optimized with the Yoast SEO plugin v20.7 - https:\/\/yoast.com\/wordpress\/plugins\/seo\/ -->\n<title>AMBOFLUOR - Mape Plastics<\/title>\n<meta name=\"robots\" content=\"index, follow, max-snippet:-1, max-image-preview:large, max-video-preview:-1\" \/>\n<link rel=\"canonical\" href=\"https:\/\/mapeplastics.se\/no\/ambofluor\/\" \/>\n<meta property=\"og:locale\" content=\"nb_NO\" \/>\n<meta property=\"og:type\" content=\"article\" \/>\n<meta property=\"og:title\" content=\"AMBOFLUOR - Mape Plastics\" \/>\n<meta property=\"og:description\" content=\"[vc_row fullwidth=&raquo;1&#8243;][vc_column][ucaddon_ag_sub_hero ag_sh_text_small=&raquo;V\u00e5re partnere&raquo; ag_sh_text=&raquo;AMBOFLUOR&raquo; ag_sub_hero_par=&raquo;RGVuJTIwdHlza2UlMjBsZXZlcmFuZCVDMyVCOHJlbiUyMEFtYm9mbHVvciUyMGVyJTIwZW4lMjBsZWRlbmRlJTIwZWtzcGVydCUyMHAlQzMlQTUlMjBmbHVvcnBsYXN0ZXIuJTIwRGVyZXMlMjBtZXJrZSUyMGFtYm9mbG9uJUMyJUFFJTIwdGlsYnlyJTIwZXQlMjBicmVkdCUyMHNvcnRpbWVudCUyMGF2JTIwUFZERiUyQyUyMEVURkUlMkMlMjBGRVAlMjBvZyUyMFBGQS4=&raquo; ag_sh_tag=&raquo;h1&#8243;][\/vc_column][\/vc_row][vc_row css_animation=&raquo;none&raquo; css=&raquo;.vc_custom_1663093872195{padding-top: 40px !important;padding-bottom: 40px !important;}&raquo;][vc_column css_animation=&raquo;fadeIn&raquo; width=&raquo;1\/2&#8243; el_class=&raquo;standard-padding&raquo;][vc_empty_space height=&raquo;120px&raquo;][ucaddon_ag_title ag_title_slim=&raquo;QU1CT0ZMVU9S&raquo; ag_title_bold=&raquo;RWtzcGVydCUyMHAlQzMlQTUlMjBmbHVvcnBvbHltZXJlcg==&raquo; ag_title_font_size=&raquo;45&#8243; ag_title_align=&raquo;left&raquo; ag_titel_border=&raquo;&raquo;][vc_column_text css=&raquo;.vc_custom_1760945381866{padding-bottom: 2rem !important;}&raquo;]V\u00e5r partner Ambofluor, basert i Tyskland, er en ledende ekspert innen fluorplast med mer enn ti \u00e5rs erfaring i bransjen. Siden oppstarten har selskapet levert over 6 000 tonn h\u00f8ykvalitetsmaterialer til [&hellip;]\" \/>\n<meta property=\"og:url\" content=\"https:\/\/mapeplastics.se\/no\/ambofluor\/\" \/>\n<meta property=\"og:site_name\" content=\"Mape Plastics\" \/>\n<meta property=\"article:modified_time\" content=\"2026-02-20T08:36:29+00:00\" \/>\n<meta property=\"og:image\" content=\"https:\/\/mapeplastics.se\/wp-content\/uploads\/2025\/10\/Ambofluor-Lgo-Webben-jpg.png\" \/>\n\t<meta property=\"og:image:width\" content=\"1866\" \/>\n\t<meta property=\"og:image:height\" content=\"1510\" \/>\n\t<meta property=\"og:image:type\" content=\"image\/png\" \/>\n<meta name=\"twitter:card\" content=\"summary_large_image\" \/>\n<meta name=\"twitter:label1\" content=\"Ansl. lesetid\" \/>\n\t<meta name=\"twitter:data1\" content=\"2 minutter\" \/>\n<script type=\"application\/ld+json\" class=\"yoast-schema-graph\">{\"@context\":\"https:\/\/schema.org\",\"@graph\":[{\"@type\":\"WebPage\",\"@id\":\"https:\/\/mapeplastics.se\/no\/ambofluor\/\",\"url\":\"https:\/\/mapeplastics.se\/no\/ambofluor\/\",\"name\":\"AMBOFLUOR - Mape Plastics\",\"isPartOf\":{\"@id\":\"https:\/\/mapeplastics.se\/no\/#website\"},\"datePublished\":\"2025-10-17T08:18:45+00:00\",\"dateModified\":\"2026-02-20T08:36:29+00:00\",\"breadcrumb\":{\"@id\":\"https:\/\/mapeplastics.se\/no\/ambofluor\/#breadcrumb\"},\"inLanguage\":\"nb-NO\",\"potentialAction\":[{\"@type\":\"ReadAction\",\"target\":[\"https:\/\/mapeplastics.se\/no\/ambofluor\/\"]}]},{\"@type\":\"BreadcrumbList\",\"@id\":\"https:\/\/mapeplastics.se\/no\/ambofluor\/#breadcrumb\",\"itemListElement\":[{\"@type\":\"ListItem\",\"position\":1,\"name\":\"Hem\",\"item\":\"https:\/\/mapeplastics.se\/no\/\"},{\"@type\":\"ListItem\",\"position\":2,\"name\":\"AMBOFLUOR\"}]},{\"@type\":\"WebSite\",\"@id\":\"https:\/\/mapeplastics.se\/no\/#website\",\"url\":\"https:\/\/mapeplastics.se\/no\/\",\"name\":\"Mape Plastics\",\"description\":\"\",\"potentialAction\":[{\"@type\":\"SearchAction\",\"target\":{\"@type\":\"EntryPoint\",\"urlTemplate\":\"https:\/\/mapeplastics.se\/no\/?s={search_term_string}\"},\"query-input\":\"required name=search_term_string\"}],\"inLanguage\":\"nb-NO\"}]}<\/script>\n<!-- \/ Yoast SEO plugin. -->","yoast_head_json":{"title":"AMBOFLUOR - Mape Plastics","robots":{"index":"index","follow":"follow","max-snippet":"max-snippet:-1","max-image-preview":"max-image-preview:large","max-video-preview":"max-video-preview:-1"},"canonical":"https:\/\/mapeplastics.se\/no\/ambofluor\/","og_locale":"nb_NO","og_type":"article","og_title":"AMBOFLUOR - Mape Plastics","og_description":"[vc_row fullwidth=&raquo;1&#8243;][vc_column][ucaddon_ag_sub_hero ag_sh_text_small=&raquo;V\u00e5re partnere&raquo; ag_sh_text=&raquo;AMBOFLUOR&raquo; ag_sub_hero_par=&raquo;RGVuJTIwdHlza2UlMjBsZXZlcmFuZCVDMyVCOHJlbiUyMEFtYm9mbHVvciUyMGVyJTIwZW4lMjBsZWRlbmRlJTIwZWtzcGVydCUyMHAlQzMlQTUlMjBmbHVvcnBsYXN0ZXIuJTIwRGVyZXMlMjBtZXJrZSUyMGFtYm9mbG9uJUMyJUFFJTIwdGlsYnlyJTIwZXQlMjBicmVkdCUyMHNvcnRpbWVudCUyMGF2JTIwUFZERiUyQyUyMEVURkUlMkMlMjBGRVAlMjBvZyUyMFBGQS4=&raquo; ag_sh_tag=&raquo;h1&#8243;][\/vc_column][\/vc_row][vc_row css_animation=&raquo;none&raquo; css=&raquo;.vc_custom_1663093872195{padding-top: 40px !important;padding-bottom: 40px !important;}&raquo;][vc_column css_animation=&raquo;fadeIn&raquo; width=&raquo;1\/2&#8243; el_class=&raquo;standard-padding&raquo;][vc_empty_space height=&raquo;120px&raquo;][ucaddon_ag_title ag_title_slim=&raquo;QU1CT0ZMVU9S&raquo; ag_title_bold=&raquo;RWtzcGVydCUyMHAlQzMlQTUlMjBmbHVvcnBvbHltZXJlcg==&raquo; ag_title_font_size=&raquo;45&#8243; ag_title_align=&raquo;left&raquo; ag_titel_border=&raquo;&raquo;][vc_column_text css=&raquo;.vc_custom_1760945381866{padding-bottom: 2rem !important;}&raquo;]V\u00e5r partner Ambofluor, basert i Tyskland, er en ledende ekspert innen fluorplast med mer enn ti \u00e5rs erfaring i bransjen. Siden oppstarten har selskapet levert over 6 000 tonn h\u00f8ykvalitetsmaterialer til [&hellip;]","og_url":"https:\/\/mapeplastics.se\/no\/ambofluor\/","og_site_name":"Mape Plastics","article_modified_time":"2026-02-20T08:36:29+00:00","og_image":[{"width":1866,"height":1510,"url":"https:\/\/mapeplastics.se\/wp-content\/uploads\/2025\/10\/Ambofluor-Lgo-Webben-jpg.png","type":"image\/png"}],"twitter_card":"summary_large_image","twitter_misc":{"Ansl. lesetid":"2 minutter"},"schema":{"@context":"https:\/\/schema.org","@graph":[{"@type":"WebPage","@id":"https:\/\/mapeplastics.se\/no\/ambofluor\/","url":"https:\/\/mapeplastics.se\/no\/ambofluor\/","name":"AMBOFLUOR - Mape Plastics","isPartOf":{"@id":"https:\/\/mapeplastics.se\/no\/#website"},"datePublished":"2025-10-17T08:18:45+00:00","dateModified":"2026-02-20T08:36:29+00:00","breadcrumb":{"@id":"https:\/\/mapeplastics.se\/no\/ambofluor\/#breadcrumb"},"inLanguage":"nb-NO","potentialAction":[{"@type":"ReadAction","target":["https:\/\/mapeplastics.se\/no\/ambofluor\/"]}]},{"@type":"BreadcrumbList","@id":"https:\/\/mapeplastics.se\/no\/ambofluor\/#breadcrumb","itemListElement":[{"@type":"ListItem","position":1,"name":"Hem","item":"https:\/\/mapeplastics.se\/no\/"},{"@type":"ListItem","position":2,"name":"AMBOFLUOR"}]},{"@type":"WebSite","@id":"https:\/\/mapeplastics.se\/no\/#website","url":"https:\/\/mapeplastics.se\/no\/","name":"Mape Plastics","description":"","potentialAction":[{"@type":"SearchAction","target":{"@type":"EntryPoint","urlTemplate":"https:\/\/mapeplastics.se\/no\/?s={search_term_string}"},"query-input":"required name=search_term_string"}],"inLanguage":"nb-NO"}]}},"_links":{"self":[{"href":"https:\/\/mapeplastics.se\/no\/wp-json\/wp\/v2\/pages\/8856"}],"collection":[{"href":"https:\/\/mapeplastics.se\/no\/wp-json\/wp\/v2\/pages"}],"about":[{"href":"https:\/\/mapeplastics.se\/no\/wp-json\/wp\/v2\/types\/page"}],"author":[{"embeddable":true,"href":"https:\/\/mapeplastics.se\/no\/wp-json\/wp\/v2\/users\/29"}],"replies":[{"embeddable":true,"href":"https:\/\/mapeplastics.se\/no\/wp-json\/wp\/v2\/comments?post=8856"}],"version-history":[{"count":5,"href":"https:\/\/mapeplastics.se\/no\/wp-json\/wp\/v2\/pages\/8856\/revisions"}],"predecessor-version":[{"id":9519,"href":"https:\/\/mapeplastics.se\/no\/wp-json\/wp\/v2\/pages\/8856\/revisions\/9519"}],"wp:featuredmedia":[{"embeddable":true,"href":"https:\/\/mapeplastics.se\/no\/wp-json\/wp\/v2\/media\/8785"}],"wp:attachment":[{"href":"https:\/\/mapeplastics.se\/no\/wp-json\/wp\/v2\/media?parent=8856"}],"curies":[{"name":"wp","href":"https:\/\/api.w.org\/{rel}","templated":true}]}}